{"id":54737,"date":"2024-07-10T15:11:52","date_gmt":"2024-07-10T13:11:52","guid":{"rendered":"https:\/\/cerdanya.org\/que-faire\/turisme-de-natura\/miradors-de-la-cerdanya\/coll-de-la-creu-del-barret\/"},"modified":"2024-07-11T13:08:50","modified_gmt":"2024-07-11T11:08:50","slug":"coll-de-la-creu-del-barret","status":"publish","type":"page","link":"https:\/\/cerdanya.org\/fr\/que-faire\/tourisme-de-nature\/belvederes-de-la-cerdanya\/coll-de-la-creu-del-barret\/","title":{"rendered":"Coll de la Creu del Barret"},"content":{"rendered":"<div id='av_section_1'  class='avia-section av-dorhxw-6cceb5e00495bdbf5094cca6ade332b7 main_color avia-section-default avia-no-border-styling  avia-builder-el-0  avia-builder-el-no-sibling  avia-bg-style-scroll container_wrap fullsize'  ><div class='container av-section-cont-open' ><main  role=\"main\" itemprop=\"mainContentOfPage\"  class='template-page content  av-content-full alpha units'><div class='post-entry post-entry-type-page post-entry-54737'><div class='entry-content-wrapper clearfix'>\n\n<style type=\"text\/css\" data-created_by=\"avia_inline_auto\" id=\"style-css-av-3ipwp1w-3e1e103121f22fe591794d32f906f4b0\">\n.flex_column.av-3ipwp1w-3e1e103121f22fe591794d32f906f4b0{\nborder-radius:0px 0px 0px 0px;\npadding:0px 0px 0px 0px;\n}\n<\/style>\n<div  class='flex_column av-3ipwp1w-3e1e103121f22fe591794d32f906f4b0 av_one_full  avia-builder-el-1  el_before_av_one_half  avia-builder-el-first  first flex_column_div av-zero-column-padding  '     ><style type=\"text\/css\" data-created_by=\"avia_inline_auto\" id=\"style-css-av-lyfupif7-97c44ce100bec37a77239422df530fbf\">\n#top .av-special-heading.av-lyfupif7-97c44ce100bec37a77239422df530fbf{\npadding-bottom:10px;\n}\nbody .av-special-heading.av-lyfupif7-97c44ce100bec37a77239422df530fbf .av-special-heading-tag .heading-char{\nfont-size:25px;\n}\n.av-special-heading.av-lyfupif7-97c44ce100bec37a77239422df530fbf .av-subheading{\nfont-size:15px;\n}\n<\/style>\n<div  class='av-special-heading av-lyfupif7-97c44ce100bec37a77239422df530fbf av-special-heading-h1  avia-builder-el-2  avia-builder-el-no-sibling  av-linked-heading'><h1 class='av-special-heading-tag '  itemprop=\"headline\"  >Coll de la Creu del Barret<\/h1><div class=\"special-heading-border\"><div class=\"special-heading-inner-border\"><\/div><\/div><\/div><\/div>\n<style type=\"text\/css\" data-created_by=\"avia_inline_auto\" id=\"style-css-av-2y300es-5df2bb04fa5ab398bf53727c00e8380b\">\n.flex_column.av-2y300es-5df2bb04fa5ab398bf53727c00e8380b{\nwidth:48%;\nborder-radius:0px 0px 0px 0px;\npadding:0px 0px 0px 0px;\n}\n<\/style>\n<div  class='flex_column av-2y300es-5df2bb04fa5ab398bf53727c00e8380b av_one_half  avia-builder-el-3  el_after_av_one_full  el_before_av_one_half  first flex_column_div av-zero-column-padding  column-top-margin'     ><section  class='av_textblock_section av-lyfur8td-d3a704fe37286b2d5a53c07914b7e2d4 '   itemscope=\"itemscope\" itemtype=\"https:\/\/schema.org\/CreativeWork\" ><div class='avia_textblock'  itemprop=\"text\" ><p><strong>EMD:<\/strong> Pi<\/p>\n<p><strong>Coordonn\u00e9es:<\/strong> 42.31807, 1.76408<\/p>\n<p><strong>Altitude:<\/strong> 1.568 m<\/p>\n<p><strong>R\u00e9seau mobile:<\/strong> Oui<\/p>\n<p><strong>Description de l&rsquo;acc\u00e8s:<\/strong> Acc\u00e8s par un sentier de montagne, avec un fort d\u00e9nivel\u00e9. En partant de Santa Magdalena, nous monterons fermement vers le sud dans la Serra de l&rsquo;Artic, jusqu&rsquo;\u00e0 Coll de Jovell. A partir de l\u00e0, le chemin, plus plat, nous emm\u00e8nera apr\u00e8s une marche de 1h30 jusqu&rsquo;au Coll de la Creu del Barret, o\u00f9 au nord nous pourrons appr\u00e9cier les vues sur des rochers.<\/p>\n<p><strong>Description des \u00e9quipements disponibles:<\/strong> C&rsquo;est un col de montagne, avec un peu de p\u00e2turage entre la for\u00eat de pins rouges.<\/p>\n<p><strong>Accessibilit\u00e9 aux personnes \u00e0 mobilit\u00e9 r\u00e9duite:<\/strong> Il n&rsquo;a pas d&rsquo;\u00e9quipement ni d&rsquo;acc\u00e8s adapt\u00e9.<\/p>\n<p><strong>Description du paysage observable:<\/strong><\/p>\n<p>L&rsquo;environnement est domin\u00e9 par les pin\u00e8des de pins rouges, entrem\u00eal\u00e9s de quelques sp\u00e9cimens de sapin. Juste dans la r\u00e9gion, une clairi\u00e8re de la for\u00eat s&rsquo;ouvre sur ce col o\u00f9 nous trouvons quelques animaux en p\u00e2turage en \u00e9t\u00e9.<\/p>\n<p>Au sud, nous pouvons observer une grande perspective vers la vall\u00e9e de Pi, le secteur de Tancalaporta, la jonction de la Serra del Moixer\u00f3 avec celle del Cad\u00ed et le sommet de Comabona, le sommet le plus oriental de la Serra del Cad\u00ed, de 2\u00a0548 m.<\/p>\n<p>Parmi les pins, \u00e0 l&rsquo;est, nous verrons la Tosa d&rsquo;Alp appara\u00eetre.<\/p>\n<p>La vue au nord est limit\u00e9e.<\/p>\n<\/div><\/section><\/div>\n<style type=\"text\/css\" data-created_by=\"avia_inline_auto\" id=\"style-css-av-9qcm1g-c52693161022732955af869d7c8a8ff7\">\n.flex_column.av-9qcm1g-c52693161022732955af869d7c8a8ff7{\nwidth:48%;\nmargin-left:4%;\nborder-radius:0px 0px 0px 0px;\npadding:0px 0px 0px 0px;\n}\n<\/style>\n<div  class='flex_column av-9qcm1g-c52693161022732955af869d7c8a8ff7 av_one_half  avia-builder-el-5  el_after_av_one_half  el_before_av_hr  flex_column_div av-zero-column-padding  column-top-margin'     ><style type=\"text\/css\" data-created_by=\"avia_inline_auto\" id=\"style-css-av-lyfuyhti-f4eb58834a74358ac7693dfec6fdbbaa\">\n#top .avia-gallery.av-lyfuyhti-f4eb58834a74358ac7693dfec6fdbbaa .avia-gallery-thumb a{\nwidth:20%;\n}\n<\/style>\n<div  class='avia-gallery av-lyfuyhti-f4eb58834a74358ac7693dfec6fdbbaa avia_animate_when_visible  avia-builder-el-6  avia-builder-el-no-sibling  avia_lazyload av-slideshow-ui av-loop-manual-endless av-control-hidden av-navigate-arrows hover-effect av-control-hidden avia-gallery-animate avia-gallery-1'  itemprop=\"image\" itemscope=\"itemscope\" itemtype=\"https:\/\/schema.org\/ImageObject\" ><meta itemprop=\"contentURL\" content=\"https:\/\/cerdanya.org\/fr\/que-faire\/tourisme-de-nature\/belvederes-de-la-cerdanya\/coll-de-la-creu-del-barret\/\"><div class='avia-gallery-big-wrapper'><a class='avia-gallery-big fakeLightbox lightbox avia-gallery-big-crop-thumb ' href=\"https:\/\/cerdanya.org\/wp-content\/uploads\/2024\/07\/coll-creu-barret-1-1030x687.jpg\" data-srcset=\"https:\/\/cerdanya.org\/wp-content\/uploads\/2024\/07\/coll-creu-barret-1-1030x687.jpg 1030w, https:\/\/cerdanya.org\/wp-content\/uploads\/2024\/07\/coll-creu-barret-1-300x200.jpg 300w, https:\/\/cerdanya.org\/wp-content\/uploads\/2024\/07\/coll-creu-barret-1-768x512.jpg 768w, https:\/\/cerdanya.org\/wp-content\/uploads\/2024\/07\/coll-creu-barret-1-705x470.jpg 705w, https:\/\/cerdanya.org\/wp-content\/uploads\/2024\/07\/coll-creu-barret-1.jpg 1500w\" data-sizes=\"(max-width: 1030px) 100vw, 1030px\"  data-onclick='1' title='Coll de la Creu del Barret' ><span class='avia-gallery-big-inner'  itemprop=\"thumbnailUrl\" ><img decoding=\"async\" fetchpriority=\"high\" class=\"wp-image-54039 avia-img-lazy-loading-not-54039\"  width=\"495\" height=\"400\" src=\"https:\/\/cerdanya.org\/wp-content\/uploads\/2024\/07\/coll-creu-barret-1-495x400.jpg\" title='coll-creu-barret (1)' alt='Coll de la Creu del Barret' srcset=\"https:\/\/cerdanya.org\/wp-content\/uploads\/2024\/07\/coll-creu-barret-1-495x400.jpg 495w, https:\/\/cerdanya.org\/wp-content\/uploads\/2024\/07\/coll-creu-barret-1-845x684.jpg 845w\" sizes=\"(max-width: 495px) 100vw, 495px\" \/><span class='avia-gallery-caption'>Coll de la Creu del Barret<\/span><\/span><\/a><\/div><div class='avia-gallery-thumb'><a href=\"https:\/\/cerdanya.org\/wp-content\/uploads\/2024\/07\/coll-creu-barret-1-1030x687.jpg\" data-srcset=\"https:\/\/cerdanya.org\/wp-content\/uploads\/2024\/07\/coll-creu-barret-1-1030x687.jpg 1030w, https:\/\/cerdanya.org\/wp-content\/uploads\/2024\/07\/coll-creu-barret-1-300x200.jpg 300w, https:\/\/cerdanya.org\/wp-content\/uploads\/2024\/07\/coll-creu-barret-1-768x512.jpg 768w, https:\/\/cerdanya.org\/wp-content\/uploads\/2024\/07\/coll-creu-barret-1-705x470.jpg 705w, https:\/\/cerdanya.org\/wp-content\/uploads\/2024\/07\/coll-creu-barret-1.jpg 1500w\" data-sizes=\"(max-width: 1030px) 100vw, 1030px\" data-rel='gallery-1' data-prev-img='https:\/\/cerdanya.org\/wp-content\/uploads\/2024\/07\/coll-creu-barret-1-495x400.jpg' class='first_thumb lightbox ' data-onclick='1' title='Coll de la Creu del Barret'  itemprop=\"thumbnailUrl\"  ><img decoding=\"async\" fetchpriority=\"high\" class=\"wp-image-54039 avia-img-lazy-loading-not-54039\"  data-avia-tooltip='Coll de la Creu del Barret' src=\"https:\/\/cerdanya.org\/wp-content\/uploads\/2024\/07\/coll-creu-barret-1-495x400.jpg\" width=\"495\" height=\"400\"  title='coll-creu-barret (1)' alt='Coll de la Creu del Barret' srcset=\"https:\/\/cerdanya.org\/wp-content\/uploads\/2024\/07\/coll-creu-barret-1-495x400.jpg 495w, https:\/\/cerdanya.org\/wp-content\/uploads\/2024\/07\/coll-creu-barret-1-845x684.jpg 845w\" sizes=\"(max-width: 495px) 100vw, 495px\" \/><div class='big-prev-fake'><img decoding=\"async\" loading=\"lazy\" class=\"wp-image-54039 avia-img-lazy-loading-54039\"  width=\"495\" height=\"400\" src=\"https:\/\/cerdanya.org\/wp-content\/uploads\/2024\/07\/coll-creu-barret-1-495x400.jpg\" title='coll-creu-barret (1)' alt='Coll de la Creu del Barret' srcset=\"https:\/\/cerdanya.org\/wp-content\/uploads\/2024\/07\/coll-creu-barret-1-495x400.jpg 495w, https:\/\/cerdanya.org\/wp-content\/uploads\/2024\/07\/coll-creu-barret-1-845x684.jpg 845w\" sizes=\"auto, (max-width: 495px) 100vw, 495px\" \/><\/div><\/a><a href=\"https:\/\/cerdanya.org\/wp-content\/uploads\/2024\/07\/coll-creu-barret-2-1030x687.jpg\" data-srcset=\"https:\/\/cerdanya.org\/wp-content\/uploads\/2024\/07\/coll-creu-barret-2-1030x687.jpg 1030w, https:\/\/cerdanya.org\/wp-content\/uploads\/2024\/07\/coll-creu-barret-2-300x200.jpg 300w, https:\/\/cerdanya.org\/wp-content\/uploads\/2024\/07\/coll-creu-barret-2-768x512.jpg 768w, https:\/\/cerdanya.org\/wp-content\/uploads\/2024\/07\/coll-creu-barret-2-705x470.jpg 705w, https:\/\/cerdanya.org\/wp-content\/uploads\/2024\/07\/coll-creu-barret-2.jpg 1500w\" data-sizes=\"(max-width: 1030px) 100vw, 1030px\" data-rel='gallery-1' data-prev-img='https:\/\/cerdanya.org\/wp-content\/uploads\/2024\/07\/coll-creu-barret-2-495x400.jpg' class='lightbox ' data-onclick='2' title='Coll de la Creu del Barret'  itemprop=\"thumbnailUrl\"  ><img decoding=\"async\" fetchpriority=\"high\" class=\"wp-image-54043 avia-img-lazy-loading-not-54043\"  data-avia-tooltip='Coll de la Creu del Barret' src=\"https:\/\/cerdanya.org\/wp-content\/uploads\/2024\/07\/coll-creu-barret-2-495x400.jpg\" width=\"495\" height=\"400\"  title='coll-creu-barret (2)' alt='Coll de la Creu del Barret' srcset=\"https:\/\/cerdanya.org\/wp-content\/uploads\/2024\/07\/coll-creu-barret-2-495x400.jpg 495w, https:\/\/cerdanya.org\/wp-content\/uploads\/2024\/07\/coll-creu-barret-2-845x684.jpg 845w\" sizes=\"(max-width: 495px) 100vw, 495px\" \/><div class='big-prev-fake'><img decoding=\"async\" loading=\"lazy\" class=\"wp-image-54043 avia-img-lazy-loading-54043\"  width=\"495\" height=\"400\" src=\"https:\/\/cerdanya.org\/wp-content\/uploads\/2024\/07\/coll-creu-barret-2-495x400.jpg\" title='coll-creu-barret (2)' alt='Coll de la Creu del Barret' srcset=\"https:\/\/cerdanya.org\/wp-content\/uploads\/2024\/07\/coll-creu-barret-2-495x400.jpg 495w, https:\/\/cerdanya.org\/wp-content\/uploads\/2024\/07\/coll-creu-barret-2-845x684.jpg 845w\" sizes=\"auto, (max-width: 495px) 100vw, 495px\" \/><\/div><\/a><a href=\"https:\/\/cerdanya.org\/wp-content\/uploads\/2024\/07\/coll-creu-barret-3-1030x687.jpg\" data-srcset=\"https:\/\/cerdanya.org\/wp-content\/uploads\/2024\/07\/coll-creu-barret-3-1030x687.jpg 1030w, https:\/\/cerdanya.org\/wp-content\/uploads\/2024\/07\/coll-creu-barret-3-300x200.jpg 300w, https:\/\/cerdanya.org\/wp-content\/uploads\/2024\/07\/coll-creu-barret-3-768x512.jpg 768w, https:\/\/cerdanya.org\/wp-content\/uploads\/2024\/07\/coll-creu-barret-3-705x470.jpg 705w, https:\/\/cerdanya.org\/wp-content\/uploads\/2024\/07\/coll-creu-barret-3.jpg 1500w\" data-sizes=\"(max-width: 1030px) 100vw, 1030px\" data-rel='gallery-1' data-prev-img='https:\/\/cerdanya.org\/wp-content\/uploads\/2024\/07\/coll-creu-barret-3-495x400.jpg' class='lightbox ' data-onclick='3' title='Coll de la Creu del Barret'  itemprop=\"thumbnailUrl\"  ><img decoding=\"async\" fetchpriority=\"high\" class=\"wp-image-54047 avia-img-lazy-loading-not-54047\"  data-avia-tooltip='Coll de la Creu del Barret' src=\"https:\/\/cerdanya.org\/wp-content\/uploads\/2024\/07\/coll-creu-barret-3-495x400.jpg\" width=\"495\" height=\"400\"  title='coll-creu-barret (3)' alt='Coll de la Creu del Barret' srcset=\"https:\/\/cerdanya.org\/wp-content\/uploads\/2024\/07\/coll-creu-barret-3-495x400.jpg 495w, https:\/\/cerdanya.org\/wp-content\/uploads\/2024\/07\/coll-creu-barret-3-845x684.jpg 845w\" sizes=\"(max-width: 495px) 100vw, 495px\" \/><div class='big-prev-fake'><img decoding=\"async\" loading=\"lazy\" class=\"wp-image-54047 avia-img-lazy-loading-54047\"  width=\"495\" height=\"400\" src=\"https:\/\/cerdanya.org\/wp-content\/uploads\/2024\/07\/coll-creu-barret-3-495x400.jpg\" title='coll-creu-barret (3)' alt='Coll de la Creu del Barret' srcset=\"https:\/\/cerdanya.org\/wp-content\/uploads\/2024\/07\/coll-creu-barret-3-495x400.jpg 495w, https:\/\/cerdanya.org\/wp-content\/uploads\/2024\/07\/coll-creu-barret-3-845x684.jpg 845w\" sizes=\"auto, (max-width: 495px) 100vw, 495px\" \/><\/div><\/a><a href=\"https:\/\/cerdanya.org\/wp-content\/uploads\/2024\/07\/coll-creu-barret-4-1030x687.jpg\" data-srcset=\"https:\/\/cerdanya.org\/wp-content\/uploads\/2024\/07\/coll-creu-barret-4-1030x687.jpg 1030w, https:\/\/cerdanya.org\/wp-content\/uploads\/2024\/07\/coll-creu-barret-4-300x200.jpg 300w, https:\/\/cerdanya.org\/wp-content\/uploads\/2024\/07\/coll-creu-barret-4-768x512.jpg 768w, https:\/\/cerdanya.org\/wp-content\/uploads\/2024\/07\/coll-creu-barret-4-705x470.jpg 705w, https:\/\/cerdanya.org\/wp-content\/uploads\/2024\/07\/coll-creu-barret-4.jpg 1500w\" data-sizes=\"(max-width: 1030px) 100vw, 1030px\" data-rel='gallery-1' data-prev-img='https:\/\/cerdanya.org\/wp-content\/uploads\/2024\/07\/coll-creu-barret-4-495x400.jpg' class='lightbox ' data-onclick='4' title='Coll de la Creu del Barret'  itemprop=\"thumbnailUrl\"  ><img decoding=\"async\" fetchpriority=\"high\" class=\"wp-image-54051 avia-img-lazy-loading-not-54051\"  data-avia-tooltip='Coll de la Creu del Barret' src=\"https:\/\/cerdanya.org\/wp-content\/uploads\/2024\/07\/coll-creu-barret-4-495x400.jpg\" width=\"495\" height=\"400\"  title='coll-creu-barret (4)' alt='Coll de la Creu del Barret' srcset=\"https:\/\/cerdanya.org\/wp-content\/uploads\/2024\/07\/coll-creu-barret-4-495x400.jpg 495w, https:\/\/cerdanya.org\/wp-content\/uploads\/2024\/07\/coll-creu-barret-4-845x684.jpg 845w\" sizes=\"(max-width: 495px) 100vw, 495px\" \/><div class='big-prev-fake'><img decoding=\"async\" loading=\"lazy\" class=\"wp-image-54051 avia-img-lazy-loading-54051\"  width=\"495\" height=\"400\" src=\"https:\/\/cerdanya.org\/wp-content\/uploads\/2024\/07\/coll-creu-barret-4-495x400.jpg\" title='coll-creu-barret (4)' alt='Coll de la Creu del Barret' srcset=\"https:\/\/cerdanya.org\/wp-content\/uploads\/2024\/07\/coll-creu-barret-4-495x400.jpg 495w, https:\/\/cerdanya.org\/wp-content\/uploads\/2024\/07\/coll-creu-barret-4-845x684.jpg 845w\" sizes=\"auto, (max-width: 495px) 100vw, 495px\" \/><\/div><\/a><a href=\"https:\/\/cerdanya.org\/wp-content\/uploads\/2024\/07\/coll-creu-barret-5-1030x687.jpg\" data-srcset=\"https:\/\/cerdanya.org\/wp-content\/uploads\/2024\/07\/coll-creu-barret-5-1030x687.jpg 1030w, https:\/\/cerdanya.org\/wp-content\/uploads\/2024\/07\/coll-creu-barret-5-300x200.jpg 300w, https:\/\/cerdanya.org\/wp-content\/uploads\/2024\/07\/coll-creu-barret-5-768x512.jpg 768w, https:\/\/cerdanya.org\/wp-content\/uploads\/2024\/07\/coll-creu-barret-5-705x470.jpg 705w, https:\/\/cerdanya.org\/wp-content\/uploads\/2024\/07\/coll-creu-barret-5.jpg 1500w\" data-sizes=\"(max-width: 1030px) 100vw, 1030px\" data-rel='gallery-1' data-prev-img='https:\/\/cerdanya.org\/wp-content\/uploads\/2024\/07\/coll-creu-barret-5-495x400.jpg' class='lightbox ' data-onclick='5' title='Coll de la Creu del Barret'  itemprop=\"thumbnailUrl\"  ><img decoding=\"async\" fetchpriority=\"high\" class=\"wp-image-54055 avia-img-lazy-loading-not-54055\"  data-avia-tooltip='Coll de la Creu del Barret' src=\"https:\/\/cerdanya.org\/wp-content\/uploads\/2024\/07\/coll-creu-barret-5-495x400.jpg\" width=\"495\" height=\"400\"  title='coll-creu-barret (5)' alt='Coll de la Creu del Barret' srcset=\"https:\/\/cerdanya.org\/wp-content\/uploads\/2024\/07\/coll-creu-barret-5-495x400.jpg 495w, https:\/\/cerdanya.org\/wp-content\/uploads\/2024\/07\/coll-creu-barret-5-845x684.jpg 845w\" sizes=\"(max-width: 495px) 100vw, 495px\" \/><div class='big-prev-fake'><img decoding=\"async\" loading=\"lazy\" class=\"wp-image-54055 avia-img-lazy-loading-54055\"  width=\"495\" height=\"400\" src=\"https:\/\/cerdanya.org\/wp-content\/uploads\/2024\/07\/coll-creu-barret-5-495x400.jpg\" title='coll-creu-barret (5)' alt='Coll de la Creu del Barret' srcset=\"https:\/\/cerdanya.org\/wp-content\/uploads\/2024\/07\/coll-creu-barret-5-495x400.jpg 495w, https:\/\/cerdanya.org\/wp-content\/uploads\/2024\/07\/coll-creu-barret-5-845x684.jpg 845w\" sizes=\"auto, (max-width: 495px) 100vw, 495px\" \/><\/div><\/a><a href=\"https:\/\/cerdanya.org\/wp-content\/uploads\/2024\/07\/coll-creu-barret-6-1030x687.jpg\" data-srcset=\"https:\/\/cerdanya.org\/wp-content\/uploads\/2024\/07\/coll-creu-barret-6-1030x687.jpg 1030w, https:\/\/cerdanya.org\/wp-content\/uploads\/2024\/07\/coll-creu-barret-6-300x200.jpg 300w, https:\/\/cerdanya.org\/wp-content\/uploads\/2024\/07\/coll-creu-barret-6-768x512.jpg 768w, https:\/\/cerdanya.org\/wp-content\/uploads\/2024\/07\/coll-creu-barret-6-705x470.jpg 705w, https:\/\/cerdanya.org\/wp-content\/uploads\/2024\/07\/coll-creu-barret-6.jpg 1500w\" data-sizes=\"(max-width: 1030px) 100vw, 1030px\" data-rel='gallery-1' data-prev-img='https:\/\/cerdanya.org\/wp-content\/uploads\/2024\/07\/coll-creu-barret-6-495x400.jpg' class='first_thumb lightbox ' data-onclick='6' title='Coll de la Creu del Barret'  itemprop=\"thumbnailUrl\"  ><img decoding=\"async\" fetchpriority=\"high\" class=\"wp-image-54059 avia-img-lazy-loading-not-54059\"  data-avia-tooltip='Coll de la Creu del Barret' src=\"https:\/\/cerdanya.org\/wp-content\/uploads\/2024\/07\/coll-creu-barret-6-495x400.jpg\" width=\"495\" height=\"400\"  title='coll-creu-barret (6)' alt='Coll de la Creu del Barret' srcset=\"https:\/\/cerdanya.org\/wp-content\/uploads\/2024\/07\/coll-creu-barret-6-495x400.jpg 495w, https:\/\/cerdanya.org\/wp-content\/uploads\/2024\/07\/coll-creu-barret-6-845x684.jpg 845w\" sizes=\"(max-width: 495px) 100vw, 495px\" \/><div class='big-prev-fake'><img decoding=\"async\" loading=\"lazy\" class=\"wp-image-54059 avia-img-lazy-loading-54059\"  width=\"495\" height=\"400\" src=\"https:\/\/cerdanya.org\/wp-content\/uploads\/2024\/07\/coll-creu-barret-6-495x400.jpg\" title='coll-creu-barret (6)' alt='Coll de la Creu del Barret' srcset=\"https:\/\/cerdanya.org\/wp-content\/uploads\/2024\/07\/coll-creu-barret-6-495x400.jpg 495w, https:\/\/cerdanya.org\/wp-content\/uploads\/2024\/07\/coll-creu-barret-6-845x684.jpg 845w\" sizes=\"auto, (max-width: 495px) 100vw, 495px\" \/><\/div><\/a><\/div><\/div><\/div>\n<style type=\"text\/css\" data-created_by=\"avia_inline_auto\" id=\"style-css-av-1zzvhh0-b3723319fab4d7801cd8f87467ccbcfe\">\n#top .hr.hr-invisible.av-1zzvhh0-b3723319fab4d7801cd8f87467ccbcfe{\nheight:50px;\n}\n<\/style>\n<div  class='hr av-1zzvhh0-b3723319fab4d7801cd8f87467ccbcfe hr-invisible  avia-builder-el-7  el_after_av_one_half  el_before_av_one_half '><span class='hr-inner '><span class=\"hr-inner-style\"><\/span><\/span><\/div>\n\n<style type=\"text\/css\" data-created_by=\"avia_inline_auto\" id=\"style-css-av-1o3k8vo-55c163c57236e1c7d84573cd25e793fd\">\n.flex_column.av-1o3k8vo-55c163c57236e1c7d84573cd25e793fd{\nwidth:48%;\n}\n<\/style>\n<div  class='flex_column av-1o3k8vo-55c163c57236e1c7d84573cd25e793fd av_one_half  avia-builder-el-8  el_after_av_hr  el_before_av_one_half  first flex_column_div  '     ><p>\n<style type=\"text\/css\" data-created_by=\"avia_inline_auto\" id=\"style-css-av-1bv5wpg-82f2bbb45e3ec9ea83dba1357fd89a6e\">\n#top .av-special-heading.av-1bv5wpg-82f2bbb45e3ec9ea83dba1357fd89a6e{\npadding-bottom:10px;\n}\nbody .av-special-heading.av-1bv5wpg-82f2bbb45e3ec9ea83dba1357fd89a6e .av-special-heading-tag .heading-char{\nfont-size:25px;\n}\n.av-special-heading.av-1bv5wpg-82f2bbb45e3ec9ea83dba1357fd89a6e .av-subheading{\nfont-size:15px;\n}\n<\/style>\n<div  class='av-special-heading av-1bv5wpg-82f2bbb45e3ec9ea83dba1357fd89a6e av-special-heading-h2  avia-builder-el-9  el_before_av_codeblock  avia-builder-el-first  av-linked-heading'><h2 class='av-special-heading-tag '  itemprop=\"headline\"  >Emplacement<\/h2><div class=\"special-heading-border\"><div class=\"special-heading-inner-border\"><\/div><\/div><\/div><br \/>\n<\/p><\/div>\n<style type=\"text\/css\" data-created_by=\"avia_inline_auto\" id=\"style-css-av-nih4fo-8d4a04d2fdcd03aaf2a6f1cb50ca4197\">\n.flex_column.av-nih4fo-8d4a04d2fdcd03aaf2a6f1cb50ca4197{\nwidth:48%;\nmargin-left:4%;\n}\n<\/style>\n<div  class='flex_column av-nih4fo-8d4a04d2fdcd03aaf2a6f1cb50ca4197 av_one_half  avia-builder-el-11  el_after_av_one_half  avia-builder-el-last  flex_column_div  '     ><\/div>\n","protected":false},"excerpt":{"rendered":"","protected":false},"author":3,"featured_media":54051,"parent":52718,"menu_order":0,"comment_status":"closed","ping_status":"closed","template":"","meta":{"footnotes":""},"class_list":["post-54737","page","type-page","status-publish","has-post-thumbnail","hentry"],"_links":{"self":[{"href":"https:\/\/cerdanya.org\/fr\/wp-json\/wp\/v2\/pages\/54737","targetHints":{"allow":["GET"]}}],"collection":[{"href":"https:\/\/cerdanya.org\/fr\/wp-json\/wp\/v2\/pages"}],"about":[{"href":"https:\/\/cerdanya.org\/fr\/wp-json\/wp\/v2\/types\/page"}],"author":[{"embeddable":true,"href":"https:\/\/cerdanya.org\/fr\/wp-json\/wp\/v2\/users\/3"}],"replies":[{"embeddable":true,"href":"https:\/\/cerdanya.org\/fr\/wp-json\/wp\/v2\/comments?post=54737"}],"version-history":[{"count":0,"href":"https:\/\/cerdanya.org\/fr\/wp-json\/wp\/v2\/pages\/54737\/revisions"}],"up":[{"embeddable":true,"href":"https:\/\/cerdanya.org\/fr\/wp-json\/wp\/v2\/pages\/52718"}],"wp:featuredmedia":[{"embeddable":true,"href":"https:\/\/cerdanya.org\/fr\/wp-json\/wp\/v2\/media\/54051"}],"wp:attachment":[{"href":"https:\/\/cerdanya.org\/fr\/wp-json\/wp\/v2\/media?parent=54737"}],"curies":[{"name":"wp","href":"https:\/\/api.w.org\/{rel}","templated":true}]}}