{"id":52752,"date":"2024-06-21T16:55:13","date_gmt":"2024-06-21T14:55:13","guid":{"rendered":"https:\/\/cerdanya.org\/que-faire\/turisme-de-natura\/ornitologia\/"},"modified":"2025-11-26T11:53:32","modified_gmt":"2025-11-26T10:53:32","slug":"ornithologie","status":"publish","type":"page","link":"https:\/\/cerdanya.org\/fr\/que-faire\/tourisme-de-nature\/ornithologie\/","title":{"rendered":"Ornithologie"},"content":{"rendered":"<section  class='av_textblock_section av-lxotqaox-19b8d04332e8be44537e8191620a76dc '   itemscope=\"itemscope\" itemtype=\"https:\/\/schema.org\/CreativeWork\" ><div class='avia_textblock'  itemprop=\"text\" ><blockquote>\n<p>Les 220 esp\u00e8ces qui composent le catalogue ornithologique actuel de la Cerdagne repr\u00e9sentent presque la moiti\u00e9 de celles que l\u2019on peut observer en Catalogne. Sur une courte distance, on trouve des esp\u00e8ces typiques d\u2019habitats tr\u00e8s diff\u00e9rents, par exemple le lagop\u00e8de alpin et le tichodrome \u00e9chelette sur les plus hauts sommets expos\u00e9s au sud ; la fauvette pitchou et le bruant ortolan dans les maquis m\u00e9diterran\u00e9ens proches du fond de vall\u00e9e ; l\u2019outarde canepeti\u00e8re et la bergeronnette printani\u00e8re dans les meilleures plaines agricoles ; ou la chouette de Tengmalm et le grand t\u00e9tras dans les for\u00eats subalpines les plus matures de l\u2019ubac, entre bien d\u2019autres. Sans oublier les milliers d\u2019oiseaux migrateurs qui traversent notre ciel au cours de leurs voyages. Et il faut dire qu\u2019une des routes migratoires d\u2019oiseaux les plus fascinantes des Pyr\u00e9n\u00e9es passe par la Cerdagne. Fascination\u2026 c\u2019est pr\u00e9cis\u00e9ment ce que l\u2019observation des oiseaux vous inspirera lorsque vous visiterez notre r\u00e9gion.<\/p>\n<\/blockquote>\n<\/div><\/section>\n\n<style type=\"text\/css\" data-created_by=\"avia_inline_auto\" id=\"style-css-av-m3fyhbr4-c6efe5ec2be1e11746e8c79d4d6efcb7\">\n#top .hr.hr-invisible.av-m3fyhbr4-c6efe5ec2be1e11746e8c79d4d6efcb7{\nheight:50px;\n}\n<\/style>\n<div  class='hr av-m3fyhbr4-c6efe5ec2be1e11746e8c79d4d6efcb7 hr-invisible  avia-builder-el-1  el_after_av_textblock  el_before_av_one_full '><span class='hr-inner '><span class=\"hr-inner-style\"><\/span><\/span><\/div>\n<div  class='flex_column av-nwxxfq-74c44e85213e67261c707db0542a46ec av_one_full  avia-builder-el-2  el_after_av_hr  el_before_av_hr  first flex_column_div  '     ><\/div>\n\n<style type=\"text\/css\" data-created_by=\"avia_inline_auto\" id=\"style-css-av-i7no1y-c602089c6b9ed584a47b019feba8b12e\">\n#top .hr.hr-invisible.av-i7no1y-c602089c6b9ed584a47b019feba8b12e{\nheight:50px;\n}\n<\/style>\n<div  class='hr av-i7no1y-c602089c6b9ed584a47b019feba8b12e hr-invisible  avia-builder-el-4  el_after_av_one_full  el_before_av_one_full '><span class='hr-inner '><span class=\"hr-inner-style\"><\/span><\/span><\/div>\n<div  class='flex_column av-lcllie-2b92dcadb5e427eee12ca26ced7e233c av_one_full  avia-builder-el-5  el_after_av_hr  avia-builder-el-last  first flex_column_div  '     ><style type=\"text\/css\" data-created_by=\"avia_inline_auto\" id=\"style-css-av-m3fz2qli-660ca84ea31ae425bf89b30e0fa6937e\">\n.avia-image-container.av-m3fz2qli-660ca84ea31ae425bf89b30e0fa6937e img.avia_image{\nbox-shadow:none;\n}\n.avia-image-container.av-m3fz2qli-660ca84ea31ae425bf89b30e0fa6937e .av-image-caption-overlay-center{\ncolor:#ffffff;\n}\n<\/style>\n<div  class='avia-image-container av-m3fz2qli-660ca84ea31ae425bf89b30e0fa6937e av-styling- av-img-linked avia-align-center  avia-builder-el-6  avia-builder-el-no-sibling '   itemprop=\"image\" itemscope=\"itemscope\" itemtype=\"https:\/\/schema.org\/ImageObject\" ><div class=\"avia-image-container-inner\"><div class=\"avia-image-overlay-wrap\"><a href=\"https:\/\/www.aralleida.cat\/\" class='avia_image '  target=\"_blank\"  rel=\"noopener noreferrer\" aria-label='peu-colaboracio-aralleida'><img decoding=\"async\" fetchpriority=\"high\" class='wp-image-162578 avia-img-lazy-loading-not-162578 avia_image ' src=\"https:\/\/cerdanya.org\/wp-content\/uploads\/2025\/11\/peu-colaboracio-aralleida-1030x137.png\" alt='' title='peu-colaboracio-aralleida'  height=\"137\" width=\"1030\"  itemprop=\"thumbnailUrl\" srcset=\"https:\/\/cerdanya.org\/wp-content\/uploads\/2025\/11\/peu-colaboracio-aralleida-1030x137.png 1030w, https:\/\/cerdanya.org\/wp-content\/uploads\/2025\/11\/peu-colaboracio-aralleida-300x40.png 300w, https:\/\/cerdanya.org\/wp-content\/uploads\/2025\/11\/peu-colaboracio-aralleida-768x102.png 768w, https:\/\/cerdanya.org\/wp-content\/uploads\/2025\/11\/peu-colaboracio-aralleida-705x94.png 705w, https:\/\/cerdanya.org\/wp-content\/uploads\/2025\/11\/peu-colaboracio-aralleida.png 1500w\" sizes=\"(max-width: 1030px) 100vw, 1030px\" \/><\/a><\/div><\/div><\/div><\/div>\n","protected":false},"excerpt":{"rendered":"","protected":false},"author":3,"featured_media":52745,"parent":52705,"menu_order":0,"comment_status":"closed","ping_status":"closed","template":"","meta":{"footnotes":""},"class_list":["post-52752","page","type-page","status-publish","has-post-thumbnail","hentry"],"_links":{"self":[{"href":"https:\/\/cerdanya.org\/fr\/wp-json\/wp\/v2\/pages\/52752","targetHints":{"allow":["GET"]}}],"collection":[{"href":"https:\/\/cerdanya.org\/fr\/wp-json\/wp\/v2\/pages"}],"about":[{"href":"https:\/\/cerdanya.org\/fr\/wp-json\/wp\/v2\/types\/page"}],"author":[{"embeddable":true,"href":"https:\/\/cerdanya.org\/fr\/wp-json\/wp\/v2\/users\/3"}],"replies":[{"embeddable":true,"href":"https:\/\/cerdanya.org\/fr\/wp-json\/wp\/v2\/comments?post=52752"}],"version-history":[{"count":7,"href":"https:\/\/cerdanya.org\/fr\/wp-json\/wp\/v2\/pages\/52752\/revisions"}],"predecessor-version":[{"id":165004,"href":"https:\/\/cerdanya.org\/fr\/wp-json\/wp\/v2\/pages\/52752\/revisions\/165004"}],"up":[{"embeddable":true,"href":"https:\/\/cerdanya.org\/fr\/wp-json\/wp\/v2\/pages\/52705"}],"wp:featuredmedia":[{"embeddable":true,"href":"https:\/\/cerdanya.org\/fr\/wp-json\/wp\/v2\/media\/52745"}],"wp:attachment":[{"href":"https:\/\/cerdanya.org\/fr\/wp-json\/wp\/v2\/media?parent=52752"}],"curies":[{"name":"wp","href":"https:\/\/api.w.org\/{rel}","templated":true}]}}