{"id":51447,"date":"2024-06-04T11:59:20","date_gmt":"2024-06-04T09:59:20","guid":{"rendered":"https:\/\/cerdanya.org\/?page_id=51447"},"modified":"2024-06-04T11:59:30","modified_gmt":"2024-06-04T09:59:30","slug":"saneja","status":"publish","type":"page","link":"https:\/\/cerdanya.org\/fr\/que-faire\/itineraires\/itineraires-cyclables\/pumptrack\/saneja\/","title":{"rendered":"Saneja"},"content":{"rendered":"<div id='av_section_1'  class='avia-section av-av_section-d2b800ef0355f1d8488c8e96f40671d2 main_color avia-section-default avia-no-border-styling  avia-builder-el-0  avia-builder-el-no-sibling  avia-bg-style-scroll container_wrap fullsize'  ><div class='container av-section-cont-open' ><main  role=\"main\" itemprop=\"mainContentOfPage\"  class='template-page content  av-content-full alpha units'><div class='post-entry post-entry-type-page post-entry-51447'><div class='entry-content-wrapper clearfix'>\n<section  class='av_textblock_section av-lx089hbm-ca67c5e9c5a3b27ed177eb4a39e87f26 '   itemscope=\"itemscope\" itemtype=\"https:\/\/schema.org\/CreativeWork\" ><div class='avia_textblock'  itemprop=\"text\" ><blockquote>\n<p>Circuit asphalt\u00e9 avec virages sur\u00e9lev\u00e9s, sauts et petites d\u00e9nivel\u00e9s et deux variantes de parcours.<\/p>\n<\/blockquote>\n<p class=\"LO-Normal\" style=\"background: transparent;\">Afin de pouvoir acc\u00e9der au parcours en toute s\u00e9curit\u00e9, la Mairie a install\u00e9 des panneaux avec des recommandations d&rsquo;utilisation. En revanche, le point d&rsquo;entr\u00e9e et de sortie, ainsi que la direction du parcours dans son ensemble, sont parfaitement balis\u00e9s.<\/p>\n<\/div><\/section>\n<div class='flex_column_table av-av_one_half-5ce2367ffc2a68952ac9142533228657 sc-av_one_half av-equal-height-column-flextable'><div  class='flex_column av-av_one_half-5ce2367ffc2a68952ac9142533228657 av_one_half  avia-builder-el-2  el_after_av_textblock  el_before_av_one_half  first flex_column_table_cell av-equal-height-column av-align-top  column-top-margin'     ><div  class='avia-slideshow av-av_slideshow-38ce3f66e8760e9cbdeb1e25185663a5 avia-slideshow-no scaling av_slideshow avia-slide-slider  avia-builder-el-3  avia-builder-el-no-sibling  av-slideshow-ui av-control-default av-slideshow-manual av-loop-once av-loop-manual-endless av-default-height-applied avia-slideshow-1' data-slideshow-options=\"{&quot;animation&quot;:&quot;slide&quot;,&quot;autoplay&quot;:false,&quot;loop_autoplay&quot;:&quot;once&quot;,&quot;interval&quot;:5,&quot;loop_manual&quot;:&quot;manual-endless&quot;,&quot;autoplay_stopper&quot;:false,&quot;noNavigation&quot;:false,&quot;bg_slider&quot;:false,&quot;keep_padding&quot;:false,&quot;hoverpause&quot;:false,&quot;show_slide_delay&quot;:0}\"  itemprop=\"image\" itemscope=\"itemscope\" itemtype=\"https:\/\/schema.org\/ImageObject\" ><ul class='avia-slideshow-inner ' style='padding-bottom: 75.333333333333%;'><li  class='avia-slideshow-slide av-av_slideshow-38ce3f66e8760e9cbdeb1e25185663a5__0  slide-1 slide-odd'><div data-rel='slideshow-1' class='avia-slide-wrap '  title='Saneja' ><img decoding=\"async\" fetchpriority=\"high\" class=\"wp-image-51409 avia-img-lazy-loading-not-51409\"  src=\"https:\/\/cerdanya.org\/wp-content\/uploads\/2024\/06\/pumptrack_saneja_1.jpeg\" width=\"1500\" height=\"1130\" title='pumptrack_saneja_1' alt='Saneja'  itemprop=\"thumbnailUrl\" srcset=\"https:\/\/cerdanya.org\/wp-content\/uploads\/2024\/06\/pumptrack_saneja_1.jpeg 1500w, https:\/\/cerdanya.org\/wp-content\/uploads\/2024\/06\/pumptrack_saneja_1-300x226.jpeg 300w, https:\/\/cerdanya.org\/wp-content\/uploads\/2024\/06\/pumptrack_saneja_1-1030x776.jpeg 1030w, https:\/\/cerdanya.org\/wp-content\/uploads\/2024\/06\/pumptrack_saneja_1-768x579.jpeg 768w, https:\/\/cerdanya.org\/wp-content\/uploads\/2024\/06\/pumptrack_saneja_1-705x531.jpeg 705w\" sizes=\"(max-width: 1500px) 100vw, 1500px\" \/><\/div><\/li><li  class='avia-slideshow-slide av-av_slideshow-38ce3f66e8760e9cbdeb1e25185663a5__1  slide-2 slide-even'><div data-rel='slideshow-1' class='avia-slide-wrap '  title='Saneja' ><img decoding=\"async\" fetchpriority=\"high\" class=\"wp-image-51413 avia-img-lazy-loading-not-51413\"  src=\"https:\/\/cerdanya.org\/wp-content\/uploads\/2024\/06\/pumptrack_saneja_2.jpeg\" width=\"1500\" height=\"1130\" title='pumptrack_saneja_2' alt='Saneja'  itemprop=\"thumbnailUrl\" srcset=\"https:\/\/cerdanya.org\/wp-content\/uploads\/2024\/06\/pumptrack_saneja_2.jpeg 1500w, https:\/\/cerdanya.org\/wp-content\/uploads\/2024\/06\/pumptrack_saneja_2-300x226.jpeg 300w, https:\/\/cerdanya.org\/wp-content\/uploads\/2024\/06\/pumptrack_saneja_2-1030x776.jpeg 1030w, https:\/\/cerdanya.org\/wp-content\/uploads\/2024\/06\/pumptrack_saneja_2-768x579.jpeg 768w, https:\/\/cerdanya.org\/wp-content\/uploads\/2024\/06\/pumptrack_saneja_2-705x531.jpeg 705w\" sizes=\"(max-width: 1500px) 100vw, 1500px\" \/><\/div><\/li><li  class='avia-slideshow-slide av-av_slideshow-38ce3f66e8760e9cbdeb1e25185663a5__2  slide-3 slide-odd'><div data-rel='slideshow-1' class='avia-slide-wrap '  title='Saneja' ><img decoding=\"async\" fetchpriority=\"high\" class=\"wp-image-51417 avia-img-lazy-loading-not-51417\"  src=\"https:\/\/cerdanya.org\/wp-content\/uploads\/2024\/06\/pumptrack_saneja_3.jpeg\" width=\"1500\" height=\"1130\" title='pumptrack_saneja_3' alt='Saneja'  itemprop=\"thumbnailUrl\" srcset=\"https:\/\/cerdanya.org\/wp-content\/uploads\/2024\/06\/pumptrack_saneja_3.jpeg 1500w, https:\/\/cerdanya.org\/wp-content\/uploads\/2024\/06\/pumptrack_saneja_3-300x226.jpeg 300w, https:\/\/cerdanya.org\/wp-content\/uploads\/2024\/06\/pumptrack_saneja_3-1030x776.jpeg 1030w, https:\/\/cerdanya.org\/wp-content\/uploads\/2024\/06\/pumptrack_saneja_3-768x579.jpeg 768w, https:\/\/cerdanya.org\/wp-content\/uploads\/2024\/06\/pumptrack_saneja_3-705x531.jpeg 705w\" sizes=\"(max-width: 1500px) 100vw, 1500px\" \/><\/div><\/li><li  class='avia-slideshow-slide av-av_slideshow-38ce3f66e8760e9cbdeb1e25185663a5__3  slide-4 slide-even'><div data-rel='slideshow-1' class='avia-slide-wrap '  title='Saneja' ><img decoding=\"async\" fetchpriority=\"high\" class=\"wp-image-51421 avia-img-lazy-loading-not-51421\"  src=\"https:\/\/cerdanya.org\/wp-content\/uploads\/2024\/06\/pumptrack_saneja_4.jpeg\" width=\"1500\" height=\"1130\" title='pumptrack_saneja_4' alt='Saneja'  itemprop=\"thumbnailUrl\" srcset=\"https:\/\/cerdanya.org\/wp-content\/uploads\/2024\/06\/pumptrack_saneja_4.jpeg 1500w, https:\/\/cerdanya.org\/wp-content\/uploads\/2024\/06\/pumptrack_saneja_4-300x226.jpeg 300w, https:\/\/cerdanya.org\/wp-content\/uploads\/2024\/06\/pumptrack_saneja_4-1030x776.jpeg 1030w, https:\/\/cerdanya.org\/wp-content\/uploads\/2024\/06\/pumptrack_saneja_4-768x579.jpeg 768w, https:\/\/cerdanya.org\/wp-content\/uploads\/2024\/06\/pumptrack_saneja_4-705x531.jpeg 705w\" sizes=\"(max-width: 1500px) 100vw, 1500px\" \/><\/div><\/li><\/ul><div class='avia-slideshow-arrows avia-slideshow-controls' ><a href='#prev' class='prev-slide  avia-svg-icon avia-font-svg_entypo-fontello' data-av_svg_icon='left-open-big' data-av_iconset='svg_entypo-fontello' tabindex='-1' title=\"Pr\u00e9c\u00e9dent\"><svg version=\"1.1\" xmlns=\"http:\/\/www.w3.org\/2000\/svg\" width=\"15\" height=\"32\" viewBox=\"0 0 15 32\" preserveAspectRatio=\"xMidYMid meet\" aria-labelledby='av-svg-title-1' aria-describedby='av-svg-desc-1' role=\"graphics-symbol\" aria-hidden=\"true\">\n<title id='av-svg-title-1'>Pr\u00e9c\u00e9dent<\/title>\n<desc id='av-svg-desc-1'>Pr\u00e9c\u00e9dent<\/desc>\n<path d=\"M14.464 27.84q0.832 0.832 0 1.536-0.832 0.832-1.536 0l-12.544-12.608q-0.768-0.768 0-1.6l12.544-12.608q0.704-0.832 1.536 0 0.832 0.704 0 1.536l-11.456 11.904z\"><\/path>\n<\/svg><span class='avia_hidden_link_text'>Pr\u00e9c\u00e9dent<\/span><\/a><a href='#next' class='next-slide  avia-svg-icon avia-font-svg_entypo-fontello' data-av_svg_icon='right-open-big' data-av_iconset='svg_entypo-fontello' tabindex='-1' title=\"Suivant\"><svg version=\"1.1\" xmlns=\"http:\/\/www.w3.org\/2000\/svg\" width=\"15\" height=\"32\" viewBox=\"0 0 15 32\" preserveAspectRatio=\"xMidYMid meet\" aria-labelledby='av-svg-title-2' aria-describedby='av-svg-desc-2' role=\"graphics-symbol\" aria-hidden=\"true\">\n<title id='av-svg-title-2'>Suivant<\/title>\n<desc id='av-svg-desc-2'>Suivant<\/desc>\n<path d=\"M0.416 27.84l11.456-11.84-11.456-11.904q-0.832-0.832 0-1.536 0.832-0.832 1.536 0l12.544 12.608q0.768 0.832 0 1.6l-12.544 12.608q-0.704 0.832-1.536 0-0.832-0.704 0-1.536z\"><\/path>\n<\/svg><span class='avia_hidden_link_text'>Suivant<\/span><\/a><\/div><div class='avia-slideshow-dots avia-slideshow-controls'><a href='#1' class='goto-slide active' >1<\/a><a href='#2' class='goto-slide ' >2<\/a><a href='#3' class='goto-slide ' >3<\/a><a href='#4' class='goto-slide ' >4<\/a><\/div><\/div><\/div><div class='av-flex-placeholder'><\/div><div  class='flex_column av-av_one_half-02025747ca2bebbd7502c71ac681b8f2 av_one_half  avia-builder-el-4  el_after_av_one_half  avia-builder-el-last  flex_column_table_cell av-equal-height-column av-align-top  column-top-margin'     ><section  class='av_textblock_section av-av_textblock-c59a08471c9b1fda4269cda1d7eccb28 '   itemscope=\"itemscope\" itemtype=\"https:\/\/schema.org\/CreativeWork\" ><div class='avia_textblock'  itemprop=\"text\" ><p><iframe loading=\"lazy\" style=\"border: 0;\" src=\"https:\/\/www.google.com\/maps\/embed?pb=!1m18!1m12!1m3!1d2944.329860376508!2d1.8978442765061!3d42.44199722992038!2m3!1f0!2f0!3f0!3m2!1i1024!2i768!4f13.1!3m3!1m2!1s0x12a5791618182a73%3A0xae55f6d4c2b1411e!2sPumptrack%20Park%20Guils%20de%20Cerdanya!5e0!3m2!1sca!2ses!4v1716804906690!5m2!1sca!2ses\" width=\"600\" height=\"410\" allowfullscreen=\"allowfullscreen\"><\/iframe><\/p>\n<\/div><\/section><\/div><\/div><!--close column table wrapper. Autoclose: 1 -->\n","protected":false},"excerpt":{"rendered":"","protected":false},"author":7,"featured_media":51413,"parent":51373,"menu_order":0,"comment_status":"closed","ping_status":"closed","template":"","meta":{"footnotes":""},"class_list":["post-51447","page","type-page","status-publish","has-post-thumbnail","hentry"],"_links":{"self":[{"href":"https:\/\/cerdanya.org\/fr\/wp-json\/wp\/v2\/pages\/51447","targetHints":{"allow":["GET"]}}],"collection":[{"href":"https:\/\/cerdanya.org\/fr\/wp-json\/wp\/v2\/pages"}],"about":[{"href":"https:\/\/cerdanya.org\/fr\/wp-json\/wp\/v2\/types\/page"}],"author":[{"embeddable":true,"href":"https:\/\/cerdanya.org\/fr\/wp-json\/wp\/v2\/users\/7"}],"replies":[{"embeddable":true,"href":"https:\/\/cerdanya.org\/fr\/wp-json\/wp\/v2\/comments?post=51447"}],"version-history":[{"count":0,"href":"https:\/\/cerdanya.org\/fr\/wp-json\/wp\/v2\/pages\/51447\/revisions"}],"up":[{"embeddable":true,"href":"https:\/\/cerdanya.org\/fr\/wp-json\/wp\/v2\/pages\/51373"}],"wp:featuredmedia":[{"embeddable":true,"href":"https:\/\/cerdanya.org\/fr\/wp-json\/wp\/v2\/media\/51413"}],"wp:attachment":[{"href":"https:\/\/cerdanya.org\/fr\/wp-json\/wp\/v2\/media?parent=51447"}],"curies":[{"name":"wp","href":"https:\/\/api.w.org\/{rel}","templated":true}]}}