{"id":51373,"date":"2024-06-04T11:57:13","date_gmt":"2024-06-04T09:57:13","guid":{"rendered":"https:\/\/cerdanya.org\/?page_id=51373"},"modified":"2024-06-04T12:19:47","modified_gmt":"2024-06-04T10:19:47","slug":"pumptrack","status":"publish","type":"page","link":"https:\/\/cerdanya.org\/fr\/que-faire\/itineraires\/itineraires-cyclables\/pumptrack\/","title":{"rendered":"PumpTrack"},"content":{"rendered":"<div id='av_section_1'  class='avia-section av-av_section-d2b800ef0355f1d8488c8e96f40671d2 main_color avia-section-default avia-no-border-styling  avia-builder-el-0  avia-builder-el-no-sibling  avia-bg-style-scroll container_wrap fullsize'  ><div class='container av-section-cont-open' ><main  role=\"main\" itemprop=\"mainContentOfPage\"  class='template-page content  av-content-full alpha units'><div class='post-entry post-entry-type-page post-entry-51373'><div class='entry-content-wrapper clearfix'>\n<section  class='av_textblock_section av-lx086ugo-5eb9e7877ff4a6d7df35abd361344ddf '   itemscope=\"itemscope\" itemtype=\"https:\/\/schema.org\/CreativeWork\" ><div class='avia_textblock'  itemprop=\"text\" ><blockquote>\n<p>Veux-tu t&rsquo;amuser et mettre en pratique tes comp\u00e9tences sur deux roues? Le pumptrack est l&rsquo;endroit id\u00e9al o\u00f9 petits et grands pourront am\u00e9liorer leur technique de pilotage.<\/p>\n<\/blockquote>\n<\/div><\/section>\n\n\n","protected":false},"excerpt":{"rendered":"","protected":false},"author":7,"featured_media":51380,"parent":50974,"menu_order":30,"comment_status":"closed","ping_status":"closed","template":"","meta":{"footnotes":""},"class_list":["post-51373","page","type-page","status-publish","has-post-thumbnail","hentry"],"_links":{"self":[{"href":"https:\/\/cerdanya.org\/fr\/wp-json\/wp\/v2\/pages\/51373","targetHints":{"allow":["GET"]}}],"collection":[{"href":"https:\/\/cerdanya.org\/fr\/wp-json\/wp\/v2\/pages"}],"about":[{"href":"https:\/\/cerdanya.org\/fr\/wp-json\/wp\/v2\/types\/page"}],"author":[{"embeddable":true,"href":"https:\/\/cerdanya.org\/fr\/wp-json\/wp\/v2\/users\/7"}],"replies":[{"embeddable":true,"href":"https:\/\/cerdanya.org\/fr\/wp-json\/wp\/v2\/comments?post=51373"}],"version-history":[{"count":0,"href":"https:\/\/cerdanya.org\/fr\/wp-json\/wp\/v2\/pages\/51373\/revisions"}],"up":[{"embeddable":true,"href":"https:\/\/cerdanya.org\/fr\/wp-json\/wp\/v2\/pages\/50974"}],"wp:featuredmedia":[{"embeddable":true,"href":"https:\/\/cerdanya.org\/fr\/wp-json\/wp\/v2\/media\/51380"}],"wp:attachment":[{"href":"https:\/\/cerdanya.org\/fr\/wp-json\/wp\/v2\/media?parent=51373"}],"curies":[{"name":"wp","href":"https:\/\/api.w.org\/{rel}","templated":true}]}}