{"id":51299,"date":"2024-06-04T09:56:26","date_gmt":"2024-06-04T07:56:26","guid":{"rendered":"https:\/\/cerdanya.org\/?page_id=51299"},"modified":"2024-06-19T11:13:03","modified_gmt":"2024-06-19T09:13:03","slug":"chemin-de-sant-jaume","status":"publish","type":"page","link":"https:\/\/cerdanya.org\/fr\/que-faire\/itineraires\/itineraires-cyclables\/chemin-de-sant-jaume\/","title":{"rendered":"Chemin de Sant Jaume"},"content":{"rendered":"<div id='av_section_1'  class='avia-section av-5b3ra4g-b50a187652e53c8e227e914c8c0b086c main_color avia-section-default avia-no-border-styling  avia-builder-el-0  el_before_av_section  avia-builder-el-first  avia-bg-style-scroll container_wrap fullsize'  ><div class='container av-section-cont-open' ><main  role=\"main\" itemprop=\"mainContentOfPage\"  class='template-page content  av-content-full alpha units'><div class='post-entry post-entry-type-page post-entry-51299'><div class='entry-content-wrapper clearfix'>\n\n<style type=\"text\/css\" data-created_by=\"avia_inline_auto\" id=\"style-css-av-4pxi0bk-20dd261190e887b8eddaeef82a5635ca\">\n.flex_column.av-4pxi0bk-20dd261190e887b8eddaeef82a5635ca{\nborder-radius:0px 0px 0px 0px;\npadding:0px 0px 0px 0px;\n}\n<\/style>\n<div  class='flex_column av-4pxi0bk-20dd261190e887b8eddaeef82a5635ca av_one_full  avia-builder-el-1  el_before_av_one_full  avia-builder-el-first  first flex_column_div av-zero-column-padding  '     ><section  class='av_textblock_section av-4dgpgio-996cbe66c006f501f54340286800081b '   itemscope=\"itemscope\" itemtype=\"https:\/\/schema.org\/CreativeWork\" ><div class='avia_textblock'  itemprop=\"text\" ><blockquote>\n<p>Le Chemin de Saint-Jacques vous permet de traverser facilement la vall\u00e9e depuis Ll\u00edvia jusqu&rsquo;\u00e0 Martinet et de continuer vers la r\u00e9gion voisine de l&rsquo;Alt Urgell. Ce parcours facile et l\u00e9g\u00e8rement descendant est adapt\u00e9 \u00e0 tous les publics et nous permet de relier les diff\u00e9rents points de d\u00e9part des itin\u00e9raires VTT.<\/p>\n<\/blockquote>\n<\/div><\/section><\/div>\n<style type=\"text\/css\" data-created_by=\"avia_inline_auto\" id=\"style-css-av-3tne0n4-2682f08edacbd9142f272d345b1c8dc0\">\n.flex_column.av-3tne0n4-2682f08edacbd9142f272d345b1c8dc0{\nborder-radius:0px 0px 0px 0px;\npadding:0px 0px 0px 0px;\n}\n<\/style>\n<div  class='flex_column av-3tne0n4-2682f08edacbd9142f272d345b1c8dc0 av_one_full  avia-builder-el-3  el_after_av_one_full  avia-builder-el-last  first flex_column_div av-zero-column-padding  column-top-margin'     ><section  class='av_textblock_section av-3kjggn4-4ec5b96175370a771cce41c70965fdbd '   itemscope=\"itemscope\" itemtype=\"https:\/\/schema.org\/CreativeWork\" ><div class='avia_textblock'  itemprop=\"text\" ><p>La d\u00e9couverte des restes de l&rsquo;ap\u00f4tre Saint Jacques \u00e0 Compostelle au d\u00e9but du IXe si\u00e8cle d\u00e9clencha dans le monde entier une ferveur religieuse sans pr\u00e9c\u00e9dent connue jusqu&rsquo;alors. De tout le vieux continent, des fid\u00e8les faisaient un p\u00e8lerinage \u00e0 Saint-Jacques-de-Compostelle pour se purifier et adorer les reliques du saint martyr. Apr\u00e8s des hauts et des bas, au XXe si\u00e8cle, le chemin a pris une grande importance, ajoutant \u00e0 l&rsquo;aspect religieux du parcours d&rsquo;autres, comme le culturel et le sportif. Les routes qui menaient et conduisaient \u00e0 Compostelle convergent sur deux routes principales : l&rsquo;Aragonais et le Navarrais, ce dernier entre de France par Roncevaux et atteint Puente de la Reina, o\u00f9 il rejoint la route aragonaise depuis le Somport en passant par Jaca.<\/p>\n<p>Une multitude de routes secondaires convergent vers ces routes principales, l&rsquo;une d&rsquo;elles, et comme variante d&rsquo;entr\u00e9e dans la p\u00e9ninsule, rassemblait des personnes du sud de l&rsquo;Europe qui, entrant par les cols de Perxa et Pimorent, convergent \u00e0 Sant Jaume de Rigolisa (Puigcerd\u00e0), traverse la Cerdagne en longeant les rives du fleuve Segre et continue, en traversant les Pyr\u00e9n\u00e9es, en direction de Jaca o\u00f9 elle rejoint l&rsquo;une des routes principales.<\/p>\n<p>En parcourant ce chemin d&rsquo;origine pr\u00e9historique, \u00e0 pied, \u00e0 v\u00e9lo ou \u00e0 cheval, nous plongerons dans l&rsquo;essence d&rsquo;une r\u00e9gion qui, de mani\u00e8re silencieuse, a jou\u00e9 un r\u00f4le tr\u00e8s important dans le d\u00e9veloppement historique d&rsquo;un pays et nous obtiendrons \u00e0 conna\u00eetre et nous profiterons d&rsquo;une des plus belles vall\u00e9es d&rsquo;Europe.<\/p>\n<\/div><\/section><\/div>\n\n<\/div><\/div><\/main><!-- close content main element --><\/div><\/div><div id='av_section_2'  class='avia-section av-32n30m8-c0172dad5814557e0a30d730f1590a07 main_color avia-section-default avia-no-border-styling  avia-builder-el-5  el_after_av_section  avia-builder-el-last  avia-bg-style-scroll container_wrap fullsize'  ><div class='container av-section-cont-open' ><div class='template-page content  av-content-full alpha units'><div class='post-entry post-entry-type-page post-entry-51299'><div class='entry-content-wrapper clearfix'>\n\n<style type=\"text\/css\" data-created_by=\"avia_inline_auto\" id=\"style-css-av-2i06bz4-645de8fd2b9be8b99c24a086cbb4c27b\">\n.flex_column.av-2i06bz4-645de8fd2b9be8b99c24a086cbb4c27b{\nborder-radius:0px 0px 0px 0px;\npadding:0px 0px 0px 0px;\n}\n<\/style>\n<div  class='flex_column av-2i06bz4-645de8fd2b9be8b99c24a086cbb4c27b av_one_full  avia-builder-el-6  el_before_av_one_half  avia-builder-el-first  first flex_column_div av-zero-column-padding  '     ><style type=\"text\/css\" data-created_by=\"avia_inline_auto\" id=\"style-css-av-1w57kkg-c0f5895c2f5e620c3f1bbaf890276a1b\">\n#top .av-special-heading.av-1w57kkg-c0f5895c2f5e620c3f1bbaf890276a1b{\npadding-bottom:10px;\n}\nbody .av-special-heading.av-1w57kkg-c0f5895c2f5e620c3f1bbaf890276a1b .av-special-heading-tag .heading-char{\nfont-size:25px;\n}\n.av-special-heading.av-1w57kkg-c0f5895c2f5e620c3f1bbaf890276a1b .av-subheading{\nfont-size:15px;\n}\n<\/style>\n<div  class='av-special-heading av-1w57kkg-c0f5895c2f5e620c3f1bbaf890276a1b av-special-heading-h2 blockquote modern-quote  avia-builder-el-7  avia-builder-el-no-sibling  av-linked-heading'><h2 class='av-special-heading-tag '  itemprop=\"headline\"  >Carte et trace GPS<\/h2><div class=\"special-heading-border\"><div class=\"special-heading-inner-border\"><\/div><\/div><\/div><\/div>\n<style type=\"text\/css\" data-created_by=\"avia_inline_auto\" id=\"style-css-av-6kzmcg-52ee6baa62a5aa50002f760e7c0e1199\">\n.flex_column.av-6kzmcg-52ee6baa62a5aa50002f760e7c0e1199{\nborder-radius:0px 0px 0px 0px;\npadding:0px 0px 0px 0px;\n}\n<\/style>\n<div  class='flex_column av-6kzmcg-52ee6baa62a5aa50002f760e7c0e1199 av_one_half  avia-builder-el-8  el_after_av_one_full  el_before_av_one_half  first flex_column_div av-zero-column-padding  column-top-margin'     ><\/div>\n<style type=\"text\/css\" data-created_by=\"avia_inline_auto\" id=\"style-css-av-1yn3xc-d7316ad04b8166bceaf45457431ed21d\">\n.flex_column.av-1yn3xc-d7316ad04b8166bceaf45457431ed21d{\nborder-radius:0px 0px 0px 0px;\npadding:0px 0px 0px 0px;\n}\n<\/style>\n<div  class='flex_column av-1yn3xc-d7316ad04b8166bceaf45457431ed21d av_one_half  avia-builder-el-10  el_after_av_one_half  avia-builder-el-last  flex_column_div av-zero-column-padding  column-top-margin'     ><\/div>\n","protected":false},"excerpt":{"rendered":"","protected":false},"author":7,"featured_media":51005,"parent":50974,"menu_order":15,"comment_status":"closed","ping_status":"closed","template":"","meta":{"footnotes":""},"class_list":["post-51299","page","type-page","status-publish","has-post-thumbnail","hentry"],"_links":{"self":[{"href":"https:\/\/cerdanya.org\/fr\/wp-json\/wp\/v2\/pages\/51299","targetHints":{"allow":["GET"]}}],"collection":[{"href":"https:\/\/cerdanya.org\/fr\/wp-json\/wp\/v2\/pages"}],"about":[{"href":"https:\/\/cerdanya.org\/fr\/wp-json\/wp\/v2\/types\/page"}],"author":[{"embeddable":true,"href":"https:\/\/cerdanya.org\/fr\/wp-json\/wp\/v2\/users\/7"}],"replies":[{"embeddable":true,"href":"https:\/\/cerdanya.org\/fr\/wp-json\/wp\/v2\/comments?post=51299"}],"version-history":[{"count":0,"href":"https:\/\/cerdanya.org\/fr\/wp-json\/wp\/v2\/pages\/51299\/revisions"}],"up":[{"embeddable":true,"href":"https:\/\/cerdanya.org\/fr\/wp-json\/wp\/v2\/pages\/50974"}],"wp:featuredmedia":[{"embeddable":true,"href":"https:\/\/cerdanya.org\/fr\/wp-json\/wp\/v2\/media\/51005"}],"wp:attachment":[{"href":"https:\/\/cerdanya.org\/fr\/wp-json\/wp\/v2\/media?parent=51299"}],"curies":[{"name":"wp","href":"https:\/\/api.w.org\/{rel}","templated":true}]}}