{"id":30975,"date":"2022-04-14T08:58:02","date_gmt":"2022-04-14T06:58:02","guid":{"rendered":"http:\/\/www.cerdanya.org\/legendes\/kerresetcaps\/"},"modified":"2022-04-28T13:47:02","modified_gmt":"2022-04-28T11:47:02","slug":"kerresetcaps","status":"publish","type":"page","link":"https:\/\/cerdanya.org\/fr\/decouvrir\/culture\/legendes\/kerresetcaps\/","title":{"rendered":"Kerresetcaps"},"content":{"rendered":"\n<style type=\"text\/css\" data-created_by=\"avia_inline_auto\" id=\"style-css-av-36rb4oj-ba4d95154227ed0d8a771e7152bf9e9e\">\n.flex_column.av-36rb4oj-ba4d95154227ed0d8a771e7152bf9e9e{\nborder-radius:0px 0px 0px 0px;\npadding:0px 0px 0px 0px;\n}\n<\/style>\n<div  class='flex_column av-36rb4oj-ba4d95154227ed0d8a771e7152bf9e9e av_one_half  avia-builder-el-0  el_before_av_one_half  avia-builder-el-first  first flex_column_div av-zero-column-padding  '     ><section  class='av_textblock_section av-ksyomoyl-25f1f3c8b1a0a9b03a6473be4799410f '   itemscope=\"itemscope\" itemtype=\"https:\/\/schema.org\/CreativeWork\" ><div class='avia_textblock'  itemprop=\"text\" ><p>C&rsquo;\u00e9tait au milieu du XVIIe si\u00e8cle quand de nombreux Cerdans, effray\u00e9s par un \u00e9ventuel monstre, n&rsquo;osaient pas aller dans la for\u00eat, n pour aller chercher du bois, ni pour aller chercher des champignons, ni m\u00eame aller \u00e0 la chasse. Beaucoup ont pr\u00e9tendu l&rsquo;avoir vu, d&rsquo;autres l&rsquo;ont cru apr\u00e8s avoir entendu les premiers.<\/p>\n<p>Un jour, un homme de Puigcerdan s&rsquo;est trouv\u00e9 dans la n\u00e9cessit\u00e9 d&rsquo;aller chercher du bois pour se chauffer et d\u00e9cida de se rendre aux premiers pins de Salt\u00e8guet, non sans emmener son fils pour qu&rsquo;il soit aux aguets hors de la for\u00eat et qu&rsquo;il l&rsquo;avertisse en cas de danger. Il ne fallut pas longtemps avant d&rsquo;entendre soudainement comme un rugissement. Les jambes du bonhomme commenc\u00e8rent une course rapide vers l&rsquo;endroit o\u00f9 son fils devait \u00eatre. Il n&rsquo;\u00e9tait pas l\u00e0! Il \u00e9tait un peu plus loin avec un&#8230; \u00eatre \u00e9trange, un monstre terrible ! Il l&rsquo;appela avec angoisse mais le gar\u00e7on r\u00e9pondit qu&rsquo;il \u00e9tait un \u00eatre bon. Sans l&rsquo;\u00e9couter et hors de lui, son p\u00e8re saisit le fusil de chasse qu&rsquo;il portait pour faire face \u00e0 la b\u00eate, qui, apr\u00e8s un grand rugissement, disparut dans les bois.<\/p>\n<p>Arriv\u00e9 au village, apr\u00e8s avoir vivement grond\u00e9 le gar\u00e7on et l&rsquo;avoir enferm\u00e9 dans une pi\u00e8ce de sa maison, il est parti aussit\u00f4t pr\u00e9venir ses amis et le viguier, alors la plus haute autorit\u00e9 de la r\u00e9gion. \u00ab Assez de cette histoire qui nous fait tous peur \u00bb, pensa-t-il. Puis il d\u00e9cida de faire un raid intense \u00e0 l&rsquo;endroit o\u00f9 le monstre \u00e9tait apparu. Pendant ce temps, \u00e0 la maison, le gar\u00e7on n&rsquo;arr\u00eatait pas de dire \u00e0 sa m\u00e8re que cet \u00eatre n&rsquo;\u00e9tait pas mauvais. Cependant, le groupe qui \u00e9tait parti \u00e0 sa recherche a r\u00e9ussi \u00e0 le rattraper vivant, non sans peur et beaucoup d&rsquo;efforts, et l&rsquo;a emmen\u00e9 en prison. Quand le gar\u00e7on le d\u00e9couvre, il pleure et pleure de d\u00e9sespoir. Le lendemain, alors qu&rsquo;il est montr\u00e9 en cage et bien encha\u00een\u00e9 sur la Pla\u00e7a Major, le gar\u00e7on avait le temps de s&rsquo;\u00e9chapper et d&rsquo;aller le voir. Il se glissa \u00e0 travers la foule et se dirigea vers l&rsquo;avant du cercle qui s&rsquo;\u00e9tait form\u00e9 \u00e0 une distance raisonnable marqu\u00e9 par les soldats. Il s&rsquo;approcha d&rsquo;un mouvement agile. Tout le monde criait de peur mais personne n&rsquo;osait s&rsquo;approcher. La b\u00eate cessa de rugir et lui donna une des mains. Instinctivement, d&rsquo;autres gar\u00e7ons firent de m\u00eame : le monstre comprit cette chaleur innocente des enfants. Le p\u00e8re d&rsquo;un des gar\u00e7ons voulant s&rsquo;approcher pour le repousser, la b\u00eate r\u00e9p\u00e9ta, \u00e0 nouveau, un grand rugissement. En lui elle ne sentait pas de consid\u00e9ration. En deux jours, la conversation de toute la ville et de toute la Cerdagne n&rsquo;\u00e9tait autre que le sujet du monstre, de sorte que presque tous les habitants de Cerdagne se sont rendus \u00e0 Puigcerd\u00e0 pour le voir avant que les autorit\u00e9s ne l&rsquo;envoient au tribunal royal, comme comment\u00e9.<\/p>\n<p>La grande joie de ces affectueux gar\u00e7ons fut cependant d&rsquo;apprendre que cet \u00eatre, \u00e0 \u00ab <strong>Kerresetcaps<\/strong> \u00bb, avait r\u00e9ussi \u00e0 s&rsquo;\u00e9chapper. Ils savaient \u00e0 l&rsquo;int\u00e9rieur qu&rsquo;ils le reverraient dans les terres de Cerdagne pour jouer \u00e0 des jeux avec eux et effrayer ou bannir ces vrais monstres au c\u0153ur dur.<\/p>\n<p><em>Sebasti\u00e0 Bosom, l&rsquo;archiviste local, s&rsquo;est inspir\u00e9 d&rsquo;un document de 1654 situ\u00e9 \u00e0 la Biblioth\u00e8que nationale de Madrid, qui mentionne l&rsquo;existence de \u00ab\u00a0Kerresetcaps\u00a0\u00bb. Gr\u00e2ce \u00e0 son initiative, avec l&rsquo;aide de la bande de diables et de la mairie, la cr\u00e9ature fantastique existe aujourd&rsquo;hui pour se retrouver ann\u00e9e apr\u00e8s ann\u00e9e avec les gar\u00e7ons de Puigcerd\u00e0 la nuit de Sant Joan.<\/em><\/p>\n<\/div><\/section><\/div>\n<style type=\"text\/css\" data-created_by=\"avia_inline_auto\" id=\"style-css-av-1ng0qsz-23c1aa3b7ae50c716d5e85aa47409484\">\n.flex_column.av-1ng0qsz-23c1aa3b7ae50c716d5e85aa47409484{\nborder-radius:0px 0px 0px 0px;\npadding:0px 0px 0px 0px;\n}\n<\/style>\n<div  class='flex_column av-1ng0qsz-23c1aa3b7ae50c716d5e85aa47409484 av_one_half  avia-builder-el-2  el_after_av_one_half  avia-builder-el-last  flex_column_div av-zero-column-padding  '     ><p>\n<style type=\"text\/css\" data-created_by=\"avia_inline_auto\" id=\"style-css-av-936171-6886fbf0327a20bf9ad446689c9fd742\">\n#top .av-special-heading.av-936171-6886fbf0327a20bf9ad446689c9fd742{\npadding-bottom:10px;\n}\nbody .av-special-heading.av-936171-6886fbf0327a20bf9ad446689c9fd742 .av-special-heading-tag .heading-char{\nfont-size:25px;\n}\n.av-special-heading.av-936171-6886fbf0327a20bf9ad446689c9fd742 .av-subheading{\nfont-size:15px;\n}\n<\/style>\n<div  class='av-special-heading av-936171-6886fbf0327a20bf9ad446689c9fd742 av-special-heading-h3  avia-builder-el-3  el_before_av_player  avia-builder-el-first '><h3 class='av-special-heading-tag '  itemprop=\"headline\"  >\u00c9coutez la l\u00e9gende<\/h3><div class=\"special-heading-border\"><div class=\"special-heading-inner-border\"><\/div><\/div><\/div><br \/>\n<div id=\"av_player-1\" class=\"av-player av-player-container av-kwp1gaol-fc6c4040781e7dae89e9de85a5eabb3b avia-playerstyle-classic av_player-1  avia-builder-el-4  el_after_av_heading  el_before_av_player  first avia-playlist-no-loop avia-playlist-hide-cover\"><div class=\"av-player-player-container\"><div class=\"wp-playlist wp-audio-playlist wp-playlist-light\">\n\t\t\t<div class=\"wp-playlist-current-item\"><\/div>\n\t\t<audio controls=\"controls\" preload=\"none\" width=\"1478\"\n\t\t\t><\/audio>\n\t<div class=\"wp-playlist-next\"><\/div>\n\t<div class=\"wp-playlist-prev\"><\/div>\n\t<noscript>\n\t<ol>\n\t\t<li><a href='https:\/\/cerdanya.org\/wp-content\/uploads\/2022\/01\/kerresetcaps-CAT.mp3'>CATAL\u00c0<\/a><\/li>\t<\/ol>\n\t<\/noscript>\n\t<script type=\"application\/json\" class=\"wp-playlist-script\">{\"type\":\"audio\",\"tracklist\":true,\"tracknumbers\":true,\"images\":true,\"artists\":true,\"tracks\":[{\"src\":\"https:\/\/cerdanya.org\/wp-content\/uploads\/2022\/01\/kerresetcaps-CAT.mp3\",\"type\":\"audio\/mpeg\",\"title\":\"CATAL\\u00c0\",\"caption\":\"Kerresetcaps\",\"description\":\"Kerresetcaps\",\"meta\":{\"album\":\"Kerresetcaps\",\"year\":\"2021\",\"length_formatted\":\"2:59\"},\"image\":{\"src\":\"https:\/\/cerdanya.org\/wp-includes\/images\/media\/audio.svg\",\"width\":48,\"height\":64},\"thumb\":{\"src\":\"https:\/\/cerdanya.org\/wp-includes\/images\/media\/audio.svg\",\"width\":48,\"height\":64}}]}<\/script>\n<\/div>\n\t<\/div><\/div><br \/>\n<div id=\"av_player-2\" class=\"av-player av-player-container av-kwp1gaol-fc6c4040781e7dae89e9de85a5eabb3b avia-playerstyle-classic av_player-2  avia-builder-el-5  el_after_av_player  el_before_av_player  avia-playlist-no-loop avia-playlist-hide-cover\"><div class=\"av-player-player-container\"><div class=\"wp-playlist wp-audio-playlist wp-playlist-light\">\n\t\t\t<div class=\"wp-playlist-current-item\"><\/div>\n\t\t<audio controls=\"controls\" preload=\"none\" width=\"1478\"\n\t\t\t><\/audio>\n\t<div class=\"wp-playlist-next\"><\/div>\n\t<div class=\"wp-playlist-prev\"><\/div>\n\t<noscript>\n\t<ol>\n\t\t<li><a href='https:\/\/cerdanya.org\/wp-content\/uploads\/2022\/01\/kerresetcaps-ES.mp3'>CASTELL\u00c0<\/a><\/li>\t<\/ol>\n\t<\/noscript>\n\t<script type=\"application\/json\" class=\"wp-playlist-script\">{\"type\":\"audio\",\"tracklist\":true,\"tracknumbers\":true,\"images\":true,\"artists\":true,\"tracks\":[{\"src\":\"https:\/\/cerdanya.org\/wp-content\/uploads\/2022\/01\/kerresetcaps-ES.mp3\",\"type\":\"audio\/mpeg\",\"title\":\"CASTELL\\u00c0\",\"caption\":\"Kerresetcaps\",\"description\":\"Kerresetcaps\",\"meta\":{\"album\":\"Kerresetcaps\",\"year\":\"2021\",\"length_formatted\":\"2:55\"},\"image\":{\"src\":\"https:\/\/cerdanya.org\/wp-includes\/images\/media\/audio.svg\",\"width\":48,\"height\":64},\"thumb\":{\"src\":\"https:\/\/cerdanya.org\/wp-includes\/images\/media\/audio.svg\",\"width\":48,\"height\":64}}]}<\/script>\n<\/div>\n\t<\/div><\/div><br \/>\n<div id=\"av_player-3\" class=\"av-player av-player-container av-kwp1gaol-fc6c4040781e7dae89e9de85a5eabb3b avia-playerstyle-classic av_player-3  avia-builder-el-6  el_after_av_player  el_before_av_player  avia-playlist-no-loop avia-playlist-hide-cover\"><div class=\"av-player-player-container\"><div class=\"wp-playlist wp-audio-playlist wp-playlist-light\">\n\t\t\t<div class=\"wp-playlist-current-item\"><\/div>\n\t\t<audio controls=\"controls\" preload=\"none\" width=\"1478\"\n\t\t\t><\/audio>\n\t<div class=\"wp-playlist-next\"><\/div>\n\t<div class=\"wp-playlist-prev\"><\/div>\n\t<noscript>\n\t<ol>\n\t\t<li><a href='https:\/\/cerdanya.org\/wp-content\/uploads\/2022\/01\/kerresetcaps-ENG.mp3'>ANGL\u00c8S<\/a><\/li>\t<\/ol>\n\t<\/noscript>\n\t<script type=\"application\/json\" class=\"wp-playlist-script\">{\"type\":\"audio\",\"tracklist\":true,\"tracknumbers\":true,\"images\":true,\"artists\":true,\"tracks\":[{\"src\":\"https:\/\/cerdanya.org\/wp-content\/uploads\/2022\/01\/kerresetcaps-ENG.mp3\",\"type\":\"audio\/mpeg\",\"title\":\"ANGL\\u00c8S\",\"caption\":\"Kerresetcaps\",\"description\":\"Kerresetcaps\",\"meta\":{\"album\":\"Kerresetcaps\",\"year\":\"2021\",\"length_formatted\":\"3:01\"},\"image\":{\"src\":\"https:\/\/cerdanya.org\/wp-includes\/images\/media\/audio.svg\",\"width\":48,\"height\":64},\"thumb\":{\"src\":\"https:\/\/cerdanya.org\/wp-includes\/images\/media\/audio.svg\",\"width\":48,\"height\":64}}]}<\/script>\n<\/div>\n\t<\/div><\/div><br \/>\n<div id=\"av_player-4\" class=\"av-player av-player-container av-kwp1gaol-fc6c4040781e7dae89e9de85a5eabb3b avia-playerstyle-classic av_player-4  avia-builder-el-7  el_after_av_player  avia-builder-el-last  avia-playlist-no-loop avia-playlist-hide-cover\"><div class=\"av-player-player-container\"><div class=\"wp-playlist wp-audio-playlist wp-playlist-light\">\n\t\t\t<div class=\"wp-playlist-current-item\"><\/div>\n\t\t<audio controls=\"controls\" preload=\"none\" width=\"1478\"\n\t\t\t><\/audio>\n\t<div class=\"wp-playlist-next\"><\/div>\n\t<div class=\"wp-playlist-prev\"><\/div>\n\t<noscript>\n\t<ol>\n\t\t<li><a href='https:\/\/cerdanya.org\/wp-content\/uploads\/2022\/01\/kerresetcaps-FR.mp3'>FRANC\u00c8S<\/a><\/li>\t<\/ol>\n\t<\/noscript>\n\t<script type=\"application\/json\" class=\"wp-playlist-script\">{\"type\":\"audio\",\"tracklist\":true,\"tracknumbers\":true,\"images\":true,\"artists\":true,\"tracks\":[{\"src\":\"https:\/\/cerdanya.org\/wp-content\/uploads\/2022\/01\/kerresetcaps-FR.mp3\",\"type\":\"audio\/mpeg\",\"title\":\"FRANC\\u00c8S\",\"caption\":\"Kerresetcaps\",\"description\":\"Kerresetcaps\",\"meta\":{\"album\":\"Kerresetcaps\",\"year\":\"2021\",\"length_formatted\":\"2:53\"},\"image\":{\"src\":\"https:\/\/cerdanya.org\/wp-includes\/images\/media\/audio.svg\",\"width\":48,\"height\":64},\"thumb\":{\"src\":\"https:\/\/cerdanya.org\/wp-includes\/images\/media\/audio.svg\",\"width\":48,\"height\":64}}]}<\/script>\n<\/div>\n\t<\/div><\/div><\/p><\/div><\/p>\n","protected":false},"excerpt":{"rendered":"","protected":false},"author":7,"featured_media":24809,"parent":30363,"menu_order":80,"comment_status":"closed","ping_status":"closed","template":"","meta":{"footnotes":""},"class_list":["post-30975","page","type-page","status-publish","has-post-thumbnail","hentry"],"_links":{"self":[{"href":"https:\/\/cerdanya.org\/fr\/wp-json\/wp\/v2\/pages\/30975","targetHints":{"allow":["GET"]}}],"collection":[{"href":"https:\/\/cerdanya.org\/fr\/wp-json\/wp\/v2\/pages"}],"about":[{"href":"https:\/\/cerdanya.org\/fr\/wp-json\/wp\/v2\/types\/page"}],"author":[{"embeddable":true,"href":"https:\/\/cerdanya.org\/fr\/wp-json\/wp\/v2\/users\/7"}],"replies":[{"embeddable":true,"href":"https:\/\/cerdanya.org\/fr\/wp-json\/wp\/v2\/comments?post=30975"}],"version-history":[{"count":0,"href":"https:\/\/cerdanya.org\/fr\/wp-json\/wp\/v2\/pages\/30975\/revisions"}],"up":[{"embeddable":true,"href":"https:\/\/cerdanya.org\/fr\/wp-json\/wp\/v2\/pages\/30363"}],"wp:featuredmedia":[{"embeddable":true,"href":"https:\/\/cerdanya.org\/fr\/wp-json\/wp\/v2\/media\/24809"}],"wp:attachment":[{"href":"https:\/\/cerdanya.org\/fr\/wp-json\/wp\/v2\/media?parent=30975"}],"curies":[{"name":"wp","href":"https:\/\/api.w.org\/{rel}","templated":true}]}}