{"id":30905,"date":"2022-04-13T17:02:50","date_gmt":"2022-04-13T15:02:50","guid":{"rendered":"http:\/\/www.cerdanya.org\/la-voie-romane-via-romanica\/"},"modified":"2022-04-28T22:20:19","modified_gmt":"2022-04-28T20:20:19","slug":"la-voie-romane-via-romanica","status":"publish","type":"page","link":"https:\/\/cerdanya.org\/fr\/que-faire\/tourisme-culturel\/la-voie-romane-via-romanica\/","title":{"rendered":"La Voie Romane (Via Rom\u00e0nica)"},"content":{"rendered":"\n<style type=\"text\/css\" data-created_by=\"avia_inline_auto\" id=\"style-css-av-7dis8-df0d5cc950b826e2bf66b47631de403e\">\n.flex_column.av-7dis8-df0d5cc950b826e2bf66b47631de403e{\nborder-radius:0px 0px 0px 0px;\npadding:0px 0px 0px 0px;\n}\n<\/style>\n<div  class='flex_column av-7dis8-df0d5cc950b826e2bf66b47631de403e av_one_full  avia-builder-el-0  el_before_av_three_fourth  avia-builder-el-first  first flex_column_div av-zero-column-padding  '     ><section  class='av_textblock_section av-jyzmpxzp-f68f84d214929075c1b6d8feee003985 '   itemscope=\"itemscope\" itemtype=\"https:\/\/schema.org\/CreativeWork\" ><div class='avia_textblock'  itemprop=\"text\" ><blockquote>\n<p>La Via Rom\u00e0nica, voie transfrontali\u00e8re de la voie romane pyr\u00e9n\u00e9enne, s&rsquo;\u00e9tend transversalement de Perpignan, dans la r\u00e9gion de Roussillon au nord de la Catalogne, jusqu&rsquo;\u00e0 Bassella, \u00e0 la limite sud de l&rsquo;Alt Urgell. Cette route traverse les r\u00e9gions du Roussillon, Conflent, Cerdagne et Alt Urgell; c&rsquo;est-\u00e0-dire de la M\u00e9diterran\u00e9e au d\u00e9but des hautes terres occidentales. L&rsquo;itin\u00e9raire suit d&rsquo;abord la vall\u00e9e de la rivi\u00e8re Tet, puis rejoint la vall\u00e9e du Segre, sous la forme d&rsquo;un couloir naturel avec le seul obstacle orographique du Coll de la Perxa.<\/p>\n<\/blockquote>\n<\/div><\/section><\/div>\n\n<style type=\"text\/css\" data-created_by=\"avia_inline_auto\" id=\"style-css-av-1rvt6-2ec40c6969b87e7568d73965737a1cef\">\n.flex_column.av-1rvt6-2ec40c6969b87e7568d73965737a1cef{\nborder-radius:0px 0px 0px 0px;\npadding:0px 0px 0px 0px;\n}\n<\/style>\n<div  class='flex_column av-1rvt6-2ec40c6969b87e7568d73965737a1cef av_three_fourth  avia-builder-el-2  el_after_av_one_full  el_before_av_one_fourth  first flex_column_div av-zero-column-padding  column-top-margin'     ><p><section  class='av_textblock_section av-k85prb8x-01aa1d3e6f4fedca7ec94c7f0cd97041 '   itemscope=\"itemscope\" itemtype=\"https:\/\/schema.org\/CreativeWork\" ><div class='avia_textblock'  itemprop=\"text\" ><p>La zone pyr\u00e9n\u00e9enne qui comprend la voie romane est un territoire aux caract\u00e9ristiques physiques tr\u00e8s similaires et aux racines culturelles communes qui remontent au haut Moyen \u00c2ge. La fronti\u00e8re actuelle le long des Pyr\u00e9n\u00e9es n&rsquo;a que peu \u00e0 voir avec les divisions politiques de l&rsquo;\u00e9poque. Les communaut\u00e9s des deux versants du massif entretiennent des liens forts, tant de lign\u00e9es, f\u00e9odaux et d&rsquo;administrationn religieuse, qu&rsquo;en termes de relations humaines et commerciales. Nous parlons donc de la m\u00eame culture, dont les vestiges ont surv\u00e9cu jusqu&rsquo;\u00e0 nos jours, exprim\u00e9s dans des centaines de monuments romans. Il s&rsquo;agit donc d&rsquo;un ensemble monumental assez homog\u00e8ne et en m\u00eame temps riche en nuances, unique et s\u00e9duisant, couvrant un espace pyr\u00e9n\u00e9en parfaitement d\u00e9limit\u00e9.<\/p>\n<p>L&rsquo;architecture religieuse du Haut Moyen \u00c2ge en Cerdagne est marqu\u00e9e de grandes \u0153uvres et pr\u00e9sente un ensemble assez unitaire de petits \u00e9difices o\u00f9 se distinguent quelques exemples comme l&rsquo;ancien canonique de Santa Maria de Tall\u00f3 ou l&rsquo;\u00e9glise paroissiale de Sant Pere d&rsquo;Alp. La r\u00e9novation architecturale du XIe si\u00e8cle a introduit des formes lombardes tr\u00e8s simples en Cerdagne, ce qui a conduit \u00e0 de nombreux b\u00e2timents d\u00e9pourvus de d\u00e9coration. Cependant, certains \u00e9l\u00e9ments d\u00e9coratifs purement lombards sont assez fr\u00e9quents dans la r\u00e9gion.<\/p>\n<p>Cette tendance a dur\u00e9 jusqu&rsquo;\u00e0 la fin du XIIe si\u00e8cle qui se caract\u00e9rise par une continuit\u00e9 et par la r\u00e9novation de certains b\u00e2timents. Les anciennes toitures \u00e0 poutres en bois seront remplac\u00e9es par des vo\u00fbtes en berceau en ma\u00e7onnerie et les parements seront renforc\u00e9s par des arcs. On note \u00e9galement un perfectionnement et un raffinement dans le travail de la pierre, ainsi qu&rsquo;un changement dans les motifs ornementaux avec la pr\u00e9sence de sculpture sur les portails et les fen\u00eatres.<\/p>\n<p>Les repr\u00e9sentations religieuses sont essentiellement en bois sculpt\u00e9 et portent sur le Christ en majest\u00e9 et la Vierge Marie. Le culte de la crucifixion s&rsquo;est r\u00e9pandu entre les XIe et XIIe si\u00e8cles, mais il ne durera pas, ce qui a fait que peu ont surv\u00e9cu jusqu&rsquo;\u00e0 nos jours ; ce n&rsquo;est pas le cas du culte de Marie, la d\u00e9votion \u00e0 laquelle il a \u00e9t\u00e9 \u00e9tendu \u00e0 toutes les \u00e9glises de la r\u00e9gion jusqu&rsquo;\u00e0 nos jours, un fait pour lequel de nombreuses images ont \u00e9t\u00e9 conserv\u00e9es. Le type iconographique de ceux-ci est assez unitaire, du XIIe au XVe si\u00e8cle. Peu de vestiges de peinture murale sont conserv\u00e9s, qui, \u00e0 l&rsquo;exception de quelques \u00e9chantillons dans la Cerdagne sous administration fran\u00e7aise, se trouvent dans diff\u00e9rents mus\u00e9es.<\/p>\n<p>Vous pourrez d\u00e9couvrir toutes les \u00e9glises romanes de la r\u00e9gion en suivant chacun des itin\u00e9raires que nous vous proposons dans la brochure La Voie Romane.<\/p>\n<\/div><\/section><br \/>\n<div  class='avia-button-wrap av-k85q5fno-f6e7766d26adcacb1319828907238fdd-wrap avia-button-center  avia-builder-el-4  el_after_av_textblock  avia-builder-el-last '><a href='http:\/\/www.cerdanya.org\/fr\/informations-utiles\/publications\/'  class='avia-button av-k85q5fno-f6e7766d26adcacb1319828907238fdd av-link-btn avia-icon_select-yes-right-icon avia-size-x-large avia-position-center avia-color-theme-color'  target=\"_blank\"  rel=\"noopener noreferrer\"  aria-label=\"T\u00e9l\u00e9chargez la brochure\"><span class='avia_iconbox_title' >T\u00e9l\u00e9chargez la brochure<\/span><span class='avia_button_icon avia_button_icon_right avia-iconfont avia-font-entypo-fontello' data-av_icon='\ue82d' data-av_iconfont='entypo-fontello' ><\/span><\/a><\/div><\/p><\/div>\n<style type=\"text\/css\" data-created_by=\"avia_inline_auto\" id=\"style-css-av-9p5ve-6d87ebb1dcc0b55696c84e4f382b5fb5\">\n.flex_column.av-9p5ve-6d87ebb1dcc0b55696c84e4f382b5fb5{\nborder-radius:0px 0px 0px 0px;\npadding:0px 0px 0px 0px;\n}\n<\/style>\n<div  class='flex_column av-9p5ve-6d87ebb1dcc0b55696c84e4f382b5fb5 av_one_fourth  avia-builder-el-5  el_after_av_three_fourth  el_before_av_one_full  flex_column_div av-zero-column-padding  column-top-margin'     ><p>\n<style type=\"text\/css\" data-created_by=\"avia_inline_auto\" id=\"style-css-av-k85ps6yh-8d3e71f7ae4f18faa19ed98238bd2440\">\n.avia-image-container.av-k85ps6yh-8d3e71f7ae4f18faa19ed98238bd2440 img.avia_image{\nbox-shadow:none;\n}\n.avia-image-container.av-k85ps6yh-8d3e71f7ae4f18faa19ed98238bd2440 .av-image-caption-overlay-center{\ncolor:#ffffff;\n}\n<\/style>\n<div  class='avia-image-container av-k85ps6yh-8d3e71f7ae4f18faa19ed98238bd2440 av-styling- av-img-linked avia-align-center  avia-builder-el-6  el_before_av_image  avia-builder-el-first '   itemprop=\"image\" itemscope=\"itemscope\" itemtype=\"https:\/\/schema.org\/ImageObject\" ><div class=\"avia-image-container-inner\"><div class=\"avia-image-overlay-wrap\"><a href=\"https:\/\/cerdanya.org\/wp-content\/uploads\/2020\/03\/Santa-Maria-dAll-1030x691.jpg\" data-srcset=\"https:\/\/cerdanya.org\/wp-content\/uploads\/2020\/03\/Santa-Maria-dAll-1030x691.jpg 1030w, https:\/\/cerdanya.org\/wp-content\/uploads\/2020\/03\/Santa-Maria-dAll-300x201.jpg 300w, https:\/\/cerdanya.org\/wp-content\/uploads\/2020\/03\/Santa-Maria-dAll-768x515.jpg 768w, https:\/\/cerdanya.org\/wp-content\/uploads\/2020\/03\/Santa-Maria-dAll-705x473.jpg 705w, https:\/\/cerdanya.org\/wp-content\/uploads\/2020\/03\/Santa-Maria-dAll.jpg 1500w\" data-sizes=\"(max-width: 1030px) 100vw, 1030px\" class='avia_image '  aria-label='Santa Maria d&#039;All'><img decoding=\"async\" fetchpriority=\"high\" class='wp-image-20052 avia-img-lazy-loading-not-20052 avia_image ' src=\"https:\/\/cerdanya.org\/wp-content\/uploads\/2020\/03\/Santa-Maria-dAll-300x201.jpg\" alt='' title='Santa Maria d&#039;All'  height=\"201\" width=\"300\"  itemprop=\"thumbnailUrl\" srcset=\"https:\/\/cerdanya.org\/wp-content\/uploads\/2020\/03\/Santa-Maria-dAll-300x201.jpg 300w, https:\/\/cerdanya.org\/wp-content\/uploads\/2020\/03\/Santa-Maria-dAll-1030x691.jpg 1030w, https:\/\/cerdanya.org\/wp-content\/uploads\/2020\/03\/Santa-Maria-dAll-768x515.jpg 768w, https:\/\/cerdanya.org\/wp-content\/uploads\/2020\/03\/Santa-Maria-dAll-705x473.jpg 705w, https:\/\/cerdanya.org\/wp-content\/uploads\/2020\/03\/Santa-Maria-dAll.jpg 1500w\" sizes=\"(max-width: 300px) 100vw, 300px\" \/><\/a><\/div><\/div><\/div><br \/>\n\n<style type=\"text\/css\" data-created_by=\"avia_inline_auto\" id=\"style-css-av-k85ps6yh-d9ffc0418bc2806cf0b1e288556b19a5\">\n.avia-image-container.av-k85ps6yh-d9ffc0418bc2806cf0b1e288556b19a5 img.avia_image{\nbox-shadow:none;\n}\n.avia-image-container.av-k85ps6yh-d9ffc0418bc2806cf0b1e288556b19a5 .av-image-caption-overlay-center{\ncolor:#ffffff;\n}\n<\/style>\n<div  class='avia-image-container av-k85ps6yh-d9ffc0418bc2806cf0b1e288556b19a5 av-styling- av-img-linked avia-align-center  avia-builder-el-7  el_after_av_image  el_before_av_image '   itemprop=\"image\" itemscope=\"itemscope\" itemtype=\"https:\/\/schema.org\/ImageObject\" ><div class=\"avia-image-container-inner\"><div class=\"avia-image-overlay-wrap\"><a href=\"https:\/\/cerdanya.org\/wp-content\/uploads\/2020\/03\/Sant-Pere-d\u2019Olopte-1030x688.jpg\" data-srcset=\"https:\/\/cerdanya.org\/wp-content\/uploads\/2020\/03\/Sant-Pere-d\u2019Olopte-1030x688.jpg 1030w, https:\/\/cerdanya.org\/wp-content\/uploads\/2020\/03\/Sant-Pere-d\u2019Olopte-300x200.jpg 300w, https:\/\/cerdanya.org\/wp-content\/uploads\/2020\/03\/Sant-Pere-d\u2019Olopte-768x513.jpg 768w, https:\/\/cerdanya.org\/wp-content\/uploads\/2020\/03\/Sant-Pere-d\u2019Olopte-705x471.jpg 705w, https:\/\/cerdanya.org\/wp-content\/uploads\/2020\/03\/Sant-Pere-d\u2019Olopte.jpg 1500w\" data-sizes=\"(max-width: 1030px) 100vw, 1030px\" class='avia_image '  aria-label='Sant Pere d\u2019Olopte'><img decoding=\"async\" fetchpriority=\"high\" class='wp-image-20050 avia-img-lazy-loading-not-20050 avia_image ' src=\"https:\/\/cerdanya.org\/wp-content\/uploads\/2020\/03\/Sant-Pere-d\u2019Olopte-300x200.jpg\" alt='' title='Sant Pere d\u2019Olopte'  height=\"200\" width=\"300\"  itemprop=\"thumbnailUrl\" srcset=\"https:\/\/cerdanya.org\/wp-content\/uploads\/2020\/03\/Sant-Pere-d\u2019Olopte-300x200.jpg 300w, https:\/\/cerdanya.org\/wp-content\/uploads\/2020\/03\/Sant-Pere-d\u2019Olopte-1030x688.jpg 1030w, https:\/\/cerdanya.org\/wp-content\/uploads\/2020\/03\/Sant-Pere-d\u2019Olopte-768x513.jpg 768w, https:\/\/cerdanya.org\/wp-content\/uploads\/2020\/03\/Sant-Pere-d\u2019Olopte-705x471.jpg 705w, https:\/\/cerdanya.org\/wp-content\/uploads\/2020\/03\/Sant-Pere-d\u2019Olopte.jpg 1500w\" sizes=\"(max-width: 300px) 100vw, 300px\" \/><\/a><\/div><\/div><\/div><br \/>\n\n<style type=\"text\/css\" data-created_by=\"avia_inline_auto\" id=\"style-css-av-k85ps6yh-583e5bf1dcfab0ce7553c8206c16ebf4\">\n.avia-image-container.av-k85ps6yh-583e5bf1dcfab0ce7553c8206c16ebf4 img.avia_image{\nbox-shadow:none;\n}\n.avia-image-container.av-k85ps6yh-583e5bf1dcfab0ce7553c8206c16ebf4 .av-image-caption-overlay-center{\ncolor:#ffffff;\n}\n<\/style>\n<div  class='avia-image-container av-k85ps6yh-583e5bf1dcfab0ce7553c8206c16ebf4 av-styling- av-img-linked avia-align-center  avia-builder-el-8  el_after_av_image  el_before_av_image '   itemprop=\"image\" itemscope=\"itemscope\" itemtype=\"https:\/\/schema.org\/ImageObject\" ><div class=\"avia-image-container-inner\"><div class=\"avia-image-overlay-wrap\"><a href=\"https:\/\/cerdanya.org\/wp-content\/uploads\/2020\/03\/Sant-Juli\u00e0-de-Pedra-1030x687.jpg\" data-srcset=\"https:\/\/cerdanya.org\/wp-content\/uploads\/2020\/03\/Sant-Juli\u00e0-de-Pedra-1030x687.jpg 1030w, https:\/\/cerdanya.org\/wp-content\/uploads\/2020\/03\/Sant-Juli\u00e0-de-Pedra-300x200.jpg 300w, https:\/\/cerdanya.org\/wp-content\/uploads\/2020\/03\/Sant-Juli\u00e0-de-Pedra-768x513.jpg 768w, https:\/\/cerdanya.org\/wp-content\/uploads\/2020\/03\/Sant-Juli\u00e0-de-Pedra-705x470.jpg 705w, https:\/\/cerdanya.org\/wp-content\/uploads\/2020\/03\/Sant-Juli\u00e0-de-Pedra.jpg 1500w\" data-sizes=\"(max-width: 1030px) 100vw, 1030px\" class='avia_image '  aria-label='Sant Juli\u00e0 de Pedra'><img decoding=\"async\" fetchpriority=\"high\" class='wp-image-20048 avia-img-lazy-loading-not-20048 avia_image ' src=\"https:\/\/cerdanya.org\/wp-content\/uploads\/2020\/03\/Sant-Juli\u00e0-de-Pedra-300x200.jpg\" alt='' title='Sant Juli\u00e0 de Pedra'  height=\"200\" width=\"300\"  itemprop=\"thumbnailUrl\" srcset=\"https:\/\/cerdanya.org\/wp-content\/uploads\/2020\/03\/Sant-Juli\u00e0-de-Pedra-300x200.jpg 300w, https:\/\/cerdanya.org\/wp-content\/uploads\/2020\/03\/Sant-Juli\u00e0-de-Pedra-1030x687.jpg 1030w, https:\/\/cerdanya.org\/wp-content\/uploads\/2020\/03\/Sant-Juli\u00e0-de-Pedra-768x513.jpg 768w, https:\/\/cerdanya.org\/wp-content\/uploads\/2020\/03\/Sant-Juli\u00e0-de-Pedra-705x470.jpg 705w, https:\/\/cerdanya.org\/wp-content\/uploads\/2020\/03\/Sant-Juli\u00e0-de-Pedra.jpg 1500w\" sizes=\"(max-width: 300px) 100vw, 300px\" \/><\/a><\/div><\/div><\/div><br \/>\n\n<style type=\"text\/css\" data-created_by=\"avia_inline_auto\" id=\"style-css-av-k85ps6yh-bff5510d37e6194f1bcd7d2fe6caafd2\">\n.avia-image-container.av-k85ps6yh-bff5510d37e6194f1bcd7d2fe6caafd2 img.avia_image{\nbox-shadow:none;\n}\n.avia-image-container.av-k85ps6yh-bff5510d37e6194f1bcd7d2fe6caafd2 .av-image-caption-overlay-center{\ncolor:#ffffff;\n}\n<\/style>\n<div  class='avia-image-container av-k85ps6yh-bff5510d37e6194f1bcd7d2fe6caafd2 av-styling- av-img-linked avia-align-center  avia-builder-el-9  el_after_av_image  avia-builder-el-last '   itemprop=\"image\" itemscope=\"itemscope\" itemtype=\"https:\/\/schema.org\/ImageObject\" ><div class=\"avia-image-container-inner\"><div class=\"avia-image-overlay-wrap\"><a href=\"https:\/\/cerdanya.org\/wp-content\/uploads\/2020\/03\/Santa-Maria-de-Tall\u00f3-1030x687.jpg\" data-srcset=\"https:\/\/cerdanya.org\/wp-content\/uploads\/2020\/03\/Santa-Maria-de-Tall\u00f3-1030x687.jpg 1030w, https:\/\/cerdanya.org\/wp-content\/uploads\/2020\/03\/Santa-Maria-de-Tall\u00f3-300x200.jpg 300w, https:\/\/cerdanya.org\/wp-content\/uploads\/2020\/03\/Santa-Maria-de-Tall\u00f3-768x513.jpg 768w, https:\/\/cerdanya.org\/wp-content\/uploads\/2020\/03\/Santa-Maria-de-Tall\u00f3-705x470.jpg 705w, https:\/\/cerdanya.org\/wp-content\/uploads\/2020\/03\/Santa-Maria-de-Tall\u00f3.jpg 1500w\" data-sizes=\"(max-width: 1030px) 100vw, 1030px\" class='avia_image '  aria-label='Santa Maria de Tall\u00f3'><img decoding=\"async\" fetchpriority=\"high\" class='wp-image-20046 avia-img-lazy-loading-not-20046 avia_image ' src=\"https:\/\/cerdanya.org\/wp-content\/uploads\/2020\/03\/Santa-Maria-de-Tall\u00f3-300x200.jpg\" alt='' title='Santa Maria de Tall\u00f3'  height=\"200\" width=\"300\"  itemprop=\"thumbnailUrl\" srcset=\"https:\/\/cerdanya.org\/wp-content\/uploads\/2020\/03\/Santa-Maria-de-Tall\u00f3-300x200.jpg 300w, https:\/\/cerdanya.org\/wp-content\/uploads\/2020\/03\/Santa-Maria-de-Tall\u00f3-1030x687.jpg 1030w, https:\/\/cerdanya.org\/wp-content\/uploads\/2020\/03\/Santa-Maria-de-Tall\u00f3-768x513.jpg 768w, https:\/\/cerdanya.org\/wp-content\/uploads\/2020\/03\/Santa-Maria-de-Tall\u00f3-705x470.jpg 705w, https:\/\/cerdanya.org\/wp-content\/uploads\/2020\/03\/Santa-Maria-de-Tall\u00f3.jpg 1500w\" sizes=\"(max-width: 300px) 100vw, 300px\" \/><\/a><\/div><\/div><\/div><\/p><\/div><\/p>\n\n<style type=\"text\/css\" data-created_by=\"avia_inline_auto\" id=\"style-css-av-bpy8q-26decf61c14f3a166b7d8a5899d0a611\">\n.flex_column.av-bpy8q-26decf61c14f3a166b7d8a5899d0a611{\nborder-radius:0px 0px 0px 0px;\npadding:0px 0px 0px 0px;\n}\n<\/style>\n<div  class='flex_column av-bpy8q-26decf61c14f3a166b7d8a5899d0a611 av_one_full  avia-builder-el-10  el_after_av_one_fourth  avia-builder-el-last  first flex_column_div av-zero-column-padding  column-top-margin'     ><section  class='av_textblock_section av-k85q3ywp-b8f613bf4aa9f5e0c8eaa998b23ddf2a '   itemscope=\"itemscope\" itemtype=\"https:\/\/schema.org\/CreativeWork\" ><div class='avia_textblock'  itemprop=\"text\" ><p>De plus, \u00e0 l&rsquo;office de tourisme de La Cerdagne, nous avons en vente une publication o\u00f9 est expliqu\u00e9 en d\u00e9tail chaque \u00e9glise de la Voie Romane de Cerdagne.<\/p>\n<\/div><\/section><\/div>\n","protected":false},"excerpt":{"rendered":"","protected":false},"author":3,"featured_media":20050,"parent":30911,"menu_order":20,"comment_status":"closed","ping_status":"closed","template":"","meta":{"footnotes":""},"class_list":["post-30905","page","type-page","status-publish","has-post-thumbnail","hentry"],"_links":{"self":[{"href":"https:\/\/cerdanya.org\/fr\/wp-json\/wp\/v2\/pages\/30905","targetHints":{"allow":["GET"]}}],"collection":[{"href":"https:\/\/cerdanya.org\/fr\/wp-json\/wp\/v2\/pages"}],"about":[{"href":"https:\/\/cerdanya.org\/fr\/wp-json\/wp\/v2\/types\/page"}],"author":[{"embeddable":true,"href":"https:\/\/cerdanya.org\/fr\/wp-json\/wp\/v2\/users\/3"}],"replies":[{"embeddable":true,"href":"https:\/\/cerdanya.org\/fr\/wp-json\/wp\/v2\/comments?post=30905"}],"version-history":[{"count":0,"href":"https:\/\/cerdanya.org\/fr\/wp-json\/wp\/v2\/pages\/30905\/revisions"}],"up":[{"embeddable":true,"href":"https:\/\/cerdanya.org\/fr\/wp-json\/wp\/v2\/pages\/30911"}],"wp:featuredmedia":[{"embeddable":true,"href":"https:\/\/cerdanya.org\/fr\/wp-json\/wp\/v2\/media\/20050"}],"wp:attachment":[{"href":"https:\/\/cerdanya.org\/fr\/wp-json\/wp\/v2\/media?parent=30905"}],"curies":[{"name":"wp","href":"https:\/\/api.w.org\/{rel}","templated":true}]}}