{"id":30889,"date":"2022-04-13T16:48:10","date_gmt":"2022-04-13T14:48:10","guid":{"rendered":"http:\/\/www.cerdanya.org\/velo\/"},"modified":"2025-04-01T10:59:53","modified_gmt":"2025-04-01T08:59:53","slug":"velo","status":"publish","type":"page","link":"https:\/\/cerdanya.org\/fr\/que-faire\/tourisme-actif\/velo\/","title":{"rendered":"V\u00e9lo"},"content":{"rendered":"<section  class='av_textblock_section av-k6m0wljw-002029f626e2aa1b42d9b3a00b7fb0f3 '   itemscope=\"itemscope\" itemtype=\"https:\/\/schema.org\/CreativeWork\" ><div class='avia_textblock'  itemprop=\"text\" ><blockquote>\n<p>Vous trouverez ci-dessous les entreprises de La Cerdagne qui proposent diff\u00e9rents services et activit\u00e9s \u00e0 v\u00e9lo.<\/p>\n<\/blockquote>\n<\/div><\/section>\n\n<style type=\"text\/css\" data-created_by=\"avia_inline_auto\" id=\"style-css-av-29vsm2-9ac1544b722e7c360b30ce5b31f73ff9\">\n.flex_column.av-29vsm2-9ac1544b722e7c360b30ce5b31f73ff9{\nborder-radius:0px 0px 0px 0px;\npadding:0px 0px 0px 0px;\n}\n<\/style>\n<div  class='flex_column av-29vsm2-9ac1544b722e7c360b30ce5b31f73ff9 av_one_full  avia-builder-el-1  el_after_av_textblock  el_before_av_section  avia-builder-el-last  first flex_column_div av-zero-column-padding  column-top-margin'     ><\/div>\n<\/div><\/div><\/div><!-- close content main div --><\/div><\/div><div id='av_section_1'  class='avia-section av-bo58q-671398f3972a8545db5f863d36ce90a9 main_color avia-section-default avia-no-border-styling  avia-builder-el-3  el_after_av_one_full  avia-builder-el-last  avia-bg-style-scroll container_wrap fullsize'  ><div class='container av-section-cont-open' ><div class='template-page content  av-content-full alpha units'><div class='post-entry post-entry-type-page post-entry-30889'><div class='entry-content-wrapper clearfix'>\n\n<style type=\"text\/css\" data-created_by=\"avia_inline_auto\" id=\"style-css-av-2hpeym-6d4e357229310061560ce3fbb53e57ed\">\n.flex_column.av-2hpeym-6d4e357229310061560ce3fbb53e57ed{\nborder-radius:0px 0px 0px 0px;\npadding:0px 0px 0px 0px;\n}\n<\/style>\n<div  class='flex_column av-2hpeym-6d4e357229310061560ce3fbb53e57ed av_one_fourth  avia-builder-el-4  el_before_av_one_half  avia-builder-el-first  first flex_column_div av-zero-column-padding  '     ><\/div>\n<style type=\"text\/css\" data-created_by=\"avia_inline_auto\" id=\"style-css-av-2hpeym-5e09124b11f2b290a1d439151aa0ea74\">\n.flex_column.av-2hpeym-5e09124b11f2b290a1d439151aa0ea74{\nborder-radius:0px 0px 0px 0px;\npadding:0px 0px 0px 0px;\n}\n<\/style>\n<div  class='flex_column av-2hpeym-5e09124b11f2b290a1d439151aa0ea74 av_one_half  avia-builder-el-5  el_after_av_one_fourth  avia-builder-el-last  flex_column_div av-zero-column-padding  '     ><div  class='av_promobox av-k74ecqi6-453bad8ca5000a65fe0046134a3c6f62 avia-button-no  avia-builder-el-6  avia-builder-el-no-sibling '><div class='avia-promocontent'><\/p>\n<p style=\"text-align: center;\">Si vous avez une entreprise li\u00e9e au v\u00e9lo bas\u00e9e en Cerdagne et que vous n&rsquo;\u00eates pas sur le Web, <a href=\"http:\/\/www.cerdanya.org\/fr\/informations-utiles\/contact\/\">veuillez nous contacter<\/a> .<\/p>\n<p>\n<\/div><\/div><\/div>\n\n","protected":false},"excerpt":{"rendered":"","protected":false},"author":3,"featured_media":19392,"parent":30915,"menu_order":20,"comment_status":"closed","ping_status":"closed","template":"","meta":{"footnotes":""},"class_list":["post-30889","page","type-page","status-publish","has-post-thumbnail","hentry"],"_links":{"self":[{"href":"https:\/\/cerdanya.org\/fr\/wp-json\/wp\/v2\/pages\/30889","targetHints":{"allow":["GET"]}}],"collection":[{"href":"https:\/\/cerdanya.org\/fr\/wp-json\/wp\/v2\/pages"}],"about":[{"href":"https:\/\/cerdanya.org\/fr\/wp-json\/wp\/v2\/types\/page"}],"author":[{"embeddable":true,"href":"https:\/\/cerdanya.org\/fr\/wp-json\/wp\/v2\/users\/3"}],"replies":[{"embeddable":true,"href":"https:\/\/cerdanya.org\/fr\/wp-json\/wp\/v2\/comments?post=30889"}],"version-history":[{"count":2,"href":"https:\/\/cerdanya.org\/fr\/wp-json\/wp\/v2\/pages\/30889\/revisions"}],"predecessor-version":[{"id":76077,"href":"https:\/\/cerdanya.org\/fr\/wp-json\/wp\/v2\/pages\/30889\/revisions\/76077"}],"up":[{"embeddable":true,"href":"https:\/\/cerdanya.org\/fr\/wp-json\/wp\/v2\/pages\/30915"}],"wp:featuredmedia":[{"embeddable":true,"href":"https:\/\/cerdanya.org\/fr\/wp-json\/wp\/v2\/media\/19392"}],"wp:attachment":[{"href":"https:\/\/cerdanya.org\/fr\/wp-json\/wp\/v2\/media?parent=30889"}],"curies":[{"name":"wp","href":"https:\/\/api.w.org\/{rel}","templated":true}]}}