{"id":30805,"date":"2022-04-13T15:34:07","date_gmt":"2022-04-13T13:34:07","guid":{"rendered":"http:\/\/www.cerdanya.org\/trufes-after-eight\/"},"modified":"2022-04-28T14:01:08","modified_gmt":"2022-04-28T12:01:08","slug":"trufes-after-eight","status":"publish","type":"page","link":"https:\/\/cerdanya.org\/fr\/gastronomie\/recettes\/trufes-after-eight\/","title":{"rendered":"Trufes After Eight"},"content":{"rendered":"<div id='av_section_1'  class='avia-section av-hcg34-dbb0092a76b1e9b02c598c8889c3246c main_color avia-section-default avia-no-border-styling  avia-builder-el-0  avia-builder-el-no-sibling  avia-bg-style-scroll container_wrap fullsize'  ><div class='container av-section-cont-open' ><main  role=\"main\" itemprop=\"mainContentOfPage\"  class='template-page content  av-content-full alpha units'><div class='post-entry post-entry-type-page post-entry-30805'><div class='entry-content-wrapper clearfix'>\n\n<style type=\"text\/css\" data-created_by=\"avia_inline_auto\" id=\"style-css-av-d62i8-e1b62b7dc067bcf2940624526674b441\">\n.flex_column.av-d62i8-e1b62b7dc067bcf2940624526674b441{\nborder-radius:0px 0px 0px 0px;\npadding:0px 0px 0px 0px;\n}\n<\/style>\n<div  class='flex_column av-d62i8-e1b62b7dc067bcf2940624526674b441 av_one_third  avia-builder-el-1  el_before_av_two_third  avia-builder-el-first  first flex_column_div av-zero-column-padding  '     ><p>\n<style type=\"text\/css\" data-created_by=\"avia_inline_auto\" id=\"style-css-av-kcnlw76c-04348d5b1e89aaf39530298788c82074\">\n#top .av-special-heading.av-kcnlw76c-04348d5b1e89aaf39530298788c82074{\npadding-bottom:20px;\n}\nbody .av-special-heading.av-kcnlw76c-04348d5b1e89aaf39530298788c82074 .av-special-heading-tag .heading-char{\nfont-size:25px;\n}\n.av-special-heading.av-kcnlw76c-04348d5b1e89aaf39530298788c82074 .av-subheading{\nfont-size:15px;\n}\n<\/style>\n<div  class='av-special-heading av-kcnlw76c-04348d5b1e89aaf39530298788c82074 av-special-heading-h2 blockquote modern-quote av-linked-heading'><h2 class='av-special-heading-tag '  itemprop=\"headline\"  >Trufes After Eight<\/h2><div class=\"special-heading-border\"><div class=\"special-heading-inner-border\"><\/div><\/div><\/div><br \/>\n\n<style type=\"text\/css\" data-created_by=\"avia_inline_auto\" id=\"style-css-av-jvc89ocd-1c6e46df07fe84af9d51d1bb9e7b7bb5\">\n.avia-image-container.av-jvc89ocd-1c6e46df07fe84af9d51d1bb9e7b7bb5 img.avia_image{\nbox-shadow:none;\n}\n.avia-image-container.av-jvc89ocd-1c6e46df07fe84af9d51d1bb9e7b7bb5 .av-image-caption-overlay-center{\ncolor:#ffffff;\n}\n<\/style>\n<div  class='avia-image-container av-jvc89ocd-1c6e46df07fe84af9d51d1bb9e7b7bb5 av-styling- avia-align-center  avia-builder-el-2  el_before_av_textblock  avia-builder-el-first '   itemprop=\"image\" itemscope=\"itemscope\" itemtype=\"https:\/\/schema.org\/ImageObject\" ><div class=\"avia-image-container-inner\"><div class=\"avia-image-overlay-wrap\"><img decoding=\"async\" fetchpriority=\"high\" class='wp-image-21223 avia-img-lazy-loading-not-21223 avia_image ' src=\"https:\/\/cerdanya.org\/wp-content\/uploads\/2020\/07\/trufes-after-eight-park-hotel-300x168.jpg\" alt='Trufes After Eight' title='trufes-after-eight-park-hotel'  height=\"168\" width=\"300\"  itemprop=\"thumbnailUrl\" srcset=\"https:\/\/cerdanya.org\/wp-content\/uploads\/2020\/07\/trufes-after-eight-park-hotel-300x168.jpg 300w, https:\/\/cerdanya.org\/wp-content\/uploads\/2020\/07\/trufes-after-eight-park-hotel-1030x576.jpg 1030w, https:\/\/cerdanya.org\/wp-content\/uploads\/2020\/07\/trufes-after-eight-park-hotel-768x429.jpg 768w, https:\/\/cerdanya.org\/wp-content\/uploads\/2020\/07\/trufes-after-eight-park-hotel-705x394.jpg 705w, https:\/\/cerdanya.org\/wp-content\/uploads\/2020\/07\/trufes-after-eight-park-hotel.jpg 1301w\" sizes=\"(max-width: 300px) 100vw, 300px\" \/><\/div><\/div><\/div><br \/>\n<section  class='av_textblock_section av-jvc87pz8-b50fea7519a8f103f3f96b210db57b12 '   itemscope=\"itemscope\" itemtype=\"https:\/\/schema.org\/CreativeWork\" ><div class='avia_textblock'  itemprop=\"text\" ><p><strong>Auteur<\/strong><\/p>\n<p><a href=\"http:\/\/www.hotelparkpuigcerda.com\/\">Park Hotel Puigcerda<\/a><\/p>\n<\/div><\/section><\/p><\/div>\n<style type=\"text\/css\" data-created_by=\"avia_inline_auto\" id=\"style-css-av-8udkg-49e0a2a8e2ba57ff1decc227e1ecf295\">\n.flex_column.av-8udkg-49e0a2a8e2ba57ff1decc227e1ecf295{\nborder-radius:0px 0px 0px 0px;\npadding:0px 0px 0px 0px;\n}\n<\/style>\n<div  class='flex_column av-8udkg-49e0a2a8e2ba57ff1decc227e1ecf295 av_two_third  avia-builder-el-4  el_after_av_one_third  avia-builder-el-last  flex_column_div av-zero-column-padding  '     ><p>\n<style type=\"text\/css\" data-created_by=\"avia_inline_auto\" id=\"style-css-av-jvc8k2v5-b530ae9fea88d9b2892306e99c5cd481\">\n#top .hr.hr-invisible.av-jvc8k2v5-b530ae9fea88d9b2892306e99c5cd481{\nheight:30px;\n}\n<\/style>\n<div  class='hr av-jvc8k2v5-b530ae9fea88d9b2892306e99c5cd481 hr-invisible  avia-builder-el-5  el_before_av_textblock  avia-builder-el-first '><span class='hr-inner '><span class=\"hr-inner-style\"><\/span><\/span><\/div><br \/>\n<section  class='av_textblock_section av-jvc87pz8-b50fea7519a8f103f3f96b210db57b12 '   itemscope=\"itemscope\" itemtype=\"https:\/\/schema.org\/CreativeWork\" ><div class='avia_textblock'  itemprop=\"text\" ><p><strong>Ingr\u00e9dients<\/strong><\/p>\n<ul>\n<li>250 cc de cr\u00e8me liquide<\/li>\n<li>200 gr de chocolat \u00e0 plus de 60% de cacao<\/li>\n<li>Une poign\u00e9e de feuilles de menthe fra\u00eeche<\/li>\n<li>Petits morceaux de chocolat<\/li>\n<\/ul>\n<p><strong>\u00c9laboration<\/strong><\/p>\n<p>Nous mettons la cr\u00e8me avec les feuilles de menthe. Nous commen\u00e7ons simplement \u00e0 le faire bouillir (en faisant attention de ne pas le renverser) et \u00e0 le retirer du feu. Couvrir d&rsquo;un film alimentaire et laisser infuser environ 10 minutes.<\/p>\n<p>Filtrer ce m\u00e9lange en laissant la cr\u00e8me sans feuilles. Nous jetons les feuilles.<\/p>\n<p>Encore chaud, ajoutez le chocolat et m\u00e9langez bien le tout.<\/p>\n<p>Nous le laissons au r\u00e9frig\u00e9rateur pendant environ trois heures.<\/p>\n<p>Une fois froid, on donne quelques coups pour que la p\u00e2te au chocolat soit bien plac\u00e9e pour qu&rsquo;on puisse la mettre dans la poche \u00e0 douille p\u00e2tissi\u00e8re.<\/p>\n<p>Sur un plateau et \u00e0 l&rsquo;aide de la douille, on fabrique des petits monticules de chocolat.<\/p>\n<p>Nous le mettons au r\u00e9frig\u00e9rateur pendant une heure jusqu&rsquo;\u00e0 ce qu&rsquo;ils aient une texture dure mais pas trop. On les garnit des petits morceaux de chocolat et on les met dans des petites tartelettes en papier pour les servir.<\/p>\n<\/div><\/section><br \/>\n\n<style type=\"text\/css\" data-created_by=\"avia_inline_auto\" id=\"style-css-av-k9l2lsyj-50136044f64ae289a9abd2cb136752bb\">\n#top .hr.hr-invisible.av-k9l2lsyj-50136044f64ae289a9abd2cb136752bb{\nheight:20px;\n}\n<\/style>\n<div  class='hr av-k9l2lsyj-50136044f64ae289a9abd2cb136752bb hr-invisible  avia-builder-el-7  el_after_av_textblock  el_before_av_button '><span class='hr-inner '><span class=\"hr-inner-style\"><\/span><\/span><\/div><br \/>\n<div  class='avia-button-wrap av-k9l2nixi-0389771cd2a936458c35b6630bb18d08-wrap avia-button-center  avia-builder-el-8  el_after_av_hr  avia-builder-el-last '>\n<style type=\"text\/css\" data-created_by=\"avia_inline_auto\" id=\"style-css-av-k9l2nixi-0389771cd2a936458c35b6630bb18d08\">\n#top #wrap_all .avia-button.av-k9l2nixi-0389771cd2a936458c35b6630bb18d08{\nbackground-color:#9e9e9e;\nborder-color:#9e9e9e;\ncolor:#ffffff;\ntransition:all 0.4s ease-in-out;\n}\n#top #wrap_all .avia-button.av-k9l2nixi-0389771cd2a936458c35b6630bb18d08 .avia-svg-icon svg:first-child{\nfill:#ffffff;\nstroke:#ffffff;\n}\n<\/style>\n<a href='http:\/\/www.cerdanya.org\/wp-content\/uploads\/2020\/07\/recepta-trufes-after-eight-park-hotel.pdf'  class='avia-button av-k9l2nixi-0389771cd2a936458c35b6630bb18d08 av-link-btn avia-icon_select-yes-right-icon avia-size-large avia-position-center'  target=\"_blank\"  rel=\"noopener noreferrer\"  aria-label=\"T\u00e9l\u00e9chargez la recette\"><span class='avia_iconbox_title' >T\u00e9l\u00e9chargez la recette<\/span><span class='avia_button_icon avia_button_icon_right avia-iconfont avia-font-entypo-fontello' data-av_icon='\ue838' data-av_iconfont='entypo-fontello' ><\/span><\/a><\/div><\/p><\/div>\n","protected":false},"excerpt":{"rendered":"","protected":false},"author":3,"featured_media":21223,"parent":30943,"menu_order":10,"comment_status":"closed","ping_status":"closed","template":"","meta":{"footnotes":""},"class_list":["post-30805","page","type-page","status-publish","has-post-thumbnail","hentry"],"_links":{"self":[{"href":"https:\/\/cerdanya.org\/fr\/wp-json\/wp\/v2\/pages\/30805","targetHints":{"allow":["GET"]}}],"collection":[{"href":"https:\/\/cerdanya.org\/fr\/wp-json\/wp\/v2\/pages"}],"about":[{"href":"https:\/\/cerdanya.org\/fr\/wp-json\/wp\/v2\/types\/page"}],"author":[{"embeddable":true,"href":"https:\/\/cerdanya.org\/fr\/wp-json\/wp\/v2\/users\/3"}],"replies":[{"embeddable":true,"href":"https:\/\/cerdanya.org\/fr\/wp-json\/wp\/v2\/comments?post=30805"}],"version-history":[{"count":0,"href":"https:\/\/cerdanya.org\/fr\/wp-json\/wp\/v2\/pages\/30805\/revisions"}],"up":[{"embeddable":true,"href":"https:\/\/cerdanya.org\/fr\/wp-json\/wp\/v2\/pages\/30943"}],"wp:featuredmedia":[{"embeddable":true,"href":"https:\/\/cerdanya.org\/fr\/wp-json\/wp\/v2\/media\/21223"}],"wp:attachment":[{"href":"https:\/\/cerdanya.org\/fr\/wp-json\/wp\/v2\/media?parent=30805"}],"curies":[{"name":"wp","href":"https:\/\/api.w.org\/{rel}","templated":true}]}}