{"id":30799,"date":"2022-04-13T14:52:03","date_gmt":"2022-04-13T12:52:03","guid":{"rendered":"http:\/\/www.cerdanya.org\/programmes-de-cooperation\/pect-costa-brava-pyrenees-de-gerone-nature-culture-et-intelligence-en-reseau\/"},"modified":"2022-04-28T21:33:03","modified_gmt":"2022-04-28T19:33:03","slug":"pect-costa-brava-pyrenees-de-gerone-nature-culture-et-intelligence-en-reseau","status":"publish","type":"page","link":"https:\/\/cerdanya.org\/fr\/informations-utiles\/programmes-de-cooperation\/pect-costa-brava-pyrenees-de-gerone-nature-culture-et-intelligence-en-reseau\/","title":{"rendered":"PECT Costa Brava Pyr\u00e9n\u00e9es de G\u00e9rone : nature, culture et intelligence en r\u00e9seau"},"content":{"rendered":"\n<style type=\"text\/css\" data-created_by=\"avia_inline_auto\" id=\"style-css-av-6iggm1-a349a212ecd0ab1b269f03278623d0a5\">\n.flex_column.av-6iggm1-a349a212ecd0ab1b269f03278623d0a5{\nborder-radius:0px 0px 0px 0px;\npadding:0px 0px 0px 0px;\n}\n<\/style>\n<div  class='flex_column av-6iggm1-a349a212ecd0ab1b269f03278623d0a5 av_one_full  avia-builder-el-0  el_before_av_one_full  avia-builder-el-first  first flex_column_div av-zero-column-padding  '     ><style type=\"text\/css\" data-created_by=\"avia_inline_auto\" id=\"style-css-av-kgqg23wp-2ca262e460ecaba12a43feae693fce0f\">\n.avia-image-container.av-kgqg23wp-2ca262e460ecaba12a43feae693fce0f img.avia_image{\nbox-shadow:none;\n}\n.avia-image-container.av-kgqg23wp-2ca262e460ecaba12a43feae693fce0f .av-image-caption-overlay-center{\ncolor:#ffffff;\n}\n<\/style>\n<div  class='avia-image-container av-kgqg23wp-2ca262e460ecaba12a43feae693fce0f av-styling- avia-align-center  avia-builder-el-1  avia-builder-el-no-sibling '   itemprop=\"image\" itemscope=\"itemscope\" itemtype=\"https:\/\/schema.org\/ImageObject\" ><div class=\"avia-image-container-inner\"><div class=\"avia-image-overlay-wrap\"><img decoding=\"async\" fetchpriority=\"high\" class='wp-image-21972 avia-img-lazy-loading-not-21972 avia_image ' src=\"https:\/\/cerdanya.org\/wp-content\/uploads\/2020\/10\/pect_girona_costabrava.jpg\" alt='PECT Costa Brava Pirineu de Girona: natura, cultura i intel\u00b7lig\u00e8ncia en xarxa' title='pect_girona_costabrava'  height=\"380\" width=\"1080\"  itemprop=\"thumbnailUrl\" srcset=\"https:\/\/cerdanya.org\/wp-content\/uploads\/2020\/10\/pect_girona_costabrava.jpg 1080w, https:\/\/cerdanya.org\/wp-content\/uploads\/2020\/10\/pect_girona_costabrava-300x106.jpg 300w, https:\/\/cerdanya.org\/wp-content\/uploads\/2020\/10\/pect_girona_costabrava-1030x362.jpg 1030w, https:\/\/cerdanya.org\/wp-content\/uploads\/2020\/10\/pect_girona_costabrava-768x270.jpg 768w, https:\/\/cerdanya.org\/wp-content\/uploads\/2020\/10\/pect_girona_costabrava-705x248.jpg 705w\" sizes=\"(max-width: 1080px) 100vw, 1080px\" \/><\/div><\/div><\/div><\/div>\n\n<style type=\"text\/css\" data-created_by=\"avia_inline_auto\" id=\"style-css-av-fjh7gp-94188cae6ee7962faa073f9613de614f\">\n.flex_column.av-fjh7gp-94188cae6ee7962faa073f9613de614f{\nborder-radius:0px 0px 0px 0px;\npadding:0px 0px 0px 0px;\n}\n<\/style>\n<div  class='flex_column av-fjh7gp-94188cae6ee7962faa073f9613de614f av_one_full  avia-builder-el-2  el_after_av_one_full  el_before_av_one_full  first flex_column_div av-zero-column-padding  column-top-margin'     ><section  class='av_textblock_section av-kgqmry61-c61d1233e6e4e692edabe08c8275dfcf '   itemscope=\"itemscope\" itemtype=\"https:\/\/schema.org\/CreativeWork\" ><div class='avia_textblock'  itemprop=\"text\" ><p><strong>Il s&rsquo;agit d&rsquo;un projet de sp\u00e9cialisation et de comp\u00e9titivit\u00e9 territoriale (PECT) ax\u00e9 sur le domaine du tourisme.<\/strong><\/p>\n<p><strong>Il fait partie de la campagne du Conseil provincial de G\u00e9rone sur les projets de sp\u00e9cialisation et la comp\u00e9titivit\u00e9 territoriale : \u00ab\u00a0PECT \u00e0 G\u00e9rone, territoire intelligent\u00a0\u00bb<\/strong><\/p>\n<\/div><\/section><\/div>\n\n<style type=\"text\/css\" data-created_by=\"avia_inline_auto\" id=\"style-css-av-e91lzt-ebb67014451f970ed85781b4d7827513\">\n.flex_column.av-e91lzt-ebb67014451f970ed85781b4d7827513{\nborder-radius:0px 0px 0px 0px;\npadding:0px 0px 0px 0px;\n}\n<\/style>\n<div  class='flex_column av-e91lzt-ebb67014451f970ed85781b4d7827513 av_one_full  avia-builder-el-4  el_after_av_one_full  el_before_av_one_full  first flex_column_div av-zero-column-padding  column-top-margin'     ><section  class='av_textblock_section av-kgqn0z03-690e072d6d02f8b65ee3ce45c8b9754c '   itemscope=\"itemscope\" itemtype=\"https:\/\/schema.org\/CreativeWork\" ><div class='avia_textblock'  itemprop=\"text\" ><p>Les PECT, ce sont les projets de sp\u00e9cialisation et de comp\u00e9titivit\u00e9 territoriale propos\u00e9s par les collectivit\u00e9s territoriales. Il s&rsquo;agit d&rsquo;initiatives, promues par des agents locaux et port\u00e9es par des entit\u00e9s publiques locales (conseils provinciaux, mairies, conseils d\u00e9partementaux), qui articulent des projets avec des op\u00e9rations et des actions pour la transformation \u00e9conomique du territoire et qui ont une forte composante d&rsquo;innovation. Ils contribuent aux priorit\u00e9s et aux objectifs du RIS3CAT (Strat\u00e9gie de D\u00e9veloppement Intelligent de la Catalogne) et du Programme Op\u00e9rationnel (PO) FEDER de la Catalogne 2014-2020 ; elles participent du tissu social et \u00e9conomique, et ont un impact sur la comp\u00e9titivit\u00e9 du territoire.<\/p>\n<p>L&rsquo;objectif du projet \u00ab\u00a0Nature, culture et intelligence du r\u00e9seau\u00a0\u00bb est d&rsquo;am\u00e9liorer les destinations touristiques de la Costa Brava et des Pyr\u00e9n\u00e9es de G\u00e9rone en introduisant de nouvelles technologies et en valorisant le r\u00e9seau routier et le patrimoine culturel et naturel.<\/p>\n<p>Il reliera l&rsquo;ensemble de G\u00e9rone, ses routes, chemins et sentiers, tant sur la carte que sur le terrain. Pour cette raison, ils adaptent, signalent et cr\u00e9ent des itin\u00e9raires \u00e0 pied et \u00e0 v\u00e9lo d&rsquo;un c\u00f4t\u00e9 \u00e0 l&rsquo;autre de la r\u00e9gion de G\u00e9rone.<\/p>\n<p>Ce projet fera conna\u00eetre le patrimoine naturel et culturel, notamment le plus m\u00e9connu, et en facilitera l&rsquo;acc\u00e8s. Cela se fera en mettant sur la table une offre slow, durable et accessible \u00e0 tous, et avec les nouvelles technologies comme pilier tant pour l&rsquo;interpr\u00e9ter que pour y acc\u00e9der facilement.<\/p>\n<p>Tout cela servira \u00e0 encourager l&rsquo;activit\u00e9 \u00e9conomique autour du patrimoine et des routes, car de nouveaux produits seront cr\u00e9\u00e9s pour atteindre de nouveaux march\u00e9s, d\u00e9saisonnaliser l&rsquo;offre touristique et diff\u00e9rencier G\u00e9rone des autres destinations.<\/p>\n<\/div><\/section><\/div>\n\n<style type=\"text\/css\" data-created_by=\"avia_inline_auto\" id=\"style-css-av-cid3fd-31ce23ba0b32f56eca8a2f77c730953f\">\n.flex_column.av-cid3fd-31ce23ba0b32f56eca8a2f77c730953f{\nborder-radius:0px 0px 0px 0px;\npadding:0px 0px 0px 0px;\n}\n<\/style>\n<div  class='flex_column av-cid3fd-31ce23ba0b32f56eca8a2f77c730953f av_one_full  avia-builder-el-6  el_after_av_one_full  el_before_av_one_full  first flex_column_div av-zero-column-padding  column-top-margin'     ><div  class='avia-video av-kgqg3qrk-c3e721569c2f0be7e02fafa7d8bbe4c2 avia-video-16-9 av-no-preview-image avia-video-load-always av-lazyload-immediate av-lazyload-video-embed'  itemprop=\"video\" itemtype=\"https:\/\/schema.org\/VideoObject\"  data-original_url='https:\/\/youtu.be\/_3bHdqoyj2g'><script type='text\/html' class='av-video-tmpl'><div class='avia-iframe-wrap'><iframe loading=\"lazy\" title=\"Costa Brava Pirineu de Girona: Natura, cultura i intel\u00b7lig\u00e8ncia en xarxa\" width=\"1500\" height=\"844\" src=\"https:\/\/www.youtube.com\/embed\/_3bHdqoyj2g?feature=oembed&autoplay=0&loop=0&controls=1&mute=0\" frameborder=\"0\" allow=\"accelerometer; autoplay; clipboard-write; encrypted-media; gyroscope; picture-in-picture\" allowfullscreen><\/iframe><\/div><\/script><div class='av-click-to-play-overlay'><div class=\"avia_playpause_icon\"><\/div><\/div><\/div><\/div>\n\n<style type=\"text\/css\" data-created_by=\"avia_inline_auto\" id=\"style-css-av-13dctl-4ae56e9b0a86896d819c201e55d430e3\">\n.flex_column.av-13dctl-4ae56e9b0a86896d819c201e55d430e3{\nborder-radius:0px 0px 0px 0px;\npadding:0px 0px 0px 0px;\n}\n<\/style>\n<div  class='flex_column av-13dctl-4ae56e9b0a86896d819c201e55d430e3 av_one_full  avia-builder-el-8  el_after_av_one_full  el_before_av_one_full  first flex_column_div av-zero-column-padding  column-top-margin'     ><p>\n<style type=\"text\/css\" data-created_by=\"avia_inline_auto\" id=\"style-css-av-djh9a1-405e098c12ab74fe38f0d51a670e7078\">\n#top .av-special-heading.av-djh9a1-405e098c12ab74fe38f0d51a670e7078{\npadding-bottom:10px;\n}\nbody .av-special-heading.av-djh9a1-405e098c12ab74fe38f0d51a670e7078 .av-special-heading-tag .heading-char{\nfont-size:25px;\n}\n.av-special-heading.av-djh9a1-405e098c12ab74fe38f0d51a670e7078 .av-subheading{\nfont-size:15px;\n}\n<\/style>\n<div  class='av-special-heading av-djh9a1-405e098c12ab74fe38f0d51a670e7078 av-special-heading-h3  avia-builder-el-9  el_before_av_textblock  avia-builder-el-first '><h3 class='av-special-heading-tag '  itemprop=\"headline\"  >Cibles<\/h3><div class=\"special-heading-border\"><div class=\"special-heading-inner-border\"><\/div><\/div><\/div><br \/>\n<section  class='av_textblock_section av-kgqn0z03-690e072d6d02f8b65ee3ce45c8b9754c '   itemscope=\"itemscope\" itemtype=\"https:\/\/schema.org\/CreativeWork\" ><div class='avia_textblock'  itemprop=\"text\" ><ul>\n<li>La cr\u00e9ation d&rsquo;un r\u00e9seau de Sentiers Intelligents et Accessibles.<\/li>\n<li>La cr\u00e9ation d&rsquo;une s\u00e9rie de propositions pour rendre le patrimoine culturel et naturel plus accessible et pour faciliter son interpr\u00e9tation aux touristes.<\/li>\n<li>La conception et la mise en \u0153uvre d&rsquo;un mod\u00e8le de gestion plus efficace des destinations touristiques qui int\u00e8gre la participation active des agents et le d\u00e9veloppement d&rsquo;outils d&rsquo;innovation ouverte. En parall\u00e8le, une interface sera d\u00e9velopp\u00e9e afin d&rsquo;am\u00e9liorer l&rsquo;exp\u00e9rience touristique une fois sur le territoire.<\/li>\n<\/ul>\n<\/div><\/section><br \/>\n\n<style type=\"text\/css\" data-created_by=\"avia_inline_auto\" id=\"style-css-av-ca4vuh-8c6148a4606275cbe56500361f7513f5\">\n#top .av-special-heading.av-ca4vuh-8c6148a4606275cbe56500361f7513f5{\npadding-bottom:10px;\n}\nbody .av-special-heading.av-ca4vuh-8c6148a4606275cbe56500361f7513f5 .av-special-heading-tag .heading-char{\nfont-size:25px;\n}\n.av-special-heading.av-ca4vuh-8c6148a4606275cbe56500361f7513f5 .av-subheading{\nfont-size:15px;\n}\n<\/style>\n<div  class='av-special-heading av-ca4vuh-8c6148a4606275cbe56500361f7513f5 av-special-heading-h3  avia-builder-el-11  el_after_av_textblock  el_before_av_textblock '><h3 class='av-special-heading-tag '  itemprop=\"headline\"  >Actions<\/h3><div class=\"special-heading-border\"><div class=\"special-heading-inner-border\"><\/div><\/div><\/div><br \/>\n<section  class='av_textblock_section av-kgqn0z03-690e072d6d02f8b65ee3ce45c8b9754c '   itemscope=\"itemscope\" itemtype=\"https:\/\/schema.org\/CreativeWork\" ><div class='avia_textblock'  itemprop=\"text\" ><ul>\n<li>R\u00e9seau des Sentiers Intelligents et Accessibles<\/li>\n<li>Patrimoine ouvert<\/li>\n<li>Open Tourism<\/li>\n<\/ul>\n<\/div><\/section><br \/>\n\n<style type=\"text\/css\" data-created_by=\"avia_inline_auto\" id=\"style-css-av-a483mh-66090787c878ff0fc5ae0ca56f7aaa30\">\n#top .av-special-heading.av-a483mh-66090787c878ff0fc5ae0ca56f7aaa30{\npadding-bottom:10px;\n}\nbody .av-special-heading.av-a483mh-66090787c878ff0fc5ae0ca56f7aaa30 .av-special-heading-tag .heading-char{\nfont-size:25px;\n}\n.av-special-heading.av-a483mh-66090787c878ff0fc5ae0ca56f7aaa30 .av-subheading{\nfont-size:15px;\n}\n<\/style>\n<div  class='av-special-heading av-a483mh-66090787c878ff0fc5ae0ca56f7aaa30 av-special-heading-h3  avia-builder-el-13  el_after_av_textblock  el_before_av_textblock '><h3 class='av-special-heading-tag '  itemprop=\"headline\"  >Budget<\/h3><div class=\"special-heading-border\"><div class=\"special-heading-inner-border\"><\/div><\/div><\/div><br \/>\n<section  class='av_textblock_section av-kgqg6ukj-d417e4e7d82b8dc3a50909861fba9c98 '   itemscope=\"itemscope\" itemtype=\"https:\/\/schema.org\/CreativeWork\" ><div class='avia_textblock'  itemprop=\"text\" ><p>1 436 722,72 \u20ac<\/p>\n<\/div><\/section><br \/>\n\n<style type=\"text\/css\" data-created_by=\"avia_inline_auto\" id=\"style-css-av-8ge1bt-243fda11d1010a75ef2c2661f4aa8759\">\n#top .av-special-heading.av-8ge1bt-243fda11d1010a75ef2c2661f4aa8759{\npadding-bottom:10px;\n}\nbody .av-special-heading.av-8ge1bt-243fda11d1010a75ef2c2661f4aa8759 .av-special-heading-tag .heading-char{\nfont-size:25px;\n}\n.av-special-heading.av-8ge1bt-243fda11d1010a75ef2c2661f4aa8759 .av-subheading{\nfont-size:15px;\n}\n<\/style>\n<div  class='av-special-heading av-8ge1bt-243fda11d1010a75ef2c2661f4aa8759 av-special-heading-h3  avia-builder-el-15  el_after_av_textblock  el_before_av_textblock '><h3 class='av-special-heading-tag '  itemprop=\"headline\"  >Financement<\/h3><div class=\"special-heading-border\"><div class=\"special-heading-inner-border\"><\/div><\/div><\/div><br \/>\n<section  class='av_textblock_section av-kgqg6ukj-d417e4e7d82b8dc3a50909861fba9c98 '   itemscope=\"itemscope\" itemtype=\"https:\/\/schema.org\/CreativeWork\" ><div class='avia_textblock'  itemprop=\"text\" ><ul>\n<li>FEDER (718 361,36 euros)<\/li>\n<li>Conseil provincial de G\u00e9rone (329 620,86 euros)<\/li>\n<li>Coordination du Conseil provincial de G\u00e9rone (59 119,61 euros)<\/li>\n<li>Universit\u00e9 de G\u00e9rone (50 056,67 euros)<\/li>\n<li>Conseil d\u00e9partemental de l&rsquo;Alt Empord\u00e0 (68 787,38 euros)<\/li>\n<li>Conseil d\u00e9partemental du Pla de l&rsquo;Estany (52 804,20 euros)<\/li>\n<li>Agence de d\u00e9veloppement du Ripoll\u00e8s (52 804,20 euros)<\/li>\n<li>Conseil d\u00e9partemental de Cerdagne (52 364,24 euros)<\/li>\n<li>Consortium Voies Vertes de G\u00e9rone (52 804,20 euros)<\/li>\n<\/ul>\n<\/div><\/section><br \/>\n\n<style type=\"text\/css\" data-created_by=\"avia_inline_auto\" id=\"style-css-av-7rxz89-56ea3f847b963429e06c1a4152309de7\">\n#top .av-special-heading.av-7rxz89-56ea3f847b963429e06c1a4152309de7{\npadding-bottom:10px;\n}\nbody .av-special-heading.av-7rxz89-56ea3f847b963429e06c1a4152309de7 .av-special-heading-tag .heading-char{\nfont-size:25px;\n}\n.av-special-heading.av-7rxz89-56ea3f847b963429e06c1a4152309de7 .av-subheading{\nfont-size:15px;\n}\n<\/style>\n<div  class='av-special-heading av-7rxz89-56ea3f847b963429e06c1a4152309de7 av-special-heading-h3  avia-builder-el-17  el_after_av_textblock  el_before_av_textblock '><h3 class='av-special-heading-tag '  itemprop=\"headline\"  >R\u00e9sultat attendu<\/h3><div class=\"special-heading-border\"><div class=\"special-heading-inner-border\"><\/div><\/div><\/div><br \/>\n<section  class='av_textblock_section av-kgqg6ukj-d417e4e7d82b8dc3a50909861fba9c98 '   itemscope=\"itemscope\" itemtype=\"https:\/\/schema.org\/CreativeWork\" ><div class='avia_textblock'  itemprop=\"text\" ><p>Plus de 2 800 nouvelles visites sur les sites sont attendues.<\/p>\n<\/div><\/section><br \/>\n\n<style type=\"text\/css\" data-created_by=\"avia_inline_auto\" id=\"style-css-av-6knju1-703983741ce97a81eee0a8825131b023\">\n#top .av-special-heading.av-6knju1-703983741ce97a81eee0a8825131b023{\npadding-bottom:10px;\n}\nbody .av-special-heading.av-6knju1-703983741ce97a81eee0a8825131b023 .av-special-heading-tag .heading-char{\nfont-size:25px;\n}\n.av-special-heading.av-6knju1-703983741ce97a81eee0a8825131b023 .av-subheading{\nfont-size:15px;\n}\n<\/style>\n<div  class='av-special-heading av-6knju1-703983741ce97a81eee0a8825131b023 av-special-heading-h3  avia-builder-el-19  el_after_av_textblock  el_before_av_textblock '><h3 class='av-special-heading-tag '  itemprop=\"headline\"  >Op\u00e9rations<\/h3><div class=\"special-heading-border\"><div class=\"special-heading-inner-border\"><\/div><\/div><\/div><br \/>\n<section  class='av_textblock_section av-kgqg6ukj-d417e4e7d82b8dc3a50909861fba9c98 '   itemscope=\"itemscope\" itemtype=\"https:\/\/schema.org\/CreativeWork\" ><div class='avia_textblock'  itemprop=\"text\" ><ul>\n<li>Coordination.<\/li>\n<li>Nature, culture et intelligence en r\u00e9seau. Comarques de G\u00e9rone.<\/li>\n<li>Nature, culture et intelligence en r\u00e9seau. R\u00e9gion de l&rsquo;Alt Empord\u00e0.<\/li>\n<li>Nature, culture et intelligence en r\u00e9seau. R\u00e9gion du Pla de l&rsquo;Estany.<\/li>\n<li>Nature, culture et intelligence en r\u00e9seau. R\u00e9gion du Ripoll\u00e8s.<\/li>\n<li>Nature, culture et intelligence en r\u00e9seau. R\u00e9gion de Cerdagne.<\/li>\n<li>Nature, culture et intelligence en r\u00e9seau. Voies vertes de G\u00e9rone.<\/li>\n<\/ul>\n<\/div><\/section><br \/>\n\n<style type=\"text\/css\" data-created_by=\"avia_inline_auto\" id=\"style-css-av-g4t2x-d5dfeedbf9160079479fd3d5b2eafb4a\">\n#top .av-special-heading.av-g4t2x-d5dfeedbf9160079479fd3d5b2eafb4a{\npadding-bottom:10px;\n}\nbody .av-special-heading.av-g4t2x-d5dfeedbf9160079479fd3d5b2eafb4a .av-special-heading-tag .heading-char{\nfont-size:25px;\n}\n.av-special-heading.av-g4t2x-d5dfeedbf9160079479fd3d5b2eafb4a .av-subheading{\nfont-size:15px;\n}\n<\/style>\n<div  class='av-special-heading av-g4t2x-d5dfeedbf9160079479fd3d5b2eafb4a av-special-heading-h3  avia-builder-el-21  el_after_av_textblock  el_before_av_textblock '><h3 class='av-special-heading-tag '  itemprop=\"headline\"  >Plus d\u2019information<\/h3><div class=\"special-heading-border\"><div class=\"special-heading-inner-border\"><\/div><\/div><\/div><br \/>\n<section  class='av_textblock_section av-kgqg6ukj-d417e4e7d82b8dc3a50909861fba9c98 '   itemscope=\"itemscope\" itemtype=\"https:\/\/schema.org\/CreativeWork\" ><div class='avia_textblock'  itemprop=\"text\" ><p><a href=\"http:\/\/www.ddgi.cat\/web\/servei\/3376\/costa-brava-pirineu-de-girona--natura--cultura-i-intel-ligencia-en-xarxa-ambit-d-especialitzacio--turisme\" target=\"_blank\" rel=\"noopener\">Conseil provincial de G\u00e9rone<\/a><\/p>\n<\/div><\/section><\/p><\/div>\n<style type=\"text\/css\" data-created_by=\"avia_inline_auto\" id=\"style-css-av-267obt-cdcb00842f2f5e6fef1bee5fecfe0e19\">\n.flex_column.av-267obt-cdcb00842f2f5e6fef1bee5fecfe0e19{\nborder-radius:0px 0px 0px 0px;\npadding:0px 0px 0px 0px;\n}\n<\/style>\n<div  class='flex_column av-267obt-cdcb00842f2f5e6fef1bee5fecfe0e19 av_one_full  avia-builder-el-23  el_after_av_one_full  avia-builder-el-last  first flex_column_div av-zero-column-padding  column-top-margin'     ><style type=\"text\/css\" data-created_by=\"avia_inline_auto\" id=\"style-css-av-kmgkw9fj-41402057a87e36f058e6fd9a06220ea4\">\n.avia-image-container.av-kmgkw9fj-41402057a87e36f058e6fd9a06220ea4 img.avia_image{\nbox-shadow:none;\n}\n.avia-image-container.av-kmgkw9fj-41402057a87e36f058e6fd9a06220ea4 .av-image-caption-overlay-center{\ncolor:#ffffff;\n}\n<\/style>\n<div  class='avia-image-container av-kmgkw9fj-41402057a87e36f058e6fd9a06220ea4 av-styling- avia-align-center  avia-builder-el-24  avia-builder-el-no-sibling '   itemprop=\"image\" itemscope=\"itemscope\" itemtype=\"https:\/\/schema.org\/ImageObject\" ><div class=\"avia-image-container-inner\"><div class=\"avia-image-overlay-wrap\"><img decoding=\"async\" fetchpriority=\"high\" class='wp-image-22468 avia-img-lazy-loading-not-22468 avia_image ' src=\"https:\/\/cerdanya.org\/wp-content\/uploads\/2021\/03\/logos-pect-web.png\" alt='PECT Costa Brava Pirineu de Girona: natura, cultura i intel\u00b7lig\u00e8ncia en xarxa' title='logos-pect-web'  height=\"91\" width=\"1109\"  itemprop=\"thumbnailUrl\" srcset=\"https:\/\/cerdanya.org\/wp-content\/uploads\/2021\/03\/logos-pect-web.png 1109w, https:\/\/cerdanya.org\/wp-content\/uploads\/2021\/03\/logos-pect-web-300x25.png 300w, https:\/\/cerdanya.org\/wp-content\/uploads\/2021\/03\/logos-pect-web-1030x85.png 1030w, https:\/\/cerdanya.org\/wp-content\/uploads\/2021\/03\/logos-pect-web-768x63.png 768w, https:\/\/cerdanya.org\/wp-content\/uploads\/2021\/03\/logos-pect-web-705x58.png 705w\" sizes=\"(max-width: 1109px) 100vw, 1109px\" \/><\/div><\/div><\/div><\/div><\/p>\n","protected":false},"excerpt":{"rendered":"","protected":false},"author":3,"featured_media":0,"parent":30678,"menu_order":0,"comment_status":"closed","ping_status":"closed","template":"","meta":{"footnotes":""},"class_list":["post-30799","page","type-page","status-publish","hentry"],"_links":{"self":[{"href":"https:\/\/cerdanya.org\/fr\/wp-json\/wp\/v2\/pages\/30799","targetHints":{"allow":["GET"]}}],"collection":[{"href":"https:\/\/cerdanya.org\/fr\/wp-json\/wp\/v2\/pages"}],"about":[{"href":"https:\/\/cerdanya.org\/fr\/wp-json\/wp\/v2\/types\/page"}],"author":[{"embeddable":true,"href":"https:\/\/cerdanya.org\/fr\/wp-json\/wp\/v2\/users\/3"}],"replies":[{"embeddable":true,"href":"https:\/\/cerdanya.org\/fr\/wp-json\/wp\/v2\/comments?post=30799"}],"version-history":[{"count":0,"href":"https:\/\/cerdanya.org\/fr\/wp-json\/wp\/v2\/pages\/30799\/revisions"}],"up":[{"embeddable":true,"href":"https:\/\/cerdanya.org\/fr\/wp-json\/wp\/v2\/pages\/30678"}],"wp:attachment":[{"href":"https:\/\/cerdanya.org\/fr\/wp-json\/wp\/v2\/media?parent=30799"}],"curies":[{"name":"wp","href":"https:\/\/api.w.org\/{rel}","templated":true}]}}