{"id":30645,"date":"2022-04-13T12:20:14","date_gmt":"2022-04-13T10:20:14","guid":{"rendered":"http:\/\/www.cerdanya.org\/mare-de-deu-de-les-neus\/"},"modified":"2025-05-13T10:16:38","modified_gmt":"2025-05-13T08:16:38","slug":"mare-de-deu-de-les-neus","status":"publish","type":"page","link":"https:\/\/cerdanya.org\/fr\/que-faire\/tourisme-culturel\/patrimoine-culturel\/alp\/mare-de-deu-de-les-neus\/","title":{"rendered":"Mare de D\u00e9u de les Neus"},"content":{"rendered":"\n<style type=\"text\/css\" data-created_by=\"avia_inline_auto\" id=\"style-css-av-36rb4oj-ba4d95154227ed0d8a771e7152bf9e9e\">\n.flex_column.av-36rb4oj-ba4d95154227ed0d8a771e7152bf9e9e{\nborder-radius:0px 0px 0px 0px;\npadding:0px 0px 0px 0px;\n}\n<\/style>\n<div  class='flex_column av-36rb4oj-ba4d95154227ed0d8a771e7152bf9e9e av_one_half  avia-builder-el-0  el_before_av_one_half  avia-builder-el-first  first flex_column_div av-zero-column-padding  '     ><p>\n<style type=\"text\/css\" data-created_by=\"avia_inline_auto\" id=\"style-css-av-1fvvi3u-af02d655a1ba7714649e3a24e824df56\">\n#top .av-special-heading.av-1fvvi3u-af02d655a1ba7714649e3a24e824df56{\npadding-bottom:10px;\n}\nbody .av-special-heading.av-1fvvi3u-af02d655a1ba7714649e3a24e824df56 .av-special-heading-tag .heading-char{\nfont-size:25px;\n}\n.av-special-heading.av-1fvvi3u-af02d655a1ba7714649e3a24e824df56 .av-subheading{\nfont-size:15px;\n}\n<\/style>\n<div  class='av-special-heading av-1fvvi3u-af02d655a1ba7714649e3a24e824df56 av-special-heading-h5  avia-builder-el-1  el_before_av_textblock  avia-builder-el-first '><h5 class='av-special-heading-tag '  itemprop=\"headline\"  >Description<\/h5><div class=\"special-heading-border\"><div class=\"special-heading-inner-border\"><\/div><\/div><\/div><br \/>\n<section  class='av_textblock_section av-ksyomoyl-7ba48b3a7a7999f4488f116af5f1e4f8 '   itemscope=\"itemscope\" itemtype=\"https:\/\/schema.org\/CreativeWork\" ><div class='avia_textblock'  itemprop=\"text\" ><p>La chapelle Mare de D\u00e9u de les Neus est situ\u00e9e \u00e0 La Molina. Il s&rsquo;agit d&rsquo;une chapelle en pierre et en ciment avec un toit en ardoise, de style n\u00e9o-roman (1952) et une nef avec une abside semi-circulaire, \u0153uvre de Josep Maria Ros Vila.<\/p>\n<p>Il se caract\u00e9rise par son clocher \u00e0 double \u0153il, son toit \u00e0 deux versants avec un avant-toit prononc\u00e9 et le porche devant le portail avec ses arcs en plein cintre soutenus par des colonnes lisses.<\/p>\n<\/div><\/section><\/p><\/div>\n<style type=\"text\/css\" data-created_by=\"avia_inline_auto\" id=\"style-css-av-2coqnf7-fe66bdd07c1c8428c9bfcd41c861e712\">\n.flex_column.av-2coqnf7-fe66bdd07c1c8428c9bfcd41c861e712{\nborder-radius:0px 0px 0px 0px;\npadding:0px 0px 0px 0px;\n}\n<\/style>\n<div  class='flex_column av-2coqnf7-fe66bdd07c1c8428c9bfcd41c861e712 av_one_half  avia-builder-el-3  el_after_av_one_half  avia-builder-el-last  flex_column_div av-zero-column-padding  '     ><style type=\"text\/css\" data-created_by=\"avia_inline_auto\" id=\"style-css-av-29ooh4j-43aa17b0620c64c283e7d71ad0b94847\">\n#top .avia-gallery.av-29ooh4j-43aa17b0620c64c283e7d71ad0b94847 .avia-gallery-thumb a{\nwidth:20%;\n}\n<\/style>\n<div  class='avia-gallery av-29ooh4j-43aa17b0620c64c283e7d71ad0b94847 avia_animate_when_visible  avia-builder-el-4  avia-builder-el-no-sibling  avia_lazyload av-slideshow-ui av-loop-manual-endless av-control-hidden av-navigate-arrows av-navigate-dots hover-effect av-control-hidden avia-gallery-animate avia-gallery-1'  itemprop=\"image\" itemscope=\"itemscope\" itemtype=\"https:\/\/schema.org\/ImageObject\" ><meta itemprop=\"contentURL\" content=\"https:\/\/cerdanya.org\/fr\/que-faire\/tourisme-culturel\/patrimoine-culturel\/alp\/mare-de-deu-de-les-neus\/\"><div class='avia-gallery-big-wrapper'><a class='avia-gallery-big fakeLightbox lightbox avia-gallery-big-crop-thumb ' href=\"https:\/\/cerdanya.org\/wp-content\/uploads\/2021\/12\/mare-de-deu-de-les-neus-1030x687.jpg\" data-srcset=\"https:\/\/cerdanya.org\/wp-content\/uploads\/2021\/12\/mare-de-deu-de-les-neus-1030x687.jpg 1030w, https:\/\/cerdanya.org\/wp-content\/uploads\/2021\/12\/mare-de-deu-de-les-neus-300x200.jpg 300w, https:\/\/cerdanya.org\/wp-content\/uploads\/2021\/12\/mare-de-deu-de-les-neus-768x513.jpg 768w, https:\/\/cerdanya.org\/wp-content\/uploads\/2021\/12\/mare-de-deu-de-les-neus-705x470.jpg 705w, https:\/\/cerdanya.org\/wp-content\/uploads\/2021\/12\/mare-de-deu-de-les-neus.jpg 1500w\" data-sizes=\"(max-width: 1030px) 100vw, 1030px\"  data-onclick='1' title='Mare de D\u00e9u de les Neus' ><span class='avia-gallery-big-inner'  itemprop=\"thumbnailUrl\" ><img decoding=\"async\" fetchpriority=\"high\" class=\"wp-image-23762 avia-img-lazy-loading-not-23762\"  width=\"495\" height=\"400\" src=\"https:\/\/cerdanya.org\/wp-content\/uploads\/2021\/12\/mare-de-deu-de-les-neus-495x400.jpg\" title='1. ALP- Mare de De\u0301u de les Neus' alt='Mare de D\u00e9u de les Neus' srcset=\"https:\/\/cerdanya.org\/wp-content\/uploads\/2021\/12\/mare-de-deu-de-les-neus-495x400.jpg 495w, https:\/\/cerdanya.org\/wp-content\/uploads\/2021\/12\/mare-de-deu-de-les-neus-845x684.jpg 845w\" sizes=\"(max-width: 495px) 100vw, 495px\" \/><span class='avia-gallery-caption'>Mare de D\u00e9u de les Neus<\/span><\/span><\/a><\/div><div class='avia-gallery-thumb'><a href=\"https:\/\/cerdanya.org\/wp-content\/uploads\/2021\/12\/mare-de-deu-de-les-neus-1030x687.jpg\" data-srcset=\"https:\/\/cerdanya.org\/wp-content\/uploads\/2021\/12\/mare-de-deu-de-les-neus-1030x687.jpg 1030w, https:\/\/cerdanya.org\/wp-content\/uploads\/2021\/12\/mare-de-deu-de-les-neus-300x200.jpg 300w, https:\/\/cerdanya.org\/wp-content\/uploads\/2021\/12\/mare-de-deu-de-les-neus-768x513.jpg 768w, https:\/\/cerdanya.org\/wp-content\/uploads\/2021\/12\/mare-de-deu-de-les-neus-705x470.jpg 705w, https:\/\/cerdanya.org\/wp-content\/uploads\/2021\/12\/mare-de-deu-de-les-neus.jpg 1500w\" data-sizes=\"(max-width: 1030px) 100vw, 1030px\" data-rel='gallery-1' data-prev-img='https:\/\/cerdanya.org\/wp-content\/uploads\/2021\/12\/mare-de-deu-de-les-neus-495x400.jpg' class='first_thumb lightbox ' data-onclick='1' title='Mare de D\u00e9u de les Neus'  itemprop=\"thumbnailUrl\"  ><img decoding=\"async\" fetchpriority=\"high\" class=\"wp-image-23762 avia-img-lazy-loading-not-23762\"  data-avia-tooltip='Mare de D\u00e9u de les Neus' src=\"https:\/\/cerdanya.org\/wp-content\/uploads\/2021\/12\/mare-de-deu-de-les-neus-495x400.jpg\" width=\"495\" height=\"400\"  title='1. ALP- Mare de De\u0301u de les Neus' alt='Mare de D\u00e9u de les Neus' srcset=\"https:\/\/cerdanya.org\/wp-content\/uploads\/2021\/12\/mare-de-deu-de-les-neus-495x400.jpg 495w, https:\/\/cerdanya.org\/wp-content\/uploads\/2021\/12\/mare-de-deu-de-les-neus-845x684.jpg 845w\" sizes=\"(max-width: 495px) 100vw, 495px\" \/><div class='big-prev-fake'><img decoding=\"async\" loading=\"lazy\" class=\"wp-image-23762 avia-img-lazy-loading-23762\"  width=\"495\" height=\"400\" src=\"https:\/\/cerdanya.org\/wp-content\/uploads\/2021\/12\/mare-de-deu-de-les-neus-495x400.jpg\" title='1. ALP- Mare de De\u0301u de les Neus' alt='Mare de D\u00e9u de les Neus' srcset=\"https:\/\/cerdanya.org\/wp-content\/uploads\/2021\/12\/mare-de-deu-de-les-neus-495x400.jpg 495w, https:\/\/cerdanya.org\/wp-content\/uploads\/2021\/12\/mare-de-deu-de-les-neus-845x684.jpg 845w\" sizes=\"auto, (max-width: 495px) 100vw, 495px\" \/><\/div><\/a><a href=\"https:\/\/cerdanya.org\/wp-content\/uploads\/2021\/12\/mare-de-deu-de-les-neus-frontal-1030x687.jpg\" data-srcset=\"https:\/\/cerdanya.org\/wp-content\/uploads\/2021\/12\/mare-de-deu-de-les-neus-frontal-1030x687.jpg 1030w, https:\/\/cerdanya.org\/wp-content\/uploads\/2021\/12\/mare-de-deu-de-les-neus-frontal-300x200.jpg 300w, https:\/\/cerdanya.org\/wp-content\/uploads\/2021\/12\/mare-de-deu-de-les-neus-frontal-768x513.jpg 768w, https:\/\/cerdanya.org\/wp-content\/uploads\/2021\/12\/mare-de-deu-de-les-neus-frontal-705x470.jpg 705w, https:\/\/cerdanya.org\/wp-content\/uploads\/2021\/12\/mare-de-deu-de-les-neus-frontal.jpg 1500w\" data-sizes=\"(max-width: 1030px) 100vw, 1030px\" data-rel='gallery-1' data-prev-img='https:\/\/cerdanya.org\/wp-content\/uploads\/2021\/12\/mare-de-deu-de-les-neus-frontal-495x400.jpg' class='lightbox ' data-onclick='2' title='Mare de D\u00e9u de les Neus'  itemprop=\"thumbnailUrl\"  ><img decoding=\"async\" fetchpriority=\"high\" class=\"wp-image-23764 avia-img-lazy-loading-not-23764\"  data-avia-tooltip='Mare de D\u00e9u de les Neus' src=\"https:\/\/cerdanya.org\/wp-content\/uploads\/2021\/12\/mare-de-deu-de-les-neus-frontal-495x400.jpg\" width=\"495\" height=\"400\"  title='1. ALP- Mare de De\u0301u de les Neus' alt='Mare de D\u00e9u de les Neus' srcset=\"https:\/\/cerdanya.org\/wp-content\/uploads\/2021\/12\/mare-de-deu-de-les-neus-frontal-495x400.jpg 495w, https:\/\/cerdanya.org\/wp-content\/uploads\/2021\/12\/mare-de-deu-de-les-neus-frontal-845x684.jpg 845w\" sizes=\"(max-width: 495px) 100vw, 495px\" \/><div class='big-prev-fake'><img decoding=\"async\" loading=\"lazy\" class=\"wp-image-23764 avia-img-lazy-loading-23764\"  width=\"495\" height=\"400\" src=\"https:\/\/cerdanya.org\/wp-content\/uploads\/2021\/12\/mare-de-deu-de-les-neus-frontal-495x400.jpg\" title='1. ALP- Mare de De\u0301u de les Neus' alt='Mare de D\u00e9u de les Neus' srcset=\"https:\/\/cerdanya.org\/wp-content\/uploads\/2021\/12\/mare-de-deu-de-les-neus-frontal-495x400.jpg 495w, https:\/\/cerdanya.org\/wp-content\/uploads\/2021\/12\/mare-de-deu-de-les-neus-frontal-845x684.jpg 845w\" sizes=\"auto, (max-width: 495px) 100vw, 495px\" \/><\/div><\/a><a href=\"https:\/\/cerdanya.org\/wp-content\/uploads\/2021\/12\/mare-de-deu-de-les-neus-altar-1030x687.jpg\" data-srcset=\"https:\/\/cerdanya.org\/wp-content\/uploads\/2021\/12\/mare-de-deu-de-les-neus-altar-1030x687.jpg 1030w, https:\/\/cerdanya.org\/wp-content\/uploads\/2021\/12\/mare-de-deu-de-les-neus-altar-300x200.jpg 300w, https:\/\/cerdanya.org\/wp-content\/uploads\/2021\/12\/mare-de-deu-de-les-neus-altar-768x513.jpg 768w, https:\/\/cerdanya.org\/wp-content\/uploads\/2021\/12\/mare-de-deu-de-les-neus-altar-705x470.jpg 705w, https:\/\/cerdanya.org\/wp-content\/uploads\/2021\/12\/mare-de-deu-de-les-neus-altar.jpg 1500w\" data-sizes=\"(max-width: 1030px) 100vw, 1030px\" data-rel='gallery-1' data-prev-img='https:\/\/cerdanya.org\/wp-content\/uploads\/2021\/12\/mare-de-deu-de-les-neus-altar-495x400.jpg' class='lightbox ' data-onclick='3' title='Mare de D\u00e9u de les Neus'  itemprop=\"thumbnailUrl\"  ><img decoding=\"async\" fetchpriority=\"high\" class=\"wp-image-23766 avia-img-lazy-loading-not-23766\"  data-avia-tooltip='Mare de D\u00e9u de les Neus' src=\"https:\/\/cerdanya.org\/wp-content\/uploads\/2021\/12\/mare-de-deu-de-les-neus-altar-495x400.jpg\" width=\"495\" height=\"400\"  title='1. ALP- Mare de De\u0301u de les Neus' alt='Mare de D\u00e9u de les Neus' srcset=\"https:\/\/cerdanya.org\/wp-content\/uploads\/2021\/12\/mare-de-deu-de-les-neus-altar-495x400.jpg 495w, https:\/\/cerdanya.org\/wp-content\/uploads\/2021\/12\/mare-de-deu-de-les-neus-altar-845x684.jpg 845w\" sizes=\"(max-width: 495px) 100vw, 495px\" \/><div class='big-prev-fake'><img decoding=\"async\" loading=\"lazy\" class=\"wp-image-23766 avia-img-lazy-loading-23766\"  width=\"495\" height=\"400\" src=\"https:\/\/cerdanya.org\/wp-content\/uploads\/2021\/12\/mare-de-deu-de-les-neus-altar-495x400.jpg\" title='1. ALP- Mare de De\u0301u de les Neus' alt='Mare de D\u00e9u de les Neus' srcset=\"https:\/\/cerdanya.org\/wp-content\/uploads\/2021\/12\/mare-de-deu-de-les-neus-altar-495x400.jpg 495w, https:\/\/cerdanya.org\/wp-content\/uploads\/2021\/12\/mare-de-deu-de-les-neus-altar-845x684.jpg 845w\" sizes=\"auto, (max-width: 495px) 100vw, 495px\" \/><\/div><\/a><a href=\"https:\/\/cerdanya.org\/wp-content\/uploads\/2021\/12\/mare-de-deu-de-les-neus-darrera-1030x687.jpg\" data-srcset=\"https:\/\/cerdanya.org\/wp-content\/uploads\/2021\/12\/mare-de-deu-de-les-neus-darrera-1030x687.jpg 1030w, https:\/\/cerdanya.org\/wp-content\/uploads\/2021\/12\/mare-de-deu-de-les-neus-darrera-300x200.jpg 300w, https:\/\/cerdanya.org\/wp-content\/uploads\/2021\/12\/mare-de-deu-de-les-neus-darrera-768x513.jpg 768w, https:\/\/cerdanya.org\/wp-content\/uploads\/2021\/12\/mare-de-deu-de-les-neus-darrera-705x470.jpg 705w, https:\/\/cerdanya.org\/wp-content\/uploads\/2021\/12\/mare-de-deu-de-les-neus-darrera.jpg 1500w\" data-sizes=\"(max-width: 1030px) 100vw, 1030px\" data-rel='gallery-1' data-prev-img='https:\/\/cerdanya.org\/wp-content\/uploads\/2021\/12\/mare-de-deu-de-les-neus-darrera-495x400.jpg' class='lightbox ' data-onclick='4' title='Mare de D\u00e9u de les Neus'  itemprop=\"thumbnailUrl\"  ><img decoding=\"async\" fetchpriority=\"high\" class=\"wp-image-23768 avia-img-lazy-loading-not-23768\"  data-avia-tooltip='Mare de D\u00e9u de les Neus' src=\"https:\/\/cerdanya.org\/wp-content\/uploads\/2021\/12\/mare-de-deu-de-les-neus-darrera-495x400.jpg\" width=\"495\" height=\"400\"  title='1. ALP- Mare de De\u0301u de les Neus' alt='Mare de D\u00e9u de les Neus' srcset=\"https:\/\/cerdanya.org\/wp-content\/uploads\/2021\/12\/mare-de-deu-de-les-neus-darrera-495x400.jpg 495w, https:\/\/cerdanya.org\/wp-content\/uploads\/2021\/12\/mare-de-deu-de-les-neus-darrera-845x684.jpg 845w\" sizes=\"(max-width: 495px) 100vw, 495px\" \/><div class='big-prev-fake'><img decoding=\"async\" loading=\"lazy\" class=\"wp-image-23768 avia-img-lazy-loading-23768\"  width=\"495\" height=\"400\" src=\"https:\/\/cerdanya.org\/wp-content\/uploads\/2021\/12\/mare-de-deu-de-les-neus-darrera-495x400.jpg\" title='1. ALP- Mare de De\u0301u de les Neus' alt='Mare de D\u00e9u de les Neus' srcset=\"https:\/\/cerdanya.org\/wp-content\/uploads\/2021\/12\/mare-de-deu-de-les-neus-darrera-495x400.jpg 495w, https:\/\/cerdanya.org\/wp-content\/uploads\/2021\/12\/mare-de-deu-de-les-neus-darrera-845x684.jpg 845w\" sizes=\"auto, (max-width: 495px) 100vw, 495px\" \/><\/div><\/a><a href=\"https:\/\/cerdanya.org\/wp-content\/uploads\/2021\/12\/mare-de-deu-de-les-neus-fresc-1030x687.jpg\" data-srcset=\"https:\/\/cerdanya.org\/wp-content\/uploads\/2021\/12\/mare-de-deu-de-les-neus-fresc-1030x687.jpg 1030w, https:\/\/cerdanya.org\/wp-content\/uploads\/2021\/12\/mare-de-deu-de-les-neus-fresc-300x200.jpg 300w, https:\/\/cerdanya.org\/wp-content\/uploads\/2021\/12\/mare-de-deu-de-les-neus-fresc-768x513.jpg 768w, https:\/\/cerdanya.org\/wp-content\/uploads\/2021\/12\/mare-de-deu-de-les-neus-fresc-705x470.jpg 705w, https:\/\/cerdanya.org\/wp-content\/uploads\/2021\/12\/mare-de-deu-de-les-neus-fresc.jpg 1500w\" data-sizes=\"(max-width: 1030px) 100vw, 1030px\" data-rel='gallery-1' data-prev-img='https:\/\/cerdanya.org\/wp-content\/uploads\/2021\/12\/mare-de-deu-de-les-neus-fresc-495x400.jpg' class='lightbox ' data-onclick='5' title='Mare de D\u00e9u de les Neus'  itemprop=\"thumbnailUrl\"  ><img decoding=\"async\" fetchpriority=\"high\" class=\"wp-image-23770 avia-img-lazy-loading-not-23770\"  data-avia-tooltip='Mare de D\u00e9u de les Neus' src=\"https:\/\/cerdanya.org\/wp-content\/uploads\/2021\/12\/mare-de-deu-de-les-neus-fresc-495x400.jpg\" width=\"495\" height=\"400\"  title='1. ALP- Mare de De\u0301u de les Neus' alt='Mare de D\u00e9u de les Neus' srcset=\"https:\/\/cerdanya.org\/wp-content\/uploads\/2021\/12\/mare-de-deu-de-les-neus-fresc-495x400.jpg 495w, https:\/\/cerdanya.org\/wp-content\/uploads\/2021\/12\/mare-de-deu-de-les-neus-fresc-845x684.jpg 845w\" sizes=\"(max-width: 495px) 100vw, 495px\" \/><div class='big-prev-fake'><img decoding=\"async\" loading=\"lazy\" class=\"wp-image-23770 avia-img-lazy-loading-23770\"  width=\"495\" height=\"400\" src=\"https:\/\/cerdanya.org\/wp-content\/uploads\/2021\/12\/mare-de-deu-de-les-neus-fresc-495x400.jpg\" title='1. ALP- Mare de De\u0301u de les Neus' alt='Mare de D\u00e9u de les Neus' srcset=\"https:\/\/cerdanya.org\/wp-content\/uploads\/2021\/12\/mare-de-deu-de-les-neus-fresc-495x400.jpg 495w, https:\/\/cerdanya.org\/wp-content\/uploads\/2021\/12\/mare-de-deu-de-les-neus-fresc-845x684.jpg 845w\" sizes=\"auto, (max-width: 495px) 100vw, 495px\" \/><\/div><\/a><\/div><\/div><\/div><\/p>\n","protected":false},"excerpt":{"rendered":"","protected":false},"author":3,"featured_media":23216,"parent":30649,"menu_order":10,"comment_status":"closed","ping_status":"closed","template":"","meta":{"footnotes":""},"class_list":["post-30645","page","type-page","status-publish","has-post-thumbnail","hentry"],"_links":{"self":[{"href":"https:\/\/cerdanya.org\/fr\/wp-json\/wp\/v2\/pages\/30645","targetHints":{"allow":["GET"]}}],"collection":[{"href":"https:\/\/cerdanya.org\/fr\/wp-json\/wp\/v2\/pages"}],"about":[{"href":"https:\/\/cerdanya.org\/fr\/wp-json\/wp\/v2\/types\/page"}],"author":[{"embeddable":true,"href":"https:\/\/cerdanya.org\/fr\/wp-json\/wp\/v2\/users\/3"}],"replies":[{"embeddable":true,"href":"https:\/\/cerdanya.org\/fr\/wp-json\/wp\/v2\/comments?post=30645"}],"version-history":[{"count":2,"href":"https:\/\/cerdanya.org\/fr\/wp-json\/wp\/v2\/pages\/30645\/revisions"}],"predecessor-version":[{"id":83031,"href":"https:\/\/cerdanya.org\/fr\/wp-json\/wp\/v2\/pages\/30645\/revisions\/83031"}],"up":[{"embeddable":true,"href":"https:\/\/cerdanya.org\/fr\/wp-json\/wp\/v2\/pages\/30649"}],"wp:featuredmedia":[{"embeddable":true,"href":"https:\/\/cerdanya.org\/fr\/wp-json\/wp\/v2\/media\/23216"}],"wp:attachment":[{"href":"https:\/\/cerdanya.org\/fr\/wp-json\/wp\/v2\/media?parent=30645"}],"curies":[{"name":"wp","href":"https:\/\/api.w.org\/{rel}","templated":true}]}}