{"id":30603,"date":"2022-04-13T11:57:33","date_gmt":"2022-04-13T09:57:33","guid":{"rendered":"http:\/\/www.cerdanya.org\/sant-marcel-de-bor\/"},"modified":"2022-04-28T22:26:02","modified_gmt":"2022-04-28T20:26:02","slug":"sant-marcel-de-bor","status":"publish","type":"page","link":"https:\/\/cerdanya.org\/fr\/que-faire\/tourisme-culturel\/patrimoine-culturel\/bellver-de-cerdanya\/sant-marcel-de-bor\/","title":{"rendered":"Sant Marcel de Bor"},"content":{"rendered":"\n<style type=\"text\/css\" data-created_by=\"avia_inline_auto\" id=\"style-css-av-36rb4oj-ba4d95154227ed0d8a771e7152bf9e9e\">\n.flex_column.av-36rb4oj-ba4d95154227ed0d8a771e7152bf9e9e{\nborder-radius:0px 0px 0px 0px;\npadding:0px 0px 0px 0px;\n}\n<\/style>\n<div  class='flex_column av-36rb4oj-ba4d95154227ed0d8a771e7152bf9e9e av_one_half  avia-builder-el-0  el_before_av_one_half  avia-builder-el-first  first flex_column_div av-zero-column-padding  '     ><p>\n<style type=\"text\/css\" data-created_by=\"avia_inline_auto\" id=\"style-css-av-1pzgxaz-be1644354fddc34d90a97a77b58249c9\">\n#top .av-special-heading.av-1pzgxaz-be1644354fddc34d90a97a77b58249c9{\npadding-bottom:10px;\n}\nbody .av-special-heading.av-1pzgxaz-be1644354fddc34d90a97a77b58249c9 .av-special-heading-tag .heading-char{\nfont-size:25px;\n}\n.av-special-heading.av-1pzgxaz-be1644354fddc34d90a97a77b58249c9 .av-subheading{\nfont-size:15px;\n}\n<\/style>\n<div  class='av-special-heading av-1pzgxaz-be1644354fddc34d90a97a77b58249c9 av-special-heading-h5  avia-builder-el-1  el_before_av_textblock  avia-builder-el-first '><h5 class='av-special-heading-tag '  itemprop=\"headline\"  >Description<\/h5><div class=\"special-heading-border\"><div class=\"special-heading-inner-border\"><\/div><\/div><\/div><br \/>\n<section  class='av_textblock_section av-ksyomoyl-25f1f3c8b1a0a9b03a6473be4799410f '   itemscope=\"itemscope\" itemtype=\"https:\/\/schema.org\/CreativeWork\" ><div class='avia_textblock'  itemprop=\"text\" ><p>\u00c9difice roman du XIe si\u00e8cle, comme on peut le voir dans l&rsquo;abside avec les arcs aveugles entre les pilastres qui l&rsquo;ornent, typiques de cette \u00e9poque. Elle fut modifi\u00e9e au XVIIIe si\u00e8cle par la construction de deux chapelles lat\u00e9rales en forme de transept, la construction de la vo\u00fbte avec une lanterne centrale et l&rsquo;ouverture \u00e0 l&rsquo;ouest de la porte avec la construction d&rsquo;un porche. On peut observer la pr\u00e9sence de grosses pierres de taille carr\u00e9es et bien taill\u00e9es provenant de constructions ant\u00e9rieures. Sur la fa\u00e7ade ouest de la chapelle au nord, vous pouvez voir une pierre avec la silhouette sculpt\u00e9e d&rsquo;une maison avec l&rsquo;inscription : <em>1727 Benildo R<\/em> , l&rsquo;ann\u00e9e et le nom de la personne qui l&rsquo;a promu.<\/p>\n<p>La clef de vo\u00fbte de la porte est grav\u00e9e d&rsquo;une croix anagramme semblable \u00e0 celle de l&rsquo;Ordre des Trinitaires. Remarquable est la d\u00e9coration du verrou en fer de la porte.<\/p>\n<p>\u00c0 l&rsquo;int\u00e9rieur de la chapelle nord se trouve le bassin \u00e0 huile et dans l&rsquo;abside se trouvent des peintures de l&rsquo;artiste contemporain Manuel Capdevila.<\/p>\n<\/div><\/section><\/p><\/div>\n<style type=\"text\/css\" data-created_by=\"avia_inline_auto\" id=\"style-css-av-2coqnf7-fe66bdd07c1c8428c9bfcd41c861e712\">\n.flex_column.av-2coqnf7-fe66bdd07c1c8428c9bfcd41c861e712{\nborder-radius:0px 0px 0px 0px;\npadding:0px 0px 0px 0px;\n}\n<\/style>\n<div  class='flex_column av-2coqnf7-fe66bdd07c1c8428c9bfcd41c861e712 av_one_half  avia-builder-el-3  el_after_av_one_half  el_before_av_one_full  flex_column_div av-zero-column-padding  '     ><style type=\"text\/css\" data-created_by=\"avia_inline_auto\" id=\"style-css-av-29ooh4j-975c9b240100a4c492661e9ad5fb3204\">\n#top .avia-gallery.av-29ooh4j-975c9b240100a4c492661e9ad5fb3204 .avia-gallery-thumb a{\nwidth:20%;\n}\n<\/style>\n<div  class='avia-gallery av-29ooh4j-975c9b240100a4c492661e9ad5fb3204 avia_animate_when_visible  avia-builder-el-4  avia-builder-el-no-sibling  avia_lazyload av-slideshow-ui av-loop-manual-endless av-control-hidden av-navigate-arrows av-navigate-dots hover-effect av-control-hidden avia-gallery-animate avia-gallery-1'  itemprop=\"image\" itemscope=\"itemscope\" itemtype=\"https:\/\/schema.org\/ImageObject\" ><meta itemprop=\"contentURL\" content=\"https:\/\/cerdanya.org\/fr\/que-faire\/tourisme-culturel\/patrimoine-culturel\/bellver-de-cerdanya\/sant-marcel-de-bor\/\"><div class='avia-gallery-big-wrapper'><a class='avia-gallery-big fakeLightbox lightbox avia-gallery-big-crop-thumb ' href=\"https:\/\/cerdanya.org\/wp-content\/uploads\/2021\/12\/sant-marcel-bor--1030x687.jpg\" data-srcset=\"https:\/\/cerdanya.org\/wp-content\/uploads\/2021\/12\/sant-marcel-bor--1030x687.jpg 1030w, https:\/\/cerdanya.org\/wp-content\/uploads\/2021\/12\/sant-marcel-bor--300x200.jpg 300w, https:\/\/cerdanya.org\/wp-content\/uploads\/2021\/12\/sant-marcel-bor--768x512.jpg 768w, https:\/\/cerdanya.org\/wp-content\/uploads\/2021\/12\/sant-marcel-bor--705x470.jpg 705w, https:\/\/cerdanya.org\/wp-content\/uploads\/2021\/12\/sant-marcel-bor-.jpg 1500w\" data-sizes=\"(max-width: 1030px) 100vw, 1030px\"  data-onclick='1' title='Sant Marcel de Bor' ><span class='avia-gallery-big-inner'  itemprop=\"thumbnailUrl\" ><img decoding=\"async\" fetchpriority=\"high\" class=\"wp-image-23912 avia-img-lazy-loading-not-23912\"  width=\"495\" height=\"400\" src=\"https:\/\/cerdanya.org\/wp-content\/uploads\/2021\/12\/sant-marcel-bor--495x400.jpg\" title='2. BELLVER- Sant Marcel de Bor' alt='Sant Marcel de Bor' srcset=\"https:\/\/cerdanya.org\/wp-content\/uploads\/2021\/12\/sant-marcel-bor--495x400.jpg 495w, https:\/\/cerdanya.org\/wp-content\/uploads\/2021\/12\/sant-marcel-bor--845x684.jpg 845w\" sizes=\"(max-width: 495px) 100vw, 495px\" \/><span class='avia-gallery-caption'>Sant Marcel de Bor<\/span><\/span><\/a><\/div><div class='avia-gallery-thumb'><a href=\"https:\/\/cerdanya.org\/wp-content\/uploads\/2021\/12\/sant-marcel-bor--1030x687.jpg\" data-srcset=\"https:\/\/cerdanya.org\/wp-content\/uploads\/2021\/12\/sant-marcel-bor--1030x687.jpg 1030w, https:\/\/cerdanya.org\/wp-content\/uploads\/2021\/12\/sant-marcel-bor--300x200.jpg 300w, https:\/\/cerdanya.org\/wp-content\/uploads\/2021\/12\/sant-marcel-bor--768x512.jpg 768w, https:\/\/cerdanya.org\/wp-content\/uploads\/2021\/12\/sant-marcel-bor--705x470.jpg 705w, https:\/\/cerdanya.org\/wp-content\/uploads\/2021\/12\/sant-marcel-bor-.jpg 1500w\" data-sizes=\"(max-width: 1030px) 100vw, 1030px\" data-rel='gallery-1' data-prev-img='https:\/\/cerdanya.org\/wp-content\/uploads\/2021\/12\/sant-marcel-bor--495x400.jpg' class='first_thumb lightbox ' data-onclick='1' title='Sant Marcel de Bor'  itemprop=\"thumbnailUrl\"  ><img decoding=\"async\" fetchpriority=\"high\" class=\"wp-image-23912 avia-img-lazy-loading-not-23912\"  data-avia-tooltip='Sant Marcel de Bor' src=\"https:\/\/cerdanya.org\/wp-content\/uploads\/2021\/12\/sant-marcel-bor--495x400.jpg\" width=\"495\" height=\"400\"  title='2. BELLVER- Sant Marcel de Bor' alt='Sant Marcel de Bor' srcset=\"https:\/\/cerdanya.org\/wp-content\/uploads\/2021\/12\/sant-marcel-bor--495x400.jpg 495w, https:\/\/cerdanya.org\/wp-content\/uploads\/2021\/12\/sant-marcel-bor--845x684.jpg 845w\" sizes=\"(max-width: 495px) 100vw, 495px\" \/><div class='big-prev-fake'><img decoding=\"async\" loading=\"lazy\" class=\"wp-image-23912 avia-img-lazy-loading-23912\"  width=\"495\" height=\"400\" src=\"https:\/\/cerdanya.org\/wp-content\/uploads\/2021\/12\/sant-marcel-bor--495x400.jpg\" title='2. BELLVER- Sant Marcel de Bor' alt='Sant Marcel de Bor' srcset=\"https:\/\/cerdanya.org\/wp-content\/uploads\/2021\/12\/sant-marcel-bor--495x400.jpg 495w, https:\/\/cerdanya.org\/wp-content\/uploads\/2021\/12\/sant-marcel-bor--845x684.jpg 845w\" sizes=\"auto, (max-width: 495px) 100vw, 495px\" \/><\/div><\/a><a href=\"https:\/\/cerdanya.org\/wp-content\/uploads\/2021\/12\/sant-marcel-bor-crist-1030x687.jpg\" data-srcset=\"https:\/\/cerdanya.org\/wp-content\/uploads\/2021\/12\/sant-marcel-bor-crist-1030x687.jpg 1030w, https:\/\/cerdanya.org\/wp-content\/uploads\/2021\/12\/sant-marcel-bor-crist-300x200.jpg 300w, https:\/\/cerdanya.org\/wp-content\/uploads\/2021\/12\/sant-marcel-bor-crist-768x512.jpg 768w, https:\/\/cerdanya.org\/wp-content\/uploads\/2021\/12\/sant-marcel-bor-crist-705x470.jpg 705w, https:\/\/cerdanya.org\/wp-content\/uploads\/2021\/12\/sant-marcel-bor-crist.jpg 1500w\" data-sizes=\"(max-width: 1030px) 100vw, 1030px\" data-rel='gallery-1' data-prev-img='https:\/\/cerdanya.org\/wp-content\/uploads\/2021\/12\/sant-marcel-bor-crist-495x400.jpg' class='lightbox ' data-onclick='2' title='Sant Marcel de Bor'  itemprop=\"thumbnailUrl\"  ><img decoding=\"async\" fetchpriority=\"high\" class=\"wp-image-23914 avia-img-lazy-loading-not-23914\"  data-avia-tooltip='Sant Marcel de Bor' src=\"https:\/\/cerdanya.org\/wp-content\/uploads\/2021\/12\/sant-marcel-bor-crist-495x400.jpg\" width=\"495\" height=\"400\"  title='2. BELLVER- Sant Marcel de Bor' alt='Sant Marcel de Bor' srcset=\"https:\/\/cerdanya.org\/wp-content\/uploads\/2021\/12\/sant-marcel-bor-crist-495x400.jpg 495w, https:\/\/cerdanya.org\/wp-content\/uploads\/2021\/12\/sant-marcel-bor-crist-845x684.jpg 845w\" sizes=\"(max-width: 495px) 100vw, 495px\" \/><div class='big-prev-fake'><img decoding=\"async\" loading=\"lazy\" class=\"wp-image-23914 avia-img-lazy-loading-23914\"  width=\"495\" height=\"400\" src=\"https:\/\/cerdanya.org\/wp-content\/uploads\/2021\/12\/sant-marcel-bor-crist-495x400.jpg\" title='2. BELLVER- Sant Marcel de Bor' alt='Sant Marcel de Bor' srcset=\"https:\/\/cerdanya.org\/wp-content\/uploads\/2021\/12\/sant-marcel-bor-crist-495x400.jpg 495w, https:\/\/cerdanya.org\/wp-content\/uploads\/2021\/12\/sant-marcel-bor-crist-845x684.jpg 845w\" sizes=\"auto, (max-width: 495px) 100vw, 495px\" \/><\/div><\/a><a href=\"https:\/\/cerdanya.org\/wp-content\/uploads\/2021\/12\/sant-marcel-bor-altar-1030x687.jpg\" data-srcset=\"https:\/\/cerdanya.org\/wp-content\/uploads\/2021\/12\/sant-marcel-bor-altar-1030x687.jpg 1030w, https:\/\/cerdanya.org\/wp-content\/uploads\/2021\/12\/sant-marcel-bor-altar-300x200.jpg 300w, https:\/\/cerdanya.org\/wp-content\/uploads\/2021\/12\/sant-marcel-bor-altar-768x512.jpg 768w, https:\/\/cerdanya.org\/wp-content\/uploads\/2021\/12\/sant-marcel-bor-altar-705x470.jpg 705w, https:\/\/cerdanya.org\/wp-content\/uploads\/2021\/12\/sant-marcel-bor-altar.jpg 1500w\" data-sizes=\"(max-width: 1030px) 100vw, 1030px\" data-rel='gallery-1' data-prev-img='https:\/\/cerdanya.org\/wp-content\/uploads\/2021\/12\/sant-marcel-bor-altar-495x400.jpg' class='lightbox ' data-onclick='3' title='Sant Marcel de Bor'  itemprop=\"thumbnailUrl\"  ><img decoding=\"async\" fetchpriority=\"high\" class=\"wp-image-23916 avia-img-lazy-loading-not-23916\"  data-avia-tooltip='Sant Marcel de Bor' src=\"https:\/\/cerdanya.org\/wp-content\/uploads\/2021\/12\/sant-marcel-bor-altar-495x400.jpg\" width=\"495\" height=\"400\"  title='2. BELLVER- Sant Marcel de Bor' alt='Sant Marcel de Bor' srcset=\"https:\/\/cerdanya.org\/wp-content\/uploads\/2021\/12\/sant-marcel-bor-altar-495x400.jpg 495w, https:\/\/cerdanya.org\/wp-content\/uploads\/2021\/12\/sant-marcel-bor-altar-845x684.jpg 845w\" sizes=\"(max-width: 495px) 100vw, 495px\" \/><div class='big-prev-fake'><img decoding=\"async\" loading=\"lazy\" class=\"wp-image-23916 avia-img-lazy-loading-23916\"  width=\"495\" height=\"400\" src=\"https:\/\/cerdanya.org\/wp-content\/uploads\/2021\/12\/sant-marcel-bor-altar-495x400.jpg\" title='2. BELLVER- Sant Marcel de Bor' alt='Sant Marcel de Bor' srcset=\"https:\/\/cerdanya.org\/wp-content\/uploads\/2021\/12\/sant-marcel-bor-altar-495x400.jpg 495w, https:\/\/cerdanya.org\/wp-content\/uploads\/2021\/12\/sant-marcel-bor-altar-845x684.jpg 845w\" sizes=\"auto, (max-width: 495px) 100vw, 495px\" \/><\/div><\/a><a href=\"https:\/\/cerdanya.org\/wp-content\/uploads\/2021\/12\/sant-marcel-bor-verge-1030x687.jpg\" data-srcset=\"https:\/\/cerdanya.org\/wp-content\/uploads\/2021\/12\/sant-marcel-bor-verge-1030x687.jpg 1030w, https:\/\/cerdanya.org\/wp-content\/uploads\/2021\/12\/sant-marcel-bor-verge-300x200.jpg 300w, https:\/\/cerdanya.org\/wp-content\/uploads\/2021\/12\/sant-marcel-bor-verge-768x512.jpg 768w, https:\/\/cerdanya.org\/wp-content\/uploads\/2021\/12\/sant-marcel-bor-verge-705x470.jpg 705w, https:\/\/cerdanya.org\/wp-content\/uploads\/2021\/12\/sant-marcel-bor-verge.jpg 1500w\" data-sizes=\"(max-width: 1030px) 100vw, 1030px\" data-rel='gallery-1' data-prev-img='https:\/\/cerdanya.org\/wp-content\/uploads\/2021\/12\/sant-marcel-bor-verge-495x400.jpg' class='lightbox ' data-onclick='4' title='Sant Marcel de Bor'  itemprop=\"thumbnailUrl\"  ><img decoding=\"async\" fetchpriority=\"high\" class=\"wp-image-23918 avia-img-lazy-loading-not-23918\"  data-avia-tooltip='Sant Marcel de Bor' src=\"https:\/\/cerdanya.org\/wp-content\/uploads\/2021\/12\/sant-marcel-bor-verge-495x400.jpg\" width=\"495\" height=\"400\"  title='2. BELLVER- Sant Marcel de Bor' alt='Sant Marcel de Bor' srcset=\"https:\/\/cerdanya.org\/wp-content\/uploads\/2021\/12\/sant-marcel-bor-verge-495x400.jpg 495w, https:\/\/cerdanya.org\/wp-content\/uploads\/2021\/12\/sant-marcel-bor-verge-845x684.jpg 845w\" sizes=\"(max-width: 495px) 100vw, 495px\" \/><div class='big-prev-fake'><img decoding=\"async\" loading=\"lazy\" class=\"wp-image-23918 avia-img-lazy-loading-23918\"  width=\"495\" height=\"400\" src=\"https:\/\/cerdanya.org\/wp-content\/uploads\/2021\/12\/sant-marcel-bor-verge-495x400.jpg\" title='2. BELLVER- Sant Marcel de Bor' alt='Sant Marcel de Bor' srcset=\"https:\/\/cerdanya.org\/wp-content\/uploads\/2021\/12\/sant-marcel-bor-verge-495x400.jpg 495w, https:\/\/cerdanya.org\/wp-content\/uploads\/2021\/12\/sant-marcel-bor-verge-845x684.jpg 845w\" sizes=\"auto, (max-width: 495px) 100vw, 495px\" \/><\/div><\/a><a href=\"https:\/\/cerdanya.org\/wp-content\/uploads\/2021\/12\/sant-marcel-bor-bancs-1030x687.jpg\" data-srcset=\"https:\/\/cerdanya.org\/wp-content\/uploads\/2021\/12\/sant-marcel-bor-bancs-1030x687.jpg 1030w, https:\/\/cerdanya.org\/wp-content\/uploads\/2021\/12\/sant-marcel-bor-bancs-300x200.jpg 300w, https:\/\/cerdanya.org\/wp-content\/uploads\/2021\/12\/sant-marcel-bor-bancs-768x512.jpg 768w, https:\/\/cerdanya.org\/wp-content\/uploads\/2021\/12\/sant-marcel-bor-bancs-705x470.jpg 705w, https:\/\/cerdanya.org\/wp-content\/uploads\/2021\/12\/sant-marcel-bor-bancs.jpg 1500w\" data-sizes=\"(max-width: 1030px) 100vw, 1030px\" data-rel='gallery-1' data-prev-img='https:\/\/cerdanya.org\/wp-content\/uploads\/2021\/12\/sant-marcel-bor-bancs-495x400.jpg' class='lightbox ' data-onclick='5' title='Sant Marcel de Bor'  itemprop=\"thumbnailUrl\"  ><img decoding=\"async\" fetchpriority=\"high\" class=\"wp-image-23920 avia-img-lazy-loading-not-23920\"  data-avia-tooltip='Sant Marcel de Bor' src=\"https:\/\/cerdanya.org\/wp-content\/uploads\/2021\/12\/sant-marcel-bor-bancs-495x400.jpg\" width=\"495\" height=\"400\"  title='2. BELLVER- Sant Marcel de Bor' alt='Sant Marcel de Bor' srcset=\"https:\/\/cerdanya.org\/wp-content\/uploads\/2021\/12\/sant-marcel-bor-bancs-495x400.jpg 495w, https:\/\/cerdanya.org\/wp-content\/uploads\/2021\/12\/sant-marcel-bor-bancs-845x684.jpg 845w\" sizes=\"(max-width: 495px) 100vw, 495px\" \/><div class='big-prev-fake'><img decoding=\"async\" loading=\"lazy\" class=\"wp-image-23920 avia-img-lazy-loading-23920\"  width=\"495\" height=\"400\" src=\"https:\/\/cerdanya.org\/wp-content\/uploads\/2021\/12\/sant-marcel-bor-bancs-495x400.jpg\" title='2. BELLVER- Sant Marcel de Bor' alt='Sant Marcel de Bor' srcset=\"https:\/\/cerdanya.org\/wp-content\/uploads\/2021\/12\/sant-marcel-bor-bancs-495x400.jpg 495w, https:\/\/cerdanya.org\/wp-content\/uploads\/2021\/12\/sant-marcel-bor-bancs-845x684.jpg 845w\" sizes=\"auto, (max-width: 495px) 100vw, 495px\" \/><\/div><\/a><a href=\"https:\/\/cerdanya.org\/wp-content\/uploads\/2021\/12\/sant-marcel-bor-pedra-1030x687.jpg\" data-srcset=\"https:\/\/cerdanya.org\/wp-content\/uploads\/2021\/12\/sant-marcel-bor-pedra-1030x687.jpg 1030w, https:\/\/cerdanya.org\/wp-content\/uploads\/2021\/12\/sant-marcel-bor-pedra-300x200.jpg 300w, https:\/\/cerdanya.org\/wp-content\/uploads\/2021\/12\/sant-marcel-bor-pedra-768x512.jpg 768w, https:\/\/cerdanya.org\/wp-content\/uploads\/2021\/12\/sant-marcel-bor-pedra-705x470.jpg 705w, https:\/\/cerdanya.org\/wp-content\/uploads\/2021\/12\/sant-marcel-bor-pedra.jpg 1500w\" data-sizes=\"(max-width: 1030px) 100vw, 1030px\" data-rel='gallery-1' data-prev-img='https:\/\/cerdanya.org\/wp-content\/uploads\/2021\/12\/sant-marcel-bor-pedra-495x400.jpg' class='first_thumb lightbox ' data-onclick='6' title='Sant Marcel de Bor'  itemprop=\"thumbnailUrl\"  ><img decoding=\"async\" fetchpriority=\"high\" class=\"wp-image-23922 avia-img-lazy-loading-not-23922\"  data-avia-tooltip='Sant Marcel de Bor' src=\"https:\/\/cerdanya.org\/wp-content\/uploads\/2021\/12\/sant-marcel-bor-pedra-495x400.jpg\" width=\"495\" height=\"400\"  title='2. BELLVER- Sant Marcel de Bor' alt='Sant Marcel de Bor' srcset=\"https:\/\/cerdanya.org\/wp-content\/uploads\/2021\/12\/sant-marcel-bor-pedra-495x400.jpg 495w, https:\/\/cerdanya.org\/wp-content\/uploads\/2021\/12\/sant-marcel-bor-pedra-845x684.jpg 845w\" sizes=\"(max-width: 495px) 100vw, 495px\" \/><div class='big-prev-fake'><img decoding=\"async\" loading=\"lazy\" class=\"wp-image-23922 avia-img-lazy-loading-23922\"  width=\"495\" height=\"400\" src=\"https:\/\/cerdanya.org\/wp-content\/uploads\/2021\/12\/sant-marcel-bor-pedra-495x400.jpg\" title='2. BELLVER- Sant Marcel de Bor' alt='Sant Marcel de Bor' srcset=\"https:\/\/cerdanya.org\/wp-content\/uploads\/2021\/12\/sant-marcel-bor-pedra-495x400.jpg 495w, https:\/\/cerdanya.org\/wp-content\/uploads\/2021\/12\/sant-marcel-bor-pedra-845x684.jpg 845w\" sizes=\"auto, (max-width: 495px) 100vw, 495px\" \/><\/div><\/a><\/div><\/div><\/div>\n<style type=\"text\/css\" data-created_by=\"avia_inline_auto\" id=\"style-css-av-13qih77-00e4eae9d0b6c138f9ba0e0aa3d8fb95\">\n.flex_column.av-13qih77-00e4eae9d0b6c138f9ba0e0aa3d8fb95{\nborder-radius:0px 0px 0px 0px;\npadding:0px 0px 0px 0px;\n}\n<\/style>\n<div  class='flex_column av-13qih77-00e4eae9d0b6c138f9ba0e0aa3d8fb95 av_one_full  avia-builder-el-5  el_after_av_one_half  el_before_av_one_half  first flex_column_div av-zero-column-padding  column-top-margin'     ><style type=\"text\/css\" data-created_by=\"avia_inline_auto\" id=\"style-css-av-kwp2dp8f-f55138033d46035ff7ae47226ad7fa00\">\n#top .hr.hr-invisible.av-kwp2dp8f-f55138033d46035ff7ae47226ad7fa00{\nheight:20px;\n}\n<\/style>\n<div  class='hr av-kwp2dp8f-f55138033d46035ff7ae47226ad7fa00 hr-invisible  avia-builder-el-6  avia-builder-el-no-sibling '><span class='hr-inner '><span class=\"hr-inner-style\"><\/span><\/span><\/div><\/div><\/p>\n\n<style type=\"text\/css\" data-created_by=\"avia_inline_auto\" id=\"style-css-av-3mt7ln-ba39957fc2b1f731e044dde564e130ba\">\n.flex_column.av-3mt7ln-ba39957fc2b1f731e044dde564e130ba{\nborder-radius:0px 0px 0px 0px;\npadding:0px 0px 0px 0px;\n}\n<\/style>\n<div  class='flex_column av-3mt7ln-ba39957fc2b1f731e044dde564e130ba av_one_half  avia-builder-el-7  el_after_av_one_full  avia-builder-el-last  first flex_column_div av-zero-column-padding  column-top-margin'     ><p>\n<style type=\"text\/css\" data-created_by=\"avia_inline_auto\" id=\"style-css-av-phptuj-469971c29cd7c60bf6d37ad4c74af2b1\">\n#top .av-special-heading.av-phptuj-469971c29cd7c60bf6d37ad4c74af2b1{\npadding-bottom:10px;\n}\nbody .av-special-heading.av-phptuj-469971c29cd7c60bf6d37ad4c74af2b1 .av-special-heading-tag .heading-char{\nfont-size:25px;\n}\n.av-special-heading.av-phptuj-469971c29cd7c60bf6d37ad4c74af2b1 .av-subheading{\nfont-size:15px;\n}\n<\/style>\n<div  class='av-special-heading av-phptuj-469971c29cd7c60bf6d37ad4c74af2b1 av-special-heading-h5  avia-builder-el-8  el_before_av_image  avia-builder-el-first '><h5 class='av-special-heading-tag '  itemprop=\"headline\"  >Plan et section<\/h5><div class=\"special-heading-border\"><div class=\"special-heading-inner-border\"><\/div><\/div><\/div><br \/>\n\n<style type=\"text\/css\" data-created_by=\"avia_inline_auto\" id=\"style-css-av-kxpzjjap-43b558936e0580ca5b3f2f9dd53b9e09\">\n.avia-image-container.av-kxpzjjap-43b558936e0580ca5b3f2f9dd53b9e09 img.avia_image{\nbox-shadow:none;\n}\n.avia-image-container.av-kxpzjjap-43b558936e0580ca5b3f2f9dd53b9e09 .av-image-caption-overlay-center{\ncolor:#ffffff;\n}\n<\/style>\n<div  class='avia-image-container av-kxpzjjap-43b558936e0580ca5b3f2f9dd53b9e09 av-styling- avia-align-center  avia-builder-el-9  el_after_av_heading  avia-builder-el-last '   itemprop=\"image\" itemscope=\"itemscope\" itemtype=\"https:\/\/schema.org\/ImageObject\" ><div class=\"avia-image-container-inner\"><div class=\"avia-image-overlay-wrap\"><img decoding=\"async\" fetchpriority=\"high\" class='wp-image-23910 avia-img-lazy-loading-not-23910 avia_image ' src=\"https:\/\/cerdanya.org\/wp-content\/uploads\/2021\/12\/sant-marcel-Bor-1030x536.jpg\" alt='Sant Marcel de Bor' title='sant-marcel-Bor'  height=\"536\" width=\"1030\"  itemprop=\"thumbnailUrl\" srcset=\"https:\/\/cerdanya.org\/wp-content\/uploads\/2021\/12\/sant-marcel-Bor-1030x536.jpg 1030w, https:\/\/cerdanya.org\/wp-content\/uploads\/2021\/12\/sant-marcel-Bor-300x156.jpg 300w, https:\/\/cerdanya.org\/wp-content\/uploads\/2021\/12\/sant-marcel-Bor-768x400.jpg 768w, https:\/\/cerdanya.org\/wp-content\/uploads\/2021\/12\/sant-marcel-Bor-705x367.jpg 705w, https:\/\/cerdanya.org\/wp-content\/uploads\/2021\/12\/sant-marcel-Bor.jpg 1334w\" sizes=\"(max-width: 1030px) 100vw, 1030px\" \/><\/div><\/div><\/div><\/p><\/div>\n","protected":false},"excerpt":{"rendered":"","protected":false},"author":3,"featured_media":23222,"parent":30641,"menu_order":90,"comment_status":"closed","ping_status":"closed","template":"","meta":{"footnotes":""},"class_list":["post-30603","page","type-page","status-publish","has-post-thumbnail","hentry"],"_links":{"self":[{"href":"https:\/\/cerdanya.org\/fr\/wp-json\/wp\/v2\/pages\/30603","targetHints":{"allow":["GET"]}}],"collection":[{"href":"https:\/\/cerdanya.org\/fr\/wp-json\/wp\/v2\/pages"}],"about":[{"href":"https:\/\/cerdanya.org\/fr\/wp-json\/wp\/v2\/types\/page"}],"author":[{"embeddable":true,"href":"https:\/\/cerdanya.org\/fr\/wp-json\/wp\/v2\/users\/3"}],"replies":[{"embeddable":true,"href":"https:\/\/cerdanya.org\/fr\/wp-json\/wp\/v2\/comments?post=30603"}],"version-history":[{"count":0,"href":"https:\/\/cerdanya.org\/fr\/wp-json\/wp\/v2\/pages\/30603\/revisions"}],"up":[{"embeddable":true,"href":"https:\/\/cerdanya.org\/fr\/wp-json\/wp\/v2\/pages\/30641"}],"wp:featuredmedia":[{"embeddable":true,"href":"https:\/\/cerdanya.org\/fr\/wp-json\/wp\/v2\/media\/23222"}],"wp:attachment":[{"href":"https:\/\/cerdanya.org\/fr\/wp-json\/wp\/v2\/media?parent=30603"}],"curies":[{"name":"wp","href":"https:\/\/api.w.org\/{rel}","templated":true}]}}