{"id":30577,"date":"2022-04-13T11:00:00","date_gmt":"2022-04-13T09:00:00","guid":{"rendered":"http:\/\/www.cerdanya.org\/capella-de-lesperanca-de-bolvir\/"},"modified":"2022-04-28T22:32:54","modified_gmt":"2022-04-28T20:32:54","slug":"capella-de-lesperanca-de-bolvir","status":"publish","type":"page","link":"https:\/\/cerdanya.org\/fr\/que-faire\/tourisme-culturel\/patrimoine-culturel\/bolvir\/capella-de-lesperanca-de-bolvir\/","title":{"rendered":"Capella de l\u2019Esperan\u00e7a de Bolvir"},"content":{"rendered":"\n<style type=\"text\/css\" data-created_by=\"avia_inline_auto\" id=\"style-css-av-36rb4oj-ba4d95154227ed0d8a771e7152bf9e9e\">\n.flex_column.av-36rb4oj-ba4d95154227ed0d8a771e7152bf9e9e{\nborder-radius:0px 0px 0px 0px;\npadding:0px 0px 0px 0px;\n}\n<\/style>\n<div  class='flex_column av-36rb4oj-ba4d95154227ed0d8a771e7152bf9e9e av_one_half  avia-builder-el-0  el_before_av_one_half  avia-builder-el-first  first flex_column_div av-zero-column-padding  '     ><p>\n<style type=\"text\/css\" data-created_by=\"avia_inline_auto\" id=\"style-css-av-tdzjzk-f2efbce26aad7e69353f1aae2884fcdd\">\n#top .av-special-heading.av-tdzjzk-f2efbce26aad7e69353f1aae2884fcdd{\npadding-bottom:10px;\n}\nbody .av-special-heading.av-tdzjzk-f2efbce26aad7e69353f1aae2884fcdd .av-special-heading-tag .heading-char{\nfont-size:25px;\n}\n.av-special-heading.av-tdzjzk-f2efbce26aad7e69353f1aae2884fcdd .av-subheading{\nfont-size:15px;\n}\n<\/style>\n<div  class='av-special-heading av-tdzjzk-f2efbce26aad7e69353f1aae2884fcdd av-special-heading-h5  avia-builder-el-1  el_before_av_textblock  avia-builder-el-first '><h5 class='av-special-heading-tag '  itemprop=\"headline\"  >Description<\/h5><div class=\"special-heading-border\"><div class=\"special-heading-inner-border\"><\/div><\/div><\/div><br \/>\n<section  class='av_textblock_section av-ksyomoyl-25f1f3c8b1a0a9b03a6473be4799410f '   itemscope=\"itemscope\" itemtype=\"https:\/\/schema.org\/CreativeWork\" ><div class='avia_textblock'  itemprop=\"text\" ><p>Chapelle \u00e0 nef unique avec vo\u00fbte en berceau et clocher. Elle a \u00e9t\u00e9 construite en 1347 sur ordre de Guillem Pere, pr\u00eatre de Meranges, qui a pr\u00e9vu son tombeau \u00e0 l&rsquo;int\u00e9rieur, bien qu&rsquo;il semble qu&rsquo;il ne l&rsquo;ait jamais occup\u00e9.<\/p>\n<p>Au cours des ann\u00e9es 1930, les ouvertures des fen\u00eatres existantes sont modifi\u00e9es ; elles \u00e9taient rectangulaires et constitu\u00e9es de vo\u00fbtes en plein cintre, comme la porte d&rsquo;entr\u00e9e.<\/p>\n<p>Adoss\u00e9 \u00e0 l&rsquo;\u00e9glise se trouvait l&rsquo;ancien cimeti\u00e8re du village, qui a \u00e9t\u00e9 d\u00e9plac\u00e9 dans le nouveau cimeti\u00e8re en 2016.<\/p>\n<p>Le retable gothique du XVe si\u00e8cle, aujourd&rsquo;hui partiellement conserv\u00e9 dans l&rsquo;\u00e9glise paroissiale de Santa Cec\u00edlia, provient de cette chapelle.<\/p>\n<\/div><\/section><\/p><\/div>\n<style type=\"text\/css\" data-created_by=\"avia_inline_auto\" id=\"style-css-av-2coqnf7-fe66bdd07c1c8428c9bfcd41c861e712\">\n.flex_column.av-2coqnf7-fe66bdd07c1c8428c9bfcd41c861e712{\nborder-radius:0px 0px 0px 0px;\npadding:0px 0px 0px 0px;\n}\n<\/style>\n<div  class='flex_column av-2coqnf7-fe66bdd07c1c8428c9bfcd41c861e712 av_one_half  avia-builder-el-3  el_after_av_one_half  avia-builder-el-last  flex_column_div av-zero-column-padding  '     ><style type=\"text\/css\" data-created_by=\"avia_inline_auto\" id=\"style-css-av-29ooh4j-65db575a5d0c630cf543f738a49945f4\">\n#top .avia-gallery.av-29ooh4j-65db575a5d0c630cf543f738a49945f4 .avia-gallery-thumb a{\nwidth:20%;\n}\n<\/style>\n<div  class='avia-gallery av-29ooh4j-65db575a5d0c630cf543f738a49945f4 avia_animate_when_visible  avia-builder-el-4  avia-builder-el-no-sibling  avia_lazyload av-slideshow-ui av-loop-manual-endless av-control-hidden av-navigate-arrows av-navigate-dots hover-effect av-control-hidden avia-gallery-animate avia-gallery-1'  itemprop=\"image\" itemscope=\"itemscope\" itemtype=\"https:\/\/schema.org\/ImageObject\" ><meta itemprop=\"contentURL\" content=\"https:\/\/cerdanya.org\/fr\/que-faire\/tourisme-culturel\/patrimoine-culturel\/bolvir\/capella-de-lesperanca-de-bolvir\/\"><div class='avia-gallery-big-wrapper'><a class='avia-gallery-big fakeLightbox lightbox avia-gallery-big-crop-thumb ' href=\"https:\/\/cerdanya.org\/wp-content\/uploads\/2021\/12\/capella-esperanca-bolvir-placa-1030x687.jpg\" data-srcset=\"https:\/\/cerdanya.org\/wp-content\/uploads\/2021\/12\/capella-esperanca-bolvir-placa-1030x687.jpg 1030w, https:\/\/cerdanya.org\/wp-content\/uploads\/2021\/12\/capella-esperanca-bolvir-placa-300x200.jpg 300w, https:\/\/cerdanya.org\/wp-content\/uploads\/2021\/12\/capella-esperanca-bolvir-placa-768x513.jpg 768w, https:\/\/cerdanya.org\/wp-content\/uploads\/2021\/12\/capella-esperanca-bolvir-placa-705x470.jpg 705w, https:\/\/cerdanya.org\/wp-content\/uploads\/2021\/12\/capella-esperanca-bolvir-placa.jpg 1500w\" data-sizes=\"(max-width: 1030px) 100vw, 1030px\"  data-onclick='1' title='Capella de l&rsquo;Esperan\u00e7a de Bolvir' ><span class='avia-gallery-big-inner'  itemprop=\"thumbnailUrl\" ><img decoding=\"async\" fetchpriority=\"high\" class=\"wp-image-23982 avia-img-lazy-loading-not-23982\"  width=\"495\" height=\"400\" src=\"https:\/\/cerdanya.org\/wp-content\/uploads\/2021\/12\/capella-esperanca-bolvir-placa-495x400.jpg\" title='6. BOLVIR- Capella de l\u2019Esperanc\u0327a de Bolvir' alt='Capella de l\u2019Esperan\u00e7a de Bolvir' srcset=\"https:\/\/cerdanya.org\/wp-content\/uploads\/2021\/12\/capella-esperanca-bolvir-placa-495x400.jpg 495w, https:\/\/cerdanya.org\/wp-content\/uploads\/2021\/12\/capella-esperanca-bolvir-placa-845x684.jpg 845w\" sizes=\"(max-width: 495px) 100vw, 495px\" \/><span class='avia-gallery-caption'>Capella de l&rsquo;Esperan\u00e7a de Bolvir<\/span><\/span><\/a><\/div><div class='avia-gallery-thumb'><a href=\"https:\/\/cerdanya.org\/wp-content\/uploads\/2021\/12\/capella-esperanca-bolvir-placa-1030x687.jpg\" data-srcset=\"https:\/\/cerdanya.org\/wp-content\/uploads\/2021\/12\/capella-esperanca-bolvir-placa-1030x687.jpg 1030w, https:\/\/cerdanya.org\/wp-content\/uploads\/2021\/12\/capella-esperanca-bolvir-placa-300x200.jpg 300w, https:\/\/cerdanya.org\/wp-content\/uploads\/2021\/12\/capella-esperanca-bolvir-placa-768x513.jpg 768w, https:\/\/cerdanya.org\/wp-content\/uploads\/2021\/12\/capella-esperanca-bolvir-placa-705x470.jpg 705w, https:\/\/cerdanya.org\/wp-content\/uploads\/2021\/12\/capella-esperanca-bolvir-placa.jpg 1500w\" data-sizes=\"(max-width: 1030px) 100vw, 1030px\" data-rel='gallery-1' data-prev-img='https:\/\/cerdanya.org\/wp-content\/uploads\/2021\/12\/capella-esperanca-bolvir-placa-495x400.jpg' class='first_thumb lightbox ' data-onclick='1' title='Capella de l&rsquo;Esperan\u00e7a de Bolvir'  itemprop=\"thumbnailUrl\"  ><img decoding=\"async\" fetchpriority=\"high\" class=\"wp-image-23982 avia-img-lazy-loading-not-23982\"  data-avia-tooltip='Capella de l&rsquo;Esperan\u00e7a de Bolvir' src=\"https:\/\/cerdanya.org\/wp-content\/uploads\/2021\/12\/capella-esperanca-bolvir-placa-495x400.jpg\" width=\"495\" height=\"400\"  title='6. BOLVIR- Capella de l\u2019Esperanc\u0327a de Bolvir' alt='Capella de l\u2019Esperan\u00e7a de Bolvir' srcset=\"https:\/\/cerdanya.org\/wp-content\/uploads\/2021\/12\/capella-esperanca-bolvir-placa-495x400.jpg 495w, https:\/\/cerdanya.org\/wp-content\/uploads\/2021\/12\/capella-esperanca-bolvir-placa-845x684.jpg 845w\" sizes=\"(max-width: 495px) 100vw, 495px\" \/><div class='big-prev-fake'><img decoding=\"async\" loading=\"lazy\" class=\"wp-image-23982 avia-img-lazy-loading-23982\"  width=\"495\" height=\"400\" src=\"https:\/\/cerdanya.org\/wp-content\/uploads\/2021\/12\/capella-esperanca-bolvir-placa-495x400.jpg\" title='6. BOLVIR- Capella de l\u2019Esperanc\u0327a de Bolvir' alt='Capella de l\u2019Esperan\u00e7a de Bolvir' srcset=\"https:\/\/cerdanya.org\/wp-content\/uploads\/2021\/12\/capella-esperanca-bolvir-placa-495x400.jpg 495w, https:\/\/cerdanya.org\/wp-content\/uploads\/2021\/12\/capella-esperanca-bolvir-placa-845x684.jpg 845w\" sizes=\"auto, (max-width: 495px) 100vw, 495px\" \/><\/div><\/a><a href=\"https:\/\/cerdanya.org\/wp-content\/uploads\/2021\/12\/capella-esperanca-bolvir-finestra-1030x687.jpg\" data-srcset=\"https:\/\/cerdanya.org\/wp-content\/uploads\/2021\/12\/capella-esperanca-bolvir-finestra-1030x687.jpg 1030w, https:\/\/cerdanya.org\/wp-content\/uploads\/2021\/12\/capella-esperanca-bolvir-finestra-300x200.jpg 300w, https:\/\/cerdanya.org\/wp-content\/uploads\/2021\/12\/capella-esperanca-bolvir-finestra-768x513.jpg 768w, https:\/\/cerdanya.org\/wp-content\/uploads\/2021\/12\/capella-esperanca-bolvir-finestra-705x470.jpg 705w, https:\/\/cerdanya.org\/wp-content\/uploads\/2021\/12\/capella-esperanca-bolvir-finestra.jpg 1500w\" data-sizes=\"(max-width: 1030px) 100vw, 1030px\" data-rel='gallery-1' data-prev-img='https:\/\/cerdanya.org\/wp-content\/uploads\/2021\/12\/capella-esperanca-bolvir-finestra-495x400.jpg' class='lightbox ' data-onclick='2' title='Capella de l&rsquo;Esperan\u00e7a de Bolvir'  itemprop=\"thumbnailUrl\"  ><img decoding=\"async\" fetchpriority=\"high\" class=\"wp-image-23984 avia-img-lazy-loading-not-23984\"  data-avia-tooltip='Capella de l&rsquo;Esperan\u00e7a de Bolvir' src=\"https:\/\/cerdanya.org\/wp-content\/uploads\/2021\/12\/capella-esperanca-bolvir-finestra-495x400.jpg\" width=\"495\" height=\"400\"  title='6. BOLVIR- Capella de l\u2019Esperanc\u0327a de Bolvir' alt='Capella de l\u2019Esperan\u00e7a de Bolvir' srcset=\"https:\/\/cerdanya.org\/wp-content\/uploads\/2021\/12\/capella-esperanca-bolvir-finestra-495x400.jpg 495w, https:\/\/cerdanya.org\/wp-content\/uploads\/2021\/12\/capella-esperanca-bolvir-finestra-845x684.jpg 845w\" sizes=\"(max-width: 495px) 100vw, 495px\" \/><div class='big-prev-fake'><img decoding=\"async\" loading=\"lazy\" class=\"wp-image-23984 avia-img-lazy-loading-23984\"  width=\"495\" height=\"400\" src=\"https:\/\/cerdanya.org\/wp-content\/uploads\/2021\/12\/capella-esperanca-bolvir-finestra-495x400.jpg\" title='6. BOLVIR- Capella de l\u2019Esperanc\u0327a de Bolvir' alt='Capella de l\u2019Esperan\u00e7a de Bolvir' srcset=\"https:\/\/cerdanya.org\/wp-content\/uploads\/2021\/12\/capella-esperanca-bolvir-finestra-495x400.jpg 495w, https:\/\/cerdanya.org\/wp-content\/uploads\/2021\/12\/capella-esperanca-bolvir-finestra-845x684.jpg 845w\" sizes=\"auto, (max-width: 495px) 100vw, 495px\" \/><\/div><\/a><a href=\"https:\/\/cerdanya.org\/wp-content\/uploads\/2021\/12\/capella-esperanca-bolvir-rellotge-1030x687.jpg\" data-srcset=\"https:\/\/cerdanya.org\/wp-content\/uploads\/2021\/12\/capella-esperanca-bolvir-rellotge-1030x687.jpg 1030w, https:\/\/cerdanya.org\/wp-content\/uploads\/2021\/12\/capella-esperanca-bolvir-rellotge-300x200.jpg 300w, https:\/\/cerdanya.org\/wp-content\/uploads\/2021\/12\/capella-esperanca-bolvir-rellotge-768x513.jpg 768w, https:\/\/cerdanya.org\/wp-content\/uploads\/2021\/12\/capella-esperanca-bolvir-rellotge-705x470.jpg 705w, https:\/\/cerdanya.org\/wp-content\/uploads\/2021\/12\/capella-esperanca-bolvir-rellotge.jpg 1500w\" data-sizes=\"(max-width: 1030px) 100vw, 1030px\" data-rel='gallery-1' data-prev-img='https:\/\/cerdanya.org\/wp-content\/uploads\/2021\/12\/capella-esperanca-bolvir-rellotge-495x400.jpg' class='lightbox ' data-onclick='3' title='Capella de l&rsquo;Esperan\u00e7a de Bolvir'  itemprop=\"thumbnailUrl\"  ><img decoding=\"async\" fetchpriority=\"high\" class=\"wp-image-23986 avia-img-lazy-loading-not-23986\"  data-avia-tooltip='Capella de l&rsquo;Esperan\u00e7a de Bolvir' src=\"https:\/\/cerdanya.org\/wp-content\/uploads\/2021\/12\/capella-esperanca-bolvir-rellotge-495x400.jpg\" width=\"495\" height=\"400\"  title='6. BOLVIR- Capella de l\u2019Esperanc\u0327a de Bolvir' alt='Capella de l\u2019Esperan\u00e7a de Bolvir' srcset=\"https:\/\/cerdanya.org\/wp-content\/uploads\/2021\/12\/capella-esperanca-bolvir-rellotge-495x400.jpg 495w, https:\/\/cerdanya.org\/wp-content\/uploads\/2021\/12\/capella-esperanca-bolvir-rellotge-845x684.jpg 845w\" sizes=\"(max-width: 495px) 100vw, 495px\" \/><div class='big-prev-fake'><img decoding=\"async\" loading=\"lazy\" class=\"wp-image-23986 avia-img-lazy-loading-23986\"  width=\"495\" height=\"400\" src=\"https:\/\/cerdanya.org\/wp-content\/uploads\/2021\/12\/capella-esperanca-bolvir-rellotge-495x400.jpg\" title='6. BOLVIR- Capella de l\u2019Esperanc\u0327a de Bolvir' alt='Capella de l\u2019Esperan\u00e7a de Bolvir' srcset=\"https:\/\/cerdanya.org\/wp-content\/uploads\/2021\/12\/capella-esperanca-bolvir-rellotge-495x400.jpg 495w, https:\/\/cerdanya.org\/wp-content\/uploads\/2021\/12\/capella-esperanca-bolvir-rellotge-845x684.jpg 845w\" sizes=\"auto, (max-width: 495px) 100vw, 495px\" \/><\/div><\/a><a href=\"https:\/\/cerdanya.org\/wp-content\/uploads\/2021\/12\/capella-esperanca-bolvir-tomba-1030x687.jpg\" data-srcset=\"https:\/\/cerdanya.org\/wp-content\/uploads\/2021\/12\/capella-esperanca-bolvir-tomba-1030x687.jpg 1030w, https:\/\/cerdanya.org\/wp-content\/uploads\/2021\/12\/capella-esperanca-bolvir-tomba-300x200.jpg 300w, https:\/\/cerdanya.org\/wp-content\/uploads\/2021\/12\/capella-esperanca-bolvir-tomba-768x513.jpg 768w, https:\/\/cerdanya.org\/wp-content\/uploads\/2021\/12\/capella-esperanca-bolvir-tomba-705x470.jpg 705w, https:\/\/cerdanya.org\/wp-content\/uploads\/2021\/12\/capella-esperanca-bolvir-tomba.jpg 1500w\" data-sizes=\"(max-width: 1030px) 100vw, 1030px\" data-rel='gallery-1' data-prev-img='https:\/\/cerdanya.org\/wp-content\/uploads\/2021\/12\/capella-esperanca-bolvir-tomba-495x400.jpg' class='lightbox ' data-onclick='4' title='Capella de l&rsquo;Esperan\u00e7a de Bolvir'  itemprop=\"thumbnailUrl\"  ><img decoding=\"async\" fetchpriority=\"high\" class=\"wp-image-23988 avia-img-lazy-loading-not-23988\"  data-avia-tooltip='Capella de l&rsquo;Esperan\u00e7a de Bolvir' src=\"https:\/\/cerdanya.org\/wp-content\/uploads\/2021\/12\/capella-esperanca-bolvir-tomba-495x400.jpg\" width=\"495\" height=\"400\"  title='6. BOLVIR- Capella de l\u2019Esperanc\u0327a de Bolvir' alt='Capella de l\u2019Esperan\u00e7a de Bolvir' srcset=\"https:\/\/cerdanya.org\/wp-content\/uploads\/2021\/12\/capella-esperanca-bolvir-tomba-495x400.jpg 495w, https:\/\/cerdanya.org\/wp-content\/uploads\/2021\/12\/capella-esperanca-bolvir-tomba-845x684.jpg 845w\" sizes=\"(max-width: 495px) 100vw, 495px\" \/><div class='big-prev-fake'><img decoding=\"async\" loading=\"lazy\" class=\"wp-image-23988 avia-img-lazy-loading-23988\"  width=\"495\" height=\"400\" src=\"https:\/\/cerdanya.org\/wp-content\/uploads\/2021\/12\/capella-esperanca-bolvir-tomba-495x400.jpg\" title='6. BOLVIR- Capella de l\u2019Esperanc\u0327a de Bolvir' alt='Capella de l\u2019Esperan\u00e7a de Bolvir' srcset=\"https:\/\/cerdanya.org\/wp-content\/uploads\/2021\/12\/capella-esperanca-bolvir-tomba-495x400.jpg 495w, https:\/\/cerdanya.org\/wp-content\/uploads\/2021\/12\/capella-esperanca-bolvir-tomba-845x684.jpg 845w\" sizes=\"auto, (max-width: 495px) 100vw, 495px\" \/><\/div><\/a><a href=\"https:\/\/cerdanya.org\/wp-content\/uploads\/2021\/12\/capella-esperanca-bolvir-porta-1030x687.jpg\" data-srcset=\"https:\/\/cerdanya.org\/wp-content\/uploads\/2021\/12\/capella-esperanca-bolvir-porta-1030x687.jpg 1030w, https:\/\/cerdanya.org\/wp-content\/uploads\/2021\/12\/capella-esperanca-bolvir-porta-300x200.jpg 300w, https:\/\/cerdanya.org\/wp-content\/uploads\/2021\/12\/capella-esperanca-bolvir-porta-768x513.jpg 768w, https:\/\/cerdanya.org\/wp-content\/uploads\/2021\/12\/capella-esperanca-bolvir-porta-705x470.jpg 705w, https:\/\/cerdanya.org\/wp-content\/uploads\/2021\/12\/capella-esperanca-bolvir-porta.jpg 1500w\" data-sizes=\"(max-width: 1030px) 100vw, 1030px\" data-rel='gallery-1' data-prev-img='https:\/\/cerdanya.org\/wp-content\/uploads\/2021\/12\/capella-esperanca-bolvir-porta-495x400.jpg' class='lightbox ' data-onclick='5' title='Capella de l&rsquo;Esperan\u00e7a de Bolvir'  itemprop=\"thumbnailUrl\"  ><img decoding=\"async\" fetchpriority=\"high\" class=\"wp-image-23990 avia-img-lazy-loading-not-23990\"  data-avia-tooltip='Capella de l&rsquo;Esperan\u00e7a de Bolvir' src=\"https:\/\/cerdanya.org\/wp-content\/uploads\/2021\/12\/capella-esperanca-bolvir-porta-495x400.jpg\" width=\"495\" height=\"400\"  title='6. BOLVIR- Capella de l\u2019Esperanc\u0327a de Bolvir' alt='Capella de l\u2019Esperan\u00e7a de Bolvir' srcset=\"https:\/\/cerdanya.org\/wp-content\/uploads\/2021\/12\/capella-esperanca-bolvir-porta-495x400.jpg 495w, https:\/\/cerdanya.org\/wp-content\/uploads\/2021\/12\/capella-esperanca-bolvir-porta-845x684.jpg 845w\" sizes=\"(max-width: 495px) 100vw, 495px\" \/><div class='big-prev-fake'><img decoding=\"async\" loading=\"lazy\" class=\"wp-image-23990 avia-img-lazy-loading-23990\"  width=\"495\" height=\"400\" src=\"https:\/\/cerdanya.org\/wp-content\/uploads\/2021\/12\/capella-esperanca-bolvir-porta-495x400.jpg\" title='6. BOLVIR- Capella de l\u2019Esperanc\u0327a de Bolvir' alt='Capella de l\u2019Esperan\u00e7a de Bolvir' srcset=\"https:\/\/cerdanya.org\/wp-content\/uploads\/2021\/12\/capella-esperanca-bolvir-porta-495x400.jpg 495w, https:\/\/cerdanya.org\/wp-content\/uploads\/2021\/12\/capella-esperanca-bolvir-porta-845x684.jpg 845w\" sizes=\"auto, (max-width: 495px) 100vw, 495px\" \/><\/div><\/a><a href=\"https:\/\/cerdanya.org\/wp-content\/uploads\/2021\/12\/capella-esperanca-bolvir-pica-1030x687.jpg\" data-srcset=\"https:\/\/cerdanya.org\/wp-content\/uploads\/2021\/12\/capella-esperanca-bolvir-pica-1030x687.jpg 1030w, https:\/\/cerdanya.org\/wp-content\/uploads\/2021\/12\/capella-esperanca-bolvir-pica-300x200.jpg 300w, https:\/\/cerdanya.org\/wp-content\/uploads\/2021\/12\/capella-esperanca-bolvir-pica-768x513.jpg 768w, https:\/\/cerdanya.org\/wp-content\/uploads\/2021\/12\/capella-esperanca-bolvir-pica-705x470.jpg 705w, https:\/\/cerdanya.org\/wp-content\/uploads\/2021\/12\/capella-esperanca-bolvir-pica.jpg 1500w\" data-sizes=\"(max-width: 1030px) 100vw, 1030px\" data-rel='gallery-1' data-prev-img='https:\/\/cerdanya.org\/wp-content\/uploads\/2021\/12\/capella-esperanca-bolvir-pica-495x400.jpg' class='first_thumb lightbox ' data-onclick='6' title='Capella de l&rsquo;Esperan\u00e7a de Bolvir'  itemprop=\"thumbnailUrl\"  ><img decoding=\"async\" fetchpriority=\"high\" class=\"wp-image-23992 avia-img-lazy-loading-not-23992\"  data-avia-tooltip='Capella de l&rsquo;Esperan\u00e7a de Bolvir' src=\"https:\/\/cerdanya.org\/wp-content\/uploads\/2021\/12\/capella-esperanca-bolvir-pica-495x400.jpg\" width=\"495\" height=\"400\"  title='6. BOLVIR- Capella de l\u2019Esperanc\u0327a de Bolvir' alt='Capella de l\u2019Esperan\u00e7a de Bolvir' srcset=\"https:\/\/cerdanya.org\/wp-content\/uploads\/2021\/12\/capella-esperanca-bolvir-pica-495x400.jpg 495w, https:\/\/cerdanya.org\/wp-content\/uploads\/2021\/12\/capella-esperanca-bolvir-pica-845x684.jpg 845w\" sizes=\"(max-width: 495px) 100vw, 495px\" \/><div class='big-prev-fake'><img decoding=\"async\" loading=\"lazy\" class=\"wp-image-23992 avia-img-lazy-loading-23992\"  width=\"495\" height=\"400\" src=\"https:\/\/cerdanya.org\/wp-content\/uploads\/2021\/12\/capella-esperanca-bolvir-pica-495x400.jpg\" title='6. BOLVIR- Capella de l\u2019Esperanc\u0327a de Bolvir' alt='Capella de l\u2019Esperan\u00e7a de Bolvir' srcset=\"https:\/\/cerdanya.org\/wp-content\/uploads\/2021\/12\/capella-esperanca-bolvir-pica-495x400.jpg 495w, https:\/\/cerdanya.org\/wp-content\/uploads\/2021\/12\/capella-esperanca-bolvir-pica-845x684.jpg 845w\" sizes=\"auto, (max-width: 495px) 100vw, 495px\" \/><\/div><\/a><\/div><\/div><\/div><\/p>\n","protected":false},"excerpt":{"rendered":"","protected":false},"author":3,"featured_media":23237,"parent":30643,"menu_order":30,"comment_status":"closed","ping_status":"closed","template":"","meta":{"footnotes":""},"class_list":["post-30577","page","type-page","status-publish","has-post-thumbnail","hentry"],"_links":{"self":[{"href":"https:\/\/cerdanya.org\/fr\/wp-json\/wp\/v2\/pages\/30577","targetHints":{"allow":["GET"]}}],"collection":[{"href":"https:\/\/cerdanya.org\/fr\/wp-json\/wp\/v2\/pages"}],"about":[{"href":"https:\/\/cerdanya.org\/fr\/wp-json\/wp\/v2\/types\/page"}],"author":[{"embeddable":true,"href":"https:\/\/cerdanya.org\/fr\/wp-json\/wp\/v2\/users\/3"}],"replies":[{"embeddable":true,"href":"https:\/\/cerdanya.org\/fr\/wp-json\/wp\/v2\/comments?post=30577"}],"version-history":[{"count":0,"href":"https:\/\/cerdanya.org\/fr\/wp-json\/wp\/v2\/pages\/30577\/revisions"}],"up":[{"embeddable":true,"href":"https:\/\/cerdanya.org\/fr\/wp-json\/wp\/v2\/pages\/30643"}],"wp:featuredmedia":[{"embeddable":true,"href":"https:\/\/cerdanya.org\/fr\/wp-json\/wp\/v2\/media\/23237"}],"wp:attachment":[{"href":"https:\/\/cerdanya.org\/fr\/wp-json\/wp\/v2\/media?parent=30577"}],"curies":[{"name":"wp","href":"https:\/\/api.w.org\/{rel}","templated":true}]}}