{"id":30564,"date":"2022-04-13T10:42:38","date_gmt":"2022-04-13T08:42:38","guid":{"rendered":"http:\/\/www.cerdanya.org\/santa-barbara-de-das\/"},"modified":"2022-04-28T22:34:34","modified_gmt":"2022-04-28T20:34:34","slug":"santa-barbara-de-das","status":"publish","type":"page","link":"https:\/\/cerdanya.org\/fr\/que-faire\/tourisme-culturel\/patrimoine-culturel\/das\/santa-barbara-de-das\/","title":{"rendered":"Santa B\u00e0rbara de Das"},"content":{"rendered":"\n<style type=\"text\/css\" data-created_by=\"avia_inline_auto\" id=\"style-css-av-36rb4oj-ba4d95154227ed0d8a771e7152bf9e9e\">\n.flex_column.av-36rb4oj-ba4d95154227ed0d8a771e7152bf9e9e{\nborder-radius:0px 0px 0px 0px;\npadding:0px 0px 0px 0px;\n}\n<\/style>\n<div  class='flex_column av-36rb4oj-ba4d95154227ed0d8a771e7152bf9e9e av_one_half  avia-builder-el-0  el_before_av_one_half  avia-builder-el-first  first flex_column_div av-zero-column-padding  '     ><p>\n<style type=\"text\/css\" data-created_by=\"avia_inline_auto\" id=\"style-css-av-s1rfzq-679707926ddd9a04e29f5d8454ff114f\">\n#top .av-special-heading.av-s1rfzq-679707926ddd9a04e29f5d8454ff114f{\npadding-bottom:10px;\n}\nbody .av-special-heading.av-s1rfzq-679707926ddd9a04e29f5d8454ff114f .av-special-heading-tag .heading-char{\nfont-size:25px;\n}\n.av-special-heading.av-s1rfzq-679707926ddd9a04e29f5d8454ff114f .av-subheading{\nfont-size:15px;\n}\n<\/style>\n<div  class='av-special-heading av-s1rfzq-679707926ddd9a04e29f5d8454ff114f av-special-heading-h5  avia-builder-el-1  el_before_av_textblock  avia-builder-el-first '><h5 class='av-special-heading-tag '  itemprop=\"headline\"  >Description<\/h5><div class=\"special-heading-border\"><div class=\"special-heading-inner-border\"><\/div><\/div><\/div><br \/>\n<section  class='av_textblock_section av-ksyomoyl-25f1f3c8b1a0a9b03a6473be4799410f '   itemscope=\"itemscope\" itemtype=\"https:\/\/schema.org\/CreativeWork\" ><div class='avia_textblock'  itemprop=\"text\" ><p>L&rsquo;exploitation mini\u00e8re \u00e9tait une activit\u00e9 \u00e9conomique importante dans la r\u00e9gion \u00e0 la fin du XIXe si\u00e8cle et tout au long du XXe si\u00e8cle, et plus pr\u00e9cis\u00e9ment dans la commune de Das, avec les exploitations mini\u00e8res de lignite de Sanavastre et de mangan\u00e8se dans la zone connue sous le nom de Pardinella, dans la Serrat de la Creueta, dans la montagne de Tossa. T\u00e9moin de cette activit\u00e9 est l&rsquo;existence de la chapelle de Santa B\u00e0rbara, construite en 1902, patronne des mineurs.<\/p>\n<p>Son emplacement \u00e0 c\u00f4t\u00e9 de l&rsquo;ancienne route qui m\u00e8ne de Das \u00e0 Valira et Ur\u00fas, indiquerait une origine probable dans une chapelle de chemin, dont il existe plusieurs exemples dans la r\u00e9gion, d\u00e9di\u00e9es aux saints patrons et qui a d\u00fb \u00eatre adapt\u00e9e aux croyances et besoins d&rsquo;une profession entour\u00e9e de nombreux dangers.<\/p>\n<\/div><\/section><\/p><\/div>\n<style type=\"text\/css\" data-created_by=\"avia_inline_auto\" id=\"style-css-av-2coqnf7-fe66bdd07c1c8428c9bfcd41c861e712\">\n.flex_column.av-2coqnf7-fe66bdd07c1c8428c9bfcd41c861e712{\nborder-radius:0px 0px 0px 0px;\npadding:0px 0px 0px 0px;\n}\n<\/style>\n<div  class='flex_column av-2coqnf7-fe66bdd07c1c8428c9bfcd41c861e712 av_one_half  avia-builder-el-3  el_after_av_one_half  avia-builder-el-last  flex_column_div av-zero-column-padding  '     ><style type=\"text\/css\" data-created_by=\"avia_inline_auto\" id=\"style-css-av-29ooh4j-95f2fe7c6512b462c070a5af89e45228\">\n#top .avia-gallery.av-29ooh4j-95f2fe7c6512b462c070a5af89e45228 .avia-gallery-thumb a{\nwidth:20%;\n}\n<\/style>\n<div  class='avia-gallery av-29ooh4j-95f2fe7c6512b462c070a5af89e45228 avia_animate_when_visible  avia-builder-el-4  avia-builder-el-no-sibling  avia_lazyload av-slideshow-ui av-loop-manual-endless av-control-hidden av-navigate-arrows av-navigate-dots hover-effect av-control-hidden avia-gallery-animate avia-gallery-1'  itemprop=\"image\" itemscope=\"itemscope\" itemtype=\"https:\/\/schema.org\/ImageObject\" ><meta itemprop=\"contentURL\" content=\"https:\/\/cerdanya.org\/fr\/que-faire\/tourisme-culturel\/patrimoine-culturel\/das\/santa-barbara-de-das\/\"><div class='avia-gallery-big-wrapper'><a class='avia-gallery-big fakeLightbox lightbox avia-gallery-big-crop-thumb ' href=\"https:\/\/cerdanya.org\/wp-content\/uploads\/2021\/12\/santa-barbara-das--1030x687.jpg\" data-srcset=\"https:\/\/cerdanya.org\/wp-content\/uploads\/2021\/12\/santa-barbara-das--1030x687.jpg 1030w, https:\/\/cerdanya.org\/wp-content\/uploads\/2021\/12\/santa-barbara-das--300x200.jpg 300w, https:\/\/cerdanya.org\/wp-content\/uploads\/2021\/12\/santa-barbara-das--768x512.jpg 768w, https:\/\/cerdanya.org\/wp-content\/uploads\/2021\/12\/santa-barbara-das--705x470.jpg 705w, https:\/\/cerdanya.org\/wp-content\/uploads\/2021\/12\/santa-barbara-das-.jpg 1500w\" data-sizes=\"(max-width: 1030px) 100vw, 1030px\"  data-onclick='1' title='Santa B\u00e0rbara de Das' ><span class='avia-gallery-big-inner'  itemprop=\"thumbnailUrl\" ><img decoding=\"async\" fetchpriority=\"high\" class=\"wp-image-23994 avia-img-lazy-loading-not-23994\"  width=\"495\" height=\"400\" src=\"https:\/\/cerdanya.org\/wp-content\/uploads\/2021\/12\/santa-barbara-das--495x400.jpg\" title='37. DAS- Santa Ba\u0300rbara de Das' alt='Santa B\u00e0rbara de Das' srcset=\"https:\/\/cerdanya.org\/wp-content\/uploads\/2021\/12\/santa-barbara-das--495x400.jpg 495w, https:\/\/cerdanya.org\/wp-content\/uploads\/2021\/12\/santa-barbara-das--845x684.jpg 845w\" sizes=\"(max-width: 495px) 100vw, 495px\" \/><span class='avia-gallery-caption'>Santa B\u00e0rbara de Das<\/span><\/span><\/a><\/div><div class='avia-gallery-thumb'><a href=\"https:\/\/cerdanya.org\/wp-content\/uploads\/2021\/12\/santa-barbara-das--1030x687.jpg\" data-srcset=\"https:\/\/cerdanya.org\/wp-content\/uploads\/2021\/12\/santa-barbara-das--1030x687.jpg 1030w, https:\/\/cerdanya.org\/wp-content\/uploads\/2021\/12\/santa-barbara-das--300x200.jpg 300w, https:\/\/cerdanya.org\/wp-content\/uploads\/2021\/12\/santa-barbara-das--768x512.jpg 768w, https:\/\/cerdanya.org\/wp-content\/uploads\/2021\/12\/santa-barbara-das--705x470.jpg 705w, https:\/\/cerdanya.org\/wp-content\/uploads\/2021\/12\/santa-barbara-das-.jpg 1500w\" data-sizes=\"(max-width: 1030px) 100vw, 1030px\" data-rel='gallery-1' data-prev-img='https:\/\/cerdanya.org\/wp-content\/uploads\/2021\/12\/santa-barbara-das--495x400.jpg' class='first_thumb lightbox ' data-onclick='1' title='Santa B\u00e0rbara de Das'  itemprop=\"thumbnailUrl\"  ><img decoding=\"async\" fetchpriority=\"high\" class=\"wp-image-23994 avia-img-lazy-loading-not-23994\"  data-avia-tooltip='Santa B\u00e0rbara de Das' src=\"https:\/\/cerdanya.org\/wp-content\/uploads\/2021\/12\/santa-barbara-das--495x400.jpg\" width=\"495\" height=\"400\"  title='37. DAS- Santa Ba\u0300rbara de Das' alt='Santa B\u00e0rbara de Das' srcset=\"https:\/\/cerdanya.org\/wp-content\/uploads\/2021\/12\/santa-barbara-das--495x400.jpg 495w, https:\/\/cerdanya.org\/wp-content\/uploads\/2021\/12\/santa-barbara-das--845x684.jpg 845w\" sizes=\"(max-width: 495px) 100vw, 495px\" \/><div class='big-prev-fake'><img decoding=\"async\" loading=\"lazy\" class=\"wp-image-23994 avia-img-lazy-loading-23994\"  width=\"495\" height=\"400\" src=\"https:\/\/cerdanya.org\/wp-content\/uploads\/2021\/12\/santa-barbara-das--495x400.jpg\" title='37. DAS- Santa Ba\u0300rbara de Das' alt='Santa B\u00e0rbara de Das' srcset=\"https:\/\/cerdanya.org\/wp-content\/uploads\/2021\/12\/santa-barbara-das--495x400.jpg 495w, https:\/\/cerdanya.org\/wp-content\/uploads\/2021\/12\/santa-barbara-das--845x684.jpg 845w\" sizes=\"auto, (max-width: 495px) 100vw, 495px\" \/><\/div><\/a><a href=\"https:\/\/cerdanya.org\/wp-content\/uploads\/2021\/12\/santa-barbara-das-pica-1030x687.jpg\" data-srcset=\"https:\/\/cerdanya.org\/wp-content\/uploads\/2021\/12\/santa-barbara-das-pica-1030x687.jpg 1030w, https:\/\/cerdanya.org\/wp-content\/uploads\/2021\/12\/santa-barbara-das-pica-300x200.jpg 300w, https:\/\/cerdanya.org\/wp-content\/uploads\/2021\/12\/santa-barbara-das-pica-768x512.jpg 768w, https:\/\/cerdanya.org\/wp-content\/uploads\/2021\/12\/santa-barbara-das-pica-705x470.jpg 705w, https:\/\/cerdanya.org\/wp-content\/uploads\/2021\/12\/santa-barbara-das-pica.jpg 1500w\" data-sizes=\"(max-width: 1030px) 100vw, 1030px\" data-rel='gallery-1' data-prev-img='https:\/\/cerdanya.org\/wp-content\/uploads\/2021\/12\/santa-barbara-das-pica-495x400.jpg' class='lightbox ' data-onclick='2' title='Santa B\u00e0rbara de Das'  itemprop=\"thumbnailUrl\"  ><img decoding=\"async\" fetchpriority=\"high\" class=\"wp-image-23996 avia-img-lazy-loading-not-23996\"  data-avia-tooltip='Santa B\u00e0rbara de Das' src=\"https:\/\/cerdanya.org\/wp-content\/uploads\/2021\/12\/santa-barbara-das-pica-495x400.jpg\" width=\"495\" height=\"400\"  title='37. DAS- Santa Ba\u0300rbara de Das' alt='Santa B\u00e0rbara de Das' srcset=\"https:\/\/cerdanya.org\/wp-content\/uploads\/2021\/12\/santa-barbara-das-pica-495x400.jpg 495w, https:\/\/cerdanya.org\/wp-content\/uploads\/2021\/12\/santa-barbara-das-pica-845x684.jpg 845w\" sizes=\"(max-width: 495px) 100vw, 495px\" \/><div class='big-prev-fake'><img decoding=\"async\" loading=\"lazy\" class=\"wp-image-23996 avia-img-lazy-loading-23996\"  width=\"495\" height=\"400\" src=\"https:\/\/cerdanya.org\/wp-content\/uploads\/2021\/12\/santa-barbara-das-pica-495x400.jpg\" title='37. DAS- Santa Ba\u0300rbara de Das' alt='Santa B\u00e0rbara de Das' srcset=\"https:\/\/cerdanya.org\/wp-content\/uploads\/2021\/12\/santa-barbara-das-pica-495x400.jpg 495w, https:\/\/cerdanya.org\/wp-content\/uploads\/2021\/12\/santa-barbara-das-pica-845x684.jpg 845w\" sizes=\"auto, (max-width: 495px) 100vw, 495px\" \/><\/div><\/a><a href=\"https:\/\/cerdanya.org\/wp-content\/uploads\/2021\/12\/santa-barbara-das-altar-1030x687.jpg\" data-srcset=\"https:\/\/cerdanya.org\/wp-content\/uploads\/2021\/12\/santa-barbara-das-altar-1030x687.jpg 1030w, https:\/\/cerdanya.org\/wp-content\/uploads\/2021\/12\/santa-barbara-das-altar-300x200.jpg 300w, https:\/\/cerdanya.org\/wp-content\/uploads\/2021\/12\/santa-barbara-das-altar-768x512.jpg 768w, https:\/\/cerdanya.org\/wp-content\/uploads\/2021\/12\/santa-barbara-das-altar-705x470.jpg 705w, https:\/\/cerdanya.org\/wp-content\/uploads\/2021\/12\/santa-barbara-das-altar.jpg 1500w\" data-sizes=\"(max-width: 1030px) 100vw, 1030px\" data-rel='gallery-1' data-prev-img='https:\/\/cerdanya.org\/wp-content\/uploads\/2021\/12\/santa-barbara-das-altar-495x400.jpg' class='lightbox ' data-onclick='3' title='Santa B\u00e0rbara de Das'  itemprop=\"thumbnailUrl\"  ><img decoding=\"async\" fetchpriority=\"high\" class=\"wp-image-23998 avia-img-lazy-loading-not-23998\"  data-avia-tooltip='Santa B\u00e0rbara de Das' src=\"https:\/\/cerdanya.org\/wp-content\/uploads\/2021\/12\/santa-barbara-das-altar-495x400.jpg\" width=\"495\" height=\"400\"  title='37. DAS- Santa Ba\u0300rbara de Das' alt='Santa B\u00e0rbara de Das' srcset=\"https:\/\/cerdanya.org\/wp-content\/uploads\/2021\/12\/santa-barbara-das-altar-495x400.jpg 495w, https:\/\/cerdanya.org\/wp-content\/uploads\/2021\/12\/santa-barbara-das-altar-845x684.jpg 845w\" sizes=\"(max-width: 495px) 100vw, 495px\" \/><div class='big-prev-fake'><img decoding=\"async\" loading=\"lazy\" class=\"wp-image-23998 avia-img-lazy-loading-23998\"  width=\"495\" height=\"400\" src=\"https:\/\/cerdanya.org\/wp-content\/uploads\/2021\/12\/santa-barbara-das-altar-495x400.jpg\" title='37. DAS- Santa Ba\u0300rbara de Das' alt='Santa B\u00e0rbara de Das' srcset=\"https:\/\/cerdanya.org\/wp-content\/uploads\/2021\/12\/santa-barbara-das-altar-495x400.jpg 495w, https:\/\/cerdanya.org\/wp-content\/uploads\/2021\/12\/santa-barbara-das-altar-845x684.jpg 845w\" sizes=\"auto, (max-width: 495px) 100vw, 495px\" \/><\/div><\/a><a href=\"https:\/\/cerdanya.org\/wp-content\/uploads\/2021\/12\/santa-barbara-das-cor-1030x687.jpg\" data-srcset=\"https:\/\/cerdanya.org\/wp-content\/uploads\/2021\/12\/santa-barbara-das-cor-1030x687.jpg 1030w, https:\/\/cerdanya.org\/wp-content\/uploads\/2021\/12\/santa-barbara-das-cor-300x200.jpg 300w, https:\/\/cerdanya.org\/wp-content\/uploads\/2021\/12\/santa-barbara-das-cor-768x512.jpg 768w, https:\/\/cerdanya.org\/wp-content\/uploads\/2021\/12\/santa-barbara-das-cor-705x470.jpg 705w, https:\/\/cerdanya.org\/wp-content\/uploads\/2021\/12\/santa-barbara-das-cor.jpg 1500w\" data-sizes=\"(max-width: 1030px) 100vw, 1030px\" data-rel='gallery-1' data-prev-img='https:\/\/cerdanya.org\/wp-content\/uploads\/2021\/12\/santa-barbara-das-cor-495x400.jpg' class='lightbox ' data-onclick='4' title='Santa B\u00e0rbara de Das'  itemprop=\"thumbnailUrl\"  ><img decoding=\"async\" fetchpriority=\"high\" class=\"wp-image-24000 avia-img-lazy-loading-not-24000\"  data-avia-tooltip='Santa B\u00e0rbara de Das' src=\"https:\/\/cerdanya.org\/wp-content\/uploads\/2021\/12\/santa-barbara-das-cor-495x400.jpg\" width=\"495\" height=\"400\"  title='37. DAS- Santa Ba\u0300rbara de Das' alt='Santa B\u00e0rbara de Das' srcset=\"https:\/\/cerdanya.org\/wp-content\/uploads\/2021\/12\/santa-barbara-das-cor-495x400.jpg 495w, https:\/\/cerdanya.org\/wp-content\/uploads\/2021\/12\/santa-barbara-das-cor-845x684.jpg 845w\" sizes=\"(max-width: 495px) 100vw, 495px\" \/><div class='big-prev-fake'><img decoding=\"async\" loading=\"lazy\" class=\"wp-image-24000 avia-img-lazy-loading-24000\"  width=\"495\" height=\"400\" src=\"https:\/\/cerdanya.org\/wp-content\/uploads\/2021\/12\/santa-barbara-das-cor-495x400.jpg\" title='37. DAS- Santa Ba\u0300rbara de Das' alt='Santa B\u00e0rbara de Das' srcset=\"https:\/\/cerdanya.org\/wp-content\/uploads\/2021\/12\/santa-barbara-das-cor-495x400.jpg 495w, https:\/\/cerdanya.org\/wp-content\/uploads\/2021\/12\/santa-barbara-das-cor-845x684.jpg 845w\" sizes=\"auto, (max-width: 495px) 100vw, 495px\" \/><\/div><\/a><a href=\"https:\/\/cerdanya.org\/wp-content\/uploads\/2021\/12\/santa-barbara-das-quadre-1030x687.jpg\" data-srcset=\"https:\/\/cerdanya.org\/wp-content\/uploads\/2021\/12\/santa-barbara-das-quadre-1030x687.jpg 1030w, https:\/\/cerdanya.org\/wp-content\/uploads\/2021\/12\/santa-barbara-das-quadre-300x200.jpg 300w, https:\/\/cerdanya.org\/wp-content\/uploads\/2021\/12\/santa-barbara-das-quadre-768x512.jpg 768w, https:\/\/cerdanya.org\/wp-content\/uploads\/2021\/12\/santa-barbara-das-quadre-705x470.jpg 705w, https:\/\/cerdanya.org\/wp-content\/uploads\/2021\/12\/santa-barbara-das-quadre.jpg 1500w\" data-sizes=\"(max-width: 1030px) 100vw, 1030px\" data-rel='gallery-1' data-prev-img='https:\/\/cerdanya.org\/wp-content\/uploads\/2021\/12\/santa-barbara-das-quadre-495x400.jpg' class='lightbox ' data-onclick='5' title='Santa B\u00e0rbara de Das'  itemprop=\"thumbnailUrl\"  ><img decoding=\"async\" fetchpriority=\"high\" class=\"wp-image-24003 avia-img-lazy-loading-not-24003\"  data-avia-tooltip='Santa B\u00e0rbara de Das' src=\"https:\/\/cerdanya.org\/wp-content\/uploads\/2021\/12\/santa-barbara-das-quadre-495x400.jpg\" width=\"495\" height=\"400\"  title='37. DAS- Santa Ba\u0300rbara de Das' alt='Santa B\u00e0rbara de Das' srcset=\"https:\/\/cerdanya.org\/wp-content\/uploads\/2021\/12\/santa-barbara-das-quadre-495x400.jpg 495w, https:\/\/cerdanya.org\/wp-content\/uploads\/2021\/12\/santa-barbara-das-quadre-845x684.jpg 845w\" sizes=\"(max-width: 495px) 100vw, 495px\" \/><div class='big-prev-fake'><img decoding=\"async\" loading=\"lazy\" class=\"wp-image-24003 avia-img-lazy-loading-24003\"  width=\"495\" height=\"400\" src=\"https:\/\/cerdanya.org\/wp-content\/uploads\/2021\/12\/santa-barbara-das-quadre-495x400.jpg\" title='37. DAS- Santa Ba\u0300rbara de Das' alt='Santa B\u00e0rbara de Das' srcset=\"https:\/\/cerdanya.org\/wp-content\/uploads\/2021\/12\/santa-barbara-das-quadre-495x400.jpg 495w, https:\/\/cerdanya.org\/wp-content\/uploads\/2021\/12\/santa-barbara-das-quadre-845x684.jpg 845w\" sizes=\"auto, (max-width: 495px) 100vw, 495px\" \/><\/div><\/a><a href=\"https:\/\/cerdanya.org\/wp-content\/uploads\/2021\/12\/santa-barbara-das-pendo-1030x687.jpg\" data-srcset=\"https:\/\/cerdanya.org\/wp-content\/uploads\/2021\/12\/santa-barbara-das-pendo-1030x687.jpg 1030w, https:\/\/cerdanya.org\/wp-content\/uploads\/2021\/12\/santa-barbara-das-pendo-300x200.jpg 300w, https:\/\/cerdanya.org\/wp-content\/uploads\/2021\/12\/santa-barbara-das-pendo-768x512.jpg 768w, https:\/\/cerdanya.org\/wp-content\/uploads\/2021\/12\/santa-barbara-das-pendo-705x470.jpg 705w, https:\/\/cerdanya.org\/wp-content\/uploads\/2021\/12\/santa-barbara-das-pendo.jpg 1500w\" data-sizes=\"(max-width: 1030px) 100vw, 1030px\" data-rel='gallery-1' data-prev-img='https:\/\/cerdanya.org\/wp-content\/uploads\/2021\/12\/santa-barbara-das-pendo-495x400.jpg' class='first_thumb lightbox ' data-onclick='6' title='Santa B\u00e0rbara de Das'  itemprop=\"thumbnailUrl\"  ><img decoding=\"async\" fetchpriority=\"high\" class=\"wp-image-24008 avia-img-lazy-loading-not-24008\"  data-avia-tooltip='Santa B\u00e0rbara de Das' src=\"https:\/\/cerdanya.org\/wp-content\/uploads\/2021\/12\/santa-barbara-das-pendo-495x400.jpg\" width=\"495\" height=\"400\"  title='37. DAS- Santa Ba\u0300rbara de Das' alt='Santa B\u00e0rbara de Das' srcset=\"https:\/\/cerdanya.org\/wp-content\/uploads\/2021\/12\/santa-barbara-das-pendo-495x400.jpg 495w, https:\/\/cerdanya.org\/wp-content\/uploads\/2021\/12\/santa-barbara-das-pendo-845x684.jpg 845w\" sizes=\"(max-width: 495px) 100vw, 495px\" \/><div class='big-prev-fake'><img decoding=\"async\" loading=\"lazy\" class=\"wp-image-24008 avia-img-lazy-loading-24008\"  width=\"495\" height=\"400\" src=\"https:\/\/cerdanya.org\/wp-content\/uploads\/2021\/12\/santa-barbara-das-pendo-495x400.jpg\" title='37. DAS- Santa Ba\u0300rbara de Das' alt='Santa B\u00e0rbara de Das' srcset=\"https:\/\/cerdanya.org\/wp-content\/uploads\/2021\/12\/santa-barbara-das-pendo-495x400.jpg 495w, https:\/\/cerdanya.org\/wp-content\/uploads\/2021\/12\/santa-barbara-das-pendo-845x684.jpg 845w\" sizes=\"auto, (max-width: 495px) 100vw, 495px\" \/><\/div><\/a><a href=\"https:\/\/cerdanya.org\/wp-content\/uploads\/2021\/12\/santa-barbara-das-quadre-fusta-1030x687.jpg\" data-srcset=\"https:\/\/cerdanya.org\/wp-content\/uploads\/2021\/12\/santa-barbara-das-quadre-fusta-1030x687.jpg 1030w, https:\/\/cerdanya.org\/wp-content\/uploads\/2021\/12\/santa-barbara-das-quadre-fusta-300x200.jpg 300w, https:\/\/cerdanya.org\/wp-content\/uploads\/2021\/12\/santa-barbara-das-quadre-fusta-768x512.jpg 768w, https:\/\/cerdanya.org\/wp-content\/uploads\/2021\/12\/santa-barbara-das-quadre-fusta-705x470.jpg 705w, https:\/\/cerdanya.org\/wp-content\/uploads\/2021\/12\/santa-barbara-das-quadre-fusta.jpg 1500w\" data-sizes=\"(max-width: 1030px) 100vw, 1030px\" data-rel='gallery-1' data-prev-img='https:\/\/cerdanya.org\/wp-content\/uploads\/2021\/12\/santa-barbara-das-quadre-fusta-495x400.jpg' class='lightbox ' data-onclick='7' title='Santa B\u00e0rbara de Das'  itemprop=\"thumbnailUrl\"  ><img decoding=\"async\" fetchpriority=\"high\" class=\"wp-image-24011 avia-img-lazy-loading-not-24011\"  data-avia-tooltip='Santa B\u00e0rbara de Das' src=\"https:\/\/cerdanya.org\/wp-content\/uploads\/2021\/12\/santa-barbara-das-quadre-fusta-495x400.jpg\" width=\"495\" height=\"400\"  title='37. DAS- Santa Ba\u0300rbara de Das' alt='Santa B\u00e0rbara de Das' srcset=\"https:\/\/cerdanya.org\/wp-content\/uploads\/2021\/12\/santa-barbara-das-quadre-fusta-495x400.jpg 495w, https:\/\/cerdanya.org\/wp-content\/uploads\/2021\/12\/santa-barbara-das-quadre-fusta-845x684.jpg 845w\" sizes=\"(max-width: 495px) 100vw, 495px\" \/><div class='big-prev-fake'><img decoding=\"async\" loading=\"lazy\" class=\"wp-image-24011 avia-img-lazy-loading-24011\"  width=\"495\" height=\"400\" src=\"https:\/\/cerdanya.org\/wp-content\/uploads\/2021\/12\/santa-barbara-das-quadre-fusta-495x400.jpg\" title='37. DAS- Santa Ba\u0300rbara de Das' alt='Santa B\u00e0rbara de Das' srcset=\"https:\/\/cerdanya.org\/wp-content\/uploads\/2021\/12\/santa-barbara-das-quadre-fusta-495x400.jpg 495w, https:\/\/cerdanya.org\/wp-content\/uploads\/2021\/12\/santa-barbara-das-quadre-fusta-845x684.jpg 845w\" sizes=\"auto, (max-width: 495px) 100vw, 495px\" \/><\/div><\/a><\/div><\/div><\/div><\/p>\n","protected":false},"excerpt":{"rendered":"","protected":false},"author":3,"featured_media":23312,"parent":30637,"menu_order":10,"comment_status":"closed","ping_status":"closed","template":"","meta":{"footnotes":""},"class_list":["post-30564","page","type-page","status-publish","has-post-thumbnail","hentry"],"_links":{"self":[{"href":"https:\/\/cerdanya.org\/fr\/wp-json\/wp\/v2\/pages\/30564","targetHints":{"allow":["GET"]}}],"collection":[{"href":"https:\/\/cerdanya.org\/fr\/wp-json\/wp\/v2\/pages"}],"about":[{"href":"https:\/\/cerdanya.org\/fr\/wp-json\/wp\/v2\/types\/page"}],"author":[{"embeddable":true,"href":"https:\/\/cerdanya.org\/fr\/wp-json\/wp\/v2\/users\/3"}],"replies":[{"embeddable":true,"href":"https:\/\/cerdanya.org\/fr\/wp-json\/wp\/v2\/comments?post=30564"}],"version-history":[{"count":0,"href":"https:\/\/cerdanya.org\/fr\/wp-json\/wp\/v2\/pages\/30564\/revisions"}],"up":[{"embeddable":true,"href":"https:\/\/cerdanya.org\/fr\/wp-json\/wp\/v2\/pages\/30637"}],"wp:featuredmedia":[{"embeddable":true,"href":"https:\/\/cerdanya.org\/fr\/wp-json\/wp\/v2\/media\/23312"}],"wp:attachment":[{"href":"https:\/\/cerdanya.org\/fr\/wp-json\/wp\/v2\/media?parent=30564"}],"curies":[{"name":"wp","href":"https:\/\/api.w.org\/{rel}","templated":true}]}}