{"id":30562,"date":"2022-04-13T10:37:29","date_gmt":"2022-04-13T08:37:29","guid":{"rendered":"http:\/\/www.cerdanya.org\/sant-iscle-et-santa-victoria-de-sanavastre\/"},"modified":"2022-04-28T22:37:20","modified_gmt":"2022-04-28T20:37:20","slug":"sant-iscle-et-santa-victoria-de-sanavastre","status":"publish","type":"page","link":"https:\/\/cerdanya.org\/fr\/que-faire\/tourisme-culturel\/patrimoine-culturel\/das\/sant-iscle-et-santa-victoria-de-sanavastre\/","title":{"rendered":"Sant Iscle et Santa Vict\u00f2ria de Sanavastre"},"content":{"rendered":"\n<style type=\"text\/css\" data-created_by=\"avia_inline_auto\" id=\"style-css-av-36rb4oj-ba4d95154227ed0d8a771e7152bf9e9e\">\n.flex_column.av-36rb4oj-ba4d95154227ed0d8a771e7152bf9e9e{\nborder-radius:0px 0px 0px 0px;\npadding:0px 0px 0px 0px;\n}\n<\/style>\n<div  class='flex_column av-36rb4oj-ba4d95154227ed0d8a771e7152bf9e9e av_one_half  avia-builder-el-0  el_before_av_one_half  avia-builder-el-first  first flex_column_div av-zero-column-padding  '     ><p>\n<style type=\"text\/css\" data-created_by=\"avia_inline_auto\" id=\"style-css-av-wklhy1-f8e672be128a46a5205f544aae318dea\">\n#top .av-special-heading.av-wklhy1-f8e672be128a46a5205f544aae318dea{\npadding-bottom:10px;\n}\nbody .av-special-heading.av-wklhy1-f8e672be128a46a5205f544aae318dea .av-special-heading-tag .heading-char{\nfont-size:25px;\n}\n.av-special-heading.av-wklhy1-f8e672be128a46a5205f544aae318dea .av-subheading{\nfont-size:15px;\n}\n<\/style>\n<div  class='av-special-heading av-wklhy1-f8e672be128a46a5205f544aae318dea av-special-heading-h5  avia-builder-el-1  el_before_av_textblock  avia-builder-el-first '><h5 class='av-special-heading-tag '  itemprop=\"headline\"  >Description<\/h5><div class=\"special-heading-border\"><div class=\"special-heading-inner-border\"><\/div><\/div><\/div><br \/>\n<section  class='av_textblock_section av-ksyomoyl-25f1f3c8b1a0a9b03a6473be4799410f '   itemscope=\"itemscope\" itemtype=\"https:\/\/schema.org\/CreativeWork\" ><div class='avia_textblock'  itemprop=\"text\" ><p>L&rsquo;\u00e9glise de Sant Iscle i Santa Vict\u00f2ria est un b\u00e2timent \u00e0 nef unique, qui a subi de nombreuses modifications au fil du temps. La partie la plus remarquable du b\u00e2timent est la fa\u00e7ade ouest, qui pourrait \u00eatre dat\u00e9e de la fin du XIIe si\u00e8cle environ, avec un \u0153il de b\u0153uf au lieu d&rsquo;une fen\u00eatre \u00e0 double fente ; les voussoirs de l&rsquo;oeil de boeuf ont un bord ext\u00e9rieur biseaut\u00e9, et dans chacun d&rsquo;eux est sculpt\u00e9e une demi-boule, un motif typique de l&rsquo;art roman tardif, en fait c&rsquo;est un sp\u00e9cimen d&rsquo;oeil de boeuf unique \u00e0 la Cerdagne. La muraille est couronn\u00e9e par un beffroi \u00e0 deux yeux tr\u00e8s hauts. C&rsquo;est un frontispice tr\u00e8s complet et bien conserv\u00e9.<\/p>\n<p>L&rsquo;abside semi-circulaire d&rsquo;origine a \u00e9t\u00e9 remplac\u00e9e par un chevet quadrangulaire, et la nef a \u00e9t\u00e9 agrandie avec une sacristie et deux chapelles de part et d&rsquo;autre. La porte, sur la fa\u00e7ade sud, a \u00e9galement \u00e9t\u00e9 refaite et il n&rsquo;y a aucun signe de fen\u00eatre d&rsquo;origine.<\/p>\n<\/div><\/section><\/p><\/div>\n<style type=\"text\/css\" data-created_by=\"avia_inline_auto\" id=\"style-css-av-2coqnf7-fe66bdd07c1c8428c9bfcd41c861e712\">\n.flex_column.av-2coqnf7-fe66bdd07c1c8428c9bfcd41c861e712{\nborder-radius:0px 0px 0px 0px;\npadding:0px 0px 0px 0px;\n}\n<\/style>\n<div  class='flex_column av-2coqnf7-fe66bdd07c1c8428c9bfcd41c861e712 av_one_half  avia-builder-el-3  el_after_av_one_half  el_before_av_one_full  flex_column_div av-zero-column-padding  '     ><style type=\"text\/css\" data-created_by=\"avia_inline_auto\" id=\"style-css-av-29ooh4j-7529284982812d044ccdfe6dc774c4de\">\n#top .avia-gallery.av-29ooh4j-7529284982812d044ccdfe6dc774c4de .avia-gallery-thumb a{\nwidth:20%;\n}\n<\/style>\n<div  class='avia-gallery av-29ooh4j-7529284982812d044ccdfe6dc774c4de avia_animate_when_visible  avia-builder-el-4  avia-builder-el-no-sibling  avia_lazyload av-slideshow-ui av-loop-manual-endless av-control-hidden av-navigate-arrows av-navigate-dots hover-effect av-control-hidden avia-gallery-animate avia-gallery-1'  itemprop=\"image\" itemscope=\"itemscope\" itemtype=\"https:\/\/schema.org\/ImageObject\" ><meta itemprop=\"contentURL\" content=\"https:\/\/cerdanya.org\/fr\/que-faire\/tourisme-culturel\/patrimoine-culturel\/das\/sant-iscle-et-santa-victoria-de-sanavastre\/\"><div class='avia-gallery-big-wrapper'><a class='avia-gallery-big fakeLightbox lightbox avia-gallery-big-crop-thumb ' href=\"https:\/\/cerdanya.org\/wp-content\/uploads\/2021\/12\/sant-iscle-santa-victoria-sanavastre--1030x687.jpg\" data-srcset=\"https:\/\/cerdanya.org\/wp-content\/uploads\/2021\/12\/sant-iscle-santa-victoria-sanavastre--1030x687.jpg 1030w, https:\/\/cerdanya.org\/wp-content\/uploads\/2021\/12\/sant-iscle-santa-victoria-sanavastre--300x200.jpg 300w, https:\/\/cerdanya.org\/wp-content\/uploads\/2021\/12\/sant-iscle-santa-victoria-sanavastre--768x512.jpg 768w, https:\/\/cerdanya.org\/wp-content\/uploads\/2021\/12\/sant-iscle-santa-victoria-sanavastre--705x470.jpg 705w, https:\/\/cerdanya.org\/wp-content\/uploads\/2021\/12\/sant-iscle-santa-victoria-sanavastre-.jpg 1500w\" data-sizes=\"(max-width: 1030px) 100vw, 1030px\"  data-onclick='1' title='Sant Iscle i Santa Vict\u00f2ria de Sanavastre' ><span class='avia-gallery-big-inner'  itemprop=\"thumbnailUrl\" ><img decoding=\"async\" fetchpriority=\"high\" class=\"wp-image-24018 avia-img-lazy-loading-not-24018\"  width=\"495\" height=\"400\" src=\"https:\/\/cerdanya.org\/wp-content\/uploads\/2021\/12\/sant-iscle-santa-victoria-sanavastre--495x400.jpg\" title='9. DAS- Sant Iscle i Santa Victo\u0300ria de Sanavastre' alt='Sant Iscle i Santa Vict\u00f2ria de Sanavastre' srcset=\"https:\/\/cerdanya.org\/wp-content\/uploads\/2021\/12\/sant-iscle-santa-victoria-sanavastre--495x400.jpg 495w, https:\/\/cerdanya.org\/wp-content\/uploads\/2021\/12\/sant-iscle-santa-victoria-sanavastre--845x684.jpg 845w\" sizes=\"(max-width: 495px) 100vw, 495px\" \/><span class='avia-gallery-caption'>Sant Iscle i Santa Vict\u00f2ria de Sanavastre<\/span><\/span><\/a><\/div><div class='avia-gallery-thumb'><a href=\"https:\/\/cerdanya.org\/wp-content\/uploads\/2021\/12\/sant-iscle-santa-victoria-sanavastre--1030x687.jpg\" data-srcset=\"https:\/\/cerdanya.org\/wp-content\/uploads\/2021\/12\/sant-iscle-santa-victoria-sanavastre--1030x687.jpg 1030w, https:\/\/cerdanya.org\/wp-content\/uploads\/2021\/12\/sant-iscle-santa-victoria-sanavastre--300x200.jpg 300w, https:\/\/cerdanya.org\/wp-content\/uploads\/2021\/12\/sant-iscle-santa-victoria-sanavastre--768x512.jpg 768w, https:\/\/cerdanya.org\/wp-content\/uploads\/2021\/12\/sant-iscle-santa-victoria-sanavastre--705x470.jpg 705w, https:\/\/cerdanya.org\/wp-content\/uploads\/2021\/12\/sant-iscle-santa-victoria-sanavastre-.jpg 1500w\" data-sizes=\"(max-width: 1030px) 100vw, 1030px\" data-rel='gallery-1' data-prev-img='https:\/\/cerdanya.org\/wp-content\/uploads\/2021\/12\/sant-iscle-santa-victoria-sanavastre--495x400.jpg' class='first_thumb lightbox ' data-onclick='1' title='Sant Iscle i Santa Vict\u00f2ria de Sanavastre'  itemprop=\"thumbnailUrl\"  ><img decoding=\"async\" fetchpriority=\"high\" class=\"wp-image-24018 avia-img-lazy-loading-not-24018\"  data-avia-tooltip='Sant Iscle i Santa Vict\u00f2ria de Sanavastre' src=\"https:\/\/cerdanya.org\/wp-content\/uploads\/2021\/12\/sant-iscle-santa-victoria-sanavastre--495x400.jpg\" width=\"495\" height=\"400\"  title='9. DAS- Sant Iscle i Santa Victo\u0300ria de Sanavastre' alt='Sant Iscle i Santa Vict\u00f2ria de Sanavastre' srcset=\"https:\/\/cerdanya.org\/wp-content\/uploads\/2021\/12\/sant-iscle-santa-victoria-sanavastre--495x400.jpg 495w, https:\/\/cerdanya.org\/wp-content\/uploads\/2021\/12\/sant-iscle-santa-victoria-sanavastre--845x684.jpg 845w\" sizes=\"(max-width: 495px) 100vw, 495px\" \/><div class='big-prev-fake'><img decoding=\"async\" loading=\"lazy\" class=\"wp-image-24018 avia-img-lazy-loading-24018\"  width=\"495\" height=\"400\" src=\"https:\/\/cerdanya.org\/wp-content\/uploads\/2021\/12\/sant-iscle-santa-victoria-sanavastre--495x400.jpg\" title='9. DAS- Sant Iscle i Santa Victo\u0300ria de Sanavastre' alt='Sant Iscle i Santa Vict\u00f2ria de Sanavastre' srcset=\"https:\/\/cerdanya.org\/wp-content\/uploads\/2021\/12\/sant-iscle-santa-victoria-sanavastre--495x400.jpg 495w, https:\/\/cerdanya.org\/wp-content\/uploads\/2021\/12\/sant-iscle-santa-victoria-sanavastre--845x684.jpg 845w\" sizes=\"auto, (max-width: 495px) 100vw, 495px\" \/><\/div><\/a><a href=\"https:\/\/cerdanya.org\/wp-content\/uploads\/2021\/12\/sant-iscle-santa-victoria-sanavastre-cor-1030x687.jpg\" data-srcset=\"https:\/\/cerdanya.org\/wp-content\/uploads\/2021\/12\/sant-iscle-santa-victoria-sanavastre-cor-1030x687.jpg 1030w, https:\/\/cerdanya.org\/wp-content\/uploads\/2021\/12\/sant-iscle-santa-victoria-sanavastre-cor-300x200.jpg 300w, https:\/\/cerdanya.org\/wp-content\/uploads\/2021\/12\/sant-iscle-santa-victoria-sanavastre-cor-768x512.jpg 768w, https:\/\/cerdanya.org\/wp-content\/uploads\/2021\/12\/sant-iscle-santa-victoria-sanavastre-cor-705x470.jpg 705w, https:\/\/cerdanya.org\/wp-content\/uploads\/2021\/12\/sant-iscle-santa-victoria-sanavastre-cor.jpg 1500w\" data-sizes=\"(max-width: 1030px) 100vw, 1030px\" data-rel='gallery-1' data-prev-img='https:\/\/cerdanya.org\/wp-content\/uploads\/2021\/12\/sant-iscle-santa-victoria-sanavastre-cor-495x400.jpg' class='lightbox ' data-onclick='2' title='Sant Iscle i Santa Vict\u00f2ria de Sanavastre'  itemprop=\"thumbnailUrl\"  ><img decoding=\"async\" fetchpriority=\"high\" class=\"wp-image-24022 avia-img-lazy-loading-not-24022\"  data-avia-tooltip='Sant Iscle i Santa Vict\u00f2ria de Sanavastre' src=\"https:\/\/cerdanya.org\/wp-content\/uploads\/2021\/12\/sant-iscle-santa-victoria-sanavastre-cor-495x400.jpg\" width=\"495\" height=\"400\"  title='9. DAS- Sant Iscle i Santa Victo\u0300ria de Sanavastre' alt='Sant Iscle i Santa Vict\u00f2ria de Sanavastre' srcset=\"https:\/\/cerdanya.org\/wp-content\/uploads\/2021\/12\/sant-iscle-santa-victoria-sanavastre-cor-495x400.jpg 495w, https:\/\/cerdanya.org\/wp-content\/uploads\/2021\/12\/sant-iscle-santa-victoria-sanavastre-cor-845x684.jpg 845w\" sizes=\"(max-width: 495px) 100vw, 495px\" \/><div class='big-prev-fake'><img decoding=\"async\" loading=\"lazy\" class=\"wp-image-24022 avia-img-lazy-loading-24022\"  width=\"495\" height=\"400\" src=\"https:\/\/cerdanya.org\/wp-content\/uploads\/2021\/12\/sant-iscle-santa-victoria-sanavastre-cor-495x400.jpg\" title='9. DAS- Sant Iscle i Santa Victo\u0300ria de Sanavastre' alt='Sant Iscle i Santa Vict\u00f2ria de Sanavastre' srcset=\"https:\/\/cerdanya.org\/wp-content\/uploads\/2021\/12\/sant-iscle-santa-victoria-sanavastre-cor-495x400.jpg 495w, https:\/\/cerdanya.org\/wp-content\/uploads\/2021\/12\/sant-iscle-santa-victoria-sanavastre-cor-845x684.jpg 845w\" sizes=\"auto, (max-width: 495px) 100vw, 495px\" \/><\/div><\/a><a href=\"https:\/\/cerdanya.org\/wp-content\/uploads\/2021\/12\/sant-iscle-santa-victoria-sanavastre-confessionari-1030x687.jpg\" data-srcset=\"https:\/\/cerdanya.org\/wp-content\/uploads\/2021\/12\/sant-iscle-santa-victoria-sanavastre-confessionari-1030x687.jpg 1030w, https:\/\/cerdanya.org\/wp-content\/uploads\/2021\/12\/sant-iscle-santa-victoria-sanavastre-confessionari-300x200.jpg 300w, https:\/\/cerdanya.org\/wp-content\/uploads\/2021\/12\/sant-iscle-santa-victoria-sanavastre-confessionari-768x512.jpg 768w, https:\/\/cerdanya.org\/wp-content\/uploads\/2021\/12\/sant-iscle-santa-victoria-sanavastre-confessionari-705x470.jpg 705w, https:\/\/cerdanya.org\/wp-content\/uploads\/2021\/12\/sant-iscle-santa-victoria-sanavastre-confessionari.jpg 1500w\" data-sizes=\"(max-width: 1030px) 100vw, 1030px\" data-rel='gallery-1' data-prev-img='https:\/\/cerdanya.org\/wp-content\/uploads\/2021\/12\/sant-iscle-santa-victoria-sanavastre-confessionari-495x400.jpg' class='lightbox ' data-onclick='3' title='Sant Iscle i Santa Vict\u00f2ria de Sanavastre'  itemprop=\"thumbnailUrl\"  ><img decoding=\"async\" fetchpriority=\"high\" class=\"wp-image-24024 avia-img-lazy-loading-not-24024\"  data-avia-tooltip='Sant Iscle i Santa Vict\u00f2ria de Sanavastre' src=\"https:\/\/cerdanya.org\/wp-content\/uploads\/2021\/12\/sant-iscle-santa-victoria-sanavastre-confessionari-495x400.jpg\" width=\"495\" height=\"400\"  title='9. DAS- Sant Iscle i Santa Victo\u0300ria de Sanavastre' alt='Sant Iscle i Santa Vict\u00f2ria de Sanavastre' srcset=\"https:\/\/cerdanya.org\/wp-content\/uploads\/2021\/12\/sant-iscle-santa-victoria-sanavastre-confessionari-495x400.jpg 495w, https:\/\/cerdanya.org\/wp-content\/uploads\/2021\/12\/sant-iscle-santa-victoria-sanavastre-confessionari-845x684.jpg 845w\" sizes=\"(max-width: 495px) 100vw, 495px\" \/><div class='big-prev-fake'><img decoding=\"async\" loading=\"lazy\" class=\"wp-image-24024 avia-img-lazy-loading-24024\"  width=\"495\" height=\"400\" src=\"https:\/\/cerdanya.org\/wp-content\/uploads\/2021\/12\/sant-iscle-santa-victoria-sanavastre-confessionari-495x400.jpg\" title='9. DAS- Sant Iscle i Santa Victo\u0300ria de Sanavastre' alt='Sant Iscle i Santa Vict\u00f2ria de Sanavastre' srcset=\"https:\/\/cerdanya.org\/wp-content\/uploads\/2021\/12\/sant-iscle-santa-victoria-sanavastre-confessionari-495x400.jpg 495w, https:\/\/cerdanya.org\/wp-content\/uploads\/2021\/12\/sant-iscle-santa-victoria-sanavastre-confessionari-845x684.jpg 845w\" sizes=\"auto, (max-width: 495px) 100vw, 495px\" \/><\/div><\/a><a href=\"https:\/\/cerdanya.org\/wp-content\/uploads\/2021\/12\/sant-iscle-santa-victoria-sanavastre-pica-1030x687.jpg\" data-srcset=\"https:\/\/cerdanya.org\/wp-content\/uploads\/2021\/12\/sant-iscle-santa-victoria-sanavastre-pica-1030x687.jpg 1030w, https:\/\/cerdanya.org\/wp-content\/uploads\/2021\/12\/sant-iscle-santa-victoria-sanavastre-pica-300x200.jpg 300w, https:\/\/cerdanya.org\/wp-content\/uploads\/2021\/12\/sant-iscle-santa-victoria-sanavastre-pica-768x512.jpg 768w, https:\/\/cerdanya.org\/wp-content\/uploads\/2021\/12\/sant-iscle-santa-victoria-sanavastre-pica-705x470.jpg 705w, https:\/\/cerdanya.org\/wp-content\/uploads\/2021\/12\/sant-iscle-santa-victoria-sanavastre-pica.jpg 1500w\" data-sizes=\"(max-width: 1030px) 100vw, 1030px\" data-rel='gallery-1' data-prev-img='https:\/\/cerdanya.org\/wp-content\/uploads\/2021\/12\/sant-iscle-santa-victoria-sanavastre-pica-495x400.jpg' class='lightbox ' data-onclick='4' title='Sant Iscle i Santa Vict\u00f2ria de Sanavastre'  itemprop=\"thumbnailUrl\"  ><img decoding=\"async\" fetchpriority=\"high\" class=\"wp-image-24030 avia-img-lazy-loading-not-24030\"  data-avia-tooltip='Sant Iscle i Santa Vict\u00f2ria de Sanavastre' src=\"https:\/\/cerdanya.org\/wp-content\/uploads\/2021\/12\/sant-iscle-santa-victoria-sanavastre-pica-495x400.jpg\" width=\"495\" height=\"400\"  title='9. DAS- Sant Iscle i Santa Victo\u0300ria de Sanavastre' alt='Sant Iscle i Santa Vict\u00f2ria de Sanavastre' srcset=\"https:\/\/cerdanya.org\/wp-content\/uploads\/2021\/12\/sant-iscle-santa-victoria-sanavastre-pica-495x400.jpg 495w, https:\/\/cerdanya.org\/wp-content\/uploads\/2021\/12\/sant-iscle-santa-victoria-sanavastre-pica-845x684.jpg 845w\" sizes=\"(max-width: 495px) 100vw, 495px\" \/><div class='big-prev-fake'><img decoding=\"async\" loading=\"lazy\" class=\"wp-image-24030 avia-img-lazy-loading-24030\"  width=\"495\" height=\"400\" src=\"https:\/\/cerdanya.org\/wp-content\/uploads\/2021\/12\/sant-iscle-santa-victoria-sanavastre-pica-495x400.jpg\" title='9. DAS- Sant Iscle i Santa Victo\u0300ria de Sanavastre' alt='Sant Iscle i Santa Vict\u00f2ria de Sanavastre' srcset=\"https:\/\/cerdanya.org\/wp-content\/uploads\/2021\/12\/sant-iscle-santa-victoria-sanavastre-pica-495x400.jpg 495w, https:\/\/cerdanya.org\/wp-content\/uploads\/2021\/12\/sant-iscle-santa-victoria-sanavastre-pica-845x684.jpg 845w\" sizes=\"auto, (max-width: 495px) 100vw, 495px\" \/><\/div><\/a><a href=\"https:\/\/cerdanya.org\/wp-content\/uploads\/2021\/12\/sant-iscle-santa-victoria-sanavastre-verge-1030x687.jpg\" data-srcset=\"https:\/\/cerdanya.org\/wp-content\/uploads\/2021\/12\/sant-iscle-santa-victoria-sanavastre-verge-1030x687.jpg 1030w, https:\/\/cerdanya.org\/wp-content\/uploads\/2021\/12\/sant-iscle-santa-victoria-sanavastre-verge-300x200.jpg 300w, https:\/\/cerdanya.org\/wp-content\/uploads\/2021\/12\/sant-iscle-santa-victoria-sanavastre-verge-768x512.jpg 768w, https:\/\/cerdanya.org\/wp-content\/uploads\/2021\/12\/sant-iscle-santa-victoria-sanavastre-verge-705x470.jpg 705w, https:\/\/cerdanya.org\/wp-content\/uploads\/2021\/12\/sant-iscle-santa-victoria-sanavastre-verge.jpg 1500w\" data-sizes=\"(max-width: 1030px) 100vw, 1030px\" data-rel='gallery-1' data-prev-img='https:\/\/cerdanya.org\/wp-content\/uploads\/2021\/12\/sant-iscle-santa-victoria-sanavastre-verge-495x400.jpg' class='lightbox ' data-onclick='5' title='Sant Iscle i Santa Vict\u00f2ria de Sanavastre'  itemprop=\"thumbnailUrl\"  ><img decoding=\"async\" fetchpriority=\"high\" class=\"wp-image-24028 avia-img-lazy-loading-not-24028\"  data-avia-tooltip='Sant Iscle i Santa Vict\u00f2ria de Sanavastre' src=\"https:\/\/cerdanya.org\/wp-content\/uploads\/2021\/12\/sant-iscle-santa-victoria-sanavastre-verge-495x400.jpg\" width=\"495\" height=\"400\"  title='9. DAS- Sant Iscle i Santa Victo\u0300ria de Sanavastre' alt='Sant Iscle i Santa Vict\u00f2ria de Sanavastre' srcset=\"https:\/\/cerdanya.org\/wp-content\/uploads\/2021\/12\/sant-iscle-santa-victoria-sanavastre-verge-495x400.jpg 495w, https:\/\/cerdanya.org\/wp-content\/uploads\/2021\/12\/sant-iscle-santa-victoria-sanavastre-verge-845x684.jpg 845w\" sizes=\"(max-width: 495px) 100vw, 495px\" \/><div class='big-prev-fake'><img decoding=\"async\" loading=\"lazy\" class=\"wp-image-24028 avia-img-lazy-loading-24028\"  width=\"495\" height=\"400\" src=\"https:\/\/cerdanya.org\/wp-content\/uploads\/2021\/12\/sant-iscle-santa-victoria-sanavastre-verge-495x400.jpg\" title='9. DAS- Sant Iscle i Santa Victo\u0300ria de Sanavastre' alt='Sant Iscle i Santa Vict\u00f2ria de Sanavastre' srcset=\"https:\/\/cerdanya.org\/wp-content\/uploads\/2021\/12\/sant-iscle-santa-victoria-sanavastre-verge-495x400.jpg 495w, https:\/\/cerdanya.org\/wp-content\/uploads\/2021\/12\/sant-iscle-santa-victoria-sanavastre-verge-845x684.jpg 845w\" sizes=\"auto, (max-width: 495px) 100vw, 495px\" \/><\/div><\/a><a href=\"https:\/\/cerdanya.org\/wp-content\/uploads\/2021\/12\/sant-iscle-santa-victoria-sanavastre-porta-1030x687.jpg\" data-srcset=\"https:\/\/cerdanya.org\/wp-content\/uploads\/2021\/12\/sant-iscle-santa-victoria-sanavastre-porta-1030x687.jpg 1030w, https:\/\/cerdanya.org\/wp-content\/uploads\/2021\/12\/sant-iscle-santa-victoria-sanavastre-porta-300x200.jpg 300w, https:\/\/cerdanya.org\/wp-content\/uploads\/2021\/12\/sant-iscle-santa-victoria-sanavastre-porta-768x512.jpg 768w, https:\/\/cerdanya.org\/wp-content\/uploads\/2021\/12\/sant-iscle-santa-victoria-sanavastre-porta-705x470.jpg 705w, https:\/\/cerdanya.org\/wp-content\/uploads\/2021\/12\/sant-iscle-santa-victoria-sanavastre-porta.jpg 1500w\" data-sizes=\"(max-width: 1030px) 100vw, 1030px\" data-rel='gallery-1' data-prev-img='https:\/\/cerdanya.org\/wp-content\/uploads\/2021\/12\/sant-iscle-santa-victoria-sanavastre-porta-495x400.jpg' class='first_thumb lightbox ' data-onclick='6' title='Coordenades UTM: 31T 405308 4693184'  itemprop=\"thumbnailUrl\"  ><img decoding=\"async\" fetchpriority=\"high\" class=\"wp-image-24033 avia-img-lazy-loading-not-24033\"  data-avia-tooltip='Coordenades UTM: 31T 405308 4693184' src=\"https:\/\/cerdanya.org\/wp-content\/uploads\/2021\/12\/sant-iscle-santa-victoria-sanavastre-porta-495x400.jpg\" width=\"495\" height=\"400\"  title='9. DAS- Sant Iscle i Santa Victo\u0300ria de Sanavastre' alt='Sant Iscle i Santa Vict\u00f2ria de Sanavastre' srcset=\"https:\/\/cerdanya.org\/wp-content\/uploads\/2021\/12\/sant-iscle-santa-victoria-sanavastre-porta-495x400.jpg 495w, https:\/\/cerdanya.org\/wp-content\/uploads\/2021\/12\/sant-iscle-santa-victoria-sanavastre-porta-845x684.jpg 845w\" sizes=\"(max-width: 495px) 100vw, 495px\" \/><div class='big-prev-fake'><img decoding=\"async\" loading=\"lazy\" class=\"wp-image-24033 avia-img-lazy-loading-24033\"  width=\"495\" height=\"400\" src=\"https:\/\/cerdanya.org\/wp-content\/uploads\/2021\/12\/sant-iscle-santa-victoria-sanavastre-porta-495x400.jpg\" title='9. DAS- Sant Iscle i Santa Victo\u0300ria de Sanavastre' alt='Sant Iscle i Santa Vict\u00f2ria de Sanavastre' srcset=\"https:\/\/cerdanya.org\/wp-content\/uploads\/2021\/12\/sant-iscle-santa-victoria-sanavastre-porta-495x400.jpg 495w, https:\/\/cerdanya.org\/wp-content\/uploads\/2021\/12\/sant-iscle-santa-victoria-sanavastre-porta-845x684.jpg 845w\" sizes=\"auto, (max-width: 495px) 100vw, 495px\" \/><\/div><\/a><\/div><\/div><\/div><\/p>\n\n<style type=\"text\/css\" data-created_by=\"avia_inline_auto\" id=\"style-css-av-13qih77-00e4eae9d0b6c138f9ba0e0aa3d8fb95\">\n.flex_column.av-13qih77-00e4eae9d0b6c138f9ba0e0aa3d8fb95{\nborder-radius:0px 0px 0px 0px;\npadding:0px 0px 0px 0px;\n}\n<\/style>\n<div  class='flex_column av-13qih77-00e4eae9d0b6c138f9ba0e0aa3d8fb95 av_one_full  avia-builder-el-5  el_after_av_one_half  el_before_av_one_half  first flex_column_div av-zero-column-padding  column-top-margin'     ><style type=\"text\/css\" data-created_by=\"avia_inline_auto\" id=\"style-css-av-kwp2dp8f-f55138033d46035ff7ae47226ad7fa00\">\n#top .hr.hr-invisible.av-kwp2dp8f-f55138033d46035ff7ae47226ad7fa00{\nheight:20px;\n}\n<\/style>\n<div  class='hr av-kwp2dp8f-f55138033d46035ff7ae47226ad7fa00 hr-invisible  avia-builder-el-6  avia-builder-el-no-sibling '><span class='hr-inner '><span class=\"hr-inner-style\"><\/span><\/span><\/div><\/div>\n\n<style type=\"text\/css\" data-created_by=\"avia_inline_auto\" id=\"style-css-av-16oscop-76be8f6abae7aeabe97f7f9c8c2cd7a6\">\n.flex_column.av-16oscop-76be8f6abae7aeabe97f7f9c8c2cd7a6{\nborder-radius:0px 0px 0px 0px;\npadding:0px 0px 0px 0px;\n}\n<\/style>\n<div  class='flex_column av-16oscop-76be8f6abae7aeabe97f7f9c8c2cd7a6 av_one_half  avia-builder-el-7  el_after_av_one_full  avia-builder-el-last  first flex_column_div av-zero-column-padding  column-top-margin'     ><p>\n<style type=\"text\/css\" data-created_by=\"avia_inline_auto\" id=\"style-css-av-mfr2ft-7291f229f06bc80e9ee893cca36127eb\">\n#top .av-special-heading.av-mfr2ft-7291f229f06bc80e9ee893cca36127eb{\npadding-bottom:10px;\n}\nbody .av-special-heading.av-mfr2ft-7291f229f06bc80e9ee893cca36127eb .av-special-heading-tag .heading-char{\nfont-size:25px;\n}\n.av-special-heading.av-mfr2ft-7291f229f06bc80e9ee893cca36127eb .av-subheading{\nfont-size:15px;\n}\n<\/style>\n<div  class='av-special-heading av-mfr2ft-7291f229f06bc80e9ee893cca36127eb av-special-heading-h5  avia-builder-el-8  el_before_av_image  avia-builder-el-first '><h5 class='av-special-heading-tag '  itemprop=\"headline\"  >Plan et section<\/h5><div class=\"special-heading-border\"><div class=\"special-heading-inner-border\"><\/div><\/div><\/div><br \/>\n\n<style type=\"text\/css\" data-created_by=\"avia_inline_auto\" id=\"style-css-av-kxq29k4v-9f3ca62bae03b245db9e9f84b0a89a5b\">\n.avia-image-container.av-kxq29k4v-9f3ca62bae03b245db9e9f84b0a89a5b img.avia_image{\nbox-shadow:none;\n}\n.avia-image-container.av-kxq29k4v-9f3ca62bae03b245db9e9f84b0a89a5b .av-image-caption-overlay-center{\ncolor:#ffffff;\n}\n<\/style>\n<div  class='avia-image-container av-kxq29k4v-9f3ca62bae03b245db9e9f84b0a89a5b av-styling- avia-align-center  avia-builder-el-9  el_after_av_heading  avia-builder-el-last '   itemprop=\"image\" itemscope=\"itemscope\" itemtype=\"https:\/\/schema.org\/ImageObject\" ><div class=\"avia-image-container-inner\"><div class=\"avia-image-overlay-wrap\"><img decoding=\"async\" fetchpriority=\"high\" class='wp-image-24014 avia-img-lazy-loading-not-24014 avia_image ' src=\"https:\/\/cerdanya.org\/wp-content\/uploads\/2021\/12\/sant-iscle-santa-victoria-Sanavastre-1030x645.jpg\" alt='Sant Iscle i Santa Vict\u00f2ria de Sanavastre' title='sant-iscle-santa-victoria-Sanavastre'  height=\"645\" width=\"1030\"  itemprop=\"thumbnailUrl\" srcset=\"https:\/\/cerdanya.org\/wp-content\/uploads\/2021\/12\/sant-iscle-santa-victoria-Sanavastre-1030x645.jpg 1030w, https:\/\/cerdanya.org\/wp-content\/uploads\/2021\/12\/sant-iscle-santa-victoria-Sanavastre-300x188.jpg 300w, https:\/\/cerdanya.org\/wp-content\/uploads\/2021\/12\/sant-iscle-santa-victoria-Sanavastre-768x481.jpg 768w, https:\/\/cerdanya.org\/wp-content\/uploads\/2021\/12\/sant-iscle-santa-victoria-Sanavastre-705x441.jpg 705w, https:\/\/cerdanya.org\/wp-content\/uploads\/2021\/12\/sant-iscle-santa-victoria-Sanavastre.jpg 1209w\" sizes=\"(max-width: 1030px) 100vw, 1030px\" \/><\/div><\/div><\/div><\/p><\/div>\n","protected":false},"excerpt":{"rendered":"","protected":false},"author":3,"featured_media":23356,"parent":30637,"menu_order":20,"comment_status":"closed","ping_status":"closed","template":"","meta":{"footnotes":""},"class_list":["post-30562","page","type-page","status-publish","has-post-thumbnail","hentry"],"_links":{"self":[{"href":"https:\/\/cerdanya.org\/fr\/wp-json\/wp\/v2\/pages\/30562","targetHints":{"allow":["GET"]}}],"collection":[{"href":"https:\/\/cerdanya.org\/fr\/wp-json\/wp\/v2\/pages"}],"about":[{"href":"https:\/\/cerdanya.org\/fr\/wp-json\/wp\/v2\/types\/page"}],"author":[{"embeddable":true,"href":"https:\/\/cerdanya.org\/fr\/wp-json\/wp\/v2\/users\/3"}],"replies":[{"embeddable":true,"href":"https:\/\/cerdanya.org\/fr\/wp-json\/wp\/v2\/comments?post=30562"}],"version-history":[{"count":0,"href":"https:\/\/cerdanya.org\/fr\/wp-json\/wp\/v2\/pages\/30562\/revisions"}],"up":[{"embeddable":true,"href":"https:\/\/cerdanya.org\/fr\/wp-json\/wp\/v2\/pages\/30637"}],"wp:featuredmedia":[{"embeddable":true,"href":"https:\/\/cerdanya.org\/fr\/wp-json\/wp\/v2\/media\/23356"}],"wp:attachment":[{"href":"https:\/\/cerdanya.org\/fr\/wp-json\/wp\/v2\/media?parent=30562"}],"curies":[{"name":"wp","href":"https:\/\/api.w.org\/{rel}","templated":true}]}}