{"id":30558,"date":"2022-04-13T10:24:33","date_gmt":"2022-04-13T08:24:33","guid":{"rendered":"http:\/\/www.cerdanya.org\/sant-llorenc-de-das\/"},"modified":"2022-04-28T22:37:22","modified_gmt":"2022-04-28T20:37:22","slug":"sant-llorenc-de-das","status":"publish","type":"page","link":"https:\/\/cerdanya.org\/fr\/que-faire\/tourisme-culturel\/patrimoine-culturel\/das\/sant-llorenc-de-das\/","title":{"rendered":"Sant Lloren\u00e7 de Das"},"content":{"rendered":"\n<style type=\"text\/css\" data-created_by=\"avia_inline_auto\" id=\"style-css-av-36rb4oj-ba4d95154227ed0d8a771e7152bf9e9e\">\n.flex_column.av-36rb4oj-ba4d95154227ed0d8a771e7152bf9e9e{\nborder-radius:0px 0px 0px 0px;\npadding:0px 0px 0px 0px;\n}\n<\/style>\n<div  class='flex_column av-36rb4oj-ba4d95154227ed0d8a771e7152bf9e9e av_one_half  avia-builder-el-0  el_before_av_one_half  avia-builder-el-first  first flex_column_div av-zero-column-padding  '     ><p>\n<style type=\"text\/css\" data-created_by=\"avia_inline_auto\" id=\"style-css-av-ply09r-b37d1e08d6439bdea555572e7ebf64b2\">\n#top .av-special-heading.av-ply09r-b37d1e08d6439bdea555572e7ebf64b2{\npadding-bottom:10px;\n}\nbody .av-special-heading.av-ply09r-b37d1e08d6439bdea555572e7ebf64b2 .av-special-heading-tag .heading-char{\nfont-size:25px;\n}\n.av-special-heading.av-ply09r-b37d1e08d6439bdea555572e7ebf64b2 .av-subheading{\nfont-size:15px;\n}\n<\/style>\n<div  class='av-special-heading av-ply09r-b37d1e08d6439bdea555572e7ebf64b2 av-special-heading-h5  avia-builder-el-1  el_before_av_textblock  avia-builder-el-first '><h5 class='av-special-heading-tag '  itemprop=\"headline\"  >Description<\/h5><div class=\"special-heading-border\"><div class=\"special-heading-inner-border\"><\/div><\/div><\/div><br \/>\n<section  class='av_textblock_section av-ksyomoyl-25f1f3c8b1a0a9b03a6473be4799410f '   itemscope=\"itemscope\" itemtype=\"https:\/\/schema.org\/CreativeWork\" ><div class='avia_textblock'  itemprop=\"text\" ><p>Consid\u00e9r\u00e9e comme paroisse depuis 1011, elle est aujourd&rsquo;hui un \u00e9difice enti\u00e8rement neuf, de style n\u00e9o-gothique, de plan en croix latine surmont\u00e9 d&rsquo;une abside polygonale. C&rsquo;est un b\u00e2timent d&rsquo;une hauteur consid\u00e9rable. La porte principale s&rsquo;ouvre \u00e0 l&rsquo;ouest dans le corps rajout\u00e9 du clocher. Il se compose de quatre corps d\u00e9grad\u00e9s s\u00e9par\u00e9s par des corniches et couronn\u00e9s par une corniche soutenue par des encorbellements et une dalle \u00e0 six faces.<\/p>\n<p>La fa\u00e7ade ouest, \u00e0 laquelle est accol\u00e9 le clocher, pr\u00e9sente de part et d&rsquo;autre un oeil de boeuf en bas et une fen\u00eatre en plein cintre en haut surmont\u00e9e d&rsquo;arcs aveugles sous la dalle.<\/p>\n<\/div><\/section><\/p><\/div>\n<style type=\"text\/css\" data-created_by=\"avia_inline_auto\" id=\"style-css-av-2coqnf7-fe66bdd07c1c8428c9bfcd41c861e712\">\n.flex_column.av-2coqnf7-fe66bdd07c1c8428c9bfcd41c861e712{\nborder-radius:0px 0px 0px 0px;\npadding:0px 0px 0px 0px;\n}\n<\/style>\n<div  class='flex_column av-2coqnf7-fe66bdd07c1c8428c9bfcd41c861e712 av_one_half  avia-builder-el-3  el_after_av_one_half  avia-builder-el-last  flex_column_div av-zero-column-padding  '     ><style type=\"text\/css\" data-created_by=\"avia_inline_auto\" id=\"style-css-av-29ooh4j-e78d7abc3747c9c1d1d1265c417a3213\">\n#top .avia-gallery.av-29ooh4j-e78d7abc3747c9c1d1d1265c417a3213 .avia-gallery-thumb a{\nwidth:20%;\n}\n<\/style>\n<div  class='avia-gallery av-29ooh4j-e78d7abc3747c9c1d1d1265c417a3213 avia_animate_when_visible  avia-builder-el-4  avia-builder-el-no-sibling  avia_lazyload av-slideshow-ui av-loop-manual-endless av-control-hidden av-navigate-arrows av-navigate-dots hover-effect av-control-hidden avia-gallery-animate avia-gallery-1'  itemprop=\"image\" itemscope=\"itemscope\" itemtype=\"https:\/\/schema.org\/ImageObject\" ><meta itemprop=\"contentURL\" content=\"https:\/\/cerdanya.org\/fr\/que-faire\/tourisme-culturel\/patrimoine-culturel\/das\/sant-llorenc-de-das\/\"><div class='avia-gallery-big-wrapper'><a class='avia-gallery-big fakeLightbox lightbox avia-gallery-big-crop-thumb ' href=\"https:\/\/cerdanya.org\/wp-content\/uploads\/2021\/12\/sant-llorenc-das--1030x687.jpg\" data-srcset=\"https:\/\/cerdanya.org\/wp-content\/uploads\/2021\/12\/sant-llorenc-das--1030x687.jpg 1030w, https:\/\/cerdanya.org\/wp-content\/uploads\/2021\/12\/sant-llorenc-das--300x200.jpg 300w, https:\/\/cerdanya.org\/wp-content\/uploads\/2021\/12\/sant-llorenc-das--768x512.jpg 768w, https:\/\/cerdanya.org\/wp-content\/uploads\/2021\/12\/sant-llorenc-das--705x470.jpg 705w, https:\/\/cerdanya.org\/wp-content\/uploads\/2021\/12\/sant-llorenc-das-.jpg 1500w\" data-sizes=\"(max-width: 1030px) 100vw, 1030px\"  data-onclick='1' title='Sant Lloren\u00e7 de Das' ><span class='avia-gallery-big-inner'  itemprop=\"thumbnailUrl\" ><img decoding=\"async\" fetchpriority=\"high\" class=\"wp-image-24059 avia-img-lazy-loading-not-24059\"  width=\"495\" height=\"400\" src=\"https:\/\/cerdanya.org\/wp-content\/uploads\/2021\/12\/sant-llorenc-das--495x400.jpg\" title='8. DAS- Sant Llorenc\u0327 de Das' alt='Sant Lloren\u00e7 de Das' srcset=\"https:\/\/cerdanya.org\/wp-content\/uploads\/2021\/12\/sant-llorenc-das--495x400.jpg 495w, https:\/\/cerdanya.org\/wp-content\/uploads\/2021\/12\/sant-llorenc-das--845x684.jpg 845w\" sizes=\"(max-width: 495px) 100vw, 495px\" \/><span class='avia-gallery-caption'>Sant Lloren\u00e7 de Das<\/span><\/span><\/a><\/div><div class='avia-gallery-thumb'><a href=\"https:\/\/cerdanya.org\/wp-content\/uploads\/2021\/12\/sant-llorenc-das--1030x687.jpg\" data-srcset=\"https:\/\/cerdanya.org\/wp-content\/uploads\/2021\/12\/sant-llorenc-das--1030x687.jpg 1030w, https:\/\/cerdanya.org\/wp-content\/uploads\/2021\/12\/sant-llorenc-das--300x200.jpg 300w, https:\/\/cerdanya.org\/wp-content\/uploads\/2021\/12\/sant-llorenc-das--768x512.jpg 768w, https:\/\/cerdanya.org\/wp-content\/uploads\/2021\/12\/sant-llorenc-das--705x470.jpg 705w, https:\/\/cerdanya.org\/wp-content\/uploads\/2021\/12\/sant-llorenc-das-.jpg 1500w\" data-sizes=\"(max-width: 1030px) 100vw, 1030px\" data-rel='gallery-1' data-prev-img='https:\/\/cerdanya.org\/wp-content\/uploads\/2021\/12\/sant-llorenc-das--495x400.jpg' class='first_thumb lightbox ' data-onclick='1' title='Sant Lloren\u00e7 de Das'  itemprop=\"thumbnailUrl\"  ><img decoding=\"async\" fetchpriority=\"high\" class=\"wp-image-24059 avia-img-lazy-loading-not-24059\"  data-avia-tooltip='Sant Lloren\u00e7 de Das' src=\"https:\/\/cerdanya.org\/wp-content\/uploads\/2021\/12\/sant-llorenc-das--495x400.jpg\" width=\"495\" height=\"400\"  title='8. DAS- Sant Llorenc\u0327 de Das' alt='Sant Lloren\u00e7 de Das' srcset=\"https:\/\/cerdanya.org\/wp-content\/uploads\/2021\/12\/sant-llorenc-das--495x400.jpg 495w, https:\/\/cerdanya.org\/wp-content\/uploads\/2021\/12\/sant-llorenc-das--845x684.jpg 845w\" sizes=\"(max-width: 495px) 100vw, 495px\" \/><div class='big-prev-fake'><img decoding=\"async\" loading=\"lazy\" class=\"wp-image-24059 avia-img-lazy-loading-24059\"  width=\"495\" height=\"400\" src=\"https:\/\/cerdanya.org\/wp-content\/uploads\/2021\/12\/sant-llorenc-das--495x400.jpg\" title='8. DAS- Sant Llorenc\u0327 de Das' alt='Sant Lloren\u00e7 de Das' srcset=\"https:\/\/cerdanya.org\/wp-content\/uploads\/2021\/12\/sant-llorenc-das--495x400.jpg 495w, https:\/\/cerdanya.org\/wp-content\/uploads\/2021\/12\/sant-llorenc-das--845x684.jpg 845w\" sizes=\"auto, (max-width: 495px) 100vw, 495px\" \/><\/div><\/a><a href=\"https:\/\/cerdanya.org\/wp-content\/uploads\/2021\/12\/sant-llorenc-das-pica-1030x687.jpg\" data-srcset=\"https:\/\/cerdanya.org\/wp-content\/uploads\/2021\/12\/sant-llorenc-das-pica-1030x687.jpg 1030w, https:\/\/cerdanya.org\/wp-content\/uploads\/2021\/12\/sant-llorenc-das-pica-300x200.jpg 300w, https:\/\/cerdanya.org\/wp-content\/uploads\/2021\/12\/sant-llorenc-das-pica-768x512.jpg 768w, https:\/\/cerdanya.org\/wp-content\/uploads\/2021\/12\/sant-llorenc-das-pica-705x470.jpg 705w, https:\/\/cerdanya.org\/wp-content\/uploads\/2021\/12\/sant-llorenc-das-pica.jpg 1500w\" data-sizes=\"(max-width: 1030px) 100vw, 1030px\" data-rel='gallery-1' data-prev-img='https:\/\/cerdanya.org\/wp-content\/uploads\/2021\/12\/sant-llorenc-das-pica-495x400.jpg' class='lightbox ' data-onclick='2' title='Sant Lloren\u00e7 de Das'  itemprop=\"thumbnailUrl\"  ><img decoding=\"async\" fetchpriority=\"high\" class=\"wp-image-24063 avia-img-lazy-loading-not-24063\"  data-avia-tooltip='Sant Lloren\u00e7 de Das' src=\"https:\/\/cerdanya.org\/wp-content\/uploads\/2021\/12\/sant-llorenc-das-pica-495x400.jpg\" width=\"495\" height=\"400\"  title='8. DAS- Sant Llorenc\u0327 de Das' alt='Sant Lloren\u00e7 de Das' srcset=\"https:\/\/cerdanya.org\/wp-content\/uploads\/2021\/12\/sant-llorenc-das-pica-495x400.jpg 495w, https:\/\/cerdanya.org\/wp-content\/uploads\/2021\/12\/sant-llorenc-das-pica-845x684.jpg 845w\" sizes=\"(max-width: 495px) 100vw, 495px\" \/><div class='big-prev-fake'><img decoding=\"async\" loading=\"lazy\" class=\"wp-image-24063 avia-img-lazy-loading-24063\"  width=\"495\" height=\"400\" src=\"https:\/\/cerdanya.org\/wp-content\/uploads\/2021\/12\/sant-llorenc-das-pica-495x400.jpg\" title='8. DAS- Sant Llorenc\u0327 de Das' alt='Sant Lloren\u00e7 de Das' srcset=\"https:\/\/cerdanya.org\/wp-content\/uploads\/2021\/12\/sant-llorenc-das-pica-495x400.jpg 495w, https:\/\/cerdanya.org\/wp-content\/uploads\/2021\/12\/sant-llorenc-das-pica-845x684.jpg 845w\" sizes=\"auto, (max-width: 495px) 100vw, 495px\" \/><\/div><\/a><a href=\"https:\/\/cerdanya.org\/wp-content\/uploads\/2021\/12\/sant-llorenc-das-aigua-1030x687.jpg\" data-srcset=\"https:\/\/cerdanya.org\/wp-content\/uploads\/2021\/12\/sant-llorenc-das-aigua-1030x687.jpg 1030w, https:\/\/cerdanya.org\/wp-content\/uploads\/2021\/12\/sant-llorenc-das-aigua-300x200.jpg 300w, https:\/\/cerdanya.org\/wp-content\/uploads\/2021\/12\/sant-llorenc-das-aigua-768x512.jpg 768w, https:\/\/cerdanya.org\/wp-content\/uploads\/2021\/12\/sant-llorenc-das-aigua-705x470.jpg 705w, https:\/\/cerdanya.org\/wp-content\/uploads\/2021\/12\/sant-llorenc-das-aigua.jpg 1500w\" data-sizes=\"(max-width: 1030px) 100vw, 1030px\" data-rel='gallery-1' data-prev-img='https:\/\/cerdanya.org\/wp-content\/uploads\/2021\/12\/sant-llorenc-das-aigua-495x400.jpg' class='lightbox ' data-onclick='3' title='Sant Lloren\u00e7 de Das'  itemprop=\"thumbnailUrl\"  ><img decoding=\"async\" fetchpriority=\"high\" class=\"wp-image-24065 avia-img-lazy-loading-not-24065\"  data-avia-tooltip='Sant Lloren\u00e7 de Das' src=\"https:\/\/cerdanya.org\/wp-content\/uploads\/2021\/12\/sant-llorenc-das-aigua-495x400.jpg\" width=\"495\" height=\"400\"  title='8. DAS- Sant Llorenc\u0327 de Das' alt='Sant Lloren\u00e7 de Das' srcset=\"https:\/\/cerdanya.org\/wp-content\/uploads\/2021\/12\/sant-llorenc-das-aigua-495x400.jpg 495w, https:\/\/cerdanya.org\/wp-content\/uploads\/2021\/12\/sant-llorenc-das-aigua-845x684.jpg 845w\" sizes=\"(max-width: 495px) 100vw, 495px\" \/><div class='big-prev-fake'><img decoding=\"async\" loading=\"lazy\" class=\"wp-image-24065 avia-img-lazy-loading-24065\"  width=\"495\" height=\"400\" src=\"https:\/\/cerdanya.org\/wp-content\/uploads\/2021\/12\/sant-llorenc-das-aigua-495x400.jpg\" title='8. DAS- Sant Llorenc\u0327 de Das' alt='Sant Lloren\u00e7 de Das' srcset=\"https:\/\/cerdanya.org\/wp-content\/uploads\/2021\/12\/sant-llorenc-das-aigua-495x400.jpg 495w, https:\/\/cerdanya.org\/wp-content\/uploads\/2021\/12\/sant-llorenc-das-aigua-845x684.jpg 845w\" sizes=\"auto, (max-width: 495px) 100vw, 495px\" \/><\/div><\/a><a href=\"https:\/\/cerdanya.org\/wp-content\/uploads\/2021\/12\/sant-llorenc-das-altar-1030x687.jpg\" data-srcset=\"https:\/\/cerdanya.org\/wp-content\/uploads\/2021\/12\/sant-llorenc-das-altar-1030x687.jpg 1030w, https:\/\/cerdanya.org\/wp-content\/uploads\/2021\/12\/sant-llorenc-das-altar-300x200.jpg 300w, https:\/\/cerdanya.org\/wp-content\/uploads\/2021\/12\/sant-llorenc-das-altar-768x512.jpg 768w, https:\/\/cerdanya.org\/wp-content\/uploads\/2021\/12\/sant-llorenc-das-altar-705x470.jpg 705w, https:\/\/cerdanya.org\/wp-content\/uploads\/2021\/12\/sant-llorenc-das-altar.jpg 1500w\" data-sizes=\"(max-width: 1030px) 100vw, 1030px\" data-rel='gallery-1' data-prev-img='https:\/\/cerdanya.org\/wp-content\/uploads\/2021\/12\/sant-llorenc-das-altar-495x400.jpg' class='lightbox ' data-onclick='4' title='Sant Lloren\u00e7 de Das'  itemprop=\"thumbnailUrl\"  ><img decoding=\"async\" fetchpriority=\"high\" class=\"wp-image-24070 avia-img-lazy-loading-not-24070\"  data-avia-tooltip='Sant Lloren\u00e7 de Das' src=\"https:\/\/cerdanya.org\/wp-content\/uploads\/2021\/12\/sant-llorenc-das-altar-495x400.jpg\" width=\"495\" height=\"400\"  title='8. DAS- Sant Llorenc\u0327 de Das' alt='Sant Lloren\u00e7 de Das' srcset=\"https:\/\/cerdanya.org\/wp-content\/uploads\/2021\/12\/sant-llorenc-das-altar-495x400.jpg 495w, https:\/\/cerdanya.org\/wp-content\/uploads\/2021\/12\/sant-llorenc-das-altar-845x684.jpg 845w\" sizes=\"(max-width: 495px) 100vw, 495px\" \/><div class='big-prev-fake'><img decoding=\"async\" loading=\"lazy\" class=\"wp-image-24070 avia-img-lazy-loading-24070\"  width=\"495\" height=\"400\" src=\"https:\/\/cerdanya.org\/wp-content\/uploads\/2021\/12\/sant-llorenc-das-altar-495x400.jpg\" title='8. DAS- Sant Llorenc\u0327 de Das' alt='Sant Lloren\u00e7 de Das' srcset=\"https:\/\/cerdanya.org\/wp-content\/uploads\/2021\/12\/sant-llorenc-das-altar-495x400.jpg 495w, https:\/\/cerdanya.org\/wp-content\/uploads\/2021\/12\/sant-llorenc-das-altar-845x684.jpg 845w\" sizes=\"auto, (max-width: 495px) 100vw, 495px\" \/><\/div><\/a><a href=\"https:\/\/cerdanya.org\/wp-content\/uploads\/2021\/12\/sant-llorenc-das-verge-1030x687.jpg\" data-srcset=\"https:\/\/cerdanya.org\/wp-content\/uploads\/2021\/12\/sant-llorenc-das-verge-1030x687.jpg 1030w, https:\/\/cerdanya.org\/wp-content\/uploads\/2021\/12\/sant-llorenc-das-verge-300x200.jpg 300w, https:\/\/cerdanya.org\/wp-content\/uploads\/2021\/12\/sant-llorenc-das-verge-768x512.jpg 768w, https:\/\/cerdanya.org\/wp-content\/uploads\/2021\/12\/sant-llorenc-das-verge-705x470.jpg 705w, https:\/\/cerdanya.org\/wp-content\/uploads\/2021\/12\/sant-llorenc-das-verge.jpg 1500w\" data-sizes=\"(max-width: 1030px) 100vw, 1030px\" data-rel='gallery-1' data-prev-img='https:\/\/cerdanya.org\/wp-content\/uploads\/2021\/12\/sant-llorenc-das-verge-495x400.jpg' class='lightbox ' data-onclick='5' title='Sant Lloren\u00e7 de Das'  itemprop=\"thumbnailUrl\"  ><img decoding=\"async\" fetchpriority=\"high\" class=\"wp-image-24073 avia-img-lazy-loading-not-24073\"  data-avia-tooltip='Sant Lloren\u00e7 de Das' src=\"https:\/\/cerdanya.org\/wp-content\/uploads\/2021\/12\/sant-llorenc-das-verge-495x400.jpg\" width=\"495\" height=\"400\"  title='8. DAS- Sant Llorenc\u0327 de Das' alt='Sant Lloren\u00e7 de Das' srcset=\"https:\/\/cerdanya.org\/wp-content\/uploads\/2021\/12\/sant-llorenc-das-verge-495x400.jpg 495w, https:\/\/cerdanya.org\/wp-content\/uploads\/2021\/12\/sant-llorenc-das-verge-845x684.jpg 845w\" sizes=\"(max-width: 495px) 100vw, 495px\" \/><div class='big-prev-fake'><img decoding=\"async\" loading=\"lazy\" class=\"wp-image-24073 avia-img-lazy-loading-24073\"  width=\"495\" height=\"400\" src=\"https:\/\/cerdanya.org\/wp-content\/uploads\/2021\/12\/sant-llorenc-das-verge-495x400.jpg\" title='8. DAS- Sant Llorenc\u0327 de Das' alt='Sant Lloren\u00e7 de Das' srcset=\"https:\/\/cerdanya.org\/wp-content\/uploads\/2021\/12\/sant-llorenc-das-verge-495x400.jpg 495w, https:\/\/cerdanya.org\/wp-content\/uploads\/2021\/12\/sant-llorenc-das-verge-845x684.jpg 845w\" sizes=\"auto, (max-width: 495px) 100vw, 495px\" \/><\/div><\/a><a href=\"https:\/\/cerdanya.org\/wp-content\/uploads\/2021\/12\/sant-llorenc-das-confessionari-1030x687.jpg\" data-srcset=\"https:\/\/cerdanya.org\/wp-content\/uploads\/2021\/12\/sant-llorenc-das-confessionari-1030x687.jpg 1030w, https:\/\/cerdanya.org\/wp-content\/uploads\/2021\/12\/sant-llorenc-das-confessionari-300x200.jpg 300w, https:\/\/cerdanya.org\/wp-content\/uploads\/2021\/12\/sant-llorenc-das-confessionari-768x512.jpg 768w, https:\/\/cerdanya.org\/wp-content\/uploads\/2021\/12\/sant-llorenc-das-confessionari-705x470.jpg 705w, https:\/\/cerdanya.org\/wp-content\/uploads\/2021\/12\/sant-llorenc-das-confessionari.jpg 1500w\" data-sizes=\"(max-width: 1030px) 100vw, 1030px\" data-rel='gallery-1' data-prev-img='https:\/\/cerdanya.org\/wp-content\/uploads\/2021\/12\/sant-llorenc-das-confessionari-495x400.jpg' class='first_thumb lightbox ' data-onclick='6' title='Sant Lloren\u00e7 de Das'  itemprop=\"thumbnailUrl\"  ><img decoding=\"async\" fetchpriority=\"high\" class=\"wp-image-24078 avia-img-lazy-loading-not-24078\"  data-avia-tooltip='Sant Lloren\u00e7 de Das' src=\"https:\/\/cerdanya.org\/wp-content\/uploads\/2021\/12\/sant-llorenc-das-confessionari-495x400.jpg\" width=\"495\" height=\"400\"  title='8. DAS- Sant Llorenc\u0327 de Das' alt='Sant Lloren\u00e7 de Das' srcset=\"https:\/\/cerdanya.org\/wp-content\/uploads\/2021\/12\/sant-llorenc-das-confessionari-495x400.jpg 495w, https:\/\/cerdanya.org\/wp-content\/uploads\/2021\/12\/sant-llorenc-das-confessionari-845x684.jpg 845w\" sizes=\"(max-width: 495px) 100vw, 495px\" \/><div class='big-prev-fake'><img decoding=\"async\" loading=\"lazy\" class=\"wp-image-24078 avia-img-lazy-loading-24078\"  width=\"495\" height=\"400\" src=\"https:\/\/cerdanya.org\/wp-content\/uploads\/2021\/12\/sant-llorenc-das-confessionari-495x400.jpg\" title='8. DAS- Sant Llorenc\u0327 de Das' alt='Sant Lloren\u00e7 de Das' srcset=\"https:\/\/cerdanya.org\/wp-content\/uploads\/2021\/12\/sant-llorenc-das-confessionari-495x400.jpg 495w, https:\/\/cerdanya.org\/wp-content\/uploads\/2021\/12\/sant-llorenc-das-confessionari-845x684.jpg 845w\" sizes=\"auto, (max-width: 495px) 100vw, 495px\" \/><\/div><\/a><a href=\"https:\/\/cerdanya.org\/wp-content\/uploads\/2021\/12\/sant-llorenc-das-verge-2-1030x687.jpg\" data-srcset=\"https:\/\/cerdanya.org\/wp-content\/uploads\/2021\/12\/sant-llorenc-das-verge-2-1030x687.jpg 1030w, https:\/\/cerdanya.org\/wp-content\/uploads\/2021\/12\/sant-llorenc-das-verge-2-300x200.jpg 300w, https:\/\/cerdanya.org\/wp-content\/uploads\/2021\/12\/sant-llorenc-das-verge-2-768x512.jpg 768w, https:\/\/cerdanya.org\/wp-content\/uploads\/2021\/12\/sant-llorenc-das-verge-2-705x470.jpg 705w, https:\/\/cerdanya.org\/wp-content\/uploads\/2021\/12\/sant-llorenc-das-verge-2.jpg 1500w\" data-sizes=\"(max-width: 1030px) 100vw, 1030px\" data-rel='gallery-1' data-prev-img='https:\/\/cerdanya.org\/wp-content\/uploads\/2021\/12\/sant-llorenc-das-verge-2-495x400.jpg' class='lightbox ' data-onclick='7' title='Sant Lloren\u00e7 de Das'  itemprop=\"thumbnailUrl\"  ><img decoding=\"async\" fetchpriority=\"high\" class=\"wp-image-24081 avia-img-lazy-loading-not-24081\"  data-avia-tooltip='Sant Lloren\u00e7 de Das' src=\"https:\/\/cerdanya.org\/wp-content\/uploads\/2021\/12\/sant-llorenc-das-verge-2-495x400.jpg\" width=\"495\" height=\"400\"  title='8. DAS- Sant Llorenc\u0327 de Das' alt='Sant Lloren\u00e7 de Das' srcset=\"https:\/\/cerdanya.org\/wp-content\/uploads\/2021\/12\/sant-llorenc-das-verge-2-495x400.jpg 495w, https:\/\/cerdanya.org\/wp-content\/uploads\/2021\/12\/sant-llorenc-das-verge-2-845x684.jpg 845w\" sizes=\"(max-width: 495px) 100vw, 495px\" \/><div class='big-prev-fake'><img decoding=\"async\" loading=\"lazy\" class=\"wp-image-24081 avia-img-lazy-loading-24081\"  width=\"495\" height=\"400\" src=\"https:\/\/cerdanya.org\/wp-content\/uploads\/2021\/12\/sant-llorenc-das-verge-2-495x400.jpg\" title='8. DAS- Sant Llorenc\u0327 de Das' alt='Sant Lloren\u00e7 de Das' srcset=\"https:\/\/cerdanya.org\/wp-content\/uploads\/2021\/12\/sant-llorenc-das-verge-2-495x400.jpg 495w, https:\/\/cerdanya.org\/wp-content\/uploads\/2021\/12\/sant-llorenc-das-verge-2-845x684.jpg 845w\" sizes=\"auto, (max-width: 495px) 100vw, 495px\" \/><\/div><\/a><a href=\"https:\/\/cerdanya.org\/wp-content\/uploads\/2021\/12\/sant-llorenc-das-crist-1030x687.jpg\" data-srcset=\"https:\/\/cerdanya.org\/wp-content\/uploads\/2021\/12\/sant-llorenc-das-crist-1030x687.jpg 1030w, https:\/\/cerdanya.org\/wp-content\/uploads\/2021\/12\/sant-llorenc-das-crist-300x200.jpg 300w, https:\/\/cerdanya.org\/wp-content\/uploads\/2021\/12\/sant-llorenc-das-crist-768x512.jpg 768w, https:\/\/cerdanya.org\/wp-content\/uploads\/2021\/12\/sant-llorenc-das-crist-705x470.jpg 705w, https:\/\/cerdanya.org\/wp-content\/uploads\/2021\/12\/sant-llorenc-das-crist.jpg 1500w\" data-sizes=\"(max-width: 1030px) 100vw, 1030px\" data-rel='gallery-1' data-prev-img='https:\/\/cerdanya.org\/wp-content\/uploads\/2021\/12\/sant-llorenc-das-crist-495x400.jpg' class='lightbox ' data-onclick='8' title='Sant Lloren\u00e7 de Das'  itemprop=\"thumbnailUrl\"  ><img decoding=\"async\" fetchpriority=\"high\" class=\"wp-image-24085 avia-img-lazy-loading-not-24085\"  data-avia-tooltip='Sant Lloren\u00e7 de Das' src=\"https:\/\/cerdanya.org\/wp-content\/uploads\/2021\/12\/sant-llorenc-das-crist-495x400.jpg\" width=\"495\" height=\"400\"  title='8. DAS- Sant Llorenc\u0327 de Das' alt='Sant Lloren\u00e7 de Das' srcset=\"https:\/\/cerdanya.org\/wp-content\/uploads\/2021\/12\/sant-llorenc-das-crist-495x400.jpg 495w, https:\/\/cerdanya.org\/wp-content\/uploads\/2021\/12\/sant-llorenc-das-crist-845x684.jpg 845w\" sizes=\"(max-width: 495px) 100vw, 495px\" \/><div class='big-prev-fake'><img decoding=\"async\" loading=\"lazy\" class=\"wp-image-24085 avia-img-lazy-loading-24085\"  width=\"495\" height=\"400\" src=\"https:\/\/cerdanya.org\/wp-content\/uploads\/2021\/12\/sant-llorenc-das-crist-495x400.jpg\" title='8. DAS- Sant Llorenc\u0327 de Das' alt='Sant Lloren\u00e7 de Das' srcset=\"https:\/\/cerdanya.org\/wp-content\/uploads\/2021\/12\/sant-llorenc-das-crist-495x400.jpg 495w, https:\/\/cerdanya.org\/wp-content\/uploads\/2021\/12\/sant-llorenc-das-crist-845x684.jpg 845w\" sizes=\"auto, (max-width: 495px) 100vw, 495px\" \/><\/div><\/a><a href=\"https:\/\/cerdanya.org\/wp-content\/uploads\/2021\/12\/sant-llorenc-das-cor-1030x687.jpg\" data-srcset=\"https:\/\/cerdanya.org\/wp-content\/uploads\/2021\/12\/sant-llorenc-das-cor-1030x687.jpg 1030w, https:\/\/cerdanya.org\/wp-content\/uploads\/2021\/12\/sant-llorenc-das-cor-300x200.jpg 300w, https:\/\/cerdanya.org\/wp-content\/uploads\/2021\/12\/sant-llorenc-das-cor-768x512.jpg 768w, https:\/\/cerdanya.org\/wp-content\/uploads\/2021\/12\/sant-llorenc-das-cor-705x470.jpg 705w, https:\/\/cerdanya.org\/wp-content\/uploads\/2021\/12\/sant-llorenc-das-cor.jpg 1500w\" data-sizes=\"(max-width: 1030px) 100vw, 1030px\" data-rel='gallery-1' data-prev-img='https:\/\/cerdanya.org\/wp-content\/uploads\/2021\/12\/sant-llorenc-das-cor-495x400.jpg' class='lightbox ' data-onclick='9' title='Sant Lloren\u00e7 de Das'  itemprop=\"thumbnailUrl\"  ><img decoding=\"async\" fetchpriority=\"high\" class=\"wp-image-24090 avia-img-lazy-loading-not-24090\"  data-avia-tooltip='Sant Lloren\u00e7 de Das' src=\"https:\/\/cerdanya.org\/wp-content\/uploads\/2021\/12\/sant-llorenc-das-cor-495x400.jpg\" width=\"495\" height=\"400\"  title='Sant Llorenc\u0327 de Das' alt='Sant Lloren\u00e7 de Das' srcset=\"https:\/\/cerdanya.org\/wp-content\/uploads\/2021\/12\/sant-llorenc-das-cor-495x400.jpg 495w, https:\/\/cerdanya.org\/wp-content\/uploads\/2021\/12\/sant-llorenc-das-cor-845x684.jpg 845w\" sizes=\"(max-width: 495px) 100vw, 495px\" \/><div class='big-prev-fake'><img decoding=\"async\" loading=\"lazy\" class=\"wp-image-24090 avia-img-lazy-loading-24090\"  width=\"495\" height=\"400\" src=\"https:\/\/cerdanya.org\/wp-content\/uploads\/2021\/12\/sant-llorenc-das-cor-495x400.jpg\" title='Sant Llorenc\u0327 de Das' alt='Sant Lloren\u00e7 de Das' srcset=\"https:\/\/cerdanya.org\/wp-content\/uploads\/2021\/12\/sant-llorenc-das-cor-495x400.jpg 495w, https:\/\/cerdanya.org\/wp-content\/uploads\/2021\/12\/sant-llorenc-das-cor-845x684.jpg 845w\" sizes=\"auto, (max-width: 495px) 100vw, 495px\" \/><\/div><\/a><\/div><\/div><\/div><\/p>\n","protected":false},"excerpt":{"rendered":"","protected":false},"author":3,"featured_media":23314,"parent":30637,"menu_order":40,"comment_status":"closed","ping_status":"closed","template":"","meta":{"footnotes":""},"class_list":["post-30558","page","type-page","status-publish","has-post-thumbnail","hentry"],"_links":{"self":[{"href":"https:\/\/cerdanya.org\/fr\/wp-json\/wp\/v2\/pages\/30558","targetHints":{"allow":["GET"]}}],"collection":[{"href":"https:\/\/cerdanya.org\/fr\/wp-json\/wp\/v2\/pages"}],"about":[{"href":"https:\/\/cerdanya.org\/fr\/wp-json\/wp\/v2\/types\/page"}],"author":[{"embeddable":true,"href":"https:\/\/cerdanya.org\/fr\/wp-json\/wp\/v2\/users\/3"}],"replies":[{"embeddable":true,"href":"https:\/\/cerdanya.org\/fr\/wp-json\/wp\/v2\/comments?post=30558"}],"version-history":[{"count":0,"href":"https:\/\/cerdanya.org\/fr\/wp-json\/wp\/v2\/pages\/30558\/revisions"}],"up":[{"embeddable":true,"href":"https:\/\/cerdanya.org\/fr\/wp-json\/wp\/v2\/pages\/30637"}],"wp:featuredmedia":[{"embeddable":true,"href":"https:\/\/cerdanya.org\/fr\/wp-json\/wp\/v2\/media\/23314"}],"wp:attachment":[{"href":"https:\/\/cerdanya.org\/fr\/wp-json\/wp\/v2\/media?parent=30558"}],"curies":[{"name":"wp","href":"https:\/\/api.w.org\/{rel}","templated":true}]}}