{"id":30556,"date":"2022-04-13T10:19:05","date_gmt":"2022-04-13T08:19:05","guid":{"rendered":"http:\/\/www.cerdanya.org\/santa-maria-de-mosoll\/"},"modified":"2022-04-28T22:37:23","modified_gmt":"2022-04-28T20:37:23","slug":"santa-maria-de-mosoll","status":"publish","type":"page","link":"https:\/\/cerdanya.org\/fr\/que-faire\/tourisme-culturel\/patrimoine-culturel\/das\/santa-maria-de-mosoll\/","title":{"rendered":"Santa Maria de Mosoll"},"content":{"rendered":"\n<style type=\"text\/css\" data-created_by=\"avia_inline_auto\" id=\"style-css-av-36rb4oj-ba4d95154227ed0d8a771e7152bf9e9e\">\n.flex_column.av-36rb4oj-ba4d95154227ed0d8a771e7152bf9e9e{\nborder-radius:0px 0px 0px 0px;\npadding:0px 0px 0px 0px;\n}\n<\/style>\n<div  class='flex_column av-36rb4oj-ba4d95154227ed0d8a771e7152bf9e9e av_one_half  avia-builder-el-0  el_before_av_one_half  avia-builder-el-first  first flex_column_div av-zero-column-padding  '     ><p>\n<style type=\"text\/css\" data-created_by=\"avia_inline_auto\" id=\"style-css-av-1ho6bj6-af390bf35608cf1f9d9b90c73ffff103\">\n#top .av-special-heading.av-1ho6bj6-af390bf35608cf1f9d9b90c73ffff103{\npadding-bottom:10px;\n}\nbody .av-special-heading.av-1ho6bj6-af390bf35608cf1f9d9b90c73ffff103 .av-special-heading-tag .heading-char{\nfont-size:25px;\n}\n.av-special-heading.av-1ho6bj6-af390bf35608cf1f9d9b90c73ffff103 .av-subheading{\nfont-size:15px;\n}\n<\/style>\n<div  class='av-special-heading av-1ho6bj6-af390bf35608cf1f9d9b90c73ffff103 av-special-heading-h5  avia-builder-el-1  el_before_av_textblock  avia-builder-el-first '><h5 class='av-special-heading-tag '  itemprop=\"headline\"  >Description<\/h5><div class=\"special-heading-border\"><div class=\"special-heading-inner-border\"><\/div><\/div><\/div><br \/>\n<section  class='av_textblock_section av-ksyomoyl-25f1f3c8b1a0a9b03a6473be4799410f '   itemscope=\"itemscope\" itemtype=\"https:\/\/schema.org\/CreativeWork\" ><div class='avia_textblock'  itemprop=\"text\" ><p>C&rsquo;est un b\u00e2timent d&rsquo;une grande aust\u00e9rit\u00e9 et simplicit\u00e9 de forme tant \u00e0 l&rsquo;ext\u00e9rieur qu&rsquo;\u00e0 l&rsquo;int\u00e9rieur o\u00f9 \u00ab\u00a0tout est en place\u00a0\u00bb.<\/p>\n<p>Elle est couverte d&rsquo;une vo\u00fbte en berceau pointue qui repose sur les murs sans moulure. Les deux autels lat\u00e9raux sont inclus dans les murs de la nef, ainsi que la niche destin\u00e9e \u00e0 recevoir les fonts baptismaux. Elle conserve les ouvertures romanes, la porte plein sud en plein cintre et les fen\u00eatres \u00e0 double fente de l&rsquo;abside, les fa\u00e7ades sud et ouest. A l&rsquo;ext\u00e9rieur, entre l&rsquo;abside et la nef, s&rsquo;\u00e9l\u00e8ve un imposant fronton. La fa\u00e7ade ouest se termine par un grand clocher \u00e0 deux yeux ; la date 1710 est grav\u00e9e sur l&rsquo;une des pierres de taille de l&rsquo;arc de l&rsquo;oeil sud.<\/p>\n<p>Les grosses pierres de taille, visibles au bas de certaines parties du parement, pourraient confirmer la pr\u00e9sence d&rsquo;un \u00e9difice ant\u00e9rieur. Le toponyme semble \u00eatre d\u00e9riv\u00e9 de \u00ab\u00a0mausol\u00e9e\u00a0\u00bb et pourrait faire r\u00e9f\u00e9rence \u00e0 une structure d&rsquo;\u00e9poque imp\u00e9riale. En 1975, toute une s\u00e9rie de \u00ab\u00a0silos\u00a0\u00bb intercommunicants dans le sous-sol de l&rsquo;\u00e9glise sont localis\u00e9s. De plus, dans le b\u00e2timent du presbyt\u00e8re (adjacent \u00e0 l&rsquo;\u00e9glise et du XVIIe si\u00e8cle), il y a une structure creus\u00e9e dans le sous-sol connue sous le nom de Tuta de Mosoll, qui a un plan en croix latine avec 7 niches et pourrait \u00eatre une ancienne structure fun\u00e9raire et des \u00ab\u00a0<em>columbas<\/em> \u201d d\u00e9truites qui apparaissent dans des documents du XIIe si\u00e8cle.<\/p>\n<p>Le Mus\u00e9e national d&rsquo;art de Catalogne conserve les peintures murales de l&rsquo;abside de l&rsquo;\u00e9glise de Mosoll, gravement endommag\u00e9e par un incendie en 1936. Le th\u00e8me que l&rsquo;on peut appr\u00e9cier est celui des feuilles encha\u00een\u00e9es ou entrelac\u00e9es. Egalement un devant d&rsquo;autel de la seconde moiti\u00e9 du XIIIe si\u00e8cle structur\u00e9 en deux registres horizontaux dans lesquels sont repr\u00e9sent\u00e9es douze sc\u00e8nes d\u00e9sordonn\u00e9es de la vie de Marie.<\/p>\n<\/div><\/section><\/p><\/div>\n<style type=\"text\/css\" data-created_by=\"avia_inline_auto\" id=\"style-css-av-2coqnf7-fe66bdd07c1c8428c9bfcd41c861e712\">\n.flex_column.av-2coqnf7-fe66bdd07c1c8428c9bfcd41c861e712{\nborder-radius:0px 0px 0px 0px;\npadding:0px 0px 0px 0px;\n}\n<\/style>\n<div  class='flex_column av-2coqnf7-fe66bdd07c1c8428c9bfcd41c861e712 av_one_half  avia-builder-el-3  el_after_av_one_half  el_before_av_one_full  flex_column_div av-zero-column-padding  '     ><style type=\"text\/css\" data-created_by=\"avia_inline_auto\" id=\"style-css-av-29ooh4j-dc82f256aefc5e6eb30d0474923100ad\">\n#top .avia-gallery.av-29ooh4j-dc82f256aefc5e6eb30d0474923100ad .avia-gallery-thumb a{\nwidth:20%;\n}\n<\/style>\n<div  class='avia-gallery av-29ooh4j-dc82f256aefc5e6eb30d0474923100ad avia_animate_when_visible  avia-builder-el-4  avia-builder-el-no-sibling  avia_lazyload av-slideshow-ui av-loop-manual-endless av-control-hidden av-navigate-arrows av-navigate-dots hover-effect av-control-hidden avia-gallery-animate avia-gallery-1'  itemprop=\"image\" itemscope=\"itemscope\" itemtype=\"https:\/\/schema.org\/ImageObject\" ><meta itemprop=\"contentURL\" content=\"https:\/\/cerdanya.org\/fr\/que-faire\/tourisme-culturel\/patrimoine-culturel\/das\/santa-maria-de-mosoll\/\"><div class='avia-gallery-big-wrapper'><a class='avia-gallery-big fakeLightbox lightbox avia-gallery-big-crop-thumb ' href=\"https:\/\/cerdanya.org\/wp-content\/uploads\/2021\/12\/santa-maria-mosoll-altar-1030x687.jpg\" data-srcset=\"https:\/\/cerdanya.org\/wp-content\/uploads\/2021\/12\/santa-maria-mosoll-altar-1030x687.jpg 1030w, https:\/\/cerdanya.org\/wp-content\/uploads\/2021\/12\/santa-maria-mosoll-altar-300x200.jpg 300w, https:\/\/cerdanya.org\/wp-content\/uploads\/2021\/12\/santa-maria-mosoll-altar-768x512.jpg 768w, https:\/\/cerdanya.org\/wp-content\/uploads\/2021\/12\/santa-maria-mosoll-altar-705x470.jpg 705w, https:\/\/cerdanya.org\/wp-content\/uploads\/2021\/12\/santa-maria-mosoll-altar.jpg 1500w\" data-sizes=\"(max-width: 1030px) 100vw, 1030px\"  data-onclick='1' title='Santa Maria de Mosoll' ><span class='avia-gallery-big-inner'  itemprop=\"thumbnailUrl\" ><img decoding=\"async\" fetchpriority=\"high\" class=\"wp-image-24094 avia-img-lazy-loading-not-24094\"  width=\"495\" height=\"400\" src=\"https:\/\/cerdanya.org\/wp-content\/uploads\/2021\/12\/santa-maria-mosoll-altar-495x400.jpg\" title='7. DAS- Santa Maria de Mosoll' alt='Santa Maria de Mosoll' srcset=\"https:\/\/cerdanya.org\/wp-content\/uploads\/2021\/12\/santa-maria-mosoll-altar-495x400.jpg 495w, https:\/\/cerdanya.org\/wp-content\/uploads\/2021\/12\/santa-maria-mosoll-altar-845x684.jpg 845w\" sizes=\"(max-width: 495px) 100vw, 495px\" \/><span class='avia-gallery-caption'>Santa Maria de Mosoll<\/span><\/span><\/a><\/div><div class='avia-gallery-thumb'><a href=\"https:\/\/cerdanya.org\/wp-content\/uploads\/2021\/12\/santa-maria-mosoll-altar-1030x687.jpg\" data-srcset=\"https:\/\/cerdanya.org\/wp-content\/uploads\/2021\/12\/santa-maria-mosoll-altar-1030x687.jpg 1030w, https:\/\/cerdanya.org\/wp-content\/uploads\/2021\/12\/santa-maria-mosoll-altar-300x200.jpg 300w, https:\/\/cerdanya.org\/wp-content\/uploads\/2021\/12\/santa-maria-mosoll-altar-768x512.jpg 768w, https:\/\/cerdanya.org\/wp-content\/uploads\/2021\/12\/santa-maria-mosoll-altar-705x470.jpg 705w, https:\/\/cerdanya.org\/wp-content\/uploads\/2021\/12\/santa-maria-mosoll-altar.jpg 1500w\" data-sizes=\"(max-width: 1030px) 100vw, 1030px\" data-rel='gallery-1' data-prev-img='https:\/\/cerdanya.org\/wp-content\/uploads\/2021\/12\/santa-maria-mosoll-altar-495x400.jpg' class='first_thumb lightbox ' data-onclick='1' title='Santa Maria de Mosoll'  itemprop=\"thumbnailUrl\"  ><img decoding=\"async\" fetchpriority=\"high\" class=\"wp-image-24094 avia-img-lazy-loading-not-24094\"  data-avia-tooltip='Santa Maria de Mosoll' src=\"https:\/\/cerdanya.org\/wp-content\/uploads\/2021\/12\/santa-maria-mosoll-altar-495x400.jpg\" width=\"495\" height=\"400\"  title='7. DAS- Santa Maria de Mosoll' alt='Santa Maria de Mosoll' srcset=\"https:\/\/cerdanya.org\/wp-content\/uploads\/2021\/12\/santa-maria-mosoll-altar-495x400.jpg 495w, https:\/\/cerdanya.org\/wp-content\/uploads\/2021\/12\/santa-maria-mosoll-altar-845x684.jpg 845w\" sizes=\"(max-width: 495px) 100vw, 495px\" \/><div class='big-prev-fake'><img decoding=\"async\" loading=\"lazy\" class=\"wp-image-24094 avia-img-lazy-loading-24094\"  width=\"495\" height=\"400\" src=\"https:\/\/cerdanya.org\/wp-content\/uploads\/2021\/12\/santa-maria-mosoll-altar-495x400.jpg\" title='7. DAS- Santa Maria de Mosoll' alt='Santa Maria de Mosoll' srcset=\"https:\/\/cerdanya.org\/wp-content\/uploads\/2021\/12\/santa-maria-mosoll-altar-495x400.jpg 495w, https:\/\/cerdanya.org\/wp-content\/uploads\/2021\/12\/santa-maria-mosoll-altar-845x684.jpg 845w\" sizes=\"auto, (max-width: 495px) 100vw, 495px\" \/><\/div><\/a><a href=\"https:\/\/cerdanya.org\/wp-content\/uploads\/2021\/12\/santa-maria-mosoll-1-1030x687.jpg\" data-srcset=\"https:\/\/cerdanya.org\/wp-content\/uploads\/2021\/12\/santa-maria-mosoll-1-1030x687.jpg 1030w, https:\/\/cerdanya.org\/wp-content\/uploads\/2021\/12\/santa-maria-mosoll-1-300x200.jpg 300w, https:\/\/cerdanya.org\/wp-content\/uploads\/2021\/12\/santa-maria-mosoll-1-768x512.jpg 768w, https:\/\/cerdanya.org\/wp-content\/uploads\/2021\/12\/santa-maria-mosoll-1-705x470.jpg 705w, https:\/\/cerdanya.org\/wp-content\/uploads\/2021\/12\/santa-maria-mosoll-1.jpg 1500w\" data-sizes=\"(max-width: 1030px) 100vw, 1030px\" data-rel='gallery-1' data-prev-img='https:\/\/cerdanya.org\/wp-content\/uploads\/2021\/12\/santa-maria-mosoll-1-495x400.jpg' class='lightbox ' data-onclick='2' title='Santa Maria de Mosoll'  itemprop=\"thumbnailUrl\"  ><img decoding=\"async\" fetchpriority=\"high\" class=\"wp-image-24099 avia-img-lazy-loading-not-24099\"  data-avia-tooltip='Santa Maria de Mosoll' src=\"https:\/\/cerdanya.org\/wp-content\/uploads\/2021\/12\/santa-maria-mosoll-1-495x400.jpg\" width=\"495\" height=\"400\"  title='7. DAS- Santa Maria de Mosoll' alt='Santa Maria de Mosoll' srcset=\"https:\/\/cerdanya.org\/wp-content\/uploads\/2021\/12\/santa-maria-mosoll-1-495x400.jpg 495w, https:\/\/cerdanya.org\/wp-content\/uploads\/2021\/12\/santa-maria-mosoll-1-845x684.jpg 845w\" sizes=\"(max-width: 495px) 100vw, 495px\" \/><div class='big-prev-fake'><img decoding=\"async\" loading=\"lazy\" class=\"wp-image-24099 avia-img-lazy-loading-24099\"  width=\"495\" height=\"400\" src=\"https:\/\/cerdanya.org\/wp-content\/uploads\/2021\/12\/santa-maria-mosoll-1-495x400.jpg\" title='7. DAS- Santa Maria de Mosoll' alt='Santa Maria de Mosoll' srcset=\"https:\/\/cerdanya.org\/wp-content\/uploads\/2021\/12\/santa-maria-mosoll-1-495x400.jpg 495w, https:\/\/cerdanya.org\/wp-content\/uploads\/2021\/12\/santa-maria-mosoll-1-845x684.jpg 845w\" sizes=\"auto, (max-width: 495px) 100vw, 495px\" \/><\/div><\/a><a href=\"https:\/\/cerdanya.org\/wp-content\/uploads\/2021\/12\/santa-maria-mosoll-sostre-1030x687.jpg\" data-srcset=\"https:\/\/cerdanya.org\/wp-content\/uploads\/2021\/12\/santa-maria-mosoll-sostre-1030x687.jpg 1030w, https:\/\/cerdanya.org\/wp-content\/uploads\/2021\/12\/santa-maria-mosoll-sostre-300x200.jpg 300w, https:\/\/cerdanya.org\/wp-content\/uploads\/2021\/12\/santa-maria-mosoll-sostre-768x512.jpg 768w, https:\/\/cerdanya.org\/wp-content\/uploads\/2021\/12\/santa-maria-mosoll-sostre-705x470.jpg 705w, https:\/\/cerdanya.org\/wp-content\/uploads\/2021\/12\/santa-maria-mosoll-sostre.jpg 1500w\" data-sizes=\"(max-width: 1030px) 100vw, 1030px\" data-rel='gallery-1' data-prev-img='https:\/\/cerdanya.org\/wp-content\/uploads\/2021\/12\/santa-maria-mosoll-sostre-495x400.jpg' class='lightbox ' data-onclick='3' title='Santa Maria de Mosoll'  itemprop=\"thumbnailUrl\"  ><img decoding=\"async\" fetchpriority=\"high\" class=\"wp-image-24102 avia-img-lazy-loading-not-24102\"  data-avia-tooltip='Santa Maria de Mosoll' src=\"https:\/\/cerdanya.org\/wp-content\/uploads\/2021\/12\/santa-maria-mosoll-sostre-495x400.jpg\" width=\"495\" height=\"400\"  title='7. DAS- Santa Maria de Mosoll' alt='Santa Maria de Mosoll' srcset=\"https:\/\/cerdanya.org\/wp-content\/uploads\/2021\/12\/santa-maria-mosoll-sostre-495x400.jpg 495w, https:\/\/cerdanya.org\/wp-content\/uploads\/2021\/12\/santa-maria-mosoll-sostre-845x684.jpg 845w\" sizes=\"(max-width: 495px) 100vw, 495px\" \/><div class='big-prev-fake'><img decoding=\"async\" loading=\"lazy\" class=\"wp-image-24102 avia-img-lazy-loading-24102\"  width=\"495\" height=\"400\" src=\"https:\/\/cerdanya.org\/wp-content\/uploads\/2021\/12\/santa-maria-mosoll-sostre-495x400.jpg\" title='7. DAS- Santa Maria de Mosoll' alt='Santa Maria de Mosoll' srcset=\"https:\/\/cerdanya.org\/wp-content\/uploads\/2021\/12\/santa-maria-mosoll-sostre-495x400.jpg 495w, https:\/\/cerdanya.org\/wp-content\/uploads\/2021\/12\/santa-maria-mosoll-sostre-845x684.jpg 845w\" sizes=\"auto, (max-width: 495px) 100vw, 495px\" \/><\/div><\/a><a href=\"https:\/\/cerdanya.org\/wp-content\/uploads\/2021\/12\/santa-maria-mosoll-darrere-1030x687.jpg\" data-srcset=\"https:\/\/cerdanya.org\/wp-content\/uploads\/2021\/12\/santa-maria-mosoll-darrere-1030x687.jpg 1030w, https:\/\/cerdanya.org\/wp-content\/uploads\/2021\/12\/santa-maria-mosoll-darrere-300x200.jpg 300w, https:\/\/cerdanya.org\/wp-content\/uploads\/2021\/12\/santa-maria-mosoll-darrere-768x512.jpg 768w, https:\/\/cerdanya.org\/wp-content\/uploads\/2021\/12\/santa-maria-mosoll-darrere-705x470.jpg 705w, https:\/\/cerdanya.org\/wp-content\/uploads\/2021\/12\/santa-maria-mosoll-darrere.jpg 1500w\" data-sizes=\"(max-width: 1030px) 100vw, 1030px\" data-rel='gallery-1' data-prev-img='https:\/\/cerdanya.org\/wp-content\/uploads\/2021\/12\/santa-maria-mosoll-darrere-495x400.jpg' class='lightbox ' data-onclick='4' title='Santa Maria de Mosoll'  itemprop=\"thumbnailUrl\"  ><img decoding=\"async\" fetchpriority=\"high\" class=\"wp-image-24106 avia-img-lazy-loading-not-24106\"  data-avia-tooltip='Santa Maria de Mosoll' src=\"https:\/\/cerdanya.org\/wp-content\/uploads\/2021\/12\/santa-maria-mosoll-darrere-495x400.jpg\" width=\"495\" height=\"400\"  title='7. DAS- Santa Maria de Mosoll' alt='Santa Maria de Mosoll' srcset=\"https:\/\/cerdanya.org\/wp-content\/uploads\/2021\/12\/santa-maria-mosoll-darrere-495x400.jpg 495w, https:\/\/cerdanya.org\/wp-content\/uploads\/2021\/12\/santa-maria-mosoll-darrere-845x684.jpg 845w\" sizes=\"(max-width: 495px) 100vw, 495px\" \/><div class='big-prev-fake'><img decoding=\"async\" loading=\"lazy\" class=\"wp-image-24106 avia-img-lazy-loading-24106\"  width=\"495\" height=\"400\" src=\"https:\/\/cerdanya.org\/wp-content\/uploads\/2021\/12\/santa-maria-mosoll-darrere-495x400.jpg\" title='7. DAS- Santa Maria de Mosoll' alt='Santa Maria de Mosoll' srcset=\"https:\/\/cerdanya.org\/wp-content\/uploads\/2021\/12\/santa-maria-mosoll-darrere-495x400.jpg 495w, https:\/\/cerdanya.org\/wp-content\/uploads\/2021\/12\/santa-maria-mosoll-darrere-845x684.jpg 845w\" sizes=\"auto, (max-width: 495px) 100vw, 495px\" \/><\/div><\/a><a href=\"https:\/\/cerdanya.org\/wp-content\/uploads\/2021\/12\/santa-maria-mosoll-frontal-1030x687.jpg\" data-srcset=\"https:\/\/cerdanya.org\/wp-content\/uploads\/2021\/12\/santa-maria-mosoll-frontal-1030x687.jpg 1030w, https:\/\/cerdanya.org\/wp-content\/uploads\/2021\/12\/santa-maria-mosoll-frontal-300x200.jpg 300w, https:\/\/cerdanya.org\/wp-content\/uploads\/2021\/12\/santa-maria-mosoll-frontal-768x512.jpg 768w, https:\/\/cerdanya.org\/wp-content\/uploads\/2021\/12\/santa-maria-mosoll-frontal-705x470.jpg 705w, https:\/\/cerdanya.org\/wp-content\/uploads\/2021\/12\/santa-maria-mosoll-frontal.jpg 1500w\" data-sizes=\"(max-width: 1030px) 100vw, 1030px\" data-rel='gallery-1' data-prev-img='https:\/\/cerdanya.org\/wp-content\/uploads\/2021\/12\/santa-maria-mosoll-frontal-495x400.jpg' class='lightbox ' data-onclick='5' title='Santa Maria de Mosoll'  itemprop=\"thumbnailUrl\"  ><img decoding=\"async\" fetchpriority=\"high\" class=\"wp-image-24109 avia-img-lazy-loading-not-24109\"  data-avia-tooltip='Santa Maria de Mosoll' src=\"https:\/\/cerdanya.org\/wp-content\/uploads\/2021\/12\/santa-maria-mosoll-frontal-495x400.jpg\" width=\"495\" height=\"400\"  title='7. DAS- Santa Maria de Mosoll' alt='Santa Maria de Mosoll' srcset=\"https:\/\/cerdanya.org\/wp-content\/uploads\/2021\/12\/santa-maria-mosoll-frontal-495x400.jpg 495w, https:\/\/cerdanya.org\/wp-content\/uploads\/2021\/12\/santa-maria-mosoll-frontal-845x684.jpg 845w\" sizes=\"(max-width: 495px) 100vw, 495px\" \/><div class='big-prev-fake'><img decoding=\"async\" loading=\"lazy\" class=\"wp-image-24109 avia-img-lazy-loading-24109\"  width=\"495\" height=\"400\" src=\"https:\/\/cerdanya.org\/wp-content\/uploads\/2021\/12\/santa-maria-mosoll-frontal-495x400.jpg\" title='7. DAS- Santa Maria de Mosoll' alt='Santa Maria de Mosoll' srcset=\"https:\/\/cerdanya.org\/wp-content\/uploads\/2021\/12\/santa-maria-mosoll-frontal-495x400.jpg 495w, https:\/\/cerdanya.org\/wp-content\/uploads\/2021\/12\/santa-maria-mosoll-frontal-845x684.jpg 845w\" sizes=\"auto, (max-width: 495px) 100vw, 495px\" \/><\/div><\/a><a href=\"https:\/\/cerdanya.org\/wp-content\/uploads\/2021\/12\/santa-maria-mosoll-pica-1030x687.jpg\" data-srcset=\"https:\/\/cerdanya.org\/wp-content\/uploads\/2021\/12\/santa-maria-mosoll-pica-1030x687.jpg 1030w, https:\/\/cerdanya.org\/wp-content\/uploads\/2021\/12\/santa-maria-mosoll-pica-300x200.jpg 300w, https:\/\/cerdanya.org\/wp-content\/uploads\/2021\/12\/santa-maria-mosoll-pica-768x512.jpg 768w, https:\/\/cerdanya.org\/wp-content\/uploads\/2021\/12\/santa-maria-mosoll-pica-705x470.jpg 705w, https:\/\/cerdanya.org\/wp-content\/uploads\/2021\/12\/santa-maria-mosoll-pica.jpg 1500w\" data-sizes=\"(max-width: 1030px) 100vw, 1030px\" data-rel='gallery-1' data-prev-img='https:\/\/cerdanya.org\/wp-content\/uploads\/2021\/12\/santa-maria-mosoll-pica-495x400.jpg' class='first_thumb lightbox ' data-onclick='6' title='Santa Maria de Mosoll'  itemprop=\"thumbnailUrl\"  ><img decoding=\"async\" fetchpriority=\"high\" class=\"wp-image-24113 avia-img-lazy-loading-not-24113\"  data-avia-tooltip='Santa Maria de Mosoll' src=\"https:\/\/cerdanya.org\/wp-content\/uploads\/2021\/12\/santa-maria-mosoll-pica-495x400.jpg\" width=\"495\" height=\"400\"  title='7. DAS- Santa Maria de Mosoll' alt='Santa Maria de Mosoll' srcset=\"https:\/\/cerdanya.org\/wp-content\/uploads\/2021\/12\/santa-maria-mosoll-pica-495x400.jpg 495w, https:\/\/cerdanya.org\/wp-content\/uploads\/2021\/12\/santa-maria-mosoll-pica-845x684.jpg 845w\" sizes=\"(max-width: 495px) 100vw, 495px\" \/><div class='big-prev-fake'><img decoding=\"async\" loading=\"lazy\" class=\"wp-image-24113 avia-img-lazy-loading-24113\"  width=\"495\" height=\"400\" src=\"https:\/\/cerdanya.org\/wp-content\/uploads\/2021\/12\/santa-maria-mosoll-pica-495x400.jpg\" title='7. DAS- Santa Maria de Mosoll' alt='Santa Maria de Mosoll' srcset=\"https:\/\/cerdanya.org\/wp-content\/uploads\/2021\/12\/santa-maria-mosoll-pica-495x400.jpg 495w, https:\/\/cerdanya.org\/wp-content\/uploads\/2021\/12\/santa-maria-mosoll-pica-845x684.jpg 845w\" sizes=\"auto, (max-width: 495px) 100vw, 495px\" \/><\/div><\/a><a href=\"https:\/\/cerdanya.org\/wp-content\/uploads\/2021\/12\/santa-maria-mosoll-pedra-1030x687.jpg\" data-srcset=\"https:\/\/cerdanya.org\/wp-content\/uploads\/2021\/12\/santa-maria-mosoll-pedra-1030x687.jpg 1030w, https:\/\/cerdanya.org\/wp-content\/uploads\/2021\/12\/santa-maria-mosoll-pedra-300x200.jpg 300w, https:\/\/cerdanya.org\/wp-content\/uploads\/2021\/12\/santa-maria-mosoll-pedra-768x512.jpg 768w, https:\/\/cerdanya.org\/wp-content\/uploads\/2021\/12\/santa-maria-mosoll-pedra-705x470.jpg 705w, https:\/\/cerdanya.org\/wp-content\/uploads\/2021\/12\/santa-maria-mosoll-pedra.jpg 1500w\" data-sizes=\"(max-width: 1030px) 100vw, 1030px\" data-rel='gallery-1' data-prev-img='https:\/\/cerdanya.org\/wp-content\/uploads\/2021\/12\/santa-maria-mosoll-pedra-495x400.jpg' class='lightbox ' data-onclick='7' title='Santa Maria de Mosoll'  itemprop=\"thumbnailUrl\"  ><img decoding=\"async\" fetchpriority=\"high\" class=\"wp-image-24116 avia-img-lazy-loading-not-24116\"  data-avia-tooltip='Santa Maria de Mosoll' src=\"https:\/\/cerdanya.org\/wp-content\/uploads\/2021\/12\/santa-maria-mosoll-pedra-495x400.jpg\" width=\"495\" height=\"400\"  title='7. DAS- Santa Maria de Mosoll' alt='Santa Maria de Mosoll' srcset=\"https:\/\/cerdanya.org\/wp-content\/uploads\/2021\/12\/santa-maria-mosoll-pedra-495x400.jpg 495w, https:\/\/cerdanya.org\/wp-content\/uploads\/2021\/12\/santa-maria-mosoll-pedra-845x684.jpg 845w\" sizes=\"(max-width: 495px) 100vw, 495px\" \/><div class='big-prev-fake'><img decoding=\"async\" loading=\"lazy\" class=\"wp-image-24116 avia-img-lazy-loading-24116\"  width=\"495\" height=\"400\" src=\"https:\/\/cerdanya.org\/wp-content\/uploads\/2021\/12\/santa-maria-mosoll-pedra-495x400.jpg\" title='7. DAS- Santa Maria de Mosoll' alt='Santa Maria de Mosoll' srcset=\"https:\/\/cerdanya.org\/wp-content\/uploads\/2021\/12\/santa-maria-mosoll-pedra-495x400.jpg 495w, https:\/\/cerdanya.org\/wp-content\/uploads\/2021\/12\/santa-maria-mosoll-pedra-845x684.jpg 845w\" sizes=\"auto, (max-width: 495px) 100vw, 495px\" \/><\/div><\/a><\/div><\/div><\/div>\n<style type=\"text\/css\" data-created_by=\"avia_inline_auto\" id=\"style-css-av-13qih77-00e4eae9d0b6c138f9ba0e0aa3d8fb95\">\n.flex_column.av-13qih77-00e4eae9d0b6c138f9ba0e0aa3d8fb95{\nborder-radius:0px 0px 0px 0px;\npadding:0px 0px 0px 0px;\n}\n<\/style>\n<div  class='flex_column av-13qih77-00e4eae9d0b6c138f9ba0e0aa3d8fb95 av_one_full  avia-builder-el-5  el_after_av_one_half  el_before_av_one_half  first flex_column_div av-zero-column-padding  column-top-margin'     ><style type=\"text\/css\" data-created_by=\"avia_inline_auto\" id=\"style-css-av-kwp2dp8f-f55138033d46035ff7ae47226ad7fa00\">\n#top .hr.hr-invisible.av-kwp2dp8f-f55138033d46035ff7ae47226ad7fa00{\nheight:20px;\n}\n<\/style>\n<div  class='hr av-kwp2dp8f-f55138033d46035ff7ae47226ad7fa00 hr-invisible  avia-builder-el-6  avia-builder-el-no-sibling '><span class='hr-inner '><span class=\"hr-inner-style\"><\/span><\/span><\/div><\/div><\/p>\n\n<style type=\"text\/css\" data-created_by=\"avia_inline_auto\" id=\"style-css-av-zl93uq-4474fd663d2e1616b0c9e20d88c0d2e5\">\n.flex_column.av-zl93uq-4474fd663d2e1616b0c9e20d88c0d2e5{\nborder-radius:0px 0px 0px 0px;\npadding:0px 0px 0px 0px;\n}\n<\/style>\n<div  class='flex_column av-zl93uq-4474fd663d2e1616b0c9e20d88c0d2e5 av_one_half  avia-builder-el-7  el_after_av_one_full  avia-builder-el-last  first flex_column_div av-zero-column-padding  column-top-margin'     ><p>\n<style type=\"text\/css\" data-created_by=\"avia_inline_auto\" id=\"style-css-av-uzk676-1f0a59b97579bdec1d623b71ef76fb41\">\n#top .av-special-heading.av-uzk676-1f0a59b97579bdec1d623b71ef76fb41{\npadding-bottom:10px;\n}\nbody .av-special-heading.av-uzk676-1f0a59b97579bdec1d623b71ef76fb41 .av-special-heading-tag .heading-char{\nfont-size:25px;\n}\n.av-special-heading.av-uzk676-1f0a59b97579bdec1d623b71ef76fb41 .av-subheading{\nfont-size:15px;\n}\n<\/style>\n<div  class='av-special-heading av-uzk676-1f0a59b97579bdec1d623b71ef76fb41 av-special-heading-h5  avia-builder-el-8  el_before_av_image  avia-builder-el-first '><h5 class='av-special-heading-tag '  itemprop=\"headline\"  >Plan et section<\/h5><div class=\"special-heading-border\"><div class=\"special-heading-inner-border\"><\/div><\/div><\/div><br \/>\n\n<style type=\"text\/css\" data-created_by=\"avia_inline_auto\" id=\"style-css-av-kxq3y8fx-9132eabeed0bee56a6328b3f49e36c8a\">\n.avia-image-container.av-kxq3y8fx-9132eabeed0bee56a6328b3f49e36c8a img.avia_image{\nbox-shadow:none;\n}\n.avia-image-container.av-kxq3y8fx-9132eabeed0bee56a6328b3f49e36c8a .av-image-caption-overlay-center{\ncolor:#ffffff;\n}\n<\/style>\n<div  class='avia-image-container av-kxq3y8fx-9132eabeed0bee56a6328b3f49e36c8a av-styling- avia-align-center  avia-builder-el-9  el_after_av_heading  avia-builder-el-last '   itemprop=\"image\" itemscope=\"itemscope\" itemtype=\"https:\/\/schema.org\/ImageObject\" ><div class=\"avia-image-container-inner\"><div class=\"avia-image-overlay-wrap\"><img decoding=\"async\" fetchpriority=\"high\" class='wp-image-24092 avia-img-lazy-loading-not-24092 avia_image ' src=\"https:\/\/cerdanya.org\/wp-content\/uploads\/2021\/12\/santa-maria-Mosoll-1030x494.jpg\" alt='Santa Maria de Mosoll' title='santa-maria-Mosoll'  height=\"494\" width=\"1030\"  itemprop=\"thumbnailUrl\" srcset=\"https:\/\/cerdanya.org\/wp-content\/uploads\/2021\/12\/santa-maria-Mosoll-1030x494.jpg 1030w, https:\/\/cerdanya.org\/wp-content\/uploads\/2021\/12\/santa-maria-Mosoll-300x144.jpg 300w, https:\/\/cerdanya.org\/wp-content\/uploads\/2021\/12\/santa-maria-Mosoll-768x368.jpg 768w, https:\/\/cerdanya.org\/wp-content\/uploads\/2021\/12\/santa-maria-Mosoll-705x338.jpg 705w, https:\/\/cerdanya.org\/wp-content\/uploads\/2021\/12\/santa-maria-Mosoll.jpg 1500w\" sizes=\"(max-width: 1030px) 100vw, 1030px\" \/><\/div><\/div><\/div><\/p><\/div>\n","protected":false},"excerpt":{"rendered":"","protected":false},"author":3,"featured_media":23316,"parent":30637,"menu_order":50,"comment_status":"closed","ping_status":"closed","template":"","meta":{"footnotes":""},"class_list":["post-30556","page","type-page","status-publish","has-post-thumbnail","hentry"],"_links":{"self":[{"href":"https:\/\/cerdanya.org\/fr\/wp-json\/wp\/v2\/pages\/30556","targetHints":{"allow":["GET"]}}],"collection":[{"href":"https:\/\/cerdanya.org\/fr\/wp-json\/wp\/v2\/pages"}],"about":[{"href":"https:\/\/cerdanya.org\/fr\/wp-json\/wp\/v2\/types\/page"}],"author":[{"embeddable":true,"href":"https:\/\/cerdanya.org\/fr\/wp-json\/wp\/v2\/users\/3"}],"replies":[{"embeddable":true,"href":"https:\/\/cerdanya.org\/fr\/wp-json\/wp\/v2\/comments?post=30556"}],"version-history":[{"count":0,"href":"https:\/\/cerdanya.org\/fr\/wp-json\/wp\/v2\/pages\/30556\/revisions"}],"up":[{"embeddable":true,"href":"https:\/\/cerdanya.org\/fr\/wp-json\/wp\/v2\/pages\/30637"}],"wp:featuredmedia":[{"embeddable":true,"href":"https:\/\/cerdanya.org\/fr\/wp-json\/wp\/v2\/media\/23316"}],"wp:attachment":[{"href":"https:\/\/cerdanya.org\/fr\/wp-json\/wp\/v2\/media?parent=30556"}],"curies":[{"name":"wp","href":"https:\/\/api.w.org\/{rel}","templated":true}]}}