{"id":30554,"date":"2022-04-13T10:16:33","date_gmt":"2022-04-13T08:16:33","guid":{"rendered":"http:\/\/www.cerdanya.org\/legendes\/la-grotte-du-fou-de-bor\/"},"modified":"2022-04-28T13:47:02","modified_gmt":"2022-04-28T11:47:02","slug":"la-grotte-du-fou-de-bor","status":"publish","type":"page","link":"https:\/\/cerdanya.org\/fr\/decouvrir\/culture\/legendes\/la-grotte-du-fou-de-bor\/","title":{"rendered":"La grotte du Fou de Bor"},"content":{"rendered":"\n<style type=\"text\/css\" data-created_by=\"avia_inline_auto\" id=\"style-css-av-36rb4oj-ba4d95154227ed0d8a771e7152bf9e9e\">\n.flex_column.av-36rb4oj-ba4d95154227ed0d8a771e7152bf9e9e{\nborder-radius:0px 0px 0px 0px;\npadding:0px 0px 0px 0px;\n}\n<\/style>\n<div  class='flex_column av-36rb4oj-ba4d95154227ed0d8a771e7152bf9e9e av_one_half  avia-builder-el-0  el_before_av_one_half  avia-builder-el-first  first flex_column_div av-zero-column-padding  '     ><section  class='av_textblock_section av-ksyomoyl-25f1f3c8b1a0a9b03a6473be4799410f '   itemscope=\"itemscope\" itemtype=\"https:\/\/schema.org\/CreativeWork\" ><div class='avia_textblock'  itemprop=\"text\" ><p>Une tr\u00e8s belle femme de Bor se trouvait dans la rivi\u00e8re lorsqu&rsquo;un monsieur l&rsquo;a vue. Il la trouva si belle qu&rsquo;il demanda sa main et ils se mari\u00e8rent, \u00e0 une condition de la jeune femme : il ne pourrait jamais entrer dans la glaci\u00e8re de la grotte. Ils v\u00e9curent heureux pour toujours et eurent des enfants. Un jour qu&rsquo;elle n&rsquo;\u00e9tait pas l\u00e0, l&rsquo;homme entra dans la pi\u00e8ce interdite. Il s&rsquo;est \u00e9vanoui et quand il s&rsquo;est r\u00e9veill\u00e9 il s&rsquo;est retrouv\u00e9 \u00e0 l&rsquo;entr\u00e9e de la grotte, mais il voulait entrer et ne pouvait pas. Il n&rsquo;a jamais revu sa femme ni ses enfants.<\/p>\n<p>Une autre l\u00e9gende raconte que la reine du Fou de Bor commen\u00e7a \u00e0 accoucher et recourut \u00e0 une sage-femme de Bor : si elle ne s&rsquo;\u00e9tait pas lav\u00e9e les mains apr\u00e8s avoir assist\u00e9 \u00e0 l&rsquo;accouchement, tout ce qu&rsquo;avait touch\u00e9 la sage-femme se serait transform\u00e9 en or, mais elle s&rsquo;est lav\u00e9 les mains dans le ruisseau. Elle a \u00e9t\u00e9 trop prope.<\/p>\n<\/div><\/section><\/div>\n<style type=\"text\/css\" data-created_by=\"avia_inline_auto\" id=\"style-css-av-1ng0qsz-23c1aa3b7ae50c716d5e85aa47409484\">\n.flex_column.av-1ng0qsz-23c1aa3b7ae50c716d5e85aa47409484{\nborder-radius:0px 0px 0px 0px;\npadding:0px 0px 0px 0px;\n}\n<\/style>\n<div  class='flex_column av-1ng0qsz-23c1aa3b7ae50c716d5e85aa47409484 av_one_half  avia-builder-el-2  el_after_av_one_half  avia-builder-el-last  flex_column_div av-zero-column-padding  '     ><p>\n<style type=\"text\/css\" data-created_by=\"avia_inline_auto\" id=\"style-css-av-2chu303-04b32d89a261659af8a58c16faa64722\">\n#top .av-special-heading.av-2chu303-04b32d89a261659af8a58c16faa64722{\npadding-bottom:10px;\n}\nbody .av-special-heading.av-2chu303-04b32d89a261659af8a58c16faa64722 .av-special-heading-tag .heading-char{\nfont-size:25px;\n}\n.av-special-heading.av-2chu303-04b32d89a261659af8a58c16faa64722 .av-subheading{\nfont-size:15px;\n}\n<\/style>\n<div  class='av-special-heading av-2chu303-04b32d89a261659af8a58c16faa64722 av-special-heading-h3  avia-builder-el-3  el_before_av_player  avia-builder-el-first '><h3 class='av-special-heading-tag '  itemprop=\"headline\"  >\u00c9coutez la l\u00e9gende<\/h3><div class=\"special-heading-border\"><div class=\"special-heading-inner-border\"><\/div><\/div><\/div><br \/>\n<div id=\"av_player-1\" class=\"av-player av-player-container av-kwp1gaol-fc6c4040781e7dae89e9de85a5eabb3b avia-playerstyle-classic av_player-1  avia-builder-el-4  el_after_av_heading  el_before_av_player  first avia-playlist-no-loop avia-playlist-hide-cover\"><div class=\"av-player-player-container\"><div class=\"wp-playlist wp-audio-playlist wp-playlist-light\">\n\t\t\t<div class=\"wp-playlist-current-item\"><\/div>\n\t\t<audio controls=\"controls\" preload=\"none\" width=\"1478\"\n\t\t\t><\/audio>\n\t<div class=\"wp-playlist-next\"><\/div>\n\t<div class=\"wp-playlist-prev\"><\/div>\n\t<noscript>\n\t<ol>\n\t\t<li><a href='https:\/\/cerdanya.org\/wp-content\/uploads\/2022\/01\/la-cova-de-la-fou-de-bor-CAT.mp3'>CATAL\u00c0<\/a><\/li>\t<\/ol>\n\t<\/noscript>\n\t<script type=\"application\/json\" class=\"wp-playlist-script\">{\"type\":\"audio\",\"tracklist\":true,\"tracknumbers\":true,\"images\":true,\"artists\":true,\"tracks\":[{\"src\":\"https:\/\/cerdanya.org\/wp-content\/uploads\/2022\/01\/la-cova-de-la-fou-de-bor-CAT.mp3\",\"type\":\"audio\/mpeg\",\"title\":\"CATAL\\u00c0\",\"caption\":\"La cova de la Fou de Bor\",\"description\":\"\\\"CAT LA COVA DE FOU DE BOR\\\". Any de publicaci\\u00f3: 2021. \\u00c0udio 1.\",\"meta\":{\"album\":\"La cova de la Fou de Bor\",\"year\":\"2021\",\"length_formatted\":\"0:49\"},\"image\":{\"src\":\"https:\/\/cerdanya.org\/wp-includes\/images\/media\/audio.svg\",\"width\":48,\"height\":64},\"thumb\":{\"src\":\"https:\/\/cerdanya.org\/wp-includes\/images\/media\/audio.svg\",\"width\":48,\"height\":64}}]}<\/script>\n<\/div>\n\t<\/div><\/div><br \/>\n<div id=\"av_player-2\" class=\"av-player av-player-container av-kwp1gaol-fc6c4040781e7dae89e9de85a5eabb3b avia-playerstyle-classic av_player-2  avia-builder-el-5  el_after_av_player  el_before_av_player  avia-playlist-no-loop avia-playlist-hide-cover\"><div class=\"av-player-player-container\"><div class=\"wp-playlist wp-audio-playlist wp-playlist-light\">\n\t\t\t<div class=\"wp-playlist-current-item\"><\/div>\n\t\t<audio controls=\"controls\" preload=\"none\" width=\"1478\"\n\t\t\t><\/audio>\n\t<div class=\"wp-playlist-next\"><\/div>\n\t<div class=\"wp-playlist-prev\"><\/div>\n\t<noscript>\n\t<ol>\n\t\t<li><a href='https:\/\/cerdanya.org\/wp-content\/uploads\/2022\/01\/la-cova-de-la-fou-de-bor-ES.mp3'>CASTELL\u00c0<\/a><\/li>\t<\/ol>\n\t<\/noscript>\n\t<script type=\"application\/json\" class=\"wp-playlist-script\">{\"type\":\"audio\",\"tracklist\":true,\"tracknumbers\":true,\"images\":true,\"artists\":true,\"tracks\":[{\"src\":\"https:\/\/cerdanya.org\/wp-content\/uploads\/2022\/01\/la-cova-de-la-fou-de-bor-ES.mp3\",\"type\":\"audio\/mpeg\",\"title\":\"CASTELL\\u00c0\",\"caption\":\"La cueva de la Fou de Bor\",\"description\":\"La cova de la Fou de Bor\",\"meta\":{\"album\":\"La cueva de la Fou de Bor\",\"year\":\"2021\",\"length_formatted\":\"0:48\"},\"image\":{\"src\":\"https:\/\/cerdanya.org\/wp-includes\/images\/media\/audio.svg\",\"width\":48,\"height\":64},\"thumb\":{\"src\":\"https:\/\/cerdanya.org\/wp-includes\/images\/media\/audio.svg\",\"width\":48,\"height\":64}}]}<\/script>\n<\/div>\n\t<\/div><\/div><br \/>\n<div id=\"av_player-3\" class=\"av-player av-player-container av-kwp1gaol-fc6c4040781e7dae89e9de85a5eabb3b avia-playerstyle-classic av_player-3  avia-builder-el-6  el_after_av_player  el_before_av_player  avia-playlist-no-loop avia-playlist-hide-cover\"><div class=\"av-player-player-container\"><div class=\"wp-playlist wp-audio-playlist wp-playlist-light\">\n\t\t\t<div class=\"wp-playlist-current-item\"><\/div>\n\t\t<audio controls=\"controls\" preload=\"none\" width=\"1478\"\n\t\t\t><\/audio>\n\t<div class=\"wp-playlist-next\"><\/div>\n\t<div class=\"wp-playlist-prev\"><\/div>\n\t<noscript>\n\t<ol>\n\t\t<li><a href='https:\/\/cerdanya.org\/wp-content\/uploads\/2022\/01\/la-cova-de-la-fou-de-bor-ENG.mp3'>ANGL\u00c8S<\/a><\/li>\t<\/ol>\n\t<\/noscript>\n\t<script type=\"application\/json\" class=\"wp-playlist-script\">{\"type\":\"audio\",\"tracklist\":true,\"tracknumbers\":true,\"images\":true,\"artists\":true,\"tracks\":[{\"src\":\"https:\/\/cerdanya.org\/wp-content\/uploads\/2022\/01\/la-cova-de-la-fou-de-bor-ENG.mp3\",\"type\":\"audio\/mpeg\",\"title\":\"ANGL\\u00c8S\",\"caption\":\"The Fou de Bor Cave\",\"description\":\"La cova de la Fou de Bor\",\"meta\":{\"album\":\"The Fou de Bor Cave\",\"year\":\"2021\",\"length_formatted\":\"0:57\"},\"image\":{\"src\":\"https:\/\/cerdanya.org\/wp-includes\/images\/media\/audio.svg\",\"width\":48,\"height\":64},\"thumb\":{\"src\":\"https:\/\/cerdanya.org\/wp-includes\/images\/media\/audio.svg\",\"width\":48,\"height\":64}}]}<\/script>\n<\/div>\n\t<\/div><\/div><br \/>\n<div id=\"av_player-4\" class=\"av-player av-player-container av-kwp1gaol-fc6c4040781e7dae89e9de85a5eabb3b avia-playerstyle-classic av_player-4  avia-builder-el-7  el_after_av_player  avia-builder-el-last  avia-playlist-no-loop avia-playlist-hide-cover\"><div class=\"av-player-player-container\"><div class=\"wp-playlist wp-audio-playlist wp-playlist-light\">\n\t\t\t<div class=\"wp-playlist-current-item\"><\/div>\n\t\t<audio controls=\"controls\" preload=\"none\" width=\"1478\"\n\t\t\t><\/audio>\n\t<div class=\"wp-playlist-next\"><\/div>\n\t<div class=\"wp-playlist-prev\"><\/div>\n\t<noscript>\n\t<ol>\n\t\t<li><a href='https:\/\/cerdanya.org\/wp-content\/uploads\/2022\/01\/la-cova-de-la-fou-de-bor-FR.mp3'>FRANC\u00c8S<\/a><\/li>\t<\/ol>\n\t<\/noscript>\n\t<script type=\"application\/json\" class=\"wp-playlist-script\">{\"type\":\"audio\",\"tracklist\":true,\"tracknumbers\":true,\"images\":true,\"artists\":true,\"tracks\":[{\"src\":\"https:\/\/cerdanya.org\/wp-content\/uploads\/2022\/01\/la-cova-de-la-fou-de-bor-FR.mp3\",\"type\":\"audio\/mpeg\",\"title\":\"FRANC\\u00c8S\",\"caption\":\"La grotte de la Fou de Bor\",\"description\":\"La cova de la Fou de Bor\",\"meta\":{\"album\":\"La grotte de la Fou de Bor\",\"year\":\"2021\",\"length_formatted\":\"0:53\"},\"image\":{\"src\":\"https:\/\/cerdanya.org\/wp-includes\/images\/media\/audio.svg\",\"width\":48,\"height\":64},\"thumb\":{\"src\":\"https:\/\/cerdanya.org\/wp-includes\/images\/media\/audio.svg\",\"width\":48,\"height\":64}}]}<\/script>\n<\/div>\n\t<\/div><\/div><\/p><\/div><\/p>\n","protected":false},"excerpt":{"rendered":"","protected":false},"author":7,"featured_media":24717,"parent":30363,"menu_order":90,"comment_status":"closed","ping_status":"closed","template":"","meta":{"footnotes":""},"class_list":["post-30554","page","type-page","status-publish","has-post-thumbnail","hentry"],"_links":{"self":[{"href":"https:\/\/cerdanya.org\/fr\/wp-json\/wp\/v2\/pages\/30554","targetHints":{"allow":["GET"]}}],"collection":[{"href":"https:\/\/cerdanya.org\/fr\/wp-json\/wp\/v2\/pages"}],"about":[{"href":"https:\/\/cerdanya.org\/fr\/wp-json\/wp\/v2\/types\/page"}],"author":[{"embeddable":true,"href":"https:\/\/cerdanya.org\/fr\/wp-json\/wp\/v2\/users\/7"}],"replies":[{"embeddable":true,"href":"https:\/\/cerdanya.org\/fr\/wp-json\/wp\/v2\/comments?post=30554"}],"version-history":[{"count":0,"href":"https:\/\/cerdanya.org\/fr\/wp-json\/wp\/v2\/pages\/30554\/revisions"}],"up":[{"embeddable":true,"href":"https:\/\/cerdanya.org\/fr\/wp-json\/wp\/v2\/pages\/30363"}],"wp:featuredmedia":[{"embeddable":true,"href":"https:\/\/cerdanya.org\/fr\/wp-json\/wp\/v2\/media\/24717"}],"wp:attachment":[{"href":"https:\/\/cerdanya.org\/fr\/wp-json\/wp\/v2\/media?parent=30554"}],"curies":[{"name":"wp","href":"https:\/\/api.w.org\/{rel}","templated":true}]}}