{"id":30548,"date":"2022-04-13T10:10:51","date_gmt":"2022-04-13T08:10:51","guid":{"rendered":"http:\/\/www.cerdanya.org\/legendes\/le-dragon-de-llivia\/"},"modified":"2022-04-28T13:47:01","modified_gmt":"2022-04-28T11:47:01","slug":"le-dragon-de-llivia","status":"publish","type":"page","link":"https:\/\/cerdanya.org\/fr\/decouvrir\/culture\/legendes\/le-dragon-de-llivia\/","title":{"rendered":"Le dragon de Llivia"},"content":{"rendered":"\n<style type=\"text\/css\" data-created_by=\"avia_inline_auto\" id=\"style-css-av-36rb4oj-ba4d95154227ed0d8a771e7152bf9e9e\">\n.flex_column.av-36rb4oj-ba4d95154227ed0d8a771e7152bf9e9e{\nborder-radius:0px 0px 0px 0px;\npadding:0px 0px 0px 0px;\n}\n<\/style>\n<div  class='flex_column av-36rb4oj-ba4d95154227ed0d8a771e7152bf9e9e av_one_half  avia-builder-el-0  el_before_av_one_half  avia-builder-el-first  first flex_column_div av-zero-column-padding  '     ><section  class='av_textblock_section av-ksyomoyl-25f1f3c8b1a0a9b03a6473be4799410f '   itemscope=\"itemscope\" itemtype=\"https:\/\/schema.org\/CreativeWork\" ><div class='avia_textblock'  itemprop=\"text\" ><p>Sur la colline de Ll\u00edvia, alors que l&rsquo;endroit n&rsquo;avait encore ni ch\u00e2teau ni nom, un dragon f\u00e9roce r\u00f4dait d\u00e9vorant le b\u00e9tail et les gens. Cela rendait la vie impossible \u00e0 ces contr\u00e9es, qui se d\u00e9peuplaient chaque jour davantage, car les rares qui pouvaient \u00e9chapper \u00e0 la f\u00e9rocit\u00e9 de ce monstre s&rsquo;enfuyaient pour se sauver. Ils ont \u00e9t\u00e9 sauv\u00e9 par un brave chevalier nomm\u00e9 Ll\u00edvia, qui est tomb\u00e9 amoureux de la terre. Muni d&rsquo;un immense bouclier, sur lequel \u00e9tait peinte une tr\u00e8s grande croix, et muni d&rsquo;une longue lance, il se rendit dans l&rsquo;antre de la b\u00eate, o\u00f9 d\u00e8s qu&rsquo;elle vit la croix, s&rsquo;apprivoisa et se laissa approcher du chevalier, qui l&rsquo;a facilement abattu. Une fois qu&rsquo;il avait tu\u00e9 le monstre, il a fait contruire un ch\u00e2teau au dessus de l&rsquo;antre de la b\u00eate. Le ch\u00e2teau, qui prit son nom, ainsi que la ville qui l&rsquo;entourait, construit par les m\u00eames personnes qui avaient fui le dragon, et un autre qui fut ajout\u00e9 plus tard.<\/p>\n<\/div><\/section><\/div>\n<style type=\"text\/css\" data-created_by=\"avia_inline_auto\" id=\"style-css-av-1ng0qsz-23c1aa3b7ae50c716d5e85aa47409484\">\n.flex_column.av-1ng0qsz-23c1aa3b7ae50c716d5e85aa47409484{\nborder-radius:0px 0px 0px 0px;\npadding:0px 0px 0px 0px;\n}\n<\/style>\n<div  class='flex_column av-1ng0qsz-23c1aa3b7ae50c716d5e85aa47409484 av_one_half  avia-builder-el-2  el_after_av_one_half  avia-builder-el-last  flex_column_div av-zero-column-padding  '     ><p>\n<style type=\"text\/css\" data-created_by=\"avia_inline_auto\" id=\"style-css-av-2gu4dcc-9c54f9c05fa4aa9f67057ba4278a3c67\">\n#top .av-special-heading.av-2gu4dcc-9c54f9c05fa4aa9f67057ba4278a3c67{\npadding-bottom:10px;\n}\nbody .av-special-heading.av-2gu4dcc-9c54f9c05fa4aa9f67057ba4278a3c67 .av-special-heading-tag .heading-char{\nfont-size:25px;\n}\n.av-special-heading.av-2gu4dcc-9c54f9c05fa4aa9f67057ba4278a3c67 .av-subheading{\nfont-size:15px;\n}\n<\/style>\n<div  class='av-special-heading av-2gu4dcc-9c54f9c05fa4aa9f67057ba4278a3c67 av-special-heading-h3  avia-builder-el-3  el_before_av_player  avia-builder-el-first '><h3 class='av-special-heading-tag '  itemprop=\"headline\"  >\u00c9coutez la l\u00e9gende<\/h3><div class=\"special-heading-border\"><div class=\"special-heading-inner-border\"><\/div><\/div><\/div><br \/>\n<div id=\"av_player-1\" class=\"av-player av-player-container av-kwp1gaol-fc6c4040781e7dae89e9de85a5eabb3b avia-playerstyle-classic av_player-1  avia-builder-el-4  el_after_av_heading  el_before_av_player  first avia-playlist-no-loop avia-playlist-hide-cover\"><div class=\"av-player-player-container\"><div class=\"wp-playlist wp-audio-playlist wp-playlist-light\">\n\t\t\t<div class=\"wp-playlist-current-item\"><\/div>\n\t\t<audio controls=\"controls\" preload=\"none\" width=\"1478\"\n\t\t\t><\/audio>\n\t<div class=\"wp-playlist-next\"><\/div>\n\t<div class=\"wp-playlist-prev\"><\/div>\n\t<noscript>\n\t<ol>\n\t\t<li><a href='https:\/\/cerdanya.org\/wp-content\/uploads\/2022\/01\/el-drac-de-llivia-CAT.mp3'>CATAL\u00c0<\/a><\/li>\t<\/ol>\n\t<\/noscript>\n\t<script type=\"application\/json\" class=\"wp-playlist-script\">{\"type\":\"audio\",\"tracklist\":true,\"tracknumbers\":true,\"images\":true,\"artists\":true,\"tracks\":[{\"src\":\"https:\/\/cerdanya.org\/wp-content\/uploads\/2022\/01\/el-drac-de-llivia-CAT.mp3\",\"type\":\"audio\/mpeg\",\"title\":\"CATAL\\u00c0\",\"caption\":\"El drac de Ll\\u00edvia\",\"description\":\"El drac de Ll\\u00edvia\",\"meta\":{\"album\":\"El drac de Ll\\u00edvia\",\"year\":\"2021\",\"length_formatted\":\"0:54\"},\"image\":{\"src\":\"https:\/\/cerdanya.org\/wp-includes\/images\/media\/audio.svg\",\"width\":48,\"height\":64},\"thumb\":{\"src\":\"https:\/\/cerdanya.org\/wp-includes\/images\/media\/audio.svg\",\"width\":48,\"height\":64}}]}<\/script>\n<\/div>\n\t<\/div><\/div><br \/>\n<div id=\"av_player-2\" class=\"av-player av-player-container av-kwp1gaol-fc6c4040781e7dae89e9de85a5eabb3b avia-playerstyle-classic av_player-2  avia-builder-el-5  el_after_av_player  el_before_av_player  avia-playlist-no-loop avia-playlist-hide-cover\"><div class=\"av-player-player-container\"><div class=\"wp-playlist wp-audio-playlist wp-playlist-light\">\n\t\t\t<div class=\"wp-playlist-current-item\"><\/div>\n\t\t<audio controls=\"controls\" preload=\"none\" width=\"1478\"\n\t\t\t><\/audio>\n\t<div class=\"wp-playlist-next\"><\/div>\n\t<div class=\"wp-playlist-prev\"><\/div>\n\t<noscript>\n\t<ol>\n\t\t<li><a href='https:\/\/cerdanya.org\/wp-content\/uploads\/2022\/01\/el-drac-de-llivia-ES.mp3'>CASTELL\u00c0<\/a><\/li>\t<\/ol>\n\t<\/noscript>\n\t<script type=\"application\/json\" class=\"wp-playlist-script\">{\"type\":\"audio\",\"tracklist\":true,\"tracknumbers\":true,\"images\":true,\"artists\":true,\"tracks\":[{\"src\":\"https:\/\/cerdanya.org\/wp-content\/uploads\/2022\/01\/el-drac-de-llivia-ES.mp3\",\"type\":\"audio\/mpeg\",\"title\":\"CASTELL\\u00c0\",\"caption\":\"El drag\\u00f3n de Ll\\u00edvia\",\"description\":\"El drac de Ll\\u00edvia\",\"meta\":{\"album\":\"El drag\\u00f3n de Ll\\u00edvia\",\"year\":\"2021\",\"length_formatted\":\"0:56\"},\"image\":{\"src\":\"https:\/\/cerdanya.org\/wp-includes\/images\/media\/audio.svg\",\"width\":48,\"height\":64},\"thumb\":{\"src\":\"https:\/\/cerdanya.org\/wp-includes\/images\/media\/audio.svg\",\"width\":48,\"height\":64}}]}<\/script>\n<\/div>\n\t<\/div><\/div><br \/>\n<div id=\"av_player-3\" class=\"av-player av-player-container av-kwp1gaol-fc6c4040781e7dae89e9de85a5eabb3b avia-playerstyle-classic av_player-3  avia-builder-el-6  el_after_av_player  el_before_av_player  avia-playlist-no-loop avia-playlist-hide-cover\"><div class=\"av-player-player-container\"><div class=\"wp-playlist wp-audio-playlist wp-playlist-light\">\n\t\t\t<div class=\"wp-playlist-current-item\"><\/div>\n\t\t<audio controls=\"controls\" preload=\"none\" width=\"1478\"\n\t\t\t><\/audio>\n\t<div class=\"wp-playlist-next\"><\/div>\n\t<div class=\"wp-playlist-prev\"><\/div>\n\t<noscript>\n\t<ol>\n\t\t<li><a href='https:\/\/cerdanya.org\/wp-content\/uploads\/2022\/01\/el-drac-de-llivia-ENG.mp3'>ANGL\u00c8S<\/a><\/li>\t<\/ol>\n\t<\/noscript>\n\t<script type=\"application\/json\" class=\"wp-playlist-script\">{\"type\":\"audio\",\"tracklist\":true,\"tracknumbers\":true,\"images\":true,\"artists\":true,\"tracks\":[{\"src\":\"https:\/\/cerdanya.org\/wp-content\/uploads\/2022\/01\/el-drac-de-llivia-ENG.mp3\",\"type\":\"audio\/mpeg\",\"title\":\"ANGL\\u00c8S\",\"caption\":\"The Ll\\u00edvia dragon\",\"description\":\"El drac de Ll\\u00edvia\",\"meta\":{\"album\":\"The Ll\\u00edvia dragon\",\"year\":\"2021\",\"length_formatted\":\"0:59\"},\"image\":{\"src\":\"https:\/\/cerdanya.org\/wp-includes\/images\/media\/audio.svg\",\"width\":48,\"height\":64},\"thumb\":{\"src\":\"https:\/\/cerdanya.org\/wp-includes\/images\/media\/audio.svg\",\"width\":48,\"height\":64}}]}<\/script>\n<\/div>\n\t<\/div><\/div><br \/>\n<div id=\"av_player-4\" class=\"av-player av-player-container av-kwp1gaol-fc6c4040781e7dae89e9de85a5eabb3b avia-playerstyle-classic av_player-4  avia-builder-el-7  el_after_av_player  avia-builder-el-last  avia-playlist-no-loop avia-playlist-hide-cover\"><div class=\"av-player-player-container\"><div class=\"wp-playlist wp-audio-playlist wp-playlist-light\">\n\t\t\t<div class=\"wp-playlist-current-item\"><\/div>\n\t\t<audio controls=\"controls\" preload=\"none\" width=\"1478\"\n\t\t\t><\/audio>\n\t<div class=\"wp-playlist-next\"><\/div>\n\t<div class=\"wp-playlist-prev\"><\/div>\n\t<noscript>\n\t<ol>\n\t\t<li><a href='https:\/\/cerdanya.org\/wp-content\/uploads\/2022\/01\/el-drac-de-llivia-FR.mp3'>FRANC\u00c8S<\/a><\/li>\t<\/ol>\n\t<\/noscript>\n\t<script type=\"application\/json\" class=\"wp-playlist-script\">{\"type\":\"audio\",\"tracklist\":true,\"tracknumbers\":true,\"images\":true,\"artists\":true,\"tracks\":[{\"src\":\"https:\/\/cerdanya.org\/wp-content\/uploads\/2022\/01\/el-drac-de-llivia-FR.mp3\",\"type\":\"audio\/mpeg\",\"title\":\"FRANC\\u00c8S\",\"caption\":\"Le dragon de Ll\\u00edvia\",\"description\":\"El drac de Ll\\u00edvia\",\"meta\":{\"album\":\"Le dragon de Ll\\u00edvia\",\"year\":\"2021\",\"length_formatted\":\"0:58\"},\"image\":{\"src\":\"https:\/\/cerdanya.org\/wp-includes\/images\/media\/audio.svg\",\"width\":48,\"height\":64},\"thumb\":{\"src\":\"https:\/\/cerdanya.org\/wp-includes\/images\/media\/audio.svg\",\"width\":48,\"height\":64}}]}<\/script>\n<\/div>\n\t<\/div><\/div><\/p><\/div><\/p>\n","protected":false},"excerpt":{"rendered":"","protected":false},"author":7,"featured_media":24769,"parent":30363,"menu_order":50,"comment_status":"closed","ping_status":"closed","template":"","meta":{"footnotes":""},"class_list":["post-30548","page","type-page","status-publish","has-post-thumbnail","hentry"],"_links":{"self":[{"href":"https:\/\/cerdanya.org\/fr\/wp-json\/wp\/v2\/pages\/30548","targetHints":{"allow":["GET"]}}],"collection":[{"href":"https:\/\/cerdanya.org\/fr\/wp-json\/wp\/v2\/pages"}],"about":[{"href":"https:\/\/cerdanya.org\/fr\/wp-json\/wp\/v2\/types\/page"}],"author":[{"embeddable":true,"href":"https:\/\/cerdanya.org\/fr\/wp-json\/wp\/v2\/users\/7"}],"replies":[{"embeddable":true,"href":"https:\/\/cerdanya.org\/fr\/wp-json\/wp\/v2\/comments?post=30548"}],"version-history":[{"count":0,"href":"https:\/\/cerdanya.org\/fr\/wp-json\/wp\/v2\/pages\/30548\/revisions"}],"up":[{"embeddable":true,"href":"https:\/\/cerdanya.org\/fr\/wp-json\/wp\/v2\/pages\/30363"}],"wp:featuredmedia":[{"embeddable":true,"href":"https:\/\/cerdanya.org\/fr\/wp-json\/wp\/v2\/media\/24769"}],"wp:attachment":[{"href":"https:\/\/cerdanya.org\/fr\/wp-json\/wp\/v2\/media?parent=30548"}],"curies":[{"name":"wp","href":"https:\/\/api.w.org\/{rel}","templated":true}]}}