{"id":30546,"date":"2022-04-13T10:09:43","date_gmt":"2022-04-13T08:09:43","guid":{"rendered":"http:\/\/www.cerdanya.org\/sant-cosme-i-sant-damia-de-queixans\/"},"modified":"2022-04-28T22:39:01","modified_gmt":"2022-04-28T20:39:01","slug":"sant-cosme-i-sant-damia-de-queixans","status":"publish","type":"page","link":"https:\/\/cerdanya.org\/fr\/que-faire\/tourisme-culturel\/patrimoine-culturel\/fontanals-de-cerdanya\/sant-cosme-i-sant-damia-de-queixans\/","title":{"rendered":"Sant Cosme i Sant Dami\u00e0 de Queixans"},"content":{"rendered":"\n<style type=\"text\/css\" data-created_by=\"avia_inline_auto\" id=\"style-css-av-36rb4oj-ba4d95154227ed0d8a771e7152bf9e9e\">\n.flex_column.av-36rb4oj-ba4d95154227ed0d8a771e7152bf9e9e{\nborder-radius:0px 0px 0px 0px;\npadding:0px 0px 0px 0px;\n}\n<\/style>\n<div  class='flex_column av-36rb4oj-ba4d95154227ed0d8a771e7152bf9e9e av_one_half  avia-builder-el-0  el_before_av_one_half  avia-builder-el-first  first flex_column_div av-zero-column-padding  '     ><p>\n<style type=\"text\/css\" data-created_by=\"avia_inline_auto\" id=\"style-css-av-1ha07c8-a4064599cc12c6783386108f479c2b8b\">\n#top .av-special-heading.av-1ha07c8-a4064599cc12c6783386108f479c2b8b{\npadding-bottom:10px;\n}\nbody .av-special-heading.av-1ha07c8-a4064599cc12c6783386108f479c2b8b .av-special-heading-tag .heading-char{\nfont-size:25px;\n}\n.av-special-heading.av-1ha07c8-a4064599cc12c6783386108f479c2b8b .av-subheading{\nfont-size:15px;\n}\n<\/style>\n<div  class='av-special-heading av-1ha07c8-a4064599cc12c6783386108f479c2b8b av-special-heading-h5  avia-builder-el-1  el_before_av_textblock  avia-builder-el-first '><h5 class='av-special-heading-tag '  itemprop=\"headline\"  >Description<\/h5><div class=\"special-heading-border\"><div class=\"special-heading-inner-border\"><\/div><\/div><\/div><br \/>\n<section  class='av_textblock_section av-ksyomoyl-25f1f3c8b1a0a9b03a6473be4799410f '   itemscope=\"itemscope\" itemtype=\"https:\/\/schema.org\/CreativeWork\" ><div class='avia_textblock'  itemprop=\"text\" ><p>La paroisse de Kexanos est mentionn\u00e9e dans l&rsquo;acte de cons\u00e9cration de la cath\u00e9drale d&rsquo;Urgell au Xe si\u00e8cle comme faisant partie de la baronnie d&rsquo;Urtx, avec Urtx et la seigneurie de la vall\u00e9e de Toses. En 1198, elle fut saccag\u00e9e par les hommes du vicomte Arnau de Castellb\u00f2, partisans de l&rsquo;h\u00e9r\u00e9sie cathare.<\/p>\n<p>C&rsquo;est un b\u00e2timent tr\u00e8s modifi\u00e9, entour\u00e9 par la cl\u00f4ture o\u00f9 se trouvait l&rsquo;ancien cimeti\u00e8re. Les parties les plus anciennes datent du XIe si\u00e8cle et font partie de la nef et de l&rsquo;abside semi-circulaire \u00e0 d\u00e9cor ext\u00e9rieur d&rsquo;arcatures lombardes avec une fen\u00eatre centrale \u00e0 double fente.<\/p>\n<p>L&rsquo;\u00e9difice est couvert d&rsquo;une vo\u00fbte en berceau et poss\u00e8de deux chapelles lat\u00e9rales construites plus tard qui forment une sorte de transept. Les anciens ouvrages sont conserv\u00e9s dans la porte \u00e0 l&rsquo;ouest et on peut lire l&rsquo;ann\u00e9e 1775, \u00e9poque de l&rsquo;importante r\u00e9novation de l&rsquo;\u00e9difice. La restauration r\u00e9cente a supprim\u00e9 la sacristie et le clocher en forme de tour, pr\u00e9servant le clocher \u00e0 deux yeux.<\/p>\n<p>Les reliques des saints martyrs sont v\u00e9n\u00e9r\u00e9es et dans le Mus\u00e9e dioc\u00e9sain d&rsquo;Urgell se trouve une petite coupe en m\u00e9tal argent\u00e9, du XVIIIe si\u00e8cle, qui en provient.<\/p>\n<\/div><\/section><\/p><\/div>\n<style type=\"text\/css\" data-created_by=\"avia_inline_auto\" id=\"style-css-av-2coqnf7-fe66bdd07c1c8428c9bfcd41c861e712\">\n.flex_column.av-2coqnf7-fe66bdd07c1c8428c9bfcd41c861e712{\nborder-radius:0px 0px 0px 0px;\npadding:0px 0px 0px 0px;\n}\n<\/style>\n<div  class='flex_column av-2coqnf7-fe66bdd07c1c8428c9bfcd41c861e712 av_one_half  avia-builder-el-3  el_after_av_one_half  el_before_av_one_full  flex_column_div av-zero-column-padding  '     ><style type=\"text\/css\" data-created_by=\"avia_inline_auto\" id=\"style-css-av-29ooh4j-422dbb2837cefdd642503f17555a7ea4\">\n#top .avia-gallery.av-29ooh4j-422dbb2837cefdd642503f17555a7ea4 .avia-gallery-thumb a{\nwidth:20%;\n}\n<\/style>\n<div  class='avia-gallery av-29ooh4j-422dbb2837cefdd642503f17555a7ea4 avia_animate_when_visible  avia-builder-el-4  avia-builder-el-no-sibling  avia_lazyload av-slideshow-ui av-loop-manual-endless av-control-hidden av-navigate-arrows av-navigate-dots hover-effect av-control-hidden avia-gallery-animate avia-gallery-1'  itemprop=\"image\" itemscope=\"itemscope\" itemtype=\"https:\/\/schema.org\/ImageObject\" ><meta itemprop=\"contentURL\" content=\"https:\/\/cerdanya.org\/fr\/que-faire\/tourisme-culturel\/patrimoine-culturel\/fontanals-de-cerdanya\/sant-cosme-i-sant-damia-de-queixans\/\"><div class='avia-gallery-big-wrapper'><a class='avia-gallery-big fakeLightbox lightbox avia-gallery-big-crop-thumb ' href=\"https:\/\/cerdanya.org\/wp-content\/uploads\/2021\/12\/sant-cosme-sant-damia-queixans--1030x687.jpg\" data-srcset=\"https:\/\/cerdanya.org\/wp-content\/uploads\/2021\/12\/sant-cosme-sant-damia-queixans--1030x687.jpg 1030w, https:\/\/cerdanya.org\/wp-content\/uploads\/2021\/12\/sant-cosme-sant-damia-queixans--300x200.jpg 300w, https:\/\/cerdanya.org\/wp-content\/uploads\/2021\/12\/sant-cosme-sant-damia-queixans--768x513.jpg 768w, https:\/\/cerdanya.org\/wp-content\/uploads\/2021\/12\/sant-cosme-sant-damia-queixans--705x470.jpg 705w, https:\/\/cerdanya.org\/wp-content\/uploads\/2021\/12\/sant-cosme-sant-damia-queixans-.jpg 1500w\" data-sizes=\"(max-width: 1030px) 100vw, 1030px\"  data-onclick='1' title='Sant Cosme i Sant Dami\u00e0 de Queixans' ><span class='avia-gallery-big-inner'  itemprop=\"thumbnailUrl\" ><img decoding=\"async\" fetchpriority=\"high\" class=\"wp-image-24155 avia-img-lazy-loading-not-24155\"  width=\"495\" height=\"400\" src=\"https:\/\/cerdanya.org\/wp-content\/uploads\/2021\/12\/sant-cosme-sant-damia-queixans--495x400.jpg\" title='11. FONTANALS- Sant Cosme i Sant Damia\u0300 de Queixans' alt='Sant Cosme i Sant Dami\u00e0 de Queixans' srcset=\"https:\/\/cerdanya.org\/wp-content\/uploads\/2021\/12\/sant-cosme-sant-damia-queixans--495x400.jpg 495w, https:\/\/cerdanya.org\/wp-content\/uploads\/2021\/12\/sant-cosme-sant-damia-queixans--845x684.jpg 845w\" sizes=\"(max-width: 495px) 100vw, 495px\" \/><span class='avia-gallery-caption'>Sant Cosme i Sant Dami\u00e0 de Queixans<\/span><\/span><\/a><\/div><div class='avia-gallery-thumb'><a href=\"https:\/\/cerdanya.org\/wp-content\/uploads\/2021\/12\/sant-cosme-sant-damia-queixans--1030x687.jpg\" data-srcset=\"https:\/\/cerdanya.org\/wp-content\/uploads\/2021\/12\/sant-cosme-sant-damia-queixans--1030x687.jpg 1030w, https:\/\/cerdanya.org\/wp-content\/uploads\/2021\/12\/sant-cosme-sant-damia-queixans--300x200.jpg 300w, https:\/\/cerdanya.org\/wp-content\/uploads\/2021\/12\/sant-cosme-sant-damia-queixans--768x513.jpg 768w, https:\/\/cerdanya.org\/wp-content\/uploads\/2021\/12\/sant-cosme-sant-damia-queixans--705x470.jpg 705w, https:\/\/cerdanya.org\/wp-content\/uploads\/2021\/12\/sant-cosme-sant-damia-queixans-.jpg 1500w\" data-sizes=\"(max-width: 1030px) 100vw, 1030px\" data-rel='gallery-1' data-prev-img='https:\/\/cerdanya.org\/wp-content\/uploads\/2021\/12\/sant-cosme-sant-damia-queixans--495x400.jpg' class='first_thumb lightbox ' data-onclick='1' title='Sant Cosme i Sant Dami\u00e0 de Queixans'  itemprop=\"thumbnailUrl\"  ><img decoding=\"async\" fetchpriority=\"high\" class=\"wp-image-24155 avia-img-lazy-loading-not-24155\"  data-avia-tooltip='Sant Cosme i Sant Dami\u00e0 de Queixans' src=\"https:\/\/cerdanya.org\/wp-content\/uploads\/2021\/12\/sant-cosme-sant-damia-queixans--495x400.jpg\" width=\"495\" height=\"400\"  title='11. FONTANALS- Sant Cosme i Sant Damia\u0300 de Queixans' alt='Sant Cosme i Sant Dami\u00e0 de Queixans' srcset=\"https:\/\/cerdanya.org\/wp-content\/uploads\/2021\/12\/sant-cosme-sant-damia-queixans--495x400.jpg 495w, https:\/\/cerdanya.org\/wp-content\/uploads\/2021\/12\/sant-cosme-sant-damia-queixans--845x684.jpg 845w\" sizes=\"(max-width: 495px) 100vw, 495px\" \/><div class='big-prev-fake'><img decoding=\"async\" loading=\"lazy\" class=\"wp-image-24155 avia-img-lazy-loading-24155\"  width=\"495\" height=\"400\" src=\"https:\/\/cerdanya.org\/wp-content\/uploads\/2021\/12\/sant-cosme-sant-damia-queixans--495x400.jpg\" title='11. FONTANALS- Sant Cosme i Sant Damia\u0300 de Queixans' alt='Sant Cosme i Sant Dami\u00e0 de Queixans' srcset=\"https:\/\/cerdanya.org\/wp-content\/uploads\/2021\/12\/sant-cosme-sant-damia-queixans--495x400.jpg 495w, https:\/\/cerdanya.org\/wp-content\/uploads\/2021\/12\/sant-cosme-sant-damia-queixans--845x684.jpg 845w\" sizes=\"auto, (max-width: 495px) 100vw, 495px\" \/><\/div><\/a><a href=\"https:\/\/cerdanya.org\/wp-content\/uploads\/2021\/12\/sant-cosme-sant-damia-queixans-altar-1030x687.jpg\" data-srcset=\"https:\/\/cerdanya.org\/wp-content\/uploads\/2021\/12\/sant-cosme-sant-damia-queixans-altar-1030x687.jpg 1030w, https:\/\/cerdanya.org\/wp-content\/uploads\/2021\/12\/sant-cosme-sant-damia-queixans-altar-300x200.jpg 300w, https:\/\/cerdanya.org\/wp-content\/uploads\/2021\/12\/sant-cosme-sant-damia-queixans-altar-768x513.jpg 768w, https:\/\/cerdanya.org\/wp-content\/uploads\/2021\/12\/sant-cosme-sant-damia-queixans-altar-705x470.jpg 705w, https:\/\/cerdanya.org\/wp-content\/uploads\/2021\/12\/sant-cosme-sant-damia-queixans-altar.jpg 1500w\" data-sizes=\"(max-width: 1030px) 100vw, 1030px\" data-rel='gallery-1' data-prev-img='https:\/\/cerdanya.org\/wp-content\/uploads\/2021\/12\/sant-cosme-sant-damia-queixans-altar-495x400.jpg' class='lightbox ' data-onclick='2' title='Sant Cosme i Sant Dami\u00e0 de Queixans'  itemprop=\"thumbnailUrl\"  ><img decoding=\"async\" fetchpriority=\"high\" class=\"wp-image-24157 avia-img-lazy-loading-not-24157\"  data-avia-tooltip='Sant Cosme i Sant Dami\u00e0 de Queixans' src=\"https:\/\/cerdanya.org\/wp-content\/uploads\/2021\/12\/sant-cosme-sant-damia-queixans-altar-495x400.jpg\" width=\"495\" height=\"400\"  title='11. FONTANALS- Sant Cosme i Sant Damia\u0300 de Queixans' alt='Sant Cosme i Sant Dami\u00e0 de Queixans' srcset=\"https:\/\/cerdanya.org\/wp-content\/uploads\/2021\/12\/sant-cosme-sant-damia-queixans-altar-495x400.jpg 495w, https:\/\/cerdanya.org\/wp-content\/uploads\/2021\/12\/sant-cosme-sant-damia-queixans-altar-845x684.jpg 845w\" sizes=\"(max-width: 495px) 100vw, 495px\" \/><div class='big-prev-fake'><img decoding=\"async\" loading=\"lazy\" class=\"wp-image-24157 avia-img-lazy-loading-24157\"  width=\"495\" height=\"400\" src=\"https:\/\/cerdanya.org\/wp-content\/uploads\/2021\/12\/sant-cosme-sant-damia-queixans-altar-495x400.jpg\" title='11. FONTANALS- Sant Cosme i Sant Damia\u0300 de Queixans' alt='Sant Cosme i Sant Dami\u00e0 de Queixans' srcset=\"https:\/\/cerdanya.org\/wp-content\/uploads\/2021\/12\/sant-cosme-sant-damia-queixans-altar-495x400.jpg 495w, https:\/\/cerdanya.org\/wp-content\/uploads\/2021\/12\/sant-cosme-sant-damia-queixans-altar-845x684.jpg 845w\" sizes=\"auto, (max-width: 495px) 100vw, 495px\" \/><\/div><\/a><a href=\"https:\/\/cerdanya.org\/wp-content\/uploads\/2021\/12\/sant-cosme-sant-damia-queixans-bancs-1030x687.jpg\" data-srcset=\"https:\/\/cerdanya.org\/wp-content\/uploads\/2021\/12\/sant-cosme-sant-damia-queixans-bancs-1030x687.jpg 1030w, https:\/\/cerdanya.org\/wp-content\/uploads\/2021\/12\/sant-cosme-sant-damia-queixans-bancs-300x200.jpg 300w, https:\/\/cerdanya.org\/wp-content\/uploads\/2021\/12\/sant-cosme-sant-damia-queixans-bancs-768x513.jpg 768w, https:\/\/cerdanya.org\/wp-content\/uploads\/2021\/12\/sant-cosme-sant-damia-queixans-bancs-705x470.jpg 705w, https:\/\/cerdanya.org\/wp-content\/uploads\/2021\/12\/sant-cosme-sant-damia-queixans-bancs.jpg 1500w\" data-sizes=\"(max-width: 1030px) 100vw, 1030px\" data-rel='gallery-1' data-prev-img='https:\/\/cerdanya.org\/wp-content\/uploads\/2021\/12\/sant-cosme-sant-damia-queixans-bancs-495x400.jpg' class='lightbox ' data-onclick='3' title='Sant Cosme i Sant Dami\u00e0 de Queixans'  itemprop=\"thumbnailUrl\"  ><img decoding=\"async\" fetchpriority=\"high\" class=\"wp-image-24159 avia-img-lazy-loading-not-24159\"  data-avia-tooltip='Sant Cosme i Sant Dami\u00e0 de Queixans' src=\"https:\/\/cerdanya.org\/wp-content\/uploads\/2021\/12\/sant-cosme-sant-damia-queixans-bancs-495x400.jpg\" width=\"495\" height=\"400\"  title='11. FONTANALS- Sant Cosme i Sant Damia\u0300 de Queixans' alt='Sant Cosme i Sant Dami\u00e0 de Queixans' srcset=\"https:\/\/cerdanya.org\/wp-content\/uploads\/2021\/12\/sant-cosme-sant-damia-queixans-bancs-495x400.jpg 495w, https:\/\/cerdanya.org\/wp-content\/uploads\/2021\/12\/sant-cosme-sant-damia-queixans-bancs-845x684.jpg 845w\" sizes=\"(max-width: 495px) 100vw, 495px\" \/><div class='big-prev-fake'><img decoding=\"async\" loading=\"lazy\" class=\"wp-image-24159 avia-img-lazy-loading-24159\"  width=\"495\" height=\"400\" src=\"https:\/\/cerdanya.org\/wp-content\/uploads\/2021\/12\/sant-cosme-sant-damia-queixans-bancs-495x400.jpg\" title='11. FONTANALS- Sant Cosme i Sant Damia\u0300 de Queixans' alt='Sant Cosme i Sant Dami\u00e0 de Queixans' srcset=\"https:\/\/cerdanya.org\/wp-content\/uploads\/2021\/12\/sant-cosme-sant-damia-queixans-bancs-495x400.jpg 495w, https:\/\/cerdanya.org\/wp-content\/uploads\/2021\/12\/sant-cosme-sant-damia-queixans-bancs-845x684.jpg 845w\" sizes=\"auto, (max-width: 495px) 100vw, 495px\" \/><\/div><\/a><a href=\"https:\/\/cerdanya.org\/wp-content\/uploads\/2021\/12\/sant-cosme-sant-damia-queixans-moble-1030x687.jpg\" data-srcset=\"https:\/\/cerdanya.org\/wp-content\/uploads\/2021\/12\/sant-cosme-sant-damia-queixans-moble-1030x687.jpg 1030w, https:\/\/cerdanya.org\/wp-content\/uploads\/2021\/12\/sant-cosme-sant-damia-queixans-moble-300x200.jpg 300w, https:\/\/cerdanya.org\/wp-content\/uploads\/2021\/12\/sant-cosme-sant-damia-queixans-moble-768x513.jpg 768w, https:\/\/cerdanya.org\/wp-content\/uploads\/2021\/12\/sant-cosme-sant-damia-queixans-moble-705x470.jpg 705w, https:\/\/cerdanya.org\/wp-content\/uploads\/2021\/12\/sant-cosme-sant-damia-queixans-moble.jpg 1500w\" data-sizes=\"(max-width: 1030px) 100vw, 1030px\" data-rel='gallery-1' data-prev-img='https:\/\/cerdanya.org\/wp-content\/uploads\/2021\/12\/sant-cosme-sant-damia-queixans-moble-495x400.jpg' class='lightbox ' data-onclick='4' title='Sant Cosme i Sant Dami\u00e0 de Queixans'  itemprop=\"thumbnailUrl\"  ><img decoding=\"async\" fetchpriority=\"high\" class=\"wp-image-24161 avia-img-lazy-loading-not-24161\"  data-avia-tooltip='Sant Cosme i Sant Dami\u00e0 de Queixans' src=\"https:\/\/cerdanya.org\/wp-content\/uploads\/2021\/12\/sant-cosme-sant-damia-queixans-moble-495x400.jpg\" width=\"495\" height=\"400\"  title='11. FONTANALS- Sant Cosme i Sant Damia\u0300 de Queixans' alt='Sant Cosme i Sant Dami\u00e0 de Queixans' srcset=\"https:\/\/cerdanya.org\/wp-content\/uploads\/2021\/12\/sant-cosme-sant-damia-queixans-moble-495x400.jpg 495w, https:\/\/cerdanya.org\/wp-content\/uploads\/2021\/12\/sant-cosme-sant-damia-queixans-moble-845x684.jpg 845w\" sizes=\"(max-width: 495px) 100vw, 495px\" \/><div class='big-prev-fake'><img decoding=\"async\" loading=\"lazy\" class=\"wp-image-24161 avia-img-lazy-loading-24161\"  width=\"495\" height=\"400\" src=\"https:\/\/cerdanya.org\/wp-content\/uploads\/2021\/12\/sant-cosme-sant-damia-queixans-moble-495x400.jpg\" title='11. FONTANALS- Sant Cosme i Sant Damia\u0300 de Queixans' alt='Sant Cosme i Sant Dami\u00e0 de Queixans' srcset=\"https:\/\/cerdanya.org\/wp-content\/uploads\/2021\/12\/sant-cosme-sant-damia-queixans-moble-495x400.jpg 495w, https:\/\/cerdanya.org\/wp-content\/uploads\/2021\/12\/sant-cosme-sant-damia-queixans-moble-845x684.jpg 845w\" sizes=\"auto, (max-width: 495px) 100vw, 495px\" \/><\/div><\/a><a href=\"https:\/\/cerdanya.org\/wp-content\/uploads\/2021\/12\/sant-cosme-sant-damia-queixans-cor-1030x687.jpg\" data-srcset=\"https:\/\/cerdanya.org\/wp-content\/uploads\/2021\/12\/sant-cosme-sant-damia-queixans-cor-1030x687.jpg 1030w, https:\/\/cerdanya.org\/wp-content\/uploads\/2021\/12\/sant-cosme-sant-damia-queixans-cor-300x200.jpg 300w, https:\/\/cerdanya.org\/wp-content\/uploads\/2021\/12\/sant-cosme-sant-damia-queixans-cor-768x513.jpg 768w, https:\/\/cerdanya.org\/wp-content\/uploads\/2021\/12\/sant-cosme-sant-damia-queixans-cor-705x470.jpg 705w, https:\/\/cerdanya.org\/wp-content\/uploads\/2021\/12\/sant-cosme-sant-damia-queixans-cor.jpg 1500w\" data-sizes=\"(max-width: 1030px) 100vw, 1030px\" data-rel='gallery-1' data-prev-img='https:\/\/cerdanya.org\/wp-content\/uploads\/2021\/12\/sant-cosme-sant-damia-queixans-cor-495x400.jpg' class='lightbox ' data-onclick='5' title='Sant Cosme i Sant Dami\u00e0 de Queixans'  itemprop=\"thumbnailUrl\"  ><img decoding=\"async\" fetchpriority=\"high\" class=\"wp-image-24163 avia-img-lazy-loading-not-24163\"  data-avia-tooltip='Sant Cosme i Sant Dami\u00e0 de Queixans' src=\"https:\/\/cerdanya.org\/wp-content\/uploads\/2021\/12\/sant-cosme-sant-damia-queixans-cor-495x400.jpg\" width=\"495\" height=\"400\"  title='11. FONTANALS- Sant Cosme i Sant Damia\u0300 de Queixans' alt='Sant Cosme i Sant Dami\u00e0 de Queixans' srcset=\"https:\/\/cerdanya.org\/wp-content\/uploads\/2021\/12\/sant-cosme-sant-damia-queixans-cor-495x400.jpg 495w, https:\/\/cerdanya.org\/wp-content\/uploads\/2021\/12\/sant-cosme-sant-damia-queixans-cor-845x684.jpg 845w\" sizes=\"(max-width: 495px) 100vw, 495px\" \/><div class='big-prev-fake'><img decoding=\"async\" loading=\"lazy\" class=\"wp-image-24163 avia-img-lazy-loading-24163\"  width=\"495\" height=\"400\" src=\"https:\/\/cerdanya.org\/wp-content\/uploads\/2021\/12\/sant-cosme-sant-damia-queixans-cor-495x400.jpg\" title='11. FONTANALS- Sant Cosme i Sant Damia\u0300 de Queixans' alt='Sant Cosme i Sant Dami\u00e0 de Queixans' srcset=\"https:\/\/cerdanya.org\/wp-content\/uploads\/2021\/12\/sant-cosme-sant-damia-queixans-cor-495x400.jpg 495w, https:\/\/cerdanya.org\/wp-content\/uploads\/2021\/12\/sant-cosme-sant-damia-queixans-cor-845x684.jpg 845w\" sizes=\"auto, (max-width: 495px) 100vw, 495px\" \/><\/div><\/a><a href=\"https:\/\/cerdanya.org\/wp-content\/uploads\/2021\/12\/sant-cosme-sant-damia-queixans-pica-1030x687.jpg\" data-srcset=\"https:\/\/cerdanya.org\/wp-content\/uploads\/2021\/12\/sant-cosme-sant-damia-queixans-pica-1030x687.jpg 1030w, https:\/\/cerdanya.org\/wp-content\/uploads\/2021\/12\/sant-cosme-sant-damia-queixans-pica-300x200.jpg 300w, https:\/\/cerdanya.org\/wp-content\/uploads\/2021\/12\/sant-cosme-sant-damia-queixans-pica-768x513.jpg 768w, https:\/\/cerdanya.org\/wp-content\/uploads\/2021\/12\/sant-cosme-sant-damia-queixans-pica-705x470.jpg 705w, https:\/\/cerdanya.org\/wp-content\/uploads\/2021\/12\/sant-cosme-sant-damia-queixans-pica.jpg 1500w\" data-sizes=\"(max-width: 1030px) 100vw, 1030px\" data-rel='gallery-1' data-prev-img='https:\/\/cerdanya.org\/wp-content\/uploads\/2021\/12\/sant-cosme-sant-damia-queixans-pica-495x400.jpg' class='first_thumb lightbox ' data-onclick='6' title='Coordeanes UTM: 31T 411251 4694587'  itemprop=\"thumbnailUrl\"  ><img decoding=\"async\" fetchpriority=\"high\" class=\"wp-image-24165 avia-img-lazy-loading-not-24165\"  data-avia-tooltip='Coordeanes UTM: 31T 411251 4694587' src=\"https:\/\/cerdanya.org\/wp-content\/uploads\/2021\/12\/sant-cosme-sant-damia-queixans-pica-495x400.jpg\" width=\"495\" height=\"400\"  title='11. FONTANALS- Sant Cosme i Sant Damia\u0300 de Queixans' alt='Sant Cosme i Sant Dami\u00e0 de Queixans' srcset=\"https:\/\/cerdanya.org\/wp-content\/uploads\/2021\/12\/sant-cosme-sant-damia-queixans-pica-495x400.jpg 495w, https:\/\/cerdanya.org\/wp-content\/uploads\/2021\/12\/sant-cosme-sant-damia-queixans-pica-845x684.jpg 845w\" sizes=\"(max-width: 495px) 100vw, 495px\" \/><div class='big-prev-fake'><img decoding=\"async\" loading=\"lazy\" class=\"wp-image-24165 avia-img-lazy-loading-24165\"  width=\"495\" height=\"400\" src=\"https:\/\/cerdanya.org\/wp-content\/uploads\/2021\/12\/sant-cosme-sant-damia-queixans-pica-495x400.jpg\" title='11. FONTANALS- Sant Cosme i Sant Damia\u0300 de Queixans' alt='Sant Cosme i Sant Dami\u00e0 de Queixans' srcset=\"https:\/\/cerdanya.org\/wp-content\/uploads\/2021\/12\/sant-cosme-sant-damia-queixans-pica-495x400.jpg 495w, https:\/\/cerdanya.org\/wp-content\/uploads\/2021\/12\/sant-cosme-sant-damia-queixans-pica-845x684.jpg 845w\" sizes=\"auto, (max-width: 495px) 100vw, 495px\" \/><\/div><\/a><a href=\"https:\/\/cerdanya.org\/wp-content\/uploads\/2021\/12\/sant-cosme-sant-damia-queixans-aigua-1030x687.jpg\" data-srcset=\"https:\/\/cerdanya.org\/wp-content\/uploads\/2021\/12\/sant-cosme-sant-damia-queixans-aigua-1030x687.jpg 1030w, https:\/\/cerdanya.org\/wp-content\/uploads\/2021\/12\/sant-cosme-sant-damia-queixans-aigua-300x200.jpg 300w, https:\/\/cerdanya.org\/wp-content\/uploads\/2021\/12\/sant-cosme-sant-damia-queixans-aigua-768x513.jpg 768w, https:\/\/cerdanya.org\/wp-content\/uploads\/2021\/12\/sant-cosme-sant-damia-queixans-aigua-705x470.jpg 705w, https:\/\/cerdanya.org\/wp-content\/uploads\/2021\/12\/sant-cosme-sant-damia-queixans-aigua.jpg 1500w\" data-sizes=\"(max-width: 1030px) 100vw, 1030px\" data-rel='gallery-1' data-prev-img='https:\/\/cerdanya.org\/wp-content\/uploads\/2021\/12\/sant-cosme-sant-damia-queixans-aigua-495x400.jpg' class='lightbox ' data-onclick='7' title='Sant Cosme i Sant Dami\u00e0 de Queixans'  itemprop=\"thumbnailUrl\"  ><img decoding=\"async\" fetchpriority=\"high\" class=\"wp-image-24167 avia-img-lazy-loading-not-24167\"  data-avia-tooltip='Sant Cosme i Sant Dami\u00e0 de Queixans' src=\"https:\/\/cerdanya.org\/wp-content\/uploads\/2021\/12\/sant-cosme-sant-damia-queixans-aigua-495x400.jpg\" width=\"495\" height=\"400\"  title='11. FONTANALS- Sant Cosme i Sant Damia\u0300 de Queixans' alt='Sant Cosme i Sant Dami\u00e0 de Queixans' srcset=\"https:\/\/cerdanya.org\/wp-content\/uploads\/2021\/12\/sant-cosme-sant-damia-queixans-aigua-495x400.jpg 495w, https:\/\/cerdanya.org\/wp-content\/uploads\/2021\/12\/sant-cosme-sant-damia-queixans-aigua-845x684.jpg 845w\" sizes=\"(max-width: 495px) 100vw, 495px\" \/><div class='big-prev-fake'><img decoding=\"async\" loading=\"lazy\" class=\"wp-image-24167 avia-img-lazy-loading-24167\"  width=\"495\" height=\"400\" src=\"https:\/\/cerdanya.org\/wp-content\/uploads\/2021\/12\/sant-cosme-sant-damia-queixans-aigua-495x400.jpg\" title='11. FONTANALS- Sant Cosme i Sant Damia\u0300 de Queixans' alt='Sant Cosme i Sant Dami\u00e0 de Queixans' srcset=\"https:\/\/cerdanya.org\/wp-content\/uploads\/2021\/12\/sant-cosme-sant-damia-queixans-aigua-495x400.jpg 495w, https:\/\/cerdanya.org\/wp-content\/uploads\/2021\/12\/sant-cosme-sant-damia-queixans-aigua-845x684.jpg 845w\" sizes=\"auto, (max-width: 495px) 100vw, 495px\" \/><\/div><\/a><\/div><\/div><\/div>\n<style type=\"text\/css\" data-created_by=\"avia_inline_auto\" id=\"style-css-av-13qih77-00e4eae9d0b6c138f9ba0e0aa3d8fb95\">\n.flex_column.av-13qih77-00e4eae9d0b6c138f9ba0e0aa3d8fb95{\nborder-radius:0px 0px 0px 0px;\npadding:0px 0px 0px 0px;\n}\n<\/style>\n<div  class='flex_column av-13qih77-00e4eae9d0b6c138f9ba0e0aa3d8fb95 av_one_full  avia-builder-el-5  el_after_av_one_half  el_before_av_one_half  first flex_column_div av-zero-column-padding  column-top-margin'     ><style type=\"text\/css\" data-created_by=\"avia_inline_auto\" id=\"style-css-av-kwp2dp8f-f55138033d46035ff7ae47226ad7fa00\">\n#top .hr.hr-invisible.av-kwp2dp8f-f55138033d46035ff7ae47226ad7fa00{\nheight:20px;\n}\n<\/style>\n<div  class='hr av-kwp2dp8f-f55138033d46035ff7ae47226ad7fa00 hr-invisible  avia-builder-el-6  avia-builder-el-no-sibling '><span class='hr-inner '><span class=\"hr-inner-style\"><\/span><\/span><\/div><\/div><\/p>\n\n<style type=\"text\/css\" data-created_by=\"avia_inline_auto\" id=\"style-css-av-15q4xag-ca9e72bb9a67484fb1c61a2dfba276b4\">\n.flex_column.av-15q4xag-ca9e72bb9a67484fb1c61a2dfba276b4{\nborder-radius:0px 0px 0px 0px;\npadding:0px 0px 0px 0px;\n}\n<\/style>\n<div  class='flex_column av-15q4xag-ca9e72bb9a67484fb1c61a2dfba276b4 av_one_half  avia-builder-el-7  el_after_av_one_full  avia-builder-el-last  first flex_column_div av-zero-column-padding  column-top-margin'     ><p>\n<style type=\"text\/css\" data-created_by=\"avia_inline_auto\" id=\"style-css-av-vqy414-d5b390b5d25ceaf13f10db676140ec2c\">\n#top .av-special-heading.av-vqy414-d5b390b5d25ceaf13f10db676140ec2c{\npadding-bottom:10px;\n}\nbody .av-special-heading.av-vqy414-d5b390b5d25ceaf13f10db676140ec2c .av-special-heading-tag .heading-char{\nfont-size:25px;\n}\n.av-special-heading.av-vqy414-d5b390b5d25ceaf13f10db676140ec2c .av-subheading{\nfont-size:15px;\n}\n<\/style>\n<div  class='av-special-heading av-vqy414-d5b390b5d25ceaf13f10db676140ec2c av-special-heading-h5  avia-builder-el-8  el_before_av_image  avia-builder-el-first '><h5 class='av-special-heading-tag '  itemprop=\"headline\"  >Plan et section<\/h5><div class=\"special-heading-border\"><div class=\"special-heading-inner-border\"><\/div><\/div><\/div><br \/>\n\n<style type=\"text\/css\" data-created_by=\"avia_inline_auto\" id=\"style-css-av-kxq4ptq5-094dcb28ed118d137e6453d93f2a7751\">\n.avia-image-container.av-kxq4ptq5-094dcb28ed118d137e6453d93f2a7751 img.avia_image{\nbox-shadow:none;\n}\n.avia-image-container.av-kxq4ptq5-094dcb28ed118d137e6453d93f2a7751 .av-image-caption-overlay-center{\ncolor:#ffffff;\n}\n<\/style>\n<div  class='avia-image-container av-kxq4ptq5-094dcb28ed118d137e6453d93f2a7751 av-styling- avia-align-center  avia-builder-el-9  el_after_av_heading  avia-builder-el-last '   itemprop=\"image\" itemscope=\"itemscope\" itemtype=\"https:\/\/schema.org\/ImageObject\" ><div class=\"avia-image-container-inner\"><div class=\"avia-image-overlay-wrap\"><img decoding=\"async\" fetchpriority=\"high\" class='wp-image-24153 avia-img-lazy-loading-not-24153 avia_image ' src=\"https:\/\/cerdanya.org\/wp-content\/uploads\/2021\/12\/sant-cosme-sant-damia-Queixans.jpg\" alt='Sant Cosme i Sant Dami\u00e0 de Queixans' title='sant-cosme-sant-damia-Queixans'  height=\"828\" width=\"1017\"  itemprop=\"thumbnailUrl\" srcset=\"https:\/\/cerdanya.org\/wp-content\/uploads\/2021\/12\/sant-cosme-sant-damia-Queixans.jpg 1017w, https:\/\/cerdanya.org\/wp-content\/uploads\/2021\/12\/sant-cosme-sant-damia-Queixans-300x244.jpg 300w, https:\/\/cerdanya.org\/wp-content\/uploads\/2021\/12\/sant-cosme-sant-damia-Queixans-768x625.jpg 768w, https:\/\/cerdanya.org\/wp-content\/uploads\/2021\/12\/sant-cosme-sant-damia-Queixans-705x574.jpg 705w\" sizes=\"(max-width: 1017px) 100vw, 1017px\" \/><\/div><\/div><\/div><\/p><\/div>\n","protected":false},"excerpt":{"rendered":"","protected":false},"author":3,"featured_media":23243,"parent":30639,"menu_order":20,"comment_status":"closed","ping_status":"closed","template":"","meta":{"footnotes":""},"class_list":["post-30546","page","type-page","status-publish","has-post-thumbnail","hentry"],"_links":{"self":[{"href":"https:\/\/cerdanya.org\/fr\/wp-json\/wp\/v2\/pages\/30546","targetHints":{"allow":["GET"]}}],"collection":[{"href":"https:\/\/cerdanya.org\/fr\/wp-json\/wp\/v2\/pages"}],"about":[{"href":"https:\/\/cerdanya.org\/fr\/wp-json\/wp\/v2\/types\/page"}],"author":[{"embeddable":true,"href":"https:\/\/cerdanya.org\/fr\/wp-json\/wp\/v2\/users\/3"}],"replies":[{"embeddable":true,"href":"https:\/\/cerdanya.org\/fr\/wp-json\/wp\/v2\/comments?post=30546"}],"version-history":[{"count":0,"href":"https:\/\/cerdanya.org\/fr\/wp-json\/wp\/v2\/pages\/30546\/revisions"}],"up":[{"embeddable":true,"href":"https:\/\/cerdanya.org\/fr\/wp-json\/wp\/v2\/pages\/30639"}],"wp:featuredmedia":[{"embeddable":true,"href":"https:\/\/cerdanya.org\/fr\/wp-json\/wp\/v2\/media\/23243"}],"wp:attachment":[{"href":"https:\/\/cerdanya.org\/fr\/wp-json\/wp\/v2\/media?parent=30546"}],"curies":[{"name":"wp","href":"https:\/\/api.w.org\/{rel}","templated":true}]}}