{"id":30541,"date":"2022-04-13T10:01:39","date_gmt":"2022-04-13T08:01:39","guid":{"rendered":"http:\/\/www.cerdanya.org\/sant-marti-durtx\/"},"modified":"2022-04-28T22:39:21","modified_gmt":"2022-04-28T20:39:21","slug":"sant-marti-durtx","status":"publish","type":"page","link":"https:\/\/cerdanya.org\/fr\/que-faire\/tourisme-culturel\/patrimoine-culturel\/fontanals-de-cerdanya\/sant-marti-durtx\/","title":{"rendered":"Sant Mart\u00ed d&rsquo;Urtx"},"content":{"rendered":"\n<style type=\"text\/css\" data-created_by=\"avia_inline_auto\" id=\"style-css-av-36rb4oj-ba4d95154227ed0d8a771e7152bf9e9e\">\n.flex_column.av-36rb4oj-ba4d95154227ed0d8a771e7152bf9e9e{\nborder-radius:0px 0px 0px 0px;\npadding:0px 0px 0px 0px;\n}\n<\/style>\n<div  class='flex_column av-36rb4oj-ba4d95154227ed0d8a771e7152bf9e9e av_one_half  avia-builder-el-0  el_before_av_one_half  avia-builder-el-first  first flex_column_div av-zero-column-padding  '     ><p>\n<style type=\"text\/css\" data-created_by=\"avia_inline_auto\" id=\"style-css-av-1igxk26-66886d60d9e1c11c70dfeecd900e9c0d\">\n#top .av-special-heading.av-1igxk26-66886d60d9e1c11c70dfeecd900e9c0d{\npadding-bottom:10px;\n}\nbody .av-special-heading.av-1igxk26-66886d60d9e1c11c70dfeecd900e9c0d .av-special-heading-tag .heading-char{\nfont-size:25px;\n}\n.av-special-heading.av-1igxk26-66886d60d9e1c11c70dfeecd900e9c0d .av-subheading{\nfont-size:15px;\n}\n<\/style>\n<div  class='av-special-heading av-1igxk26-66886d60d9e1c11c70dfeecd900e9c0d av-special-heading-h5  avia-builder-el-1  el_before_av_textblock  avia-builder-el-first '><h5 class='av-special-heading-tag '  itemprop=\"headline\"  >Description<\/h5><div class=\"special-heading-border\"><div class=\"special-heading-inner-border\"><\/div><\/div><\/div><br \/>\n<section  class='av_textblock_section av-ksyomoyl-25f1f3c8b1a0a9b03a6473be4799410f '   itemscope=\"itemscope\" itemtype=\"https:\/\/schema.org\/CreativeWork\" ><div class='avia_textblock'  itemprop=\"text\" ><p>L&rsquo;\u00e9glise de Sant Mart\u00ed d&rsquo;Urtx est document\u00e9e depuis 1119 lorsque l&rsquo;\u00e9v\u00eaque Ot d&rsquo;Urgell en fit don au prieur\u00e9 de Santa Maria de Serrabona \u00e0 Rossell\u00f3. En 1151, elle fut consacr\u00e9e par l&rsquo;\u00e9v\u00eaque Bernat.<\/p>\n<p>L&rsquo;\u00e9difice du XIIe si\u00e8cle \u00e9tait de conception simple avec une nef et une abside semi-circulaire \u00e0 l&rsquo;est. On distingue aujourd&rsquo;hui l&rsquo;abside, le mur du frontispice visible derri\u00e8re la construction du clocher et le portail. La nef est modifi\u00e9e avec trois chapelles lat\u00e9rales, la sacristie et un clocher \u00e0 l&rsquo;ouest sous lequel s&rsquo;ouvre la porte d&rsquo;acc\u00e8s.<\/p>\n<p>Le portail, qui se trouvait \u00e0 l&rsquo;origine sur le mur sud, conserve les deux archivoltes en granit d\u00e9cor\u00e9es de t\u00eates d&rsquo;hommes, d&rsquo;animaux et de g\u00e9om\u00e9tries.<\/p>\n<p>Le village appartenait \u00e0 la famille Urg, l&rsquo;une des plus importantes de Cerdagne au Haut Moyen \u00c2ge, qui s&rsquo;est \u00e9teinte au XIVe si\u00e8cle. En 1316, les ex\u00e9cuteurs testamentaires du dernier baron d&rsquo;Urtx vendirent Urtx, Das Salt\u00e8guet au roi.<\/p>\n<\/div><\/section><\/p><\/div>\n<style type=\"text\/css\" data-created_by=\"avia_inline_auto\" id=\"style-css-av-2coqnf7-fe66bdd07c1c8428c9bfcd41c861e712\">\n.flex_column.av-2coqnf7-fe66bdd07c1c8428c9bfcd41c861e712{\nborder-radius:0px 0px 0px 0px;\npadding:0px 0px 0px 0px;\n}\n<\/style>\n<div  class='flex_column av-2coqnf7-fe66bdd07c1c8428c9bfcd41c861e712 av_one_half  avia-builder-el-3  el_after_av_one_half  el_before_av_one_full  flex_column_div av-zero-column-padding  '     ><style type=\"text\/css\" data-created_by=\"avia_inline_auto\" id=\"style-css-av-29ooh4j-3cab2655f309ded57cee8e81d9059649\">\n#top .avia-gallery.av-29ooh4j-3cab2655f309ded57cee8e81d9059649 .avia-gallery-thumb a{\nwidth:20%;\n}\n<\/style>\n<div  class='avia-gallery av-29ooh4j-3cab2655f309ded57cee8e81d9059649 avia_animate_when_visible  avia-builder-el-4  avia-builder-el-no-sibling  avia_lazyload av-slideshow-ui av-loop-manual-endless av-control-hidden av-navigate-arrows av-navigate-dots hover-effect av-control-hidden avia-gallery-animate avia-gallery-1'  itemprop=\"image\" itemscope=\"itemscope\" itemtype=\"https:\/\/schema.org\/ImageObject\" ><meta itemprop=\"contentURL\" content=\"https:\/\/cerdanya.org\/fr\/que-faire\/tourisme-culturel\/patrimoine-culturel\/fontanals-de-cerdanya\/sant-marti-durtx\/\"><div class='avia-gallery-big-wrapper'><a class='avia-gallery-big fakeLightbox lightbox avia-gallery-big-crop-thumb ' href=\"https:\/\/cerdanya.org\/wp-content\/uploads\/2021\/12\/sant-marti-urtx--1030x687.jpg\" data-srcset=\"https:\/\/cerdanya.org\/wp-content\/uploads\/2021\/12\/sant-marti-urtx--1030x687.jpg 1030w, https:\/\/cerdanya.org\/wp-content\/uploads\/2021\/12\/sant-marti-urtx--300x200.jpg 300w, https:\/\/cerdanya.org\/wp-content\/uploads\/2021\/12\/sant-marti-urtx--768x513.jpg 768w, https:\/\/cerdanya.org\/wp-content\/uploads\/2021\/12\/sant-marti-urtx--705x470.jpg 705w, https:\/\/cerdanya.org\/wp-content\/uploads\/2021\/12\/sant-marti-urtx-.jpg 1500w\" data-sizes=\"(max-width: 1030px) 100vw, 1030px\"  data-onclick='1' title='Sant Mart\u00ed d&rsquo;Urtx' ><span class='avia-gallery-big-inner'  itemprop=\"thumbnailUrl\" ><img decoding=\"async\" fetchpriority=\"high\" class=\"wp-image-24171 avia-img-lazy-loading-not-24171\"  width=\"495\" height=\"400\" src=\"https:\/\/cerdanya.org\/wp-content\/uploads\/2021\/12\/sant-marti-urtx--495x400.jpg\" title='9. FONTANALS- Sant Marti\u0301 d\u2019Urtx' alt='Sant Mart\u00ed d\u2019Urtx' srcset=\"https:\/\/cerdanya.org\/wp-content\/uploads\/2021\/12\/sant-marti-urtx--495x400.jpg 495w, https:\/\/cerdanya.org\/wp-content\/uploads\/2021\/12\/sant-marti-urtx--845x684.jpg 845w\" sizes=\"(max-width: 495px) 100vw, 495px\" \/><span class='avia-gallery-caption'>Sant Mart\u00ed d&rsquo;Urtx<\/span><\/span><\/a><\/div><div class='avia-gallery-thumb'><a href=\"https:\/\/cerdanya.org\/wp-content\/uploads\/2021\/12\/sant-marti-urtx--1030x687.jpg\" data-srcset=\"https:\/\/cerdanya.org\/wp-content\/uploads\/2021\/12\/sant-marti-urtx--1030x687.jpg 1030w, https:\/\/cerdanya.org\/wp-content\/uploads\/2021\/12\/sant-marti-urtx--300x200.jpg 300w, https:\/\/cerdanya.org\/wp-content\/uploads\/2021\/12\/sant-marti-urtx--768x513.jpg 768w, https:\/\/cerdanya.org\/wp-content\/uploads\/2021\/12\/sant-marti-urtx--705x470.jpg 705w, https:\/\/cerdanya.org\/wp-content\/uploads\/2021\/12\/sant-marti-urtx-.jpg 1500w\" data-sizes=\"(max-width: 1030px) 100vw, 1030px\" data-rel='gallery-1' data-prev-img='https:\/\/cerdanya.org\/wp-content\/uploads\/2021\/12\/sant-marti-urtx--495x400.jpg' class='first_thumb lightbox ' data-onclick='1' title='Sant Mart\u00ed d&rsquo;Urtx'  itemprop=\"thumbnailUrl\"  ><img decoding=\"async\" fetchpriority=\"high\" class=\"wp-image-24171 avia-img-lazy-loading-not-24171\"  data-avia-tooltip='Sant Mart\u00ed d&rsquo;Urtx' src=\"https:\/\/cerdanya.org\/wp-content\/uploads\/2021\/12\/sant-marti-urtx--495x400.jpg\" width=\"495\" height=\"400\"  title='9. FONTANALS- Sant Marti\u0301 d\u2019Urtx' alt='Sant Mart\u00ed d\u2019Urtx' srcset=\"https:\/\/cerdanya.org\/wp-content\/uploads\/2021\/12\/sant-marti-urtx--495x400.jpg 495w, https:\/\/cerdanya.org\/wp-content\/uploads\/2021\/12\/sant-marti-urtx--845x684.jpg 845w\" sizes=\"(max-width: 495px) 100vw, 495px\" \/><div class='big-prev-fake'><img decoding=\"async\" loading=\"lazy\" class=\"wp-image-24171 avia-img-lazy-loading-24171\"  width=\"495\" height=\"400\" src=\"https:\/\/cerdanya.org\/wp-content\/uploads\/2021\/12\/sant-marti-urtx--495x400.jpg\" title='9. FONTANALS- Sant Marti\u0301 d\u2019Urtx' alt='Sant Mart\u00ed d\u2019Urtx' srcset=\"https:\/\/cerdanya.org\/wp-content\/uploads\/2021\/12\/sant-marti-urtx--495x400.jpg 495w, https:\/\/cerdanya.org\/wp-content\/uploads\/2021\/12\/sant-marti-urtx--845x684.jpg 845w\" sizes=\"auto, (max-width: 495px) 100vw, 495px\" \/><\/div><\/a><a href=\"https:\/\/cerdanya.org\/wp-content\/uploads\/2021\/12\/sant-marti-urtx-altar-1030x687.jpg\" data-srcset=\"https:\/\/cerdanya.org\/wp-content\/uploads\/2021\/12\/sant-marti-urtx-altar-1030x687.jpg 1030w, https:\/\/cerdanya.org\/wp-content\/uploads\/2021\/12\/sant-marti-urtx-altar-300x200.jpg 300w, https:\/\/cerdanya.org\/wp-content\/uploads\/2021\/12\/sant-marti-urtx-altar-768x513.jpg 768w, https:\/\/cerdanya.org\/wp-content\/uploads\/2021\/12\/sant-marti-urtx-altar-705x470.jpg 705w, https:\/\/cerdanya.org\/wp-content\/uploads\/2021\/12\/sant-marti-urtx-altar.jpg 1500w\" data-sizes=\"(max-width: 1030px) 100vw, 1030px\" data-rel='gallery-1' data-prev-img='https:\/\/cerdanya.org\/wp-content\/uploads\/2021\/12\/sant-marti-urtx-altar-495x400.jpg' class='lightbox ' data-onclick='2' title='Sant Mart\u00ed d&rsquo;Urtx'  itemprop=\"thumbnailUrl\"  ><img decoding=\"async\" fetchpriority=\"high\" class=\"wp-image-24173 avia-img-lazy-loading-not-24173\"  data-avia-tooltip='Sant Mart\u00ed d&rsquo;Urtx' src=\"https:\/\/cerdanya.org\/wp-content\/uploads\/2021\/12\/sant-marti-urtx-altar-495x400.jpg\" width=\"495\" height=\"400\"  title='9. FONTANALS- Sant Marti\u0301 d\u2019Urtx' alt='Sant Mart\u00ed d\u2019Urtx' srcset=\"https:\/\/cerdanya.org\/wp-content\/uploads\/2021\/12\/sant-marti-urtx-altar-495x400.jpg 495w, https:\/\/cerdanya.org\/wp-content\/uploads\/2021\/12\/sant-marti-urtx-altar-845x684.jpg 845w\" sizes=\"(max-width: 495px) 100vw, 495px\" \/><div class='big-prev-fake'><img decoding=\"async\" loading=\"lazy\" class=\"wp-image-24173 avia-img-lazy-loading-24173\"  width=\"495\" height=\"400\" src=\"https:\/\/cerdanya.org\/wp-content\/uploads\/2021\/12\/sant-marti-urtx-altar-495x400.jpg\" title='9. FONTANALS- Sant Marti\u0301 d\u2019Urtx' alt='Sant Mart\u00ed d\u2019Urtx' srcset=\"https:\/\/cerdanya.org\/wp-content\/uploads\/2021\/12\/sant-marti-urtx-altar-495x400.jpg 495w, https:\/\/cerdanya.org\/wp-content\/uploads\/2021\/12\/sant-marti-urtx-altar-845x684.jpg 845w\" sizes=\"auto, (max-width: 495px) 100vw, 495px\" \/><\/div><\/a><a href=\"https:\/\/cerdanya.org\/wp-content\/uploads\/2021\/12\/sant-marti-urtx-verge-1030x687.jpg\" data-srcset=\"https:\/\/cerdanya.org\/wp-content\/uploads\/2021\/12\/sant-marti-urtx-verge-1030x687.jpg 1030w, https:\/\/cerdanya.org\/wp-content\/uploads\/2021\/12\/sant-marti-urtx-verge-300x200.jpg 300w, https:\/\/cerdanya.org\/wp-content\/uploads\/2021\/12\/sant-marti-urtx-verge-768x513.jpg 768w, https:\/\/cerdanya.org\/wp-content\/uploads\/2021\/12\/sant-marti-urtx-verge-705x470.jpg 705w, https:\/\/cerdanya.org\/wp-content\/uploads\/2021\/12\/sant-marti-urtx-verge.jpg 1500w\" data-sizes=\"(max-width: 1030px) 100vw, 1030px\" data-rel='gallery-1' data-prev-img='https:\/\/cerdanya.org\/wp-content\/uploads\/2021\/12\/sant-marti-urtx-verge-495x400.jpg' class='lightbox ' data-onclick='3' title='Sant Mart\u00ed d&rsquo;Urtx'  itemprop=\"thumbnailUrl\"  ><img decoding=\"async\" fetchpriority=\"high\" class=\"wp-image-24175 avia-img-lazy-loading-not-24175\"  data-avia-tooltip='Sant Mart\u00ed d&rsquo;Urtx' src=\"https:\/\/cerdanya.org\/wp-content\/uploads\/2021\/12\/sant-marti-urtx-verge-495x400.jpg\" width=\"495\" height=\"400\"  title='9. FONTANALS- Sant Marti\u0301 d\u2019Urtx' alt='Sant Mart\u00ed d\u2019Urtx' srcset=\"https:\/\/cerdanya.org\/wp-content\/uploads\/2021\/12\/sant-marti-urtx-verge-495x400.jpg 495w, https:\/\/cerdanya.org\/wp-content\/uploads\/2021\/12\/sant-marti-urtx-verge-845x684.jpg 845w\" sizes=\"(max-width: 495px) 100vw, 495px\" \/><div class='big-prev-fake'><img decoding=\"async\" loading=\"lazy\" class=\"wp-image-24175 avia-img-lazy-loading-24175\"  width=\"495\" height=\"400\" src=\"https:\/\/cerdanya.org\/wp-content\/uploads\/2021\/12\/sant-marti-urtx-verge-495x400.jpg\" title='9. FONTANALS- Sant Marti\u0301 d\u2019Urtx' alt='Sant Mart\u00ed d\u2019Urtx' srcset=\"https:\/\/cerdanya.org\/wp-content\/uploads\/2021\/12\/sant-marti-urtx-verge-495x400.jpg 495w, https:\/\/cerdanya.org\/wp-content\/uploads\/2021\/12\/sant-marti-urtx-verge-845x684.jpg 845w\" sizes=\"auto, (max-width: 495px) 100vw, 495px\" \/><\/div><\/a><a href=\"https:\/\/cerdanya.org\/wp-content\/uploads\/2021\/12\/sant-marti-urtx-confessionari-1030x687.jpg\" data-srcset=\"https:\/\/cerdanya.org\/wp-content\/uploads\/2021\/12\/sant-marti-urtx-confessionari-1030x687.jpg 1030w, https:\/\/cerdanya.org\/wp-content\/uploads\/2021\/12\/sant-marti-urtx-confessionari-300x200.jpg 300w, https:\/\/cerdanya.org\/wp-content\/uploads\/2021\/12\/sant-marti-urtx-confessionari-768x513.jpg 768w, https:\/\/cerdanya.org\/wp-content\/uploads\/2021\/12\/sant-marti-urtx-confessionari-705x470.jpg 705w, https:\/\/cerdanya.org\/wp-content\/uploads\/2021\/12\/sant-marti-urtx-confessionari.jpg 1500w\" data-sizes=\"(max-width: 1030px) 100vw, 1030px\" data-rel='gallery-1' data-prev-img='https:\/\/cerdanya.org\/wp-content\/uploads\/2021\/12\/sant-marti-urtx-confessionari-495x400.jpg' class='lightbox ' data-onclick='4' title='Sant Mart\u00ed d&rsquo;Urtx'  itemprop=\"thumbnailUrl\"  ><img decoding=\"async\" fetchpriority=\"high\" class=\"wp-image-24177 avia-img-lazy-loading-not-24177\"  data-avia-tooltip='Sant Mart\u00ed d&rsquo;Urtx' src=\"https:\/\/cerdanya.org\/wp-content\/uploads\/2021\/12\/sant-marti-urtx-confessionari-495x400.jpg\" width=\"495\" height=\"400\"  title='9. FONTANALS- Sant Marti\u0301 d\u2019Urtx' alt='Sant Mart\u00ed d\u2019Urtx' srcset=\"https:\/\/cerdanya.org\/wp-content\/uploads\/2021\/12\/sant-marti-urtx-confessionari-495x400.jpg 495w, https:\/\/cerdanya.org\/wp-content\/uploads\/2021\/12\/sant-marti-urtx-confessionari-845x684.jpg 845w\" sizes=\"(max-width: 495px) 100vw, 495px\" \/><div class='big-prev-fake'><img decoding=\"async\" loading=\"lazy\" class=\"wp-image-24177 avia-img-lazy-loading-24177\"  width=\"495\" height=\"400\" src=\"https:\/\/cerdanya.org\/wp-content\/uploads\/2021\/12\/sant-marti-urtx-confessionari-495x400.jpg\" title='9. FONTANALS- Sant Marti\u0301 d\u2019Urtx' alt='Sant Mart\u00ed d\u2019Urtx' srcset=\"https:\/\/cerdanya.org\/wp-content\/uploads\/2021\/12\/sant-marti-urtx-confessionari-495x400.jpg 495w, https:\/\/cerdanya.org\/wp-content\/uploads\/2021\/12\/sant-marti-urtx-confessionari-845x684.jpg 845w\" sizes=\"auto, (max-width: 495px) 100vw, 495px\" \/><\/div><\/a><a href=\"https:\/\/cerdanya.org\/wp-content\/uploads\/2021\/12\/sant-marti-urtx-porta-1030x687.jpg\" data-srcset=\"https:\/\/cerdanya.org\/wp-content\/uploads\/2021\/12\/sant-marti-urtx-porta-1030x687.jpg 1030w, https:\/\/cerdanya.org\/wp-content\/uploads\/2021\/12\/sant-marti-urtx-porta-300x200.jpg 300w, https:\/\/cerdanya.org\/wp-content\/uploads\/2021\/12\/sant-marti-urtx-porta-768x513.jpg 768w, https:\/\/cerdanya.org\/wp-content\/uploads\/2021\/12\/sant-marti-urtx-porta-705x470.jpg 705w, https:\/\/cerdanya.org\/wp-content\/uploads\/2021\/12\/sant-marti-urtx-porta.jpg 1500w\" data-sizes=\"(max-width: 1030px) 100vw, 1030px\" data-rel='gallery-1' data-prev-img='https:\/\/cerdanya.org\/wp-content\/uploads\/2021\/12\/sant-marti-urtx-porta-495x400.jpg' class='lightbox ' data-onclick='5' title='Sant Mart\u00ed d&rsquo;Urtx'  itemprop=\"thumbnailUrl\"  ><img decoding=\"async\" fetchpriority=\"high\" class=\"wp-image-24179 avia-img-lazy-loading-not-24179\"  data-avia-tooltip='Sant Mart\u00ed d&rsquo;Urtx' src=\"https:\/\/cerdanya.org\/wp-content\/uploads\/2021\/12\/sant-marti-urtx-porta-495x400.jpg\" width=\"495\" height=\"400\"  title='9. FONTANALS- Sant Marti\u0301 d\u2019Urtx' alt='Sant Mart\u00ed d\u2019Urtx' srcset=\"https:\/\/cerdanya.org\/wp-content\/uploads\/2021\/12\/sant-marti-urtx-porta-495x400.jpg 495w, https:\/\/cerdanya.org\/wp-content\/uploads\/2021\/12\/sant-marti-urtx-porta-845x684.jpg 845w\" sizes=\"(max-width: 495px) 100vw, 495px\" \/><div class='big-prev-fake'><img decoding=\"async\" loading=\"lazy\" class=\"wp-image-24179 avia-img-lazy-loading-24179\"  width=\"495\" height=\"400\" src=\"https:\/\/cerdanya.org\/wp-content\/uploads\/2021\/12\/sant-marti-urtx-porta-495x400.jpg\" title='9. FONTANALS- Sant Marti\u0301 d\u2019Urtx' alt='Sant Mart\u00ed d\u2019Urtx' srcset=\"https:\/\/cerdanya.org\/wp-content\/uploads\/2021\/12\/sant-marti-urtx-porta-495x400.jpg 495w, https:\/\/cerdanya.org\/wp-content\/uploads\/2021\/12\/sant-marti-urtx-porta-845x684.jpg 845w\" sizes=\"auto, (max-width: 495px) 100vw, 495px\" \/><\/div><\/a><a href=\"https:\/\/cerdanya.org\/wp-content\/uploads\/2021\/12\/sant-marti-urtx-pica-1030x687.jpg\" data-srcset=\"https:\/\/cerdanya.org\/wp-content\/uploads\/2021\/12\/sant-marti-urtx-pica-1030x687.jpg 1030w, https:\/\/cerdanya.org\/wp-content\/uploads\/2021\/12\/sant-marti-urtx-pica-300x200.jpg 300w, https:\/\/cerdanya.org\/wp-content\/uploads\/2021\/12\/sant-marti-urtx-pica-768x513.jpg 768w, https:\/\/cerdanya.org\/wp-content\/uploads\/2021\/12\/sant-marti-urtx-pica-705x470.jpg 705w, https:\/\/cerdanya.org\/wp-content\/uploads\/2021\/12\/sant-marti-urtx-pica.jpg 1500w\" data-sizes=\"(max-width: 1030px) 100vw, 1030px\" data-rel='gallery-1' data-prev-img='https:\/\/cerdanya.org\/wp-content\/uploads\/2021\/12\/sant-marti-urtx-pica-495x400.jpg' class='first_thumb lightbox ' data-onclick='6' title='Coordenades UTM: 31T 410277 4693315'  itemprop=\"thumbnailUrl\"  ><img decoding=\"async\" fetchpriority=\"high\" class=\"wp-image-24181 avia-img-lazy-loading-not-24181\"  data-avia-tooltip='Coordenades UTM: 31T 410277 4693315' src=\"https:\/\/cerdanya.org\/wp-content\/uploads\/2021\/12\/sant-marti-urtx-pica-495x400.jpg\" width=\"495\" height=\"400\"  title='9. FONTANALS- Sant Marti\u0301 d\u2019Urtx' alt='Sant Mart\u00ed d\u2019Urtx' srcset=\"https:\/\/cerdanya.org\/wp-content\/uploads\/2021\/12\/sant-marti-urtx-pica-495x400.jpg 495w, https:\/\/cerdanya.org\/wp-content\/uploads\/2021\/12\/sant-marti-urtx-pica-845x684.jpg 845w\" sizes=\"(max-width: 495px) 100vw, 495px\" \/><div class='big-prev-fake'><img decoding=\"async\" loading=\"lazy\" class=\"wp-image-24181 avia-img-lazy-loading-24181\"  width=\"495\" height=\"400\" src=\"https:\/\/cerdanya.org\/wp-content\/uploads\/2021\/12\/sant-marti-urtx-pica-495x400.jpg\" title='9. FONTANALS- Sant Marti\u0301 d\u2019Urtx' alt='Sant Mart\u00ed d\u2019Urtx' srcset=\"https:\/\/cerdanya.org\/wp-content\/uploads\/2021\/12\/sant-marti-urtx-pica-495x400.jpg 495w, https:\/\/cerdanya.org\/wp-content\/uploads\/2021\/12\/sant-marti-urtx-pica-845x684.jpg 845w\" sizes=\"auto, (max-width: 495px) 100vw, 495px\" \/><\/div><\/a><a href=\"https:\/\/cerdanya.org\/wp-content\/uploads\/2021\/12\/sant-marti-urtx-aigua-1030x687.jpg\" data-srcset=\"https:\/\/cerdanya.org\/wp-content\/uploads\/2021\/12\/sant-marti-urtx-aigua-1030x687.jpg 1030w, https:\/\/cerdanya.org\/wp-content\/uploads\/2021\/12\/sant-marti-urtx-aigua-300x200.jpg 300w, https:\/\/cerdanya.org\/wp-content\/uploads\/2021\/12\/sant-marti-urtx-aigua-768x513.jpg 768w, https:\/\/cerdanya.org\/wp-content\/uploads\/2021\/12\/sant-marti-urtx-aigua-705x470.jpg 705w, https:\/\/cerdanya.org\/wp-content\/uploads\/2021\/12\/sant-marti-urtx-aigua.jpg 1500w\" data-sizes=\"(max-width: 1030px) 100vw, 1030px\" data-rel='gallery-1' data-prev-img='https:\/\/cerdanya.org\/wp-content\/uploads\/2021\/12\/sant-marti-urtx-aigua-495x400.jpg' class='lightbox ' data-onclick='7' title='Sant Mart\u00ed d&rsquo;Urtx'  itemprop=\"thumbnailUrl\"  ><img decoding=\"async\" fetchpriority=\"high\" class=\"wp-image-24183 avia-img-lazy-loading-not-24183\"  data-avia-tooltip='Sant Mart\u00ed d&rsquo;Urtx' src=\"https:\/\/cerdanya.org\/wp-content\/uploads\/2021\/12\/sant-marti-urtx-aigua-495x400.jpg\" width=\"495\" height=\"400\"  title='9. FONTANALS- Sant Marti\u0301 d\u2019Urtx' alt='Sant Mart\u00ed d\u2019Urtx' srcset=\"https:\/\/cerdanya.org\/wp-content\/uploads\/2021\/12\/sant-marti-urtx-aigua-495x400.jpg 495w, https:\/\/cerdanya.org\/wp-content\/uploads\/2021\/12\/sant-marti-urtx-aigua-845x684.jpg 845w\" sizes=\"(max-width: 495px) 100vw, 495px\" \/><div class='big-prev-fake'><img decoding=\"async\" loading=\"lazy\" class=\"wp-image-24183 avia-img-lazy-loading-24183\"  width=\"495\" height=\"400\" src=\"https:\/\/cerdanya.org\/wp-content\/uploads\/2021\/12\/sant-marti-urtx-aigua-495x400.jpg\" title='9. FONTANALS- Sant Marti\u0301 d\u2019Urtx' alt='Sant Mart\u00ed d\u2019Urtx' srcset=\"https:\/\/cerdanya.org\/wp-content\/uploads\/2021\/12\/sant-marti-urtx-aigua-495x400.jpg 495w, https:\/\/cerdanya.org\/wp-content\/uploads\/2021\/12\/sant-marti-urtx-aigua-845x684.jpg 845w\" sizes=\"auto, (max-width: 495px) 100vw, 495px\" \/><\/div><\/a><\/div><\/div><\/div>\n<style type=\"text\/css\" data-created_by=\"avia_inline_auto\" id=\"style-css-av-13qih77-00e4eae9d0b6c138f9ba0e0aa3d8fb95\">\n.flex_column.av-13qih77-00e4eae9d0b6c138f9ba0e0aa3d8fb95{\nborder-radius:0px 0px 0px 0px;\npadding:0px 0px 0px 0px;\n}\n<\/style>\n<div  class='flex_column av-13qih77-00e4eae9d0b6c138f9ba0e0aa3d8fb95 av_one_full  avia-builder-el-5  el_after_av_one_half  el_before_av_one_half  first flex_column_div av-zero-column-padding  column-top-margin'     ><style type=\"text\/css\" data-created_by=\"avia_inline_auto\" id=\"style-css-av-kwp2dp8f-f55138033d46035ff7ae47226ad7fa00\">\n#top .hr.hr-invisible.av-kwp2dp8f-f55138033d46035ff7ae47226ad7fa00{\nheight:20px;\n}\n<\/style>\n<div  class='hr av-kwp2dp8f-f55138033d46035ff7ae47226ad7fa00 hr-invisible  avia-builder-el-6  avia-builder-el-no-sibling '><span class='hr-inner '><span class=\"hr-inner-style\"><\/span><\/span><\/div><\/div><\/p>\n\n<style type=\"text\/css\" data-created_by=\"avia_inline_auto\" id=\"style-css-av-13ofglq-ac29f584b432ecb649c523de4b34c7fa\">\n.flex_column.av-13ofglq-ac29f584b432ecb649c523de4b34c7fa{\nborder-radius:0px 0px 0px 0px;\npadding:0px 0px 0px 0px;\n}\n<\/style>\n<div  class='flex_column av-13ofglq-ac29f584b432ecb649c523de4b34c7fa av_one_half  avia-builder-el-7  el_after_av_one_full  avia-builder-el-last  first flex_column_div av-zero-column-padding  column-top-margin'     ><p>\n<style type=\"text\/css\" data-created_by=\"avia_inline_auto\" id=\"style-css-av-rpfrse-779c0ec559fd3ecc5cd6c2ecc147e9f8\">\n#top .av-special-heading.av-rpfrse-779c0ec559fd3ecc5cd6c2ecc147e9f8{\npadding-bottom:10px;\n}\nbody .av-special-heading.av-rpfrse-779c0ec559fd3ecc5cd6c2ecc147e9f8 .av-special-heading-tag .heading-char{\nfont-size:25px;\n}\n.av-special-heading.av-rpfrse-779c0ec559fd3ecc5cd6c2ecc147e9f8 .av-subheading{\nfont-size:15px;\n}\n<\/style>\n<div  class='av-special-heading av-rpfrse-779c0ec559fd3ecc5cd6c2ecc147e9f8 av-special-heading-h5  avia-builder-el-8  el_before_av_image  avia-builder-el-first '><h5 class='av-special-heading-tag '  itemprop=\"headline\"  >Plan et section<\/h5><div class=\"special-heading-border\"><div class=\"special-heading-inner-border\"><\/div><\/div><\/div><br \/>\n\n<style type=\"text\/css\" data-created_by=\"avia_inline_auto\" id=\"style-css-av-kxq4yh6i-078249e0cb486f130dbecde0ff568a8a\">\n.avia-image-container.av-kxq4yh6i-078249e0cb486f130dbecde0ff568a8a img.avia_image{\nbox-shadow:none;\n}\n.avia-image-container.av-kxq4yh6i-078249e0cb486f130dbecde0ff568a8a .av-image-caption-overlay-center{\ncolor:#ffffff;\n}\n<\/style>\n<div  class='avia-image-container av-kxq4yh6i-078249e0cb486f130dbecde0ff568a8a av-styling- avia-align-center  avia-builder-el-9  el_after_av_heading  avia-builder-el-last '   itemprop=\"image\" itemscope=\"itemscope\" itemtype=\"https:\/\/schema.org\/ImageObject\" ><div class=\"avia-image-container-inner\"><div class=\"avia-image-overlay-wrap\"><img decoding=\"async\" fetchpriority=\"high\" class='wp-image-24169 avia-img-lazy-loading-not-24169 avia_image ' src=\"https:\/\/cerdanya.org\/wp-content\/uploads\/2021\/12\/sant-marti-Urtx-1030x596.jpg\" alt='Sant Mart\u00ed d\u2019Urtx' title='sant-marti-Urtx'  height=\"596\" width=\"1030\"  itemprop=\"thumbnailUrl\" srcset=\"https:\/\/cerdanya.org\/wp-content\/uploads\/2021\/12\/sant-marti-Urtx-1030x596.jpg 1030w, https:\/\/cerdanya.org\/wp-content\/uploads\/2021\/12\/sant-marti-Urtx-300x173.jpg 300w, https:\/\/cerdanya.org\/wp-content\/uploads\/2021\/12\/sant-marti-Urtx-768x444.jpg 768w, https:\/\/cerdanya.org\/wp-content\/uploads\/2021\/12\/sant-marti-Urtx-705x408.jpg 705w, https:\/\/cerdanya.org\/wp-content\/uploads\/2021\/12\/sant-marti-Urtx.jpg 1266w\" sizes=\"(max-width: 1030px) 100vw, 1030px\" \/><\/div><\/div><\/div><\/p><\/div>\n","protected":false},"excerpt":{"rendered":"","protected":false},"author":3,"featured_media":23318,"parent":30639,"menu_order":40,"comment_status":"closed","ping_status":"closed","template":"","meta":{"footnotes":""},"class_list":["post-30541","page","type-page","status-publish","has-post-thumbnail","hentry"],"_links":{"self":[{"href":"https:\/\/cerdanya.org\/fr\/wp-json\/wp\/v2\/pages\/30541","targetHints":{"allow":["GET"]}}],"collection":[{"href":"https:\/\/cerdanya.org\/fr\/wp-json\/wp\/v2\/pages"}],"about":[{"href":"https:\/\/cerdanya.org\/fr\/wp-json\/wp\/v2\/types\/page"}],"author":[{"embeddable":true,"href":"https:\/\/cerdanya.org\/fr\/wp-json\/wp\/v2\/users\/3"}],"replies":[{"embeddable":true,"href":"https:\/\/cerdanya.org\/fr\/wp-json\/wp\/v2\/comments?post=30541"}],"version-history":[{"count":0,"href":"https:\/\/cerdanya.org\/fr\/wp-json\/wp\/v2\/pages\/30541\/revisions"}],"up":[{"embeddable":true,"href":"https:\/\/cerdanya.org\/fr\/wp-json\/wp\/v2\/pages\/30639"}],"wp:featuredmedia":[{"embeddable":true,"href":"https:\/\/cerdanya.org\/fr\/wp-json\/wp\/v2\/media\/23318"}],"wp:attachment":[{"href":"https:\/\/cerdanya.org\/fr\/wp-json\/wp\/v2\/media?parent=30541"}],"curies":[{"name":"wp","href":"https:\/\/api.w.org\/{rel}","templated":true}]}}