{"id":30532,"date":"2022-04-13T09:48:23","date_gmt":"2022-04-13T07:48:23","guid":{"rendered":"http:\/\/www.cerdanya.org\/santa-eugenia-de-saga\/"},"modified":"2022-04-28T22:49:49","modified_gmt":"2022-04-28T20:49:49","slug":"santa-eugenia-de-saga","status":"publish","type":"page","link":"https:\/\/cerdanya.org\/fr\/que-faire\/tourisme-culturel\/patrimoine-culturel\/ger\/santa-eugenia-de-saga\/","title":{"rendered":"Santa Eug\u00e8nia de Saga"},"content":{"rendered":"\n<style type=\"text\/css\" data-created_by=\"avia_inline_auto\" id=\"style-css-av-36rb4oj-ba4d95154227ed0d8a771e7152bf9e9e\">\n.flex_column.av-36rb4oj-ba4d95154227ed0d8a771e7152bf9e9e{\nborder-radius:0px 0px 0px 0px;\npadding:0px 0px 0px 0px;\n}\n<\/style>\n<div  class='flex_column av-36rb4oj-ba4d95154227ed0d8a771e7152bf9e9e av_one_half  avia-builder-el-0  el_before_av_one_half  avia-builder-el-first  first flex_column_div av-zero-column-padding  '     ><p>\n<style type=\"text\/css\" data-created_by=\"avia_inline_auto\" id=\"style-css-av-1sglim2-729124b35e32de549cf2a61286fcd986\">\n#top .av-special-heading.av-1sglim2-729124b35e32de549cf2a61286fcd986{\npadding-bottom:10px;\n}\nbody .av-special-heading.av-1sglim2-729124b35e32de549cf2a61286fcd986 .av-special-heading-tag .heading-char{\nfont-size:25px;\n}\n.av-special-heading.av-1sglim2-729124b35e32de549cf2a61286fcd986 .av-subheading{\nfont-size:15px;\n}\n<\/style>\n<div  class='av-special-heading av-1sglim2-729124b35e32de549cf2a61286fcd986 av-special-heading-h5  avia-builder-el-1  el_before_av_textblock  avia-builder-el-first '><h5 class='av-special-heading-tag '  itemprop=\"headline\"  >Description<\/h5><div class=\"special-heading-border\"><div class=\"special-heading-inner-border\"><\/div><\/div><\/div><br \/>\n<section  class='av_textblock_section av-ksyomoyl-25f1f3c8b1a0a9b03a6473be4799410f '   itemscope=\"itemscope\" itemtype=\"https:\/\/schema.org\/CreativeWork\" ><div class='avia_textblock'  itemprop=\"text\" ><p>Vous \u00eates devant un \u00e9difice du XIe si\u00e8cle construit avec une grande simplicit\u00e9 avec une importante r\u00e9novation au XIIe si\u00e8cle qui a int\u00e9gr\u00e9 les arcs de la vo\u00fbte int\u00e9rieure et l&rsquo;\u00e9l\u00e9ment le plus remarquable : le portail.<\/p>\n<p>Celui-ci, en marbre d&rsquo;Is\u00f2vol, comporte cinq arcs d\u00e9grad\u00e9s, dont deux reposent sur des colonnes et des chapiteaux. L&rsquo;ensemble est encadr\u00e9 d&rsquo;un retable qui pr\u00e9sente dans le voussoir central le relief du Christ b\u00e9nissant de la main droite et un livre \u00e0 gauche. La d\u00e9coration est situ\u00e9e dans la premi\u00e8re arche, o\u00f9 l&rsquo;on met en \u00e9vidence les figures d&rsquo;Adam et Eve au bas de chaque c\u00f4t\u00e9 et dans les chapiteaux. Les plus remarquables sont le premier arc, et les chapiteaux certains \u00e0 d\u00e9cor v\u00e9g\u00e9tal et d&rsquo;autres \u00e0 repr\u00e9sentation d&rsquo;oiseaux \u00e0 t\u00eate d&rsquo;homme. L&rsquo;un des chapiteaux a \u00e9t\u00e9 d\u00e9truit en 1865 par la foudre. Au-dessus, un retable horizontal avec un corbeau \u00e0 chaque extr\u00e9mit\u00e9.<\/p>\n<p>Provenant de cette \u00e9glise, le mus\u00e9e des Arts d\u00e9coratifs de Paris conserve la fa\u00e7ade d&rsquo;un autel en bois polychrome qui explique en quatre sc\u00e8nes la vie de saint Eug\u00e8ne, et est dat\u00e9 de la premi\u00e8re moiti\u00e9 du XIIIe si\u00e8cle.<\/p>\n<\/div><\/section><\/p><\/div>\n<style type=\"text\/css\" data-created_by=\"avia_inline_auto\" id=\"style-css-av-2coqnf7-fe66bdd07c1c8428c9bfcd41c861e712\">\n.flex_column.av-2coqnf7-fe66bdd07c1c8428c9bfcd41c861e712{\nborder-radius:0px 0px 0px 0px;\npadding:0px 0px 0px 0px;\n}\n<\/style>\n<div  class='flex_column av-2coqnf7-fe66bdd07c1c8428c9bfcd41c861e712 av_one_half  avia-builder-el-3  el_after_av_one_half  el_before_av_one_full  flex_column_div av-zero-column-padding  '     ><style type=\"text\/css\" data-created_by=\"avia_inline_auto\" id=\"style-css-av-29ooh4j-b38bf5d2013ee882bc2e1198f3df8890\">\n#top .avia-gallery.av-29ooh4j-b38bf5d2013ee882bc2e1198f3df8890 .avia-gallery-thumb a{\nwidth:20%;\n}\n<\/style>\n<div  class='avia-gallery av-29ooh4j-b38bf5d2013ee882bc2e1198f3df8890 avia_animate_when_visible  avia-builder-el-4  avia-builder-el-no-sibling  avia_lazyload av-slideshow-ui av-loop-manual-endless av-control-hidden av-navigate-arrows av-navigate-dots hover-effect av-control-hidden avia-gallery-animate avia-gallery-1'  itemprop=\"image\" itemscope=\"itemscope\" itemtype=\"https:\/\/schema.org\/ImageObject\" ><meta itemprop=\"contentURL\" content=\"https:\/\/cerdanya.org\/fr\/que-faire\/tourisme-culturel\/patrimoine-culturel\/ger\/santa-eugenia-de-saga\/\"><div class='avia-gallery-big-wrapper'><a class='avia-gallery-big fakeLightbox lightbox avia-gallery-big-crop-thumb ' href=\"https:\/\/cerdanya.org\/wp-content\/uploads\/2021\/12\/santa-eugenia-saga-pica-1030x687.jpg\" data-srcset=\"https:\/\/cerdanya.org\/wp-content\/uploads\/2021\/12\/santa-eugenia-saga-pica-1030x687.jpg 1030w, https:\/\/cerdanya.org\/wp-content\/uploads\/2021\/12\/santa-eugenia-saga-pica-300x200.jpg 300w, https:\/\/cerdanya.org\/wp-content\/uploads\/2021\/12\/santa-eugenia-saga-pica-768x513.jpg 768w, https:\/\/cerdanya.org\/wp-content\/uploads\/2021\/12\/santa-eugenia-saga-pica-705x470.jpg 705w, https:\/\/cerdanya.org\/wp-content\/uploads\/2021\/12\/santa-eugenia-saga-pica.jpg 1500w\" data-sizes=\"(max-width: 1030px) 100vw, 1030px\"  data-onclick='1' title='Santa Eug\u00e8nia de Saga' ><span class='avia-gallery-big-inner'  itemprop=\"thumbnailUrl\" ><img decoding=\"async\" fetchpriority=\"high\" class=\"wp-image-24231 avia-img-lazy-loading-not-24231\"  width=\"495\" height=\"400\" src=\"https:\/\/cerdanya.org\/wp-content\/uploads\/2021\/12\/santa-eugenia-saga-pica-495x400.jpg\" title='12. GER- Santa Euge\u0300nia de Saga' alt='Santa Eug\u00e8nia de Saga' srcset=\"https:\/\/cerdanya.org\/wp-content\/uploads\/2021\/12\/santa-eugenia-saga-pica-495x400.jpg 495w, https:\/\/cerdanya.org\/wp-content\/uploads\/2021\/12\/santa-eugenia-saga-pica-845x684.jpg 845w\" sizes=\"(max-width: 495px) 100vw, 495px\" \/><span class='avia-gallery-caption'>Santa Eug\u00e8nia de Saga<\/span><\/span><\/a><\/div><div class='avia-gallery-thumb'><a href=\"https:\/\/cerdanya.org\/wp-content\/uploads\/2021\/12\/santa-eugenia-saga-pica-1030x687.jpg\" data-srcset=\"https:\/\/cerdanya.org\/wp-content\/uploads\/2021\/12\/santa-eugenia-saga-pica-1030x687.jpg 1030w, https:\/\/cerdanya.org\/wp-content\/uploads\/2021\/12\/santa-eugenia-saga-pica-300x200.jpg 300w, https:\/\/cerdanya.org\/wp-content\/uploads\/2021\/12\/santa-eugenia-saga-pica-768x513.jpg 768w, https:\/\/cerdanya.org\/wp-content\/uploads\/2021\/12\/santa-eugenia-saga-pica-705x470.jpg 705w, https:\/\/cerdanya.org\/wp-content\/uploads\/2021\/12\/santa-eugenia-saga-pica.jpg 1500w\" data-sizes=\"(max-width: 1030px) 100vw, 1030px\" data-rel='gallery-1' data-prev-img='https:\/\/cerdanya.org\/wp-content\/uploads\/2021\/12\/santa-eugenia-saga-pica-495x400.jpg' class='first_thumb lightbox ' data-onclick='1' title='Santa Eug\u00e8nia de Saga'  itemprop=\"thumbnailUrl\"  ><img decoding=\"async\" fetchpriority=\"high\" class=\"wp-image-24231 avia-img-lazy-loading-not-24231\"  data-avia-tooltip='Santa Eug\u00e8nia de Saga' src=\"https:\/\/cerdanya.org\/wp-content\/uploads\/2021\/12\/santa-eugenia-saga-pica-495x400.jpg\" width=\"495\" height=\"400\"  title='12. GER- Santa Euge\u0300nia de Saga' alt='Santa Eug\u00e8nia de Saga' srcset=\"https:\/\/cerdanya.org\/wp-content\/uploads\/2021\/12\/santa-eugenia-saga-pica-495x400.jpg 495w, https:\/\/cerdanya.org\/wp-content\/uploads\/2021\/12\/santa-eugenia-saga-pica-845x684.jpg 845w\" sizes=\"(max-width: 495px) 100vw, 495px\" \/><div class='big-prev-fake'><img decoding=\"async\" loading=\"lazy\" class=\"wp-image-24231 avia-img-lazy-loading-24231\"  width=\"495\" height=\"400\" src=\"https:\/\/cerdanya.org\/wp-content\/uploads\/2021\/12\/santa-eugenia-saga-pica-495x400.jpg\" title='12. GER- Santa Euge\u0300nia de Saga' alt='Santa Eug\u00e8nia de Saga' srcset=\"https:\/\/cerdanya.org\/wp-content\/uploads\/2021\/12\/santa-eugenia-saga-pica-495x400.jpg 495w, https:\/\/cerdanya.org\/wp-content\/uploads\/2021\/12\/santa-eugenia-saga-pica-845x684.jpg 845w\" sizes=\"auto, (max-width: 495px) 100vw, 495px\" \/><\/div><\/a><a href=\"https:\/\/cerdanya.org\/wp-content\/uploads\/2021\/12\/santa-eugenia-saga-1-1030x687.jpg\" data-srcset=\"https:\/\/cerdanya.org\/wp-content\/uploads\/2021\/12\/santa-eugenia-saga-1-1030x687.jpg 1030w, https:\/\/cerdanya.org\/wp-content\/uploads\/2021\/12\/santa-eugenia-saga-1-300x200.jpg 300w, https:\/\/cerdanya.org\/wp-content\/uploads\/2021\/12\/santa-eugenia-saga-1-768x513.jpg 768w, https:\/\/cerdanya.org\/wp-content\/uploads\/2021\/12\/santa-eugenia-saga-1-705x470.jpg 705w, https:\/\/cerdanya.org\/wp-content\/uploads\/2021\/12\/santa-eugenia-saga-1.jpg 1500w\" data-sizes=\"(max-width: 1030px) 100vw, 1030px\" data-rel='gallery-1' data-prev-img='https:\/\/cerdanya.org\/wp-content\/uploads\/2021\/12\/santa-eugenia-saga-1-495x400.jpg' class='lightbox ' data-onclick='2' title='Santa Eug\u00e8nia de Saga'  itemprop=\"thumbnailUrl\"  ><img decoding=\"async\" fetchpriority=\"high\" class=\"wp-image-24233 avia-img-lazy-loading-not-24233\"  data-avia-tooltip='Santa Eug\u00e8nia de Saga' src=\"https:\/\/cerdanya.org\/wp-content\/uploads\/2021\/12\/santa-eugenia-saga-1-495x400.jpg\" width=\"495\" height=\"400\"  title='12. GER- Santa Euge\u0300nia de Saga' alt='Santa Eug\u00e8nia de Saga' srcset=\"https:\/\/cerdanya.org\/wp-content\/uploads\/2021\/12\/santa-eugenia-saga-1-495x400.jpg 495w, https:\/\/cerdanya.org\/wp-content\/uploads\/2021\/12\/santa-eugenia-saga-1-845x684.jpg 845w\" sizes=\"(max-width: 495px) 100vw, 495px\" \/><div class='big-prev-fake'><img decoding=\"async\" loading=\"lazy\" class=\"wp-image-24233 avia-img-lazy-loading-24233\"  width=\"495\" height=\"400\" src=\"https:\/\/cerdanya.org\/wp-content\/uploads\/2021\/12\/santa-eugenia-saga-1-495x400.jpg\" title='12. GER- Santa Euge\u0300nia de Saga' alt='Santa Eug\u00e8nia de Saga' srcset=\"https:\/\/cerdanya.org\/wp-content\/uploads\/2021\/12\/santa-eugenia-saga-1-495x400.jpg 495w, https:\/\/cerdanya.org\/wp-content\/uploads\/2021\/12\/santa-eugenia-saga-1-845x684.jpg 845w\" sizes=\"auto, (max-width: 495px) 100vw, 495px\" \/><\/div><\/a><a href=\"https:\/\/cerdanya.org\/wp-content\/uploads\/2021\/12\/santa-eugenia-saga-altar-1030x687.jpg\" data-srcset=\"https:\/\/cerdanya.org\/wp-content\/uploads\/2021\/12\/santa-eugenia-saga-altar-1030x687.jpg 1030w, https:\/\/cerdanya.org\/wp-content\/uploads\/2021\/12\/santa-eugenia-saga-altar-300x200.jpg 300w, https:\/\/cerdanya.org\/wp-content\/uploads\/2021\/12\/santa-eugenia-saga-altar-768x513.jpg 768w, https:\/\/cerdanya.org\/wp-content\/uploads\/2021\/12\/santa-eugenia-saga-altar-705x470.jpg 705w, https:\/\/cerdanya.org\/wp-content\/uploads\/2021\/12\/santa-eugenia-saga-altar.jpg 1500w\" data-sizes=\"(max-width: 1030px) 100vw, 1030px\" data-rel='gallery-1' data-prev-img='https:\/\/cerdanya.org\/wp-content\/uploads\/2021\/12\/santa-eugenia-saga-altar-495x400.jpg' class='lightbox ' data-onclick='3' title='Santa Eug\u00e8nia de Saga'  itemprop=\"thumbnailUrl\"  ><img decoding=\"async\" fetchpriority=\"high\" class=\"wp-image-24235 avia-img-lazy-loading-not-24235\"  data-avia-tooltip='Santa Eug\u00e8nia de Saga' src=\"https:\/\/cerdanya.org\/wp-content\/uploads\/2021\/12\/santa-eugenia-saga-altar-495x400.jpg\" width=\"495\" height=\"400\"  title='12. GER- Santa Euge\u0300nia de Saga' alt='Santa Eug\u00e8nia de Saga' srcset=\"https:\/\/cerdanya.org\/wp-content\/uploads\/2021\/12\/santa-eugenia-saga-altar-495x400.jpg 495w, https:\/\/cerdanya.org\/wp-content\/uploads\/2021\/12\/santa-eugenia-saga-altar-845x684.jpg 845w\" sizes=\"(max-width: 495px) 100vw, 495px\" \/><div class='big-prev-fake'><img decoding=\"async\" loading=\"lazy\" class=\"wp-image-24235 avia-img-lazy-loading-24235\"  width=\"495\" height=\"400\" src=\"https:\/\/cerdanya.org\/wp-content\/uploads\/2021\/12\/santa-eugenia-saga-altar-495x400.jpg\" title='12. GER- Santa Euge\u0300nia de Saga' alt='Santa Eug\u00e8nia de Saga' srcset=\"https:\/\/cerdanya.org\/wp-content\/uploads\/2021\/12\/santa-eugenia-saga-altar-495x400.jpg 495w, https:\/\/cerdanya.org\/wp-content\/uploads\/2021\/12\/santa-eugenia-saga-altar-845x684.jpg 845w\" sizes=\"auto, (max-width: 495px) 100vw, 495px\" \/><\/div><\/a><a href=\"https:\/\/cerdanya.org\/wp-content\/uploads\/2021\/12\/santa-eugenia-saga-gravat-1030x687.jpg\" data-srcset=\"https:\/\/cerdanya.org\/wp-content\/uploads\/2021\/12\/santa-eugenia-saga-gravat-1030x687.jpg 1030w, https:\/\/cerdanya.org\/wp-content\/uploads\/2021\/12\/santa-eugenia-saga-gravat-300x200.jpg 300w, https:\/\/cerdanya.org\/wp-content\/uploads\/2021\/12\/santa-eugenia-saga-gravat-768x513.jpg 768w, https:\/\/cerdanya.org\/wp-content\/uploads\/2021\/12\/santa-eugenia-saga-gravat-705x470.jpg 705w, https:\/\/cerdanya.org\/wp-content\/uploads\/2021\/12\/santa-eugenia-saga-gravat.jpg 1500w\" data-sizes=\"(max-width: 1030px) 100vw, 1030px\" data-rel='gallery-1' data-prev-img='https:\/\/cerdanya.org\/wp-content\/uploads\/2021\/12\/santa-eugenia-saga-gravat-495x400.jpg' class='lightbox ' data-onclick='4' title='Santa Eug\u00e8nia de Saga'  itemprop=\"thumbnailUrl\"  ><img decoding=\"async\" fetchpriority=\"high\" class=\"wp-image-24237 avia-img-lazy-loading-not-24237\"  data-avia-tooltip='Santa Eug\u00e8nia de Saga' src=\"https:\/\/cerdanya.org\/wp-content\/uploads\/2021\/12\/santa-eugenia-saga-gravat-495x400.jpg\" width=\"495\" height=\"400\"  title='12. GER- Santa Euge\u0300nia de Saga' alt='Santa Eug\u00e8nia de Saga' srcset=\"https:\/\/cerdanya.org\/wp-content\/uploads\/2021\/12\/santa-eugenia-saga-gravat-495x400.jpg 495w, https:\/\/cerdanya.org\/wp-content\/uploads\/2021\/12\/santa-eugenia-saga-gravat-845x684.jpg 845w\" sizes=\"(max-width: 495px) 100vw, 495px\" \/><div class='big-prev-fake'><img decoding=\"async\" loading=\"lazy\" class=\"wp-image-24237 avia-img-lazy-loading-24237\"  width=\"495\" height=\"400\" src=\"https:\/\/cerdanya.org\/wp-content\/uploads\/2021\/12\/santa-eugenia-saga-gravat-495x400.jpg\" title='12. GER- Santa Euge\u0300nia de Saga' alt='Santa Eug\u00e8nia de Saga' srcset=\"https:\/\/cerdanya.org\/wp-content\/uploads\/2021\/12\/santa-eugenia-saga-gravat-495x400.jpg 495w, https:\/\/cerdanya.org\/wp-content\/uploads\/2021\/12\/santa-eugenia-saga-gravat-845x684.jpg 845w\" sizes=\"auto, (max-width: 495px) 100vw, 495px\" \/><\/div><\/a><a href=\"https:\/\/cerdanya.org\/wp-content\/uploads\/2021\/12\/santa-eugenia-saga-darrera-1030x687.jpg\" data-srcset=\"https:\/\/cerdanya.org\/wp-content\/uploads\/2021\/12\/santa-eugenia-saga-darrera-1030x687.jpg 1030w, https:\/\/cerdanya.org\/wp-content\/uploads\/2021\/12\/santa-eugenia-saga-darrera-300x200.jpg 300w, https:\/\/cerdanya.org\/wp-content\/uploads\/2021\/12\/santa-eugenia-saga-darrera-768x513.jpg 768w, https:\/\/cerdanya.org\/wp-content\/uploads\/2021\/12\/santa-eugenia-saga-darrera-705x470.jpg 705w, https:\/\/cerdanya.org\/wp-content\/uploads\/2021\/12\/santa-eugenia-saga-darrera.jpg 1500w\" data-sizes=\"(max-width: 1030px) 100vw, 1030px\" data-rel='gallery-1' data-prev-img='https:\/\/cerdanya.org\/wp-content\/uploads\/2021\/12\/santa-eugenia-saga-darrera-495x400.jpg' class='lightbox ' data-onclick='5' title='Coordenades UTM: 31T 406198 4696511'  itemprop=\"thumbnailUrl\"  ><img decoding=\"async\" fetchpriority=\"high\" class=\"wp-image-24239 avia-img-lazy-loading-not-24239\"  data-avia-tooltip='Coordenades UTM: 31T 406198 4696511' src=\"https:\/\/cerdanya.org\/wp-content\/uploads\/2021\/12\/santa-eugenia-saga-darrera-495x400.jpg\" width=\"495\" height=\"400\"  title='12. GER- Santa Euge\u0300nia de Saga' alt='Santa Eug\u00e8nia de Saga' srcset=\"https:\/\/cerdanya.org\/wp-content\/uploads\/2021\/12\/santa-eugenia-saga-darrera-495x400.jpg 495w, https:\/\/cerdanya.org\/wp-content\/uploads\/2021\/12\/santa-eugenia-saga-darrera-845x684.jpg 845w\" sizes=\"(max-width: 495px) 100vw, 495px\" \/><div class='big-prev-fake'><img decoding=\"async\" loading=\"lazy\" class=\"wp-image-24239 avia-img-lazy-loading-24239\"  width=\"495\" height=\"400\" src=\"https:\/\/cerdanya.org\/wp-content\/uploads\/2021\/12\/santa-eugenia-saga-darrera-495x400.jpg\" title='12. GER- Santa Euge\u0300nia de Saga' alt='Santa Eug\u00e8nia de Saga' srcset=\"https:\/\/cerdanya.org\/wp-content\/uploads\/2021\/12\/santa-eugenia-saga-darrera-495x400.jpg 495w, https:\/\/cerdanya.org\/wp-content\/uploads\/2021\/12\/santa-eugenia-saga-darrera-845x684.jpg 845w\" sizes=\"auto, (max-width: 495px) 100vw, 495px\" \/><\/div><\/a><a href=\"https:\/\/cerdanya.org\/wp-content\/uploads\/2021\/12\/santa-eugenia-saga-aigua-1030x687.jpg\" data-srcset=\"https:\/\/cerdanya.org\/wp-content\/uploads\/2021\/12\/santa-eugenia-saga-aigua-1030x687.jpg 1030w, https:\/\/cerdanya.org\/wp-content\/uploads\/2021\/12\/santa-eugenia-saga-aigua-300x200.jpg 300w, https:\/\/cerdanya.org\/wp-content\/uploads\/2021\/12\/santa-eugenia-saga-aigua-768x513.jpg 768w, https:\/\/cerdanya.org\/wp-content\/uploads\/2021\/12\/santa-eugenia-saga-aigua-705x470.jpg 705w, https:\/\/cerdanya.org\/wp-content\/uploads\/2021\/12\/santa-eugenia-saga-aigua.jpg 1500w\" data-sizes=\"(max-width: 1030px) 100vw, 1030px\" data-rel='gallery-1' data-prev-img='https:\/\/cerdanya.org\/wp-content\/uploads\/2021\/12\/santa-eugenia-saga-aigua-495x400.jpg' class='first_thumb lightbox ' data-onclick='6' title='Santa Eug\u00e8nia de Saga'  itemprop=\"thumbnailUrl\"  ><img decoding=\"async\" fetchpriority=\"high\" class=\"wp-image-24241 avia-img-lazy-loading-not-24241\"  data-avia-tooltip='Santa Eug\u00e8nia de Saga' src=\"https:\/\/cerdanya.org\/wp-content\/uploads\/2021\/12\/santa-eugenia-saga-aigua-495x400.jpg\" width=\"495\" height=\"400\"  title='12. GER- Santa Euge\u0300nia de Saga' alt='Santa Eug\u00e8nia de Saga' srcset=\"https:\/\/cerdanya.org\/wp-content\/uploads\/2021\/12\/santa-eugenia-saga-aigua-495x400.jpg 495w, https:\/\/cerdanya.org\/wp-content\/uploads\/2021\/12\/santa-eugenia-saga-aigua-845x684.jpg 845w\" sizes=\"(max-width: 495px) 100vw, 495px\" \/><div class='big-prev-fake'><img decoding=\"async\" loading=\"lazy\" class=\"wp-image-24241 avia-img-lazy-loading-24241\"  width=\"495\" height=\"400\" src=\"https:\/\/cerdanya.org\/wp-content\/uploads\/2021\/12\/santa-eugenia-saga-aigua-495x400.jpg\" title='12. GER- Santa Euge\u0300nia de Saga' alt='Santa Eug\u00e8nia de Saga' srcset=\"https:\/\/cerdanya.org\/wp-content\/uploads\/2021\/12\/santa-eugenia-saga-aigua-495x400.jpg 495w, https:\/\/cerdanya.org\/wp-content\/uploads\/2021\/12\/santa-eugenia-saga-aigua-845x684.jpg 845w\" sizes=\"auto, (max-width: 495px) 100vw, 495px\" \/><\/div><\/a><\/div><\/div><\/div>\n<style type=\"text\/css\" data-created_by=\"avia_inline_auto\" id=\"style-css-av-13qih77-00e4eae9d0b6c138f9ba0e0aa3d8fb95\">\n.flex_column.av-13qih77-00e4eae9d0b6c138f9ba0e0aa3d8fb95{\nborder-radius:0px 0px 0px 0px;\npadding:0px 0px 0px 0px;\n}\n<\/style>\n<div  class='flex_column av-13qih77-00e4eae9d0b6c138f9ba0e0aa3d8fb95 av_one_full  avia-builder-el-5  el_after_av_one_half  el_before_av_one_half  first flex_column_div av-zero-column-padding  column-top-margin'     ><style type=\"text\/css\" data-created_by=\"avia_inline_auto\" id=\"style-css-av-kwp2dp8f-f55138033d46035ff7ae47226ad7fa00\">\n#top .hr.hr-invisible.av-kwp2dp8f-f55138033d46035ff7ae47226ad7fa00{\nheight:20px;\n}\n<\/style>\n<div  class='hr av-kwp2dp8f-f55138033d46035ff7ae47226ad7fa00 hr-invisible  avia-builder-el-6  avia-builder-el-no-sibling '><span class='hr-inner '><span class=\"hr-inner-style\"><\/span><\/span><\/div><\/div><\/p>\n\n<style type=\"text\/css\" data-created_by=\"avia_inline_auto\" id=\"style-css-av-134wfyy-e1e5fe708bf1fbeb8eacacc7787c9a23\">\n.flex_column.av-134wfyy-e1e5fe708bf1fbeb8eacacc7787c9a23{\nborder-radius:0px 0px 0px 0px;\npadding:0px 0px 0px 0px;\n}\n<\/style>\n<div  class='flex_column av-134wfyy-e1e5fe708bf1fbeb8eacacc7787c9a23 av_one_half  avia-builder-el-7  el_after_av_one_full  avia-builder-el-last  first flex_column_div av-zero-column-padding  column-top-margin'     ><p>\n<style type=\"text\/css\" data-created_by=\"avia_inline_auto\" id=\"style-css-av-rrp7wa-19b2654d839ae33ab2d5c6a749bb4d98\">\n#top .av-special-heading.av-rrp7wa-19b2654d839ae33ab2d5c6a749bb4d98{\npadding-bottom:10px;\n}\nbody .av-special-heading.av-rrp7wa-19b2654d839ae33ab2d5c6a749bb4d98 .av-special-heading-tag .heading-char{\nfont-size:25px;\n}\n.av-special-heading.av-rrp7wa-19b2654d839ae33ab2d5c6a749bb4d98 .av-subheading{\nfont-size:15px;\n}\n<\/style>\n<div  class='av-special-heading av-rrp7wa-19b2654d839ae33ab2d5c6a749bb4d98 av-special-heading-h5  avia-builder-el-8  el_before_av_image  avia-builder-el-first '><h5 class='av-special-heading-tag '  itemprop=\"headline\"  >Plan et section<\/h5><div class=\"special-heading-border\"><div class=\"special-heading-inner-border\"><\/div><\/div><\/div><br \/>\n\n<style type=\"text\/css\" data-created_by=\"avia_inline_auto\" id=\"style-css-av-kxq775t7-88ba883d1288a87cdfdcbe9214270ff3\">\n.avia-image-container.av-kxq775t7-88ba883d1288a87cdfdcbe9214270ff3 img.avia_image{\nbox-shadow:none;\n}\n.avia-image-container.av-kxq775t7-88ba883d1288a87cdfdcbe9214270ff3 .av-image-caption-overlay-center{\ncolor:#ffffff;\n}\n<\/style>\n<div  class='avia-image-container av-kxq775t7-88ba883d1288a87cdfdcbe9214270ff3 av-styling- avia-align-center  avia-builder-el-9  el_after_av_heading  avia-builder-el-last '   itemprop=\"image\" itemscope=\"itemscope\" itemtype=\"https:\/\/schema.org\/ImageObject\" ><div class=\"avia-image-container-inner\"><div class=\"avia-image-overlay-wrap\"><img decoding=\"async\" fetchpriority=\"high\" class='wp-image-24229 avia-img-lazy-loading-not-24229 avia_image ' src=\"https:\/\/cerdanya.org\/wp-content\/uploads\/2021\/12\/santa-eugenia-Saga-1030x464.jpg\" alt='Santa Eug\u00e8nia de Saga' title='santa-eugenia-Saga'  height=\"464\" width=\"1030\"  itemprop=\"thumbnailUrl\" srcset=\"https:\/\/cerdanya.org\/wp-content\/uploads\/2021\/12\/santa-eugenia-Saga-1030x464.jpg 1030w, https:\/\/cerdanya.org\/wp-content\/uploads\/2021\/12\/santa-eugenia-Saga-300x135.jpg 300w, https:\/\/cerdanya.org\/wp-content\/uploads\/2021\/12\/santa-eugenia-Saga-768x346.jpg 768w, https:\/\/cerdanya.org\/wp-content\/uploads\/2021\/12\/santa-eugenia-Saga-705x317.jpg 705w, https:\/\/cerdanya.org\/wp-content\/uploads\/2021\/12\/santa-eugenia-Saga.jpg 1500w\" sizes=\"(max-width: 1030px) 100vw, 1030px\" \/><\/div><\/div><\/div><\/p><\/div>\n","protected":false},"excerpt":{"rendered":"","protected":false},"author":3,"featured_media":23322,"parent":30635,"menu_order":30,"comment_status":"closed","ping_status":"closed","template":"","meta":{"footnotes":""},"class_list":["post-30532","page","type-page","status-publish","has-post-thumbnail","hentry"],"_links":{"self":[{"href":"https:\/\/cerdanya.org\/fr\/wp-json\/wp\/v2\/pages\/30532","targetHints":{"allow":["GET"]}}],"collection":[{"href":"https:\/\/cerdanya.org\/fr\/wp-json\/wp\/v2\/pages"}],"about":[{"href":"https:\/\/cerdanya.org\/fr\/wp-json\/wp\/v2\/types\/page"}],"author":[{"embeddable":true,"href":"https:\/\/cerdanya.org\/fr\/wp-json\/wp\/v2\/users\/3"}],"replies":[{"embeddable":true,"href":"https:\/\/cerdanya.org\/fr\/wp-json\/wp\/v2\/comments?post=30532"}],"version-history":[{"count":0,"href":"https:\/\/cerdanya.org\/fr\/wp-json\/wp\/v2\/pages\/30532\/revisions"}],"up":[{"embeddable":true,"href":"https:\/\/cerdanya.org\/fr\/wp-json\/wp\/v2\/pages\/30635"}],"wp:featuredmedia":[{"embeddable":true,"href":"https:\/\/cerdanya.org\/fr\/wp-json\/wp\/v2\/media\/23322"}],"wp:attachment":[{"href":"https:\/\/cerdanya.org\/fr\/wp-json\/wp\/v2\/media?parent=30532"}],"curies":[{"name":"wp","href":"https:\/\/api.w.org\/{rel}","templated":true}]}}