{"id":30493,"date":"2022-04-12T18:21:15","date_gmt":"2022-04-12T16:21:15","guid":{"rendered":"http:\/\/www.cerdanya.org\/sanctuari-de-bastanist\/"},"modified":"2022-04-28T22:59:58","modified_gmt":"2022-04-28T20:59:58","slug":"sanctuari-de-bastanist","status":"publish","type":"page","link":"https:\/\/cerdanya.org\/fr\/que-faire\/tourisme-culturel\/patrimoine-culturel\/montella-i-martinet\/sanctuari-de-bastanist\/","title":{"rendered":"Sanctuari de Bastanist"},"content":{"rendered":"\n<style type=\"text\/css\" data-created_by=\"avia_inline_auto\" id=\"style-css-av-36rb4oj-ba4d95154227ed0d8a771e7152bf9e9e\">\n.flex_column.av-36rb4oj-ba4d95154227ed0d8a771e7152bf9e9e{\nborder-radius:0px 0px 0px 0px;\npadding:0px 0px 0px 0px;\n}\n<\/style>\n<div  class='flex_column av-36rb4oj-ba4d95154227ed0d8a771e7152bf9e9e av_one_half  avia-builder-el-0  el_before_av_one_half  avia-builder-el-first  first flex_column_div av-zero-column-padding  '     ><p>\n<style type=\"text\/css\" data-created_by=\"avia_inline_auto\" id=\"style-css-av-5gjgvm-83b86ecf63e1cbcaaa733b91ad2f75db\">\n#top .av-special-heading.av-5gjgvm-83b86ecf63e1cbcaaa733b91ad2f75db{\npadding-bottom:10px;\n}\nbody .av-special-heading.av-5gjgvm-83b86ecf63e1cbcaaa733b91ad2f75db .av-special-heading-tag .heading-char{\nfont-size:25px;\n}\n.av-special-heading.av-5gjgvm-83b86ecf63e1cbcaaa733b91ad2f75db .av-subheading{\nfont-size:15px;\n}\n<\/style>\n<div  class='av-special-heading av-5gjgvm-83b86ecf63e1cbcaaa733b91ad2f75db av-special-heading-h5  avia-builder-el-1  el_before_av_textblock  avia-builder-el-first '><h5 class='av-special-heading-tag '  itemprop=\"headline\"  >Description<\/h5><div class=\"special-heading-border\"><div class=\"special-heading-inner-border\"><\/div><\/div><\/div><br \/>\n<section  class='av_textblock_section av-ksyomoyl-25f1f3c8b1a0a9b03a6473be4799410f '   itemscope=\"itemscope\" itemtype=\"https:\/\/schema.org\/CreativeWork\" ><div class='avia_textblock'  itemprop=\"text\" ><p>Cette \u00e9glise a \u00e9t\u00e9 reconstruite en 1704 selon la date grav\u00e9e sur le linteau de la porte. Il fait partie de l&rsquo;ensemble d&rsquo;une <em>domus hospitalis<\/em> sur la route entre G\u00f3sol et Barid\u00e0. Il ne reste de l&rsquo;ancien \u00e9difice qu&rsquo;un fragment de l&rsquo;abside semi-circulaire, cach\u00e9 par les b\u00e2timents environnants, et \u00e0 un peu plus d&rsquo;un m\u00e8tre du mur nord de la nef.<\/p>\n<p>Fait int\u00e9ressant, on peut voir l&rsquo;int\u00e9rieur de l&rsquo;abside, tr\u00e8s restaur\u00e9, remontant jusqu&rsquo;\u00e0 la loge du grand retable de l&rsquo;autel o\u00f9 pr\u00e9side la sculpture polychrome de la Vierge, reproduction fid\u00e8le de celle disparue en 1936.<\/p>\n<p>Il existe plusieurs versions de la l\u00e9gende de la d\u00e9couverte de la Vierge de Bastanist. La l\u00e9gende la plus r\u00e9pandue raconte que vers l&rsquo;an 1109 un berger de Cal Pallar\u00e8s de V\u00edllec, trouva le taureau de la vache agenouill\u00e9 devant un buis pr\u00e8s d&rsquo;une partie de Bastanist et r\u00e9alisa qu&rsquo;il y avait une Vierge Marie. Il l&rsquo;a mis dans la sacoche et quand il est rentr\u00e9 chez lui l&rsquo;image avait disparu. Le lendemain, il la retrouva au m\u00eame endroit, et ainsi chaque jour jusqu&rsquo;\u00e0 ce qu&rsquo;il devienne \u00e9vident que Notre-Dame ne voulait pas partir. Ils disent qu&rsquo;une temp\u00eate de neige \u00e0 la mi-ao\u00fbt a confirm\u00e9 \u00e0 tout le comt\u00e9 que c&rsquo;\u00e9tait l\u00e0 qu&rsquo;il voulait son sanctuaire. C&rsquo;est pourquoi elle est \u00e9galement connue sous le nom de Mare de D\u00e9u del Boix et de nombreuses vertus sont attribu\u00e9es aux buis de la r\u00e9gion.<\/p>\n<\/div><\/section><\/p><\/div>\n<style type=\"text\/css\" data-created_by=\"avia_inline_auto\" id=\"style-css-av-2coqnf7-fe66bdd07c1c8428c9bfcd41c861e712\">\n.flex_column.av-2coqnf7-fe66bdd07c1c8428c9bfcd41c861e712{\nborder-radius:0px 0px 0px 0px;\npadding:0px 0px 0px 0px;\n}\n<\/style>\n<div  class='flex_column av-2coqnf7-fe66bdd07c1c8428c9bfcd41c861e712 av_one_half  avia-builder-el-3  el_after_av_one_half  el_before_av_one_full  flex_column_div av-zero-column-padding  '     ><style type=\"text\/css\" data-created_by=\"avia_inline_auto\" id=\"style-css-av-29ooh4j-a61043256cb60035b96229215bdfa701\">\n#top .avia-gallery.av-29ooh4j-a61043256cb60035b96229215bdfa701 .avia-gallery-thumb a{\nwidth:20%;\n}\n<\/style>\n<div  class='avia-gallery av-29ooh4j-a61043256cb60035b96229215bdfa701 avia_animate_when_visible  avia-builder-el-4  avia-builder-el-no-sibling  avia_lazyload av-slideshow-ui av-loop-manual-endless av-control-hidden av-navigate-arrows av-navigate-dots hover-effect av-control-hidden avia-gallery-animate avia-gallery-1'  itemprop=\"image\" itemscope=\"itemscope\" itemtype=\"https:\/\/schema.org\/ImageObject\" ><meta itemprop=\"contentURL\" content=\"https:\/\/cerdanya.org\/fr\/que-faire\/tourisme-culturel\/patrimoine-culturel\/montella-i-martinet\/sanctuari-de-bastanist\/\"><div class='avia-gallery-big-wrapper'><a class='avia-gallery-big fakeLightbox lightbox avia-gallery-big-crop-thumb ' href=\"https:\/\/cerdanya.org\/wp-content\/uploads\/2021\/12\/santuari-bastanist-1030x687.jpg\" data-srcset=\"https:\/\/cerdanya.org\/wp-content\/uploads\/2021\/12\/santuari-bastanist-1030x687.jpg 1030w, https:\/\/cerdanya.org\/wp-content\/uploads\/2021\/12\/santuari-bastanist-300x200.jpg 300w, https:\/\/cerdanya.org\/wp-content\/uploads\/2021\/12\/santuari-bastanist-768x512.jpg 768w, https:\/\/cerdanya.org\/wp-content\/uploads\/2021\/12\/santuari-bastanist-705x470.jpg 705w, https:\/\/cerdanya.org\/wp-content\/uploads\/2021\/12\/santuari-bastanist.jpg 1500w\" data-sizes=\"(max-width: 1030px) 100vw, 1030px\"  data-onclick='1' title='Santuari de Bastanist' ><span class='avia-gallery-big-inner'  itemprop=\"thumbnailUrl\" ><img decoding=\"async\" fetchpriority=\"high\" class=\"wp-image-24409 avia-img-lazy-loading-not-24409\"  width=\"495\" height=\"400\" src=\"https:\/\/cerdanya.org\/wp-content\/uploads\/2021\/12\/santuari-bastanist-495x400.jpg\" title='21. MONTELLA\u0300 I MARTINET- Santuari de Bastanist' alt='Santuari de Bastanist' srcset=\"https:\/\/cerdanya.org\/wp-content\/uploads\/2021\/12\/santuari-bastanist-495x400.jpg 495w, https:\/\/cerdanya.org\/wp-content\/uploads\/2021\/12\/santuari-bastanist-845x684.jpg 845w\" sizes=\"(max-width: 495px) 100vw, 495px\" \/><span class='avia-gallery-caption'>Santuari de Bastanist<\/span><\/span><\/a><\/div><div class='avia-gallery-thumb'><a href=\"https:\/\/cerdanya.org\/wp-content\/uploads\/2021\/12\/santuari-bastanist-1030x687.jpg\" data-srcset=\"https:\/\/cerdanya.org\/wp-content\/uploads\/2021\/12\/santuari-bastanist-1030x687.jpg 1030w, https:\/\/cerdanya.org\/wp-content\/uploads\/2021\/12\/santuari-bastanist-300x200.jpg 300w, https:\/\/cerdanya.org\/wp-content\/uploads\/2021\/12\/santuari-bastanist-768x512.jpg 768w, https:\/\/cerdanya.org\/wp-content\/uploads\/2021\/12\/santuari-bastanist-705x470.jpg 705w, https:\/\/cerdanya.org\/wp-content\/uploads\/2021\/12\/santuari-bastanist.jpg 1500w\" data-sizes=\"(max-width: 1030px) 100vw, 1030px\" data-rel='gallery-1' data-prev-img='https:\/\/cerdanya.org\/wp-content\/uploads\/2021\/12\/santuari-bastanist-495x400.jpg' class='first_thumb lightbox ' data-onclick='1' title='Santuari de Bastanist'  itemprop=\"thumbnailUrl\"  ><img decoding=\"async\" fetchpriority=\"high\" class=\"wp-image-24409 avia-img-lazy-loading-not-24409\"  data-avia-tooltip='Santuari de Bastanist' src=\"https:\/\/cerdanya.org\/wp-content\/uploads\/2021\/12\/santuari-bastanist-495x400.jpg\" width=\"495\" height=\"400\"  title='21. MONTELLA\u0300 I MARTINET- Santuari de Bastanist' alt='Santuari de Bastanist' srcset=\"https:\/\/cerdanya.org\/wp-content\/uploads\/2021\/12\/santuari-bastanist-495x400.jpg 495w, https:\/\/cerdanya.org\/wp-content\/uploads\/2021\/12\/santuari-bastanist-845x684.jpg 845w\" sizes=\"(max-width: 495px) 100vw, 495px\" \/><div class='big-prev-fake'><img decoding=\"async\" loading=\"lazy\" class=\"wp-image-24409 avia-img-lazy-loading-24409\"  width=\"495\" height=\"400\" src=\"https:\/\/cerdanya.org\/wp-content\/uploads\/2021\/12\/santuari-bastanist-495x400.jpg\" title='21. MONTELLA\u0300 I MARTINET- Santuari de Bastanist' alt='Santuari de Bastanist' srcset=\"https:\/\/cerdanya.org\/wp-content\/uploads\/2021\/12\/santuari-bastanist-495x400.jpg 495w, https:\/\/cerdanya.org\/wp-content\/uploads\/2021\/12\/santuari-bastanist-845x684.jpg 845w\" sizes=\"auto, (max-width: 495px) 100vw, 495px\" \/><\/div><\/a><a href=\"https:\/\/cerdanya.org\/wp-content\/uploads\/2021\/12\/santuari-bastanist-altar-1030x687.jpg\" data-srcset=\"https:\/\/cerdanya.org\/wp-content\/uploads\/2021\/12\/santuari-bastanist-altar-1030x687.jpg 1030w, https:\/\/cerdanya.org\/wp-content\/uploads\/2021\/12\/santuari-bastanist-altar-300x200.jpg 300w, https:\/\/cerdanya.org\/wp-content\/uploads\/2021\/12\/santuari-bastanist-altar-768x512.jpg 768w, https:\/\/cerdanya.org\/wp-content\/uploads\/2021\/12\/santuari-bastanist-altar-705x470.jpg 705w, https:\/\/cerdanya.org\/wp-content\/uploads\/2021\/12\/santuari-bastanist-altar.jpg 1500w\" data-sizes=\"(max-width: 1030px) 100vw, 1030px\" data-rel='gallery-1' data-prev-img='https:\/\/cerdanya.org\/wp-content\/uploads\/2021\/12\/santuari-bastanist-altar-495x400.jpg' class='lightbox ' data-onclick='2' title='Santuari de Bastanist'  itemprop=\"thumbnailUrl\"  ><img decoding=\"async\" fetchpriority=\"high\" class=\"wp-image-24411 avia-img-lazy-loading-not-24411\"  data-avia-tooltip='Santuari de Bastanist' src=\"https:\/\/cerdanya.org\/wp-content\/uploads\/2021\/12\/santuari-bastanist-altar-495x400.jpg\" width=\"495\" height=\"400\"  title='Santuari de Bastanist' alt='Santuari de Bastanist' srcset=\"https:\/\/cerdanya.org\/wp-content\/uploads\/2021\/12\/santuari-bastanist-altar-495x400.jpg 495w, https:\/\/cerdanya.org\/wp-content\/uploads\/2021\/12\/santuari-bastanist-altar-845x684.jpg 845w\" sizes=\"(max-width: 495px) 100vw, 495px\" \/><div class='big-prev-fake'><img decoding=\"async\" loading=\"lazy\" class=\"wp-image-24411 avia-img-lazy-loading-24411\"  width=\"495\" height=\"400\" src=\"https:\/\/cerdanya.org\/wp-content\/uploads\/2021\/12\/santuari-bastanist-altar-495x400.jpg\" title='Santuari de Bastanist' alt='Santuari de Bastanist' srcset=\"https:\/\/cerdanya.org\/wp-content\/uploads\/2021\/12\/santuari-bastanist-altar-495x400.jpg 495w, https:\/\/cerdanya.org\/wp-content\/uploads\/2021\/12\/santuari-bastanist-altar-845x684.jpg 845w\" sizes=\"auto, (max-width: 495px) 100vw, 495px\" \/><\/div><\/a><a href=\"https:\/\/cerdanya.org\/wp-content\/uploads\/2021\/12\/santuari-bastanist-moreneta-1030x687.jpg\" data-srcset=\"https:\/\/cerdanya.org\/wp-content\/uploads\/2021\/12\/santuari-bastanist-moreneta-1030x687.jpg 1030w, https:\/\/cerdanya.org\/wp-content\/uploads\/2021\/12\/santuari-bastanist-moreneta-300x200.jpg 300w, https:\/\/cerdanya.org\/wp-content\/uploads\/2021\/12\/santuari-bastanist-moreneta-768x512.jpg 768w, https:\/\/cerdanya.org\/wp-content\/uploads\/2021\/12\/santuari-bastanist-moreneta-705x470.jpg 705w, https:\/\/cerdanya.org\/wp-content\/uploads\/2021\/12\/santuari-bastanist-moreneta.jpg 1500w\" data-sizes=\"(max-width: 1030px) 100vw, 1030px\" data-rel='gallery-1' data-prev-img='https:\/\/cerdanya.org\/wp-content\/uploads\/2021\/12\/santuari-bastanist-moreneta-495x400.jpg' class='lightbox ' data-onclick='3' title='Santuari de Bastanist'  itemprop=\"thumbnailUrl\"  ><img decoding=\"async\" fetchpriority=\"high\" class=\"wp-image-24413 avia-img-lazy-loading-not-24413\"  data-avia-tooltip='Santuari de Bastanist' src=\"https:\/\/cerdanya.org\/wp-content\/uploads\/2021\/12\/santuari-bastanist-moreneta-495x400.jpg\" width=\"495\" height=\"400\"  title='21. MONTELLA\u0300 I MARTINET- Santuari de Bastanist' alt='Santuari de Bastanist' srcset=\"https:\/\/cerdanya.org\/wp-content\/uploads\/2021\/12\/santuari-bastanist-moreneta-495x400.jpg 495w, https:\/\/cerdanya.org\/wp-content\/uploads\/2021\/12\/santuari-bastanist-moreneta-845x684.jpg 845w\" sizes=\"(max-width: 495px) 100vw, 495px\" \/><div class='big-prev-fake'><img decoding=\"async\" loading=\"lazy\" class=\"wp-image-24413 avia-img-lazy-loading-24413\"  width=\"495\" height=\"400\" src=\"https:\/\/cerdanya.org\/wp-content\/uploads\/2021\/12\/santuari-bastanist-moreneta-495x400.jpg\" title='21. MONTELLA\u0300 I MARTINET- Santuari de Bastanist' alt='Santuari de Bastanist' srcset=\"https:\/\/cerdanya.org\/wp-content\/uploads\/2021\/12\/santuari-bastanist-moreneta-495x400.jpg 495w, https:\/\/cerdanya.org\/wp-content\/uploads\/2021\/12\/santuari-bastanist-moreneta-845x684.jpg 845w\" sizes=\"auto, (max-width: 495px) 100vw, 495px\" \/><\/div><\/a><a href=\"https:\/\/cerdanya.org\/wp-content\/uploads\/2021\/12\/santuari-bastanist-verge-1030x687.jpg\" data-srcset=\"https:\/\/cerdanya.org\/wp-content\/uploads\/2021\/12\/santuari-bastanist-verge-1030x687.jpg 1030w, https:\/\/cerdanya.org\/wp-content\/uploads\/2021\/12\/santuari-bastanist-verge-300x200.jpg 300w, https:\/\/cerdanya.org\/wp-content\/uploads\/2021\/12\/santuari-bastanist-verge-768x512.jpg 768w, https:\/\/cerdanya.org\/wp-content\/uploads\/2021\/12\/santuari-bastanist-verge-705x470.jpg 705w, https:\/\/cerdanya.org\/wp-content\/uploads\/2021\/12\/santuari-bastanist-verge.jpg 1500w\" data-sizes=\"(max-width: 1030px) 100vw, 1030px\" data-rel='gallery-1' data-prev-img='https:\/\/cerdanya.org\/wp-content\/uploads\/2021\/12\/santuari-bastanist-verge-495x400.jpg' class='lightbox ' data-onclick='4' title='Santuari de Bastanist'  itemprop=\"thumbnailUrl\"  ><img decoding=\"async\" fetchpriority=\"high\" class=\"wp-image-24415 avia-img-lazy-loading-not-24415\"  data-avia-tooltip='Santuari de Bastanist' src=\"https:\/\/cerdanya.org\/wp-content\/uploads\/2021\/12\/santuari-bastanist-verge-495x400.jpg\" width=\"495\" height=\"400\"  title='21. MONTELLA\u0300 I MARTINET- Santuari de Bastanist' alt='Santuari de Bastanist' srcset=\"https:\/\/cerdanya.org\/wp-content\/uploads\/2021\/12\/santuari-bastanist-verge-495x400.jpg 495w, https:\/\/cerdanya.org\/wp-content\/uploads\/2021\/12\/santuari-bastanist-verge-845x684.jpg 845w\" sizes=\"(max-width: 495px) 100vw, 495px\" \/><div class='big-prev-fake'><img decoding=\"async\" loading=\"lazy\" class=\"wp-image-24415 avia-img-lazy-loading-24415\"  width=\"495\" height=\"400\" src=\"https:\/\/cerdanya.org\/wp-content\/uploads\/2021\/12\/santuari-bastanist-verge-495x400.jpg\" title='21. MONTELLA\u0300 I MARTINET- Santuari de Bastanist' alt='Santuari de Bastanist' srcset=\"https:\/\/cerdanya.org\/wp-content\/uploads\/2021\/12\/santuari-bastanist-verge-495x400.jpg 495w, https:\/\/cerdanya.org\/wp-content\/uploads\/2021\/12\/santuari-bastanist-verge-845x684.jpg 845w\" sizes=\"auto, (max-width: 495px) 100vw, 495px\" \/><\/div><\/a><a href=\"https:\/\/cerdanya.org\/wp-content\/uploads\/2021\/12\/santuari-bastanist-frontal-1030x687.jpg\" data-srcset=\"https:\/\/cerdanya.org\/wp-content\/uploads\/2021\/12\/santuari-bastanist-frontal-1030x687.jpg 1030w, https:\/\/cerdanya.org\/wp-content\/uploads\/2021\/12\/santuari-bastanist-frontal-300x200.jpg 300w, https:\/\/cerdanya.org\/wp-content\/uploads\/2021\/12\/santuari-bastanist-frontal-768x512.jpg 768w, https:\/\/cerdanya.org\/wp-content\/uploads\/2021\/12\/santuari-bastanist-frontal-705x470.jpg 705w, https:\/\/cerdanya.org\/wp-content\/uploads\/2021\/12\/santuari-bastanist-frontal.jpg 1500w\" data-sizes=\"(max-width: 1030px) 100vw, 1030px\" data-rel='gallery-1' data-prev-img='https:\/\/cerdanya.org\/wp-content\/uploads\/2021\/12\/santuari-bastanist-frontal-495x400.jpg' class='lightbox ' data-onclick='5' title='Cordenades UMT: 31T 391741 4685257'  itemprop=\"thumbnailUrl\"  ><img decoding=\"async\" fetchpriority=\"high\" class=\"wp-image-24417 avia-img-lazy-loading-not-24417\"  data-avia-tooltip='Cordenades UMT: 31T 391741 4685257' src=\"https:\/\/cerdanya.org\/wp-content\/uploads\/2021\/12\/santuari-bastanist-frontal-495x400.jpg\" width=\"495\" height=\"400\"  title='21. MONTELLA\u0300 I MARTINET- Santuari de Bastanist' alt='Santuari de Bastanist' srcset=\"https:\/\/cerdanya.org\/wp-content\/uploads\/2021\/12\/santuari-bastanist-frontal-495x400.jpg 495w, https:\/\/cerdanya.org\/wp-content\/uploads\/2021\/12\/santuari-bastanist-frontal-845x684.jpg 845w\" sizes=\"(max-width: 495px) 100vw, 495px\" \/><div class='big-prev-fake'><img decoding=\"async\" loading=\"lazy\" class=\"wp-image-24417 avia-img-lazy-loading-24417\"  width=\"495\" height=\"400\" src=\"https:\/\/cerdanya.org\/wp-content\/uploads\/2021\/12\/santuari-bastanist-frontal-495x400.jpg\" title='21. MONTELLA\u0300 I MARTINET- Santuari de Bastanist' alt='Santuari de Bastanist' srcset=\"https:\/\/cerdanya.org\/wp-content\/uploads\/2021\/12\/santuari-bastanist-frontal-495x400.jpg 495w, https:\/\/cerdanya.org\/wp-content\/uploads\/2021\/12\/santuari-bastanist-frontal-845x684.jpg 845w\" sizes=\"auto, (max-width: 495px) 100vw, 495px\" \/><\/div><\/a><a href=\"https:\/\/cerdanya.org\/wp-content\/uploads\/2021\/12\/santuari-bastanist-bancs-1030x687.jpg\" data-srcset=\"https:\/\/cerdanya.org\/wp-content\/uploads\/2021\/12\/santuari-bastanist-bancs-1030x687.jpg 1030w, https:\/\/cerdanya.org\/wp-content\/uploads\/2021\/12\/santuari-bastanist-bancs-300x200.jpg 300w, https:\/\/cerdanya.org\/wp-content\/uploads\/2021\/12\/santuari-bastanist-bancs-768x512.jpg 768w, https:\/\/cerdanya.org\/wp-content\/uploads\/2021\/12\/santuari-bastanist-bancs-705x470.jpg 705w, https:\/\/cerdanya.org\/wp-content\/uploads\/2021\/12\/santuari-bastanist-bancs.jpg 1500w\" data-sizes=\"(max-width: 1030px) 100vw, 1030px\" data-rel='gallery-1' data-prev-img='https:\/\/cerdanya.org\/wp-content\/uploads\/2021\/12\/santuari-bastanist-bancs-495x400.jpg' class='first_thumb lightbox ' data-onclick='6' title='Santuari de Bastanist'  itemprop=\"thumbnailUrl\"  ><img decoding=\"async\" fetchpriority=\"high\" class=\"wp-image-24419 avia-img-lazy-loading-not-24419\"  data-avia-tooltip='Santuari de Bastanist' src=\"https:\/\/cerdanya.org\/wp-content\/uploads\/2021\/12\/santuari-bastanist-bancs-495x400.jpg\" width=\"495\" height=\"400\"  title='21. MONTELLA\u0300 I MARTINET- Santuari de Bastanist' alt='Santuari de Bastanist' srcset=\"https:\/\/cerdanya.org\/wp-content\/uploads\/2021\/12\/santuari-bastanist-bancs-495x400.jpg 495w, https:\/\/cerdanya.org\/wp-content\/uploads\/2021\/12\/santuari-bastanist-bancs-845x684.jpg 845w\" sizes=\"(max-width: 495px) 100vw, 495px\" \/><div class='big-prev-fake'><img decoding=\"async\" loading=\"lazy\" class=\"wp-image-24419 avia-img-lazy-loading-24419\"  width=\"495\" height=\"400\" src=\"https:\/\/cerdanya.org\/wp-content\/uploads\/2021\/12\/santuari-bastanist-bancs-495x400.jpg\" title='21. MONTELLA\u0300 I MARTINET- Santuari de Bastanist' alt='Santuari de Bastanist' srcset=\"https:\/\/cerdanya.org\/wp-content\/uploads\/2021\/12\/santuari-bastanist-bancs-495x400.jpg 495w, https:\/\/cerdanya.org\/wp-content\/uploads\/2021\/12\/santuari-bastanist-bancs-845x684.jpg 845w\" sizes=\"auto, (max-width: 495px) 100vw, 495px\" \/><\/div><\/a><\/div><\/div><\/div>\n<style type=\"text\/css\" data-created_by=\"avia_inline_auto\" id=\"style-css-av-13qih77-00e4eae9d0b6c138f9ba0e0aa3d8fb95\">\n.flex_column.av-13qih77-00e4eae9d0b6c138f9ba0e0aa3d8fb95{\nborder-radius:0px 0px 0px 0px;\npadding:0px 0px 0px 0px;\n}\n<\/style>\n<div  class='flex_column av-13qih77-00e4eae9d0b6c138f9ba0e0aa3d8fb95 av_one_full  avia-builder-el-5  el_after_av_one_half  el_before_av_one_half  first flex_column_div av-zero-column-padding  column-top-margin'     ><style type=\"text\/css\" data-created_by=\"avia_inline_auto\" id=\"style-css-av-kwp2dp8f-f55138033d46035ff7ae47226ad7fa00\">\n#top .hr.hr-invisible.av-kwp2dp8f-f55138033d46035ff7ae47226ad7fa00{\nheight:20px;\n}\n<\/style>\n<div  class='hr av-kwp2dp8f-f55138033d46035ff7ae47226ad7fa00 hr-invisible  avia-builder-el-6  avia-builder-el-no-sibling '><span class='hr-inner '><span class=\"hr-inner-style\"><\/span><\/span><\/div><\/div><\/p>\n\n<style type=\"text\/css\" data-created_by=\"avia_inline_auto\" id=\"style-css-av-12b4rrm-b42b13388a712f1a044cd93e5e83b1be\">\n.flex_column.av-12b4rrm-b42b13388a712f1a044cd93e5e83b1be{\nborder-radius:0px 0px 0px 0px;\npadding:0px 0px 0px 0px;\n}\n<\/style>\n<div  class='flex_column av-12b4rrm-b42b13388a712f1a044cd93e5e83b1be av_one_half  avia-builder-el-7  el_after_av_one_full  avia-builder-el-last  first flex_column_div av-zero-column-padding  column-top-margin'     ><p>\n<style type=\"text\/css\" data-created_by=\"avia_inline_auto\" id=\"style-css-av-qs9xg2-6b2af11f46af9e2006aaedf92553b1a4\">\n#top .av-special-heading.av-qs9xg2-6b2af11f46af9e2006aaedf92553b1a4{\npadding-bottom:10px;\n}\nbody .av-special-heading.av-qs9xg2-6b2af11f46af9e2006aaedf92553b1a4 .av-special-heading-tag .heading-char{\nfont-size:25px;\n}\n.av-special-heading.av-qs9xg2-6b2af11f46af9e2006aaedf92553b1a4 .av-subheading{\nfont-size:15px;\n}\n<\/style>\n<div  class='av-special-heading av-qs9xg2-6b2af11f46af9e2006aaedf92553b1a4 av-special-heading-h5  avia-builder-el-8  el_before_av_image  avia-builder-el-first '><h5 class='av-special-heading-tag '  itemprop=\"headline\"  >Plan et section<\/h5><div class=\"special-heading-border\"><div class=\"special-heading-inner-border\"><\/div><\/div><\/div><br \/>\n\n<style type=\"text\/css\" data-created_by=\"avia_inline_auto\" id=\"style-css-av-kxrbpiwh-700282fead2c70a943badb0a90b94517\">\n.avia-image-container.av-kxrbpiwh-700282fead2c70a943badb0a90b94517 img.avia_image{\nbox-shadow:none;\n}\n.avia-image-container.av-kxrbpiwh-700282fead2c70a943badb0a90b94517 .av-image-caption-overlay-center{\ncolor:#ffffff;\n}\n<\/style>\n<div  class='avia-image-container av-kxrbpiwh-700282fead2c70a943badb0a90b94517 av-styling- avia-align-center  avia-builder-el-9  el_after_av_heading  avia-builder-el-last '   itemprop=\"image\" itemscope=\"itemscope\" itemtype=\"https:\/\/schema.org\/ImageObject\" ><div class=\"avia-image-container-inner\"><div class=\"avia-image-overlay-wrap\"><img decoding=\"async\" fetchpriority=\"high\" class='wp-image-24407 avia-img-lazy-loading-not-24407 avia_image ' src=\"https:\/\/cerdanya.org\/wp-content\/uploads\/2021\/12\/santa-maria-Bastanist-1030x669.jpg\" alt='Santuari de Bastanist' title='santa-maria-Bastanist'  height=\"669\" width=\"1030\"  itemprop=\"thumbnailUrl\" srcset=\"https:\/\/cerdanya.org\/wp-content\/uploads\/2021\/12\/santa-maria-Bastanist-1030x669.jpg 1030w, https:\/\/cerdanya.org\/wp-content\/uploads\/2021\/12\/santa-maria-Bastanist-300x195.jpg 300w, https:\/\/cerdanya.org\/wp-content\/uploads\/2021\/12\/santa-maria-Bastanist-768x499.jpg 768w, https:\/\/cerdanya.org\/wp-content\/uploads\/2021\/12\/santa-maria-Bastanist-705x458.jpg 705w, https:\/\/cerdanya.org\/wp-content\/uploads\/2021\/12\/santa-maria-Bastanist.jpg 1207w\" sizes=\"(max-width: 1030px) 100vw, 1030px\" \/><\/div><\/div><\/div><\/p><\/div>\n","protected":false},"excerpt":{"rendered":"","protected":false},"author":3,"featured_media":23267,"parent":30621,"menu_order":10,"comment_status":"closed","ping_status":"closed","template":"","meta":{"footnotes":""},"class_list":["post-30493","page","type-page","status-publish","has-post-thumbnail","hentry"],"_links":{"self":[{"href":"https:\/\/cerdanya.org\/fr\/wp-json\/wp\/v2\/pages\/30493","targetHints":{"allow":["GET"]}}],"collection":[{"href":"https:\/\/cerdanya.org\/fr\/wp-json\/wp\/v2\/pages"}],"about":[{"href":"https:\/\/cerdanya.org\/fr\/wp-json\/wp\/v2\/types\/page"}],"author":[{"embeddable":true,"href":"https:\/\/cerdanya.org\/fr\/wp-json\/wp\/v2\/users\/3"}],"replies":[{"embeddable":true,"href":"https:\/\/cerdanya.org\/fr\/wp-json\/wp\/v2\/comments?post=30493"}],"version-history":[{"count":0,"href":"https:\/\/cerdanya.org\/fr\/wp-json\/wp\/v2\/pages\/30493\/revisions"}],"up":[{"embeddable":true,"href":"https:\/\/cerdanya.org\/fr\/wp-json\/wp\/v2\/pages\/30621"}],"wp:featuredmedia":[{"embeddable":true,"href":"https:\/\/cerdanya.org\/fr\/wp-json\/wp\/v2\/media\/23267"}],"wp:attachment":[{"href":"https:\/\/cerdanya.org\/fr\/wp-json\/wp\/v2\/media?parent=30493"}],"curies":[{"name":"wp","href":"https:\/\/api.w.org\/{rel}","templated":true}]}}