{"id":30487,"date":"2022-04-12T17:59:41","date_gmt":"2022-04-12T15:59:41","guid":{"rendered":"http:\/\/www.cerdanya.org\/sant-marti-de-villec\/"},"modified":"2022-04-28T23:00:53","modified_gmt":"2022-04-28T21:00:53","slug":"sant-marti-de-villec","status":"publish","type":"page","link":"https:\/\/cerdanya.org\/fr\/que-faire\/tourisme-culturel\/patrimoine-culturel\/montella-i-martinet\/sant-marti-de-villec\/","title":{"rendered":"Sant Mart\u00ed de Villec"},"content":{"rendered":"\n<style type=\"text\/css\" data-created_by=\"avia_inline_auto\" id=\"style-css-av-36rb4oj-ba4d95154227ed0d8a771e7152bf9e9e\">\n.flex_column.av-36rb4oj-ba4d95154227ed0d8a771e7152bf9e9e{\nborder-radius:0px 0px 0px 0px;\npadding:0px 0px 0px 0px;\n}\n<\/style>\n<div  class='flex_column av-36rb4oj-ba4d95154227ed0d8a771e7152bf9e9e av_one_half  avia-builder-el-0  el_before_av_one_half  avia-builder-el-first  first flex_column_div av-zero-column-padding  '     ><p>\n<style type=\"text\/css\" data-created_by=\"avia_inline_auto\" id=\"style-css-av-1nq0tum-f029471a0b130d1dd2eceedd4379996d\">\n#top .av-special-heading.av-1nq0tum-f029471a0b130d1dd2eceedd4379996d{\npadding-bottom:10px;\n}\nbody .av-special-heading.av-1nq0tum-f029471a0b130d1dd2eceedd4379996d .av-special-heading-tag .heading-char{\nfont-size:25px;\n}\n.av-special-heading.av-1nq0tum-f029471a0b130d1dd2eceedd4379996d .av-subheading{\nfont-size:15px;\n}\n<\/style>\n<div  class='av-special-heading av-1nq0tum-f029471a0b130d1dd2eceedd4379996d av-special-heading-h5  avia-builder-el-1  el_before_av_textblock  avia-builder-el-first '><h5 class='av-special-heading-tag '  itemprop=\"headline\"  >Description<\/h5><div class=\"special-heading-border\"><div class=\"special-heading-inner-border\"><\/div><\/div><\/div><br \/>\n<section  class='av_textblock_section av-ksyomoyl-25f1f3c8b1a0a9b03a6473be4799410f '   itemscope=\"itemscope\" itemtype=\"https:\/\/schema.org\/CreativeWork\" ><div class='avia_textblock'  itemprop=\"text\" ><p>C&rsquo;est un \u00e9difice du XIIe si\u00e8cle, \u00e0 nef unique tr\u00e8s longue du fait de diverses modifications. L&rsquo;abside et le premier pan de la nef sont encore de cette \u00e9poque, comme en t\u00e9moigne le fait que la fen\u00eatre de l&rsquo;abside et le mur sud ont la m\u00eame facture.<\/p>\n<p>Le reste de la nef a \u00e9t\u00e9 reconstruit et renforc\u00e9 d&rsquo;anciens arcs pour soutenir la vo\u00fbte en ogive qui r\u00e9duit la diff\u00e9rence de niveau avec la vo\u00fbte de l&rsquo;abside \u00e0 double arc presbyt\u00e9ral.<\/p>\n<p>La porte d&rsquo;acc\u00e8s se trouve sur la fa\u00e7ade ouest, elle est form\u00e9e par un arc en plein cintre constitu\u00e9 de voussoirs bien taill\u00e9s et suivis d&rsquo;un simple retable. Un beffroi \u00e0 deux yeux s&rsquo;\u00e9l\u00e8ve au-dessus, qui a ensuite \u00e9t\u00e9 transform\u00e9 en tour.<\/p>\n<p>Il conserve les fonts baptismaux constitu\u00e9s d&rsquo;un bloc de granit et d&rsquo;un c\u0153ur en bois.<\/p>\n<\/div><\/section><\/p><\/div>\n<style type=\"text\/css\" data-created_by=\"avia_inline_auto\" id=\"style-css-av-2coqnf7-fe66bdd07c1c8428c9bfcd41c861e712\">\n.flex_column.av-2coqnf7-fe66bdd07c1c8428c9bfcd41c861e712{\nborder-radius:0px 0px 0px 0px;\npadding:0px 0px 0px 0px;\n}\n<\/style>\n<div  class='flex_column av-2coqnf7-fe66bdd07c1c8428c9bfcd41c861e712 av_one_half  avia-builder-el-3  el_after_av_one_half  el_before_av_one_full  flex_column_div av-zero-column-padding  '     ><style type=\"text\/css\" data-created_by=\"avia_inline_auto\" id=\"style-css-av-29ooh4j-40cda1525a932e84cb1ba2f10e533fd3\">\n#top .avia-gallery.av-29ooh4j-40cda1525a932e84cb1ba2f10e533fd3 .avia-gallery-thumb a{\nwidth:20%;\n}\n<\/style>\n<div  class='avia-gallery av-29ooh4j-40cda1525a932e84cb1ba2f10e533fd3 avia_animate_when_visible  avia-builder-el-4  avia-builder-el-no-sibling  avia_lazyload av-slideshow-ui av-loop-manual-endless av-control-hidden av-navigate-arrows av-navigate-dots hover-effect av-control-hidden avia-gallery-animate avia-gallery-1'  itemprop=\"image\" itemscope=\"itemscope\" itemtype=\"https:\/\/schema.org\/ImageObject\" ><meta itemprop=\"contentURL\" content=\"https:\/\/cerdanya.org\/fr\/que-faire\/tourisme-culturel\/patrimoine-culturel\/montella-i-martinet\/sant-marti-de-villec\/\"><div class='avia-gallery-big-wrapper'><a class='avia-gallery-big fakeLightbox lightbox avia-gallery-big-crop-thumb ' href=\"https:\/\/cerdanya.org\/wp-content\/uploads\/2021\/12\/sant-marti-villec-1-1030x687.jpg\" data-srcset=\"https:\/\/cerdanya.org\/wp-content\/uploads\/2021\/12\/sant-marti-villec-1-1030x687.jpg 1030w, https:\/\/cerdanya.org\/wp-content\/uploads\/2021\/12\/sant-marti-villec-1-300x200.jpg 300w, https:\/\/cerdanya.org\/wp-content\/uploads\/2021\/12\/sant-marti-villec-1-768x512.jpg 768w, https:\/\/cerdanya.org\/wp-content\/uploads\/2021\/12\/sant-marti-villec-1-705x470.jpg 705w, https:\/\/cerdanya.org\/wp-content\/uploads\/2021\/12\/sant-marti-villec-1.jpg 1500w\" data-sizes=\"(max-width: 1030px) 100vw, 1030px\"  data-onclick='1' title='Sant Mart\u00ed de V\u00edllec' ><span class='avia-gallery-big-inner'  itemprop=\"thumbnailUrl\" ><img decoding=\"async\" fetchpriority=\"high\" class=\"wp-image-24461 avia-img-lazy-loading-not-24461\"  width=\"495\" height=\"400\" src=\"https:\/\/cerdanya.org\/wp-content\/uploads\/2021\/12\/sant-marti-villec-1-495x400.jpg\" title='25. MONTELLA\u0300 I MARTINET- Sant Marti\u0301 de Vi\u0301llec' alt='Sant Mart\u00ed de V\u00edllec' srcset=\"https:\/\/cerdanya.org\/wp-content\/uploads\/2021\/12\/sant-marti-villec-1-495x400.jpg 495w, https:\/\/cerdanya.org\/wp-content\/uploads\/2021\/12\/sant-marti-villec-1-845x684.jpg 845w\" sizes=\"(max-width: 495px) 100vw, 495px\" \/><span class='avia-gallery-caption'>Sant Mart\u00ed de V\u00edllec<\/span><\/span><\/a><\/div><div class='avia-gallery-thumb'><a href=\"https:\/\/cerdanya.org\/wp-content\/uploads\/2021\/12\/sant-marti-villec-1-1030x687.jpg\" data-srcset=\"https:\/\/cerdanya.org\/wp-content\/uploads\/2021\/12\/sant-marti-villec-1-1030x687.jpg 1030w, https:\/\/cerdanya.org\/wp-content\/uploads\/2021\/12\/sant-marti-villec-1-300x200.jpg 300w, https:\/\/cerdanya.org\/wp-content\/uploads\/2021\/12\/sant-marti-villec-1-768x512.jpg 768w, https:\/\/cerdanya.org\/wp-content\/uploads\/2021\/12\/sant-marti-villec-1-705x470.jpg 705w, https:\/\/cerdanya.org\/wp-content\/uploads\/2021\/12\/sant-marti-villec-1.jpg 1500w\" data-sizes=\"(max-width: 1030px) 100vw, 1030px\" data-rel='gallery-1' data-prev-img='https:\/\/cerdanya.org\/wp-content\/uploads\/2021\/12\/sant-marti-villec-1-495x400.jpg' class='first_thumb lightbox ' data-onclick='1' title='Sant Mart\u00ed de V\u00edllec'  itemprop=\"thumbnailUrl\"  ><img decoding=\"async\" fetchpriority=\"high\" class=\"wp-image-24461 avia-img-lazy-loading-not-24461\"  data-avia-tooltip='Sant Mart\u00ed de V\u00edllec' src=\"https:\/\/cerdanya.org\/wp-content\/uploads\/2021\/12\/sant-marti-villec-1-495x400.jpg\" width=\"495\" height=\"400\"  title='25. MONTELLA\u0300 I MARTINET- Sant Marti\u0301 de Vi\u0301llec' alt='Sant Mart\u00ed de V\u00edllec' srcset=\"https:\/\/cerdanya.org\/wp-content\/uploads\/2021\/12\/sant-marti-villec-1-495x400.jpg 495w, https:\/\/cerdanya.org\/wp-content\/uploads\/2021\/12\/sant-marti-villec-1-845x684.jpg 845w\" sizes=\"(max-width: 495px) 100vw, 495px\" \/><div class='big-prev-fake'><img decoding=\"async\" loading=\"lazy\" class=\"wp-image-24461 avia-img-lazy-loading-24461\"  width=\"495\" height=\"400\" src=\"https:\/\/cerdanya.org\/wp-content\/uploads\/2021\/12\/sant-marti-villec-1-495x400.jpg\" title='25. MONTELLA\u0300 I MARTINET- Sant Marti\u0301 de Vi\u0301llec' alt='Sant Mart\u00ed de V\u00edllec' srcset=\"https:\/\/cerdanya.org\/wp-content\/uploads\/2021\/12\/sant-marti-villec-1-495x400.jpg 495w, https:\/\/cerdanya.org\/wp-content\/uploads\/2021\/12\/sant-marti-villec-1-845x684.jpg 845w\" sizes=\"auto, (max-width: 495px) 100vw, 495px\" \/><\/div><\/a><a href=\"https:\/\/cerdanya.org\/wp-content\/uploads\/2021\/12\/sant-marti-villec-altar-1030x687.jpg\" data-srcset=\"https:\/\/cerdanya.org\/wp-content\/uploads\/2021\/12\/sant-marti-villec-altar-1030x687.jpg 1030w, https:\/\/cerdanya.org\/wp-content\/uploads\/2021\/12\/sant-marti-villec-altar-300x200.jpg 300w, https:\/\/cerdanya.org\/wp-content\/uploads\/2021\/12\/sant-marti-villec-altar-768x512.jpg 768w, https:\/\/cerdanya.org\/wp-content\/uploads\/2021\/12\/sant-marti-villec-altar-705x470.jpg 705w, https:\/\/cerdanya.org\/wp-content\/uploads\/2021\/12\/sant-marti-villec-altar.jpg 1500w\" data-sizes=\"(max-width: 1030px) 100vw, 1030px\" data-rel='gallery-1' data-prev-img='https:\/\/cerdanya.org\/wp-content\/uploads\/2021\/12\/sant-marti-villec-altar-495x400.jpg' class='lightbox ' data-onclick='2' title='Sant Mart\u00ed de V\u00edllec'  itemprop=\"thumbnailUrl\"  ><img decoding=\"async\" fetchpriority=\"high\" class=\"wp-image-24463 avia-img-lazy-loading-not-24463\"  data-avia-tooltip='Sant Mart\u00ed de V\u00edllec' src=\"https:\/\/cerdanya.org\/wp-content\/uploads\/2021\/12\/sant-marti-villec-altar-495x400.jpg\" width=\"495\" height=\"400\"  title='25. MONTELLA\u0300 I MARTINET- Sant Marti\u0301 de Vi\u0301llec' alt='Sant Mart\u00ed de V\u00edllec' srcset=\"https:\/\/cerdanya.org\/wp-content\/uploads\/2021\/12\/sant-marti-villec-altar-495x400.jpg 495w, https:\/\/cerdanya.org\/wp-content\/uploads\/2021\/12\/sant-marti-villec-altar-845x684.jpg 845w\" sizes=\"(max-width: 495px) 100vw, 495px\" \/><div class='big-prev-fake'><img decoding=\"async\" loading=\"lazy\" class=\"wp-image-24463 avia-img-lazy-loading-24463\"  width=\"495\" height=\"400\" src=\"https:\/\/cerdanya.org\/wp-content\/uploads\/2021\/12\/sant-marti-villec-altar-495x400.jpg\" title='25. MONTELLA\u0300 I MARTINET- Sant Marti\u0301 de Vi\u0301llec' alt='Sant Mart\u00ed de V\u00edllec' srcset=\"https:\/\/cerdanya.org\/wp-content\/uploads\/2021\/12\/sant-marti-villec-altar-495x400.jpg 495w, https:\/\/cerdanya.org\/wp-content\/uploads\/2021\/12\/sant-marti-villec-altar-845x684.jpg 845w\" sizes=\"auto, (max-width: 495px) 100vw, 495px\" \/><\/div><\/a><a href=\"https:\/\/cerdanya.org\/wp-content\/uploads\/2021\/12\/sant-marti-villec-cor-1030x687.jpg\" data-srcset=\"https:\/\/cerdanya.org\/wp-content\/uploads\/2021\/12\/sant-marti-villec-cor-1030x687.jpg 1030w, https:\/\/cerdanya.org\/wp-content\/uploads\/2021\/12\/sant-marti-villec-cor-300x200.jpg 300w, https:\/\/cerdanya.org\/wp-content\/uploads\/2021\/12\/sant-marti-villec-cor-768x512.jpg 768w, https:\/\/cerdanya.org\/wp-content\/uploads\/2021\/12\/sant-marti-villec-cor-705x470.jpg 705w, https:\/\/cerdanya.org\/wp-content\/uploads\/2021\/12\/sant-marti-villec-cor.jpg 1500w\" data-sizes=\"(max-width: 1030px) 100vw, 1030px\" data-rel='gallery-1' data-prev-img='https:\/\/cerdanya.org\/wp-content\/uploads\/2021\/12\/sant-marti-villec-cor-495x400.jpg' class='lightbox ' data-onclick='3' title='Sant Mart\u00ed de V\u00edllec'  itemprop=\"thumbnailUrl\"  ><img decoding=\"async\" fetchpriority=\"high\" class=\"wp-image-24465 avia-img-lazy-loading-not-24465\"  data-avia-tooltip='Sant Mart\u00ed de V\u00edllec' src=\"https:\/\/cerdanya.org\/wp-content\/uploads\/2021\/12\/sant-marti-villec-cor-495x400.jpg\" width=\"495\" height=\"400\"  title='25. MONTELLA\u0300 I MARTINET- Sant Marti\u0301 de Vi\u0301llec' alt='Sant Mart\u00ed de V\u00edllec' srcset=\"https:\/\/cerdanya.org\/wp-content\/uploads\/2021\/12\/sant-marti-villec-cor-495x400.jpg 495w, https:\/\/cerdanya.org\/wp-content\/uploads\/2021\/12\/sant-marti-villec-cor-845x684.jpg 845w\" sizes=\"(max-width: 495px) 100vw, 495px\" \/><div class='big-prev-fake'><img decoding=\"async\" loading=\"lazy\" class=\"wp-image-24465 avia-img-lazy-loading-24465\"  width=\"495\" height=\"400\" src=\"https:\/\/cerdanya.org\/wp-content\/uploads\/2021\/12\/sant-marti-villec-cor-495x400.jpg\" title='25. MONTELLA\u0300 I MARTINET- Sant Marti\u0301 de Vi\u0301llec' alt='Sant Mart\u00ed de V\u00edllec' srcset=\"https:\/\/cerdanya.org\/wp-content\/uploads\/2021\/12\/sant-marti-villec-cor-495x400.jpg 495w, https:\/\/cerdanya.org\/wp-content\/uploads\/2021\/12\/sant-marti-villec-cor-845x684.jpg 845w\" sizes=\"auto, (max-width: 495px) 100vw, 495px\" \/><\/div><\/a><a href=\"https:\/\/cerdanya.org\/wp-content\/uploads\/2021\/12\/sant-marti-villec-pica-1030x687.jpg\" data-srcset=\"https:\/\/cerdanya.org\/wp-content\/uploads\/2021\/12\/sant-marti-villec-pica-1030x687.jpg 1030w, https:\/\/cerdanya.org\/wp-content\/uploads\/2021\/12\/sant-marti-villec-pica-300x200.jpg 300w, https:\/\/cerdanya.org\/wp-content\/uploads\/2021\/12\/sant-marti-villec-pica-768x512.jpg 768w, https:\/\/cerdanya.org\/wp-content\/uploads\/2021\/12\/sant-marti-villec-pica-705x470.jpg 705w, https:\/\/cerdanya.org\/wp-content\/uploads\/2021\/12\/sant-marti-villec-pica.jpg 1500w\" data-sizes=\"(max-width: 1030px) 100vw, 1030px\" data-rel='gallery-1' data-prev-img='https:\/\/cerdanya.org\/wp-content\/uploads\/2021\/12\/sant-marti-villec-pica-495x400.jpg' class='lightbox ' data-onclick='4' title='Sant Mart\u00ed de V\u00edllec'  itemprop=\"thumbnailUrl\"  ><img decoding=\"async\" fetchpriority=\"high\" class=\"wp-image-24473 avia-img-lazy-loading-not-24473\"  data-avia-tooltip='Sant Mart\u00ed de V\u00edllec' src=\"https:\/\/cerdanya.org\/wp-content\/uploads\/2021\/12\/sant-marti-villec-pica-495x400.jpg\" width=\"495\" height=\"400\"  title='25. MONTELLA\u0300 I MARTINET- Sant Marti\u0301 de Vi\u0301llec' alt='Sant Mart\u00ed de V\u00edllec' srcset=\"https:\/\/cerdanya.org\/wp-content\/uploads\/2021\/12\/sant-marti-villec-pica-495x400.jpg 495w, https:\/\/cerdanya.org\/wp-content\/uploads\/2021\/12\/sant-marti-villec-pica-845x684.jpg 845w\" sizes=\"(max-width: 495px) 100vw, 495px\" \/><div class='big-prev-fake'><img decoding=\"async\" loading=\"lazy\" class=\"wp-image-24473 avia-img-lazy-loading-24473\"  width=\"495\" height=\"400\" src=\"https:\/\/cerdanya.org\/wp-content\/uploads\/2021\/12\/sant-marti-villec-pica-495x400.jpg\" title='25. MONTELLA\u0300 I MARTINET- Sant Marti\u0301 de Vi\u0301llec' alt='Sant Mart\u00ed de V\u00edllec' srcset=\"https:\/\/cerdanya.org\/wp-content\/uploads\/2021\/12\/sant-marti-villec-pica-495x400.jpg 495w, https:\/\/cerdanya.org\/wp-content\/uploads\/2021\/12\/sant-marti-villec-pica-845x684.jpg 845w\" sizes=\"auto, (max-width: 495px) 100vw, 495px\" \/><\/div><\/a><a href=\"https:\/\/cerdanya.org\/wp-content\/uploads\/2021\/12\/sant-marti-villec-escala-1030x687.jpg\" data-srcset=\"https:\/\/cerdanya.org\/wp-content\/uploads\/2021\/12\/sant-marti-villec-escala-1030x687.jpg 1030w, https:\/\/cerdanya.org\/wp-content\/uploads\/2021\/12\/sant-marti-villec-escala-300x200.jpg 300w, https:\/\/cerdanya.org\/wp-content\/uploads\/2021\/12\/sant-marti-villec-escala-768x512.jpg 768w, https:\/\/cerdanya.org\/wp-content\/uploads\/2021\/12\/sant-marti-villec-escala-705x470.jpg 705w, https:\/\/cerdanya.org\/wp-content\/uploads\/2021\/12\/sant-marti-villec-escala.jpg 1500w\" data-sizes=\"(max-width: 1030px) 100vw, 1030px\" data-rel='gallery-1' data-prev-img='https:\/\/cerdanya.org\/wp-content\/uploads\/2021\/12\/sant-marti-villec-escala-495x400.jpg' class='lightbox ' data-onclick='5' title='Sant Mart\u00ed de V\u00edllec'  itemprop=\"thumbnailUrl\"  ><img decoding=\"async\" fetchpriority=\"high\" class=\"wp-image-24467 avia-img-lazy-loading-not-24467\"  data-avia-tooltip='Sant Mart\u00ed de V\u00edllec' src=\"https:\/\/cerdanya.org\/wp-content\/uploads\/2021\/12\/sant-marti-villec-escala-495x400.jpg\" width=\"495\" height=\"400\"  title='25. MONTELLA\u0300 I MARTINET- Sant Marti\u0301 de Vi\u0301llec' alt='Sant Mart\u00ed de V\u00edllec' srcset=\"https:\/\/cerdanya.org\/wp-content\/uploads\/2021\/12\/sant-marti-villec-escala-495x400.jpg 495w, https:\/\/cerdanya.org\/wp-content\/uploads\/2021\/12\/sant-marti-villec-escala-845x684.jpg 845w\" sizes=\"(max-width: 495px) 100vw, 495px\" \/><div class='big-prev-fake'><img decoding=\"async\" loading=\"lazy\" class=\"wp-image-24467 avia-img-lazy-loading-24467\"  width=\"495\" height=\"400\" src=\"https:\/\/cerdanya.org\/wp-content\/uploads\/2021\/12\/sant-marti-villec-escala-495x400.jpg\" title='25. MONTELLA\u0300 I MARTINET- Sant Marti\u0301 de Vi\u0301llec' alt='Sant Mart\u00ed de V\u00edllec' srcset=\"https:\/\/cerdanya.org\/wp-content\/uploads\/2021\/12\/sant-marti-villec-escala-495x400.jpg 495w, https:\/\/cerdanya.org\/wp-content\/uploads\/2021\/12\/sant-marti-villec-escala-845x684.jpg 845w\" sizes=\"auto, (max-width: 495px) 100vw, 495px\" \/><\/div><\/a><a href=\"https:\/\/cerdanya.org\/wp-content\/uploads\/2021\/12\/sant-marti-villec-vista-cor-1030x687.jpg\" data-srcset=\"https:\/\/cerdanya.org\/wp-content\/uploads\/2021\/12\/sant-marti-villec-vista-cor-1030x687.jpg 1030w, https:\/\/cerdanya.org\/wp-content\/uploads\/2021\/12\/sant-marti-villec-vista-cor-300x200.jpg 300w, https:\/\/cerdanya.org\/wp-content\/uploads\/2021\/12\/sant-marti-villec-vista-cor-768x512.jpg 768w, https:\/\/cerdanya.org\/wp-content\/uploads\/2021\/12\/sant-marti-villec-vista-cor-705x470.jpg 705w, https:\/\/cerdanya.org\/wp-content\/uploads\/2021\/12\/sant-marti-villec-vista-cor.jpg 1500w\" data-sizes=\"(max-width: 1030px) 100vw, 1030px\" data-rel='gallery-1' data-prev-img='https:\/\/cerdanya.org\/wp-content\/uploads\/2021\/12\/sant-marti-villec-vista-cor-495x400.jpg' class='first_thumb lightbox ' data-onclick='6' title='Sant Mart\u00ed de V\u00edllec'  itemprop=\"thumbnailUrl\"  ><img decoding=\"async\" fetchpriority=\"high\" class=\"wp-image-24469 avia-img-lazy-loading-not-24469\"  data-avia-tooltip='Sant Mart\u00ed de V\u00edllec' src=\"https:\/\/cerdanya.org\/wp-content\/uploads\/2021\/12\/sant-marti-villec-vista-cor-495x400.jpg\" width=\"495\" height=\"400\"  title='25. MONTELLA\u0300 I MARTINET- Sant Marti\u0301 de Vi\u0301llec' alt='Sant Mart\u00ed de V\u00edllec' srcset=\"https:\/\/cerdanya.org\/wp-content\/uploads\/2021\/12\/sant-marti-villec-vista-cor-495x400.jpg 495w, https:\/\/cerdanya.org\/wp-content\/uploads\/2021\/12\/sant-marti-villec-vista-cor-845x684.jpg 845w\" sizes=\"(max-width: 495px) 100vw, 495px\" \/><div class='big-prev-fake'><img decoding=\"async\" loading=\"lazy\" class=\"wp-image-24469 avia-img-lazy-loading-24469\"  width=\"495\" height=\"400\" src=\"https:\/\/cerdanya.org\/wp-content\/uploads\/2021\/12\/sant-marti-villec-vista-cor-495x400.jpg\" title='25. MONTELLA\u0300 I MARTINET- Sant Marti\u0301 de Vi\u0301llec' alt='Sant Mart\u00ed de V\u00edllec' srcset=\"https:\/\/cerdanya.org\/wp-content\/uploads\/2021\/12\/sant-marti-villec-vista-cor-495x400.jpg 495w, https:\/\/cerdanya.org\/wp-content\/uploads\/2021\/12\/sant-marti-villec-vista-cor-845x684.jpg 845w\" sizes=\"auto, (max-width: 495px) 100vw, 495px\" \/><\/div><\/a><a href=\"https:\/\/cerdanya.org\/wp-content\/uploads\/2021\/12\/sant-marti-villec-aigua-1030x687.jpg\" data-srcset=\"https:\/\/cerdanya.org\/wp-content\/uploads\/2021\/12\/sant-marti-villec-aigua-1030x687.jpg 1030w, https:\/\/cerdanya.org\/wp-content\/uploads\/2021\/12\/sant-marti-villec-aigua-300x200.jpg 300w, https:\/\/cerdanya.org\/wp-content\/uploads\/2021\/12\/sant-marti-villec-aigua-768x512.jpg 768w, https:\/\/cerdanya.org\/wp-content\/uploads\/2021\/12\/sant-marti-villec-aigua-705x470.jpg 705w, https:\/\/cerdanya.org\/wp-content\/uploads\/2021\/12\/sant-marti-villec-aigua.jpg 1500w\" data-sizes=\"(max-width: 1030px) 100vw, 1030px\" data-rel='gallery-1' data-prev-img='https:\/\/cerdanya.org\/wp-content\/uploads\/2021\/12\/sant-marti-villec-aigua-495x400.jpg' class='lightbox ' data-onclick='7' title='Coordenades UTM: 31T 390939 4687680'  itemprop=\"thumbnailUrl\"  ><img decoding=\"async\" fetchpriority=\"high\" class=\"wp-image-24471 avia-img-lazy-loading-not-24471\"  data-avia-tooltip='Coordenades UTM: 31T 390939 4687680' src=\"https:\/\/cerdanya.org\/wp-content\/uploads\/2021\/12\/sant-marti-villec-aigua-495x400.jpg\" width=\"495\" height=\"400\"  title='25. MONTELLA\u0300 I MARTINET- Sant Marti\u0301 de Vi\u0301llec' alt='Sant Mart\u00ed de V\u00edllec' srcset=\"https:\/\/cerdanya.org\/wp-content\/uploads\/2021\/12\/sant-marti-villec-aigua-495x400.jpg 495w, https:\/\/cerdanya.org\/wp-content\/uploads\/2021\/12\/sant-marti-villec-aigua-845x684.jpg 845w\" sizes=\"(max-width: 495px) 100vw, 495px\" \/><div class='big-prev-fake'><img decoding=\"async\" loading=\"lazy\" class=\"wp-image-24471 avia-img-lazy-loading-24471\"  width=\"495\" height=\"400\" src=\"https:\/\/cerdanya.org\/wp-content\/uploads\/2021\/12\/sant-marti-villec-aigua-495x400.jpg\" title='25. MONTELLA\u0300 I MARTINET- Sant Marti\u0301 de Vi\u0301llec' alt='Sant Mart\u00ed de V\u00edllec' srcset=\"https:\/\/cerdanya.org\/wp-content\/uploads\/2021\/12\/sant-marti-villec-aigua-495x400.jpg 495w, https:\/\/cerdanya.org\/wp-content\/uploads\/2021\/12\/sant-marti-villec-aigua-845x684.jpg 845w\" sizes=\"auto, (max-width: 495px) 100vw, 495px\" \/><\/div><\/a><\/div><\/div><\/div>\n<style type=\"text\/css\" data-created_by=\"avia_inline_auto\" id=\"style-css-av-13qih77-00e4eae9d0b6c138f9ba0e0aa3d8fb95\">\n.flex_column.av-13qih77-00e4eae9d0b6c138f9ba0e0aa3d8fb95{\nborder-radius:0px 0px 0px 0px;\npadding:0px 0px 0px 0px;\n}\n<\/style>\n<div  class='flex_column av-13qih77-00e4eae9d0b6c138f9ba0e0aa3d8fb95 av_one_full  avia-builder-el-5  el_after_av_one_half  el_before_av_one_half  first flex_column_div av-zero-column-padding  column-top-margin'     ><style type=\"text\/css\" data-created_by=\"avia_inline_auto\" id=\"style-css-av-kwp2dp8f-f55138033d46035ff7ae47226ad7fa00\">\n#top .hr.hr-invisible.av-kwp2dp8f-f55138033d46035ff7ae47226ad7fa00{\nheight:20px;\n}\n<\/style>\n<div  class='hr av-kwp2dp8f-f55138033d46035ff7ae47226ad7fa00 hr-invisible  avia-builder-el-6  avia-builder-el-no-sibling '><span class='hr-inner '><span class=\"hr-inner-style\"><\/span><\/span><\/div><\/div><\/p>\n\n<style type=\"text\/css\" data-created_by=\"avia_inline_auto\" id=\"style-css-av-18ic6gu-82cd99fe5dba0e5d4f89d9207c71e419\">\n.flex_column.av-18ic6gu-82cd99fe5dba0e5d4f89d9207c71e419{\nborder-radius:0px 0px 0px 0px;\npadding:0px 0px 0px 0px;\n}\n<\/style>\n<div  class='flex_column av-18ic6gu-82cd99fe5dba0e5d4f89d9207c71e419 av_one_half  avia-builder-el-7  el_after_av_one_full  avia-builder-el-last  first flex_column_div av-zero-column-padding  column-top-margin'     ><p>\n<style type=\"text\/css\" data-created_by=\"avia_inline_auto\" id=\"style-css-av-1zxfz2-7a34dc596f45fa08280e2a5f1313e84c\">\n#top .av-special-heading.av-1zxfz2-7a34dc596f45fa08280e2a5f1313e84c{\npadding-bottom:10px;\n}\nbody .av-special-heading.av-1zxfz2-7a34dc596f45fa08280e2a5f1313e84c .av-special-heading-tag .heading-char{\nfont-size:25px;\n}\n.av-special-heading.av-1zxfz2-7a34dc596f45fa08280e2a5f1313e84c .av-subheading{\nfont-size:15px;\n}\n<\/style>\n<div  class='av-special-heading av-1zxfz2-7a34dc596f45fa08280e2a5f1313e84c av-special-heading-h5  avia-builder-el-8  el_before_av_image  avia-builder-el-first '><h5 class='av-special-heading-tag '  itemprop=\"headline\"  >Plan et section<\/h5><div class=\"special-heading-border\"><div class=\"special-heading-inner-border\"><\/div><\/div><\/div><br \/>\n\n<style type=\"text\/css\" data-created_by=\"avia_inline_auto\" id=\"style-css-av-kxrctqnp-c537db3c1054032c30aec105f27fa354\">\n.avia-image-container.av-kxrctqnp-c537db3c1054032c30aec105f27fa354 img.avia_image{\nbox-shadow:none;\n}\n.avia-image-container.av-kxrctqnp-c537db3c1054032c30aec105f27fa354 .av-image-caption-overlay-center{\ncolor:#ffffff;\n}\n<\/style>\n<div  class='avia-image-container av-kxrctqnp-c537db3c1054032c30aec105f27fa354 av-styling- avia-align-center  avia-builder-el-9  el_after_av_heading  avia-builder-el-last '   itemprop=\"image\" itemscope=\"itemscope\" itemtype=\"https:\/\/schema.org\/ImageObject\" ><div class=\"avia-image-container-inner\"><div class=\"avia-image-overlay-wrap\"><img decoding=\"async\" fetchpriority=\"high\" class='wp-image-24459 avia-img-lazy-loading-not-24459 avia_image ' src=\"https:\/\/cerdanya.org\/wp-content\/uploads\/2021\/12\/sant-marti-villec-1030x382.jpg\" alt='Sant Mart\u00ed de V\u00edllec' title='sant-marti-villec'  height=\"382\" width=\"1030\"  itemprop=\"thumbnailUrl\" srcset=\"https:\/\/cerdanya.org\/wp-content\/uploads\/2021\/12\/sant-marti-villec-1030x382.jpg 1030w, https:\/\/cerdanya.org\/wp-content\/uploads\/2021\/12\/sant-marti-villec-300x111.jpg 300w, https:\/\/cerdanya.org\/wp-content\/uploads\/2021\/12\/sant-marti-villec-768x285.jpg 768w, https:\/\/cerdanya.org\/wp-content\/uploads\/2021\/12\/sant-marti-villec-705x261.jpg 705w, https:\/\/cerdanya.org\/wp-content\/uploads\/2021\/12\/sant-marti-villec.jpg 1500w\" sizes=\"(max-width: 1030px) 100vw, 1030px\" \/><\/div><\/div><\/div><\/p><\/div>\n","protected":false},"excerpt":{"rendered":"","protected":false},"author":3,"featured_media":23344,"parent":30621,"menu_order":50,"comment_status":"closed","ping_status":"closed","template":"","meta":{"footnotes":""},"class_list":["post-30487","page","type-page","status-publish","has-post-thumbnail","hentry"],"_links":{"self":[{"href":"https:\/\/cerdanya.org\/fr\/wp-json\/wp\/v2\/pages\/30487","targetHints":{"allow":["GET"]}}],"collection":[{"href":"https:\/\/cerdanya.org\/fr\/wp-json\/wp\/v2\/pages"}],"about":[{"href":"https:\/\/cerdanya.org\/fr\/wp-json\/wp\/v2\/types\/page"}],"author":[{"embeddable":true,"href":"https:\/\/cerdanya.org\/fr\/wp-json\/wp\/v2\/users\/3"}],"replies":[{"embeddable":true,"href":"https:\/\/cerdanya.org\/fr\/wp-json\/wp\/v2\/comments?post=30487"}],"version-history":[{"count":0,"href":"https:\/\/cerdanya.org\/fr\/wp-json\/wp\/v2\/pages\/30487\/revisions"}],"up":[{"embeddable":true,"href":"https:\/\/cerdanya.org\/fr\/wp-json\/wp\/v2\/pages\/30621"}],"wp:featuredmedia":[{"embeddable":true,"href":"https:\/\/cerdanya.org\/fr\/wp-json\/wp\/v2\/media\/23344"}],"wp:attachment":[{"href":"https:\/\/cerdanya.org\/fr\/wp-json\/wp\/v2\/media?parent=30487"}],"curies":[{"name":"wp","href":"https:\/\/api.w.org\/{rel}","templated":true}]}}