{"id":30465,"date":"2022-04-12T17:41:20","date_gmt":"2022-04-12T15:41:20","guid":{"rendered":"http:\/\/www.cerdanya.org\/sant-serni-de-prats\/"},"modified":"2022-04-28T23:02:28","modified_gmt":"2022-04-28T21:02:28","slug":"sant-serni-de-prats","status":"publish","type":"page","link":"https:\/\/cerdanya.org\/fr\/que-faire\/tourisme-culturel\/patrimoine-culturel\/prats-i-sansor\/sant-serni-de-prats\/","title":{"rendered":"Sant Serni de Prats"},"content":{"rendered":"\n<style type=\"text\/css\" data-created_by=\"avia_inline_auto\" id=\"style-css-av-36rb4oj-ba4d95154227ed0d8a771e7152bf9e9e\">\n.flex_column.av-36rb4oj-ba4d95154227ed0d8a771e7152bf9e9e{\nborder-radius:0px 0px 0px 0px;\npadding:0px 0px 0px 0px;\n}\n<\/style>\n<div  class='flex_column av-36rb4oj-ba4d95154227ed0d8a771e7152bf9e9e av_one_half  avia-builder-el-0  el_before_av_one_half  avia-builder-el-first  first flex_column_div av-zero-column-padding  '     ><p>\n<style type=\"text\/css\" data-created_by=\"avia_inline_auto\" id=\"style-css-av-puxnl3-7ff7aa779160bcaa3ae203db5ecbf804\">\n#top .av-special-heading.av-puxnl3-7ff7aa779160bcaa3ae203db5ecbf804{\npadding-bottom:10px;\n}\nbody .av-special-heading.av-puxnl3-7ff7aa779160bcaa3ae203db5ecbf804 .av-special-heading-tag .heading-char{\nfont-size:25px;\n}\n.av-special-heading.av-puxnl3-7ff7aa779160bcaa3ae203db5ecbf804 .av-subheading{\nfont-size:15px;\n}\n<\/style>\n<div  class='av-special-heading av-puxnl3-7ff7aa779160bcaa3ae203db5ecbf804 av-special-heading-h5  avia-builder-el-1  el_before_av_textblock  avia-builder-el-first '><h5 class='av-special-heading-tag '  itemprop=\"headline\"  >Description<\/h5><div class=\"special-heading-border\"><div class=\"special-heading-inner-border\"><\/div><\/div><\/div><br \/>\n<section  class='av_textblock_section av-ksyomoyl-25f1f3c8b1a0a9b03a6473be4799410f '   itemscope=\"itemscope\" itemtype=\"https:\/\/schema.org\/CreativeWork\" ><div class='avia_textblock'  itemprop=\"text\" ><p>C&rsquo;est un \u00e9difice du XIIe si\u00e8cle, qui a subi plusieurs r\u00e9novations qui ont fait dispara\u00eetre presque tous les \u00e9l\u00e9ments romans, \u00e0 l&rsquo;exception du mur nord ; la r\u00e9forme la plus importante effectu\u00e9e au XVIIIe si\u00e8cle, reconstruisit le frontispice en l&rsquo;\u00e9paississant et le renfor\u00e7ant, rempla\u00e7a l&rsquo;abside romane par l&rsquo;actuelle et ouvrit la porte de la fa\u00e7ade ouest.<\/p>\n<p>A l&rsquo;int\u00e9rieur, les murs de la nef sont renforc\u00e9s par des arcs sur lesquels repose la vo\u00fbte en berceau. Elle poss\u00e8de deux chapelles lat\u00e9rales et un ch\u0153ur en bois. La sacristie s&rsquo;ouvre sur le c\u00f4t\u00e9 nord de l&rsquo;abside. Il est d\u00e9cor\u00e9 d&rsquo;une peinture murale moderne imitant les peintures murales romanes avec un grand Pantocrator central accompagn\u00e9 de Sant Serni \u00e0 droite et de Sant Isidre \u00e0 gauche. Les fonts baptismaux occupent l&rsquo;espace de l&rsquo;ancienne porte sur le mur orient\u00e9 sud, sont en calcaire et sont facett\u00e9s ext\u00e9rieurement sur huit c\u00f4t\u00e9s.<\/p>\n<p>Sur la porte on retrouve grav\u00e9e dans le voussoir central la date 1777, la m\u00eame date de l&rsquo;oculus, l&rsquo;\u00e9poque de la r\u00e9forme.<\/p>\n<p>A l&rsquo;ext\u00e9rieur, dans le cimeti\u00e8re on trouve trois pi\u00e8ces tr\u00e8s int\u00e9ressantes : un fragment de bassin rectangulaire avec une l\u00e8vre travaill\u00e9e qui proviendrait du bassin \u00e0 huile. A c\u00f4t\u00e9 un autre font baptismal avec les m\u00eames caract\u00e9ristiques que celui que l&rsquo;on trouve \u00e0 l&rsquo;int\u00e9rieur, et de m\u00eames dimensions. \u00c0 droite, on trouve une dalle rectangulaire bien angulaire avec deux trous qui pourrait \u00eatre la pierre d&rsquo;autel sur laquelle auraient \u00e9t\u00e9 travaill\u00e9s les espaces pour loger le reliquaire.<\/p>\n<\/div><\/section><\/p><\/div>\n<style type=\"text\/css\" data-created_by=\"avia_inline_auto\" id=\"style-css-av-2coqnf7-fe66bdd07c1c8428c9bfcd41c861e712\">\n.flex_column.av-2coqnf7-fe66bdd07c1c8428c9bfcd41c861e712{\nborder-radius:0px 0px 0px 0px;\npadding:0px 0px 0px 0px;\n}\n<\/style>\n<div  class='flex_column av-2coqnf7-fe66bdd07c1c8428c9bfcd41c861e712 av_one_half  avia-builder-el-3  el_after_av_one_half  avia-builder-el-last  flex_column_div av-zero-column-padding  '     ><style type=\"text\/css\" data-created_by=\"avia_inline_auto\" id=\"style-css-av-29ooh4j-69ee8b5f0e1ea807ee81e5a0ec4601b2\">\n#top .avia-gallery.av-29ooh4j-69ee8b5f0e1ea807ee81e5a0ec4601b2 .avia-gallery-thumb a{\nwidth:20%;\n}\n<\/style>\n<div  class='avia-gallery av-29ooh4j-69ee8b5f0e1ea807ee81e5a0ec4601b2 avia_animate_when_visible  avia-builder-el-4  avia-builder-el-no-sibling  avia_lazyload av-slideshow-ui av-loop-manual-endless av-control-hidden av-navigate-arrows av-navigate-dots hover-effect av-control-hidden avia-gallery-animate avia-gallery-1'  itemprop=\"image\" itemscope=\"itemscope\" itemtype=\"https:\/\/schema.org\/ImageObject\" ><meta itemprop=\"contentURL\" content=\"https:\/\/cerdanya.org\/fr\/que-faire\/tourisme-culturel\/patrimoine-culturel\/prats-i-sansor\/sant-serni-de-prats\/\"><div class='avia-gallery-big-wrapper'><a class='avia-gallery-big fakeLightbox lightbox avia-gallery-big-crop-thumb ' href=\"https:\/\/cerdanya.org\/wp-content\/uploads\/2021\/12\/sant-serni-prats--1030x687.jpg\" data-srcset=\"https:\/\/cerdanya.org\/wp-content\/uploads\/2021\/12\/sant-serni-prats--1030x687.jpg 1030w, https:\/\/cerdanya.org\/wp-content\/uploads\/2021\/12\/sant-serni-prats--300x200.jpg 300w, https:\/\/cerdanya.org\/wp-content\/uploads\/2021\/12\/sant-serni-prats--768x512.jpg 768w, https:\/\/cerdanya.org\/wp-content\/uploads\/2021\/12\/sant-serni-prats--705x470.jpg 705w, https:\/\/cerdanya.org\/wp-content\/uploads\/2021\/12\/sant-serni-prats-.jpg 1500w\" data-sizes=\"(max-width: 1030px) 100vw, 1030px\"  data-onclick='1' title='Sant Serni de Prats' ><span class='avia-gallery-big-inner'  itemprop=\"thumbnailUrl\" ><img decoding=\"async\" fetchpriority=\"high\" class=\"wp-image-24507 avia-img-lazy-loading-not-24507\"  width=\"495\" height=\"400\" src=\"https:\/\/cerdanya.org\/wp-content\/uploads\/2021\/12\/sant-serni-prats--495x400.jpg\" title='27. PRATS I SANSOR- Sant Serni de Prats' alt='Sant Serni de Prats' srcset=\"https:\/\/cerdanya.org\/wp-content\/uploads\/2021\/12\/sant-serni-prats--495x400.jpg 495w, https:\/\/cerdanya.org\/wp-content\/uploads\/2021\/12\/sant-serni-prats--845x684.jpg 845w\" sizes=\"(max-width: 495px) 100vw, 495px\" \/><span class='avia-gallery-caption'>Sant Serni de Prats<\/span><\/span><\/a><\/div><div class='avia-gallery-thumb'><a href=\"https:\/\/cerdanya.org\/wp-content\/uploads\/2021\/12\/sant-serni-prats--1030x687.jpg\" data-srcset=\"https:\/\/cerdanya.org\/wp-content\/uploads\/2021\/12\/sant-serni-prats--1030x687.jpg 1030w, https:\/\/cerdanya.org\/wp-content\/uploads\/2021\/12\/sant-serni-prats--300x200.jpg 300w, https:\/\/cerdanya.org\/wp-content\/uploads\/2021\/12\/sant-serni-prats--768x512.jpg 768w, https:\/\/cerdanya.org\/wp-content\/uploads\/2021\/12\/sant-serni-prats--705x470.jpg 705w, https:\/\/cerdanya.org\/wp-content\/uploads\/2021\/12\/sant-serni-prats-.jpg 1500w\" data-sizes=\"(max-width: 1030px) 100vw, 1030px\" data-rel='gallery-1' data-prev-img='https:\/\/cerdanya.org\/wp-content\/uploads\/2021\/12\/sant-serni-prats--495x400.jpg' class='first_thumb lightbox ' data-onclick='1' title='Sant Serni de Prats'  itemprop=\"thumbnailUrl\"  ><img decoding=\"async\" fetchpriority=\"high\" class=\"wp-image-24507 avia-img-lazy-loading-not-24507\"  data-avia-tooltip='Sant Serni de Prats' src=\"https:\/\/cerdanya.org\/wp-content\/uploads\/2021\/12\/sant-serni-prats--495x400.jpg\" width=\"495\" height=\"400\"  title='27. PRATS I SANSOR- Sant Serni de Prats' alt='Sant Serni de Prats' srcset=\"https:\/\/cerdanya.org\/wp-content\/uploads\/2021\/12\/sant-serni-prats--495x400.jpg 495w, https:\/\/cerdanya.org\/wp-content\/uploads\/2021\/12\/sant-serni-prats--845x684.jpg 845w\" sizes=\"(max-width: 495px) 100vw, 495px\" \/><div class='big-prev-fake'><img decoding=\"async\" loading=\"lazy\" class=\"wp-image-24507 avia-img-lazy-loading-24507\"  width=\"495\" height=\"400\" src=\"https:\/\/cerdanya.org\/wp-content\/uploads\/2021\/12\/sant-serni-prats--495x400.jpg\" title='27. PRATS I SANSOR- Sant Serni de Prats' alt='Sant Serni de Prats' srcset=\"https:\/\/cerdanya.org\/wp-content\/uploads\/2021\/12\/sant-serni-prats--495x400.jpg 495w, https:\/\/cerdanya.org\/wp-content\/uploads\/2021\/12\/sant-serni-prats--845x684.jpg 845w\" sizes=\"auto, (max-width: 495px) 100vw, 495px\" \/><\/div><\/a><a href=\"https:\/\/cerdanya.org\/wp-content\/uploads\/2021\/12\/sant-serni-prats-altar-1030x687.jpg\" data-srcset=\"https:\/\/cerdanya.org\/wp-content\/uploads\/2021\/12\/sant-serni-prats-altar-1030x687.jpg 1030w, https:\/\/cerdanya.org\/wp-content\/uploads\/2021\/12\/sant-serni-prats-altar-300x200.jpg 300w, https:\/\/cerdanya.org\/wp-content\/uploads\/2021\/12\/sant-serni-prats-altar-768x512.jpg 768w, https:\/\/cerdanya.org\/wp-content\/uploads\/2021\/12\/sant-serni-prats-altar-705x470.jpg 705w, https:\/\/cerdanya.org\/wp-content\/uploads\/2021\/12\/sant-serni-prats-altar.jpg 1500w\" data-sizes=\"(max-width: 1030px) 100vw, 1030px\" data-rel='gallery-1' data-prev-img='https:\/\/cerdanya.org\/wp-content\/uploads\/2021\/12\/sant-serni-prats-altar-495x400.jpg' class='lightbox ' data-onclick='2' title='Sant Serni de Prats'  itemprop=\"thumbnailUrl\"  ><img decoding=\"async\" fetchpriority=\"high\" class=\"wp-image-24509 avia-img-lazy-loading-not-24509\"  data-avia-tooltip='Sant Serni de Prats' src=\"https:\/\/cerdanya.org\/wp-content\/uploads\/2021\/12\/sant-serni-prats-altar-495x400.jpg\" width=\"495\" height=\"400\"  title='27. PRATS I SANSOR- Sant Serni de Prats' alt='Sant Serni de Prats' srcset=\"https:\/\/cerdanya.org\/wp-content\/uploads\/2021\/12\/sant-serni-prats-altar-495x400.jpg 495w, https:\/\/cerdanya.org\/wp-content\/uploads\/2021\/12\/sant-serni-prats-altar-845x684.jpg 845w\" sizes=\"(max-width: 495px) 100vw, 495px\" \/><div class='big-prev-fake'><img decoding=\"async\" loading=\"lazy\" class=\"wp-image-24509 avia-img-lazy-loading-24509\"  width=\"495\" height=\"400\" src=\"https:\/\/cerdanya.org\/wp-content\/uploads\/2021\/12\/sant-serni-prats-altar-495x400.jpg\" title='27. PRATS I SANSOR- Sant Serni de Prats' alt='Sant Serni de Prats' srcset=\"https:\/\/cerdanya.org\/wp-content\/uploads\/2021\/12\/sant-serni-prats-altar-495x400.jpg 495w, https:\/\/cerdanya.org\/wp-content\/uploads\/2021\/12\/sant-serni-prats-altar-845x684.jpg 845w\" sizes=\"auto, (max-width: 495px) 100vw, 495px\" \/><\/div><\/a><a href=\"https:\/\/cerdanya.org\/wp-content\/uploads\/2021\/12\/sant-serni-prats-sants-1030x687.jpg\" data-srcset=\"https:\/\/cerdanya.org\/wp-content\/uploads\/2021\/12\/sant-serni-prats-sants-1030x687.jpg 1030w, https:\/\/cerdanya.org\/wp-content\/uploads\/2021\/12\/sant-serni-prats-sants-300x200.jpg 300w, https:\/\/cerdanya.org\/wp-content\/uploads\/2021\/12\/sant-serni-prats-sants-768x512.jpg 768w, https:\/\/cerdanya.org\/wp-content\/uploads\/2021\/12\/sant-serni-prats-sants-705x470.jpg 705w, https:\/\/cerdanya.org\/wp-content\/uploads\/2021\/12\/sant-serni-prats-sants.jpg 1500w\" data-sizes=\"(max-width: 1030px) 100vw, 1030px\" data-rel='gallery-1' data-prev-img='https:\/\/cerdanya.org\/wp-content\/uploads\/2021\/12\/sant-serni-prats-sants-495x400.jpg' class='lightbox ' data-onclick='3' title='Sant Serni de Prats'  itemprop=\"thumbnailUrl\"  ><img decoding=\"async\" fetchpriority=\"high\" class=\"wp-image-24511 avia-img-lazy-loading-not-24511\"  data-avia-tooltip='Sant Serni de Prats' src=\"https:\/\/cerdanya.org\/wp-content\/uploads\/2021\/12\/sant-serni-prats-sants-495x400.jpg\" width=\"495\" height=\"400\"  title='27. PRATS I SANSOR- Sant Serni de Prats' alt='Sant Serni de Prats' srcset=\"https:\/\/cerdanya.org\/wp-content\/uploads\/2021\/12\/sant-serni-prats-sants-495x400.jpg 495w, https:\/\/cerdanya.org\/wp-content\/uploads\/2021\/12\/sant-serni-prats-sants-845x684.jpg 845w\" sizes=\"(max-width: 495px) 100vw, 495px\" \/><div class='big-prev-fake'><img decoding=\"async\" loading=\"lazy\" class=\"wp-image-24511 avia-img-lazy-loading-24511\"  width=\"495\" height=\"400\" src=\"https:\/\/cerdanya.org\/wp-content\/uploads\/2021\/12\/sant-serni-prats-sants-495x400.jpg\" title='27. PRATS I SANSOR- Sant Serni de Prats' alt='Sant Serni de Prats' srcset=\"https:\/\/cerdanya.org\/wp-content\/uploads\/2021\/12\/sant-serni-prats-sants-495x400.jpg 495w, https:\/\/cerdanya.org\/wp-content\/uploads\/2021\/12\/sant-serni-prats-sants-845x684.jpg 845w\" sizes=\"auto, (max-width: 495px) 100vw, 495px\" \/><\/div><\/a><a href=\"https:\/\/cerdanya.org\/wp-content\/uploads\/2021\/12\/sant-serni-prats-darrera-1030x687.jpg\" data-srcset=\"https:\/\/cerdanya.org\/wp-content\/uploads\/2021\/12\/sant-serni-prats-darrera-1030x687.jpg 1030w, https:\/\/cerdanya.org\/wp-content\/uploads\/2021\/12\/sant-serni-prats-darrera-300x200.jpg 300w, https:\/\/cerdanya.org\/wp-content\/uploads\/2021\/12\/sant-serni-prats-darrera-768x512.jpg 768w, https:\/\/cerdanya.org\/wp-content\/uploads\/2021\/12\/sant-serni-prats-darrera-705x470.jpg 705w, https:\/\/cerdanya.org\/wp-content\/uploads\/2021\/12\/sant-serni-prats-darrera.jpg 1500w\" data-sizes=\"(max-width: 1030px) 100vw, 1030px\" data-rel='gallery-1' data-prev-img='https:\/\/cerdanya.org\/wp-content\/uploads\/2021\/12\/sant-serni-prats-darrera-495x400.jpg' class='lightbox ' data-onclick='4' title='Sant Serni de Prats'  itemprop=\"thumbnailUrl\"  ><img decoding=\"async\" fetchpriority=\"high\" class=\"wp-image-24513 avia-img-lazy-loading-not-24513\"  data-avia-tooltip='Sant Serni de Prats' src=\"https:\/\/cerdanya.org\/wp-content\/uploads\/2021\/12\/sant-serni-prats-darrera-495x400.jpg\" width=\"495\" height=\"400\"  title='27. PRATS I SANSOR- Sant Serni de Prats' alt='Sant Serni de Prats' srcset=\"https:\/\/cerdanya.org\/wp-content\/uploads\/2021\/12\/sant-serni-prats-darrera-495x400.jpg 495w, https:\/\/cerdanya.org\/wp-content\/uploads\/2021\/12\/sant-serni-prats-darrera-845x684.jpg 845w\" sizes=\"(max-width: 495px) 100vw, 495px\" \/><div class='big-prev-fake'><img decoding=\"async\" loading=\"lazy\" class=\"wp-image-24513 avia-img-lazy-loading-24513\"  width=\"495\" height=\"400\" src=\"https:\/\/cerdanya.org\/wp-content\/uploads\/2021\/12\/sant-serni-prats-darrera-495x400.jpg\" title='27. PRATS I SANSOR- Sant Serni de Prats' alt='Sant Serni de Prats' srcset=\"https:\/\/cerdanya.org\/wp-content\/uploads\/2021\/12\/sant-serni-prats-darrera-495x400.jpg 495w, https:\/\/cerdanya.org\/wp-content\/uploads\/2021\/12\/sant-serni-prats-darrera-845x684.jpg 845w\" sizes=\"auto, (max-width: 495px) 100vw, 495px\" \/><\/div><\/a><a href=\"https:\/\/cerdanya.org\/wp-content\/uploads\/2021\/12\/sant-serni-prats-orgue-1030x687.jpg\" data-srcset=\"https:\/\/cerdanya.org\/wp-content\/uploads\/2021\/12\/sant-serni-prats-orgue-1030x687.jpg 1030w, https:\/\/cerdanya.org\/wp-content\/uploads\/2021\/12\/sant-serni-prats-orgue-300x200.jpg 300w, https:\/\/cerdanya.org\/wp-content\/uploads\/2021\/12\/sant-serni-prats-orgue-768x512.jpg 768w, https:\/\/cerdanya.org\/wp-content\/uploads\/2021\/12\/sant-serni-prats-orgue-705x470.jpg 705w, https:\/\/cerdanya.org\/wp-content\/uploads\/2021\/12\/sant-serni-prats-orgue.jpg 1500w\" data-sizes=\"(max-width: 1030px) 100vw, 1030px\" data-rel='gallery-1' data-prev-img='https:\/\/cerdanya.org\/wp-content\/uploads\/2021\/12\/sant-serni-prats-orgue-495x400.jpg' class='lightbox ' data-onclick='5' title='Sant Serni de Prats'  itemprop=\"thumbnailUrl\"  ><img decoding=\"async\" fetchpriority=\"high\" class=\"wp-image-24515 avia-img-lazy-loading-not-24515\"  data-avia-tooltip='Sant Serni de Prats' src=\"https:\/\/cerdanya.org\/wp-content\/uploads\/2021\/12\/sant-serni-prats-orgue-495x400.jpg\" width=\"495\" height=\"400\"  title='27. PRATS I SANSOR- Sant Serni de Prats' alt='Sant Serni de Prats' srcset=\"https:\/\/cerdanya.org\/wp-content\/uploads\/2021\/12\/sant-serni-prats-orgue-495x400.jpg 495w, https:\/\/cerdanya.org\/wp-content\/uploads\/2021\/12\/sant-serni-prats-orgue-845x684.jpg 845w\" sizes=\"(max-width: 495px) 100vw, 495px\" \/><div class='big-prev-fake'><img decoding=\"async\" loading=\"lazy\" class=\"wp-image-24515 avia-img-lazy-loading-24515\"  width=\"495\" height=\"400\" src=\"https:\/\/cerdanya.org\/wp-content\/uploads\/2021\/12\/sant-serni-prats-orgue-495x400.jpg\" title='27. PRATS I SANSOR- Sant Serni de Prats' alt='Sant Serni de Prats' srcset=\"https:\/\/cerdanya.org\/wp-content\/uploads\/2021\/12\/sant-serni-prats-orgue-495x400.jpg 495w, https:\/\/cerdanya.org\/wp-content\/uploads\/2021\/12\/sant-serni-prats-orgue-845x684.jpg 845w\" sizes=\"auto, (max-width: 495px) 100vw, 495px\" \/><\/div><\/a><a href=\"https:\/\/cerdanya.org\/wp-content\/uploads\/2021\/12\/sant-serni-prats-aigua-1030x687.jpg\" data-srcset=\"https:\/\/cerdanya.org\/wp-content\/uploads\/2021\/12\/sant-serni-prats-aigua-1030x687.jpg 1030w, https:\/\/cerdanya.org\/wp-content\/uploads\/2021\/12\/sant-serni-prats-aigua-300x200.jpg 300w, https:\/\/cerdanya.org\/wp-content\/uploads\/2021\/12\/sant-serni-prats-aigua-768x512.jpg 768w, https:\/\/cerdanya.org\/wp-content\/uploads\/2021\/12\/sant-serni-prats-aigua-705x470.jpg 705w, https:\/\/cerdanya.org\/wp-content\/uploads\/2021\/12\/sant-serni-prats-aigua.jpg 1500w\" data-sizes=\"(max-width: 1030px) 100vw, 1030px\" data-rel='gallery-1' data-prev-img='https:\/\/cerdanya.org\/wp-content\/uploads\/2021\/12\/sant-serni-prats-aigua-495x400.jpg' class='first_thumb lightbox ' data-onclick='6' title='Sant Serni de Prats'  itemprop=\"thumbnailUrl\"  ><img decoding=\"async\" fetchpriority=\"high\" class=\"wp-image-24517 avia-img-lazy-loading-not-24517\"  data-avia-tooltip='Sant Serni de Prats' src=\"https:\/\/cerdanya.org\/wp-content\/uploads\/2021\/12\/sant-serni-prats-aigua-495x400.jpg\" width=\"495\" height=\"400\"  title='27. PRATS I SANSOR- Sant Serni de Prats' alt='Sant Serni de Prats' srcset=\"https:\/\/cerdanya.org\/wp-content\/uploads\/2021\/12\/sant-serni-prats-aigua-495x400.jpg 495w, https:\/\/cerdanya.org\/wp-content\/uploads\/2021\/12\/sant-serni-prats-aigua-845x684.jpg 845w\" sizes=\"(max-width: 495px) 100vw, 495px\" \/><div class='big-prev-fake'><img decoding=\"async\" loading=\"lazy\" class=\"wp-image-24517 avia-img-lazy-loading-24517\"  width=\"495\" height=\"400\" src=\"https:\/\/cerdanya.org\/wp-content\/uploads\/2021\/12\/sant-serni-prats-aigua-495x400.jpg\" title='27. PRATS I SANSOR- Sant Serni de Prats' alt='Sant Serni de Prats' srcset=\"https:\/\/cerdanya.org\/wp-content\/uploads\/2021\/12\/sant-serni-prats-aigua-495x400.jpg 495w, https:\/\/cerdanya.org\/wp-content\/uploads\/2021\/12\/sant-serni-prats-aigua-845x684.jpg 845w\" sizes=\"auto, (max-width: 495px) 100vw, 495px\" \/><\/div><\/a><a href=\"https:\/\/cerdanya.org\/wp-content\/uploads\/2021\/12\/sant-serni-prats-pica-1030x687.jpg\" data-srcset=\"https:\/\/cerdanya.org\/wp-content\/uploads\/2021\/12\/sant-serni-prats-pica-1030x687.jpg 1030w, https:\/\/cerdanya.org\/wp-content\/uploads\/2021\/12\/sant-serni-prats-pica-300x200.jpg 300w, https:\/\/cerdanya.org\/wp-content\/uploads\/2021\/12\/sant-serni-prats-pica-768x512.jpg 768w, https:\/\/cerdanya.org\/wp-content\/uploads\/2021\/12\/sant-serni-prats-pica-705x470.jpg 705w, https:\/\/cerdanya.org\/wp-content\/uploads\/2021\/12\/sant-serni-prats-pica.jpg 1500w\" data-sizes=\"(max-width: 1030px) 100vw, 1030px\" data-rel='gallery-1' data-prev-img='https:\/\/cerdanya.org\/wp-content\/uploads\/2021\/12\/sant-serni-prats-pica-495x400.jpg' class='lightbox ' data-onclick='7' title='Sant Serni de Prats'  itemprop=\"thumbnailUrl\"  ><img decoding=\"async\" fetchpriority=\"high\" class=\"wp-image-24519 avia-img-lazy-loading-not-24519\"  data-avia-tooltip='Sant Serni de Prats' src=\"https:\/\/cerdanya.org\/wp-content\/uploads\/2021\/12\/sant-serni-prats-pica-495x400.jpg\" width=\"495\" height=\"400\"  title='27. PRATS I SANSOR- Sant Serni de Prats' alt='Sant Serni de Prats' srcset=\"https:\/\/cerdanya.org\/wp-content\/uploads\/2021\/12\/sant-serni-prats-pica-495x400.jpg 495w, https:\/\/cerdanya.org\/wp-content\/uploads\/2021\/12\/sant-serni-prats-pica-845x684.jpg 845w\" sizes=\"(max-width: 495px) 100vw, 495px\" \/><div class='big-prev-fake'><img decoding=\"async\" loading=\"lazy\" class=\"wp-image-24519 avia-img-lazy-loading-24519\"  width=\"495\" height=\"400\" src=\"https:\/\/cerdanya.org\/wp-content\/uploads\/2021\/12\/sant-serni-prats-pica-495x400.jpg\" title='27. PRATS I SANSOR- Sant Serni de Prats' alt='Sant Serni de Prats' srcset=\"https:\/\/cerdanya.org\/wp-content\/uploads\/2021\/12\/sant-serni-prats-pica-495x400.jpg 495w, https:\/\/cerdanya.org\/wp-content\/uploads\/2021\/12\/sant-serni-prats-pica-845x684.jpg 845w\" sizes=\"auto, (max-width: 495px) 100vw, 495px\" \/><\/div><\/a><a href=\"https:\/\/cerdanya.org\/wp-content\/uploads\/2021\/12\/sant-serni-prats-gravat-1030x687.jpg\" data-srcset=\"https:\/\/cerdanya.org\/wp-content\/uploads\/2021\/12\/sant-serni-prats-gravat-1030x687.jpg 1030w, https:\/\/cerdanya.org\/wp-content\/uploads\/2021\/12\/sant-serni-prats-gravat-300x200.jpg 300w, https:\/\/cerdanya.org\/wp-content\/uploads\/2021\/12\/sant-serni-prats-gravat-768x512.jpg 768w, https:\/\/cerdanya.org\/wp-content\/uploads\/2021\/12\/sant-serni-prats-gravat-705x470.jpg 705w, https:\/\/cerdanya.org\/wp-content\/uploads\/2021\/12\/sant-serni-prats-gravat.jpg 1500w\" data-sizes=\"(max-width: 1030px) 100vw, 1030px\" data-rel='gallery-1' data-prev-img='https:\/\/cerdanya.org\/wp-content\/uploads\/2021\/12\/sant-serni-prats-gravat-495x400.jpg' class='lightbox ' data-onclick='8' title='Sant Serni de Prats'  itemprop=\"thumbnailUrl\"  ><img decoding=\"async\" fetchpriority=\"high\" class=\"wp-image-24521 avia-img-lazy-loading-not-24521\"  data-avia-tooltip='Sant Serni de Prats' src=\"https:\/\/cerdanya.org\/wp-content\/uploads\/2021\/12\/sant-serni-prats-gravat-495x400.jpg\" width=\"495\" height=\"400\"  title='27. PRATS I SANSOR- Sant Serni de Prats' alt='Sant Serni de Prats' srcset=\"https:\/\/cerdanya.org\/wp-content\/uploads\/2021\/12\/sant-serni-prats-gravat-495x400.jpg 495w, https:\/\/cerdanya.org\/wp-content\/uploads\/2021\/12\/sant-serni-prats-gravat-845x684.jpg 845w\" sizes=\"(max-width: 495px) 100vw, 495px\" \/><div class='big-prev-fake'><img decoding=\"async\" loading=\"lazy\" class=\"wp-image-24521 avia-img-lazy-loading-24521\"  width=\"495\" height=\"400\" src=\"https:\/\/cerdanya.org\/wp-content\/uploads\/2021\/12\/sant-serni-prats-gravat-495x400.jpg\" title='27. PRATS I SANSOR- Sant Serni de Prats' alt='Sant Serni de Prats' srcset=\"https:\/\/cerdanya.org\/wp-content\/uploads\/2021\/12\/sant-serni-prats-gravat-495x400.jpg 495w, https:\/\/cerdanya.org\/wp-content\/uploads\/2021\/12\/sant-serni-prats-gravat-845x684.jpg 845w\" sizes=\"auto, (max-width: 495px) 100vw, 495px\" \/><\/div><\/a><\/div><\/div><\/div><\/p>\n","protected":false},"excerpt":{"rendered":"","protected":false},"author":3,"featured_media":23275,"parent":30623,"menu_order":20,"comment_status":"closed","ping_status":"closed","template":"","meta":{"footnotes":""},"class_list":["post-30465","page","type-page","status-publish","has-post-thumbnail","hentry"],"_links":{"self":[{"href":"https:\/\/cerdanya.org\/fr\/wp-json\/wp\/v2\/pages\/30465","targetHints":{"allow":["GET"]}}],"collection":[{"href":"https:\/\/cerdanya.org\/fr\/wp-json\/wp\/v2\/pages"}],"about":[{"href":"https:\/\/cerdanya.org\/fr\/wp-json\/wp\/v2\/types\/page"}],"author":[{"embeddable":true,"href":"https:\/\/cerdanya.org\/fr\/wp-json\/wp\/v2\/users\/3"}],"replies":[{"embeddable":true,"href":"https:\/\/cerdanya.org\/fr\/wp-json\/wp\/v2\/comments?post=30465"}],"version-history":[{"count":0,"href":"https:\/\/cerdanya.org\/fr\/wp-json\/wp\/v2\/pages\/30465\/revisions"}],"up":[{"embeddable":true,"href":"https:\/\/cerdanya.org\/fr\/wp-json\/wp\/v2\/pages\/30623"}],"wp:featuredmedia":[{"embeddable":true,"href":"https:\/\/cerdanya.org\/fr\/wp-json\/wp\/v2\/media\/23275"}],"wp:attachment":[{"href":"https:\/\/cerdanya.org\/fr\/wp-json\/wp\/v2\/media?parent=30465"}],"curies":[{"name":"wp","href":"https:\/\/api.w.org\/{rel}","templated":true}]}}