{"id":30446,"date":"2022-04-12T14:40:21","date_gmt":"2022-04-12T12:40:21","guid":{"rendered":"http:\/\/www.cerdanya.org\/capella-de-gracia\/"},"modified":"2022-04-28T23:06:20","modified_gmt":"2022-04-28T21:06:20","slug":"capella-de-gracia","status":"publish","type":"page","link":"https:\/\/cerdanya.org\/fr\/que-faire\/tourisme-culturel\/patrimoine-culturel\/puigcerda\/capella-de-gracia\/","title":{"rendered":"Capella de Gr\u00e0cia"},"content":{"rendered":"\n<style type=\"text\/css\" data-created_by=\"avia_inline_auto\" id=\"style-css-av-36rb4oj-ba4d95154227ed0d8a771e7152bf9e9e\">\n.flex_column.av-36rb4oj-ba4d95154227ed0d8a771e7152bf9e9e{\nborder-radius:0px 0px 0px 0px;\npadding:0px 0px 0px 0px;\n}\n<\/style>\n<div  class='flex_column av-36rb4oj-ba4d95154227ed0d8a771e7152bf9e9e av_one_half  avia-builder-el-0  el_before_av_one_half  avia-builder-el-first  first flex_column_div av-zero-column-padding  '     ><p>\n<style type=\"text\/css\" data-created_by=\"avia_inline_auto\" id=\"style-css-av-qypet2-27cdd3e7c8d5ec6a8fbd5140345db0a6\">\n#top .av-special-heading.av-qypet2-27cdd3e7c8d5ec6a8fbd5140345db0a6{\npadding-bottom:10px;\n}\nbody .av-special-heading.av-qypet2-27cdd3e7c8d5ec6a8fbd5140345db0a6 .av-special-heading-tag .heading-char{\nfont-size:25px;\n}\n.av-special-heading.av-qypet2-27cdd3e7c8d5ec6a8fbd5140345db0a6 .av-subheading{\nfont-size:15px;\n}\n<\/style>\n<div  class='av-special-heading av-qypet2-27cdd3e7c8d5ec6a8fbd5140345db0a6 av-special-heading-h5  avia-builder-el-1  el_before_av_textblock  avia-builder-el-first '><h5 class='av-special-heading-tag '  itemprop=\"headline\"  >Description<\/h5><div class=\"special-heading-border\"><div class=\"special-heading-inner-border\"><\/div><\/div><\/div><br \/>\n<section  class='av_textblock_section av-ksyomoyl-25f1f3c8b1a0a9b03a6473be4799410f '   itemscope=\"itemscope\" itemtype=\"https:\/\/schema.org\/CreativeWork\" ><div class='avia_textblock'  itemprop=\"text\" ><p>C&rsquo;est un b\u00e2timent du XVe si\u00e8cle, consacr\u00e9 en 1482, sa construction a \u00e9t\u00e9 promue par le viguier de Cerdagne et maire de Puigcerd\u00e0, Antoni Mercader en remerciement pour la victoire obtenue lors d&rsquo;un assaut sur la ville en 1477. La chapelle a \u00e9t\u00e9 pill\u00e9e par les Fran\u00e7ais en 1793 et restaur\u00e9e plus tard. Elle poss\u00e8de une nef unique, divis\u00e9e en trois trav\u00e9es par des arcs bris\u00e9s et couverte d&rsquo;une vo\u00fbte d&rsquo;ar\u00eate ; l&rsquo;abside polygonale est \u00e9galement couverte d&rsquo;une vo\u00fbte d&rsquo;ar\u00eate et d&rsquo;une cl\u00e9 de vo\u00fbte. Elle est \u00e9clair\u00e9e de c\u00f4t\u00e9 par des fen\u00eatres \u00e0 double vitrage et poss\u00e8de un c\u0153ur en bois. La fa\u00e7ade pr\u00e9sente un portail \u00e0 arc surbaiss\u00e9, aux voussoirs bien travaill\u00e9s, et un oculus sur lequel s&rsquo;\u00e9l\u00e8ve un petit clocher.<\/p>\n<p>Le MNAC conserve deux excellents retables gothiques de cette \u00e9glise, attribu\u00e9s \u00e0 un peintre anonyme connu sous le nom de Ma\u00eetre de la Seu d&rsquo;Urgell.<\/p>\n<\/div><\/section><\/p><\/div>\n<style type=\"text\/css\" data-created_by=\"avia_inline_auto\" id=\"style-css-av-2coqnf7-fe66bdd07c1c8428c9bfcd41c861e712\">\n.flex_column.av-2coqnf7-fe66bdd07c1c8428c9bfcd41c861e712{\nborder-radius:0px 0px 0px 0px;\npadding:0px 0px 0px 0px;\n}\n<\/style>\n<div  class='flex_column av-2coqnf7-fe66bdd07c1c8428c9bfcd41c861e712 av_one_half  avia-builder-el-3  el_after_av_one_half  avia-builder-el-last  flex_column_div av-zero-column-padding  '     ><style type=\"text\/css\" data-created_by=\"avia_inline_auto\" id=\"style-css-av-29ooh4j-b6e2ab8d1bb1ed4668ec3be6ce8ec588\">\n#top .avia-gallery.av-29ooh4j-b6e2ab8d1bb1ed4668ec3be6ce8ec588 .avia-gallery-thumb a{\nwidth:20%;\n}\n<\/style>\n<div  class='avia-gallery av-29ooh4j-b6e2ab8d1bb1ed4668ec3be6ce8ec588 avia_animate_when_visible  avia-builder-el-4  avia-builder-el-no-sibling  avia_lazyload av-slideshow-ui av-loop-manual-endless av-control-hidden av-navigate-arrows av-navigate-dots hover-effect av-control-hidden avia-gallery-animate avia-gallery-1'  itemprop=\"image\" itemscope=\"itemscope\" itemtype=\"https:\/\/schema.org\/ImageObject\" ><meta itemprop=\"contentURL\" content=\"https:\/\/cerdanya.org\/fr\/que-faire\/tourisme-culturel\/patrimoine-culturel\/puigcerda\/capella-de-gracia\/\"><div class='avia-gallery-big-wrapper'><a class='avia-gallery-big fakeLightbox lightbox avia-gallery-big-crop-thumb ' href=\"https:\/\/cerdanya.org\/wp-content\/uploads\/2021\/12\/capella-nostra-senyora-gracia-1030x687.jpg\" data-srcset=\"https:\/\/cerdanya.org\/wp-content\/uploads\/2021\/12\/capella-nostra-senyora-gracia-1030x687.jpg 1030w, https:\/\/cerdanya.org\/wp-content\/uploads\/2021\/12\/capella-nostra-senyora-gracia-300x200.jpg 300w, https:\/\/cerdanya.org\/wp-content\/uploads\/2021\/12\/capella-nostra-senyora-gracia-768x513.jpg 768w, https:\/\/cerdanya.org\/wp-content\/uploads\/2021\/12\/capella-nostra-senyora-gracia-705x470.jpg 705w, https:\/\/cerdanya.org\/wp-content\/uploads\/2021\/12\/capella-nostra-senyora-gracia.jpg 1500w\" data-sizes=\"(max-width: 1030px) 100vw, 1030px\"  data-onclick='1' title='Capella Nostra Senyora de Gr\u00e0cia' ><span class='avia-gallery-big-inner'  itemprop=\"thumbnailUrl\" ><img decoding=\"async\" fetchpriority=\"high\" class=\"wp-image-24573 avia-img-lazy-loading-not-24573\"  width=\"495\" height=\"400\" src=\"https:\/\/cerdanya.org\/wp-content\/uploads\/2021\/12\/capella-nostra-senyora-gracia-495x400.jpg\" title='38. PUIGCERDA\u0300- Capella de Gra\u0300cia de Puigcerda\u0300' alt='Capella de Gr\u00e0cia' srcset=\"https:\/\/cerdanya.org\/wp-content\/uploads\/2021\/12\/capella-nostra-senyora-gracia-495x400.jpg 495w, https:\/\/cerdanya.org\/wp-content\/uploads\/2021\/12\/capella-nostra-senyora-gracia-845x684.jpg 845w\" sizes=\"(max-width: 495px) 100vw, 495px\" \/><span class='avia-gallery-caption'>Capella Nostra Senyora de Gr\u00e0cia<\/span><\/span><\/a><\/div><div class='avia-gallery-thumb'><a href=\"https:\/\/cerdanya.org\/wp-content\/uploads\/2021\/12\/capella-nostra-senyora-gracia-1030x687.jpg\" data-srcset=\"https:\/\/cerdanya.org\/wp-content\/uploads\/2021\/12\/capella-nostra-senyora-gracia-1030x687.jpg 1030w, https:\/\/cerdanya.org\/wp-content\/uploads\/2021\/12\/capella-nostra-senyora-gracia-300x200.jpg 300w, https:\/\/cerdanya.org\/wp-content\/uploads\/2021\/12\/capella-nostra-senyora-gracia-768x513.jpg 768w, https:\/\/cerdanya.org\/wp-content\/uploads\/2021\/12\/capella-nostra-senyora-gracia-705x470.jpg 705w, https:\/\/cerdanya.org\/wp-content\/uploads\/2021\/12\/capella-nostra-senyora-gracia.jpg 1500w\" data-sizes=\"(max-width: 1030px) 100vw, 1030px\" data-rel='gallery-1' data-prev-img='https:\/\/cerdanya.org\/wp-content\/uploads\/2021\/12\/capella-nostra-senyora-gracia-495x400.jpg' class='first_thumb lightbox ' data-onclick='1' title='Capella Nostra Senyora de Gr\u00e0cia'  itemprop=\"thumbnailUrl\"  ><img decoding=\"async\" fetchpriority=\"high\" class=\"wp-image-24573 avia-img-lazy-loading-not-24573\"  data-avia-tooltip='Capella Nostra Senyora de Gr\u00e0cia' src=\"https:\/\/cerdanya.org\/wp-content\/uploads\/2021\/12\/capella-nostra-senyora-gracia-495x400.jpg\" width=\"495\" height=\"400\"  title='38. PUIGCERDA\u0300- Capella de Gra\u0300cia de Puigcerda\u0300' alt='Capella de Gr\u00e0cia' srcset=\"https:\/\/cerdanya.org\/wp-content\/uploads\/2021\/12\/capella-nostra-senyora-gracia-495x400.jpg 495w, https:\/\/cerdanya.org\/wp-content\/uploads\/2021\/12\/capella-nostra-senyora-gracia-845x684.jpg 845w\" sizes=\"(max-width: 495px) 100vw, 495px\" \/><div class='big-prev-fake'><img decoding=\"async\" loading=\"lazy\" class=\"wp-image-24573 avia-img-lazy-loading-24573\"  width=\"495\" height=\"400\" src=\"https:\/\/cerdanya.org\/wp-content\/uploads\/2021\/12\/capella-nostra-senyora-gracia-495x400.jpg\" title='38. PUIGCERDA\u0300- Capella de Gra\u0300cia de Puigcerda\u0300' alt='Capella de Gr\u00e0cia' srcset=\"https:\/\/cerdanya.org\/wp-content\/uploads\/2021\/12\/capella-nostra-senyora-gracia-495x400.jpg 495w, https:\/\/cerdanya.org\/wp-content\/uploads\/2021\/12\/capella-nostra-senyora-gracia-845x684.jpg 845w\" sizes=\"auto, (max-width: 495px) 100vw, 495px\" \/><\/div><\/a><a href=\"https:\/\/cerdanya.org\/wp-content\/uploads\/2021\/12\/capella-nostra-senyora-gracia-verge-1030x687.jpg\" data-srcset=\"https:\/\/cerdanya.org\/wp-content\/uploads\/2021\/12\/capella-nostra-senyora-gracia-verge-1030x687.jpg 1030w, https:\/\/cerdanya.org\/wp-content\/uploads\/2021\/12\/capella-nostra-senyora-gracia-verge-300x200.jpg 300w, https:\/\/cerdanya.org\/wp-content\/uploads\/2021\/12\/capella-nostra-senyora-gracia-verge-768x513.jpg 768w, https:\/\/cerdanya.org\/wp-content\/uploads\/2021\/12\/capella-nostra-senyora-gracia-verge-705x470.jpg 705w, https:\/\/cerdanya.org\/wp-content\/uploads\/2021\/12\/capella-nostra-senyora-gracia-verge.jpg 1500w\" data-sizes=\"(max-width: 1030px) 100vw, 1030px\" data-rel='gallery-1' data-prev-img='https:\/\/cerdanya.org\/wp-content\/uploads\/2021\/12\/capella-nostra-senyora-gracia-verge-495x400.jpg' class='lightbox ' data-onclick='2' title='Capella Nostra Senyora de Gr\u00e0cia'  itemprop=\"thumbnailUrl\"  ><img decoding=\"async\" fetchpriority=\"high\" class=\"wp-image-24575 avia-img-lazy-loading-not-24575\"  data-avia-tooltip='Capella Nostra Senyora de Gr\u00e0cia' src=\"https:\/\/cerdanya.org\/wp-content\/uploads\/2021\/12\/capella-nostra-senyora-gracia-verge-495x400.jpg\" width=\"495\" height=\"400\"  title='38. PUIGCERDA\u0300- Capella de Gra\u0300cia de Puigcerda\u0300' alt='Capella de Gr\u00e0cia' srcset=\"https:\/\/cerdanya.org\/wp-content\/uploads\/2021\/12\/capella-nostra-senyora-gracia-verge-495x400.jpg 495w, https:\/\/cerdanya.org\/wp-content\/uploads\/2021\/12\/capella-nostra-senyora-gracia-verge-845x684.jpg 845w\" sizes=\"(max-width: 495px) 100vw, 495px\" \/><div class='big-prev-fake'><img decoding=\"async\" loading=\"lazy\" class=\"wp-image-24575 avia-img-lazy-loading-24575\"  width=\"495\" height=\"400\" src=\"https:\/\/cerdanya.org\/wp-content\/uploads\/2021\/12\/capella-nostra-senyora-gracia-verge-495x400.jpg\" title='38. PUIGCERDA\u0300- Capella de Gra\u0300cia de Puigcerda\u0300' alt='Capella de Gr\u00e0cia' srcset=\"https:\/\/cerdanya.org\/wp-content\/uploads\/2021\/12\/capella-nostra-senyora-gracia-verge-495x400.jpg 495w, https:\/\/cerdanya.org\/wp-content\/uploads\/2021\/12\/capella-nostra-senyora-gracia-verge-845x684.jpg 845w\" sizes=\"auto, (max-width: 495px) 100vw, 495px\" \/><\/div><\/a><a href=\"https:\/\/cerdanya.org\/wp-content\/uploads\/2021\/12\/capella-nostra-senyora-gracia-darrera-1030x687.jpg\" data-srcset=\"https:\/\/cerdanya.org\/wp-content\/uploads\/2021\/12\/capella-nostra-senyora-gracia-darrera-1030x687.jpg 1030w, https:\/\/cerdanya.org\/wp-content\/uploads\/2021\/12\/capella-nostra-senyora-gracia-darrera-300x200.jpg 300w, https:\/\/cerdanya.org\/wp-content\/uploads\/2021\/12\/capella-nostra-senyora-gracia-darrera-768x513.jpg 768w, https:\/\/cerdanya.org\/wp-content\/uploads\/2021\/12\/capella-nostra-senyora-gracia-darrera-705x470.jpg 705w, https:\/\/cerdanya.org\/wp-content\/uploads\/2021\/12\/capella-nostra-senyora-gracia-darrera.jpg 1500w\" data-sizes=\"(max-width: 1030px) 100vw, 1030px\" data-rel='gallery-1' data-prev-img='https:\/\/cerdanya.org\/wp-content\/uploads\/2021\/12\/capella-nostra-senyora-gracia-darrera-495x400.jpg' class='lightbox ' data-onclick='3' title='Capella Nostra Senyora de Gr\u00e0cia'  itemprop=\"thumbnailUrl\"  ><img decoding=\"async\" fetchpriority=\"high\" class=\"wp-image-24577 avia-img-lazy-loading-not-24577\"  data-avia-tooltip='Capella Nostra Senyora de Gr\u00e0cia' src=\"https:\/\/cerdanya.org\/wp-content\/uploads\/2021\/12\/capella-nostra-senyora-gracia-darrera-495x400.jpg\" width=\"495\" height=\"400\"  title='38. PUIGCERDA\u0300- Capella de Gra\u0300cia de Puigcerda\u0300' alt='Capella de Gr\u00e0cia' srcset=\"https:\/\/cerdanya.org\/wp-content\/uploads\/2021\/12\/capella-nostra-senyora-gracia-darrera-495x400.jpg 495w, https:\/\/cerdanya.org\/wp-content\/uploads\/2021\/12\/capella-nostra-senyora-gracia-darrera-845x684.jpg 845w\" sizes=\"(max-width: 495px) 100vw, 495px\" \/><div class='big-prev-fake'><img decoding=\"async\" loading=\"lazy\" class=\"wp-image-24577 avia-img-lazy-loading-24577\"  width=\"495\" height=\"400\" src=\"https:\/\/cerdanya.org\/wp-content\/uploads\/2021\/12\/capella-nostra-senyora-gracia-darrera-495x400.jpg\" title='38. PUIGCERDA\u0300- Capella de Gra\u0300cia de Puigcerda\u0300' alt='Capella de Gr\u00e0cia' srcset=\"https:\/\/cerdanya.org\/wp-content\/uploads\/2021\/12\/capella-nostra-senyora-gracia-darrera-495x400.jpg 495w, https:\/\/cerdanya.org\/wp-content\/uploads\/2021\/12\/capella-nostra-senyora-gracia-darrera-845x684.jpg 845w\" sizes=\"auto, (max-width: 495px) 100vw, 495px\" \/><\/div><\/a><a href=\"https:\/\/cerdanya.org\/wp-content\/uploads\/2021\/12\/capella-nostra-senyora-gracia-altar-1030x687.jpg\" data-srcset=\"https:\/\/cerdanya.org\/wp-content\/uploads\/2021\/12\/capella-nostra-senyora-gracia-altar-1030x687.jpg 1030w, https:\/\/cerdanya.org\/wp-content\/uploads\/2021\/12\/capella-nostra-senyora-gracia-altar-300x200.jpg 300w, https:\/\/cerdanya.org\/wp-content\/uploads\/2021\/12\/capella-nostra-senyora-gracia-altar-768x513.jpg 768w, https:\/\/cerdanya.org\/wp-content\/uploads\/2021\/12\/capella-nostra-senyora-gracia-altar-705x470.jpg 705w, https:\/\/cerdanya.org\/wp-content\/uploads\/2021\/12\/capella-nostra-senyora-gracia-altar.jpg 1500w\" data-sizes=\"(max-width: 1030px) 100vw, 1030px\" data-rel='gallery-1' data-prev-img='https:\/\/cerdanya.org\/wp-content\/uploads\/2021\/12\/capella-nostra-senyora-gracia-altar-495x400.jpg' class='lightbox ' data-onclick='4' title='Capella Nostra Senyora de Gr\u00e0cia'  itemprop=\"thumbnailUrl\"  ><img decoding=\"async\" fetchpriority=\"high\" class=\"wp-image-24579 avia-img-lazy-loading-not-24579\"  data-avia-tooltip='Capella Nostra Senyora de Gr\u00e0cia' src=\"https:\/\/cerdanya.org\/wp-content\/uploads\/2021\/12\/capella-nostra-senyora-gracia-altar-495x400.jpg\" width=\"495\" height=\"400\"  title='38. PUIGCERDA\u0300- Capella de Gra\u0300cia de Puigcerda\u0300' alt='Capella de Gr\u00e0cia' srcset=\"https:\/\/cerdanya.org\/wp-content\/uploads\/2021\/12\/capella-nostra-senyora-gracia-altar-495x400.jpg 495w, https:\/\/cerdanya.org\/wp-content\/uploads\/2021\/12\/capella-nostra-senyora-gracia-altar-845x684.jpg 845w\" sizes=\"(max-width: 495px) 100vw, 495px\" \/><div class='big-prev-fake'><img decoding=\"async\" loading=\"lazy\" class=\"wp-image-24579 avia-img-lazy-loading-24579\"  width=\"495\" height=\"400\" src=\"https:\/\/cerdanya.org\/wp-content\/uploads\/2021\/12\/capella-nostra-senyora-gracia-altar-495x400.jpg\" title='38. PUIGCERDA\u0300- Capella de Gra\u0300cia de Puigcerda\u0300' alt='Capella de Gr\u00e0cia' srcset=\"https:\/\/cerdanya.org\/wp-content\/uploads\/2021\/12\/capella-nostra-senyora-gracia-altar-495x400.jpg 495w, https:\/\/cerdanya.org\/wp-content\/uploads\/2021\/12\/capella-nostra-senyora-gracia-altar-845x684.jpg 845w\" sizes=\"auto, (max-width: 495px) 100vw, 495px\" \/><\/div><\/a><\/div><\/div><\/div><\/p>\n","protected":false},"excerpt":{"rendered":"","protected":false},"author":3,"featured_media":23348,"parent":30619,"menu_order":30,"comment_status":"closed","ping_status":"closed","template":"","meta":{"footnotes":""},"class_list":["post-30446","page","type-page","status-publish","has-post-thumbnail","hentry"],"_links":{"self":[{"href":"https:\/\/cerdanya.org\/fr\/wp-json\/wp\/v2\/pages\/30446","targetHints":{"allow":["GET"]}}],"collection":[{"href":"https:\/\/cerdanya.org\/fr\/wp-json\/wp\/v2\/pages"}],"about":[{"href":"https:\/\/cerdanya.org\/fr\/wp-json\/wp\/v2\/types\/page"}],"author":[{"embeddable":true,"href":"https:\/\/cerdanya.org\/fr\/wp-json\/wp\/v2\/users\/3"}],"replies":[{"embeddable":true,"href":"https:\/\/cerdanya.org\/fr\/wp-json\/wp\/v2\/comments?post=30446"}],"version-history":[{"count":0,"href":"https:\/\/cerdanya.org\/fr\/wp-json\/wp\/v2\/pages\/30446\/revisions"}],"up":[{"embeddable":true,"href":"https:\/\/cerdanya.org\/fr\/wp-json\/wp\/v2\/pages\/30619"}],"wp:featuredmedia":[{"embeddable":true,"href":"https:\/\/cerdanya.org\/fr\/wp-json\/wp\/v2\/media\/23348"}],"wp:attachment":[{"href":"https:\/\/cerdanya.org\/fr\/wp-json\/wp\/v2\/media?parent=30446"}],"curies":[{"name":"wp","href":"https:\/\/api.w.org\/{rel}","templated":true}]}}