{"id":30444,"date":"2022-04-12T14:37:56","date_gmt":"2022-04-12T12:37:56","guid":{"rendered":"http:\/\/www.cerdanya.org\/sant-jaume-de-rigolisa\/"},"modified":"2022-04-28T23:06:20","modified_gmt":"2022-04-28T21:06:20","slug":"sant-jaume-de-rigolisa","status":"publish","type":"page","link":"https:\/\/cerdanya.org\/fr\/que-faire\/tourisme-culturel\/patrimoine-culturel\/puigcerda\/sant-jaume-de-rigolisa\/","title":{"rendered":"Sant Jaume de Rigolisa"},"content":{"rendered":"\n<style type=\"text\/css\" data-created_by=\"avia_inline_auto\" id=\"style-css-av-36rb4oj-ba4d95154227ed0d8a771e7152bf9e9e\">\n.flex_column.av-36rb4oj-ba4d95154227ed0d8a771e7152bf9e9e{\nborder-radius:0px 0px 0px 0px;\npadding:0px 0px 0px 0px;\n}\n<\/style>\n<div  class='flex_column av-36rb4oj-ba4d95154227ed0d8a771e7152bf9e9e av_one_half  avia-builder-el-0  el_before_av_one_half  avia-builder-el-first  first flex_column_div av-zero-column-padding  '     ><p>\n<style type=\"text\/css\" data-created_by=\"avia_inline_auto\" id=\"style-css-av-qi5k6x-155915b9e539493881927cc710f8f298\">\n#top .av-special-heading.av-qi5k6x-155915b9e539493881927cc710f8f298{\npadding-bottom:10px;\n}\nbody .av-special-heading.av-qi5k6x-155915b9e539493881927cc710f8f298 .av-special-heading-tag .heading-char{\nfont-size:25px;\n}\n.av-special-heading.av-qi5k6x-155915b9e539493881927cc710f8f298 .av-subheading{\nfont-size:15px;\n}\n<\/style>\n<div  class='av-special-heading av-qi5k6x-155915b9e539493881927cc710f8f298 av-special-heading-h5  avia-builder-el-1  el_before_av_textblock  avia-builder-el-first '><h5 class='av-special-heading-tag '  itemprop=\"headline\"  >Description<\/h5><div class=\"special-heading-border\"><div class=\"special-heading-inner-border\"><\/div><\/div><\/div><br \/>\n<section  class='av_textblock_section av-ksyomoyl-25f1f3c8b1a0a9b03a6473be4799410f '   itemscope=\"itemscope\" itemtype=\"https:\/\/schema.org\/CreativeWork\" ><div class='avia_textblock'  itemprop=\"text\" ><p>L&rsquo;ancienne chapelle est connue pour avoir \u00e9t\u00e9 d\u00e9truite par les Fran\u00e7ais en 1793 et reconstruite par la famille Guasch. En tout cas, en 1885, elle \u00e9tait presque en ruine. Avec l&rsquo;acquisition du domaine par F\u00e8lix Maci\u00e0 Gelbert, il entendait, d\u00e8s le d\u00e9part, proc\u00e9der \u00e0 sa reconstruction, qui serait finalement r\u00e9alis\u00e9e par ses fils F\u00e8lix et Merc\u00e8 Maci\u00e0 Bonaplata. L&rsquo;actuelle, l\u00e9g\u00e8rement d\u00e9cal\u00e9e par rapport au pr\u00e9c\u00e9dent, a \u00e9t\u00e9 inaugur\u00e9e et b\u00e9nie le jour de la Sant Jaume de 1887.<\/p>\n<p>La chapelle de style n\u00e9oclassique se compose de trois parties : une crypte sous le presbyt\u00e8re, la chapelle proprement dite et le clocher carr\u00e9 qui culmine \u00e0 17 m\u00e8tres. Son architecte Salvador Vi\u00f1als de Barcelone. Son retable, ainsi que plusieurs tableaux de Pere Borrell, ont \u00e9t\u00e9 perdus dans le pillage qu&rsquo;elle a subi en 1936.<\/p>\n<\/div><\/section><\/p><\/div>\n<style type=\"text\/css\" data-created_by=\"avia_inline_auto\" id=\"style-css-av-2coqnf7-fe66bdd07c1c8428c9bfcd41c861e712\">\n.flex_column.av-2coqnf7-fe66bdd07c1c8428c9bfcd41c861e712{\nborder-radius:0px 0px 0px 0px;\npadding:0px 0px 0px 0px;\n}\n<\/style>\n<div  class='flex_column av-2coqnf7-fe66bdd07c1c8428c9bfcd41c861e712 av_one_half  avia-builder-el-3  el_after_av_one_half  avia-builder-el-last  flex_column_div av-zero-column-padding  '     ><style type=\"text\/css\" data-created_by=\"avia_inline_auto\" id=\"style-css-av-29ooh4j-d460b64f3943baa03d91a492c6171b1b\">\n#top .avia-gallery.av-29ooh4j-d460b64f3943baa03d91a492c6171b1b .avia-gallery-thumb a{\nwidth:20%;\n}\n<\/style>\n<div  class='avia-gallery av-29ooh4j-d460b64f3943baa03d91a492c6171b1b avia_animate_when_visible  avia-builder-el-4  avia-builder-el-no-sibling  avia_lazyload av-slideshow-ui av-loop-manual-endless av-control-hidden av-navigate-arrows av-navigate-dots hover-effect av-control-hidden avia-gallery-animate avia-gallery-1'  itemprop=\"image\" itemscope=\"itemscope\" itemtype=\"https:\/\/schema.org\/ImageObject\" ><meta itemprop=\"contentURL\" content=\"https:\/\/cerdanya.org\/fr\/que-faire\/tourisme-culturel\/patrimoine-culturel\/puigcerda\/sant-jaume-de-rigolisa\/\"><div class='avia-gallery-big-wrapper'><a class='avia-gallery-big fakeLightbox lightbox avia-gallery-big-crop-thumb ' href=\"https:\/\/cerdanya.org\/wp-content\/uploads\/2021\/12\/sant-jaume-rigolisa-1030x687.jpg\" data-srcset=\"https:\/\/cerdanya.org\/wp-content\/uploads\/2021\/12\/sant-jaume-rigolisa-1030x687.jpg 1030w, https:\/\/cerdanya.org\/wp-content\/uploads\/2021\/12\/sant-jaume-rigolisa-300x200.jpg 300w, https:\/\/cerdanya.org\/wp-content\/uploads\/2021\/12\/sant-jaume-rigolisa-768x512.jpg 768w, https:\/\/cerdanya.org\/wp-content\/uploads\/2021\/12\/sant-jaume-rigolisa-705x470.jpg 705w, https:\/\/cerdanya.org\/wp-content\/uploads\/2021\/12\/sant-jaume-rigolisa.jpg 1500w\" data-sizes=\"(max-width: 1030px) 100vw, 1030px\"  data-onclick='1' title='Sant Jaume de Rigolisa' ><span class='avia-gallery-big-inner'  itemprop=\"thumbnailUrl\" ><img decoding=\"async\" fetchpriority=\"high\" class=\"wp-image-24581 avia-img-lazy-loading-not-24581\"  width=\"495\" height=\"400\" src=\"https:\/\/cerdanya.org\/wp-content\/uploads\/2021\/12\/sant-jaume-rigolisa-495x400.jpg\" title='PUIGCERDA\u0300- Sant Jaume de Rigolisa' alt='Sant Jaume de Rigolisa' srcset=\"https:\/\/cerdanya.org\/wp-content\/uploads\/2021\/12\/sant-jaume-rigolisa-495x400.jpg 495w, https:\/\/cerdanya.org\/wp-content\/uploads\/2021\/12\/sant-jaume-rigolisa-845x684.jpg 845w\" sizes=\"(max-width: 495px) 100vw, 495px\" \/><span class='avia-gallery-caption'>Sant Jaume de Rigolisa<\/span><\/span><\/a><\/div><div class='avia-gallery-thumb'><a href=\"https:\/\/cerdanya.org\/wp-content\/uploads\/2021\/12\/sant-jaume-rigolisa-1030x687.jpg\" data-srcset=\"https:\/\/cerdanya.org\/wp-content\/uploads\/2021\/12\/sant-jaume-rigolisa-1030x687.jpg 1030w, https:\/\/cerdanya.org\/wp-content\/uploads\/2021\/12\/sant-jaume-rigolisa-300x200.jpg 300w, https:\/\/cerdanya.org\/wp-content\/uploads\/2021\/12\/sant-jaume-rigolisa-768x512.jpg 768w, https:\/\/cerdanya.org\/wp-content\/uploads\/2021\/12\/sant-jaume-rigolisa-705x470.jpg 705w, https:\/\/cerdanya.org\/wp-content\/uploads\/2021\/12\/sant-jaume-rigolisa.jpg 1500w\" data-sizes=\"(max-width: 1030px) 100vw, 1030px\" data-rel='gallery-1' data-prev-img='https:\/\/cerdanya.org\/wp-content\/uploads\/2021\/12\/sant-jaume-rigolisa-495x400.jpg' class='first_thumb lightbox ' data-onclick='1' title='Sant Jaume de Rigolisa'  itemprop=\"thumbnailUrl\"  ><img decoding=\"async\" fetchpriority=\"high\" class=\"wp-image-24581 avia-img-lazy-loading-not-24581\"  data-avia-tooltip='Sant Jaume de Rigolisa' src=\"https:\/\/cerdanya.org\/wp-content\/uploads\/2021\/12\/sant-jaume-rigolisa-495x400.jpg\" width=\"495\" height=\"400\"  title='PUIGCERDA\u0300- Sant Jaume de Rigolisa' alt='Sant Jaume de Rigolisa' srcset=\"https:\/\/cerdanya.org\/wp-content\/uploads\/2021\/12\/sant-jaume-rigolisa-495x400.jpg 495w, https:\/\/cerdanya.org\/wp-content\/uploads\/2021\/12\/sant-jaume-rigolisa-845x684.jpg 845w\" sizes=\"(max-width: 495px) 100vw, 495px\" \/><div class='big-prev-fake'><img decoding=\"async\" loading=\"lazy\" class=\"wp-image-24581 avia-img-lazy-loading-24581\"  width=\"495\" height=\"400\" src=\"https:\/\/cerdanya.org\/wp-content\/uploads\/2021\/12\/sant-jaume-rigolisa-495x400.jpg\" title='PUIGCERDA\u0300- Sant Jaume de Rigolisa' alt='Sant Jaume de Rigolisa' srcset=\"https:\/\/cerdanya.org\/wp-content\/uploads\/2021\/12\/sant-jaume-rigolisa-495x400.jpg 495w, https:\/\/cerdanya.org\/wp-content\/uploads\/2021\/12\/sant-jaume-rigolisa-845x684.jpg 845w\" sizes=\"auto, (max-width: 495px) 100vw, 495px\" \/><\/div><\/a><a href=\"https:\/\/cerdanya.org\/wp-content\/uploads\/2021\/12\/sant-jaume-rigolisa-altar-1030x687.jpg\" data-srcset=\"https:\/\/cerdanya.org\/wp-content\/uploads\/2021\/12\/sant-jaume-rigolisa-altar-1030x687.jpg 1030w, https:\/\/cerdanya.org\/wp-content\/uploads\/2021\/12\/sant-jaume-rigolisa-altar-300x200.jpg 300w, https:\/\/cerdanya.org\/wp-content\/uploads\/2021\/12\/sant-jaume-rigolisa-altar-768x512.jpg 768w, https:\/\/cerdanya.org\/wp-content\/uploads\/2021\/12\/sant-jaume-rigolisa-altar-705x470.jpg 705w, https:\/\/cerdanya.org\/wp-content\/uploads\/2021\/12\/sant-jaume-rigolisa-altar.jpg 1500w\" data-sizes=\"(max-width: 1030px) 100vw, 1030px\" data-rel='gallery-1' data-prev-img='https:\/\/cerdanya.org\/wp-content\/uploads\/2021\/12\/sant-jaume-rigolisa-altar-495x400.jpg' class='lightbox ' data-onclick='2' title='Sant Jaume de Rigolisa'  itemprop=\"thumbnailUrl\"  ><img decoding=\"async\" fetchpriority=\"high\" class=\"wp-image-24583 avia-img-lazy-loading-not-24583\"  data-avia-tooltip='Sant Jaume de Rigolisa' src=\"https:\/\/cerdanya.org\/wp-content\/uploads\/2021\/12\/sant-jaume-rigolisa-altar-495x400.jpg\" width=\"495\" height=\"400\"  title='PUIGCERDA\u0300- Sant Jaume de Rigolisa' alt='Sant Jaume de Rigolisa' srcset=\"https:\/\/cerdanya.org\/wp-content\/uploads\/2021\/12\/sant-jaume-rigolisa-altar-495x400.jpg 495w, https:\/\/cerdanya.org\/wp-content\/uploads\/2021\/12\/sant-jaume-rigolisa-altar-845x684.jpg 845w\" sizes=\"(max-width: 495px) 100vw, 495px\" \/><div class='big-prev-fake'><img decoding=\"async\" loading=\"lazy\" class=\"wp-image-24583 avia-img-lazy-loading-24583\"  width=\"495\" height=\"400\" src=\"https:\/\/cerdanya.org\/wp-content\/uploads\/2021\/12\/sant-jaume-rigolisa-altar-495x400.jpg\" title='PUIGCERDA\u0300- Sant Jaume de Rigolisa' alt='Sant Jaume de Rigolisa' srcset=\"https:\/\/cerdanya.org\/wp-content\/uploads\/2021\/12\/sant-jaume-rigolisa-altar-495x400.jpg 495w, https:\/\/cerdanya.org\/wp-content\/uploads\/2021\/12\/sant-jaume-rigolisa-altar-845x684.jpg 845w\" sizes=\"auto, (max-width: 495px) 100vw, 495px\" \/><\/div><\/a><a href=\"https:\/\/cerdanya.org\/wp-content\/uploads\/2021\/12\/sant-jaume-rigolisa-cor-1030x687.jpg\" data-srcset=\"https:\/\/cerdanya.org\/wp-content\/uploads\/2021\/12\/sant-jaume-rigolisa-cor-1030x687.jpg 1030w, https:\/\/cerdanya.org\/wp-content\/uploads\/2021\/12\/sant-jaume-rigolisa-cor-300x200.jpg 300w, https:\/\/cerdanya.org\/wp-content\/uploads\/2021\/12\/sant-jaume-rigolisa-cor-768x512.jpg 768w, https:\/\/cerdanya.org\/wp-content\/uploads\/2021\/12\/sant-jaume-rigolisa-cor-705x470.jpg 705w, https:\/\/cerdanya.org\/wp-content\/uploads\/2021\/12\/sant-jaume-rigolisa-cor.jpg 1500w\" data-sizes=\"(max-width: 1030px) 100vw, 1030px\" data-rel='gallery-1' data-prev-img='https:\/\/cerdanya.org\/wp-content\/uploads\/2021\/12\/sant-jaume-rigolisa-cor-495x400.jpg' class='lightbox ' data-onclick='3' title='Sant Jaume de Rigolisa'  itemprop=\"thumbnailUrl\"  ><img decoding=\"async\" fetchpriority=\"high\" class=\"wp-image-24585 avia-img-lazy-loading-not-24585\"  data-avia-tooltip='Sant Jaume de Rigolisa' src=\"https:\/\/cerdanya.org\/wp-content\/uploads\/2021\/12\/sant-jaume-rigolisa-cor-495x400.jpg\" width=\"495\" height=\"400\"  title='PUIGCERDA\u0300- Sant Jaume de Rigolisa' alt='Sant Jaume de Rigolisa' srcset=\"https:\/\/cerdanya.org\/wp-content\/uploads\/2021\/12\/sant-jaume-rigolisa-cor-495x400.jpg 495w, https:\/\/cerdanya.org\/wp-content\/uploads\/2021\/12\/sant-jaume-rigolisa-cor-845x684.jpg 845w\" sizes=\"(max-width: 495px) 100vw, 495px\" \/><div class='big-prev-fake'><img decoding=\"async\" loading=\"lazy\" class=\"wp-image-24585 avia-img-lazy-loading-24585\"  width=\"495\" height=\"400\" src=\"https:\/\/cerdanya.org\/wp-content\/uploads\/2021\/12\/sant-jaume-rigolisa-cor-495x400.jpg\" title='PUIGCERDA\u0300- Sant Jaume de Rigolisa' alt='Sant Jaume de Rigolisa' srcset=\"https:\/\/cerdanya.org\/wp-content\/uploads\/2021\/12\/sant-jaume-rigolisa-cor-495x400.jpg 495w, https:\/\/cerdanya.org\/wp-content\/uploads\/2021\/12\/sant-jaume-rigolisa-cor-845x684.jpg 845w\" sizes=\"auto, (max-width: 495px) 100vw, 495px\" \/><\/div><\/a><a href=\"https:\/\/cerdanya.org\/wp-content\/uploads\/2021\/12\/sant-jaume-rigolisa-escala-1030x687.jpg\" data-srcset=\"https:\/\/cerdanya.org\/wp-content\/uploads\/2021\/12\/sant-jaume-rigolisa-escala-1030x687.jpg 1030w, https:\/\/cerdanya.org\/wp-content\/uploads\/2021\/12\/sant-jaume-rigolisa-escala-300x200.jpg 300w, https:\/\/cerdanya.org\/wp-content\/uploads\/2021\/12\/sant-jaume-rigolisa-escala-768x512.jpg 768w, https:\/\/cerdanya.org\/wp-content\/uploads\/2021\/12\/sant-jaume-rigolisa-escala-705x470.jpg 705w, https:\/\/cerdanya.org\/wp-content\/uploads\/2021\/12\/sant-jaume-rigolisa-escala.jpg 1500w\" data-sizes=\"(max-width: 1030px) 100vw, 1030px\" data-rel='gallery-1' data-prev-img='https:\/\/cerdanya.org\/wp-content\/uploads\/2021\/12\/sant-jaume-rigolisa-escala-495x400.jpg' class='lightbox ' data-onclick='4' title='Sant Jaume de Rigolisa'  itemprop=\"thumbnailUrl\"  ><img decoding=\"async\" fetchpriority=\"high\" class=\"wp-image-24587 avia-img-lazy-loading-not-24587\"  data-avia-tooltip='Sant Jaume de Rigolisa' src=\"https:\/\/cerdanya.org\/wp-content\/uploads\/2021\/12\/sant-jaume-rigolisa-escala-495x400.jpg\" width=\"495\" height=\"400\"  title='PUIGCERDA\u0300- Sant Jaume de Rigolisa' alt='Sant Jaume de Rigolisa' srcset=\"https:\/\/cerdanya.org\/wp-content\/uploads\/2021\/12\/sant-jaume-rigolisa-escala-495x400.jpg 495w, https:\/\/cerdanya.org\/wp-content\/uploads\/2021\/12\/sant-jaume-rigolisa-escala-845x684.jpg 845w\" sizes=\"(max-width: 495px) 100vw, 495px\" \/><div class='big-prev-fake'><img decoding=\"async\" loading=\"lazy\" class=\"wp-image-24587 avia-img-lazy-loading-24587\"  width=\"495\" height=\"400\" src=\"https:\/\/cerdanya.org\/wp-content\/uploads\/2021\/12\/sant-jaume-rigolisa-escala-495x400.jpg\" title='PUIGCERDA\u0300- Sant Jaume de Rigolisa' alt='Sant Jaume de Rigolisa' srcset=\"https:\/\/cerdanya.org\/wp-content\/uploads\/2021\/12\/sant-jaume-rigolisa-escala-495x400.jpg 495w, https:\/\/cerdanya.org\/wp-content\/uploads\/2021\/12\/sant-jaume-rigolisa-escala-845x684.jpg 845w\" sizes=\"auto, (max-width: 495px) 100vw, 495px\" \/><\/div><\/a><\/div><\/div><\/div><\/p>\n","protected":false},"excerpt":{"rendered":"","protected":false},"author":3,"featured_media":23350,"parent":30619,"menu_order":40,"comment_status":"closed","ping_status":"closed","template":"","meta":{"footnotes":""},"class_list":["post-30444","page","type-page","status-publish","has-post-thumbnail","hentry"],"_links":{"self":[{"href":"https:\/\/cerdanya.org\/fr\/wp-json\/wp\/v2\/pages\/30444","targetHints":{"allow":["GET"]}}],"collection":[{"href":"https:\/\/cerdanya.org\/fr\/wp-json\/wp\/v2\/pages"}],"about":[{"href":"https:\/\/cerdanya.org\/fr\/wp-json\/wp\/v2\/types\/page"}],"author":[{"embeddable":true,"href":"https:\/\/cerdanya.org\/fr\/wp-json\/wp\/v2\/users\/3"}],"replies":[{"embeddable":true,"href":"https:\/\/cerdanya.org\/fr\/wp-json\/wp\/v2\/comments?post=30444"}],"version-history":[{"count":0,"href":"https:\/\/cerdanya.org\/fr\/wp-json\/wp\/v2\/pages\/30444\/revisions"}],"up":[{"embeddable":true,"href":"https:\/\/cerdanya.org\/fr\/wp-json\/wp\/v2\/pages\/30619"}],"wp:featuredmedia":[{"embeddable":true,"href":"https:\/\/cerdanya.org\/fr\/wp-json\/wp\/v2\/media\/23350"}],"wp:attachment":[{"href":"https:\/\/cerdanya.org\/fr\/wp-json\/wp\/v2\/media?parent=30444"}],"curies":[{"name":"wp","href":"https:\/\/api.w.org\/{rel}","templated":true}]}}