{"id":29534,"date":"2022-03-24T16:49:21","date_gmt":"2022-03-24T14:49:21","guid":{"rendered":"http:\/\/www.cerdanya.org\/saint-guillaume\/"},"modified":"2022-04-28T22:57:30","modified_gmt":"2022-04-28T20:57:30","slug":"saint-guillaume","status":"publish","type":"page","link":"https:\/\/cerdanya.org\/fr\/que-faire\/tourisme-culturel\/patrimoine-culturel\/llivia\/saint-guillaume\/","title":{"rendered":"Saint-Guillaume"},"content":{"rendered":"\n<style type=\"text\/css\" data-created_by=\"avia_inline_auto\" id=\"style-css-av-36rb4oj-ba4d95154227ed0d8a771e7152bf9e9e\">\n.flex_column.av-36rb4oj-ba4d95154227ed0d8a771e7152bf9e9e{\nborder-radius:0px 0px 0px 0px;\npadding:0px 0px 0px 0px;\n}\n<\/style>\n<div  class='flex_column av-36rb4oj-ba4d95154227ed0d8a771e7152bf9e9e av_one_half  avia-builder-el-0  el_before_av_one_half  avia-builder-el-first  first flex_column_div av-zero-column-padding  '     ><p>\n<style type=\"text\/css\" data-created_by=\"avia_inline_auto\" id=\"style-css-av-igi6cs-842257ec5202387f08a956e2a8637136\">\n#top .av-special-heading.av-igi6cs-842257ec5202387f08a956e2a8637136{\npadding-bottom:10px;\n}\nbody .av-special-heading.av-igi6cs-842257ec5202387f08a956e2a8637136 .av-special-heading-tag .heading-char{\nfont-size:25px;\n}\n.av-special-heading.av-igi6cs-842257ec5202387f08a956e2a8637136 .av-subheading{\nfont-size:15px;\n}\n<\/style>\n<div  class='av-special-heading av-igi6cs-842257ec5202387f08a956e2a8637136 av-special-heading-h5  avia-builder-el-1  el_before_av_textblock  avia-builder-el-first '><h5 class='av-special-heading-tag '  itemprop=\"headline\"  >Description<\/h5><div class=\"special-heading-border\"><div class=\"special-heading-inner-border\"><\/div><\/div><\/div><br \/>\n<section  class='av_textblock_section av-ksyomoyl-25f1f3c8b1a0a9b03a6473be4799410f '   itemscope=\"itemscope\" itemtype=\"https:\/\/schema.org\/CreativeWork\" ><div class='avia_textblock'  itemprop=\"text\" ><p>Le mythe du p\u00e8lerin Guillaume est n\u00e9 au XIe si\u00e8cle, mais nous ne savons pas avec certitude quand commence sa d\u00e9votion \u00e0 Ll\u00edvia. Ce qui est certain, c&rsquo;est que l&rsquo;ermitage actuel est moderne. Il a un plan rectangulaire et une porte unique sur la fa\u00e7ade ouest, avec un arc en plein cintre, surmont\u00e9 d&rsquo;un \u0153il de b\u0153uf et d&rsquo;un petit clocher. L&rsquo;int\u00e9rieur est couvert d&rsquo;une vo\u00fbte en berceau en brique. L&rsquo;autel est un rocher clou\u00e9 au mur de t\u00eate et un banc coulissant permet le repos.<\/p>\n<\/div><\/section><\/p><\/div>\n<style type=\"text\/css\" data-created_by=\"avia_inline_auto\" id=\"style-css-av-2coqnf7-fe66bdd07c1c8428c9bfcd41c861e712\">\n.flex_column.av-2coqnf7-fe66bdd07c1c8428c9bfcd41c861e712{\nborder-radius:0px 0px 0px 0px;\npadding:0px 0px 0px 0px;\n}\n<\/style>\n<div  class='flex_column av-2coqnf7-fe66bdd07c1c8428c9bfcd41c861e712 av_one_half  avia-builder-el-3  el_after_av_one_half  avia-builder-el-last  flex_column_div av-zero-column-padding  '     ><style type=\"text\/css\" data-created_by=\"avia_inline_auto\" id=\"style-css-av-29ooh4j-609b8f59b5b510db148be3dfb57ff4ab\">\n#top .avia-gallery.av-29ooh4j-609b8f59b5b510db148be3dfb57ff4ab .avia-gallery-thumb a{\nwidth:20%;\n}\n<\/style>\n<div  class='avia-gallery av-29ooh4j-609b8f59b5b510db148be3dfb57ff4ab avia_animate_when_visible  avia-builder-el-4  avia-builder-el-no-sibling  avia_lazyload av-slideshow-ui av-loop-manual-endless av-control-hidden av-navigate-arrows av-navigate-dots hover-effect av-control-hidden avia-gallery-animate avia-gallery-1'  itemprop=\"image\" itemscope=\"itemscope\" itemtype=\"https:\/\/schema.org\/ImageObject\" ><meta itemprop=\"contentURL\" content=\"https:\/\/cerdanya.org\/fr\/que-faire\/tourisme-culturel\/patrimoine-culturel\/llivia\/saint-guillaume\/\"><div class='avia-gallery-big-wrapper'><a class='avia-gallery-big fakeLightbox lightbox avia-gallery-big-crop-thumb ' href=\"https:\/\/cerdanya.org\/wp-content\/uploads\/2021\/12\/sant-guillem-llivia-1030x687.jpg\" data-srcset=\"https:\/\/cerdanya.org\/wp-content\/uploads\/2021\/12\/sant-guillem-llivia-1030x687.jpg 1030w, https:\/\/cerdanya.org\/wp-content\/uploads\/2021\/12\/sant-guillem-llivia-300x200.jpg 300w, https:\/\/cerdanya.org\/wp-content\/uploads\/2021\/12\/sant-guillem-llivia-768x512.jpg 768w, https:\/\/cerdanya.org\/wp-content\/uploads\/2021\/12\/sant-guillem-llivia-705x470.jpg 705w, https:\/\/cerdanya.org\/wp-content\/uploads\/2021\/12\/sant-guillem-llivia.jpg 1500w\" data-sizes=\"(max-width: 1030px) 100vw, 1030px\"  data-onclick='1' title='Sant Guillem de Ll\u00edvia' ><span class='avia-gallery-big-inner'  itemprop=\"thumbnailUrl\" ><img decoding=\"async\" fetchpriority=\"high\" class=\"wp-image-24399 avia-img-lazy-loading-not-24399\"  width=\"495\" height=\"400\" src=\"https:\/\/cerdanya.org\/wp-content\/uploads\/2021\/12\/sant-guillem-llivia-495x400.jpg\" title='LLI\u0301VIA- Sant Guillem' alt='Sant Guillem' srcset=\"https:\/\/cerdanya.org\/wp-content\/uploads\/2021\/12\/sant-guillem-llivia-495x400.jpg 495w, https:\/\/cerdanya.org\/wp-content\/uploads\/2021\/12\/sant-guillem-llivia-845x684.jpg 845w\" sizes=\"(max-width: 495px) 100vw, 495px\" \/><span class='avia-gallery-caption'>Sant Guillem de Ll\u00edvia<\/span><\/span><\/a><\/div><div class='avia-gallery-thumb'><a href=\"https:\/\/cerdanya.org\/wp-content\/uploads\/2021\/12\/sant-guillem-llivia-1030x687.jpg\" data-srcset=\"https:\/\/cerdanya.org\/wp-content\/uploads\/2021\/12\/sant-guillem-llivia-1030x687.jpg 1030w, https:\/\/cerdanya.org\/wp-content\/uploads\/2021\/12\/sant-guillem-llivia-300x200.jpg 300w, https:\/\/cerdanya.org\/wp-content\/uploads\/2021\/12\/sant-guillem-llivia-768x512.jpg 768w, https:\/\/cerdanya.org\/wp-content\/uploads\/2021\/12\/sant-guillem-llivia-705x470.jpg 705w, https:\/\/cerdanya.org\/wp-content\/uploads\/2021\/12\/sant-guillem-llivia.jpg 1500w\" data-sizes=\"(max-width: 1030px) 100vw, 1030px\" data-rel='gallery-1' data-prev-img='https:\/\/cerdanya.org\/wp-content\/uploads\/2021\/12\/sant-guillem-llivia-495x400.jpg' class='first_thumb lightbox ' data-onclick='1' title='Sant Guillem de Ll\u00edvia'  itemprop=\"thumbnailUrl\"  ><img decoding=\"async\" fetchpriority=\"high\" class=\"wp-image-24399 avia-img-lazy-loading-not-24399\"  data-avia-tooltip='Sant Guillem de Ll\u00edvia' src=\"https:\/\/cerdanya.org\/wp-content\/uploads\/2021\/12\/sant-guillem-llivia-495x400.jpg\" width=\"495\" height=\"400\"  title='LLI\u0301VIA- Sant Guillem' alt='Sant Guillem' srcset=\"https:\/\/cerdanya.org\/wp-content\/uploads\/2021\/12\/sant-guillem-llivia-495x400.jpg 495w, https:\/\/cerdanya.org\/wp-content\/uploads\/2021\/12\/sant-guillem-llivia-845x684.jpg 845w\" sizes=\"(max-width: 495px) 100vw, 495px\" \/><div class='big-prev-fake'><img decoding=\"async\" loading=\"lazy\" class=\"wp-image-24399 avia-img-lazy-loading-24399\"  width=\"495\" height=\"400\" src=\"https:\/\/cerdanya.org\/wp-content\/uploads\/2021\/12\/sant-guillem-llivia-495x400.jpg\" title='LLI\u0301VIA- Sant Guillem' alt='Sant Guillem' srcset=\"https:\/\/cerdanya.org\/wp-content\/uploads\/2021\/12\/sant-guillem-llivia-495x400.jpg 495w, https:\/\/cerdanya.org\/wp-content\/uploads\/2021\/12\/sant-guillem-llivia-845x684.jpg 845w\" sizes=\"auto, (max-width: 495px) 100vw, 495px\" \/><\/div><\/a><a href=\"https:\/\/cerdanya.org\/wp-content\/uploads\/2021\/12\/sant-guillem-llivia-altar-1030x687.jpg\" data-srcset=\"https:\/\/cerdanya.org\/wp-content\/uploads\/2021\/12\/sant-guillem-llivia-altar-1030x687.jpg 1030w, https:\/\/cerdanya.org\/wp-content\/uploads\/2021\/12\/sant-guillem-llivia-altar-300x200.jpg 300w, https:\/\/cerdanya.org\/wp-content\/uploads\/2021\/12\/sant-guillem-llivia-altar-768x512.jpg 768w, https:\/\/cerdanya.org\/wp-content\/uploads\/2021\/12\/sant-guillem-llivia-altar-705x470.jpg 705w, https:\/\/cerdanya.org\/wp-content\/uploads\/2021\/12\/sant-guillem-llivia-altar.jpg 1500w\" data-sizes=\"(max-width: 1030px) 100vw, 1030px\" data-rel='gallery-1' data-prev-img='https:\/\/cerdanya.org\/wp-content\/uploads\/2021\/12\/sant-guillem-llivia-altar-495x400.jpg' class='lightbox ' data-onclick='2' title='Sant Guillem de Ll\u00edvia'  itemprop=\"thumbnailUrl\"  ><img decoding=\"async\" fetchpriority=\"high\" class=\"wp-image-24401 avia-img-lazy-loading-not-24401\"  data-avia-tooltip='Sant Guillem de Ll\u00edvia' src=\"https:\/\/cerdanya.org\/wp-content\/uploads\/2021\/12\/sant-guillem-llivia-altar-495x400.jpg\" width=\"495\" height=\"400\"  title='LLI\u0301VIA- Sant Guillem' alt='Sant Guillem' srcset=\"https:\/\/cerdanya.org\/wp-content\/uploads\/2021\/12\/sant-guillem-llivia-altar-495x400.jpg 495w, https:\/\/cerdanya.org\/wp-content\/uploads\/2021\/12\/sant-guillem-llivia-altar-845x684.jpg 845w\" sizes=\"(max-width: 495px) 100vw, 495px\" \/><div class='big-prev-fake'><img decoding=\"async\" loading=\"lazy\" class=\"wp-image-24401 avia-img-lazy-loading-24401\"  width=\"495\" height=\"400\" src=\"https:\/\/cerdanya.org\/wp-content\/uploads\/2021\/12\/sant-guillem-llivia-altar-495x400.jpg\" title='LLI\u0301VIA- Sant Guillem' alt='Sant Guillem' srcset=\"https:\/\/cerdanya.org\/wp-content\/uploads\/2021\/12\/sant-guillem-llivia-altar-495x400.jpg 495w, https:\/\/cerdanya.org\/wp-content\/uploads\/2021\/12\/sant-guillem-llivia-altar-845x684.jpg 845w\" sizes=\"auto, (max-width: 495px) 100vw, 495px\" \/><\/div><\/a><a href=\"https:\/\/cerdanya.org\/wp-content\/uploads\/2021\/12\/sant-guillem-llivia-porta-1030x687.jpg\" data-srcset=\"https:\/\/cerdanya.org\/wp-content\/uploads\/2021\/12\/sant-guillem-llivia-porta-1030x687.jpg 1030w, https:\/\/cerdanya.org\/wp-content\/uploads\/2021\/12\/sant-guillem-llivia-porta-300x200.jpg 300w, https:\/\/cerdanya.org\/wp-content\/uploads\/2021\/12\/sant-guillem-llivia-porta-768x512.jpg 768w, https:\/\/cerdanya.org\/wp-content\/uploads\/2021\/12\/sant-guillem-llivia-porta-705x470.jpg 705w, https:\/\/cerdanya.org\/wp-content\/uploads\/2021\/12\/sant-guillem-llivia-porta.jpg 1500w\" data-sizes=\"(max-width: 1030px) 100vw, 1030px\" data-rel='gallery-1' data-prev-img='https:\/\/cerdanya.org\/wp-content\/uploads\/2021\/12\/sant-guillem-llivia-porta-495x400.jpg' class='lightbox ' data-onclick='3' title='Coordenades UTM: 31T 416183 4701271'  itemprop=\"thumbnailUrl\"  ><img decoding=\"async\" fetchpriority=\"high\" class=\"wp-image-24403 avia-img-lazy-loading-not-24403\"  data-avia-tooltip='Coordenades UTM: 31T 416183 4701271' src=\"https:\/\/cerdanya.org\/wp-content\/uploads\/2021\/12\/sant-guillem-llivia-porta-495x400.jpg\" width=\"495\" height=\"400\"  title='LLI\u0301VIA- Sant Guillem' alt='Sant Guillem' srcset=\"https:\/\/cerdanya.org\/wp-content\/uploads\/2021\/12\/sant-guillem-llivia-porta-495x400.jpg 495w, https:\/\/cerdanya.org\/wp-content\/uploads\/2021\/12\/sant-guillem-llivia-porta-845x684.jpg 845w\" sizes=\"(max-width: 495px) 100vw, 495px\" \/><div class='big-prev-fake'><img decoding=\"async\" loading=\"lazy\" class=\"wp-image-24403 avia-img-lazy-loading-24403\"  width=\"495\" height=\"400\" src=\"https:\/\/cerdanya.org\/wp-content\/uploads\/2021\/12\/sant-guillem-llivia-porta-495x400.jpg\" title='LLI\u0301VIA- Sant Guillem' alt='Sant Guillem' srcset=\"https:\/\/cerdanya.org\/wp-content\/uploads\/2021\/12\/sant-guillem-llivia-porta-495x400.jpg 495w, https:\/\/cerdanya.org\/wp-content\/uploads\/2021\/12\/sant-guillem-llivia-porta-845x684.jpg 845w\" sizes=\"auto, (max-width: 495px) 100vw, 495px\" \/><\/div><\/a><a href=\"https:\/\/cerdanya.org\/wp-content\/uploads\/2021\/12\/sant-guillem-llivia-pica-1030x687.jpg\" data-srcset=\"https:\/\/cerdanya.org\/wp-content\/uploads\/2021\/12\/sant-guillem-llivia-pica-1030x687.jpg 1030w, https:\/\/cerdanya.org\/wp-content\/uploads\/2021\/12\/sant-guillem-llivia-pica-300x200.jpg 300w, https:\/\/cerdanya.org\/wp-content\/uploads\/2021\/12\/sant-guillem-llivia-pica-768x512.jpg 768w, https:\/\/cerdanya.org\/wp-content\/uploads\/2021\/12\/sant-guillem-llivia-pica-705x470.jpg 705w, https:\/\/cerdanya.org\/wp-content\/uploads\/2021\/12\/sant-guillem-llivia-pica.jpg 1500w\" data-sizes=\"(max-width: 1030px) 100vw, 1030px\" data-rel='gallery-1' data-prev-img='https:\/\/cerdanya.org\/wp-content\/uploads\/2021\/12\/sant-guillem-llivia-pica-495x400.jpg' class='lightbox ' data-onclick='4' title='Sant Guillem de Ll\u00edvia'  itemprop=\"thumbnailUrl\"  ><img decoding=\"async\" fetchpriority=\"high\" class=\"wp-image-24405 avia-img-lazy-loading-not-24405\"  data-avia-tooltip='Sant Guillem de Ll\u00edvia' src=\"https:\/\/cerdanya.org\/wp-content\/uploads\/2021\/12\/sant-guillem-llivia-pica-495x400.jpg\" width=\"495\" height=\"400\"  title='LLI\u0301VIA- Sant Guillem' alt='Sant Guillem' srcset=\"https:\/\/cerdanya.org\/wp-content\/uploads\/2021\/12\/sant-guillem-llivia-pica-495x400.jpg 495w, https:\/\/cerdanya.org\/wp-content\/uploads\/2021\/12\/sant-guillem-llivia-pica-845x684.jpg 845w\" sizes=\"(max-width: 495px) 100vw, 495px\" \/><div class='big-prev-fake'><img decoding=\"async\" loading=\"lazy\" class=\"wp-image-24405 avia-img-lazy-loading-24405\"  width=\"495\" height=\"400\" src=\"https:\/\/cerdanya.org\/wp-content\/uploads\/2021\/12\/sant-guillem-llivia-pica-495x400.jpg\" title='LLI\u0301VIA- Sant Guillem' alt='Sant Guillem' srcset=\"https:\/\/cerdanya.org\/wp-content\/uploads\/2021\/12\/sant-guillem-llivia-pica-495x400.jpg 495w, https:\/\/cerdanya.org\/wp-content\/uploads\/2021\/12\/sant-guillem-llivia-pica-845x684.jpg 845w\" sizes=\"auto, (max-width: 495px) 100vw, 495px\" \/><\/div><\/a><\/div><\/div><\/div><\/p>\n","protected":false},"excerpt":{"rendered":"","protected":false},"author":3,"featured_media":23263,"parent":30625,"menu_order":20,"comment_status":"closed","ping_status":"closed","template":"","meta":{"footnotes":""},"class_list":["post-29534","page","type-page","status-publish","has-post-thumbnail","hentry"],"_links":{"self":[{"href":"https:\/\/cerdanya.org\/fr\/wp-json\/wp\/v2\/pages\/29534","targetHints":{"allow":["GET"]}}],"collection":[{"href":"https:\/\/cerdanya.org\/fr\/wp-json\/wp\/v2\/pages"}],"about":[{"href":"https:\/\/cerdanya.org\/fr\/wp-json\/wp\/v2\/types\/page"}],"author":[{"embeddable":true,"href":"https:\/\/cerdanya.org\/fr\/wp-json\/wp\/v2\/users\/3"}],"replies":[{"embeddable":true,"href":"https:\/\/cerdanya.org\/fr\/wp-json\/wp\/v2\/comments?post=29534"}],"version-history":[{"count":0,"href":"https:\/\/cerdanya.org\/fr\/wp-json\/wp\/v2\/pages\/29534\/revisions"}],"up":[{"embeddable":true,"href":"https:\/\/cerdanya.org\/fr\/wp-json\/wp\/v2\/pages\/30625"}],"wp:featuredmedia":[{"embeddable":true,"href":"https:\/\/cerdanya.org\/fr\/wp-json\/wp\/v2\/media\/23263"}],"wp:attachment":[{"href":"https:\/\/cerdanya.org\/fr\/wp-json\/wp\/v2\/media?parent=29534"}],"curies":[{"name":"wp","href":"https:\/\/api.w.org\/{rel}","templated":true}]}}