{"id":165020,"date":"2025-03-14T11:45:58","date_gmt":"2025-03-14T10:45:58","guid":{"rendered":"https:\/\/cerdanya.org\/que-faire\/tourisme-de-nature\/ornithologie\/recursos\/"},"modified":"2025-11-26T14:04:50","modified_gmt":"2025-11-26T13:04:50","slug":"ressources","status":"publish","type":"page","link":"https:\/\/cerdanya.org\/fr\/que-faire\/tourisme-de-nature\/ornithologie\/ressources\/","title":{"rendered":"Ressources"},"content":{"rendered":"<div  class='flex_column av-2ggzym3-258acb6da20d3343c13ad44cc7772936 av_one_full  avia-builder-el-0  el_before_av_submenu  avia-builder-el-no-sibling  first flex_column_div  '     ><section  class='av_textblock_section av-m88wo9v2-90f220fc137ef56dd7861bec116f6bed '   itemscope=\"itemscope\" itemtype=\"https:\/\/schema.org\/CreativeWork\" ><div class='avia_textblock'  itemprop=\"text\" ><blockquote>\n<p data-start=\"831\" data-end=\"1079\">Dans cette section, nous mettons \u00e0 votre disposition des listes d\u2019observation d\u2019oiseaux, des informations sur les itin\u00e9raires ornithologiques, des activit\u00e9s et tout ce dont vous avez besoin pour profiter de l\u2019observation des oiseaux dans la r\u00e9gion.<\/p>\n<p data-start=\"1081\" data-end=\"1201\" data-is-last-node=\"\" data-is-only-node=\"\">Explorez la biodiversit\u00e9 de la Cerdagne et pr\u00e9parez votre prochaine sortie avec toutes les informations indispensables !<\/p>\n<\/blockquote>\n<\/div><\/section><\/div>\n<\/div><\/div><\/div><!-- close content main div --><\/div><\/div><div class='clear'><\/div><div id='sub_menu1'  class='av-submenu-container av-m8a11jtu-5cad7a20b214e6ccf4aff1736f5a650e main_color  avia-builder-el-2  el_after_av_one_full  el_before_av_section  av-sticky-submenu submenu-not-first container_wrap fullsize' style='z-index:301' ><div class='container av-menu-mobile-disabled av-submenu-pos-center'><ul id='av-custom-submenu-1' class='av-subnav-menu' role='menu'>\n<li class='menu-item av-m8a11gqj-eed1e80d5f51c53896bbc23cd553b0fd menu-item-top-level menu-item-top-level-1' role='menuitem'><a href='#checklist'  ><span class='avia-bullet'><\/span><span class='avia-menu-text'>Checklist<\/span><\/a><\/li>\n<li class='menu-item av-m8a1qj2r-fb0a73df98b782f8aca8bca3acc915d2 menu-item-top-level menu-item-top-level-2' role='menuitem'><a href='#serveis'  ><span class='avia-bullet'><\/span><span class='avia-menu-text'>Services<\/span><\/a><\/li>\n<\/ul><\/div><\/div><div class='sticky_placeholder'><\/div>\n<div id='checklist'  class='avia-section av-m8a1suxx-1c48c88597b53a4959a2ef06e1ad3570 main_color avia-section-default avia-no-border-styling  avia-builder-el-3  el_after_av_submenu  el_before_av_section  avia-bg-style-scroll container_wrap fullsize'  ><div class='container av-section-cont-open' ><div class='template-page content  av-content-full alpha units'><div class='post-entry post-entry-type-page post-entry-165020'><div class='entry-content-wrapper clearfix'>\n\n<style type=\"text\/css\" data-created_by=\"avia_inline_auto\" id=\"style-css-av-m89ze32y-a521424cab546a16ba450e23f6e91245\">\n#top .av-special-heading.av-m89ze32y-a521424cab546a16ba450e23f6e91245{\npadding-bottom:10px;\n}\nbody .av-special-heading.av-m89ze32y-a521424cab546a16ba450e23f6e91245 .av-special-heading-tag .heading-char{\nfont-size:25px;\n}\n.av-special-heading.av-m89ze32y-a521424cab546a16ba450e23f6e91245 .av-subheading{\nfont-size:15px;\n}\n<\/style>\n<div  class='av-special-heading av-m89ze32y-a521424cab546a16ba450e23f6e91245 av-special-heading-h2  avia-builder-el-4  el_before_av_one_half  avia-builder-el-first '><h2 class='av-special-heading-tag '  itemprop=\"headline\"  >Checklist<\/h2><div class=\"special-heading-border\"><div class=\"special-heading-inner-border\"><\/div><\/div><\/div>\n<div  class='flex_column av-232qum3-e6121b82d05d3d10467926a2febc8b2d av_one_half  avia-builder-el-5  el_after_av_heading  el_before_av_one_half  first flex_column_div  '     ><p>\n<style type=\"text\/css\" data-created_by=\"avia_inline_auto\" id=\"style-css-av-m88wq8jy-3abad2002ed5b98d4a85230b9070a10b\">\n#top .av-special-heading.av-m88wq8jy-3abad2002ed5b98d4a85230b9070a10b{\npadding-bottom:10px;\n}\nbody .av-special-heading.av-m88wq8jy-3abad2002ed5b98d4a85230b9070a10b .av-special-heading-tag .heading-char{\nfont-size:25px;\n}\n.av-special-heading.av-m88wq8jy-3abad2002ed5b98d4a85230b9070a10b .av-subheading{\nfont-size:15px;\n}\n<\/style>\n<div  class='av-special-heading av-m88wq8jy-3abad2002ed5b98d4a85230b9070a10b av-special-heading-h3  avia-builder-el-6  el_before_av_image  avia-builder-el-first '><h3 class='av-special-heading-tag '  itemprop=\"headline\"  >Liste des oiseaux de la Cerdanya<\/h3><div class=\"special-heading-border\"><div class=\"special-heading-inner-border\"><\/div><\/div><\/div><br \/>\n\n<style type=\"text\/css\" data-created_by=\"avia_inline_auto\" id=\"style-css-av-m88wuv7i-f5c6826bbfc54582d5d4a53daf40eee7\">\n.avia-image-container.av-m88wuv7i-f5c6826bbfc54582d5d4a53daf40eee7 img.avia_image{\nbox-shadow:none;\n}\n.avia-image-container.av-m88wuv7i-f5c6826bbfc54582d5d4a53daf40eee7 .av-image-caption-overlay-center{\ncolor:#ffffff;\n}\n<\/style>\n<div  class='avia-image-container av-m88wuv7i-f5c6826bbfc54582d5d4a53daf40eee7 av-styling- av-img-linked avia-align-left  avia-builder-el-7  el_after_av_heading  el_before_av_textblock '   itemprop=\"image\" itemscope=\"itemscope\" itemtype=\"https:\/\/schema.org\/ImageObject\" ><div class=\"avia-image-container-inner\"><div class=\"avia-image-overlay-wrap\"><a href=\"http:\/\/cerdanya.org\/wp-content\/uploads\/2025\/03\/check_list_ocells_cerdanya.pdf\" class='avia_image '  target=\"_blank\"  rel=\"noopener noreferrer\" aria-label='check_list_ocells_cerdanya'><img decoding=\"async\" fetchpriority=\"high\" class='wp-image-75191 avia-img-lazy-loading-not-75191 avia_image ' src=\"https:\/\/cerdanya.org\/wp-content\/uploads\/2025\/03\/check_list_ocells_cerdanya-1416x1500.jpg\" alt='' title='check_list_ocells_cerdanya'  height=\"1500\" width=\"1416\"  itemprop=\"thumbnailUrl\" srcset=\"https:\/\/cerdanya.org\/wp-content\/uploads\/2025\/03\/check_list_ocells_cerdanya-1416x1500.jpg 1416w, https:\/\/cerdanya.org\/wp-content\/uploads\/2025\/03\/check_list_ocells_cerdanya-283x300.jpg 283w, https:\/\/cerdanya.org\/wp-content\/uploads\/2025\/03\/check_list_ocells_cerdanya-972x1030.jpg 972w, https:\/\/cerdanya.org\/wp-content\/uploads\/2025\/03\/check_list_ocells_cerdanya-768x813.jpg 768w, https:\/\/cerdanya.org\/wp-content\/uploads\/2025\/03\/check_list_ocells_cerdanya-1450x1536.jpg 1450w, https:\/\/cerdanya.org\/wp-content\/uploads\/2025\/03\/check_list_ocells_cerdanya-1934x2048.jpg 1934w, https:\/\/cerdanya.org\/wp-content\/uploads\/2025\/03\/check_list_ocells_cerdanya-666x705.jpg 666w\" sizes=\"(max-width: 1416px) 100vw, 1416px\" \/><\/a><\/div><\/div><\/div><br \/>\n<section  class='av_textblock_section av-m88wwunm-01fabc1832b384b9b304535037d85825 '   itemscope=\"itemscope\" itemtype=\"https:\/\/schema.org\/CreativeWork\" ><div class='avia_textblock'  itemprop=\"text\" ><p>La liste des oiseaux de la Cerdagne comprend 220 esp\u00e8ces.<\/p>\n<p>Elle a \u00e9t\u00e9 \u00e9tablie \u00e0 partir des donn\u00e9es extraites des bases en ligne Ornitho, eBird et GBIF. Les noms scientifiques et catalans suivent ceux propos\u00e9s par Franch, M., Gil-Velasco, M., Illa, M., Burgas, A., Dalmau, G., Espluga, B., Fuentes, M.A., Larruy, X., L\u00f3pez-Carrasco, J. et Oll\u00e9, \u00c0. (2024). <em>Liste des oiseaux de Catalogne. \u00c9dition 2024<\/em>. Comit\u00e9 Avifaunistique de Catalogne (CAC), Institut Catalan d\u2019Ornithologie (ICO).<\/p>\n<p>Pour chaque esp\u00e8ce sont indiqu\u00e9s le nom scientifique (genre et esp\u00e8ce), le nom officiel en catalan, anglais, espagnol et fran\u00e7ais, l\u2019abondance et la ph\u00e9nologie (la condition dans laquelle elle est le plus souvent d\u00e9tect\u00e9e). Les esp\u00e8ces sont regroup\u00e9es par familles sous leur nom latin.<\/p>\n<\/div><\/section><br \/>\n<section  class='av_textblock_section av-m88xpfjv-a6b90dee9726126bdcdc31da0eb2b3f6 '   itemscope=\"itemscope\" itemtype=\"https:\/\/schema.org\/CreativeWork\" ><div class='avia_textblock'  itemprop=\"text\" ><p style=\"text-align: center;\"><a href=\"http:\/\/cerdanya.org\/wp-content\/uploads\/2025\/03\/check_list_ocells_cerdanya.pdf\" target=\"_blank\" rel=\"noopener\">Cliquez ici pour le t\u00e9l\u00e9charger<\/a><\/p>\n<\/div><\/section><\/p><\/div><div  class='flex_column av-1nurhff-121e10ac5689688230b3c977858e2688 av_one_half  avia-builder-el-10  el_after_av_one_half  avia-builder-el-last  flex_column_div  '     ><p>\n<style type=\"text\/css\" data-created_by=\"avia_inline_auto\" id=\"style-css-av-m88x9ems-84de9eb206b8be1c81c7720b64319a39\">\n#top .av-special-heading.av-m88x9ems-84de9eb206b8be1c81c7720b64319a39{\npadding-bottom:10px;\n}\nbody .av-special-heading.av-m88x9ems-84de9eb206b8be1c81c7720b64319a39 .av-special-heading-tag .heading-char{\nfont-size:25px;\n}\n.av-special-heading.av-m88x9ems-84de9eb206b8be1c81c7720b64319a39 .av-subheading{\nfont-size:15px;\n}\n<\/style>\n<div  class='av-special-heading av-m88x9ems-84de9eb206b8be1c81c7720b64319a39 av-special-heading-h3  avia-builder-el-11  el_before_av_image  avia-builder-el-first '><h3 class='av-special-heading-tag '  itemprop=\"headline\"  >100 esp\u00e8ces d\u2019oiseaux du Parc naturel du Cad\u00ed\u2013Moixer\u00f3<\/h3><div class=\"special-heading-border\"><div class=\"special-heading-inner-border\"><\/div><\/div><\/div><br \/>\n\n<style type=\"text\/css\" data-created_by=\"avia_inline_auto\" id=\"style-css-av-m88xblys-4e17da41d6021e3feadd9445d86eadd6\">\n.avia-image-container.av-m88xblys-4e17da41d6021e3feadd9445d86eadd6 img.avia_image{\nbox-shadow:none;\n}\n.avia-image-container.av-m88xblys-4e17da41d6021e3feadd9445d86eadd6 .av-image-caption-overlay-center{\ncolor:#ffffff;\n}\n<\/style>\n<div  class='avia-image-container av-m88xblys-4e17da41d6021e3feadd9445d86eadd6 av-styling- av-img-linked avia-align-left  avia-builder-el-12  el_after_av_heading  el_before_av_textblock '   itemprop=\"image\" itemscope=\"itemscope\" itemtype=\"https:\/\/schema.org\/ImageObject\" ><div class=\"avia-image-container-inner\"><div class=\"avia-image-overlay-wrap\"><a href=\"http:\/\/cerdanya.org\/wp-content\/uploads\/2025\/02\/14.100-especies-d-ocells-del-PNCM-CAT-EN.pdf\" class='avia_image '  target=\"_blank\"  rel=\"noopener noreferrer\" aria-label='especies-d-ocells-del-PNCM-es'><img decoding=\"async\" fetchpriority=\"high\" class='wp-image-165135 avia-img-lazy-loading-not-165135 avia_image ' src=\"https:\/\/cerdanya.org\/wp-content\/uploads\/2025\/11\/especies-d-ocells-del-PNCM-es.png\" alt='' title='especies-d-ocells-del-PNCM-es'  height=\"787\" width=\"481\"  itemprop=\"thumbnailUrl\" srcset=\"https:\/\/cerdanya.org\/wp-content\/uploads\/2025\/11\/especies-d-ocells-del-PNCM-es.png 481w, https:\/\/cerdanya.org\/wp-content\/uploads\/2025\/11\/especies-d-ocells-del-PNCM-es-183x300.png 183w, https:\/\/cerdanya.org\/wp-content\/uploads\/2025\/11\/especies-d-ocells-del-PNCM-es-431x705.png 431w\" sizes=\"(max-width: 481px) 100vw, 481px\" \/><\/a><\/div><\/div><\/div><br \/>\n<section  class='av_textblock_section av-m88xabcw-b3fea25a5ae1eb3b51f275ce47586c31 '   itemscope=\"itemscope\" itemtype=\"https:\/\/schema.org\/CreativeWork\" ><div class='avia_textblock'  itemprop=\"text\" ><p>Brochure pour observer et identifier les esp\u00e8ces d\u2019oiseaux les plus repr\u00e9sentatives que l\u2019on peut trouver dans le Parc naturel du Cad\u00ed-Moixer\u00f3.<\/p>\n<\/div><\/section><br \/>\n<section  class='av_textblock_section av-m88xpz02-5167813e5317cfdde00b5c27f41fe47d '   itemscope=\"itemscope\" itemtype=\"https:\/\/schema.org\/CreativeWork\" ><div class='avia_textblock'  itemprop=\"text\" ><p style=\"text-align: center;\"><a href=\"https:\/\/cerdanya.org\/wp-content\/uploads\/2025\/02\/14.100-especies-d-ocells-del-PNCM-ES-FR.pdf\" target=\"_blank\" rel=\"noopener\">Cliquez ici pour le t\u00e9l\u00e9charger<\/a><\/p>\n<\/div><\/section><\/p><\/div><\/div><\/div><\/div><!-- close content main div --><\/div><\/div><div id='serveis'  class='avia-section av-28858e3-6f7be87b114b2c3706670016c6c843ba main_color avia-section-default avia-no-border-styling  avia-builder-el-15  el_after_av_section  avia-builder-el-last  avia-bg-style-scroll container_wrap fullsize'  ><div class='container av-section-cont-open' ><div class='template-page content  av-content-full alpha units'><div class='post-entry post-entry-type-page post-entry-165020'><div class='entry-content-wrapper clearfix'>\n\n<style type=\"text\/css\" data-created_by=\"avia_inline_auto\" id=\"style-css-av-m89zh29j-ec966f6a813374b0c0198fdc0a2b7d03\">\n#top .av-special-heading.av-m89zh29j-ec966f6a813374b0c0198fdc0a2b7d03{\npadding-bottom:10px;\n}\nbody .av-special-heading.av-m89zh29j-ec966f6a813374b0c0198fdc0a2b7d03 .av-special-heading-tag .heading-char{\nfont-size:25px;\n}\n.av-special-heading.av-m89zh29j-ec966f6a813374b0c0198fdc0a2b7d03 .av-subheading{\nfont-size:15px;\n}\n<\/style>\n<div  class='av-special-heading av-m89zh29j-ec966f6a813374b0c0198fdc0a2b7d03 av-special-heading-h2  avia-builder-el-16  el_before_av_one_full  avia-builder-el-first '><h2 class='av-special-heading-tag '  itemprop=\"headline\"  >Services<\/h2><div class=\"special-heading-border\"><div class=\"special-heading-inner-border\"><\/div><\/div><\/div>\n<div  class='flex_column av-k38uij-c720f2d6177c27ebacfe8dea16a5baa5 av_one_full  avia-builder-el-17  el_after_av_heading  el_before_av_one_full  first flex_column_div  '     ><style type=\"text\/css\" data-created_by=\"avia_inline_auto\" id=\"style-css-av-m8a2e334-ef371254637491178e0e868e3e78b63b\">\n#top .av-special-heading.av-m8a2e334-ef371254637491178e0e868e3e78b63b{\npadding-bottom:10px;\n}\nbody .av-special-heading.av-m8a2e334-ef371254637491178e0e868e3e78b63b .av-special-heading-tag .heading-char{\nfont-size:25px;\n}\n.av-special-heading.av-m8a2e334-ef371254637491178e0e868e3e78b63b .av-subheading{\nfont-size:15px;\n}\n<\/style>\n<div  class='av-special-heading av-m8a2e334-ef371254637491178e0e868e3e78b63b av-special-heading-h3  avia-builder-el-18  avia-builder-el-no-sibling '><h3 class='av-special-heading-tag '  itemprop=\"headline\"  >Guidages d\u2019ornithologie<\/h3><div class=\"special-heading-border\"><div class=\"special-heading-inner-border\"><\/div><\/div><\/div><\/div><div  class='flex_column av-u43o9n-9bed261c897f4304cbbce14ddc3818a8 av_one_full  avia-builder-el-19  el_after_av_one_full  avia-builder-el-last  first flex_column_div  column-top-margin'     ><section  class='av_textblock_section av-m8a2gr39-3185b6f0f3ed98abd7849f93e88dfd10 '   itemscope=\"itemscope\" itemtype=\"https:\/\/schema.org\/CreativeWork\" ><div class='avia_textblock'  itemprop=\"text\" ><h4>Taig\u00e0 &#8211; Natura als Pirineus<\/h4>\n<p>Guide ornithologique proposant : sorties guid\u00e9es en Cerdagne avec un ornithologue expert, transport en v\u00e9hicule 4&#215;4, mat\u00e9riel optique de haute qualit\u00e9, mat\u00e9riel de terrain et assurance.<\/p>\n<p><strong>Village :<\/strong> Bellver de Cerdanya<\/p>\n<p><strong>T\u00e9l\u00e9phone :<\/strong> <a tabindex=\"0\" role=\"button\" href=\"tel:630 216 591\" target=\"_blank\" rel=\"noopener\" aria-label=\"Enlla\u00e7 extern a 630 216 591\">630 216 591<br \/>\n<\/a><\/p>\n<p><strong>Courriel :<\/strong> <a tabindex=\"0\" role=\"button\" href=\"mailto:info@taiga.cat\" aria-label=\"Enlla\u00e7 a info@taiga.cat\">info@taiga.cat<\/a><\/p>\n<\/div><\/section><br \/>\n\n<style type=\"text\/css\" data-created_by=\"avia_inline_auto\" id=\"style-css-av-mapavc1e-7d77265df94d8700cedd40a5f426ee77\">\n#top .hr.hr-invisible.av-mapavc1e-7d77265df94d8700cedd40a5f426ee77{\nheight:50px;\n}\n<\/style>\n<div  class='hr av-mapavc1e-7d77265df94d8700cedd40a5f426ee77 hr-invisible  avia-builder-el-21  el_after_av_textblock  el_before_av_textblock '><span class='hr-inner '><span class=\"hr-inner-style\"><\/span><\/span><\/div><br \/>\n<section  class='av_textblock_section av-maparbx6-d8ac4b466bf27c8a617dc03e572459ad '   itemscope=\"itemscope\" itemtype=\"https:\/\/schema.org\/CreativeWork\" ><div class='avia_textblock'  itemprop=\"text\" ><h4>Aub\u00e8rria<\/h4>\n<p>Nous proposons un large \u00e9ventail de services : \u00e9cotourisme, sensibilisation et connaissance de l\u2019environnement, valorisation du patrimoine, \u00e9tudes techniques et vente de produits pour que la nature soit \u00e0 port\u00e9e de main.<\/p>\n<p><strong>Ville :<\/strong> La Seu d&rsquo;Urgell<\/p>\n<p><strong>T\u00e9l\u00e9phone :<\/strong> <a tabindex=\"0\" role=\"button\" href=\"tel:608 055 66\" target=\"_blank\" rel=\"noopener\" aria-label=\"Enlla\u00e7 extern a 630 216 591\">630 216 591<br \/>\n<\/a><\/p>\n<p><strong>Site web : <\/strong><a href=\"https:\/\/auberria.cat\/\" target=\"_blank\" rel=\"noopener\">auberria.cat<\/a><\/p>\n<p><strong>Instagram :<\/strong>\u00a0<a tabindex=\"0\" role=\"button\" href=\"https:\/\/www.instagram.com\/auberria\/\" target=\"_blank\" rel=\"noopener\" aria-label=\"Enlla\u00e7 a info@taiga.cat\">@auberria<\/a><\/p>\n<\/div><\/section><\/p><\/div>\n<\/p>\n","protected":false},"excerpt":{"rendered":"","protected":false},"author":3,"featured_media":75173,"parent":52752,"menu_order":30,"comment_status":"closed","ping_status":"closed","template":"","meta":{"footnotes":""},"class_list":["post-165020","page","type-page","status-publish","has-post-thumbnail","hentry"],"_links":{"self":[{"href":"https:\/\/cerdanya.org\/fr\/wp-json\/wp\/v2\/pages\/165020","targetHints":{"allow":["GET"]}}],"collection":[{"href":"https:\/\/cerdanya.org\/fr\/wp-json\/wp\/v2\/pages"}],"about":[{"href":"https:\/\/cerdanya.org\/fr\/wp-json\/wp\/v2\/types\/page"}],"author":[{"embeddable":true,"href":"https:\/\/cerdanya.org\/fr\/wp-json\/wp\/v2\/users\/3"}],"replies":[{"embeddable":true,"href":"https:\/\/cerdanya.org\/fr\/wp-json\/wp\/v2\/comments?post=165020"}],"version-history":[{"count":8,"href":"https:\/\/cerdanya.org\/fr\/wp-json\/wp\/v2\/pages\/165020\/revisions"}],"predecessor-version":[{"id":165138,"href":"https:\/\/cerdanya.org\/fr\/wp-json\/wp\/v2\/pages\/165020\/revisions\/165138"}],"up":[{"embeddable":true,"href":"https:\/\/cerdanya.org\/fr\/wp-json\/wp\/v2\/pages\/52752"}],"wp:featuredmedia":[{"embeddable":true,"href":"https:\/\/cerdanya.org\/fr\/wp-json\/wp\/v2\/media\/75173"}],"wp:attachment":[{"href":"https:\/\/cerdanya.org\/fr\/wp-json\/wp\/v2\/media?parent=165020"}],"curies":[{"name":"wp","href":"https:\/\/api.w.org\/{rel}","templated":true}]}}