{"id":162528,"date":"2025-03-14T11:14:28","date_gmt":"2025-03-14T10:14:28","guid":{"rendered":"https:\/\/cerdanya.org\/que-faire\/tourisme-de-nature\/ornithologie\/espais\/"},"modified":"2025-11-16T11:04:05","modified_gmt":"2025-11-16T10:04:05","slug":"espaces","status":"publish","type":"page","link":"https:\/\/cerdanya.org\/fr\/que-faire\/tourisme-de-nature\/ornithologie\/espaces\/","title":{"rendered":"Espais"},"content":{"rendered":"<section  class='av_textblock_section av-mi1hph9r-12e07b3bb50e15fb34f87f2fd3db58bd '   itemscope=\"itemscope\" itemtype=\"https:\/\/schema.org\/CreativeWork\" ><div class='avia_textblock'  itemprop=\"text\" ><blockquote>\n<p>La Cerdagne poss\u00e8de une richesse importante d\u2019esp\u00e8ces d\u2019oiseaux gr\u00e2ce \u00e0 la diversit\u00e9 de ses milieux naturels. Sur cette carte, nous vous proposons <strong>15 endroits de la r\u00e9gion pour profiter de l\u2019observation et l\u2019\u00e9coute des passereaux, des rapaces et de toutes sortes d\u2019oiseaux qui peuplent notre ciel<\/strong>. Chaque lieu est mis en avant \u00e0 travers une esp\u00e8ce caract\u00e9ristique, et en utilisant un num\u00e9ro, nous le localisons sur la carte et donnons une explication. N\u2019oubliez pas que pour observer les oiseaux il faut adopter, avant toute chose, une attitude respectueuse envers l\u2019environnement et la propri\u00e9t\u00e9 priv\u00e9e. Allez observer les oiseaux t\u00f4t le matin ou en fin de journ\u00e9e. Essayez de rester silencieux. Si vous utilisez un v\u00e9hicule, conduisez lentement sur les pistes foresti\u00e8res. L\u2019\u00e9quipement indispensable pour profiter pleinement des oiseaux: des jumelles, un guide d\u2019identification et&#8230; beaucoup de patience.<\/p>\n<\/blockquote>\n<\/div><\/section>\n\n<style type=\"text\/css\" data-created_by=\"avia_inline_auto\" id=\"style-css-av-mi1i5yyy-719e61a00522f850a0ce0cc9ab794060\">\n#top .hr.hr-invisible.av-mi1i5yyy-719e61a00522f850a0ce0cc9ab794060{\nheight:20px;\n}\n<\/style>\n<div  class='hr av-mi1i5yyy-719e61a00522f850a0ce0cc9ab794060 hr-invisible  avia-builder-el-1  el_after_av_textblock  el_before_av_image '><span class='hr-inner '><span class=\"hr-inner-style\"><\/span><\/span><\/div>\n\n<style type=\"text\/css\" data-created_by=\"avia_inline_auto\" id=\"style-css-av-mi1i1kqs-98d46239a86e2b842b6165b9ceb4db3b\">\n.avia-image-container.av-mi1i1kqs-98d46239a86e2b842b6165b9ceb4db3b img.avia_image{\nbox-shadow:none;\n}\n.avia-image-container.av-mi1i1kqs-98d46239a86e2b842b6165b9ceb4db3b .av-image-caption-overlay-center{\ncolor:#ffffff;\n}\n<\/style>\n<div  class='avia-image-container av-mi1i1kqs-98d46239a86e2b842b6165b9ceb4db3b av-styling- avia-align-center  avia-builder-el-2  el_after_av_hr  el_before_av_hr '   itemprop=\"image\" itemscope=\"itemscope\" itemtype=\"https:\/\/schema.org\/ImageObject\" ><div class=\"avia-image-container-inner\"><div class=\"avia-image-overlay-wrap\"><img decoding=\"async\" fetchpriority=\"high\" class='wp-image-162506 avia-img-lazy-loading-not-162506 avia_image ' src=\"https:\/\/cerdanya.org\/wp-content\/uploads\/2025\/11\/mapa-ornitologic-cerdanya-A-scaled.jpg\" alt='' title='mapa-ornitologic-cerdanya-A'  height=\"1829\" width=\"2560\"  itemprop=\"thumbnailUrl\" srcset=\"https:\/\/cerdanya.org\/wp-content\/uploads\/2025\/11\/mapa-ornitologic-cerdanya-A-scaled.jpg 2560w, https:\/\/cerdanya.org\/wp-content\/uploads\/2025\/11\/mapa-ornitologic-cerdanya-A-300x214.jpg 300w, https:\/\/cerdanya.org\/wp-content\/uploads\/2025\/11\/mapa-ornitologic-cerdanya-A-1030x736.jpg 1030w, https:\/\/cerdanya.org\/wp-content\/uploads\/2025\/11\/mapa-ornitologic-cerdanya-A-768x549.jpg 768w, https:\/\/cerdanya.org\/wp-content\/uploads\/2025\/11\/mapa-ornitologic-cerdanya-A-1536x1097.jpg 1536w, https:\/\/cerdanya.org\/wp-content\/uploads\/2025\/11\/mapa-ornitologic-cerdanya-A-2048x1463.jpg 2048w, https:\/\/cerdanya.org\/wp-content\/uploads\/2025\/11\/mapa-ornitologic-cerdanya-A-1500x1071.jpg 1500w, https:\/\/cerdanya.org\/wp-content\/uploads\/2025\/11\/mapa-ornitologic-cerdanya-A-260x185.jpg 260w, https:\/\/cerdanya.org\/wp-content\/uploads\/2025\/11\/mapa-ornitologic-cerdanya-A-705x504.jpg 705w\" sizes=\"(max-width: 2560px) 100vw, 2560px\" \/><\/div><\/div><\/div>\n\n<style type=\"text\/css\" data-created_by=\"avia_inline_auto\" id=\"style-css-av-mi1iidag-d0769d0c5e713441fb760150965019a1\">\n#top .hr.hr-invisible.av-mi1iidag-d0769d0c5e713441fb760150965019a1{\nheight:50px;\n}\n<\/style>\n<div  class='hr av-mi1iidag-d0769d0c5e713441fb760150965019a1 hr-invisible  avia-builder-el-3  el_after_av_image  el_before_av_image '><span class='hr-inner '><span class=\"hr-inner-style\"><\/span><\/span><\/div>\n\n<style type=\"text\/css\" data-created_by=\"avia_inline_auto\" id=\"style-css-av-kw4dc3-c6abab8004bd4fba7f9189c9d890461f\">\n.avia-image-container.av-kw4dc3-c6abab8004bd4fba7f9189c9d890461f img.avia_image{\nbox-shadow:none;\n}\n.avia-image-container.av-kw4dc3-c6abab8004bd4fba7f9189c9d890461f .av-image-caption-overlay-center{\ncolor:#ffffff;\n}\n<\/style>\n<div  class='avia-image-container av-kw4dc3-c6abab8004bd4fba7f9189c9d890461f av-styling- avia-align-center  avia-builder-el-4  el_after_av_hr  el_before_av_hr '   itemprop=\"image\" itemscope=\"itemscope\" itemtype=\"https:\/\/schema.org\/ImageObject\" ><div class=\"avia-image-container-inner\"><div class=\"avia-image-overlay-wrap\"><img decoding=\"async\" fetchpriority=\"high\" class='wp-image-162510 avia-img-lazy-loading-not-162510 avia_image ' src=\"https:\/\/cerdanya.org\/wp-content\/uploads\/2025\/11\/mapa-ornitologic-cerdanya-B-scaled.jpg\" alt='' title='mapa-ornitologic-cerdanya-B'  height=\"1829\" width=\"2560\"  itemprop=\"thumbnailUrl\" srcset=\"https:\/\/cerdanya.org\/wp-content\/uploads\/2025\/11\/mapa-ornitologic-cerdanya-B-scaled.jpg 2560w, https:\/\/cerdanya.org\/wp-content\/uploads\/2025\/11\/mapa-ornitologic-cerdanya-B-300x214.jpg 300w, https:\/\/cerdanya.org\/wp-content\/uploads\/2025\/11\/mapa-ornitologic-cerdanya-B-1030x736.jpg 1030w, https:\/\/cerdanya.org\/wp-content\/uploads\/2025\/11\/mapa-ornitologic-cerdanya-B-768x549.jpg 768w, https:\/\/cerdanya.org\/wp-content\/uploads\/2025\/11\/mapa-ornitologic-cerdanya-B-1536x1097.jpg 1536w, https:\/\/cerdanya.org\/wp-content\/uploads\/2025\/11\/mapa-ornitologic-cerdanya-B-2048x1463.jpg 2048w, https:\/\/cerdanya.org\/wp-content\/uploads\/2025\/11\/mapa-ornitologic-cerdanya-B-1500x1071.jpg 1500w, https:\/\/cerdanya.org\/wp-content\/uploads\/2025\/11\/mapa-ornitologic-cerdanya-B-260x185.jpg 260w, https:\/\/cerdanya.org\/wp-content\/uploads\/2025\/11\/mapa-ornitologic-cerdanya-B-705x504.jpg 705w\" sizes=\"(max-width: 2560px) 100vw, 2560px\" \/><\/div><\/div><\/div>\n\n<style type=\"text\/css\" data-created_by=\"avia_inline_auto\" id=\"style-css-av-kvci8z-230e5719c911c303debb074c654cf2b1\">\n#top .hr.hr-invisible.av-kvci8z-230e5719c911c303debb074c654cf2b1{\nheight:50px;\n}\n<\/style>\n<div  class='hr av-kvci8z-230e5719c911c303debb074c654cf2b1 hr-invisible  avia-builder-el-5  el_after_av_image  el_before_av_one_full '><span class='hr-inner '><span class=\"hr-inner-style\"><\/span><\/span><\/div>\n<div  class='flex_column av-lj7zlv-5996f6e2dddee99bf1846422a31af745 av_one_full  avia-builder-el-6  el_after_av_hr  avia-builder-el-last  first flex_column_div  '     ><p>\n<style type=\"text\/css\" data-created_by=\"avia_inline_auto\" id=\"style-css-av-mi1io0bs-35659fc6c13e760ec3be92cd5a02df7b\">\n#top .av-special-heading.av-mi1io0bs-35659fc6c13e760ec3be92cd5a02df7b{\npadding-bottom:10px;\n}\nbody .av-special-heading.av-mi1io0bs-35659fc6c13e760ec3be92cd5a02df7b .av-special-heading-tag .heading-char{\nfont-size:25px;\n}\n.av-special-heading.av-mi1io0bs-35659fc6c13e760ec3be92cd5a02df7b .av-subheading{\nfont-size:15px;\n}\n<\/style>\n<div  class='av-special-heading av-mi1io0bs-35659fc6c13e760ec3be92cd5a02df7b av-special-heading-h2 blockquote modern-quote  avia-builder-el-7  el_before_av_textblock  avia-builder-el-first '><h2 class='av-special-heading-tag '  itemprop=\"headline\"  >Brochure de la Carte Ornithologique de la Cerdagne<\/h2><div class=\"special-heading-border\"><div class=\"special-heading-inner-border\"><\/div><\/div><\/div><br \/>\n<section  class='av_textblock_section av-mi1ing7q-053af56e3c2f8df09b8282e184ee75ee '   itemscope=\"itemscope\" itemtype=\"https:\/\/schema.org\/CreativeWork\" ><div class='avia_textblock'  itemprop=\"text\" ><p><a href=\"http:\/\/cerdanya.org\/wp-content\/uploads\/2025\/11\/mapa-ornitologic-cerdanya-cat-fr.pdf\" target=\"_blank\" rel=\"noopener\">T\u00e9l\u00e9chargez la carte\/brochure en catalan\/fran\u00e7ais<\/a><\/p>\n<p><a href=\"http:\/\/cerdanya.org\/wp-content\/uploads\/2025\/11\/mapa-ornitologic-cerdanya-es-ang.pdf\" target=\"_blank\" rel=\"noopener\">T\u00e9l\u00e9chargez la carte\/brochure en espagnol\/anglais<\/a><\/p>\n<\/div><\/section><\/p><\/div>\n","protected":false},"excerpt":{"rendered":"","protected":false},"author":3,"featured_media":75142,"parent":52752,"menu_order":10,"comment_status":"closed","ping_status":"closed","template":"","meta":{"footnotes":""},"class_list":["post-162528","page","type-page","status-publish","has-post-thumbnail","hentry"],"_links":{"self":[{"href":"https:\/\/cerdanya.org\/fr\/wp-json\/wp\/v2\/pages\/162528","targetHints":{"allow":["GET"]}}],"collection":[{"href":"https:\/\/cerdanya.org\/fr\/wp-json\/wp\/v2\/pages"}],"about":[{"href":"https:\/\/cerdanya.org\/fr\/wp-json\/wp\/v2\/types\/page"}],"author":[{"embeddable":true,"href":"https:\/\/cerdanya.org\/fr\/wp-json\/wp\/v2\/users\/3"}],"replies":[{"embeddable":true,"href":"https:\/\/cerdanya.org\/fr\/wp-json\/wp\/v2\/comments?post=162528"}],"version-history":[{"count":6,"href":"https:\/\/cerdanya.org\/fr\/wp-json\/wp\/v2\/pages\/162528\/revisions"}],"predecessor-version":[{"id":162561,"href":"https:\/\/cerdanya.org\/fr\/wp-json\/wp\/v2\/pages\/162528\/revisions\/162561"}],"up":[{"embeddable":true,"href":"https:\/\/cerdanya.org\/fr\/wp-json\/wp\/v2\/pages\/52752"}],"wp:featuredmedia":[{"embeddable":true,"href":"https:\/\/cerdanya.org\/fr\/wp-json\/wp\/v2\/media\/75142"}],"wp:attachment":[{"href":"https:\/\/cerdanya.org\/fr\/wp-json\/wp\/v2\/media?parent=162528"}],"curies":[{"name":"wp","href":"https:\/\/api.w.org\/{rel}","templated":true}]}}