{"id":54738,"date":"2024-07-10T15:11:52","date_gmt":"2024-07-10T13:11:52","guid":{"rendered":"https:\/\/cerdanya.org\/que-hacer\/turisme-de-natura\/miradors-de-la-cerdanya\/coll-de-la-creu-del-barret\/"},"modified":"2024-07-11T13:05:12","modified_gmt":"2024-07-11T11:05:12","slug":"coll-de-la-creu-del-barret","status":"publish","type":"page","link":"https:\/\/cerdanya.org\/es\/que-hacer\/turismo-de-naturaleza\/miradores-de-la-cerdanya\/coll-de-la-creu-del-barret\/","title":{"rendered":"Coll de la Creu del Barret"},"content":{"rendered":"<div id='av_section_1'  class='avia-section av-dorhxw-6cceb5e00495bdbf5094cca6ade332b7 main_color avia-section-default avia-no-border-styling  avia-builder-el-0  avia-builder-el-no-sibling  avia-bg-style-scroll container_wrap fullsize'  ><div class='container av-section-cont-open' ><main  role=\"main\" itemprop=\"mainContentOfPage\"  class='template-page content  av-content-full alpha units'><div class='post-entry post-entry-type-page post-entry-54738'><div class='entry-content-wrapper clearfix'>\n\n<style type=\"text\/css\" data-created_by=\"avia_inline_auto\" id=\"style-css-av-3ipwp1w-3e1e103121f22fe591794d32f906f4b0\">\n.flex_column.av-3ipwp1w-3e1e103121f22fe591794d32f906f4b0{\nborder-radius:0px 0px 0px 0px;\npadding:0px 0px 0px 0px;\n}\n<\/style>\n<div  class='flex_column av-3ipwp1w-3e1e103121f22fe591794d32f906f4b0 av_one_full  avia-builder-el-1  el_before_av_one_half  avia-builder-el-first  first flex_column_div av-zero-column-padding  '     ><style type=\"text\/css\" data-created_by=\"avia_inline_auto\" id=\"style-css-av-lyfupif7-97c44ce100bec37a77239422df530fbf\">\n#top .av-special-heading.av-lyfupif7-97c44ce100bec37a77239422df530fbf{\npadding-bottom:10px;\n}\nbody .av-special-heading.av-lyfupif7-97c44ce100bec37a77239422df530fbf .av-special-heading-tag .heading-char{\nfont-size:25px;\n}\n.av-special-heading.av-lyfupif7-97c44ce100bec37a77239422df530fbf .av-subheading{\nfont-size:15px;\n}\n<\/style>\n<div  class='av-special-heading av-lyfupif7-97c44ce100bec37a77239422df530fbf av-special-heading-h1  avia-builder-el-2  avia-builder-el-no-sibling  av-linked-heading'><h1 class='av-special-heading-tag '  itemprop=\"headline\"  >Coll de la Creu del Barret<\/h1><div class=\"special-heading-border\"><div class=\"special-heading-inner-border\"><\/div><\/div><\/div><\/div>\n<style type=\"text\/css\" data-created_by=\"avia_inline_auto\" id=\"style-css-av-2y300es-5df2bb04fa5ab398bf53727c00e8380b\">\n.flex_column.av-2y300es-5df2bb04fa5ab398bf53727c00e8380b{\nwidth:48%;\nborder-radius:0px 0px 0px 0px;\npadding:0px 0px 0px 0px;\n}\n<\/style>\n<div  class='flex_column av-2y300es-5df2bb04fa5ab398bf53727c00e8380b av_one_half  avia-builder-el-3  el_after_av_one_full  el_before_av_one_half  first flex_column_div av-zero-column-padding  column-top-margin'     ><section  class='av_textblock_section av-lyfur8td-d3a704fe37286b2d5a53c07914b7e2d4 '   itemscope=\"itemscope\" itemtype=\"https:\/\/schema.org\/CreativeWork\" ><div class='avia_textblock'  itemprop=\"text\" ><p><strong>EMD:<\/strong> Pi<\/p>\n<p><strong>Coordenadas:<\/strong> 42.31807, 1.76408<\/p>\n<p><strong>Altitud:<\/strong> 1.568 m<\/p>\n<p><strong>Cobertura para m\u00f3viles:<\/strong> S\u00ed<\/p>\n<p><strong>Descripci\u00f3n del acceso:<\/strong> Se accede por un sendero de monta\u00f1a con fuerte desnivel. Saliendo de Santa Magdalena, ascenderemos fuertemente hacia el sur en la sierra de l&#8217;\u00c0rtic, hasta el collado de Jovell. A partir de aqu\u00ed, el camino ya m\u00e1s llano, nos llevar\u00e1 hasta el collado de la Creu del Barret despu\u00e9s de una caminata de 1 hora y 30 minutos aproximadamente, y en el norte encontraremos unas rocas desde donde disfrutar de las vistas.<\/p>\n<p><strong>Descripci\u00f3n\u00a0\u00a0 de los equipamientos disponibles:<\/strong> Es un collado de monta\u00f1a, con un poco de pasto entre el bosque de pino rojo.<\/p>\n<p><strong>Adaptaci\u00f3n a personas con movilidad reducida:<\/strong> No dispone de ning\u00fan equipamiento ni acceso adaptado.<\/p>\n<p><strong>Descripci\u00f3n del paisaje que se observa:<\/strong><\/p>\n<p>El entorno est\u00e1 dominado por pinares de pino rojo, intercalando algunos ejemplares de abeto. Justo en la zona, el bosque se despeja y podr\u00edamos ver algunos animales pastando en verano. Al sur podemos observar una gran perspectiva hacia el valle de Pi, el sector de Tancalaporta, uni\u00f3n de la sierra del Moixer\u00f3 con la del Cad\u00ed, y la cima del Comabona, la m\u00e1s oriental de la sierra del Cad\u00ed con 2.548 m. Entre los pinos, a levante, veremos asomar la Tosa de Alp. La vista al norte queda limitada.<\/p>\n<\/div><\/section><\/div>\n<style type=\"text\/css\" data-created_by=\"avia_inline_auto\" id=\"style-css-av-9qcm1g-c52693161022732955af869d7c8a8ff7\">\n.flex_column.av-9qcm1g-c52693161022732955af869d7c8a8ff7{\nwidth:48%;\nmargin-left:4%;\nborder-radius:0px 0px 0px 0px;\npadding:0px 0px 0px 0px;\n}\n<\/style>\n<div  class='flex_column av-9qcm1g-c52693161022732955af869d7c8a8ff7 av_one_half  avia-builder-el-5  el_after_av_one_half  el_before_av_hr  flex_column_div av-zero-column-padding  column-top-margin'     ><style type=\"text\/css\" data-created_by=\"avia_inline_auto\" id=\"style-css-av-lyfuyhti-f4eb58834a74358ac7693dfec6fdbbaa\">\n#top .avia-gallery.av-lyfuyhti-f4eb58834a74358ac7693dfec6fdbbaa .avia-gallery-thumb a{\nwidth:20%;\n}\n<\/style>\n<div  class='avia-gallery av-lyfuyhti-f4eb58834a74358ac7693dfec6fdbbaa avia_animate_when_visible  avia-builder-el-6  avia-builder-el-no-sibling  avia_lazyload av-slideshow-ui av-loop-manual-endless av-control-hidden av-navigate-arrows hover-effect av-control-hidden avia-gallery-animate avia-gallery-1'  itemprop=\"image\" itemscope=\"itemscope\" itemtype=\"https:\/\/schema.org\/ImageObject\" ><meta itemprop=\"contentURL\" content=\"https:\/\/cerdanya.org\/es\/que-hacer\/turismo-de-naturaleza\/miradores-de-la-cerdanya\/coll-de-la-creu-del-barret\/\"><div class='avia-gallery-big-wrapper'><a class='avia-gallery-big fakeLightbox lightbox avia-gallery-big-crop-thumb ' href=\"https:\/\/cerdanya.org\/wp-content\/uploads\/2024\/07\/coll-creu-barret-1-1030x687.jpg\" data-srcset=\"https:\/\/cerdanya.org\/wp-content\/uploads\/2024\/07\/coll-creu-barret-1-1030x687.jpg 1030w, https:\/\/cerdanya.org\/wp-content\/uploads\/2024\/07\/coll-creu-barret-1-300x200.jpg 300w, https:\/\/cerdanya.org\/wp-content\/uploads\/2024\/07\/coll-creu-barret-1-768x512.jpg 768w, https:\/\/cerdanya.org\/wp-content\/uploads\/2024\/07\/coll-creu-barret-1-705x470.jpg 705w, https:\/\/cerdanya.org\/wp-content\/uploads\/2024\/07\/coll-creu-barret-1.jpg 1500w\" data-sizes=\"(max-width: 1030px) 100vw, 1030px\"  data-onclick='1' title='Coll de la Creu del Barret' ><span class='avia-gallery-big-inner'  itemprop=\"thumbnailUrl\" ><img decoding=\"async\" fetchpriority=\"high\" class=\"wp-image-54040 avia-img-lazy-loading-not-54040\"  width=\"495\" height=\"400\" src=\"https:\/\/cerdanya.org\/wp-content\/uploads\/2024\/07\/coll-creu-barret-1-495x400.jpg\" title='coll-creu-barret (1)' alt='Coll de la Creu del Barret' srcset=\"https:\/\/cerdanya.org\/wp-content\/uploads\/2024\/07\/coll-creu-barret-1-495x400.jpg 495w, https:\/\/cerdanya.org\/wp-content\/uploads\/2024\/07\/coll-creu-barret-1-845x684.jpg 845w\" sizes=\"(max-width: 495px) 100vw, 495px\" \/><span class='avia-gallery-caption'>Coll de la Creu del Barret<\/span><\/span><\/a><\/div><div class='avia-gallery-thumb'><a href=\"https:\/\/cerdanya.org\/wp-content\/uploads\/2024\/07\/coll-creu-barret-1-1030x687.jpg\" data-srcset=\"https:\/\/cerdanya.org\/wp-content\/uploads\/2024\/07\/coll-creu-barret-1-1030x687.jpg 1030w, https:\/\/cerdanya.org\/wp-content\/uploads\/2024\/07\/coll-creu-barret-1-300x200.jpg 300w, https:\/\/cerdanya.org\/wp-content\/uploads\/2024\/07\/coll-creu-barret-1-768x512.jpg 768w, https:\/\/cerdanya.org\/wp-content\/uploads\/2024\/07\/coll-creu-barret-1-705x470.jpg 705w, https:\/\/cerdanya.org\/wp-content\/uploads\/2024\/07\/coll-creu-barret-1.jpg 1500w\" data-sizes=\"(max-width: 1030px) 100vw, 1030px\" data-rel='gallery-1' data-prev-img='https:\/\/cerdanya.org\/wp-content\/uploads\/2024\/07\/coll-creu-barret-1-495x400.jpg' class='first_thumb lightbox ' data-onclick='1' title='Coll de la Creu del Barret'  itemprop=\"thumbnailUrl\"  ><img decoding=\"async\" fetchpriority=\"high\" class=\"wp-image-54040 avia-img-lazy-loading-not-54040\"  data-avia-tooltip='Coll de la Creu del Barret' src=\"https:\/\/cerdanya.org\/wp-content\/uploads\/2024\/07\/coll-creu-barret-1-495x400.jpg\" width=\"495\" height=\"400\"  title='coll-creu-barret (1)' alt='Coll de la Creu del Barret' srcset=\"https:\/\/cerdanya.org\/wp-content\/uploads\/2024\/07\/coll-creu-barret-1-495x400.jpg 495w, https:\/\/cerdanya.org\/wp-content\/uploads\/2024\/07\/coll-creu-barret-1-845x684.jpg 845w\" sizes=\"(max-width: 495px) 100vw, 495px\" \/><div class='big-prev-fake'><img decoding=\"async\" loading=\"lazy\" class=\"wp-image-54040 avia-img-lazy-loading-54040\"  width=\"495\" height=\"400\" src=\"https:\/\/cerdanya.org\/wp-content\/uploads\/2024\/07\/coll-creu-barret-1-495x400.jpg\" title='coll-creu-barret (1)' alt='Coll de la Creu del Barret' srcset=\"https:\/\/cerdanya.org\/wp-content\/uploads\/2024\/07\/coll-creu-barret-1-495x400.jpg 495w, https:\/\/cerdanya.org\/wp-content\/uploads\/2024\/07\/coll-creu-barret-1-845x684.jpg 845w\" sizes=\"auto, (max-width: 495px) 100vw, 495px\" \/><\/div><\/a><a href=\"https:\/\/cerdanya.org\/wp-content\/uploads\/2024\/07\/coll-creu-barret-2-1030x687.jpg\" data-srcset=\"https:\/\/cerdanya.org\/wp-content\/uploads\/2024\/07\/coll-creu-barret-2-1030x687.jpg 1030w, https:\/\/cerdanya.org\/wp-content\/uploads\/2024\/07\/coll-creu-barret-2-300x200.jpg 300w, https:\/\/cerdanya.org\/wp-content\/uploads\/2024\/07\/coll-creu-barret-2-768x512.jpg 768w, https:\/\/cerdanya.org\/wp-content\/uploads\/2024\/07\/coll-creu-barret-2-705x470.jpg 705w, https:\/\/cerdanya.org\/wp-content\/uploads\/2024\/07\/coll-creu-barret-2.jpg 1500w\" data-sizes=\"(max-width: 1030px) 100vw, 1030px\" data-rel='gallery-1' data-prev-img='https:\/\/cerdanya.org\/wp-content\/uploads\/2024\/07\/coll-creu-barret-2-495x400.jpg' class='lightbox ' data-onclick='2' title='Coll de la Creu del Barret'  itemprop=\"thumbnailUrl\"  ><img decoding=\"async\" fetchpriority=\"high\" class=\"wp-image-54044 avia-img-lazy-loading-not-54044\"  data-avia-tooltip='Coll de la Creu del Barret' src=\"https:\/\/cerdanya.org\/wp-content\/uploads\/2024\/07\/coll-creu-barret-2-495x400.jpg\" width=\"495\" height=\"400\"  title='coll-creu-barret (2)' alt='Coll de la Creu del Barret' srcset=\"https:\/\/cerdanya.org\/wp-content\/uploads\/2024\/07\/coll-creu-barret-2-495x400.jpg 495w, https:\/\/cerdanya.org\/wp-content\/uploads\/2024\/07\/coll-creu-barret-2-845x684.jpg 845w\" sizes=\"(max-width: 495px) 100vw, 495px\" \/><div class='big-prev-fake'><img decoding=\"async\" loading=\"lazy\" class=\"wp-image-54044 avia-img-lazy-loading-54044\"  width=\"495\" height=\"400\" src=\"https:\/\/cerdanya.org\/wp-content\/uploads\/2024\/07\/coll-creu-barret-2-495x400.jpg\" title='coll-creu-barret (2)' alt='Coll de la Creu del Barret' srcset=\"https:\/\/cerdanya.org\/wp-content\/uploads\/2024\/07\/coll-creu-barret-2-495x400.jpg 495w, https:\/\/cerdanya.org\/wp-content\/uploads\/2024\/07\/coll-creu-barret-2-845x684.jpg 845w\" sizes=\"auto, (max-width: 495px) 100vw, 495px\" \/><\/div><\/a><a href=\"https:\/\/cerdanya.org\/wp-content\/uploads\/2024\/07\/coll-creu-barret-3-1030x687.jpg\" data-srcset=\"https:\/\/cerdanya.org\/wp-content\/uploads\/2024\/07\/coll-creu-barret-3-1030x687.jpg 1030w, https:\/\/cerdanya.org\/wp-content\/uploads\/2024\/07\/coll-creu-barret-3-300x200.jpg 300w, https:\/\/cerdanya.org\/wp-content\/uploads\/2024\/07\/coll-creu-barret-3-768x512.jpg 768w, https:\/\/cerdanya.org\/wp-content\/uploads\/2024\/07\/coll-creu-barret-3-705x470.jpg 705w, https:\/\/cerdanya.org\/wp-content\/uploads\/2024\/07\/coll-creu-barret-3.jpg 1500w\" data-sizes=\"(max-width: 1030px) 100vw, 1030px\" data-rel='gallery-1' data-prev-img='https:\/\/cerdanya.org\/wp-content\/uploads\/2024\/07\/coll-creu-barret-3-495x400.jpg' class='lightbox ' data-onclick='3' title='Coll de la Creu del Barret'  itemprop=\"thumbnailUrl\"  ><img decoding=\"async\" fetchpriority=\"high\" class=\"wp-image-54048 avia-img-lazy-loading-not-54048\"  data-avia-tooltip='Coll de la Creu del Barret' src=\"https:\/\/cerdanya.org\/wp-content\/uploads\/2024\/07\/coll-creu-barret-3-495x400.jpg\" width=\"495\" height=\"400\"  title='coll-creu-barret (3)' alt='Coll de la Creu del Barret' srcset=\"https:\/\/cerdanya.org\/wp-content\/uploads\/2024\/07\/coll-creu-barret-3-495x400.jpg 495w, https:\/\/cerdanya.org\/wp-content\/uploads\/2024\/07\/coll-creu-barret-3-845x684.jpg 845w\" sizes=\"(max-width: 495px) 100vw, 495px\" \/><div class='big-prev-fake'><img decoding=\"async\" loading=\"lazy\" class=\"wp-image-54048 avia-img-lazy-loading-54048\"  width=\"495\" height=\"400\" src=\"https:\/\/cerdanya.org\/wp-content\/uploads\/2024\/07\/coll-creu-barret-3-495x400.jpg\" title='coll-creu-barret (3)' alt='Coll de la Creu del Barret' srcset=\"https:\/\/cerdanya.org\/wp-content\/uploads\/2024\/07\/coll-creu-barret-3-495x400.jpg 495w, https:\/\/cerdanya.org\/wp-content\/uploads\/2024\/07\/coll-creu-barret-3-845x684.jpg 845w\" sizes=\"auto, (max-width: 495px) 100vw, 495px\" \/><\/div><\/a><a href=\"https:\/\/cerdanya.org\/wp-content\/uploads\/2024\/07\/coll-creu-barret-4-1030x687.jpg\" data-srcset=\"https:\/\/cerdanya.org\/wp-content\/uploads\/2024\/07\/coll-creu-barret-4-1030x687.jpg 1030w, https:\/\/cerdanya.org\/wp-content\/uploads\/2024\/07\/coll-creu-barret-4-300x200.jpg 300w, https:\/\/cerdanya.org\/wp-content\/uploads\/2024\/07\/coll-creu-barret-4-768x512.jpg 768w, https:\/\/cerdanya.org\/wp-content\/uploads\/2024\/07\/coll-creu-barret-4-705x470.jpg 705w, https:\/\/cerdanya.org\/wp-content\/uploads\/2024\/07\/coll-creu-barret-4.jpg 1500w\" data-sizes=\"(max-width: 1030px) 100vw, 1030px\" data-rel='gallery-1' data-prev-img='https:\/\/cerdanya.org\/wp-content\/uploads\/2024\/07\/coll-creu-barret-4-495x400.jpg' class='lightbox ' data-onclick='4' title='Coll de la Creu del Barret'  itemprop=\"thumbnailUrl\"  ><img decoding=\"async\" fetchpriority=\"high\" class=\"wp-image-54052 avia-img-lazy-loading-not-54052\"  data-avia-tooltip='Coll de la Creu del Barret' src=\"https:\/\/cerdanya.org\/wp-content\/uploads\/2024\/07\/coll-creu-barret-4-495x400.jpg\" width=\"495\" height=\"400\"  title='coll-creu-barret (4)' alt='Coll de la Creu del Barret' srcset=\"https:\/\/cerdanya.org\/wp-content\/uploads\/2024\/07\/coll-creu-barret-4-495x400.jpg 495w, https:\/\/cerdanya.org\/wp-content\/uploads\/2024\/07\/coll-creu-barret-4-845x684.jpg 845w\" sizes=\"(max-width: 495px) 100vw, 495px\" \/><div class='big-prev-fake'><img decoding=\"async\" loading=\"lazy\" class=\"wp-image-54052 avia-img-lazy-loading-54052\"  width=\"495\" height=\"400\" src=\"https:\/\/cerdanya.org\/wp-content\/uploads\/2024\/07\/coll-creu-barret-4-495x400.jpg\" title='coll-creu-barret (4)' alt='Coll de la Creu del Barret' srcset=\"https:\/\/cerdanya.org\/wp-content\/uploads\/2024\/07\/coll-creu-barret-4-495x400.jpg 495w, https:\/\/cerdanya.org\/wp-content\/uploads\/2024\/07\/coll-creu-barret-4-845x684.jpg 845w\" sizes=\"auto, (max-width: 495px) 100vw, 495px\" \/><\/div><\/a><a href=\"https:\/\/cerdanya.org\/wp-content\/uploads\/2024\/07\/coll-creu-barret-5-1030x687.jpg\" data-srcset=\"https:\/\/cerdanya.org\/wp-content\/uploads\/2024\/07\/coll-creu-barret-5-1030x687.jpg 1030w, https:\/\/cerdanya.org\/wp-content\/uploads\/2024\/07\/coll-creu-barret-5-300x200.jpg 300w, https:\/\/cerdanya.org\/wp-content\/uploads\/2024\/07\/coll-creu-barret-5-768x512.jpg 768w, https:\/\/cerdanya.org\/wp-content\/uploads\/2024\/07\/coll-creu-barret-5-705x470.jpg 705w, https:\/\/cerdanya.org\/wp-content\/uploads\/2024\/07\/coll-creu-barret-5.jpg 1500w\" data-sizes=\"(max-width: 1030px) 100vw, 1030px\" data-rel='gallery-1' data-prev-img='https:\/\/cerdanya.org\/wp-content\/uploads\/2024\/07\/coll-creu-barret-5-495x400.jpg' class='lightbox ' data-onclick='5' title='Coll de la Creu del Barret'  itemprop=\"thumbnailUrl\"  ><img decoding=\"async\" fetchpriority=\"high\" class=\"wp-image-54056 avia-img-lazy-loading-not-54056\"  data-avia-tooltip='Coll de la Creu del Barret' src=\"https:\/\/cerdanya.org\/wp-content\/uploads\/2024\/07\/coll-creu-barret-5-495x400.jpg\" width=\"495\" height=\"400\"  title='coll-creu-barret (5)' alt='Coll de la Creu del Barret' srcset=\"https:\/\/cerdanya.org\/wp-content\/uploads\/2024\/07\/coll-creu-barret-5-495x400.jpg 495w, https:\/\/cerdanya.org\/wp-content\/uploads\/2024\/07\/coll-creu-barret-5-845x684.jpg 845w\" sizes=\"(max-width: 495px) 100vw, 495px\" \/><div class='big-prev-fake'><img decoding=\"async\" loading=\"lazy\" class=\"wp-image-54056 avia-img-lazy-loading-54056\"  width=\"495\" height=\"400\" src=\"https:\/\/cerdanya.org\/wp-content\/uploads\/2024\/07\/coll-creu-barret-5-495x400.jpg\" title='coll-creu-barret (5)' alt='Coll de la Creu del Barret' srcset=\"https:\/\/cerdanya.org\/wp-content\/uploads\/2024\/07\/coll-creu-barret-5-495x400.jpg 495w, https:\/\/cerdanya.org\/wp-content\/uploads\/2024\/07\/coll-creu-barret-5-845x684.jpg 845w\" sizes=\"auto, (max-width: 495px) 100vw, 495px\" \/><\/div><\/a><a href=\"https:\/\/cerdanya.org\/wp-content\/uploads\/2024\/07\/coll-creu-barret-6-1030x687.jpg\" data-srcset=\"https:\/\/cerdanya.org\/wp-content\/uploads\/2024\/07\/coll-creu-barret-6-1030x687.jpg 1030w, https:\/\/cerdanya.org\/wp-content\/uploads\/2024\/07\/coll-creu-barret-6-300x200.jpg 300w, https:\/\/cerdanya.org\/wp-content\/uploads\/2024\/07\/coll-creu-barret-6-768x512.jpg 768w, https:\/\/cerdanya.org\/wp-content\/uploads\/2024\/07\/coll-creu-barret-6-705x470.jpg 705w, https:\/\/cerdanya.org\/wp-content\/uploads\/2024\/07\/coll-creu-barret-6.jpg 1500w\" data-sizes=\"(max-width: 1030px) 100vw, 1030px\" data-rel='gallery-1' data-prev-img='https:\/\/cerdanya.org\/wp-content\/uploads\/2024\/07\/coll-creu-barret-6-495x400.jpg' class='first_thumb lightbox ' data-onclick='6' title='Coll de la Creu del Barret'  itemprop=\"thumbnailUrl\"  ><img decoding=\"async\" fetchpriority=\"high\" class=\"wp-image-54060 avia-img-lazy-loading-not-54060\"  data-avia-tooltip='Coll de la Creu del Barret' src=\"https:\/\/cerdanya.org\/wp-content\/uploads\/2024\/07\/coll-creu-barret-6-495x400.jpg\" width=\"495\" height=\"400\"  title='coll-creu-barret (6)' alt='Coll de la Creu del Barret' srcset=\"https:\/\/cerdanya.org\/wp-content\/uploads\/2024\/07\/coll-creu-barret-6-495x400.jpg 495w, https:\/\/cerdanya.org\/wp-content\/uploads\/2024\/07\/coll-creu-barret-6-845x684.jpg 845w\" sizes=\"(max-width: 495px) 100vw, 495px\" \/><div class='big-prev-fake'><img decoding=\"async\" loading=\"lazy\" class=\"wp-image-54060 avia-img-lazy-loading-54060\"  width=\"495\" height=\"400\" src=\"https:\/\/cerdanya.org\/wp-content\/uploads\/2024\/07\/coll-creu-barret-6-495x400.jpg\" title='coll-creu-barret (6)' alt='Coll de la Creu del Barret' srcset=\"https:\/\/cerdanya.org\/wp-content\/uploads\/2024\/07\/coll-creu-barret-6-495x400.jpg 495w, https:\/\/cerdanya.org\/wp-content\/uploads\/2024\/07\/coll-creu-barret-6-845x684.jpg 845w\" sizes=\"auto, (max-width: 495px) 100vw, 495px\" \/><\/div><\/a><\/div><\/div><\/div>\n<style type=\"text\/css\" data-created_by=\"avia_inline_auto\" id=\"style-css-av-1zzvhh0-b3723319fab4d7801cd8f87467ccbcfe\">\n#top .hr.hr-invisible.av-1zzvhh0-b3723319fab4d7801cd8f87467ccbcfe{\nheight:50px;\n}\n<\/style>\n<div  class='hr av-1zzvhh0-b3723319fab4d7801cd8f87467ccbcfe hr-invisible  avia-builder-el-7  el_after_av_one_half  el_before_av_one_half '><span class='hr-inner '><span class=\"hr-inner-style\"><\/span><\/span><\/div>\n\n<style type=\"text\/css\" data-created_by=\"avia_inline_auto\" id=\"style-css-av-1o3k8vo-55c163c57236e1c7d84573cd25e793fd\">\n.flex_column.av-1o3k8vo-55c163c57236e1c7d84573cd25e793fd{\nwidth:48%;\n}\n<\/style>\n<div  class='flex_column av-1o3k8vo-55c163c57236e1c7d84573cd25e793fd av_one_half  avia-builder-el-8  el_after_av_hr  el_before_av_one_half  first flex_column_div  '     ><p>\n<style type=\"text\/css\" data-created_by=\"avia_inline_auto\" id=\"style-css-av-1bv5wpg-a820ea2affb2424a80c7de650174c1a2\">\n#top .av-special-heading.av-1bv5wpg-a820ea2affb2424a80c7de650174c1a2{\npadding-bottom:10px;\n}\nbody .av-special-heading.av-1bv5wpg-a820ea2affb2424a80c7de650174c1a2 .av-special-heading-tag .heading-char{\nfont-size:25px;\n}\n.av-special-heading.av-1bv5wpg-a820ea2affb2424a80c7de650174c1a2 .av-subheading{\nfont-size:15px;\n}\n<\/style>\n<div  class='av-special-heading av-1bv5wpg-a820ea2affb2424a80c7de650174c1a2 av-special-heading-h2  avia-builder-el-9  el_before_av_codeblock  avia-builder-el-first  av-linked-heading'><h2 class='av-special-heading-tag '  itemprop=\"headline\"  >Localizaci\u00f3n<\/h2><div class=\"special-heading-border\"><div class=\"special-heading-inner-border\"><\/div><\/div><\/div><br \/>\n<\/p><\/div>\n<style type=\"text\/css\" data-created_by=\"avia_inline_auto\" id=\"style-css-av-nih4fo-8d4a04d2fdcd03aaf2a6f1cb50ca4197\">\n.flex_column.av-nih4fo-8d4a04d2fdcd03aaf2a6f1cb50ca4197{\nwidth:48%;\nmargin-left:4%;\n}\n<\/style>\n<div  class='flex_column av-nih4fo-8d4a04d2fdcd03aaf2a6f1cb50ca4197 av_one_half  avia-builder-el-11  el_after_av_one_half  avia-builder-el-last  flex_column_div  '     ><\/div>\n","protected":false},"excerpt":{"rendered":"","protected":false},"author":3,"featured_media":54052,"parent":52719,"menu_order":0,"comment_status":"closed","ping_status":"closed","template":"","meta":{"footnotes":""},"class_list":["post-54738","page","type-page","status-publish","has-post-thumbnail","hentry"],"_links":{"self":[{"href":"https:\/\/cerdanya.org\/es\/wp-json\/wp\/v2\/pages\/54738","targetHints":{"allow":["GET"]}}],"collection":[{"href":"https:\/\/cerdanya.org\/es\/wp-json\/wp\/v2\/pages"}],"about":[{"href":"https:\/\/cerdanya.org\/es\/wp-json\/wp\/v2\/types\/page"}],"author":[{"embeddable":true,"href":"https:\/\/cerdanya.org\/es\/wp-json\/wp\/v2\/users\/3"}],"replies":[{"embeddable":true,"href":"https:\/\/cerdanya.org\/es\/wp-json\/wp\/v2\/comments?post=54738"}],"version-history":[{"count":0,"href":"https:\/\/cerdanya.org\/es\/wp-json\/wp\/v2\/pages\/54738\/revisions"}],"up":[{"embeddable":true,"href":"https:\/\/cerdanya.org\/es\/wp-json\/wp\/v2\/pages\/52719"}],"wp:featuredmedia":[{"embeddable":true,"href":"https:\/\/cerdanya.org\/es\/wp-json\/wp\/v2\/media\/54052"}],"wp:attachment":[{"href":"https:\/\/cerdanya.org\/es\/wp-json\/wp\/v2\/media?parent=54738"}],"curies":[{"name":"wp","href":"https:\/\/api.w.org\/{rel}","templated":true}]}}