{"id":51463,"date":"2024-06-04T10:57:45","date_gmt":"2024-06-04T08:57:45","guid":{"rendered":"https:\/\/cerdanya.org\/rutes-en-bicicleta\/pumptrack\/bellver-de-cerdanya\/"},"modified":"2024-06-04T12:18:02","modified_gmt":"2024-06-04T10:18:02","slug":"bellver-de-cerdanya","status":"publish","type":"page","link":"https:\/\/cerdanya.org\/es\/que-hacer\/rutas\/rutas-en-bicicleta\/pumptrack\/bellver-de-cerdanya\/","title":{"rendered":"Bellver de Cerdanya"},"content":{"rendered":"<div id='av_section_1'  class='avia-section av-nyuhiu-1d4dc0bcaf67d10f7b656a611cc8b03f main_color avia-section-default avia-no-border-styling  avia-builder-el-0  avia-builder-el-no-sibling  avia-bg-style-scroll container_wrap fullsize'  ><div class='container av-section-cont-open' ><main  role=\"main\" itemprop=\"mainContentOfPage\"  class='template-page content  av-content-full alpha units'><div class='post-entry post-entry-type-page post-entry-51463'><div class='entry-content-wrapper clearfix'>\n<section  class='av_textblock_section av-lx05zbzp-2c03966923e48fbc28c854d701d7d69c '   itemscope=\"itemscope\" itemtype=\"https:\/\/schema.org\/CreativeWork\" ><div class='avia_textblock'  itemprop=\"text\" ><blockquote>\n<p>Circuito de asfalto con giros elevados, saltos y peque\u00f1os desniveles y dos variaciones de recorrido.<\/p>\n<\/blockquote>\n<p class=\"LO-Normal\" style=\"background: transparent;\">Para poder acceder al campo con total seguridad, el Ayuntamiento ha instalado carteles con recomendaciones de uso. Por otro lado, el punto de entrada y salida, as\u00ed como el sentido del recorrido en su conjunto, est\u00e1n perfectamente se\u00f1alizados.<\/p>\n<\/div><\/section>\n<div class='flex_column_table av-1cglgfq-1a68c7ffb06f63712979b6e081a5b382 sc-av_one_half av-equal-height-column-flextable'><div  class='flex_column av-1cglgfq-1a68c7ffb06f63712979b6e081a5b382 av_one_half  avia-builder-el-2  el_after_av_textblock  el_before_av_one_half  first flex_column_table_cell av-equal-height-column av-align-top  column-top-margin'     ><div  class='avia-slideshow av-lx06wmtd-c91a2ba93e5863d2ef43527cce5f8005 avia-slideshow-no scaling av_slideshow avia-slide-slider  avia-builder-el-3  avia-builder-el-no-sibling  av-slideshow-ui av-control-default av-slideshow-manual av-loop-once av-loop-manual-endless av-default-height-applied avia-slideshow-1' data-slideshow-options=\"{&quot;animation&quot;:&quot;slide&quot;,&quot;autoplay&quot;:false,&quot;loop_autoplay&quot;:&quot;once&quot;,&quot;interval&quot;:5,&quot;loop_manual&quot;:&quot;manual-endless&quot;,&quot;autoplay_stopper&quot;:false,&quot;noNavigation&quot;:false,&quot;bg_slider&quot;:false,&quot;keep_padding&quot;:false,&quot;hoverpause&quot;:false,&quot;show_slide_delay&quot;:0}\"  itemprop=\"image\" itemscope=\"itemscope\" itemtype=\"https:\/\/schema.org\/ImageObject\" ><ul class='avia-slideshow-inner ' style='padding-bottom: 66.927083333333%;'><li  class='avia-slideshow-slide av-lx06wmtd-c91a2ba93e5863d2ef43527cce5f8005__0  slide-1 slide-odd'><div data-rel='slideshow-1' class='avia-slide-wrap '  title='PumpTrack' ><img decoding=\"async\" fetchpriority=\"high\" class=\"wp-image-51381 avia-img-lazy-loading-not-51381\"  src=\"https:\/\/cerdanya.org\/wp-content\/uploads\/2024\/06\/pumptrack.jpg\" width=\"768\" height=\"514\" title='pumptrack' alt='PumpTrack'  itemprop=\"thumbnailUrl\" srcset=\"https:\/\/cerdanya.org\/wp-content\/uploads\/2024\/06\/pumptrack.jpg 768w, https:\/\/cerdanya.org\/wp-content\/uploads\/2024\/06\/pumptrack-300x201.jpg 300w, https:\/\/cerdanya.org\/wp-content\/uploads\/2024\/06\/pumptrack-705x472.jpg 705w\" sizes=\"(max-width: 768px) 100vw, 768px\" \/><\/div><\/li><li  class='avia-slideshow-slide av-lx06wmtd-c91a2ba93e5863d2ef43527cce5f8005__1  slide-2 slide-even'><div data-rel='slideshow-1' class='avia-slide-wrap '  title='Bellver de Cerdanya' ><img decoding=\"async\" fetchpriority=\"high\" class=\"wp-image-51390 avia-img-lazy-loading-not-51390\"  src=\"https:\/\/cerdanya.org\/wp-content\/uploads\/2024\/06\/pumptrack_bellver_recorregut.jpg\" width=\"768\" height=\"576\" title='pumptrack_bellver_recorregut' alt='Bellver de Cerdanya'  itemprop=\"thumbnailUrl\" srcset=\"https:\/\/cerdanya.org\/wp-content\/uploads\/2024\/06\/pumptrack_bellver_recorregut.jpg 768w, https:\/\/cerdanya.org\/wp-content\/uploads\/2024\/06\/pumptrack_bellver_recorregut-300x225.jpg 300w, https:\/\/cerdanya.org\/wp-content\/uploads\/2024\/06\/pumptrack_bellver_recorregut-705x529.jpg 705w\" sizes=\"(max-width: 768px) 100vw, 768px\" \/><\/div><\/li><li  class='avia-slideshow-slide av-lx06wmtd-c91a2ba93e5863d2ef43527cce5f8005__2  slide-3 slide-odd'><div data-rel='slideshow-1' class='avia-slide-wrap '  title='Bellver de Cerdanya' ><img decoding=\"async\" fetchpriority=\"high\" class=\"wp-image-51394 avia-img-lazy-loading-not-51394\"  src=\"https:\/\/cerdanya.org\/wp-content\/uploads\/2024\/06\/pumptrack_bellver_recorregut_2.jpg\" width=\"768\" height=\"576\" title='pumptrack_bellver_recorregut_2' alt='Bellver de Cerdanya'  itemprop=\"thumbnailUrl\" srcset=\"https:\/\/cerdanya.org\/wp-content\/uploads\/2024\/06\/pumptrack_bellver_recorregut_2.jpg 768w, https:\/\/cerdanya.org\/wp-content\/uploads\/2024\/06\/pumptrack_bellver_recorregut_2-300x225.jpg 300w, https:\/\/cerdanya.org\/wp-content\/uploads\/2024\/06\/pumptrack_bellver_recorregut_2-705x529.jpg 705w\" sizes=\"(max-width: 768px) 100vw, 768px\" \/><\/div><\/li><\/ul><div class='avia-slideshow-arrows avia-slideshow-controls' ><a href='#prev' class='prev-slide  avia-svg-icon avia-font-svg_entypo-fontello' data-av_svg_icon='left-open-big' data-av_iconset='svg_entypo-fontello' tabindex='-1' title=\"Anterior\"><svg version=\"1.1\" xmlns=\"http:\/\/www.w3.org\/2000\/svg\" width=\"15\" height=\"32\" viewBox=\"0 0 15 32\" preserveAspectRatio=\"xMidYMid meet\" aria-labelledby='av-svg-title-1' aria-describedby='av-svg-desc-1' role=\"graphics-symbol\" aria-hidden=\"true\">\n<title id='av-svg-title-1'>Anterior<\/title>\n<desc id='av-svg-desc-1'>Anterior<\/desc>\n<path d=\"M14.464 27.84q0.832 0.832 0 1.536-0.832 0.832-1.536 0l-12.544-12.608q-0.768-0.768 0-1.6l12.544-12.608q0.704-0.832 1.536 0 0.832 0.704 0 1.536l-11.456 11.904z\"><\/path>\n<\/svg><span class='avia_hidden_link_text'>Anterior<\/span><\/a><a href='#next' class='next-slide  avia-svg-icon avia-font-svg_entypo-fontello' data-av_svg_icon='right-open-big' data-av_iconset='svg_entypo-fontello' tabindex='-1' title=\"Posterior\"><svg version=\"1.1\" xmlns=\"http:\/\/www.w3.org\/2000\/svg\" width=\"15\" height=\"32\" viewBox=\"0 0 15 32\" preserveAspectRatio=\"xMidYMid meet\" aria-labelledby='av-svg-title-2' aria-describedby='av-svg-desc-2' role=\"graphics-symbol\" aria-hidden=\"true\">\n<title id='av-svg-title-2'>Posterior<\/title>\n<desc id='av-svg-desc-2'>Posterior<\/desc>\n<path d=\"M0.416 27.84l11.456-11.84-11.456-11.904q-0.832-0.832 0-1.536 0.832-0.832 1.536 0l12.544 12.608q0.768 0.832 0 1.6l-12.544 12.608q-0.704 0.832-1.536 0-0.832-0.704 0-1.536z\"><\/path>\n<\/svg><span class='avia_hidden_link_text'>Posterior<\/span><\/a><\/div><div class='avia-slideshow-dots avia-slideshow-controls'><a href='#1' class='goto-slide active' >1<\/a><a href='#2' class='goto-slide ' >2<\/a><a href='#3' class='goto-slide ' >3<\/a><\/div><\/div><\/div><div class='av-flex-placeholder'><\/div><div  class='flex_column av-oxk23a-3c8ff0d816fc9c03adcf5a528574aa5d av_one_half  avia-builder-el-4  el_after_av_one_half  avia-builder-el-last  flex_column_table_cell av-equal-height-column av-align-top  column-top-margin'     ><\/div><\/div><!--close column table wrapper. Autoclose: 1 -->\n","protected":false},"excerpt":{"rendered":"","protected":false},"author":7,"featured_media":51381,"parent":51374,"menu_order":0,"comment_status":"closed","ping_status":"closed","template":"","meta":{"footnotes":""},"class_list":["post-51463","page","type-page","status-publish","has-post-thumbnail","hentry"],"_links":{"self":[{"href":"https:\/\/cerdanya.org\/es\/wp-json\/wp\/v2\/pages\/51463","targetHints":{"allow":["GET"]}}],"collection":[{"href":"https:\/\/cerdanya.org\/es\/wp-json\/wp\/v2\/pages"}],"about":[{"href":"https:\/\/cerdanya.org\/es\/wp-json\/wp\/v2\/types\/page"}],"author":[{"embeddable":true,"href":"https:\/\/cerdanya.org\/es\/wp-json\/wp\/v2\/users\/7"}],"replies":[{"embeddable":true,"href":"https:\/\/cerdanya.org\/es\/wp-json\/wp\/v2\/comments?post=51463"}],"version-history":[{"count":0,"href":"https:\/\/cerdanya.org\/es\/wp-json\/wp\/v2\/pages\/51463\/revisions"}],"up":[{"embeddable":true,"href":"https:\/\/cerdanya.org\/es\/wp-json\/wp\/v2\/pages\/51374"}],"wp:featuredmedia":[{"embeddable":true,"href":"https:\/\/cerdanya.org\/es\/wp-json\/wp\/v2\/media\/51381"}],"wp:attachment":[{"href":"https:\/\/cerdanya.org\/es\/wp-json\/wp\/v2\/media?parent=51463"}],"curies":[{"name":"wp","href":"https:\/\/api.w.org\/{rel}","templated":true}]}}