{"id":51298,"date":"2024-06-04T09:58:31","date_gmt":"2024-06-04T07:58:31","guid":{"rendered":"https:\/\/cerdanya.org\/?page_id=51298"},"modified":"2024-06-19T11:11:51","modified_gmt":"2024-06-19T09:11:51","slug":"camino-de-sant-jaume","status":"publish","type":"page","link":"https:\/\/cerdanya.org\/es\/que-hacer\/rutas\/rutas-en-bicicleta\/camino-de-sant-jaume\/","title":{"rendered":"Camino de Sant Jaume"},"content":{"rendered":"<div id='av_section_1'  class='avia-section av-5b3ra4g-b50a187652e53c8e227e914c8c0b086c main_color avia-section-default avia-no-border-styling  avia-builder-el-0  el_before_av_section  avia-builder-el-first  avia-bg-style-scroll container_wrap fullsize'  ><div class='container av-section-cont-open' ><main  role=\"main\" itemprop=\"mainContentOfPage\"  class='template-page content  av-content-full alpha units'><div class='post-entry post-entry-type-page post-entry-51298'><div class='entry-content-wrapper clearfix'>\n\n<style type=\"text\/css\" data-created_by=\"avia_inline_auto\" id=\"style-css-av-4pxi0bk-20dd261190e887b8eddaeef82a5635ca\">\n.flex_column.av-4pxi0bk-20dd261190e887b8eddaeef82a5635ca{\nborder-radius:0px 0px 0px 0px;\npadding:0px 0px 0px 0px;\n}\n<\/style>\n<div  class='flex_column av-4pxi0bk-20dd261190e887b8eddaeef82a5635ca av_one_full  avia-builder-el-1  el_before_av_one_full  avia-builder-el-first  first flex_column_div av-zero-column-padding  '     ><section  class='av_textblock_section av-4dgpgio-996cbe66c006f501f54340286800081b '   itemscope=\"itemscope\" itemtype=\"https:\/\/schema.org\/CreativeWork\" ><div class='avia_textblock'  itemprop=\"text\" ><blockquote>\n<p>El Camino de Santiago te permite atravesar f\u00e1cilmente el valle desde Ll\u00edvia hasta Martinet y seguir por la comarca vecina del Alt Urgell. Esta ruta f\u00e1cil y en ligero descenso, es apta para todos los p\u00fablicos y nos permite enlazar los diversos puntos de salida de las rutas de BTT.<\/p>\n<\/blockquote>\n<\/div><\/section><\/div>\n<style type=\"text\/css\" data-created_by=\"avia_inline_auto\" id=\"style-css-av-3tne0n4-2682f08edacbd9142f272d345b1c8dc0\">\n.flex_column.av-3tne0n4-2682f08edacbd9142f272d345b1c8dc0{\nborder-radius:0px 0px 0px 0px;\npadding:0px 0px 0px 0px;\n}\n<\/style>\n<div  class='flex_column av-3tne0n4-2682f08edacbd9142f272d345b1c8dc0 av_one_full  avia-builder-el-3  el_after_av_one_full  avia-builder-el-last  first flex_column_div av-zero-column-padding  column-top-margin'     ><section  class='av_textblock_section av-3kjggn4-4ec5b96175370a771cce41c70965fdbd '   itemscope=\"itemscope\" itemtype=\"https:\/\/schema.org\/CreativeWork\" ><div class='avia_textblock'  itemprop=\"text\" ><p>El descubrimiento de los restos del ap\u00f3stol Santiago en Compostela a principios del siglo IX, encendi\u00f3 un fervor religioso sin precedentes en todo el mundo conocido hasta entonces. De todo el viejo continente, los devotos peregrinaron en direcci\u00f3n a Santiago de Compostela para purificarse y adorar las reliquias del santo m\u00e1rtir. Despu\u00e9s de altibajos, en el siglo XX, el camino toma una gran importancia, a\u00f1adi\u00e9ndose al aspecto religioso de la ruta otros como el cultural y el deportivo. Las rutas que llevaban y llevan a Compostela convergen en dos caminos principales: el aragon\u00e9s y el navarro, este \u00faltimo entra desde Francia por Roncesvalles y llega hasta Puente de la Reina, donde se une con la ruta aragonesa de viene de Somport pasando por Jaca.<\/p>\n<p>En estas v\u00edas principales confluyen multitud de v\u00edas secundarias, una de ellas, y como variante de entrada a la Pen\u00ednsula, recog\u00eda a la gente procedente de la Europa meridional que entrando por los collados de la Perxa y Pimorent, confluye en Sant Jaume de Rigolisa (Puigcerd\u00e0), cruza la Cerdanya por la orilla del r\u00edo Segre y contin\u00faa, atravesando los Pirineos, en direcci\u00f3n a Jaca donde enlaza con una de las v\u00edas principales.<\/p>\n<p>Paseando por este camino de or\u00edgenes prehist\u00f3ricos, a pie, en bicicleta oa caballo, nos adentraremos en la esencia de una comarca que, de forma silenciosa, ha jugado un papel muy importante en el devenir hist\u00f3rico de un pa\u00eds y conoceremos y disfrutaremos de uno de los valles m\u00e1s bonitos de Europa.<\/p>\n<\/div><\/section><\/div>\n\n<\/div><\/div><\/main><!-- close content main element --><\/div><\/div><div id='av_section_2'  class='avia-section av-32n30m8-c0172dad5814557e0a30d730f1590a07 main_color avia-section-default avia-no-border-styling  avia-builder-el-5  el_after_av_section  avia-builder-el-last  avia-bg-style-scroll container_wrap fullsize'  ><div class='container av-section-cont-open' ><div class='template-page content  av-content-full alpha units'><div class='post-entry post-entry-type-page post-entry-51298'><div class='entry-content-wrapper clearfix'>\n\n<style type=\"text\/css\" data-created_by=\"avia_inline_auto\" id=\"style-css-av-2i06bz4-645de8fd2b9be8b99c24a086cbb4c27b\">\n.flex_column.av-2i06bz4-645de8fd2b9be8b99c24a086cbb4c27b{\nborder-radius:0px 0px 0px 0px;\npadding:0px 0px 0px 0px;\n}\n<\/style>\n<div  class='flex_column av-2i06bz4-645de8fd2b9be8b99c24a086cbb4c27b av_one_full  avia-builder-el-6  el_before_av_one_half  avia-builder-el-first  first flex_column_div av-zero-column-padding  '     ><style type=\"text\/css\" data-created_by=\"avia_inline_auto\" id=\"style-css-av-1w57kkg-fc47f14b3a375cf49b0d3c030b8a7fda\">\n#top .av-special-heading.av-1w57kkg-fc47f14b3a375cf49b0d3c030b8a7fda{\npadding-bottom:10px;\n}\nbody .av-special-heading.av-1w57kkg-fc47f14b3a375cf49b0d3c030b8a7fda .av-special-heading-tag .heading-char{\nfont-size:25px;\n}\n.av-special-heading.av-1w57kkg-fc47f14b3a375cf49b0d3c030b8a7fda .av-subheading{\nfont-size:15px;\n}\n<\/style>\n<div  class='av-special-heading av-1w57kkg-fc47f14b3a375cf49b0d3c030b8a7fda av-special-heading-h2 blockquote modern-quote  avia-builder-el-7  avia-builder-el-no-sibling  av-linked-heading'><h2 class='av-special-heading-tag '  itemprop=\"headline\"  >Mapa y track GPS<\/h2><div class=\"special-heading-border\"><div class=\"special-heading-inner-border\"><\/div><\/div><\/div><\/div>\n<style type=\"text\/css\" data-created_by=\"avia_inline_auto\" id=\"style-css-av-6kzmcg-52ee6baa62a5aa50002f760e7c0e1199\">\n.flex_column.av-6kzmcg-52ee6baa62a5aa50002f760e7c0e1199{\nborder-radius:0px 0px 0px 0px;\npadding:0px 0px 0px 0px;\n}\n<\/style>\n<div  class='flex_column av-6kzmcg-52ee6baa62a5aa50002f760e7c0e1199 av_one_half  avia-builder-el-8  el_after_av_one_full  el_before_av_one_half  first flex_column_div av-zero-column-padding  column-top-margin'     ><\/div>\n<style type=\"text\/css\" data-created_by=\"avia_inline_auto\" id=\"style-css-av-1yn3xc-d7316ad04b8166bceaf45457431ed21d\">\n.flex_column.av-1yn3xc-d7316ad04b8166bceaf45457431ed21d{\nborder-radius:0px 0px 0px 0px;\npadding:0px 0px 0px 0px;\n}\n<\/style>\n<div  class='flex_column av-1yn3xc-d7316ad04b8166bceaf45457431ed21d av_one_half  avia-builder-el-10  el_after_av_one_half  avia-builder-el-last  flex_column_div av-zero-column-padding  column-top-margin'     ><\/div>\n","protected":false},"excerpt":{"rendered":"","protected":false},"author":7,"featured_media":51006,"parent":50975,"menu_order":15,"comment_status":"closed","ping_status":"closed","template":"","meta":{"footnotes":""},"class_list":["post-51298","page","type-page","status-publish","has-post-thumbnail","hentry"],"_links":{"self":[{"href":"https:\/\/cerdanya.org\/es\/wp-json\/wp\/v2\/pages\/51298","targetHints":{"allow":["GET"]}}],"collection":[{"href":"https:\/\/cerdanya.org\/es\/wp-json\/wp\/v2\/pages"}],"about":[{"href":"https:\/\/cerdanya.org\/es\/wp-json\/wp\/v2\/types\/page"}],"author":[{"embeddable":true,"href":"https:\/\/cerdanya.org\/es\/wp-json\/wp\/v2\/users\/7"}],"replies":[{"embeddable":true,"href":"https:\/\/cerdanya.org\/es\/wp-json\/wp\/v2\/comments?post=51298"}],"version-history":[{"count":0,"href":"https:\/\/cerdanya.org\/es\/wp-json\/wp\/v2\/pages\/51298\/revisions"}],"up":[{"embeddable":true,"href":"https:\/\/cerdanya.org\/es\/wp-json\/wp\/v2\/pages\/50975"}],"wp:featuredmedia":[{"embeddable":true,"href":"https:\/\/cerdanya.org\/es\/wp-json\/wp\/v2\/media\/51006"}],"wp:attachment":[{"href":"https:\/\/cerdanya.org\/es\/wp-json\/wp\/v2\/media?parent=51298"}],"curies":[{"name":"wp","href":"https:\/\/api.w.org\/{rel}","templated":true}]}}