{"id":50939,"date":"2024-05-29T10:55:32","date_gmt":"2024-05-29T08:55:32","guid":{"rendered":"https:\/\/cerdanya.org\/?page_id=50939"},"modified":"2024-06-04T12:48:40","modified_gmt":"2024-06-04T10:48:40","slug":"gravel","status":"publish","type":"page","link":"https:\/\/cerdanya.org\/es\/que-hacer\/rutas\/rutas-en-bicicleta\/gravel\/","title":{"rendered":"Gravel"},"content":{"rendered":"<section  class='av_textblock_section av-lwq88yh5-2fb44e71f67c7f9c2dc356382f548f89 '   itemscope=\"itemscope\" itemtype=\"https:\/\/schema.org\/CreativeWork\" ><div class='avia_textblock'  itemprop=\"text\" ><h2>\u00a1Bienvenidos al para\u00edso del gravel!<\/h2>\n<blockquote>\n<p>Nuestra comarca ofrece rutas espectaculares para los aventureros que buscan explorar terrenos variados y paisajes impresionantes. Con una variedad de caminos sinuosos que te llevan a trav\u00e9s de bosques frondosos, valles serenos y cimas imponentes, cada recorrido es una oportunidad para conectar con la naturaleza y desafiar los l\u00edmites. Ya sea que busques un tranquilo paseo por el campo o un reto m\u00e1s exigente, la Cerda\u00f1a tiene el itinerario perfecto para ti.<\/p>\n<\/blockquote>\n<\/div><\/section>\n<div  class='flex_column av-3u179lk-8b763e8762cd71c68600c5378a3cfe0e av_one_full  avia-builder-el-1  el_after_av_textblock  el_before_av_hr  first flex_column_div  column-top-margin'     ><section  class='av_textblock_section av-3kh4v3s-e8e07a7c7451bf89fce951c25d81a6bf '   itemscope=\"itemscope\" itemtype=\"https:\/\/schema.org\/CreativeWork\" ><div class='avia_textblock'  itemprop=\"text\" ><p>La Cerdanya es un para\u00edso para la pr\u00e1ctica del gravel. Con pistas muy bien arregladas que suben monta\u00f1a arriba y que te permitir\u00e1n disfrutar al m\u00e1ximo de la Cerdanya y la bicicleta.<\/p>\n<\/div><\/section><\/div>\n\n<style type=\"text\/css\" data-created_by=\"avia_inline_auto\" id=\"style-css-av-2zqu0bc-250acc958e0473623003809bd05ac2b0\">\n#top .hr.hr-invisible.av-2zqu0bc-250acc958e0473623003809bd05ac2b0{\nheight:20px;\n}\n<\/style>\n<div  class='hr av-2zqu0bc-250acc958e0473623003809bd05ac2b0 hr-invisible  avia-builder-el-3  el_after_av_one_full  el_before_av_textblock '><span class='hr-inner '><span class=\"hr-inner-style\"><\/span><\/span><\/div>\n<section  class='av_textblock_section av-lx0a19iv-55b9d89ac6e970a6064e1306cadfc2af '   itemscope=\"itemscope\" itemtype=\"https:\/\/schema.org\/CreativeWork\" ><div class='avia_textblock'  itemprop=\"text\" >  \n\n\n  <div class=\"loop-editor\">\n  <div id=\"wpv-view-layout-3105-CATTR9b11cbb250c59a65c23bc236f20f139a\" class=\"js-wpv-view-layout js-wpv-layout-responsive js-wpv-view-layout-3105-CATTR9b11cbb250c59a65c23bc236f20f139a\" data-viewnumber=\"3105-CATTR9b11cbb250c59a65c23bc236f20f139a\" data-pagination=\"{&quot;id&quot;:3105,&quot;query&quot;:&quot;normal&quot;,&quot;type&quot;:&quot;disabled&quot;,&quot;effect&quot;:&quot;fade&quot;,&quot;duration&quot;:500,&quot;speed&quot;:5,&quot;pause_on_hover&quot;:&quot;disabled&quot;,&quot;stop_rollover&quot;:&quot;false&quot;,&quot;cache_pages&quot;:&quot;enabled&quot;,&quot;preload_images&quot;:&quot;enabled&quot;,&quot;preload_pages&quot;:&quot;enabled&quot;,&quot;preload_reach&quot;:1,&quot;spinner&quot;:&quot;builtin&quot;,&quot;spinner_image&quot;:&quot;https:\/\/www.cerdanya.org\/wp-content\/plugins\/wp-views\/embedded\/res\/img\/ajax-loader.gif&quot;,&quot;callback_next&quot;:&quot;&quot;,&quot;manage_history&quot;:&quot;enabled&quot;,&quot;has_controls_in_form&quot;:&quot;disabled&quot;,&quot;infinite_tolerance&quot;:&quot;0&quot;,&quot;max_pages&quot;:0,&quot;page&quot;:1,&quot;base_permalink&quot;:&quot;\/es\/wp-json\/wp\/v2\/pages\/50939?wpv_view_count=3105-CATTR9b11cbb250c59a65c23bc236f20f139a&amp;wpv_paged=WPV_PAGE_NUM&quot;,&quot;loop&quot;:{&quot;type&quot;:&quot;&quot;,&quot;name&quot;:&quot;&quot;,&quot;data&quot;:[],&quot;id&quot;:0}}\" data-permalink=\"\/es\/wp-json\/wp\/v2\/pages\/50939?wpv_view_count=3105-CATTR9b11cbb250c59a65c23bc236f20f139a\">\n\n\t\n\t\n\t\n\n\t\t\n\t\t\t<div  class='flex_column av-av_one_fourth-2a9015ff38129c418a3f2eafba3e9512 av_one_fourth first flex_column_div  '     ><p><div class=\"loop-item\">\n  \n      \n<style type=\"text\/css\" data-created_by=\"avia_inline_auto\" id=\"style-css-av-av_image-b89f89fa6eaf8152463587b65886992c\">\n.avia-image-container.av-av_image-b89f89fa6eaf8152463587b65886992c img.avia_image{\nbox-shadow:none;\n}\n.avia-image-container.av-av_image-b89f89fa6eaf8152463587b65886992c .av-caption-image-overlay-bg{\nopacity:0.4;\nbackground-color:#000000;\n}\n.avia-image-container.av-av_image-b89f89fa6eaf8152463587b65886992c .av-image-caption-overlay-center{\ncolor:#ffffff;\nfont-size:22px;\n}\n<\/style>\n<div  class='avia-image-container av-av_image-b89f89fa6eaf8152463587b65886992c av-styling- av-hover-grow av-hide-overflow av-img-linked avia-align-center noHover av-overlay-hover-deactivate'   itemprop=\"image\" itemscope=\"itemscope\" itemtype=\"https:\/\/schema.org\/ImageObject\" ><div class=\"avia-image-container-inner\"><div class=\"avia-image-overlay-wrap\"><a href=\"https:\/\/cerdanya.org\/es\/ruta\/gravel-ingla-riu\/\" class='avia_image '  target=\"_blank\"  rel=\"noopener noreferrer\" ><div class=\"av-image-caption-overlay\"><div class=\"av-caption-image-overlay-bg\"><\/div><div class=\"av-image-caption-overlay-position\"><div class=\"av-image-caption-overlay-center\"><h2>Gravel Ingla Riu<\/h2>\n<h3><\/h3>\n<\/div><\/div><\/div><img decoding=\"async\" fetchpriority=\"high\" class='wp-image- avia-img-lazy-loading-not- avia_image ' src=\"https:\/\/cerdanya.org\/wp-content\/uploads\/2024\/05\/gravel-ingla-495x400.png\" alt='' title=''   itemprop=\"thumbnailUrl\"  \/><\/a><\/div><\/div><\/div>\n  \n\n  \n<\/div><\/p><\/div>\n\t\t\n\n\t\t\n\t\t\t<div  class='flex_column av-av_one_fourth-bb0c93372dbfdfd42698443400a42550 av_one_fourth flex_column_div  '     ><p><div class=\"loop-item\">\n  \n      \n<style type=\"text\/css\" data-created_by=\"avia_inline_auto\" id=\"style-css-av-av_image-ad840bed6702f19755e8a0c76ae14474\">\n.avia-image-container.av-av_image-ad840bed6702f19755e8a0c76ae14474 img.avia_image{\nbox-shadow:none;\n}\n.avia-image-container.av-av_image-ad840bed6702f19755e8a0c76ae14474 .av-caption-image-overlay-bg{\nopacity:0.4;\nbackground-color:#000000;\n}\n.avia-image-container.av-av_image-ad840bed6702f19755e8a0c76ae14474 .av-image-caption-overlay-center{\ncolor:#ffffff;\nfont-size:22px;\n}\n<\/style>\n<div  class='avia-image-container av-av_image-ad840bed6702f19755e8a0c76ae14474 av-styling- av-hover-grow av-hide-overflow av-img-linked avia-align-center noHover av-overlay-hover-deactivate'   itemprop=\"image\" itemscope=\"itemscope\" itemtype=\"https:\/\/schema.org\/ImageObject\" ><div class=\"avia-image-container-inner\"><div class=\"avia-image-overlay-wrap\"><a href=\"https:\/\/cerdanya.org\/es\/ruta\/gravel-vall-de-ridolaina\/\" class='avia_image '  target=\"_blank\"  rel=\"noopener noreferrer\" ><div class=\"av-image-caption-overlay\"><div class=\"av-caption-image-overlay-bg\"><\/div><div class=\"av-image-caption-overlay-position\"><div class=\"av-image-caption-overlay-center\"><h2>Gravel Vall de Ridolaina<\/h2>\n<h3><\/h3>\n<\/div><\/div><\/div><img decoding=\"async\" fetchpriority=\"high\" class='wp-image- avia-img-lazy-loading-not- avia_image ' src=\"https:\/\/cerdanya.org\/wp-content\/uploads\/2024\/05\/gravel-ridolaina-495x400.png\" alt='' title=''   itemprop=\"thumbnailUrl\"  \/><\/a><\/div><\/div><\/div>\n  \n\n  \n<\/div><\/p><\/div>\n\t\t\n\n\t\t\n\t\t\t<div  class='flex_column av-av_one_fourth-bb0c93372dbfdfd42698443400a42550 av_one_fourth flex_column_div  '     ><p><div class=\"loop-item\">\n  \n      \n<style type=\"text\/css\" data-created_by=\"avia_inline_auto\" id=\"style-css-av-av_image-c9f79640ce53e65990dd30109836cf78\">\n.avia-image-container.av-av_image-c9f79640ce53e65990dd30109836cf78 img.avia_image{\nbox-shadow:none;\n}\n.avia-image-container.av-av_image-c9f79640ce53e65990dd30109836cf78 .av-caption-image-overlay-bg{\nopacity:0.4;\nbackground-color:#000000;\n}\n.avia-image-container.av-av_image-c9f79640ce53e65990dd30109836cf78 .av-image-caption-overlay-center{\ncolor:#ffffff;\nfont-size:22px;\n}\n<\/style>\n<div  class='avia-image-container av-av_image-c9f79640ce53e65990dd30109836cf78 av-styling- av-hover-grow av-hide-overflow av-img-linked avia-align-center noHover av-overlay-hover-deactivate'   itemprop=\"image\" itemscope=\"itemscope\" itemtype=\"https:\/\/schema.org\/ImageObject\" ><div class=\"avia-image-container-inner\"><div class=\"avia-image-overlay-wrap\"><a href=\"https:\/\/cerdanya.org\/es\/ruta\/49132\/\" class='avia_image '  target=\"_blank\"  rel=\"noopener noreferrer\" ><div class=\"av-image-caption-overlay\"><div class=\"av-caption-image-overlay-bg\"><\/div><div class=\"av-image-caption-overlay-position\"><div class=\"av-image-caption-overlay-center\"><h2>Muntanya de Lles<\/h2>\n<h3><\/h3>\n<\/div><\/div><\/div><img decoding=\"async\" fetchpriority=\"high\" class='wp-image- avia-img-lazy-loading-not- avia_image ' src=\"https:\/\/cerdanya.org\/wp-content\/uploads\/2024\/01\/gravel.png\" alt='' title=''   itemprop=\"thumbnailUrl\"  \/><\/a><\/div><\/div><\/div>\n  \n\n  \n<\/div><\/p><\/div>\n\t\t\n\n\t\t\n\t\t\t<div  class='flex_column av-av_one_fourth-bb0c93372dbfdfd42698443400a42550 av_one_fourth flex_column_div  '     ><p><div class=\"loop-item\">\n  \n      \n<style type=\"text\/css\" data-created_by=\"avia_inline_auto\" id=\"style-css-av-av_image-848f91a7121cb334fa949096e9976001\">\n.avia-image-container.av-av_image-848f91a7121cb334fa949096e9976001 img.avia_image{\nbox-shadow:none;\n}\n.avia-image-container.av-av_image-848f91a7121cb334fa949096e9976001 .av-caption-image-overlay-bg{\nopacity:0.4;\nbackground-color:#000000;\n}\n.avia-image-container.av-av_image-848f91a7121cb334fa949096e9976001 .av-image-caption-overlay-center{\ncolor:#ffffff;\nfont-size:22px;\n}\n<\/style>\n<div  class='avia-image-container av-av_image-848f91a7121cb334fa949096e9976001 av-styling- av-hover-grow av-hide-overflow av-img-linked avia-align-center noHover av-overlay-hover-deactivate'   itemprop=\"image\" itemscope=\"itemscope\" itemtype=\"https:\/\/schema.org\/ImageObject\" ><div class=\"avia-image-container-inner\"><div class=\"avia-image-overlay-wrap\"><a href=\"https:\/\/cerdanya.org\/es\/ruta\/volta-per-la-solana-amb-la-gravel\/\" class='avia_image '  target=\"_blank\"  rel=\"noopener noreferrer\" ><div class=\"av-image-caption-overlay\"><div class=\"av-caption-image-overlay-bg\"><\/div><div class=\"av-image-caption-overlay-position\"><div class=\"av-image-caption-overlay-center\"><h2>Vuelta por la Solana con la gravel<\/h2>\n<h3><\/h3>\n<\/div><\/div><\/div><img decoding=\"async\" fetchpriority=\"high\" class='wp-image- avia-img-lazy-loading-not- avia_image ' src=\"https:\/\/cerdanya.org\/wp-content\/uploads\/2023\/06\/gravel-495x400.png\" alt='' title=''   itemprop=\"thumbnailUrl\"  \/><\/a><\/div><\/div><\/div>\n  \n\n  \n<\/div><\/p><\/div>\n\n\t\t\n\t\n\t\n\t\n\n\n\t\n\n\n<\/div> \n<\/div>\n\n<\/div><\/section>\n","protected":false},"excerpt":{"rendered":"","protected":false},"author":7,"featured_media":50947,"parent":50975,"menu_order":10,"comment_status":"closed","ping_status":"closed","template":"","meta":{"footnotes":""},"class_list":["post-50939","page","type-page","status-publish","has-post-thumbnail","hentry"],"_links":{"self":[{"href":"https:\/\/cerdanya.org\/es\/wp-json\/wp\/v2\/pages\/50939","targetHints":{"allow":["GET"]}}],"collection":[{"href":"https:\/\/cerdanya.org\/es\/wp-json\/wp\/v2\/pages"}],"about":[{"href":"https:\/\/cerdanya.org\/es\/wp-json\/wp\/v2\/types\/page"}],"author":[{"embeddable":true,"href":"https:\/\/cerdanya.org\/es\/wp-json\/wp\/v2\/users\/7"}],"replies":[{"embeddable":true,"href":"https:\/\/cerdanya.org\/es\/wp-json\/wp\/v2\/comments?post=50939"}],"version-history":[{"count":0,"href":"https:\/\/cerdanya.org\/es\/wp-json\/wp\/v2\/pages\/50939\/revisions"}],"up":[{"embeddable":true,"href":"https:\/\/cerdanya.org\/es\/wp-json\/wp\/v2\/pages\/50975"}],"wp:featuredmedia":[{"embeddable":true,"href":"https:\/\/cerdanya.org\/es\/wp-json\/wp\/v2\/media\/50947"}],"wp:attachment":[{"href":"https:\/\/cerdanya.org\/es\/wp-json\/wp\/v2\/media?parent=50939"}],"curies":[{"name":"wp","href":"https:\/\/api.w.org\/{rel}","templated":true}]}}