{"id":50738,"date":"2024-05-16T10:35:19","date_gmt":"2024-05-16T08:35:19","guid":{"rendered":"https:\/\/cerdanya.org\/que-hacer\/enoturismo\/llivins\/"},"modified":"2024-05-16T11:52:10","modified_gmt":"2024-05-16T09:52:10","slug":"llivins","status":"publish","type":"page","link":"https:\/\/cerdanya.org\/es\/que-hacer\/enoturismo\/llivins\/","title":{"rendered":"Llivins"},"content":{"rendered":"<div  class='flex_column av-owjlsz-80a3f6830e530744baa936deab94d8a3 av_one_full  avia-builder-el-0  el_before_av_one_half  avia-builder-el-first  first flex_column_div  '     ><style type=\"text\/css\" data-created_by=\"avia_inline_auto\" id=\"style-css-av-lw906hm8-b732a637ee47ceaad2034f2f4dd0f7b8\">\n#top .av-special-heading.av-lw906hm8-b732a637ee47ceaad2034f2f4dd0f7b8{\npadding-bottom:10px;\n}\nbody .av-special-heading.av-lw906hm8-b732a637ee47ceaad2034f2f4dd0f7b8 .av-special-heading-tag .heading-char{\nfont-size:25px;\n}\n.av-special-heading.av-lw906hm8-b732a637ee47ceaad2034f2f4dd0f7b8 .av-subheading{\nfont-size:15px;\n}\n<\/style>\n<div  class='av-special-heading av-lw906hm8-b732a637ee47ceaad2034f2f4dd0f7b8 av-special-heading-h1 blockquote modern-quote  avia-builder-el-1  avia-builder-el-no-sibling '><h1 class='av-special-heading-tag '  itemprop=\"headline\"  >Llivins<\/h1><div class=\"special-heading-border\"><div class=\"special-heading-inner-border\"><\/div><\/div><\/div><\/div>\n<div  class='flex_column av-31ybdcz-acc40c7892ccaf9abc13a8be27b37046 av_one_half  avia-builder-el-2  el_after_av_one_full  el_before_av_one_half  first flex_column_div  column-top-margin'     ><p><section  class='av_textblock_section av-lw8zv68p-345384b5a531c791a113d6ee5fa3c5f4 '   itemscope=\"itemscope\" itemtype=\"https:\/\/schema.org\/CreativeWork\" ><div class='avia_textblock'  itemprop=\"text\" ><p>Dos pasiones: monta\u00f1a y enolog\u00eda se funden en este singular proyecto de viticultura de altura, buscando la m\u00e1xima expresi\u00f3n de nuestro territorio pirenaico.<\/p>\n<p>A 1.225 metros sobre el nivel del mar, nuestra Vi\u00f1a desaf\u00eda constantemente los l\u00edmites de la viticultura, recuperando as\u00ed un arte agr\u00edcola tradicional de la Cerdanya, llevando el olor de la vendimia por primera vez a Ll\u00edvia.<\/p>\n<\/div><\/section><br \/>\n\n<style type=\"text\/css\" data-created_by=\"avia_inline_auto\" id=\"style-css-av-lw8zxrl4-51186f421753ad66d6d8c3b33cbebb12\">\n#top .hr.hr-invisible.av-lw8zxrl4-51186f421753ad66d6d8c3b33cbebb12{\nheight:20px;\n}\n<\/style>\n<div  class='hr av-lw8zxrl4-51186f421753ad66d6d8c3b33cbebb12 hr-invisible  avia-builder-el-4  el_after_av_textblock  el_before_av_textblock '><span class='hr-inner '><span class=\"hr-inner-style\"><\/span><\/span><\/div><br \/>\n<section  class='av_textblock_section av-lw8zzuxd-de228cbdd29d301659bc2c9fcd2373ae '   itemscope=\"itemscope\" itemtype=\"https:\/\/schema.org\/CreativeWork\" ><div class='avia_textblock'  itemprop=\"text\" ><p><strong>Visitas:<\/strong><\/p>\n<p>Es necesario contactar para concertar la visita.<\/p>\n<\/div><\/section><br \/>\n\n<style type=\"text\/css\" data-created_by=\"avia_inline_auto\" id=\"style-css-av-sv72cj-ee263328109dbd9f460c357c5450948f\">\n#top .hr.hr-invisible.av-sv72cj-ee263328109dbd9f460c357c5450948f{\nheight:20px;\n}\n<\/style>\n<div  class='hr av-sv72cj-ee263328109dbd9f460c357c5450948f hr-invisible  avia-builder-el-6  el_after_av_textblock  el_before_av_textblock '><span class='hr-inner '><span class=\"hr-inner-style\"><\/span><\/span><\/div><br \/>\n<section  class='av_textblock_section av-lw8zq0y4-43865716b20e0a1c1b84586302febe4e '   itemscope=\"itemscope\" itemtype=\"https:\/\/schema.org\/CreativeWork\" ><div class='avia_textblock'  itemprop=\"text\" ><p><strong>Direcci\u00f3n:<\/strong> Cam\u00ed, Carrer d&#8217;En Calvera, s\/n<\/p>\n<p><strong>Poblaci\u00f3n:<\/strong> Ll\u00edvia<\/p>\n<p><strong>Tel\u00e9fono:<\/strong> <a href=\"tel:696812762\u2033\">696 812 762<\/a><\/p>\n<p><strong>Web:<\/strong> <a href=\"https:\/\/intercerdanya.com\/enoturisme\/\" target=\"_blank\" rel=\"noopener\">intercerdanya.com\/enoturisme\/<\/a><\/p>\n<p><strong>Correo electr\u00f3nico:<\/strong> <a href=\"mailto:info@llivins.cat\">info@llivins.cat<\/a><\/p>\n<\/div><\/section><\/p><\/div><div  class='flex_column av-2j4jiar-29e3ea97272a90e3db9881560f75ff87 av_one_half  avia-builder-el-8  el_after_av_one_half  el_before_av_one_full  flex_column_div  column-top-margin'     ><style type=\"text\/css\" data-created_by=\"avia_inline_auto\" id=\"style-css-av-mnznnn-844f46ccce3e1b7d9b85e7c1dbb7d040\">\n#top .avia-gallery.av-mnznnn-844f46ccce3e1b7d9b85e7c1dbb7d040 .avia-gallery-thumb a{\nwidth:20%;\n}\n<\/style>\n<div  class='avia-gallery av-mnznnn-844f46ccce3e1b7d9b85e7c1dbb7d040 avia_animate_when_visible  avia-builder-el-9  avia-builder-el-no-sibling  avia_lazyload av-slideshow-ui av-loop-manual-endless av-control-hidden av-navigate-arrows hover-effect av-control-hidden avia-gallery-animate avia-gallery-1'  itemprop=\"image\" itemscope=\"itemscope\" itemtype=\"https:\/\/schema.org\/ImageObject\" ><meta itemprop=\"contentURL\" content=\"https:\/\/cerdanya.org\/es\/que-hacer\/enoturismo\/llivins\/\"><div class='avia-gallery-big-wrapper'><a class='avia-gallery-big fakeLightbox lightbox avia-gallery-big-crop-thumb ' href=\"https:\/\/cerdanya.org\/wp-content\/uploads\/2024\/05\/Llivins_2.jpeg\" data-srcset=\"https:\/\/cerdanya.org\/wp-content\/uploads\/2024\/05\/Llivins_2.jpeg 567w, https:\/\/cerdanya.org\/wp-content\/uploads\/2024\/05\/Llivins_2-262x300.jpeg 262w\" data-sizes=\"(max-width: 567px) 100vw, 567px\"  data-onclick='1' title='Llivins' ><span class='avia-gallery-big-inner'  itemprop=\"thumbnailUrl\" ><img decoding=\"async\" fetchpriority=\"high\" class=\"wp-image-50688 avia-img-lazy-loading-not-50688\"  width=\"495\" height=\"400\" src=\"https:\/\/cerdanya.org\/wp-content\/uploads\/2024\/05\/Llivins_2-495x400.jpeg\" title='Llivins_2' alt='Llivins' \/><span class='avia-gallery-caption'>Llivins<\/span><\/span><\/a><\/div><div class='avia-gallery-thumb'><a href=\"https:\/\/cerdanya.org\/wp-content\/uploads\/2024\/05\/Llivins_2.jpeg\" data-srcset=\"https:\/\/cerdanya.org\/wp-content\/uploads\/2024\/05\/Llivins_2.jpeg 567w, https:\/\/cerdanya.org\/wp-content\/uploads\/2024\/05\/Llivins_2-262x300.jpeg 262w\" data-sizes=\"(max-width: 567px) 100vw, 567px\" data-rel='gallery-1' data-prev-img='https:\/\/cerdanya.org\/wp-content\/uploads\/2024\/05\/Llivins_2-495x400.jpeg' class='first_thumb lightbox ' data-onclick='1' title='Llivins'  itemprop=\"thumbnailUrl\"  ><img decoding=\"async\" fetchpriority=\"high\" class=\"wp-image-50688 avia-img-lazy-loading-not-50688\"  data-avia-tooltip='Llivins' src=\"https:\/\/cerdanya.org\/wp-content\/uploads\/2024\/05\/Llivins_2-495x400.jpeg\" width=\"495\" height=\"400\"  title='Llivins_2' alt='Llivins' \/><div class='big-prev-fake'><img decoding=\"async\" loading=\"lazy\" class=\"wp-image-50688 avia-img-lazy-loading-50688\"  width=\"495\" height=\"400\" src=\"https:\/\/cerdanya.org\/wp-content\/uploads\/2024\/05\/Llivins_2-495x400.jpeg\" title='Llivins_2' alt='Llivins' \/><\/div><\/a><a href=\"https:\/\/cerdanya.org\/wp-content\/uploads\/2024\/05\/Llivins_3-843x1030.jpeg\" data-srcset=\"https:\/\/cerdanya.org\/wp-content\/uploads\/2024\/05\/Llivins_3-843x1030.jpeg 843w, https:\/\/cerdanya.org\/wp-content\/uploads\/2024\/05\/Llivins_3-246x300.jpeg 246w, https:\/\/cerdanya.org\/wp-content\/uploads\/2024\/05\/Llivins_3-768x938.jpeg 768w, https:\/\/cerdanya.org\/wp-content\/uploads\/2024\/05\/Llivins_3-577x705.jpeg 577w, https:\/\/cerdanya.org\/wp-content\/uploads\/2024\/05\/Llivins_3.jpeg 1169w\" data-sizes=\"(max-width: 843px) 100vw, 843px\" data-rel='gallery-1' data-prev-img='https:\/\/cerdanya.org\/wp-content\/uploads\/2024\/05\/Llivins_3-495x400.jpeg' class='lightbox ' data-onclick='2' title='Llivins'  itemprop=\"thumbnailUrl\"  ><img decoding=\"async\" fetchpriority=\"high\" class=\"wp-image-50692 avia-img-lazy-loading-not-50692\"  data-avia-tooltip='Llivins' src=\"https:\/\/cerdanya.org\/wp-content\/uploads\/2024\/05\/Llivins_3-495x400.jpeg\" width=\"495\" height=\"400\"  title='Llivins_3' alt='Llivins' srcset=\"https:\/\/cerdanya.org\/wp-content\/uploads\/2024\/05\/Llivins_3-495x400.jpeg 495w, https:\/\/cerdanya.org\/wp-content\/uploads\/2024\/05\/Llivins_3-845x684.jpeg 845w\" sizes=\"(max-width: 495px) 100vw, 495px\" \/><div class='big-prev-fake'><img decoding=\"async\" loading=\"lazy\" class=\"wp-image-50692 avia-img-lazy-loading-50692\"  width=\"495\" height=\"400\" src=\"https:\/\/cerdanya.org\/wp-content\/uploads\/2024\/05\/Llivins_3-495x400.jpeg\" title='Llivins_3' alt='Llivins' srcset=\"https:\/\/cerdanya.org\/wp-content\/uploads\/2024\/05\/Llivins_3-495x400.jpeg 495w, https:\/\/cerdanya.org\/wp-content\/uploads\/2024\/05\/Llivins_3-845x684.jpeg 845w\" sizes=\"auto, (max-width: 495px) 100vw, 495px\" \/><\/div><\/a><a href=\"https:\/\/cerdanya.org\/wp-content\/uploads\/2024\/05\/Llivins_4-976x1030.jpeg\" data-srcset=\"https:\/\/cerdanya.org\/wp-content\/uploads\/2024\/05\/Llivins_4-976x1030.jpeg 976w, https:\/\/cerdanya.org\/wp-content\/uploads\/2024\/05\/Llivins_4-284x300.jpeg 284w, https:\/\/cerdanya.org\/wp-content\/uploads\/2024\/05\/Llivins_4-768x811.jpeg 768w, https:\/\/cerdanya.org\/wp-content\/uploads\/2024\/05\/Llivins_4-668x705.jpeg 668w, https:\/\/cerdanya.org\/wp-content\/uploads\/2024\/05\/Llivins_4.jpeg 1169w\" data-sizes=\"(max-width: 976px) 100vw, 976px\" data-rel='gallery-1' data-prev-img='https:\/\/cerdanya.org\/wp-content\/uploads\/2024\/05\/Llivins_4-495x400.jpeg' class='lightbox ' data-onclick='3' title='Llivins'  itemprop=\"thumbnailUrl\"  ><img decoding=\"async\" fetchpriority=\"high\" class=\"wp-image-50696 avia-img-lazy-loading-not-50696\"  data-avia-tooltip='Llivins' src=\"https:\/\/cerdanya.org\/wp-content\/uploads\/2024\/05\/Llivins_4-495x400.jpeg\" width=\"495\" height=\"400\"  title='Llivins_4' alt='Llivins' srcset=\"https:\/\/cerdanya.org\/wp-content\/uploads\/2024\/05\/Llivins_4-495x400.jpeg 495w, https:\/\/cerdanya.org\/wp-content\/uploads\/2024\/05\/Llivins_4-845x684.jpeg 845w\" sizes=\"(max-width: 495px) 100vw, 495px\" \/><div class='big-prev-fake'><img decoding=\"async\" loading=\"lazy\" class=\"wp-image-50696 avia-img-lazy-loading-50696\"  width=\"495\" height=\"400\" src=\"https:\/\/cerdanya.org\/wp-content\/uploads\/2024\/05\/Llivins_4-495x400.jpeg\" title='Llivins_4' alt='Llivins' srcset=\"https:\/\/cerdanya.org\/wp-content\/uploads\/2024\/05\/Llivins_4-495x400.jpeg 495w, https:\/\/cerdanya.org\/wp-content\/uploads\/2024\/05\/Llivins_4-845x684.jpeg 845w\" sizes=\"auto, (max-width: 495px) 100vw, 495px\" \/><\/div><\/a><a href=\"https:\/\/cerdanya.org\/wp-content\/uploads\/2024\/05\/Llivins_5-773x1030.jpeg\" data-srcset=\"https:\/\/cerdanya.org\/wp-content\/uploads\/2024\/05\/Llivins_5-773x1030.jpeg 773w, https:\/\/cerdanya.org\/wp-content\/uploads\/2024\/05\/Llivins_5-225x300.jpeg 225w, https:\/\/cerdanya.org\/wp-content\/uploads\/2024\/05\/Llivins_5-768x1024.jpeg 768w, https:\/\/cerdanya.org\/wp-content\/uploads\/2024\/05\/Llivins_5-529x705.jpeg 529w, https:\/\/cerdanya.org\/wp-content\/uploads\/2024\/05\/Llivins_5.jpeg 1125w\" data-sizes=\"(max-width: 773px) 100vw, 773px\" data-rel='gallery-1' data-prev-img='https:\/\/cerdanya.org\/wp-content\/uploads\/2024\/05\/Llivins_5-495x400.jpeg' class='lightbox ' data-onclick='4' title='Llivins'  itemprop=\"thumbnailUrl\"  ><img decoding=\"async\" fetchpriority=\"high\" class=\"wp-image-50700 avia-img-lazy-loading-not-50700\"  data-avia-tooltip='Llivins' src=\"https:\/\/cerdanya.org\/wp-content\/uploads\/2024\/05\/Llivins_5-495x400.jpeg\" width=\"495\" height=\"400\"  title='Llivins_5' alt='Llivins' srcset=\"https:\/\/cerdanya.org\/wp-content\/uploads\/2024\/05\/Llivins_5-495x400.jpeg 495w, https:\/\/cerdanya.org\/wp-content\/uploads\/2024\/05\/Llivins_5-845x684.jpeg 845w\" sizes=\"(max-width: 495px) 100vw, 495px\" \/><div class='big-prev-fake'><img decoding=\"async\" loading=\"lazy\" class=\"wp-image-50700 avia-img-lazy-loading-50700\"  width=\"495\" height=\"400\" src=\"https:\/\/cerdanya.org\/wp-content\/uploads\/2024\/05\/Llivins_5-495x400.jpeg\" title='Llivins_5' alt='Llivins' srcset=\"https:\/\/cerdanya.org\/wp-content\/uploads\/2024\/05\/Llivins_5-495x400.jpeg 495w, https:\/\/cerdanya.org\/wp-content\/uploads\/2024\/05\/Llivins_5-845x684.jpeg 845w\" sizes=\"auto, (max-width: 495px) 100vw, 495px\" \/><\/div><\/a><a href=\"https:\/\/cerdanya.org\/wp-content\/uploads\/2024\/05\/Llivins_6-844x1030.jpeg\" data-srcset=\"https:\/\/cerdanya.org\/wp-content\/uploads\/2024\/05\/Llivins_6-844x1030.jpeg 844w, https:\/\/cerdanya.org\/wp-content\/uploads\/2024\/05\/Llivins_6-246x300.jpeg 246w, https:\/\/cerdanya.org\/wp-content\/uploads\/2024\/05\/Llivins_6-768x937.jpeg 768w, https:\/\/cerdanya.org\/wp-content\/uploads\/2024\/05\/Llivins_6-578x705.jpeg 578w, https:\/\/cerdanya.org\/wp-content\/uploads\/2024\/05\/Llivins_6.jpeg 1169w\" data-sizes=\"(max-width: 844px) 100vw, 844px\" data-rel='gallery-1' data-prev-img='https:\/\/cerdanya.org\/wp-content\/uploads\/2024\/05\/Llivins_6-495x400.jpeg' class='lightbox ' data-onclick='5' title='Llivins'  itemprop=\"thumbnailUrl\"  ><img decoding=\"async\" fetchpriority=\"high\" class=\"wp-image-50704 avia-img-lazy-loading-not-50704\"  data-avia-tooltip='Llivins' src=\"https:\/\/cerdanya.org\/wp-content\/uploads\/2024\/05\/Llivins_6-495x400.jpeg\" width=\"495\" height=\"400\"  title='Llivins_6' alt='Llivins' srcset=\"https:\/\/cerdanya.org\/wp-content\/uploads\/2024\/05\/Llivins_6-495x400.jpeg 495w, https:\/\/cerdanya.org\/wp-content\/uploads\/2024\/05\/Llivins_6-845x684.jpeg 845w\" sizes=\"(max-width: 495px) 100vw, 495px\" \/><div class='big-prev-fake'><img decoding=\"async\" loading=\"lazy\" class=\"wp-image-50704 avia-img-lazy-loading-50704\"  width=\"495\" height=\"400\" src=\"https:\/\/cerdanya.org\/wp-content\/uploads\/2024\/05\/Llivins_6-495x400.jpeg\" title='Llivins_6' alt='Llivins' srcset=\"https:\/\/cerdanya.org\/wp-content\/uploads\/2024\/05\/Llivins_6-495x400.jpeg 495w, https:\/\/cerdanya.org\/wp-content\/uploads\/2024\/05\/Llivins_6-845x684.jpeg 845w\" sizes=\"auto, (max-width: 495px) 100vw, 495px\" \/><\/div><\/a><\/div><\/div><\/div><\/p>\n<div  class='flex_column av-1nxlu83-5d0933a04e4620a23989dc7de7e22668 av_one_full  avia-builder-el-10  el_after_av_one_half  avia-builder-el-last  first flex_column_div  column-top-margin'     ><div  class='av_gmaps_sc_main_wrap av_gmaps_main_wrap '><div id='av_gmap_0' class='avia-google-map-container avia-google-map-sc av_gmaps_show_unconditionally av-no-fallback-img ' data-mapid='av_gmap_0'  style='height: 400px;'><a class=\"av_gmaps_browser_disabled av_text_confirm_link av_text_confirm_link_visible\" href=\"https:\/\/www.google.com\/maps\/search\/?api=1&#038;query=Cami,%20Carrer%20d\u2019En%20Calvera,%20s\/n,%2017527%20Ll\u00edvia%20Girona\" target=\"_blank\">Maps were disabled by the visitor on this site. Click to open the map in a new window.<\/a><\/div><\/div><\/div>\n","protected":false},"excerpt":{"rendered":"","protected":false},"author":3,"featured_media":50688,"parent":50641,"menu_order":20,"comment_status":"closed","ping_status":"closed","template":"","meta":{"footnotes":""},"class_list":["post-50738","page","type-page","status-publish","has-post-thumbnail","hentry"],"_links":{"self":[{"href":"https:\/\/cerdanya.org\/es\/wp-json\/wp\/v2\/pages\/50738","targetHints":{"allow":["GET"]}}],"collection":[{"href":"https:\/\/cerdanya.org\/es\/wp-json\/wp\/v2\/pages"}],"about":[{"href":"https:\/\/cerdanya.org\/es\/wp-json\/wp\/v2\/types\/page"}],"author":[{"embeddable":true,"href":"https:\/\/cerdanya.org\/es\/wp-json\/wp\/v2\/users\/3"}],"replies":[{"embeddable":true,"href":"https:\/\/cerdanya.org\/es\/wp-json\/wp\/v2\/comments?post=50738"}],"version-history":[{"count":0,"href":"https:\/\/cerdanya.org\/es\/wp-json\/wp\/v2\/pages\/50738\/revisions"}],"up":[{"embeddable":true,"href":"https:\/\/cerdanya.org\/es\/wp-json\/wp\/v2\/pages\/50641"}],"wp:featuredmedia":[{"embeddable":true,"href":"https:\/\/cerdanya.org\/es\/wp-json\/wp\/v2\/media\/50688"}],"wp:attachment":[{"href":"https:\/\/cerdanya.org\/es\/wp-json\/wp\/v2\/media?parent=50738"}],"curies":[{"name":"wp","href":"https:\/\/api.w.org\/{rel}","templated":true}]}}