{"id":30088,"date":"2022-04-07T13:24:54","date_gmt":"2022-04-07T11:24:54","guid":{"rendered":"http:\/\/www.cerdanya.org\/que-hacer\/turismo-cultural\/patrimonio-cultural\/montella-i-martinet\/santuari-de-bastanist\/"},"modified":"2022-04-28T22:59:57","modified_gmt":"2022-04-28T20:59:57","slug":"santuari-de-bastanist","status":"publish","type":"page","link":"https:\/\/cerdanya.org\/es\/que-hacer\/turismo-cultural\/patrimonio-cultural\/montella-i-martinet\/santuari-de-bastanist\/","title":{"rendered":"Santuari de Bastanist"},"content":{"rendered":"\n<style type=\"text\/css\" data-created_by=\"avia_inline_auto\" id=\"style-css-av-36rb4oj-ba4d95154227ed0d8a771e7152bf9e9e\">\n.flex_column.av-36rb4oj-ba4d95154227ed0d8a771e7152bf9e9e{\nborder-radius:0px 0px 0px 0px;\npadding:0px 0px 0px 0px;\n}\n<\/style>\n<div  class='flex_column av-36rb4oj-ba4d95154227ed0d8a771e7152bf9e9e av_one_half  avia-builder-el-0  el_before_av_one_half  avia-builder-el-first  first flex_column_div av-zero-column-padding  '     ><p>\n<style type=\"text\/css\" data-created_by=\"avia_inline_auto\" id=\"style-css-av-5gjgvm-eb0e3ea995d2cb21957d810727a82c96\">\n#top .av-special-heading.av-5gjgvm-eb0e3ea995d2cb21957d810727a82c96{\npadding-bottom:10px;\n}\nbody .av-special-heading.av-5gjgvm-eb0e3ea995d2cb21957d810727a82c96 .av-special-heading-tag .heading-char{\nfont-size:25px;\n}\n.av-special-heading.av-5gjgvm-eb0e3ea995d2cb21957d810727a82c96 .av-subheading{\nfont-size:15px;\n}\n<\/style>\n<div  class='av-special-heading av-5gjgvm-eb0e3ea995d2cb21957d810727a82c96 av-special-heading-h5  avia-builder-el-1  el_before_av_textblock  avia-builder-el-first '><h5 class='av-special-heading-tag '  itemprop=\"headline\"  >Descripci\u00f3n<\/h5><div class=\"special-heading-border\"><div class=\"special-heading-inner-border\"><\/div><\/div><\/div><br \/>\n<section  class='av_textblock_section av-ksyomoyl-25f1f3c8b1a0a9b03a6473be4799410f '   itemscope=\"itemscope\" itemtype=\"https:\/\/schema.org\/CreativeWork\" ><div class='avia_textblock'  itemprop=\"text\" ><p>Esta iglesia fue reedificada en 1704 como dice la fecha grabada en el dintel de la puerta. Forma parte del conjunto de una <em>domus hospitalis<\/em> del camino entre G\u00f3sol y el Barid\u00e0. Del antiguo edificio s\u00f3lo queda un fragmento del \u00e1bside semicircular, oculto por las edificaciones que lo rodean, y poco m\u00e1s de un metro de la pared norte de la nave.<\/p>\n<p>Curiosamente, se puede ver el interior del \u00e1bside, muy restaurado, subiendo al camar\u00edn del gran retablo del altar que preside la talla policromada de la Virgen, reproducci\u00f3n fiel de la desaparecida en 1936.<\/p>\n<p>Varias son las versiones de la leyenda del hallazgo de la Virgen de Bastanist. La leyenda m\u00e1s extendida dice que hacia el a\u00f1o 1109 un pastorcillo de cal Pallar\u00e8s de V\u00edllec, encontr\u00f3 el toro de la vacada arrodillado ante un boj cerca de Bastanist y se dio cuenta de que hab\u00eda una virgen. La meti\u00f3 en el zurr\u00f3n y al llegar a casa la imagen hab\u00eda desaparecido. Al d\u00eda siguiente la encontr\u00f3 en el mismo sitio, y as\u00ed todos los d\u00edas hasta que fue evidente, con tanta insistencia, que la Virgen no quer\u00eda irse de all\u00ed. Dicen que una nevada en medio de agosto confirm\u00f3 a toda la regi\u00f3n que all\u00ed era donde quer\u00eda su santuario. Por eso tambi\u00e9n es conocida como la Virgen del Boix y a los bojes de los alrededores se les atribuyen muchas virtudes.<\/p>\n<\/div><\/section><\/p><\/div>\n<style type=\"text\/css\" data-created_by=\"avia_inline_auto\" id=\"style-css-av-2coqnf7-fe66bdd07c1c8428c9bfcd41c861e712\">\n.flex_column.av-2coqnf7-fe66bdd07c1c8428c9bfcd41c861e712{\nborder-radius:0px 0px 0px 0px;\npadding:0px 0px 0px 0px;\n}\n<\/style>\n<div  class='flex_column av-2coqnf7-fe66bdd07c1c8428c9bfcd41c861e712 av_one_half  avia-builder-el-3  el_after_av_one_half  el_before_av_one_full  flex_column_div av-zero-column-padding  '     ><style type=\"text\/css\" data-created_by=\"avia_inline_auto\" id=\"style-css-av-29ooh4j-a61043256cb60035b96229215bdfa701\">\n#top .avia-gallery.av-29ooh4j-a61043256cb60035b96229215bdfa701 .avia-gallery-thumb a{\nwidth:20%;\n}\n<\/style>\n<div  class='avia-gallery av-29ooh4j-a61043256cb60035b96229215bdfa701 avia_animate_when_visible  avia-builder-el-4  avia-builder-el-no-sibling  avia_lazyload av-slideshow-ui av-loop-manual-endless av-control-hidden av-navigate-arrows av-navigate-dots hover-effect av-control-hidden avia-gallery-animate avia-gallery-1'  itemprop=\"image\" itemscope=\"itemscope\" itemtype=\"https:\/\/schema.org\/ImageObject\" ><meta itemprop=\"contentURL\" content=\"https:\/\/cerdanya.org\/es\/que-hacer\/turismo-cultural\/patrimonio-cultural\/montella-i-martinet\/santuari-de-bastanist\/\"><div class='avia-gallery-big-wrapper'><a class='avia-gallery-big fakeLightbox lightbox avia-gallery-big-crop-thumb ' href=\"https:\/\/cerdanya.org\/wp-content\/uploads\/2021\/12\/santuari-bastanist-1030x687.jpg\" data-srcset=\"https:\/\/cerdanya.org\/wp-content\/uploads\/2021\/12\/santuari-bastanist-1030x687.jpg 1030w, https:\/\/cerdanya.org\/wp-content\/uploads\/2021\/12\/santuari-bastanist-300x200.jpg 300w, https:\/\/cerdanya.org\/wp-content\/uploads\/2021\/12\/santuari-bastanist-768x512.jpg 768w, https:\/\/cerdanya.org\/wp-content\/uploads\/2021\/12\/santuari-bastanist-705x470.jpg 705w, https:\/\/cerdanya.org\/wp-content\/uploads\/2021\/12\/santuari-bastanist.jpg 1500w\" data-sizes=\"(max-width: 1030px) 100vw, 1030px\"  data-onclick='1' title='Santuari de Bastanist' ><span class='avia-gallery-big-inner'  itemprop=\"thumbnailUrl\" ><img decoding=\"async\" fetchpriority=\"high\" class=\"wp-image-18985 avia-img-lazy-loading-not-18985\"  width=\"495\" height=\"400\" src=\"https:\/\/cerdanya.org\/wp-content\/uploads\/2021\/12\/santuari-bastanist-495x400.jpg\" title='21. MONTELLA\u0300 I MARTINET- Santuari de Bastanist' alt='Santuari de Bastanist' srcset=\"https:\/\/cerdanya.org\/wp-content\/uploads\/2021\/12\/santuari-bastanist-495x400.jpg 495w, https:\/\/cerdanya.org\/wp-content\/uploads\/2021\/12\/santuari-bastanist-845x684.jpg 845w\" sizes=\"(max-width: 495px) 100vw, 495px\" \/><span class='avia-gallery-caption'>Santuari de Bastanist<\/span><\/span><\/a><\/div><div class='avia-gallery-thumb'><a href=\"https:\/\/cerdanya.org\/wp-content\/uploads\/2021\/12\/santuari-bastanist-1030x687.jpg\" data-srcset=\"https:\/\/cerdanya.org\/wp-content\/uploads\/2021\/12\/santuari-bastanist-1030x687.jpg 1030w, https:\/\/cerdanya.org\/wp-content\/uploads\/2021\/12\/santuari-bastanist-300x200.jpg 300w, https:\/\/cerdanya.org\/wp-content\/uploads\/2021\/12\/santuari-bastanist-768x512.jpg 768w, https:\/\/cerdanya.org\/wp-content\/uploads\/2021\/12\/santuari-bastanist-705x470.jpg 705w, https:\/\/cerdanya.org\/wp-content\/uploads\/2021\/12\/santuari-bastanist.jpg 1500w\" data-sizes=\"(max-width: 1030px) 100vw, 1030px\" data-rel='gallery-1' data-prev-img='https:\/\/cerdanya.org\/wp-content\/uploads\/2021\/12\/santuari-bastanist-495x400.jpg' class='first_thumb lightbox ' data-onclick='1' title='Santuari de Bastanist'  itemprop=\"thumbnailUrl\"  ><img decoding=\"async\" fetchpriority=\"high\" class=\"wp-image-18985 avia-img-lazy-loading-not-18985\"  data-avia-tooltip='Santuari de Bastanist' src=\"https:\/\/cerdanya.org\/wp-content\/uploads\/2021\/12\/santuari-bastanist-495x400.jpg\" width=\"495\" height=\"400\"  title='21. MONTELLA\u0300 I MARTINET- Santuari de Bastanist' alt='Santuari de Bastanist' srcset=\"https:\/\/cerdanya.org\/wp-content\/uploads\/2021\/12\/santuari-bastanist-495x400.jpg 495w, https:\/\/cerdanya.org\/wp-content\/uploads\/2021\/12\/santuari-bastanist-845x684.jpg 845w\" sizes=\"(max-width: 495px) 100vw, 495px\" \/><div class='big-prev-fake'><img decoding=\"async\" loading=\"lazy\" class=\"wp-image-18985 avia-img-lazy-loading-18985\"  width=\"495\" height=\"400\" src=\"https:\/\/cerdanya.org\/wp-content\/uploads\/2021\/12\/santuari-bastanist-495x400.jpg\" title='21. MONTELLA\u0300 I MARTINET- Santuari de Bastanist' alt='Santuari de Bastanist' srcset=\"https:\/\/cerdanya.org\/wp-content\/uploads\/2021\/12\/santuari-bastanist-495x400.jpg 495w, https:\/\/cerdanya.org\/wp-content\/uploads\/2021\/12\/santuari-bastanist-845x684.jpg 845w\" sizes=\"auto, (max-width: 495px) 100vw, 495px\" \/><\/div><\/a><a href=\"https:\/\/cerdanya.org\/wp-content\/uploads\/2021\/12\/santuari-bastanist-altar-1030x687.jpg\" data-srcset=\"https:\/\/cerdanya.org\/wp-content\/uploads\/2021\/12\/santuari-bastanist-altar-1030x687.jpg 1030w, https:\/\/cerdanya.org\/wp-content\/uploads\/2021\/12\/santuari-bastanist-altar-300x200.jpg 300w, https:\/\/cerdanya.org\/wp-content\/uploads\/2021\/12\/santuari-bastanist-altar-768x512.jpg 768w, https:\/\/cerdanya.org\/wp-content\/uploads\/2021\/12\/santuari-bastanist-altar-705x470.jpg 705w, https:\/\/cerdanya.org\/wp-content\/uploads\/2021\/12\/santuari-bastanist-altar.jpg 1500w\" data-sizes=\"(max-width: 1030px) 100vw, 1030px\" data-rel='gallery-1' data-prev-img='https:\/\/cerdanya.org\/wp-content\/uploads\/2021\/12\/santuari-bastanist-altar-495x400.jpg' class='lightbox ' data-onclick='2' title='Santuari de Bastanist'  itemprop=\"thumbnailUrl\"  ><img decoding=\"async\" fetchpriority=\"high\" class=\"wp-image-18986 avia-img-lazy-loading-not-18986\"  data-avia-tooltip='Santuari de Bastanist' src=\"https:\/\/cerdanya.org\/wp-content\/uploads\/2021\/12\/santuari-bastanist-altar-495x400.jpg\" width=\"495\" height=\"400\"  title='Santuari de Bastanist' alt='Santuari de Bastanist' srcset=\"https:\/\/cerdanya.org\/wp-content\/uploads\/2021\/12\/santuari-bastanist-altar-495x400.jpg 495w, https:\/\/cerdanya.org\/wp-content\/uploads\/2021\/12\/santuari-bastanist-altar-845x684.jpg 845w\" sizes=\"(max-width: 495px) 100vw, 495px\" \/><div class='big-prev-fake'><img decoding=\"async\" loading=\"lazy\" class=\"wp-image-18986 avia-img-lazy-loading-18986\"  width=\"495\" height=\"400\" src=\"https:\/\/cerdanya.org\/wp-content\/uploads\/2021\/12\/santuari-bastanist-altar-495x400.jpg\" title='Santuari de Bastanist' alt='Santuari de Bastanist' srcset=\"https:\/\/cerdanya.org\/wp-content\/uploads\/2021\/12\/santuari-bastanist-altar-495x400.jpg 495w, https:\/\/cerdanya.org\/wp-content\/uploads\/2021\/12\/santuari-bastanist-altar-845x684.jpg 845w\" sizes=\"auto, (max-width: 495px) 100vw, 495px\" \/><\/div><\/a><a href=\"https:\/\/cerdanya.org\/wp-content\/uploads\/2021\/12\/santuari-bastanist-moreneta-1030x687.jpg\" data-srcset=\"https:\/\/cerdanya.org\/wp-content\/uploads\/2021\/12\/santuari-bastanist-moreneta-1030x687.jpg 1030w, https:\/\/cerdanya.org\/wp-content\/uploads\/2021\/12\/santuari-bastanist-moreneta-300x200.jpg 300w, https:\/\/cerdanya.org\/wp-content\/uploads\/2021\/12\/santuari-bastanist-moreneta-768x512.jpg 768w, https:\/\/cerdanya.org\/wp-content\/uploads\/2021\/12\/santuari-bastanist-moreneta-705x470.jpg 705w, https:\/\/cerdanya.org\/wp-content\/uploads\/2021\/12\/santuari-bastanist-moreneta.jpg 1500w\" data-sizes=\"(max-width: 1030px) 100vw, 1030px\" data-rel='gallery-1' data-prev-img='https:\/\/cerdanya.org\/wp-content\/uploads\/2021\/12\/santuari-bastanist-moreneta-495x400.jpg' class='lightbox ' data-onclick='3' title='Santuari de Bastanist'  itemprop=\"thumbnailUrl\"  ><img decoding=\"async\" fetchpriority=\"high\" class=\"wp-image-18987 avia-img-lazy-loading-not-18987\"  data-avia-tooltip='Santuari de Bastanist' src=\"https:\/\/cerdanya.org\/wp-content\/uploads\/2021\/12\/santuari-bastanist-moreneta-495x400.jpg\" width=\"495\" height=\"400\"  title='21. MONTELLA\u0300 I MARTINET- Santuari de Bastanist' alt='Santuari de Bastanist' srcset=\"https:\/\/cerdanya.org\/wp-content\/uploads\/2021\/12\/santuari-bastanist-moreneta-495x400.jpg 495w, https:\/\/cerdanya.org\/wp-content\/uploads\/2021\/12\/santuari-bastanist-moreneta-845x684.jpg 845w\" sizes=\"(max-width: 495px) 100vw, 495px\" \/><div class='big-prev-fake'><img decoding=\"async\" loading=\"lazy\" class=\"wp-image-18987 avia-img-lazy-loading-18987\"  width=\"495\" height=\"400\" src=\"https:\/\/cerdanya.org\/wp-content\/uploads\/2021\/12\/santuari-bastanist-moreneta-495x400.jpg\" title='21. MONTELLA\u0300 I MARTINET- Santuari de Bastanist' alt='Santuari de Bastanist' srcset=\"https:\/\/cerdanya.org\/wp-content\/uploads\/2021\/12\/santuari-bastanist-moreneta-495x400.jpg 495w, https:\/\/cerdanya.org\/wp-content\/uploads\/2021\/12\/santuari-bastanist-moreneta-845x684.jpg 845w\" sizes=\"auto, (max-width: 495px) 100vw, 495px\" \/><\/div><\/a><a href=\"https:\/\/cerdanya.org\/wp-content\/uploads\/2021\/12\/santuari-bastanist-verge-1030x687.jpg\" data-srcset=\"https:\/\/cerdanya.org\/wp-content\/uploads\/2021\/12\/santuari-bastanist-verge-1030x687.jpg 1030w, https:\/\/cerdanya.org\/wp-content\/uploads\/2021\/12\/santuari-bastanist-verge-300x200.jpg 300w, https:\/\/cerdanya.org\/wp-content\/uploads\/2021\/12\/santuari-bastanist-verge-768x512.jpg 768w, https:\/\/cerdanya.org\/wp-content\/uploads\/2021\/12\/santuari-bastanist-verge-705x470.jpg 705w, https:\/\/cerdanya.org\/wp-content\/uploads\/2021\/12\/santuari-bastanist-verge.jpg 1500w\" data-sizes=\"(max-width: 1030px) 100vw, 1030px\" data-rel='gallery-1' data-prev-img='https:\/\/cerdanya.org\/wp-content\/uploads\/2021\/12\/santuari-bastanist-verge-495x400.jpg' class='lightbox ' data-onclick='4' title='Santuari de Bastanist'  itemprop=\"thumbnailUrl\"  ><img decoding=\"async\" fetchpriority=\"high\" class=\"wp-image-18988 avia-img-lazy-loading-not-18988\"  data-avia-tooltip='Santuari de Bastanist' src=\"https:\/\/cerdanya.org\/wp-content\/uploads\/2021\/12\/santuari-bastanist-verge-495x400.jpg\" width=\"495\" height=\"400\"  title='21. MONTELLA\u0300 I MARTINET- Santuari de Bastanist' alt='Santuari de Bastanist' srcset=\"https:\/\/cerdanya.org\/wp-content\/uploads\/2021\/12\/santuari-bastanist-verge-495x400.jpg 495w, https:\/\/cerdanya.org\/wp-content\/uploads\/2021\/12\/santuari-bastanist-verge-845x684.jpg 845w\" sizes=\"(max-width: 495px) 100vw, 495px\" \/><div class='big-prev-fake'><img decoding=\"async\" loading=\"lazy\" class=\"wp-image-18988 avia-img-lazy-loading-18988\"  width=\"495\" height=\"400\" src=\"https:\/\/cerdanya.org\/wp-content\/uploads\/2021\/12\/santuari-bastanist-verge-495x400.jpg\" title='21. MONTELLA\u0300 I MARTINET- Santuari de Bastanist' alt='Santuari de Bastanist' srcset=\"https:\/\/cerdanya.org\/wp-content\/uploads\/2021\/12\/santuari-bastanist-verge-495x400.jpg 495w, https:\/\/cerdanya.org\/wp-content\/uploads\/2021\/12\/santuari-bastanist-verge-845x684.jpg 845w\" sizes=\"auto, (max-width: 495px) 100vw, 495px\" \/><\/div><\/a><a href=\"https:\/\/cerdanya.org\/wp-content\/uploads\/2021\/12\/santuari-bastanist-frontal-1030x687.jpg\" data-srcset=\"https:\/\/cerdanya.org\/wp-content\/uploads\/2021\/12\/santuari-bastanist-frontal-1030x687.jpg 1030w, https:\/\/cerdanya.org\/wp-content\/uploads\/2021\/12\/santuari-bastanist-frontal-300x200.jpg 300w, https:\/\/cerdanya.org\/wp-content\/uploads\/2021\/12\/santuari-bastanist-frontal-768x512.jpg 768w, https:\/\/cerdanya.org\/wp-content\/uploads\/2021\/12\/santuari-bastanist-frontal-705x470.jpg 705w, https:\/\/cerdanya.org\/wp-content\/uploads\/2021\/12\/santuari-bastanist-frontal.jpg 1500w\" data-sizes=\"(max-width: 1030px) 100vw, 1030px\" data-rel='gallery-1' data-prev-img='https:\/\/cerdanya.org\/wp-content\/uploads\/2021\/12\/santuari-bastanist-frontal-495x400.jpg' class='lightbox ' data-onclick='5' title='Cordenades UMT: 31T 391741 4685257'  itemprop=\"thumbnailUrl\"  ><img decoding=\"async\" fetchpriority=\"high\" class=\"wp-image-18989 avia-img-lazy-loading-not-18989\"  data-avia-tooltip='Cordenades UMT: 31T 391741 4685257' src=\"https:\/\/cerdanya.org\/wp-content\/uploads\/2021\/12\/santuari-bastanist-frontal-495x400.jpg\" width=\"495\" height=\"400\"  title='21. MONTELLA\u0300 I MARTINET- Santuari de Bastanist' alt='Santuari de Bastanist' srcset=\"https:\/\/cerdanya.org\/wp-content\/uploads\/2021\/12\/santuari-bastanist-frontal-495x400.jpg 495w, https:\/\/cerdanya.org\/wp-content\/uploads\/2021\/12\/santuari-bastanist-frontal-845x684.jpg 845w\" sizes=\"(max-width: 495px) 100vw, 495px\" \/><div class='big-prev-fake'><img decoding=\"async\" loading=\"lazy\" class=\"wp-image-18989 avia-img-lazy-loading-18989\"  width=\"495\" height=\"400\" src=\"https:\/\/cerdanya.org\/wp-content\/uploads\/2021\/12\/santuari-bastanist-frontal-495x400.jpg\" title='21. MONTELLA\u0300 I MARTINET- Santuari de Bastanist' alt='Santuari de Bastanist' srcset=\"https:\/\/cerdanya.org\/wp-content\/uploads\/2021\/12\/santuari-bastanist-frontal-495x400.jpg 495w, https:\/\/cerdanya.org\/wp-content\/uploads\/2021\/12\/santuari-bastanist-frontal-845x684.jpg 845w\" sizes=\"auto, (max-width: 495px) 100vw, 495px\" \/><\/div><\/a><a href=\"https:\/\/cerdanya.org\/wp-content\/uploads\/2021\/12\/santuari-bastanist-bancs-1030x687.jpg\" data-srcset=\"https:\/\/cerdanya.org\/wp-content\/uploads\/2021\/12\/santuari-bastanist-bancs-1030x687.jpg 1030w, https:\/\/cerdanya.org\/wp-content\/uploads\/2021\/12\/santuari-bastanist-bancs-300x200.jpg 300w, https:\/\/cerdanya.org\/wp-content\/uploads\/2021\/12\/santuari-bastanist-bancs-768x512.jpg 768w, https:\/\/cerdanya.org\/wp-content\/uploads\/2021\/12\/santuari-bastanist-bancs-705x470.jpg 705w, https:\/\/cerdanya.org\/wp-content\/uploads\/2021\/12\/santuari-bastanist-bancs.jpg 1500w\" data-sizes=\"(max-width: 1030px) 100vw, 1030px\" data-rel='gallery-1' data-prev-img='https:\/\/cerdanya.org\/wp-content\/uploads\/2021\/12\/santuari-bastanist-bancs-495x400.jpg' class='first_thumb lightbox ' data-onclick='6' title='Santuari de Bastanist'  itemprop=\"thumbnailUrl\"  ><img decoding=\"async\" fetchpriority=\"high\" class=\"wp-image-18990 avia-img-lazy-loading-not-18990\"  data-avia-tooltip='Santuari de Bastanist' src=\"https:\/\/cerdanya.org\/wp-content\/uploads\/2021\/12\/santuari-bastanist-bancs-495x400.jpg\" width=\"495\" height=\"400\"  title='21. MONTELLA\u0300 I MARTINET- Santuari de Bastanist' alt='Santuari de Bastanist' srcset=\"https:\/\/cerdanya.org\/wp-content\/uploads\/2021\/12\/santuari-bastanist-bancs-495x400.jpg 495w, https:\/\/cerdanya.org\/wp-content\/uploads\/2021\/12\/santuari-bastanist-bancs-845x684.jpg 845w\" sizes=\"(max-width: 495px) 100vw, 495px\" \/><div class='big-prev-fake'><img decoding=\"async\" loading=\"lazy\" class=\"wp-image-18990 avia-img-lazy-loading-18990\"  width=\"495\" height=\"400\" src=\"https:\/\/cerdanya.org\/wp-content\/uploads\/2021\/12\/santuari-bastanist-bancs-495x400.jpg\" title='21. MONTELLA\u0300 I MARTINET- Santuari de Bastanist' alt='Santuari de Bastanist' srcset=\"https:\/\/cerdanya.org\/wp-content\/uploads\/2021\/12\/santuari-bastanist-bancs-495x400.jpg 495w, https:\/\/cerdanya.org\/wp-content\/uploads\/2021\/12\/santuari-bastanist-bancs-845x684.jpg 845w\" sizes=\"auto, (max-width: 495px) 100vw, 495px\" \/><\/div><\/a><\/div><\/div><\/div>\n<style type=\"text\/css\" data-created_by=\"avia_inline_auto\" id=\"style-css-av-13qih77-00e4eae9d0b6c138f9ba0e0aa3d8fb95\">\n.flex_column.av-13qih77-00e4eae9d0b6c138f9ba0e0aa3d8fb95{\nborder-radius:0px 0px 0px 0px;\npadding:0px 0px 0px 0px;\n}\n<\/style>\n<div  class='flex_column av-13qih77-00e4eae9d0b6c138f9ba0e0aa3d8fb95 av_one_full  avia-builder-el-5  el_after_av_one_half  el_before_av_one_half  first flex_column_div av-zero-column-padding  column-top-margin'     ><style type=\"text\/css\" data-created_by=\"avia_inline_auto\" id=\"style-css-av-kwp2dp8f-f55138033d46035ff7ae47226ad7fa00\">\n#top .hr.hr-invisible.av-kwp2dp8f-f55138033d46035ff7ae47226ad7fa00{\nheight:20px;\n}\n<\/style>\n<div  class='hr av-kwp2dp8f-f55138033d46035ff7ae47226ad7fa00 hr-invisible  avia-builder-el-6  avia-builder-el-no-sibling '><span class='hr-inner '><span class=\"hr-inner-style\"><\/span><\/span><\/div><\/div><\/p>\n\n<style type=\"text\/css\" data-created_by=\"avia_inline_auto\" id=\"style-css-av-12b4rrm-b42b13388a712f1a044cd93e5e83b1be\">\n.flex_column.av-12b4rrm-b42b13388a712f1a044cd93e5e83b1be{\nborder-radius:0px 0px 0px 0px;\npadding:0px 0px 0px 0px;\n}\n<\/style>\n<div  class='flex_column av-12b4rrm-b42b13388a712f1a044cd93e5e83b1be av_one_half  avia-builder-el-7  el_after_av_one_full  avia-builder-el-last  first flex_column_div av-zero-column-padding  column-top-margin'     ><p>\n<style type=\"text\/css\" data-created_by=\"avia_inline_auto\" id=\"style-css-av-qs9xg2-57b413b28fd8077df34ad53a36111aca\">\n#top .av-special-heading.av-qs9xg2-57b413b28fd8077df34ad53a36111aca{\npadding-bottom:10px;\n}\nbody .av-special-heading.av-qs9xg2-57b413b28fd8077df34ad53a36111aca .av-special-heading-tag .heading-char{\nfont-size:25px;\n}\n.av-special-heading.av-qs9xg2-57b413b28fd8077df34ad53a36111aca .av-subheading{\nfont-size:15px;\n}\n<\/style>\n<div  class='av-special-heading av-qs9xg2-57b413b28fd8077df34ad53a36111aca av-special-heading-h5  avia-builder-el-8  el_before_av_image  avia-builder-el-first '><h5 class='av-special-heading-tag '  itemprop=\"headline\"  >Planta y secci\u00f3n<\/h5><div class=\"special-heading-border\"><div class=\"special-heading-inner-border\"><\/div><\/div><\/div><br \/>\n\n<style type=\"text\/css\" data-created_by=\"avia_inline_auto\" id=\"style-css-av-kxrbpiwh-d7c97e7d800ef380b78d19c7de18392d\">\n.avia-image-container.av-kxrbpiwh-d7c97e7d800ef380b78d19c7de18392d img.avia_image{\nbox-shadow:none;\n}\n.avia-image-container.av-kxrbpiwh-d7c97e7d800ef380b78d19c7de18392d .av-image-caption-overlay-center{\ncolor:#ffffff;\n}\n<\/style>\n<div  class='avia-image-container av-kxrbpiwh-d7c97e7d800ef380b78d19c7de18392d av-styling- avia-align-center  avia-builder-el-9  el_after_av_heading  avia-builder-el-last '   itemprop=\"image\" itemscope=\"itemscope\" itemtype=\"https:\/\/schema.org\/ImageObject\" ><div class=\"avia-image-container-inner\"><div class=\"avia-image-overlay-wrap\"><img decoding=\"async\" fetchpriority=\"high\" class='wp-image-18984 avia-img-lazy-loading-not-18984 avia_image ' src=\"https:\/\/cerdanya.org\/wp-content\/uploads\/2021\/12\/santa-maria-Bastanist-1030x669.jpg\" alt='Santuari de Bastanist' title='santa-maria-Bastanist'  height=\"669\" width=\"1030\"  itemprop=\"thumbnailUrl\" srcset=\"https:\/\/cerdanya.org\/wp-content\/uploads\/2021\/12\/santa-maria-Bastanist-1030x669.jpg 1030w, https:\/\/cerdanya.org\/wp-content\/uploads\/2021\/12\/santa-maria-Bastanist-300x195.jpg 300w, https:\/\/cerdanya.org\/wp-content\/uploads\/2021\/12\/santa-maria-Bastanist-768x499.jpg 768w, https:\/\/cerdanya.org\/wp-content\/uploads\/2021\/12\/santa-maria-Bastanist-705x458.jpg 705w, https:\/\/cerdanya.org\/wp-content\/uploads\/2021\/12\/santa-maria-Bastanist.jpg 1207w\" sizes=\"(max-width: 1030px) 100vw, 1030px\" \/><\/div><\/div><\/div><\/p><\/div>\n","protected":false},"excerpt":{"rendered":"","protected":false},"author":3,"featured_media":18325,"parent":29518,"menu_order":10,"comment_status":"closed","ping_status":"closed","template":"","meta":{"footnotes":""},"class_list":["post-30088","page","type-page","status-publish","has-post-thumbnail","hentry"],"_links":{"self":[{"href":"https:\/\/cerdanya.org\/es\/wp-json\/wp\/v2\/pages\/30088","targetHints":{"allow":["GET"]}}],"collection":[{"href":"https:\/\/cerdanya.org\/es\/wp-json\/wp\/v2\/pages"}],"about":[{"href":"https:\/\/cerdanya.org\/es\/wp-json\/wp\/v2\/types\/page"}],"author":[{"embeddable":true,"href":"https:\/\/cerdanya.org\/es\/wp-json\/wp\/v2\/users\/3"}],"replies":[{"embeddable":true,"href":"https:\/\/cerdanya.org\/es\/wp-json\/wp\/v2\/comments?post=30088"}],"version-history":[{"count":0,"href":"https:\/\/cerdanya.org\/es\/wp-json\/wp\/v2\/pages\/30088\/revisions"}],"up":[{"embeddable":true,"href":"https:\/\/cerdanya.org\/es\/wp-json\/wp\/v2\/pages\/29518"}],"wp:featuredmedia":[{"embeddable":true,"href":"https:\/\/cerdanya.org\/es\/wp-json\/wp\/v2\/media\/18325"}],"wp:attachment":[{"href":"https:\/\/cerdanya.org\/es\/wp-json\/wp\/v2\/media?parent=30088"}],"curies":[{"name":"wp","href":"https:\/\/api.w.org\/{rel}","templated":true}]}}