{"id":30047,"date":"2022-04-06T22:44:52","date_gmt":"2022-04-06T20:44:52","guid":{"rendered":"http:\/\/www.cerdanya.org\/que-hacer\/turismo-cultural\/patrimonio-cultural\/das\/santa-maria-de-mosoll\/"},"modified":"2022-04-28T22:37:23","modified_gmt":"2022-04-28T20:37:23","slug":"santa-maria-de-mosoll","status":"publish","type":"page","link":"https:\/\/cerdanya.org\/es\/que-hacer\/turismo-cultural\/patrimonio-cultural\/das\/santa-maria-de-mosoll\/","title":{"rendered":"Santa Maria de Mosoll"},"content":{"rendered":"\n<style type=\"text\/css\" data-created_by=\"avia_inline_auto\" id=\"style-css-av-36rb4oj-ba4d95154227ed0d8a771e7152bf9e9e\">\n.flex_column.av-36rb4oj-ba4d95154227ed0d8a771e7152bf9e9e{\nborder-radius:0px 0px 0px 0px;\npadding:0px 0px 0px 0px;\n}\n<\/style>\n<div  class='flex_column av-36rb4oj-ba4d95154227ed0d8a771e7152bf9e9e av_one_half  avia-builder-el-0  el_before_av_one_half  avia-builder-el-first  first flex_column_div av-zero-column-padding  '     ><p>\n<style type=\"text\/css\" data-created_by=\"avia_inline_auto\" id=\"style-css-av-1ho6bj6-f11997ac3bf2a37b3c3dc0aff15c4237\">\n#top .av-special-heading.av-1ho6bj6-f11997ac3bf2a37b3c3dc0aff15c4237{\npadding-bottom:10px;\n}\nbody .av-special-heading.av-1ho6bj6-f11997ac3bf2a37b3c3dc0aff15c4237 .av-special-heading-tag .heading-char{\nfont-size:25px;\n}\n.av-special-heading.av-1ho6bj6-f11997ac3bf2a37b3c3dc0aff15c4237 .av-subheading{\nfont-size:15px;\n}\n<\/style>\n<div  class='av-special-heading av-1ho6bj6-f11997ac3bf2a37b3c3dc0aff15c4237 av-special-heading-h5  avia-builder-el-1  el_before_av_textblock  avia-builder-el-first '><h5 class='av-special-heading-tag '  itemprop=\"headline\"  >Descripci\u00f3n<\/h5><div class=\"special-heading-border\"><div class=\"special-heading-inner-border\"><\/div><\/div><\/div><br \/>\n<section  class='av_textblock_section av-ksyomoyl-25f1f3c8b1a0a9b03a6473be4799410f '   itemscope=\"itemscope\" itemtype=\"https:\/\/schema.org\/CreativeWork\" ><div class='avia_textblock'  itemprop=\"text\" ><p>Es un edificio de una gran austeridad y sencillez de formas tanto en el exterior como en el interior donde \u201ctodo est\u00e1 en su sitio\u201d.<\/p>\n<p>Est\u00e1 cubierta con b\u00f3veda de ca\u00f1\u00f3n apuntada que descansa sobre las paredes sin moldura de imposta. Los dos altares laterales est\u00e1n incluidos en los muros de la nave, como la hornacina para albergar el fregadero bautismal. Conserva las aberturas rom\u00e1nicas, la puerta a mediod\u00eda de arco de medio punto y las ventanas de doble derrame del \u00e1bside, la fachada meridional y de poniente. En el exterior, entre el \u00e1bside y la nave, se levanta un imponente front\u00f3n. La fachada de poniente termina en una gran espada\u00f1a de dos ojos; en uno de los sillares del arco del ojo meridional est\u00e1 grabada la fecha 1710.<\/p>\n<p>Los grandes sillares, que pueden verse en la parte inferior de alg\u00fan tramo del paramento, podr\u00edan confirmar la presencia de un edificio anterior. El top\u00f3nimo parece derivarse de mausoleum y podr\u00eda hacer referencia a una estructura de \u00e9poca bajo imperial cercana. En 1975 se localizaron una serie de silos intercomunicados entre ellos de \u00e9poca antigua en el subsuelo de la iglesia. Asimismo, en el edificio de la rector\u00eda (contiguo a la iglesia y del siglo XVII) existe una estructura excavada en el subsuelo conocida como la Tuta de Mosoll, que presenta planta de cruz latina con 7 hornacinas y que podr\u00eda tratarse de una estructura funeraria de \u00e9poca antigua y tratarse de las \u201c<em>columbas<\/em> \u201d destruidas que aparecen en documentos del siglo XII.<\/p>\n<p>En el Museo Nacional de Arte de Catalu\u00f1a se conservan las pinturas murales del \u00e1bside de la iglesia de Mosoll, muy da\u00f1adas por un incendio en 1936. El tema que se puede apreciar es el de hojas encadenadas o entrelazadas. Tambi\u00e9n un frontal de altar de la segunda mitad del siglo XIII estructurado en dos registros horizontales en los que se representan doce escenas desordenadas de la vida de Mar\u00eda.<\/p>\n<\/div><\/section><\/p><\/div>\n<style type=\"text\/css\" data-created_by=\"avia_inline_auto\" id=\"style-css-av-2coqnf7-fe66bdd07c1c8428c9bfcd41c861e712\">\n.flex_column.av-2coqnf7-fe66bdd07c1c8428c9bfcd41c861e712{\nborder-radius:0px 0px 0px 0px;\npadding:0px 0px 0px 0px;\n}\n<\/style>\n<div  class='flex_column av-2coqnf7-fe66bdd07c1c8428c9bfcd41c861e712 av_one_half  avia-builder-el-3  el_after_av_one_half  el_before_av_one_full  flex_column_div av-zero-column-padding  '     ><style type=\"text\/css\" data-created_by=\"avia_inline_auto\" id=\"style-css-av-29ooh4j-dc82f256aefc5e6eb30d0474923100ad\">\n#top .avia-gallery.av-29ooh4j-dc82f256aefc5e6eb30d0474923100ad .avia-gallery-thumb a{\nwidth:20%;\n}\n<\/style>\n<div  class='avia-gallery av-29ooh4j-dc82f256aefc5e6eb30d0474923100ad avia_animate_when_visible  avia-builder-el-4  avia-builder-el-no-sibling  avia_lazyload av-slideshow-ui av-loop-manual-endless av-control-hidden av-navigate-arrows av-navigate-dots hover-effect av-control-hidden avia-gallery-animate avia-gallery-1'  itemprop=\"image\" itemscope=\"itemscope\" itemtype=\"https:\/\/schema.org\/ImageObject\" ><meta itemprop=\"contentURL\" content=\"https:\/\/cerdanya.org\/es\/que-hacer\/turismo-cultural\/patrimonio-cultural\/das\/santa-maria-de-mosoll\/\"><div class='avia-gallery-big-wrapper'><a class='avia-gallery-big fakeLightbox lightbox avia-gallery-big-crop-thumb ' href=\"https:\/\/cerdanya.org\/wp-content\/uploads\/2021\/12\/santa-maria-mosoll-altar-1030x687.jpg\" data-srcset=\"https:\/\/cerdanya.org\/wp-content\/uploads\/2021\/12\/santa-maria-mosoll-altar-1030x687.jpg 1030w, https:\/\/cerdanya.org\/wp-content\/uploads\/2021\/12\/santa-maria-mosoll-altar-300x200.jpg 300w, https:\/\/cerdanya.org\/wp-content\/uploads\/2021\/12\/santa-maria-mosoll-altar-768x512.jpg 768w, https:\/\/cerdanya.org\/wp-content\/uploads\/2021\/12\/santa-maria-mosoll-altar-705x470.jpg 705w, https:\/\/cerdanya.org\/wp-content\/uploads\/2021\/12\/santa-maria-mosoll-altar.jpg 1500w\" data-sizes=\"(max-width: 1030px) 100vw, 1030px\"  data-onclick='1' title='Santa Maria de Mosoll' ><span class='avia-gallery-big-inner'  itemprop=\"thumbnailUrl\" ><img decoding=\"async\" fetchpriority=\"high\" class=\"wp-image-18740 avia-img-lazy-loading-not-18740\"  width=\"495\" height=\"400\" src=\"https:\/\/cerdanya.org\/wp-content\/uploads\/2021\/12\/santa-maria-mosoll-altar-495x400.jpg\" title='7. DAS- Santa Maria de Mosoll' alt='Santa Maria de Mosoll' srcset=\"https:\/\/cerdanya.org\/wp-content\/uploads\/2021\/12\/santa-maria-mosoll-altar-495x400.jpg 495w, https:\/\/cerdanya.org\/wp-content\/uploads\/2021\/12\/santa-maria-mosoll-altar-845x684.jpg 845w\" sizes=\"(max-width: 495px) 100vw, 495px\" \/><span class='avia-gallery-caption'>Santa Maria de Mosoll<\/span><\/span><\/a><\/div><div class='avia-gallery-thumb'><a href=\"https:\/\/cerdanya.org\/wp-content\/uploads\/2021\/12\/santa-maria-mosoll-altar-1030x687.jpg\" data-srcset=\"https:\/\/cerdanya.org\/wp-content\/uploads\/2021\/12\/santa-maria-mosoll-altar-1030x687.jpg 1030w, https:\/\/cerdanya.org\/wp-content\/uploads\/2021\/12\/santa-maria-mosoll-altar-300x200.jpg 300w, https:\/\/cerdanya.org\/wp-content\/uploads\/2021\/12\/santa-maria-mosoll-altar-768x512.jpg 768w, https:\/\/cerdanya.org\/wp-content\/uploads\/2021\/12\/santa-maria-mosoll-altar-705x470.jpg 705w, https:\/\/cerdanya.org\/wp-content\/uploads\/2021\/12\/santa-maria-mosoll-altar.jpg 1500w\" data-sizes=\"(max-width: 1030px) 100vw, 1030px\" data-rel='gallery-1' data-prev-img='https:\/\/cerdanya.org\/wp-content\/uploads\/2021\/12\/santa-maria-mosoll-altar-495x400.jpg' class='first_thumb lightbox ' data-onclick='1' title='Santa Maria de Mosoll'  itemprop=\"thumbnailUrl\"  ><img decoding=\"async\" fetchpriority=\"high\" class=\"wp-image-18740 avia-img-lazy-loading-not-18740\"  data-avia-tooltip='Santa Maria de Mosoll' src=\"https:\/\/cerdanya.org\/wp-content\/uploads\/2021\/12\/santa-maria-mosoll-altar-495x400.jpg\" width=\"495\" height=\"400\"  title='7. DAS- Santa Maria de Mosoll' alt='Santa Maria de Mosoll' srcset=\"https:\/\/cerdanya.org\/wp-content\/uploads\/2021\/12\/santa-maria-mosoll-altar-495x400.jpg 495w, https:\/\/cerdanya.org\/wp-content\/uploads\/2021\/12\/santa-maria-mosoll-altar-845x684.jpg 845w\" sizes=\"(max-width: 495px) 100vw, 495px\" \/><div class='big-prev-fake'><img decoding=\"async\" loading=\"lazy\" class=\"wp-image-18740 avia-img-lazy-loading-18740\"  width=\"495\" height=\"400\" src=\"https:\/\/cerdanya.org\/wp-content\/uploads\/2021\/12\/santa-maria-mosoll-altar-495x400.jpg\" title='7. DAS- Santa Maria de Mosoll' alt='Santa Maria de Mosoll' srcset=\"https:\/\/cerdanya.org\/wp-content\/uploads\/2021\/12\/santa-maria-mosoll-altar-495x400.jpg 495w, https:\/\/cerdanya.org\/wp-content\/uploads\/2021\/12\/santa-maria-mosoll-altar-845x684.jpg 845w\" sizes=\"auto, (max-width: 495px) 100vw, 495px\" \/><\/div><\/a><a href=\"https:\/\/cerdanya.org\/wp-content\/uploads\/2021\/12\/santa-maria-mosoll-1-1030x687.jpg\" data-srcset=\"https:\/\/cerdanya.org\/wp-content\/uploads\/2021\/12\/santa-maria-mosoll-1-1030x687.jpg 1030w, https:\/\/cerdanya.org\/wp-content\/uploads\/2021\/12\/santa-maria-mosoll-1-300x200.jpg 300w, https:\/\/cerdanya.org\/wp-content\/uploads\/2021\/12\/santa-maria-mosoll-1-768x512.jpg 768w, https:\/\/cerdanya.org\/wp-content\/uploads\/2021\/12\/santa-maria-mosoll-1-705x470.jpg 705w, https:\/\/cerdanya.org\/wp-content\/uploads\/2021\/12\/santa-maria-mosoll-1.jpg 1500w\" data-sizes=\"(max-width: 1030px) 100vw, 1030px\" data-rel='gallery-1' data-prev-img='https:\/\/cerdanya.org\/wp-content\/uploads\/2021\/12\/santa-maria-mosoll-1-495x400.jpg' class='lightbox ' data-onclick='2' title='Santa Maria de Mosoll'  itemprop=\"thumbnailUrl\"  ><img decoding=\"async\" fetchpriority=\"high\" class=\"wp-image-18742 avia-img-lazy-loading-not-18742\"  data-avia-tooltip='Santa Maria de Mosoll' src=\"https:\/\/cerdanya.org\/wp-content\/uploads\/2021\/12\/santa-maria-mosoll-1-495x400.jpg\" width=\"495\" height=\"400\"  title='7. DAS- Santa Maria de Mosoll' alt='Santa Maria de Mosoll' srcset=\"https:\/\/cerdanya.org\/wp-content\/uploads\/2021\/12\/santa-maria-mosoll-1-495x400.jpg 495w, https:\/\/cerdanya.org\/wp-content\/uploads\/2021\/12\/santa-maria-mosoll-1-845x684.jpg 845w\" sizes=\"(max-width: 495px) 100vw, 495px\" \/><div class='big-prev-fake'><img decoding=\"async\" loading=\"lazy\" class=\"wp-image-18742 avia-img-lazy-loading-18742\"  width=\"495\" height=\"400\" src=\"https:\/\/cerdanya.org\/wp-content\/uploads\/2021\/12\/santa-maria-mosoll-1-495x400.jpg\" title='7. DAS- Santa Maria de Mosoll' alt='Santa Maria de Mosoll' srcset=\"https:\/\/cerdanya.org\/wp-content\/uploads\/2021\/12\/santa-maria-mosoll-1-495x400.jpg 495w, https:\/\/cerdanya.org\/wp-content\/uploads\/2021\/12\/santa-maria-mosoll-1-845x684.jpg 845w\" sizes=\"auto, (max-width: 495px) 100vw, 495px\" \/><\/div><\/a><a href=\"https:\/\/cerdanya.org\/wp-content\/uploads\/2021\/12\/santa-maria-mosoll-sostre-1030x687.jpg\" data-srcset=\"https:\/\/cerdanya.org\/wp-content\/uploads\/2021\/12\/santa-maria-mosoll-sostre-1030x687.jpg 1030w, https:\/\/cerdanya.org\/wp-content\/uploads\/2021\/12\/santa-maria-mosoll-sostre-300x200.jpg 300w, https:\/\/cerdanya.org\/wp-content\/uploads\/2021\/12\/santa-maria-mosoll-sostre-768x512.jpg 768w, https:\/\/cerdanya.org\/wp-content\/uploads\/2021\/12\/santa-maria-mosoll-sostre-705x470.jpg 705w, https:\/\/cerdanya.org\/wp-content\/uploads\/2021\/12\/santa-maria-mosoll-sostre.jpg 1500w\" data-sizes=\"(max-width: 1030px) 100vw, 1030px\" data-rel='gallery-1' data-prev-img='https:\/\/cerdanya.org\/wp-content\/uploads\/2021\/12\/santa-maria-mosoll-sostre-495x400.jpg' class='lightbox ' data-onclick='3' title='Santa Maria de Mosoll'  itemprop=\"thumbnailUrl\"  ><img decoding=\"async\" fetchpriority=\"high\" class=\"wp-image-18743 avia-img-lazy-loading-not-18743\"  data-avia-tooltip='Santa Maria de Mosoll' src=\"https:\/\/cerdanya.org\/wp-content\/uploads\/2021\/12\/santa-maria-mosoll-sostre-495x400.jpg\" width=\"495\" height=\"400\"  title='7. DAS- Santa Maria de Mosoll' alt='Santa Maria de Mosoll' srcset=\"https:\/\/cerdanya.org\/wp-content\/uploads\/2021\/12\/santa-maria-mosoll-sostre-495x400.jpg 495w, https:\/\/cerdanya.org\/wp-content\/uploads\/2021\/12\/santa-maria-mosoll-sostre-845x684.jpg 845w\" sizes=\"(max-width: 495px) 100vw, 495px\" \/><div class='big-prev-fake'><img decoding=\"async\" loading=\"lazy\" class=\"wp-image-18743 avia-img-lazy-loading-18743\"  width=\"495\" height=\"400\" src=\"https:\/\/cerdanya.org\/wp-content\/uploads\/2021\/12\/santa-maria-mosoll-sostre-495x400.jpg\" title='7. DAS- Santa Maria de Mosoll' alt='Santa Maria de Mosoll' srcset=\"https:\/\/cerdanya.org\/wp-content\/uploads\/2021\/12\/santa-maria-mosoll-sostre-495x400.jpg 495w, https:\/\/cerdanya.org\/wp-content\/uploads\/2021\/12\/santa-maria-mosoll-sostre-845x684.jpg 845w\" sizes=\"auto, (max-width: 495px) 100vw, 495px\" \/><\/div><\/a><a href=\"https:\/\/cerdanya.org\/wp-content\/uploads\/2021\/12\/santa-maria-mosoll-darrere-1030x687.jpg\" data-srcset=\"https:\/\/cerdanya.org\/wp-content\/uploads\/2021\/12\/santa-maria-mosoll-darrere-1030x687.jpg 1030w, https:\/\/cerdanya.org\/wp-content\/uploads\/2021\/12\/santa-maria-mosoll-darrere-300x200.jpg 300w, https:\/\/cerdanya.org\/wp-content\/uploads\/2021\/12\/santa-maria-mosoll-darrere-768x512.jpg 768w, https:\/\/cerdanya.org\/wp-content\/uploads\/2021\/12\/santa-maria-mosoll-darrere-705x470.jpg 705w, https:\/\/cerdanya.org\/wp-content\/uploads\/2021\/12\/santa-maria-mosoll-darrere.jpg 1500w\" data-sizes=\"(max-width: 1030px) 100vw, 1030px\" data-rel='gallery-1' data-prev-img='https:\/\/cerdanya.org\/wp-content\/uploads\/2021\/12\/santa-maria-mosoll-darrere-495x400.jpg' class='lightbox ' data-onclick='4' title='Santa Maria de Mosoll'  itemprop=\"thumbnailUrl\"  ><img decoding=\"async\" fetchpriority=\"high\" class=\"wp-image-18744 avia-img-lazy-loading-not-18744\"  data-avia-tooltip='Santa Maria de Mosoll' src=\"https:\/\/cerdanya.org\/wp-content\/uploads\/2021\/12\/santa-maria-mosoll-darrere-495x400.jpg\" width=\"495\" height=\"400\"  title='7. DAS- Santa Maria de Mosoll' alt='Santa Maria de Mosoll' srcset=\"https:\/\/cerdanya.org\/wp-content\/uploads\/2021\/12\/santa-maria-mosoll-darrere-495x400.jpg 495w, https:\/\/cerdanya.org\/wp-content\/uploads\/2021\/12\/santa-maria-mosoll-darrere-845x684.jpg 845w\" sizes=\"(max-width: 495px) 100vw, 495px\" \/><div class='big-prev-fake'><img decoding=\"async\" loading=\"lazy\" class=\"wp-image-18744 avia-img-lazy-loading-18744\"  width=\"495\" height=\"400\" src=\"https:\/\/cerdanya.org\/wp-content\/uploads\/2021\/12\/santa-maria-mosoll-darrere-495x400.jpg\" title='7. DAS- Santa Maria de Mosoll' alt='Santa Maria de Mosoll' srcset=\"https:\/\/cerdanya.org\/wp-content\/uploads\/2021\/12\/santa-maria-mosoll-darrere-495x400.jpg 495w, https:\/\/cerdanya.org\/wp-content\/uploads\/2021\/12\/santa-maria-mosoll-darrere-845x684.jpg 845w\" sizes=\"auto, (max-width: 495px) 100vw, 495px\" \/><\/div><\/a><a href=\"https:\/\/cerdanya.org\/wp-content\/uploads\/2021\/12\/santa-maria-mosoll-frontal-1030x687.jpg\" data-srcset=\"https:\/\/cerdanya.org\/wp-content\/uploads\/2021\/12\/santa-maria-mosoll-frontal-1030x687.jpg 1030w, https:\/\/cerdanya.org\/wp-content\/uploads\/2021\/12\/santa-maria-mosoll-frontal-300x200.jpg 300w, https:\/\/cerdanya.org\/wp-content\/uploads\/2021\/12\/santa-maria-mosoll-frontal-768x512.jpg 768w, https:\/\/cerdanya.org\/wp-content\/uploads\/2021\/12\/santa-maria-mosoll-frontal-705x470.jpg 705w, https:\/\/cerdanya.org\/wp-content\/uploads\/2021\/12\/santa-maria-mosoll-frontal.jpg 1500w\" data-sizes=\"(max-width: 1030px) 100vw, 1030px\" data-rel='gallery-1' data-prev-img='https:\/\/cerdanya.org\/wp-content\/uploads\/2021\/12\/santa-maria-mosoll-frontal-495x400.jpg' class='lightbox ' data-onclick='5' title='Santa Maria de Mosoll'  itemprop=\"thumbnailUrl\"  ><img decoding=\"async\" fetchpriority=\"high\" class=\"wp-image-18745 avia-img-lazy-loading-not-18745\"  data-avia-tooltip='Santa Maria de Mosoll' src=\"https:\/\/cerdanya.org\/wp-content\/uploads\/2021\/12\/santa-maria-mosoll-frontal-495x400.jpg\" width=\"495\" height=\"400\"  title='7. DAS- Santa Maria de Mosoll' alt='Santa Maria de Mosoll' srcset=\"https:\/\/cerdanya.org\/wp-content\/uploads\/2021\/12\/santa-maria-mosoll-frontal-495x400.jpg 495w, https:\/\/cerdanya.org\/wp-content\/uploads\/2021\/12\/santa-maria-mosoll-frontal-845x684.jpg 845w\" sizes=\"(max-width: 495px) 100vw, 495px\" \/><div class='big-prev-fake'><img decoding=\"async\" loading=\"lazy\" class=\"wp-image-18745 avia-img-lazy-loading-18745\"  width=\"495\" height=\"400\" src=\"https:\/\/cerdanya.org\/wp-content\/uploads\/2021\/12\/santa-maria-mosoll-frontal-495x400.jpg\" title='7. DAS- Santa Maria de Mosoll' alt='Santa Maria de Mosoll' srcset=\"https:\/\/cerdanya.org\/wp-content\/uploads\/2021\/12\/santa-maria-mosoll-frontal-495x400.jpg 495w, https:\/\/cerdanya.org\/wp-content\/uploads\/2021\/12\/santa-maria-mosoll-frontal-845x684.jpg 845w\" sizes=\"auto, (max-width: 495px) 100vw, 495px\" \/><\/div><\/a><a href=\"https:\/\/cerdanya.org\/wp-content\/uploads\/2021\/12\/santa-maria-mosoll-pica-1030x687.jpg\" data-srcset=\"https:\/\/cerdanya.org\/wp-content\/uploads\/2021\/12\/santa-maria-mosoll-pica-1030x687.jpg 1030w, https:\/\/cerdanya.org\/wp-content\/uploads\/2021\/12\/santa-maria-mosoll-pica-300x200.jpg 300w, https:\/\/cerdanya.org\/wp-content\/uploads\/2021\/12\/santa-maria-mosoll-pica-768x512.jpg 768w, https:\/\/cerdanya.org\/wp-content\/uploads\/2021\/12\/santa-maria-mosoll-pica-705x470.jpg 705w, https:\/\/cerdanya.org\/wp-content\/uploads\/2021\/12\/santa-maria-mosoll-pica.jpg 1500w\" data-sizes=\"(max-width: 1030px) 100vw, 1030px\" data-rel='gallery-1' data-prev-img='https:\/\/cerdanya.org\/wp-content\/uploads\/2021\/12\/santa-maria-mosoll-pica-495x400.jpg' class='first_thumb lightbox ' data-onclick='6' title='Santa Maria de Mosoll'  itemprop=\"thumbnailUrl\"  ><img decoding=\"async\" fetchpriority=\"high\" class=\"wp-image-18746 avia-img-lazy-loading-not-18746\"  data-avia-tooltip='Santa Maria de Mosoll' src=\"https:\/\/cerdanya.org\/wp-content\/uploads\/2021\/12\/santa-maria-mosoll-pica-495x400.jpg\" width=\"495\" height=\"400\"  title='7. DAS- Santa Maria de Mosoll' alt='Santa Maria de Mosoll' srcset=\"https:\/\/cerdanya.org\/wp-content\/uploads\/2021\/12\/santa-maria-mosoll-pica-495x400.jpg 495w, https:\/\/cerdanya.org\/wp-content\/uploads\/2021\/12\/santa-maria-mosoll-pica-845x684.jpg 845w\" sizes=\"(max-width: 495px) 100vw, 495px\" \/><div class='big-prev-fake'><img decoding=\"async\" loading=\"lazy\" class=\"wp-image-18746 avia-img-lazy-loading-18746\"  width=\"495\" height=\"400\" src=\"https:\/\/cerdanya.org\/wp-content\/uploads\/2021\/12\/santa-maria-mosoll-pica-495x400.jpg\" title='7. DAS- Santa Maria de Mosoll' alt='Santa Maria de Mosoll' srcset=\"https:\/\/cerdanya.org\/wp-content\/uploads\/2021\/12\/santa-maria-mosoll-pica-495x400.jpg 495w, https:\/\/cerdanya.org\/wp-content\/uploads\/2021\/12\/santa-maria-mosoll-pica-845x684.jpg 845w\" sizes=\"auto, (max-width: 495px) 100vw, 495px\" \/><\/div><\/a><a href=\"https:\/\/cerdanya.org\/wp-content\/uploads\/2021\/12\/santa-maria-mosoll-pedra-1030x687.jpg\" data-srcset=\"https:\/\/cerdanya.org\/wp-content\/uploads\/2021\/12\/santa-maria-mosoll-pedra-1030x687.jpg 1030w, https:\/\/cerdanya.org\/wp-content\/uploads\/2021\/12\/santa-maria-mosoll-pedra-300x200.jpg 300w, https:\/\/cerdanya.org\/wp-content\/uploads\/2021\/12\/santa-maria-mosoll-pedra-768x512.jpg 768w, https:\/\/cerdanya.org\/wp-content\/uploads\/2021\/12\/santa-maria-mosoll-pedra-705x470.jpg 705w, https:\/\/cerdanya.org\/wp-content\/uploads\/2021\/12\/santa-maria-mosoll-pedra.jpg 1500w\" data-sizes=\"(max-width: 1030px) 100vw, 1030px\" data-rel='gallery-1' data-prev-img='https:\/\/cerdanya.org\/wp-content\/uploads\/2021\/12\/santa-maria-mosoll-pedra-495x400.jpg' class='lightbox ' data-onclick='7' title='Santa Maria de Mosoll'  itemprop=\"thumbnailUrl\"  ><img decoding=\"async\" fetchpriority=\"high\" class=\"wp-image-18748 avia-img-lazy-loading-not-18748\"  data-avia-tooltip='Santa Maria de Mosoll' src=\"https:\/\/cerdanya.org\/wp-content\/uploads\/2021\/12\/santa-maria-mosoll-pedra-495x400.jpg\" width=\"495\" height=\"400\"  title='7. DAS- Santa Maria de Mosoll' alt='Santa Maria de Mosoll' srcset=\"https:\/\/cerdanya.org\/wp-content\/uploads\/2021\/12\/santa-maria-mosoll-pedra-495x400.jpg 495w, https:\/\/cerdanya.org\/wp-content\/uploads\/2021\/12\/santa-maria-mosoll-pedra-845x684.jpg 845w\" sizes=\"(max-width: 495px) 100vw, 495px\" \/><div class='big-prev-fake'><img decoding=\"async\" loading=\"lazy\" class=\"wp-image-18748 avia-img-lazy-loading-18748\"  width=\"495\" height=\"400\" src=\"https:\/\/cerdanya.org\/wp-content\/uploads\/2021\/12\/santa-maria-mosoll-pedra-495x400.jpg\" title='7. DAS- Santa Maria de Mosoll' alt='Santa Maria de Mosoll' srcset=\"https:\/\/cerdanya.org\/wp-content\/uploads\/2021\/12\/santa-maria-mosoll-pedra-495x400.jpg 495w, https:\/\/cerdanya.org\/wp-content\/uploads\/2021\/12\/santa-maria-mosoll-pedra-845x684.jpg 845w\" sizes=\"auto, (max-width: 495px) 100vw, 495px\" \/><\/div><\/a><\/div><\/div><\/div>\n<style type=\"text\/css\" data-created_by=\"avia_inline_auto\" id=\"style-css-av-13qih77-00e4eae9d0b6c138f9ba0e0aa3d8fb95\">\n.flex_column.av-13qih77-00e4eae9d0b6c138f9ba0e0aa3d8fb95{\nborder-radius:0px 0px 0px 0px;\npadding:0px 0px 0px 0px;\n}\n<\/style>\n<div  class='flex_column av-13qih77-00e4eae9d0b6c138f9ba0e0aa3d8fb95 av_one_full  avia-builder-el-5  el_after_av_one_half  el_before_av_one_half  first flex_column_div av-zero-column-padding  column-top-margin'     ><style type=\"text\/css\" data-created_by=\"avia_inline_auto\" id=\"style-css-av-kwp2dp8f-f55138033d46035ff7ae47226ad7fa00\">\n#top .hr.hr-invisible.av-kwp2dp8f-f55138033d46035ff7ae47226ad7fa00{\nheight:20px;\n}\n<\/style>\n<div  class='hr av-kwp2dp8f-f55138033d46035ff7ae47226ad7fa00 hr-invisible  avia-builder-el-6  avia-builder-el-no-sibling '><span class='hr-inner '><span class=\"hr-inner-style\"><\/span><\/span><\/div><\/div><\/p>\n\n<style type=\"text\/css\" data-created_by=\"avia_inline_auto\" id=\"style-css-av-zl93uq-4474fd663d2e1616b0c9e20d88c0d2e5\">\n.flex_column.av-zl93uq-4474fd663d2e1616b0c9e20d88c0d2e5{\nborder-radius:0px 0px 0px 0px;\npadding:0px 0px 0px 0px;\n}\n<\/style>\n<div  class='flex_column av-zl93uq-4474fd663d2e1616b0c9e20d88c0d2e5 av_one_half  avia-builder-el-7  el_after_av_one_full  avia-builder-el-last  first flex_column_div av-zero-column-padding  column-top-margin'     ><p>\n<style type=\"text\/css\" data-created_by=\"avia_inline_auto\" id=\"style-css-av-uzk676-589c7b50a4fcfebf5762aecbdf448b7d\">\n#top .av-special-heading.av-uzk676-589c7b50a4fcfebf5762aecbdf448b7d{\npadding-bottom:10px;\n}\nbody .av-special-heading.av-uzk676-589c7b50a4fcfebf5762aecbdf448b7d .av-special-heading-tag .heading-char{\nfont-size:25px;\n}\n.av-special-heading.av-uzk676-589c7b50a4fcfebf5762aecbdf448b7d .av-subheading{\nfont-size:15px;\n}\n<\/style>\n<div  class='av-special-heading av-uzk676-589c7b50a4fcfebf5762aecbdf448b7d av-special-heading-h5  avia-builder-el-8  el_before_av_image  avia-builder-el-first '><h5 class='av-special-heading-tag '  itemprop=\"headline\"  >Planta y secci\u00f3n<\/h5><div class=\"special-heading-border\"><div class=\"special-heading-inner-border\"><\/div><\/div><\/div><br \/>\n\n<style type=\"text\/css\" data-created_by=\"avia_inline_auto\" id=\"style-css-av-kxq3y8fx-0411de1771cb6ca07c9b8c141442dff2\">\n.avia-image-container.av-kxq3y8fx-0411de1771cb6ca07c9b8c141442dff2 img.avia_image{\nbox-shadow:none;\n}\n.avia-image-container.av-kxq3y8fx-0411de1771cb6ca07c9b8c141442dff2 .av-image-caption-overlay-center{\ncolor:#ffffff;\n}\n<\/style>\n<div  class='avia-image-container av-kxq3y8fx-0411de1771cb6ca07c9b8c141442dff2 av-styling- avia-align-center  avia-builder-el-9  el_after_av_heading  avia-builder-el-last '   itemprop=\"image\" itemscope=\"itemscope\" itemtype=\"https:\/\/schema.org\/ImageObject\" ><div class=\"avia-image-container-inner\"><div class=\"avia-image-overlay-wrap\"><img decoding=\"async\" fetchpriority=\"high\" class='wp-image-18738 avia-img-lazy-loading-not-18738 avia_image ' src=\"https:\/\/cerdanya.org\/wp-content\/uploads\/2021\/12\/santa-maria-Mosoll-1030x494.jpg\" alt='Santa Maria de Mosoll' title='santa-maria-Mosoll'  height=\"494\" width=\"1030\"  itemprop=\"thumbnailUrl\" srcset=\"https:\/\/cerdanya.org\/wp-content\/uploads\/2021\/12\/santa-maria-Mosoll-1030x494.jpg 1030w, https:\/\/cerdanya.org\/wp-content\/uploads\/2021\/12\/santa-maria-Mosoll-300x144.jpg 300w, https:\/\/cerdanya.org\/wp-content\/uploads\/2021\/12\/santa-maria-Mosoll-768x368.jpg 768w, https:\/\/cerdanya.org\/wp-content\/uploads\/2021\/12\/santa-maria-Mosoll-705x338.jpg 705w, https:\/\/cerdanya.org\/wp-content\/uploads\/2021\/12\/santa-maria-Mosoll.jpg 1500w\" sizes=\"(max-width: 1030px) 100vw, 1030px\" \/><\/div><\/div><\/div><\/p><\/div>\n","protected":false},"excerpt":{"rendered":"","protected":false},"author":3,"featured_media":18349,"parent":26658,"menu_order":50,"comment_status":"closed","ping_status":"closed","template":"","meta":{"footnotes":""},"class_list":["post-30047","page","type-page","status-publish","has-post-thumbnail","hentry"],"_links":{"self":[{"href":"https:\/\/cerdanya.org\/es\/wp-json\/wp\/v2\/pages\/30047","targetHints":{"allow":["GET"]}}],"collection":[{"href":"https:\/\/cerdanya.org\/es\/wp-json\/wp\/v2\/pages"}],"about":[{"href":"https:\/\/cerdanya.org\/es\/wp-json\/wp\/v2\/types\/page"}],"author":[{"embeddable":true,"href":"https:\/\/cerdanya.org\/es\/wp-json\/wp\/v2\/users\/3"}],"replies":[{"embeddable":true,"href":"https:\/\/cerdanya.org\/es\/wp-json\/wp\/v2\/comments?post=30047"}],"version-history":[{"count":0,"href":"https:\/\/cerdanya.org\/es\/wp-json\/wp\/v2\/pages\/30047\/revisions"}],"up":[{"embeddable":true,"href":"https:\/\/cerdanya.org\/es\/wp-json\/wp\/v2\/pages\/26658"}],"wp:featuredmedia":[{"embeddable":true,"href":"https:\/\/cerdanya.org\/es\/wp-json\/wp\/v2\/media\/18349"}],"wp:attachment":[{"href":"https:\/\/cerdanya.org\/es\/wp-json\/wp\/v2\/media?parent=30047"}],"curies":[{"name":"wp","href":"https:\/\/api.w.org\/{rel}","templated":true}]}}