{"id":30044,"date":"2022-04-06T22:43:01","date_gmt":"2022-04-06T20:43:01","guid":{"rendered":"http:\/\/www.cerdanya.org\/que-hacer\/turismo-cultural\/patrimonio-cultural\/das\/sant-julia-de-tartera\/"},"modified":"2022-04-28T22:37:23","modified_gmt":"2022-04-28T20:37:23","slug":"sant-julia-de-tartera","status":"publish","type":"page","link":"https:\/\/cerdanya.org\/es\/que-hacer\/turismo-cultural\/patrimonio-cultural\/das\/sant-julia-de-tartera\/","title":{"rendered":"Sant Juli\u00e0 de Tartera"},"content":{"rendered":"\n<style type=\"text\/css\" data-created_by=\"avia_inline_auto\" id=\"style-css-av-36rb4oj-ba4d95154227ed0d8a771e7152bf9e9e\">\n.flex_column.av-36rb4oj-ba4d95154227ed0d8a771e7152bf9e9e{\nborder-radius:0px 0px 0px 0px;\npadding:0px 0px 0px 0px;\n}\n<\/style>\n<div  class='flex_column av-36rb4oj-ba4d95154227ed0d8a771e7152bf9e9e av_one_half  avia-builder-el-0  el_before_av_one_half  avia-builder-el-first  first flex_column_div av-zero-column-padding  '     ><p>\n<style type=\"text\/css\" data-created_by=\"avia_inline_auto\" id=\"style-css-av-1rgzsm4-ef0795f0ec29d0470d06979041ddfdb6\">\n#top .av-special-heading.av-1rgzsm4-ef0795f0ec29d0470d06979041ddfdb6{\npadding-bottom:10px;\n}\nbody .av-special-heading.av-1rgzsm4-ef0795f0ec29d0470d06979041ddfdb6 .av-special-heading-tag .heading-char{\nfont-size:25px;\n}\n.av-special-heading.av-1rgzsm4-ef0795f0ec29d0470d06979041ddfdb6 .av-subheading{\nfont-size:15px;\n}\n<\/style>\n<div  class='av-special-heading av-1rgzsm4-ef0795f0ec29d0470d06979041ddfdb6 av-special-heading-h5  avia-builder-el-1  el_before_av_textblock  avia-builder-el-first '><h5 class='av-special-heading-tag '  itemprop=\"headline\"  >Descripci\u00f3n<\/h5><div class=\"special-heading-border\"><div class=\"special-heading-inner-border\"><\/div><\/div><\/div><br \/>\n<section  class='av_textblock_section av-ksyomoyl-25f1f3c8b1a0a9b03a6473be4799410f '   itemscope=\"itemscope\" itemtype=\"https:\/\/schema.org\/CreativeWork\" ><div class='avia_textblock'  itemprop=\"text\" ><p>Es un edificio \u00fanico por sus dos naves desiguales pero cobijadas bajo la misma cubierta. Est\u00e1n copadas a levante por los respectivos \u00e1bsides semicirculares con la respectiva ventana en medio, aunque de caracter\u00edsticas diferentes, y cubiertos con b\u00f3vedas de cuarto de esfera. Aunque la nave peque\u00f1a es posterior, ambas corresponden a una construcci\u00f3n rom\u00e1nica construida posiblemente en el siglo XII. La nave grande deb\u00eda estar cubierta originariamente por b\u00f3veda de ca\u00f1\u00f3n de perfil semicircular y, sustituido posteriormente por la actual de perfil apuntado apoyada sobre una hilada de arcos formeros situados a cada lado de la nave.<\/p>\n<p>La nave peque\u00f1a se comunica con la grande mediante una arcada. Esta nave est\u00e1 cubierta con una b\u00f3veda de medio punto.<\/p>\n<p>El acceso al templo se abre al muro de tramontana con una puerta de dos arcos en degradaci\u00f3n que arrancan de impostas achaflanadas. En la parte interior conserva el quicio en el suelo y arriba un gancho de piedra para sujetar los ba\u00f1os. La fachada de poniente est\u00e1 coronada por un peque\u00f1o campanario de espada\u00f1a, y la de la nave peque\u00f1a tiene una ventanilla de derrame simple.<\/p>\n<\/div><\/section><\/p><\/div>\n<style type=\"text\/css\" data-created_by=\"avia_inline_auto\" id=\"style-css-av-2coqnf7-fe66bdd07c1c8428c9bfcd41c861e712\">\n.flex_column.av-2coqnf7-fe66bdd07c1c8428c9bfcd41c861e712{\nborder-radius:0px 0px 0px 0px;\npadding:0px 0px 0px 0px;\n}\n<\/style>\n<div  class='flex_column av-2coqnf7-fe66bdd07c1c8428c9bfcd41c861e712 av_one_half  avia-builder-el-3  el_after_av_one_half  el_before_av_one_full  flex_column_div av-zero-column-padding  '     ><style type=\"text\/css\" data-created_by=\"avia_inline_auto\" id=\"style-css-av-29ooh4j-c7688fed93c885ff48de529fdb9e605e\">\n#top .avia-gallery.av-29ooh4j-c7688fed93c885ff48de529fdb9e605e .avia-gallery-thumb a{\nwidth:20%;\n}\n<\/style>\n<div  class='avia-gallery av-29ooh4j-c7688fed93c885ff48de529fdb9e605e avia_animate_when_visible  avia-builder-el-4  avia-builder-el-no-sibling  avia_lazyload av-slideshow-ui av-loop-manual-endless av-control-hidden av-navigate-arrows av-navigate-dots hover-effect av-control-hidden avia-gallery-animate avia-gallery-1'  itemprop=\"image\" itemscope=\"itemscope\" itemtype=\"https:\/\/schema.org\/ImageObject\" ><meta itemprop=\"contentURL\" content=\"https:\/\/cerdanya.org\/es\/que-hacer\/turismo-cultural\/patrimonio-cultural\/das\/sant-julia-de-tartera\/\"><div class='avia-gallery-big-wrapper'><a class='avia-gallery-big fakeLightbox lightbox avia-gallery-big-crop-thumb ' href=\"https:\/\/cerdanya.org\/wp-content\/uploads\/2021\/12\/sant-julia-tartera--1030x687.jpg\" data-srcset=\"https:\/\/cerdanya.org\/wp-content\/uploads\/2021\/12\/sant-julia-tartera--1030x687.jpg 1030w, https:\/\/cerdanya.org\/wp-content\/uploads\/2021\/12\/sant-julia-tartera--300x200.jpg 300w, https:\/\/cerdanya.org\/wp-content\/uploads\/2021\/12\/sant-julia-tartera--768x513.jpg 768w, https:\/\/cerdanya.org\/wp-content\/uploads\/2021\/12\/sant-julia-tartera--705x470.jpg 705w, https:\/\/cerdanya.org\/wp-content\/uploads\/2021\/12\/sant-julia-tartera-.jpg 1500w\" data-sizes=\"(max-width: 1030px) 100vw, 1030px\"  data-onclick='1' title='Sant Juli\u00e0 de Tartera' ><span class='avia-gallery-big-inner'  itemprop=\"thumbnailUrl\" ><img decoding=\"async\" fetchpriority=\"high\" class=\"wp-image-18705 avia-img-lazy-loading-not-18705\"  width=\"495\" height=\"400\" src=\"https:\/\/cerdanya.org\/wp-content\/uploads\/2021\/12\/sant-julia-tartera--495x400.jpg\" title='10. DAS- Sant Julia\u0300 de Tartera' alt='Sant Juli\u00e0 de Tartera' srcset=\"https:\/\/cerdanya.org\/wp-content\/uploads\/2021\/12\/sant-julia-tartera--495x400.jpg 495w, https:\/\/cerdanya.org\/wp-content\/uploads\/2021\/12\/sant-julia-tartera--845x684.jpg 845w\" sizes=\"(max-width: 495px) 100vw, 495px\" \/><span class='avia-gallery-caption'>Sant Juli\u00e0 de Tartera<\/span><\/span><\/a><\/div><div class='avia-gallery-thumb'><a href=\"https:\/\/cerdanya.org\/wp-content\/uploads\/2021\/12\/sant-julia-tartera--1030x687.jpg\" data-srcset=\"https:\/\/cerdanya.org\/wp-content\/uploads\/2021\/12\/sant-julia-tartera--1030x687.jpg 1030w, https:\/\/cerdanya.org\/wp-content\/uploads\/2021\/12\/sant-julia-tartera--300x200.jpg 300w, https:\/\/cerdanya.org\/wp-content\/uploads\/2021\/12\/sant-julia-tartera--768x513.jpg 768w, https:\/\/cerdanya.org\/wp-content\/uploads\/2021\/12\/sant-julia-tartera--705x470.jpg 705w, https:\/\/cerdanya.org\/wp-content\/uploads\/2021\/12\/sant-julia-tartera-.jpg 1500w\" data-sizes=\"(max-width: 1030px) 100vw, 1030px\" data-rel='gallery-1' data-prev-img='https:\/\/cerdanya.org\/wp-content\/uploads\/2021\/12\/sant-julia-tartera--495x400.jpg' class='first_thumb lightbox ' data-onclick='1' title='Sant Juli\u00e0 de Tartera'  itemprop=\"thumbnailUrl\"  ><img decoding=\"async\" fetchpriority=\"high\" class=\"wp-image-18705 avia-img-lazy-loading-not-18705\"  data-avia-tooltip='Sant Juli\u00e0 de Tartera' src=\"https:\/\/cerdanya.org\/wp-content\/uploads\/2021\/12\/sant-julia-tartera--495x400.jpg\" width=\"495\" height=\"400\"  title='10. DAS- Sant Julia\u0300 de Tartera' alt='Sant Juli\u00e0 de Tartera' srcset=\"https:\/\/cerdanya.org\/wp-content\/uploads\/2021\/12\/sant-julia-tartera--495x400.jpg 495w, https:\/\/cerdanya.org\/wp-content\/uploads\/2021\/12\/sant-julia-tartera--845x684.jpg 845w\" sizes=\"(max-width: 495px) 100vw, 495px\" \/><div class='big-prev-fake'><img decoding=\"async\" loading=\"lazy\" class=\"wp-image-18705 avia-img-lazy-loading-18705\"  width=\"495\" height=\"400\" src=\"https:\/\/cerdanya.org\/wp-content\/uploads\/2021\/12\/sant-julia-tartera--495x400.jpg\" title='10. DAS- Sant Julia\u0300 de Tartera' alt='Sant Juli\u00e0 de Tartera' srcset=\"https:\/\/cerdanya.org\/wp-content\/uploads\/2021\/12\/sant-julia-tartera--495x400.jpg 495w, https:\/\/cerdanya.org\/wp-content\/uploads\/2021\/12\/sant-julia-tartera--845x684.jpg 845w\" sizes=\"auto, (max-width: 495px) 100vw, 495px\" \/><\/div><\/a><a href=\"https:\/\/cerdanya.org\/wp-content\/uploads\/2021\/12\/sant-julia-tartera-absis-1030x687.jpg\" data-srcset=\"https:\/\/cerdanya.org\/wp-content\/uploads\/2021\/12\/sant-julia-tartera-absis-1030x687.jpg 1030w, https:\/\/cerdanya.org\/wp-content\/uploads\/2021\/12\/sant-julia-tartera-absis-300x200.jpg 300w, https:\/\/cerdanya.org\/wp-content\/uploads\/2021\/12\/sant-julia-tartera-absis-768x513.jpg 768w, https:\/\/cerdanya.org\/wp-content\/uploads\/2021\/12\/sant-julia-tartera-absis-705x470.jpg 705w, https:\/\/cerdanya.org\/wp-content\/uploads\/2021\/12\/sant-julia-tartera-absis.jpg 1500w\" data-sizes=\"(max-width: 1030px) 100vw, 1030px\" data-rel='gallery-1' data-prev-img='https:\/\/cerdanya.org\/wp-content\/uploads\/2021\/12\/sant-julia-tartera-absis-495x400.jpg' class='lightbox ' data-onclick='2' title='Sant Juli\u00e0 de Tartera'  itemprop=\"thumbnailUrl\"  ><img decoding=\"async\" fetchpriority=\"high\" class=\"wp-image-18707 avia-img-lazy-loading-not-18707\"  data-avia-tooltip='Sant Juli\u00e0 de Tartera' src=\"https:\/\/cerdanya.org\/wp-content\/uploads\/2021\/12\/sant-julia-tartera-absis-495x400.jpg\" width=\"495\" height=\"400\"  title='10. DAS- Sant Julia\u0300 de Tartera' alt='Sant Juli\u00e0 de Tartera' srcset=\"https:\/\/cerdanya.org\/wp-content\/uploads\/2021\/12\/sant-julia-tartera-absis-495x400.jpg 495w, https:\/\/cerdanya.org\/wp-content\/uploads\/2021\/12\/sant-julia-tartera-absis-845x684.jpg 845w\" sizes=\"(max-width: 495px) 100vw, 495px\" \/><div class='big-prev-fake'><img decoding=\"async\" loading=\"lazy\" class=\"wp-image-18707 avia-img-lazy-loading-18707\"  width=\"495\" height=\"400\" src=\"https:\/\/cerdanya.org\/wp-content\/uploads\/2021\/12\/sant-julia-tartera-absis-495x400.jpg\" title='10. DAS- Sant Julia\u0300 de Tartera' alt='Sant Juli\u00e0 de Tartera' srcset=\"https:\/\/cerdanya.org\/wp-content\/uploads\/2021\/12\/sant-julia-tartera-absis-495x400.jpg 495w, https:\/\/cerdanya.org\/wp-content\/uploads\/2021\/12\/sant-julia-tartera-absis-845x684.jpg 845w\" sizes=\"auto, (max-width: 495px) 100vw, 495px\" \/><\/div><\/a><a href=\"https:\/\/cerdanya.org\/wp-content\/uploads\/2021\/12\/sant-julia-tartera-cadires-1030x687.jpg\" data-srcset=\"https:\/\/cerdanya.org\/wp-content\/uploads\/2021\/12\/sant-julia-tartera-cadires-1030x687.jpg 1030w, https:\/\/cerdanya.org\/wp-content\/uploads\/2021\/12\/sant-julia-tartera-cadires-300x200.jpg 300w, https:\/\/cerdanya.org\/wp-content\/uploads\/2021\/12\/sant-julia-tartera-cadires-768x513.jpg 768w, https:\/\/cerdanya.org\/wp-content\/uploads\/2021\/12\/sant-julia-tartera-cadires-705x470.jpg 705w, https:\/\/cerdanya.org\/wp-content\/uploads\/2021\/12\/sant-julia-tartera-cadires.jpg 1500w\" data-sizes=\"(max-width: 1030px) 100vw, 1030px\" data-rel='gallery-1' data-prev-img='https:\/\/cerdanya.org\/wp-content\/uploads\/2021\/12\/sant-julia-tartera-cadires-495x400.jpg' class='lightbox ' data-onclick='3' title='Sant Juli\u00e0 de Tartera'  itemprop=\"thumbnailUrl\"  ><img decoding=\"async\" fetchpriority=\"high\" class=\"wp-image-18712 avia-img-lazy-loading-not-18712\"  data-avia-tooltip='Sant Juli\u00e0 de Tartera' src=\"https:\/\/cerdanya.org\/wp-content\/uploads\/2021\/12\/sant-julia-tartera-cadires-495x400.jpg\" width=\"495\" height=\"400\"  title='10. DAS- Sant Julia\u0300 de Tartera' alt='Sant Juli\u00e0 de Tartera' srcset=\"https:\/\/cerdanya.org\/wp-content\/uploads\/2021\/12\/sant-julia-tartera-cadires-495x400.jpg 495w, https:\/\/cerdanya.org\/wp-content\/uploads\/2021\/12\/sant-julia-tartera-cadires-845x684.jpg 845w\" sizes=\"(max-width: 495px) 100vw, 495px\" \/><div class='big-prev-fake'><img decoding=\"async\" loading=\"lazy\" class=\"wp-image-18712 avia-img-lazy-loading-18712\"  width=\"495\" height=\"400\" src=\"https:\/\/cerdanya.org\/wp-content\/uploads\/2021\/12\/sant-julia-tartera-cadires-495x400.jpg\" title='10. DAS- Sant Julia\u0300 de Tartera' alt='Sant Juli\u00e0 de Tartera' srcset=\"https:\/\/cerdanya.org\/wp-content\/uploads\/2021\/12\/sant-julia-tartera-cadires-495x400.jpg 495w, https:\/\/cerdanya.org\/wp-content\/uploads\/2021\/12\/sant-julia-tartera-cadires-845x684.jpg 845w\" sizes=\"auto, (max-width: 495px) 100vw, 495px\" \/><\/div><\/a><a href=\"https:\/\/cerdanya.org\/wp-content\/uploads\/2021\/12\/sant-julia-tartera-altar-1030x687.jpg\" data-srcset=\"https:\/\/cerdanya.org\/wp-content\/uploads\/2021\/12\/sant-julia-tartera-altar-1030x687.jpg 1030w, https:\/\/cerdanya.org\/wp-content\/uploads\/2021\/12\/sant-julia-tartera-altar-300x200.jpg 300w, https:\/\/cerdanya.org\/wp-content\/uploads\/2021\/12\/sant-julia-tartera-altar-768x513.jpg 768w, https:\/\/cerdanya.org\/wp-content\/uploads\/2021\/12\/sant-julia-tartera-altar-705x470.jpg 705w, https:\/\/cerdanya.org\/wp-content\/uploads\/2021\/12\/sant-julia-tartera-altar.jpg 1500w\" data-sizes=\"(max-width: 1030px) 100vw, 1030px\" data-rel='gallery-1' data-prev-img='https:\/\/cerdanya.org\/wp-content\/uploads\/2021\/12\/sant-julia-tartera-altar-495x400.jpg' class='lightbox ' data-onclick='4' title='Sant Juli\u00e0 de Tartera'  itemprop=\"thumbnailUrl\"  ><img decoding=\"async\" fetchpriority=\"high\" class=\"wp-image-18709 avia-img-lazy-loading-not-18709\"  data-avia-tooltip='Sant Juli\u00e0 de Tartera' src=\"https:\/\/cerdanya.org\/wp-content\/uploads\/2021\/12\/sant-julia-tartera-altar-495x400.jpg\" width=\"495\" height=\"400\"  title='10. DAS- Sant Julia\u0300 de Tartera' alt='Sant Juli\u00e0 de Tartera' srcset=\"https:\/\/cerdanya.org\/wp-content\/uploads\/2021\/12\/sant-julia-tartera-altar-495x400.jpg 495w, https:\/\/cerdanya.org\/wp-content\/uploads\/2021\/12\/sant-julia-tartera-altar-845x684.jpg 845w\" sizes=\"(max-width: 495px) 100vw, 495px\" \/><div class='big-prev-fake'><img decoding=\"async\" loading=\"lazy\" class=\"wp-image-18709 avia-img-lazy-loading-18709\"  width=\"495\" height=\"400\" src=\"https:\/\/cerdanya.org\/wp-content\/uploads\/2021\/12\/sant-julia-tartera-altar-495x400.jpg\" title='10. DAS- Sant Julia\u0300 de Tartera' alt='Sant Juli\u00e0 de Tartera' srcset=\"https:\/\/cerdanya.org\/wp-content\/uploads\/2021\/12\/sant-julia-tartera-altar-495x400.jpg 495w, https:\/\/cerdanya.org\/wp-content\/uploads\/2021\/12\/sant-julia-tartera-altar-845x684.jpg 845w\" sizes=\"auto, (max-width: 495px) 100vw, 495px\" \/><\/div><\/a><a href=\"https:\/\/cerdanya.org\/wp-content\/uploads\/2021\/12\/sant-julia-tartera-crist-1030x687.jpg\" data-srcset=\"https:\/\/cerdanya.org\/wp-content\/uploads\/2021\/12\/sant-julia-tartera-crist-1030x687.jpg 1030w, https:\/\/cerdanya.org\/wp-content\/uploads\/2021\/12\/sant-julia-tartera-crist-300x200.jpg 300w, https:\/\/cerdanya.org\/wp-content\/uploads\/2021\/12\/sant-julia-tartera-crist-768x513.jpg 768w, https:\/\/cerdanya.org\/wp-content\/uploads\/2021\/12\/sant-julia-tartera-crist-705x470.jpg 705w, https:\/\/cerdanya.org\/wp-content\/uploads\/2021\/12\/sant-julia-tartera-crist.jpg 1500w\" data-sizes=\"(max-width: 1030px) 100vw, 1030px\" data-rel='gallery-1' data-prev-img='https:\/\/cerdanya.org\/wp-content\/uploads\/2021\/12\/sant-julia-tartera-crist-495x400.jpg' class='lightbox ' data-onclick='5' title='Sant Juli\u00e0 de Tartera'  itemprop=\"thumbnailUrl\"  ><img decoding=\"async\" fetchpriority=\"high\" class=\"wp-image-18713 avia-img-lazy-loading-not-18713\"  data-avia-tooltip='Sant Juli\u00e0 de Tartera' src=\"https:\/\/cerdanya.org\/wp-content\/uploads\/2021\/12\/sant-julia-tartera-crist-495x400.jpg\" width=\"495\" height=\"400\"  title='10. DAS- Sant Julia\u0300 de Tartera' alt='Sant Juli\u00e0 de Tartera' srcset=\"https:\/\/cerdanya.org\/wp-content\/uploads\/2021\/12\/sant-julia-tartera-crist-495x400.jpg 495w, https:\/\/cerdanya.org\/wp-content\/uploads\/2021\/12\/sant-julia-tartera-crist-845x684.jpg 845w\" sizes=\"(max-width: 495px) 100vw, 495px\" \/><div class='big-prev-fake'><img decoding=\"async\" loading=\"lazy\" class=\"wp-image-18713 avia-img-lazy-loading-18713\"  width=\"495\" height=\"400\" src=\"https:\/\/cerdanya.org\/wp-content\/uploads\/2021\/12\/sant-julia-tartera-crist-495x400.jpg\" title='10. DAS- Sant Julia\u0300 de Tartera' alt='Sant Juli\u00e0 de Tartera' srcset=\"https:\/\/cerdanya.org\/wp-content\/uploads\/2021\/12\/sant-julia-tartera-crist-495x400.jpg 495w, https:\/\/cerdanya.org\/wp-content\/uploads\/2021\/12\/sant-julia-tartera-crist-845x684.jpg 845w\" sizes=\"auto, (max-width: 495px) 100vw, 495px\" \/><\/div><\/a><a href=\"https:\/\/cerdanya.org\/wp-content\/uploads\/2021\/12\/sant-julia-tartera-pica-1030x687.jpg\" data-srcset=\"https:\/\/cerdanya.org\/wp-content\/uploads\/2021\/12\/sant-julia-tartera-pica-1030x687.jpg 1030w, https:\/\/cerdanya.org\/wp-content\/uploads\/2021\/12\/sant-julia-tartera-pica-300x200.jpg 300w, https:\/\/cerdanya.org\/wp-content\/uploads\/2021\/12\/sant-julia-tartera-pica-768x513.jpg 768w, https:\/\/cerdanya.org\/wp-content\/uploads\/2021\/12\/sant-julia-tartera-pica-705x470.jpg 705w, https:\/\/cerdanya.org\/wp-content\/uploads\/2021\/12\/sant-julia-tartera-pica.jpg 1500w\" data-sizes=\"(max-width: 1030px) 100vw, 1030px\" data-rel='gallery-1' data-prev-img='https:\/\/cerdanya.org\/wp-content\/uploads\/2021\/12\/sant-julia-tartera-pica-495x400.jpg' class='first_thumb lightbox ' data-onclick='6' title='Sant Juli\u00e0 de Tartera'  itemprop=\"thumbnailUrl\"  ><img decoding=\"async\" fetchpriority=\"high\" class=\"wp-image-18715 avia-img-lazy-loading-not-18715\"  data-avia-tooltip='Sant Juli\u00e0 de Tartera' src=\"https:\/\/cerdanya.org\/wp-content\/uploads\/2021\/12\/sant-julia-tartera-pica-495x400.jpg\" width=\"495\" height=\"400\"  title='10. DAS- Sant Julia\u0300 de Tartera' alt='Sant Juli\u00e0 de Tartera' srcset=\"https:\/\/cerdanya.org\/wp-content\/uploads\/2021\/12\/sant-julia-tartera-pica-495x400.jpg 495w, https:\/\/cerdanya.org\/wp-content\/uploads\/2021\/12\/sant-julia-tartera-pica-845x684.jpg 845w\" sizes=\"(max-width: 495px) 100vw, 495px\" \/><div class='big-prev-fake'><img decoding=\"async\" loading=\"lazy\" class=\"wp-image-18715 avia-img-lazy-loading-18715\"  width=\"495\" height=\"400\" src=\"https:\/\/cerdanya.org\/wp-content\/uploads\/2021\/12\/sant-julia-tartera-pica-495x400.jpg\" title='10. DAS- Sant Julia\u0300 de Tartera' alt='Sant Juli\u00e0 de Tartera' srcset=\"https:\/\/cerdanya.org\/wp-content\/uploads\/2021\/12\/sant-julia-tartera-pica-495x400.jpg 495w, https:\/\/cerdanya.org\/wp-content\/uploads\/2021\/12\/sant-julia-tartera-pica-845x684.jpg 845w\" sizes=\"auto, (max-width: 495px) 100vw, 495px\" \/><\/div><\/a><a href=\"https:\/\/cerdanya.org\/wp-content\/uploads\/2021\/12\/sant-julia-tartera-verge-1030x687.jpg\" data-srcset=\"https:\/\/cerdanya.org\/wp-content\/uploads\/2021\/12\/sant-julia-tartera-verge-1030x687.jpg 1030w, https:\/\/cerdanya.org\/wp-content\/uploads\/2021\/12\/sant-julia-tartera-verge-300x200.jpg 300w, https:\/\/cerdanya.org\/wp-content\/uploads\/2021\/12\/sant-julia-tartera-verge-768x513.jpg 768w, https:\/\/cerdanya.org\/wp-content\/uploads\/2021\/12\/sant-julia-tartera-verge-705x470.jpg 705w, https:\/\/cerdanya.org\/wp-content\/uploads\/2021\/12\/sant-julia-tartera-verge.jpg 1500w\" data-sizes=\"(max-width: 1030px) 100vw, 1030px\" data-rel='gallery-1' data-prev-img='https:\/\/cerdanya.org\/wp-content\/uploads\/2021\/12\/sant-julia-tartera-verge-495x400.jpg' class='lightbox ' data-onclick='7' title='Sant Juli\u00e0 de Tartera'  itemprop=\"thumbnailUrl\"  ><img decoding=\"async\" fetchpriority=\"high\" class=\"wp-image-18718 avia-img-lazy-loading-not-18718\"  data-avia-tooltip='Sant Juli\u00e0 de Tartera' src=\"https:\/\/cerdanya.org\/wp-content\/uploads\/2021\/12\/sant-julia-tartera-verge-495x400.jpg\" width=\"495\" height=\"400\"  title='10. DAS- Sant Julia\u0300 de Tartera' alt='Sant Juli\u00e0 de Tartera' srcset=\"https:\/\/cerdanya.org\/wp-content\/uploads\/2021\/12\/sant-julia-tartera-verge-495x400.jpg 495w, https:\/\/cerdanya.org\/wp-content\/uploads\/2021\/12\/sant-julia-tartera-verge-845x684.jpg 845w\" sizes=\"(max-width: 495px) 100vw, 495px\" \/><div class='big-prev-fake'><img decoding=\"async\" loading=\"lazy\" class=\"wp-image-18718 avia-img-lazy-loading-18718\"  width=\"495\" height=\"400\" src=\"https:\/\/cerdanya.org\/wp-content\/uploads\/2021\/12\/sant-julia-tartera-verge-495x400.jpg\" title='10. DAS- Sant Julia\u0300 de Tartera' alt='Sant Juli\u00e0 de Tartera' srcset=\"https:\/\/cerdanya.org\/wp-content\/uploads\/2021\/12\/sant-julia-tartera-verge-495x400.jpg 495w, https:\/\/cerdanya.org\/wp-content\/uploads\/2021\/12\/sant-julia-tartera-verge-845x684.jpg 845w\" sizes=\"auto, (max-width: 495px) 100vw, 495px\" \/><\/div><\/a><\/div><\/div><\/div>\n<style type=\"text\/css\" data-created_by=\"avia_inline_auto\" id=\"style-css-av-13qih77-00e4eae9d0b6c138f9ba0e0aa3d8fb95\">\n.flex_column.av-13qih77-00e4eae9d0b6c138f9ba0e0aa3d8fb95{\nborder-radius:0px 0px 0px 0px;\npadding:0px 0px 0px 0px;\n}\n<\/style>\n<div  class='flex_column av-13qih77-00e4eae9d0b6c138f9ba0e0aa3d8fb95 av_one_full  avia-builder-el-5  el_after_av_one_half  el_before_av_one_half  first flex_column_div av-zero-column-padding  column-top-margin'     ><style type=\"text\/css\" data-created_by=\"avia_inline_auto\" id=\"style-css-av-kwp2dp8f-f55138033d46035ff7ae47226ad7fa00\">\n#top .hr.hr-invisible.av-kwp2dp8f-f55138033d46035ff7ae47226ad7fa00{\nheight:20px;\n}\n<\/style>\n<div  class='hr av-kwp2dp8f-f55138033d46035ff7ae47226ad7fa00 hr-invisible  avia-builder-el-6  avia-builder-el-no-sibling '><span class='hr-inner '><span class=\"hr-inner-style\"><\/span><\/span><\/div><\/div><\/p>\n\n<style type=\"text\/css\" data-created_by=\"avia_inline_auto\" id=\"style-css-av-11hlo3g-c6925958debccda317bb511c879f1cc5\">\n.flex_column.av-11hlo3g-c6925958debccda317bb511c879f1cc5{\nborder-radius:0px 0px 0px 0px;\npadding:0px 0px 0px 0px;\n}\n<\/style>\n<div  class='flex_column av-11hlo3g-c6925958debccda317bb511c879f1cc5 av_one_half  avia-builder-el-7  el_after_av_one_full  avia-builder-el-last  first flex_column_div av-zero-column-padding  column-top-margin'     ><p>\n<style type=\"text\/css\" data-created_by=\"avia_inline_auto\" id=\"style-css-av-oelnfg-493083f807bbbc023f9bc44590559bf6\">\n#top .av-special-heading.av-oelnfg-493083f807bbbc023f9bc44590559bf6{\npadding-bottom:10px;\n}\nbody .av-special-heading.av-oelnfg-493083f807bbbc023f9bc44590559bf6 .av-special-heading-tag .heading-char{\nfont-size:25px;\n}\n.av-special-heading.av-oelnfg-493083f807bbbc023f9bc44590559bf6 .av-subheading{\nfont-size:15px;\n}\n<\/style>\n<div  class='av-special-heading av-oelnfg-493083f807bbbc023f9bc44590559bf6 av-special-heading-h5  avia-builder-el-8  el_before_av_image  avia-builder-el-first '><h5 class='av-special-heading-tag '  itemprop=\"headline\"  >Planta y secci\u00f3n<\/h5><div class=\"special-heading-border\"><div class=\"special-heading-inner-border\"><\/div><\/div><\/div><br \/>\n\n<style type=\"text\/css\" data-created_by=\"avia_inline_auto\" id=\"style-css-av-kxq2ht51-6ad60a63a984d125e722f3419b716ee8\">\n.avia-image-container.av-kxq2ht51-6ad60a63a984d125e722f3419b716ee8 img.avia_image{\nbox-shadow:none;\n}\n.avia-image-container.av-kxq2ht51-6ad60a63a984d125e722f3419b716ee8 .av-image-caption-overlay-center{\ncolor:#ffffff;\n}\n<\/style>\n<div  class='avia-image-container av-kxq2ht51-6ad60a63a984d125e722f3419b716ee8 av-styling- avia-align-center  avia-builder-el-9  el_after_av_heading  avia-builder-el-last '   itemprop=\"image\" itemscope=\"itemscope\" itemtype=\"https:\/\/schema.org\/ImageObject\" ><div class=\"avia-image-container-inner\"><div class=\"avia-image-overlay-wrap\"><img decoding=\"async\" fetchpriority=\"high\" class='wp-image-18704 avia-img-lazy-loading-not-18704 avia_image ' src=\"https:\/\/cerdanya.org\/wp-content\/uploads\/2021\/12\/sant-julia-Tartera-1030x439.jpg\" alt='Sant Juli\u00e0 de Tartera' title='sant-julia-Tartera'  height=\"439\" width=\"1030\"  itemprop=\"thumbnailUrl\" srcset=\"https:\/\/cerdanya.org\/wp-content\/uploads\/2021\/12\/sant-julia-Tartera-1030x439.jpg 1030w, https:\/\/cerdanya.org\/wp-content\/uploads\/2021\/12\/sant-julia-Tartera-300x128.jpg 300w, https:\/\/cerdanya.org\/wp-content\/uploads\/2021\/12\/sant-julia-Tartera-768x328.jpg 768w, https:\/\/cerdanya.org\/wp-content\/uploads\/2021\/12\/sant-julia-Tartera-705x301.jpg 705w, https:\/\/cerdanya.org\/wp-content\/uploads\/2021\/12\/sant-julia-Tartera.jpg 1500w\" sizes=\"(max-width: 1030px) 100vw, 1030px\" \/><\/div><\/div><\/div><\/p><\/div>\n","protected":false},"excerpt":{"rendered":"","protected":false},"author":3,"featured_media":18311,"parent":26658,"menu_order":30,"comment_status":"closed","ping_status":"closed","template":"","meta":{"footnotes":""},"class_list":["post-30044","page","type-page","status-publish","has-post-thumbnail","hentry"],"_links":{"self":[{"href":"https:\/\/cerdanya.org\/es\/wp-json\/wp\/v2\/pages\/30044","targetHints":{"allow":["GET"]}}],"collection":[{"href":"https:\/\/cerdanya.org\/es\/wp-json\/wp\/v2\/pages"}],"about":[{"href":"https:\/\/cerdanya.org\/es\/wp-json\/wp\/v2\/types\/page"}],"author":[{"embeddable":true,"href":"https:\/\/cerdanya.org\/es\/wp-json\/wp\/v2\/users\/3"}],"replies":[{"embeddable":true,"href":"https:\/\/cerdanya.org\/es\/wp-json\/wp\/v2\/comments?post=30044"}],"version-history":[{"count":0,"href":"https:\/\/cerdanya.org\/es\/wp-json\/wp\/v2\/pages\/30044\/revisions"}],"up":[{"embeddable":true,"href":"https:\/\/cerdanya.org\/es\/wp-json\/wp\/v2\/pages\/26658"}],"wp:featuredmedia":[{"embeddable":true,"href":"https:\/\/cerdanya.org\/es\/wp-json\/wp\/v2\/media\/18311"}],"wp:attachment":[{"href":"https:\/\/cerdanya.org\/es\/wp-json\/wp\/v2\/media?parent=30044"}],"curies":[{"name":"wp","href":"https:\/\/api.w.org\/{rel}","templated":true}]}}