{"id":30031,"date":"2022-04-06T13:25:03","date_gmt":"2022-04-06T11:25:03","guid":{"rendered":"http:\/\/www.cerdanya.org\/que-hacer\/turismo-cultural\/patrimonio-cultural\/puigcerda\/sant-jaume-de-rigolisa\/"},"modified":"2022-04-28T23:06:19","modified_gmt":"2022-04-28T21:06:19","slug":"sant-jaume-de-rigolisa","status":"publish","type":"page","link":"https:\/\/cerdanya.org\/es\/que-hacer\/turismo-cultural\/patrimonio-cultural\/puigcerda\/sant-jaume-de-rigolisa\/","title":{"rendered":"Sant Jaume de Rigolisa"},"content":{"rendered":"\n<style type=\"text\/css\" data-created_by=\"avia_inline_auto\" id=\"style-css-av-36rb4oj-ba4d95154227ed0d8a771e7152bf9e9e\">\n.flex_column.av-36rb4oj-ba4d95154227ed0d8a771e7152bf9e9e{\nborder-radius:0px 0px 0px 0px;\npadding:0px 0px 0px 0px;\n}\n<\/style>\n<div  class='flex_column av-36rb4oj-ba4d95154227ed0d8a771e7152bf9e9e av_one_half  avia-builder-el-0  el_before_av_one_half  avia-builder-el-first  first flex_column_div av-zero-column-padding  '     ><p>\n<style type=\"text\/css\" data-created_by=\"avia_inline_auto\" id=\"style-css-av-qi5k6x-4990584f88a6020f726d8ce2cffe3dbf\">\n#top .av-special-heading.av-qi5k6x-4990584f88a6020f726d8ce2cffe3dbf{\npadding-bottom:10px;\n}\nbody .av-special-heading.av-qi5k6x-4990584f88a6020f726d8ce2cffe3dbf .av-special-heading-tag .heading-char{\nfont-size:25px;\n}\n.av-special-heading.av-qi5k6x-4990584f88a6020f726d8ce2cffe3dbf .av-subheading{\nfont-size:15px;\n}\n<\/style>\n<div  class='av-special-heading av-qi5k6x-4990584f88a6020f726d8ce2cffe3dbf av-special-heading-h5  avia-builder-el-1  el_before_av_textblock  avia-builder-el-first '><h5 class='av-special-heading-tag '  itemprop=\"headline\"  >Descripci\u00f3n<\/h5><div class=\"special-heading-border\"><div class=\"special-heading-inner-border\"><\/div><\/div><\/div><br \/>\n<section  class='av_textblock_section av-ksyomoyl-25f1f3c8b1a0a9b03a6473be4799410f '   itemscope=\"itemscope\" itemtype=\"https:\/\/schema.org\/CreativeWork\" ><div class='avia_textblock'  itemprop=\"text\" ><p>De la antigua capilla se sabe que fue destruida por los franceses en 1793, siendo reconstruida por la familia Guasch. En cualquier caso, en 1885 estaba casi en ruinas. Con la adquisici\u00f3n de la finca por parte de F\u00e8lix Maci\u00e0 Gelbert, \u00e9ste tuvo desde el primer momento la intenci\u00f3n de llevar a cabo su reconstrucci\u00f3n, que finalmente har\u00edan sus hijos F\u00e8lix y Merc\u00e8 Maci\u00e0 Bonaplata. La actual, ligeramente desplazada de la anterior, fue inaugurada y bendecida el d\u00eda de Santiago de 1887.<\/p>\n<p>La capilla de un estilo neocl\u00e1sico consta de tres partes: una cripta bajo el presbiterio, la capilla propiamente dicha y el campanario cuadrado que se levanta 17 metros. Su arquitecto Salvador Vi\u00f1als de Barcelona. Su retablo, as\u00ed como diversas pinturas eran de Pere Borrell, que se perdieron con el saqueo que sufri\u00f3 en 1936.<\/p>\n<\/div><\/section><\/p><\/div>\n<style type=\"text\/css\" data-created_by=\"avia_inline_auto\" id=\"style-css-av-2coqnf7-fe66bdd07c1c8428c9bfcd41c861e712\">\n.flex_column.av-2coqnf7-fe66bdd07c1c8428c9bfcd41c861e712{\nborder-radius:0px 0px 0px 0px;\npadding:0px 0px 0px 0px;\n}\n<\/style>\n<div  class='flex_column av-2coqnf7-fe66bdd07c1c8428c9bfcd41c861e712 av_one_half  avia-builder-el-3  el_after_av_one_half  avia-builder-el-last  flex_column_div av-zero-column-padding  '     ><style type=\"text\/css\" data-created_by=\"avia_inline_auto\" id=\"style-css-av-29ooh4j-d460b64f3943baa03d91a492c6171b1b\">\n#top .avia-gallery.av-29ooh4j-d460b64f3943baa03d91a492c6171b1b .avia-gallery-thumb a{\nwidth:20%;\n}\n<\/style>\n<div  class='avia-gallery av-29ooh4j-d460b64f3943baa03d91a492c6171b1b avia_animate_when_visible  avia-builder-el-4  avia-builder-el-no-sibling  avia_lazyload av-slideshow-ui av-loop-manual-endless av-control-hidden av-navigate-arrows av-navigate-dots hover-effect av-control-hidden avia-gallery-animate avia-gallery-1'  itemprop=\"image\" itemscope=\"itemscope\" itemtype=\"https:\/\/schema.org\/ImageObject\" ><meta itemprop=\"contentURL\" content=\"https:\/\/cerdanya.org\/es\/que-hacer\/turismo-cultural\/patrimonio-cultural\/puigcerda\/sant-jaume-de-rigolisa\/\"><div class='avia-gallery-big-wrapper'><a class='avia-gallery-big fakeLightbox lightbox avia-gallery-big-crop-thumb ' href=\"https:\/\/cerdanya.org\/wp-content\/uploads\/2021\/12\/sant-jaume-rigolisa-1030x687.jpg\" data-srcset=\"https:\/\/cerdanya.org\/wp-content\/uploads\/2021\/12\/sant-jaume-rigolisa-1030x687.jpg 1030w, https:\/\/cerdanya.org\/wp-content\/uploads\/2021\/12\/sant-jaume-rigolisa-300x200.jpg 300w, https:\/\/cerdanya.org\/wp-content\/uploads\/2021\/12\/sant-jaume-rigolisa-768x512.jpg 768w, https:\/\/cerdanya.org\/wp-content\/uploads\/2021\/12\/sant-jaume-rigolisa-705x470.jpg 705w, https:\/\/cerdanya.org\/wp-content\/uploads\/2021\/12\/sant-jaume-rigolisa.jpg 1500w\" data-sizes=\"(max-width: 1030px) 100vw, 1030px\"  data-onclick='1' title='Sant Jaume de Rigolisa' ><span class='avia-gallery-big-inner'  itemprop=\"thumbnailUrl\" ><img decoding=\"async\" fetchpriority=\"high\" class=\"wp-image-19071 avia-img-lazy-loading-not-19071\"  width=\"495\" height=\"400\" src=\"https:\/\/cerdanya.org\/wp-content\/uploads\/2021\/12\/sant-jaume-rigolisa-495x400.jpg\" title='PUIGCERDA\u0300- Sant Jaume de Rigolisa' alt='Sant Jaume de Rigolisa' srcset=\"https:\/\/cerdanya.org\/wp-content\/uploads\/2021\/12\/sant-jaume-rigolisa-495x400.jpg 495w, https:\/\/cerdanya.org\/wp-content\/uploads\/2021\/12\/sant-jaume-rigolisa-845x684.jpg 845w\" sizes=\"(max-width: 495px) 100vw, 495px\" \/><span class='avia-gallery-caption'>Sant Jaume de Rigolisa<\/span><\/span><\/a><\/div><div class='avia-gallery-thumb'><a href=\"https:\/\/cerdanya.org\/wp-content\/uploads\/2021\/12\/sant-jaume-rigolisa-1030x687.jpg\" data-srcset=\"https:\/\/cerdanya.org\/wp-content\/uploads\/2021\/12\/sant-jaume-rigolisa-1030x687.jpg 1030w, https:\/\/cerdanya.org\/wp-content\/uploads\/2021\/12\/sant-jaume-rigolisa-300x200.jpg 300w, https:\/\/cerdanya.org\/wp-content\/uploads\/2021\/12\/sant-jaume-rigolisa-768x512.jpg 768w, https:\/\/cerdanya.org\/wp-content\/uploads\/2021\/12\/sant-jaume-rigolisa-705x470.jpg 705w, https:\/\/cerdanya.org\/wp-content\/uploads\/2021\/12\/sant-jaume-rigolisa.jpg 1500w\" data-sizes=\"(max-width: 1030px) 100vw, 1030px\" data-rel='gallery-1' data-prev-img='https:\/\/cerdanya.org\/wp-content\/uploads\/2021\/12\/sant-jaume-rigolisa-495x400.jpg' class='first_thumb lightbox ' data-onclick='1' title='Sant Jaume de Rigolisa'  itemprop=\"thumbnailUrl\"  ><img decoding=\"async\" fetchpriority=\"high\" class=\"wp-image-19071 avia-img-lazy-loading-not-19071\"  data-avia-tooltip='Sant Jaume de Rigolisa' src=\"https:\/\/cerdanya.org\/wp-content\/uploads\/2021\/12\/sant-jaume-rigolisa-495x400.jpg\" width=\"495\" height=\"400\"  title='PUIGCERDA\u0300- Sant Jaume de Rigolisa' alt='Sant Jaume de Rigolisa' srcset=\"https:\/\/cerdanya.org\/wp-content\/uploads\/2021\/12\/sant-jaume-rigolisa-495x400.jpg 495w, https:\/\/cerdanya.org\/wp-content\/uploads\/2021\/12\/sant-jaume-rigolisa-845x684.jpg 845w\" sizes=\"(max-width: 495px) 100vw, 495px\" \/><div class='big-prev-fake'><img decoding=\"async\" loading=\"lazy\" class=\"wp-image-19071 avia-img-lazy-loading-19071\"  width=\"495\" height=\"400\" src=\"https:\/\/cerdanya.org\/wp-content\/uploads\/2021\/12\/sant-jaume-rigolisa-495x400.jpg\" title='PUIGCERDA\u0300- Sant Jaume de Rigolisa' alt='Sant Jaume de Rigolisa' srcset=\"https:\/\/cerdanya.org\/wp-content\/uploads\/2021\/12\/sant-jaume-rigolisa-495x400.jpg 495w, https:\/\/cerdanya.org\/wp-content\/uploads\/2021\/12\/sant-jaume-rigolisa-845x684.jpg 845w\" sizes=\"auto, (max-width: 495px) 100vw, 495px\" \/><\/div><\/a><a href=\"https:\/\/cerdanya.org\/wp-content\/uploads\/2021\/12\/sant-jaume-rigolisa-altar-1030x687.jpg\" data-srcset=\"https:\/\/cerdanya.org\/wp-content\/uploads\/2021\/12\/sant-jaume-rigolisa-altar-1030x687.jpg 1030w, https:\/\/cerdanya.org\/wp-content\/uploads\/2021\/12\/sant-jaume-rigolisa-altar-300x200.jpg 300w, https:\/\/cerdanya.org\/wp-content\/uploads\/2021\/12\/sant-jaume-rigolisa-altar-768x512.jpg 768w, https:\/\/cerdanya.org\/wp-content\/uploads\/2021\/12\/sant-jaume-rigolisa-altar-705x470.jpg 705w, https:\/\/cerdanya.org\/wp-content\/uploads\/2021\/12\/sant-jaume-rigolisa-altar.jpg 1500w\" data-sizes=\"(max-width: 1030px) 100vw, 1030px\" data-rel='gallery-1' data-prev-img='https:\/\/cerdanya.org\/wp-content\/uploads\/2021\/12\/sant-jaume-rigolisa-altar-495x400.jpg' class='lightbox ' data-onclick='2' title='Sant Jaume de Rigolisa'  itemprop=\"thumbnailUrl\"  ><img decoding=\"async\" fetchpriority=\"high\" class=\"wp-image-19072 avia-img-lazy-loading-not-19072\"  data-avia-tooltip='Sant Jaume de Rigolisa' src=\"https:\/\/cerdanya.org\/wp-content\/uploads\/2021\/12\/sant-jaume-rigolisa-altar-495x400.jpg\" width=\"495\" height=\"400\"  title='PUIGCERDA\u0300- Sant Jaume de Rigolisa' alt='Sant Jaume de Rigolisa' srcset=\"https:\/\/cerdanya.org\/wp-content\/uploads\/2021\/12\/sant-jaume-rigolisa-altar-495x400.jpg 495w, https:\/\/cerdanya.org\/wp-content\/uploads\/2021\/12\/sant-jaume-rigolisa-altar-845x684.jpg 845w\" sizes=\"(max-width: 495px) 100vw, 495px\" \/><div class='big-prev-fake'><img decoding=\"async\" loading=\"lazy\" class=\"wp-image-19072 avia-img-lazy-loading-19072\"  width=\"495\" height=\"400\" src=\"https:\/\/cerdanya.org\/wp-content\/uploads\/2021\/12\/sant-jaume-rigolisa-altar-495x400.jpg\" title='PUIGCERDA\u0300- Sant Jaume de Rigolisa' alt='Sant Jaume de Rigolisa' srcset=\"https:\/\/cerdanya.org\/wp-content\/uploads\/2021\/12\/sant-jaume-rigolisa-altar-495x400.jpg 495w, https:\/\/cerdanya.org\/wp-content\/uploads\/2021\/12\/sant-jaume-rigolisa-altar-845x684.jpg 845w\" sizes=\"auto, (max-width: 495px) 100vw, 495px\" \/><\/div><\/a><a href=\"https:\/\/cerdanya.org\/wp-content\/uploads\/2021\/12\/sant-jaume-rigolisa-cor-1030x687.jpg\" data-srcset=\"https:\/\/cerdanya.org\/wp-content\/uploads\/2021\/12\/sant-jaume-rigolisa-cor-1030x687.jpg 1030w, https:\/\/cerdanya.org\/wp-content\/uploads\/2021\/12\/sant-jaume-rigolisa-cor-300x200.jpg 300w, https:\/\/cerdanya.org\/wp-content\/uploads\/2021\/12\/sant-jaume-rigolisa-cor-768x512.jpg 768w, https:\/\/cerdanya.org\/wp-content\/uploads\/2021\/12\/sant-jaume-rigolisa-cor-705x470.jpg 705w, https:\/\/cerdanya.org\/wp-content\/uploads\/2021\/12\/sant-jaume-rigolisa-cor.jpg 1500w\" data-sizes=\"(max-width: 1030px) 100vw, 1030px\" data-rel='gallery-1' data-prev-img='https:\/\/cerdanya.org\/wp-content\/uploads\/2021\/12\/sant-jaume-rigolisa-cor-495x400.jpg' class='lightbox ' data-onclick='3' title='Sant Jaume de Rigolisa'  itemprop=\"thumbnailUrl\"  ><img decoding=\"async\" fetchpriority=\"high\" class=\"wp-image-19073 avia-img-lazy-loading-not-19073\"  data-avia-tooltip='Sant Jaume de Rigolisa' src=\"https:\/\/cerdanya.org\/wp-content\/uploads\/2021\/12\/sant-jaume-rigolisa-cor-495x400.jpg\" width=\"495\" height=\"400\"  title='PUIGCERDA\u0300- Sant Jaume de Rigolisa' alt='Sant Jaume de Rigolisa' srcset=\"https:\/\/cerdanya.org\/wp-content\/uploads\/2021\/12\/sant-jaume-rigolisa-cor-495x400.jpg 495w, https:\/\/cerdanya.org\/wp-content\/uploads\/2021\/12\/sant-jaume-rigolisa-cor-845x684.jpg 845w\" sizes=\"(max-width: 495px) 100vw, 495px\" \/><div class='big-prev-fake'><img decoding=\"async\" loading=\"lazy\" class=\"wp-image-19073 avia-img-lazy-loading-19073\"  width=\"495\" height=\"400\" src=\"https:\/\/cerdanya.org\/wp-content\/uploads\/2021\/12\/sant-jaume-rigolisa-cor-495x400.jpg\" title='PUIGCERDA\u0300- Sant Jaume de Rigolisa' alt='Sant Jaume de Rigolisa' srcset=\"https:\/\/cerdanya.org\/wp-content\/uploads\/2021\/12\/sant-jaume-rigolisa-cor-495x400.jpg 495w, https:\/\/cerdanya.org\/wp-content\/uploads\/2021\/12\/sant-jaume-rigolisa-cor-845x684.jpg 845w\" sizes=\"auto, (max-width: 495px) 100vw, 495px\" \/><\/div><\/a><a href=\"https:\/\/cerdanya.org\/wp-content\/uploads\/2021\/12\/sant-jaume-rigolisa-escala-1030x687.jpg\" data-srcset=\"https:\/\/cerdanya.org\/wp-content\/uploads\/2021\/12\/sant-jaume-rigolisa-escala-1030x687.jpg 1030w, https:\/\/cerdanya.org\/wp-content\/uploads\/2021\/12\/sant-jaume-rigolisa-escala-300x200.jpg 300w, https:\/\/cerdanya.org\/wp-content\/uploads\/2021\/12\/sant-jaume-rigolisa-escala-768x512.jpg 768w, https:\/\/cerdanya.org\/wp-content\/uploads\/2021\/12\/sant-jaume-rigolisa-escala-705x470.jpg 705w, https:\/\/cerdanya.org\/wp-content\/uploads\/2021\/12\/sant-jaume-rigolisa-escala.jpg 1500w\" data-sizes=\"(max-width: 1030px) 100vw, 1030px\" data-rel='gallery-1' data-prev-img='https:\/\/cerdanya.org\/wp-content\/uploads\/2021\/12\/sant-jaume-rigolisa-escala-495x400.jpg' class='lightbox ' data-onclick='4' title='Sant Jaume de Rigolisa'  itemprop=\"thumbnailUrl\"  ><img decoding=\"async\" fetchpriority=\"high\" class=\"wp-image-19074 avia-img-lazy-loading-not-19074\"  data-avia-tooltip='Sant Jaume de Rigolisa' src=\"https:\/\/cerdanya.org\/wp-content\/uploads\/2021\/12\/sant-jaume-rigolisa-escala-495x400.jpg\" width=\"495\" height=\"400\"  title='PUIGCERDA\u0300- Sant Jaume de Rigolisa' alt='Sant Jaume de Rigolisa' srcset=\"https:\/\/cerdanya.org\/wp-content\/uploads\/2021\/12\/sant-jaume-rigolisa-escala-495x400.jpg 495w, https:\/\/cerdanya.org\/wp-content\/uploads\/2021\/12\/sant-jaume-rigolisa-escala-845x684.jpg 845w\" sizes=\"(max-width: 495px) 100vw, 495px\" \/><div class='big-prev-fake'><img decoding=\"async\" loading=\"lazy\" class=\"wp-image-19074 avia-img-lazy-loading-19074\"  width=\"495\" height=\"400\" src=\"https:\/\/cerdanya.org\/wp-content\/uploads\/2021\/12\/sant-jaume-rigolisa-escala-495x400.jpg\" title='PUIGCERDA\u0300- Sant Jaume de Rigolisa' alt='Sant Jaume de Rigolisa' srcset=\"https:\/\/cerdanya.org\/wp-content\/uploads\/2021\/12\/sant-jaume-rigolisa-escala-495x400.jpg 495w, https:\/\/cerdanya.org\/wp-content\/uploads\/2021\/12\/sant-jaume-rigolisa-escala-845x684.jpg 845w\" sizes=\"auto, (max-width: 495px) 100vw, 495px\" \/><\/div><\/a><\/div><\/div><\/div><\/p>\n","protected":false},"excerpt":{"rendered":"","protected":false},"author":3,"featured_media":18366,"parent":29964,"menu_order":40,"comment_status":"closed","ping_status":"closed","template":"","meta":{"footnotes":""},"class_list":["post-30031","page","type-page","status-publish","has-post-thumbnail","hentry"],"_links":{"self":[{"href":"https:\/\/cerdanya.org\/es\/wp-json\/wp\/v2\/pages\/30031","targetHints":{"allow":["GET"]}}],"collection":[{"href":"https:\/\/cerdanya.org\/es\/wp-json\/wp\/v2\/pages"}],"about":[{"href":"https:\/\/cerdanya.org\/es\/wp-json\/wp\/v2\/types\/page"}],"author":[{"embeddable":true,"href":"https:\/\/cerdanya.org\/es\/wp-json\/wp\/v2\/users\/3"}],"replies":[{"embeddable":true,"href":"https:\/\/cerdanya.org\/es\/wp-json\/wp\/v2\/comments?post=30031"}],"version-history":[{"count":0,"href":"https:\/\/cerdanya.org\/es\/wp-json\/wp\/v2\/pages\/30031\/revisions"}],"up":[{"embeddable":true,"href":"https:\/\/cerdanya.org\/es\/wp-json\/wp\/v2\/pages\/29964"}],"wp:featuredmedia":[{"embeddable":true,"href":"https:\/\/cerdanya.org\/es\/wp-json\/wp\/v2\/media\/18366"}],"wp:attachment":[{"href":"https:\/\/cerdanya.org\/es\/wp-json\/wp\/v2\/media?parent=30031"}],"curies":[{"name":"wp","href":"https:\/\/api.w.org\/{rel}","templated":true}]}}