{"id":30025,"date":"2022-04-06T13:18:15","date_gmt":"2022-04-06T11:18:15","guid":{"rendered":"http:\/\/www.cerdanya.org\/que-hacer\/turismo-cultural\/patrimonio-cultural\/puigcerda\/sant-marc\/"},"modified":"2022-04-28T23:07:20","modified_gmt":"2022-04-28T21:07:20","slug":"sant-marc","status":"publish","type":"page","link":"https:\/\/cerdanya.org\/es\/que-hacer\/turismo-cultural\/patrimonio-cultural\/puigcerda\/sant-marc\/","title":{"rendered":"Sant Marc"},"content":{"rendered":"\n<style type=\"text\/css\" data-created_by=\"avia_inline_auto\" id=\"style-css-av-36rb4oj-ba4d95154227ed0d8a771e7152bf9e9e\">\n.flex_column.av-36rb4oj-ba4d95154227ed0d8a771e7152bf9e9e{\nborder-radius:0px 0px 0px 0px;\npadding:0px 0px 0px 0px;\n}\n<\/style>\n<div  class='flex_column av-36rb4oj-ba4d95154227ed0d8a771e7152bf9e9e av_one_half  avia-builder-el-0  el_before_av_one_half  avia-builder-el-first  first flex_column_div av-zero-column-padding  '     ><p>\n<style type=\"text\/css\" data-created_by=\"avia_inline_auto\" id=\"style-css-av-ln44cf-24d4c17a9b20040701cb79821ebe4a51\">\n#top .av-special-heading.av-ln44cf-24d4c17a9b20040701cb79821ebe4a51{\npadding-bottom:10px;\n}\nbody .av-special-heading.av-ln44cf-24d4c17a9b20040701cb79821ebe4a51 .av-special-heading-tag .heading-char{\nfont-size:25px;\n}\n.av-special-heading.av-ln44cf-24d4c17a9b20040701cb79821ebe4a51 .av-subheading{\nfont-size:15px;\n}\n<\/style>\n<div  class='av-special-heading av-ln44cf-24d4c17a9b20040701cb79821ebe4a51 av-special-heading-h5  avia-builder-el-1  el_before_av_textblock  avia-builder-el-first '><h5 class='av-special-heading-tag '  itemprop=\"headline\"  >Descripci\u00f3n<\/h5><div class=\"special-heading-border\"><div class=\"special-heading-inner-border\"><\/div><\/div><\/div><br \/>\n<section  class='av_textblock_section av-ksyomoyl-25f1f3c8b1a0a9b03a6473be4799410f '   itemscope=\"itemscope\" itemtype=\"https:\/\/schema.org\/CreativeWork\" ><div class='avia_textblock'  itemprop=\"text\" ><p>Es una capilla de estilo historicista construida en 1912, y ligada a la mas\u00eda contigua del mismo nombre. Tiene una planta con diferentes cuerpos diferenciados: el de la puerta, el de la nave, el presbiterio y el \u00e1bside formado por dos cuerpos de altura diferente, el m\u00e1s bajo de los cuales acoge la sacrist\u00eda. Est\u00e1 presidida por la imagen del santo sencillamente adosada a la pared.<\/p>\n<p>La portada es adovelada con un losado que la protege y que descansa sobre pilastras, encima hay un \u00f3culo y corona el edificio un peque\u00f1o campanario de espada\u00f1a. El losado de la puerta y la cornisa de la fachada principal est\u00e1n sostenidos por m\u00e9nsulas. El interior y parte de la fachada es enlucido, esta \u00faltima con piedras angulares.<\/p>\n<p>La capilla tiene una gran tradici\u00f3n local, y el cada 25 de abril se celebra un importante encuentro.<\/p>\n<\/div><\/section><\/p><\/div>\n<style type=\"text\/css\" data-created_by=\"avia_inline_auto\" id=\"style-css-av-2coqnf7-fe66bdd07c1c8428c9bfcd41c861e712\">\n.flex_column.av-2coqnf7-fe66bdd07c1c8428c9bfcd41c861e712{\nborder-radius:0px 0px 0px 0px;\npadding:0px 0px 0px 0px;\n}\n<\/style>\n<div  class='flex_column av-2coqnf7-fe66bdd07c1c8428c9bfcd41c861e712 av_one_half  avia-builder-el-3  el_after_av_one_half  avia-builder-el-last  flex_column_div av-zero-column-padding  '     ><style type=\"text\/css\" data-created_by=\"avia_inline_auto\" id=\"style-css-av-29ooh4j-819bf1a82510fc557515c6e92f643892\">\n#top .avia-gallery.av-29ooh4j-819bf1a82510fc557515c6e92f643892 .avia-gallery-thumb a{\nwidth:20%;\n}\n<\/style>\n<div  class='avia-gallery av-29ooh4j-819bf1a82510fc557515c6e92f643892 avia_animate_when_visible  avia-builder-el-4  avia-builder-el-no-sibling  avia_lazyload av-slideshow-ui av-loop-manual-endless av-control-hidden av-navigate-arrows av-navigate-dots hover-effect av-control-hidden avia-gallery-animate avia-gallery-1'  itemprop=\"image\" itemscope=\"itemscope\" itemtype=\"https:\/\/schema.org\/ImageObject\" ><meta itemprop=\"contentURL\" content=\"https:\/\/cerdanya.org\/es\/que-hacer\/turismo-cultural\/patrimonio-cultural\/puigcerda\/sant-marc\/\"><div class='avia-gallery-big-wrapper'><a class='avia-gallery-big fakeLightbox lightbox avia-gallery-big-crop-thumb ' href=\"https:\/\/cerdanya.org\/wp-content\/uploads\/2021\/12\/sant-marc--1030x687.jpg\" data-srcset=\"https:\/\/cerdanya.org\/wp-content\/uploads\/2021\/12\/sant-marc--1030x687.jpg 1030w, https:\/\/cerdanya.org\/wp-content\/uploads\/2021\/12\/sant-marc--300x200.jpg 300w, https:\/\/cerdanya.org\/wp-content\/uploads\/2021\/12\/sant-marc--768x512.jpg 768w, https:\/\/cerdanya.org\/wp-content\/uploads\/2021\/12\/sant-marc--705x470.jpg 705w, https:\/\/cerdanya.org\/wp-content\/uploads\/2021\/12\/sant-marc-.jpg 1500w\" data-sizes=\"(max-width: 1030px) 100vw, 1030px\"  data-onclick='1' title='Sant Marc' ><span class='avia-gallery-big-inner'  itemprop=\"thumbnailUrl\" ><img decoding=\"async\" fetchpriority=\"high\" class=\"wp-image-19086 avia-img-lazy-loading-not-19086\"  width=\"495\" height=\"400\" src=\"https:\/\/cerdanya.org\/wp-content\/uploads\/2021\/12\/sant-marc--495x400.jpg\" title='31. PUIGCERDA\u0300- Sant Marc' alt='Sant Marc' srcset=\"https:\/\/cerdanya.org\/wp-content\/uploads\/2021\/12\/sant-marc--495x400.jpg 495w, https:\/\/cerdanya.org\/wp-content\/uploads\/2021\/12\/sant-marc--845x684.jpg 845w\" sizes=\"(max-width: 495px) 100vw, 495px\" \/><span class='avia-gallery-caption'>Sant Marc<\/span><\/span><\/a><\/div><div class='avia-gallery-thumb'><a href=\"https:\/\/cerdanya.org\/wp-content\/uploads\/2021\/12\/sant-marc--1030x687.jpg\" data-srcset=\"https:\/\/cerdanya.org\/wp-content\/uploads\/2021\/12\/sant-marc--1030x687.jpg 1030w, https:\/\/cerdanya.org\/wp-content\/uploads\/2021\/12\/sant-marc--300x200.jpg 300w, https:\/\/cerdanya.org\/wp-content\/uploads\/2021\/12\/sant-marc--768x512.jpg 768w, https:\/\/cerdanya.org\/wp-content\/uploads\/2021\/12\/sant-marc--705x470.jpg 705w, https:\/\/cerdanya.org\/wp-content\/uploads\/2021\/12\/sant-marc-.jpg 1500w\" data-sizes=\"(max-width: 1030px) 100vw, 1030px\" data-rel='gallery-1' data-prev-img='https:\/\/cerdanya.org\/wp-content\/uploads\/2021\/12\/sant-marc--495x400.jpg' class='first_thumb lightbox ' data-onclick='1' title='Sant Marc'  itemprop=\"thumbnailUrl\"  ><img decoding=\"async\" fetchpriority=\"high\" class=\"wp-image-19086 avia-img-lazy-loading-not-19086\"  data-avia-tooltip='Sant Marc' src=\"https:\/\/cerdanya.org\/wp-content\/uploads\/2021\/12\/sant-marc--495x400.jpg\" width=\"495\" height=\"400\"  title='31. PUIGCERDA\u0300- Sant Marc' alt='Sant Marc' srcset=\"https:\/\/cerdanya.org\/wp-content\/uploads\/2021\/12\/sant-marc--495x400.jpg 495w, https:\/\/cerdanya.org\/wp-content\/uploads\/2021\/12\/sant-marc--845x684.jpg 845w\" sizes=\"(max-width: 495px) 100vw, 495px\" \/><div class='big-prev-fake'><img decoding=\"async\" loading=\"lazy\" class=\"wp-image-19086 avia-img-lazy-loading-19086\"  width=\"495\" height=\"400\" src=\"https:\/\/cerdanya.org\/wp-content\/uploads\/2021\/12\/sant-marc--495x400.jpg\" title='31. PUIGCERDA\u0300- Sant Marc' alt='Sant Marc' srcset=\"https:\/\/cerdanya.org\/wp-content\/uploads\/2021\/12\/sant-marc--495x400.jpg 495w, https:\/\/cerdanya.org\/wp-content\/uploads\/2021\/12\/sant-marc--845x684.jpg 845w\" sizes=\"auto, (max-width: 495px) 100vw, 495px\" \/><\/div><\/a><a href=\"https:\/\/cerdanya.org\/wp-content\/uploads\/2021\/12\/sant-marc-altar-1030x687.jpg\" data-srcset=\"https:\/\/cerdanya.org\/wp-content\/uploads\/2021\/12\/sant-marc-altar-1030x687.jpg 1030w, https:\/\/cerdanya.org\/wp-content\/uploads\/2021\/12\/sant-marc-altar-300x200.jpg 300w, https:\/\/cerdanya.org\/wp-content\/uploads\/2021\/12\/sant-marc-altar-768x512.jpg 768w, https:\/\/cerdanya.org\/wp-content\/uploads\/2021\/12\/sant-marc-altar-705x470.jpg 705w, https:\/\/cerdanya.org\/wp-content\/uploads\/2021\/12\/sant-marc-altar.jpg 1500w\" data-sizes=\"(max-width: 1030px) 100vw, 1030px\" data-rel='gallery-1' data-prev-img='https:\/\/cerdanya.org\/wp-content\/uploads\/2021\/12\/sant-marc-altar-495x400.jpg' class='lightbox ' data-onclick='2' title='Sant Marc'  itemprop=\"thumbnailUrl\"  ><img decoding=\"async\" fetchpriority=\"high\" class=\"wp-image-19087 avia-img-lazy-loading-not-19087\"  data-avia-tooltip='Sant Marc' src=\"https:\/\/cerdanya.org\/wp-content\/uploads\/2021\/12\/sant-marc-altar-495x400.jpg\" width=\"495\" height=\"400\"  title='31. PUIGCERDA\u0300- Sant Marc' alt='Sant Marc' srcset=\"https:\/\/cerdanya.org\/wp-content\/uploads\/2021\/12\/sant-marc-altar-495x400.jpg 495w, https:\/\/cerdanya.org\/wp-content\/uploads\/2021\/12\/sant-marc-altar-845x684.jpg 845w\" sizes=\"(max-width: 495px) 100vw, 495px\" \/><div class='big-prev-fake'><img decoding=\"async\" loading=\"lazy\" class=\"wp-image-19087 avia-img-lazy-loading-19087\"  width=\"495\" height=\"400\" src=\"https:\/\/cerdanya.org\/wp-content\/uploads\/2021\/12\/sant-marc-altar-495x400.jpg\" title='31. PUIGCERDA\u0300- Sant Marc' alt='Sant Marc' srcset=\"https:\/\/cerdanya.org\/wp-content\/uploads\/2021\/12\/sant-marc-altar-495x400.jpg 495w, https:\/\/cerdanya.org\/wp-content\/uploads\/2021\/12\/sant-marc-altar-845x684.jpg 845w\" sizes=\"auto, (max-width: 495px) 100vw, 495px\" \/><\/div><\/a><a href=\"https:\/\/cerdanya.org\/wp-content\/uploads\/2021\/12\/sant-marc-darrera-1030x687.jpg\" data-srcset=\"https:\/\/cerdanya.org\/wp-content\/uploads\/2021\/12\/sant-marc-darrera-1030x687.jpg 1030w, https:\/\/cerdanya.org\/wp-content\/uploads\/2021\/12\/sant-marc-darrera-300x200.jpg 300w, https:\/\/cerdanya.org\/wp-content\/uploads\/2021\/12\/sant-marc-darrera-768x512.jpg 768w, https:\/\/cerdanya.org\/wp-content\/uploads\/2021\/12\/sant-marc-darrera-705x470.jpg 705w, https:\/\/cerdanya.org\/wp-content\/uploads\/2021\/12\/sant-marc-darrera.jpg 1500w\" data-sizes=\"(max-width: 1030px) 100vw, 1030px\" data-rel='gallery-1' data-prev-img='https:\/\/cerdanya.org\/wp-content\/uploads\/2021\/12\/sant-marc-darrera-495x400.jpg' class='lightbox ' data-onclick='3' title='Coordenades UTM: 31T 411963 4696727'  itemprop=\"thumbnailUrl\"  ><img decoding=\"async\" fetchpriority=\"high\" class=\"wp-image-19088 avia-img-lazy-loading-not-19088\"  data-avia-tooltip='Coordenades UTM: 31T 411963 4696727' src=\"https:\/\/cerdanya.org\/wp-content\/uploads\/2021\/12\/sant-marc-darrera-495x400.jpg\" width=\"495\" height=\"400\"  title='31. PUIGCERDA\u0300- Sant Marc' alt='Sant Marc' srcset=\"https:\/\/cerdanya.org\/wp-content\/uploads\/2021\/12\/sant-marc-darrera-495x400.jpg 495w, https:\/\/cerdanya.org\/wp-content\/uploads\/2021\/12\/sant-marc-darrera-845x684.jpg 845w\" sizes=\"(max-width: 495px) 100vw, 495px\" \/><div class='big-prev-fake'><img decoding=\"async\" loading=\"lazy\" class=\"wp-image-19088 avia-img-lazy-loading-19088\"  width=\"495\" height=\"400\" src=\"https:\/\/cerdanya.org\/wp-content\/uploads\/2021\/12\/sant-marc-darrera-495x400.jpg\" title='31. PUIGCERDA\u0300- Sant Marc' alt='Sant Marc' srcset=\"https:\/\/cerdanya.org\/wp-content\/uploads\/2021\/12\/sant-marc-darrera-495x400.jpg 495w, https:\/\/cerdanya.org\/wp-content\/uploads\/2021\/12\/sant-marc-darrera-845x684.jpg 845w\" sizes=\"auto, (max-width: 495px) 100vw, 495px\" \/><\/div><\/a><a href=\"https:\/\/cerdanya.org\/wp-content\/uploads\/2021\/12\/sant-marc-verge-1030x687.jpg\" data-srcset=\"https:\/\/cerdanya.org\/wp-content\/uploads\/2021\/12\/sant-marc-verge-1030x687.jpg 1030w, https:\/\/cerdanya.org\/wp-content\/uploads\/2021\/12\/sant-marc-verge-300x200.jpg 300w, https:\/\/cerdanya.org\/wp-content\/uploads\/2021\/12\/sant-marc-verge-768x512.jpg 768w, https:\/\/cerdanya.org\/wp-content\/uploads\/2021\/12\/sant-marc-verge-705x470.jpg 705w, https:\/\/cerdanya.org\/wp-content\/uploads\/2021\/12\/sant-marc-verge.jpg 1500w\" data-sizes=\"(max-width: 1030px) 100vw, 1030px\" data-rel='gallery-1' data-prev-img='https:\/\/cerdanya.org\/wp-content\/uploads\/2021\/12\/sant-marc-verge-495x400.jpg' class='lightbox ' data-onclick='4' title='Sant Marc'  itemprop=\"thumbnailUrl\"  ><img decoding=\"async\" fetchpriority=\"high\" class=\"wp-image-19089 avia-img-lazy-loading-not-19089\"  data-avia-tooltip='Sant Marc' src=\"https:\/\/cerdanya.org\/wp-content\/uploads\/2021\/12\/sant-marc-verge-495x400.jpg\" width=\"495\" height=\"400\"  title='31. PUIGCERDA\u0300- Sant Marc' alt='Sant Marc' srcset=\"https:\/\/cerdanya.org\/wp-content\/uploads\/2021\/12\/sant-marc-verge-495x400.jpg 495w, https:\/\/cerdanya.org\/wp-content\/uploads\/2021\/12\/sant-marc-verge-845x684.jpg 845w\" sizes=\"(max-width: 495px) 100vw, 495px\" \/><div class='big-prev-fake'><img decoding=\"async\" loading=\"lazy\" class=\"wp-image-19089 avia-img-lazy-loading-19089\"  width=\"495\" height=\"400\" src=\"https:\/\/cerdanya.org\/wp-content\/uploads\/2021\/12\/sant-marc-verge-495x400.jpg\" title='31. PUIGCERDA\u0300- Sant Marc' alt='Sant Marc' srcset=\"https:\/\/cerdanya.org\/wp-content\/uploads\/2021\/12\/sant-marc-verge-495x400.jpg 495w, https:\/\/cerdanya.org\/wp-content\/uploads\/2021\/12\/sant-marc-verge-845x684.jpg 845w\" sizes=\"auto, (max-width: 495px) 100vw, 495px\" \/><\/div><\/a><\/div><\/div><\/div><\/p>\n","protected":false},"excerpt":{"rendered":"","protected":false},"author":3,"featured_media":18333,"parent":29964,"menu_order":60,"comment_status":"closed","ping_status":"closed","template":"","meta":{"footnotes":""},"class_list":["post-30025","page","type-page","status-publish","has-post-thumbnail","hentry"],"_links":{"self":[{"href":"https:\/\/cerdanya.org\/es\/wp-json\/wp\/v2\/pages\/30025","targetHints":{"allow":["GET"]}}],"collection":[{"href":"https:\/\/cerdanya.org\/es\/wp-json\/wp\/v2\/pages"}],"about":[{"href":"https:\/\/cerdanya.org\/es\/wp-json\/wp\/v2\/types\/page"}],"author":[{"embeddable":true,"href":"https:\/\/cerdanya.org\/es\/wp-json\/wp\/v2\/users\/3"}],"replies":[{"embeddable":true,"href":"https:\/\/cerdanya.org\/es\/wp-json\/wp\/v2\/comments?post=30025"}],"version-history":[{"count":0,"href":"https:\/\/cerdanya.org\/es\/wp-json\/wp\/v2\/pages\/30025\/revisions"}],"up":[{"embeddable":true,"href":"https:\/\/cerdanya.org\/es\/wp-json\/wp\/v2\/pages\/29964"}],"wp:featuredmedia":[{"embeddable":true,"href":"https:\/\/cerdanya.org\/es\/wp-json\/wp\/v2\/media\/18333"}],"wp:attachment":[{"href":"https:\/\/cerdanya.org\/es\/wp-json\/wp\/v2\/media?parent=30025"}],"curies":[{"name":"wp","href":"https:\/\/api.w.org\/{rel}","templated":true}]}}