{"id":30013,"date":"2022-04-06T13:07:51","date_gmt":"2022-04-06T11:07:51","guid":{"rendered":"http:\/\/www.cerdanya.org\/que-hacer\/turismo-cultural\/patrimonio-cultural\/guils-de-cerdanya\/sant-marti-de-aravo\/"},"modified":"2022-04-28T22:51:43","modified_gmt":"2022-04-28T20:51:43","slug":"sant-marti-de-aravo","status":"publish","type":"page","link":"https:\/\/cerdanya.org\/es\/que-hacer\/turismo-cultural\/patrimonio-cultural\/guils-de-cerdanya\/sant-marti-de-aravo\/","title":{"rendered":"Sant Mart\u00ed de Arav\u00f3"},"content":{"rendered":"\n<style type=\"text\/css\" data-created_by=\"avia_inline_auto\" id=\"style-css-av-36rb4oj-ba4d95154227ed0d8a771e7152bf9e9e\">\n.flex_column.av-36rb4oj-ba4d95154227ed0d8a771e7152bf9e9e{\nborder-radius:0px 0px 0px 0px;\npadding:0px 0px 0px 0px;\n}\n<\/style>\n<div  class='flex_column av-36rb4oj-ba4d95154227ed0d8a771e7152bf9e9e av_one_half  avia-builder-el-0  el_before_av_one_half  avia-builder-el-first  first flex_column_div av-zero-column-padding  '     ><p>\n<style type=\"text\/css\" data-created_by=\"avia_inline_auto\" id=\"style-css-av-oawri8-d9a9e364324cfdf91bd3bcbdfe4c4695\">\n#top .av-special-heading.av-oawri8-d9a9e364324cfdf91bd3bcbdfe4c4695{\npadding-bottom:10px;\n}\nbody .av-special-heading.av-oawri8-d9a9e364324cfdf91bd3bcbdfe4c4695 .av-special-heading-tag .heading-char{\nfont-size:25px;\n}\n.av-special-heading.av-oawri8-d9a9e364324cfdf91bd3bcbdfe4c4695 .av-subheading{\nfont-size:15px;\n}\n<\/style>\n<div  class='av-special-heading av-oawri8-d9a9e364324cfdf91bd3bcbdfe4c4695 av-special-heading-h5  avia-builder-el-1  el_before_av_textblock  avia-builder-el-first '><h5 class='av-special-heading-tag '  itemprop=\"headline\"  >Descripci\u00f3n<\/h5><div class=\"special-heading-border\"><div class=\"special-heading-inner-border\"><\/div><\/div><\/div><br \/>\n<section  class='av_textblock_section av-ksyomoyl-25f1f3c8b1a0a9b03a6473be4799410f '   itemscope=\"itemscope\" itemtype=\"https:\/\/schema.org\/CreativeWork\" ><div class='avia_textblock'  itemprop=\"text\" ><p>El edificio es moderno con una planta en forma de la letra \u201ctau\u201d. La nave rectangular que llega hasta las dos capillas laterales y la cabecera que forman el brazo travesa\u00f1o. El espacio del crucero est\u00e1 cubierto por una b\u00f3veda de cuatro puntos sobre arcos semiesf\u00e9ricos que definen el espacio de las capillas, el altar y la nave. Est\u00e1 presidida por san Mart\u00edn a caballo en un relieve trabajado dentro de una hornacina.<\/p>\n<p>La puerta de acceso se encuentra ubicada a levante con un campanario de espada\u00f1a de un solo ojo encima de \u00e9sta.<\/p>\n<\/div><\/section><\/p><\/div>\n<style type=\"text\/css\" data-created_by=\"avia_inline_auto\" id=\"style-css-av-2coqnf7-fe66bdd07c1c8428c9bfcd41c861e712\">\n.flex_column.av-2coqnf7-fe66bdd07c1c8428c9bfcd41c861e712{\nborder-radius:0px 0px 0px 0px;\npadding:0px 0px 0px 0px;\n}\n<\/style>\n<div  class='flex_column av-2coqnf7-fe66bdd07c1c8428c9bfcd41c861e712 av_one_half  avia-builder-el-3  el_after_av_one_half  avia-builder-el-last  flex_column_div av-zero-column-padding  '     ><style type=\"text\/css\" data-created_by=\"avia_inline_auto\" id=\"style-css-av-29ooh4j-64eeecadc42c3532a3007264cbf26a82\">\n#top .avia-gallery.av-29ooh4j-64eeecadc42c3532a3007264cbf26a82 .avia-gallery-thumb a{\nwidth:20%;\n}\n<\/style>\n<div  class='avia-gallery av-29ooh4j-64eeecadc42c3532a3007264cbf26a82 avia_animate_when_visible  avia-builder-el-4  avia-builder-el-no-sibling  avia_lazyload av-slideshow-ui av-loop-manual-endless av-control-hidden av-navigate-arrows av-navigate-dots hover-effect av-control-hidden avia-gallery-animate avia-gallery-1'  itemprop=\"image\" itemscope=\"itemscope\" itemtype=\"https:\/\/schema.org\/ImageObject\" ><meta itemprop=\"contentURL\" content=\"https:\/\/cerdanya.org\/es\/que-hacer\/turismo-cultural\/patrimonio-cultural\/guils-de-cerdanya\/sant-marti-de-aravo\/\"><div class='avia-gallery-big-wrapper'><a class='avia-gallery-big fakeLightbox lightbox avia-gallery-big-crop-thumb ' href=\"https:\/\/cerdanya.org\/wp-content\/uploads\/2021\/12\/sant-marti-aravo-1030x687.jpg\" data-srcset=\"https:\/\/cerdanya.org\/wp-content\/uploads\/2021\/12\/sant-marti-aravo-1030x687.jpg 1030w, https:\/\/cerdanya.org\/wp-content\/uploads\/2021\/12\/sant-marti-aravo-300x200.jpg 300w, https:\/\/cerdanya.org\/wp-content\/uploads\/2021\/12\/sant-marti-aravo-768x512.jpg 768w, https:\/\/cerdanya.org\/wp-content\/uploads\/2021\/12\/sant-marti-aravo-705x470.jpg 705w, https:\/\/cerdanya.org\/wp-content\/uploads\/2021\/12\/sant-marti-aravo.jpg 1500w\" data-sizes=\"(max-width: 1030px) 100vw, 1030px\"  data-onclick='1' title='Sant Mart\u00ed d&#8217;Arav\u00f3' ><span class='avia-gallery-big-inner'  itemprop=\"thumbnailUrl\" ><img decoding=\"async\" fetchpriority=\"high\" class=\"wp-image-18853 avia-img-lazy-loading-not-18853\"  width=\"495\" height=\"400\" src=\"https:\/\/cerdanya.org\/wp-content\/uploads\/2021\/12\/sant-marti-aravo-495x400.jpg\" title='GUILS- Sant Marti\u0301 d\u2019Aravo\u0301' alt='Sant Mart\u00ed d\u2019Arav\u00f3' srcset=\"https:\/\/cerdanya.org\/wp-content\/uploads\/2021\/12\/sant-marti-aravo-495x400.jpg 495w, https:\/\/cerdanya.org\/wp-content\/uploads\/2021\/12\/sant-marti-aravo-845x684.jpg 845w\" sizes=\"(max-width: 495px) 100vw, 495px\" \/><span class='avia-gallery-caption'>Sant Mart\u00ed d&#8217;Arav\u00f3<\/span><\/span><\/a><\/div><div class='avia-gallery-thumb'><a href=\"https:\/\/cerdanya.org\/wp-content\/uploads\/2021\/12\/sant-marti-aravo-1030x687.jpg\" data-srcset=\"https:\/\/cerdanya.org\/wp-content\/uploads\/2021\/12\/sant-marti-aravo-1030x687.jpg 1030w, https:\/\/cerdanya.org\/wp-content\/uploads\/2021\/12\/sant-marti-aravo-300x200.jpg 300w, https:\/\/cerdanya.org\/wp-content\/uploads\/2021\/12\/sant-marti-aravo-768x512.jpg 768w, https:\/\/cerdanya.org\/wp-content\/uploads\/2021\/12\/sant-marti-aravo-705x470.jpg 705w, https:\/\/cerdanya.org\/wp-content\/uploads\/2021\/12\/sant-marti-aravo.jpg 1500w\" data-sizes=\"(max-width: 1030px) 100vw, 1030px\" data-rel='gallery-1' data-prev-img='https:\/\/cerdanya.org\/wp-content\/uploads\/2021\/12\/sant-marti-aravo-495x400.jpg' class='first_thumb lightbox ' data-onclick='1' title='Sant Mart\u00ed d&#8217;Arav\u00f3'  itemprop=\"thumbnailUrl\"  ><img decoding=\"async\" fetchpriority=\"high\" class=\"wp-image-18853 avia-img-lazy-loading-not-18853\"  data-avia-tooltip='Sant Mart\u00ed d&#8217;Arav\u00f3' src=\"https:\/\/cerdanya.org\/wp-content\/uploads\/2021\/12\/sant-marti-aravo-495x400.jpg\" width=\"495\" height=\"400\"  title='GUILS- Sant Marti\u0301 d\u2019Aravo\u0301' alt='Sant Mart\u00ed d\u2019Arav\u00f3' srcset=\"https:\/\/cerdanya.org\/wp-content\/uploads\/2021\/12\/sant-marti-aravo-495x400.jpg 495w, https:\/\/cerdanya.org\/wp-content\/uploads\/2021\/12\/sant-marti-aravo-845x684.jpg 845w\" sizes=\"(max-width: 495px) 100vw, 495px\" \/><div class='big-prev-fake'><img decoding=\"async\" loading=\"lazy\" class=\"wp-image-18853 avia-img-lazy-loading-18853\"  width=\"495\" height=\"400\" src=\"https:\/\/cerdanya.org\/wp-content\/uploads\/2021\/12\/sant-marti-aravo-495x400.jpg\" title='GUILS- Sant Marti\u0301 d\u2019Aravo\u0301' alt='Sant Mart\u00ed d\u2019Arav\u00f3' srcset=\"https:\/\/cerdanya.org\/wp-content\/uploads\/2021\/12\/sant-marti-aravo-495x400.jpg 495w, https:\/\/cerdanya.org\/wp-content\/uploads\/2021\/12\/sant-marti-aravo-845x684.jpg 845w\" sizes=\"auto, (max-width: 495px) 100vw, 495px\" \/><\/div><\/a><a href=\"https:\/\/cerdanya.org\/wp-content\/uploads\/2021\/12\/sant-marti-aravo-verge-1030x702.jpg\" data-srcset=\"https:\/\/cerdanya.org\/wp-content\/uploads\/2021\/12\/sant-marti-aravo-verge-1030x702.jpg 1030w, https:\/\/cerdanya.org\/wp-content\/uploads\/2021\/12\/sant-marti-aravo-verge-300x204.jpg 300w, https:\/\/cerdanya.org\/wp-content\/uploads\/2021\/12\/sant-marti-aravo-verge-768x523.jpg 768w, https:\/\/cerdanya.org\/wp-content\/uploads\/2021\/12\/sant-marti-aravo-verge-705x480.jpg 705w, https:\/\/cerdanya.org\/wp-content\/uploads\/2021\/12\/sant-marti-aravo-verge.jpg 1500w\" data-sizes=\"(max-width: 1030px) 100vw, 1030px\" data-rel='gallery-1' data-prev-img='https:\/\/cerdanya.org\/wp-content\/uploads\/2021\/12\/sant-marti-aravo-verge-495x400.jpg' class='lightbox ' data-onclick='2' title='Sant Mart\u00ed d&#8217;Arav\u00f3'  itemprop=\"thumbnailUrl\"  ><img decoding=\"async\" fetchpriority=\"high\" class=\"wp-image-18856 avia-img-lazy-loading-not-18856\"  data-avia-tooltip='Sant Mart\u00ed d&#8217;Arav\u00f3' src=\"https:\/\/cerdanya.org\/wp-content\/uploads\/2021\/12\/sant-marti-aravo-verge-495x400.jpg\" width=\"495\" height=\"400\"  title='GUILS- Sant Marti\u0301 d\u2019Aravo\u0301' alt='Sant Mart\u00ed d\u2019Arav\u00f3' srcset=\"https:\/\/cerdanya.org\/wp-content\/uploads\/2021\/12\/sant-marti-aravo-verge-495x400.jpg 495w, https:\/\/cerdanya.org\/wp-content\/uploads\/2021\/12\/sant-marti-aravo-verge-845x684.jpg 845w\" sizes=\"(max-width: 495px) 100vw, 495px\" \/><div class='big-prev-fake'><img decoding=\"async\" loading=\"lazy\" class=\"wp-image-18856 avia-img-lazy-loading-18856\"  width=\"495\" height=\"400\" src=\"https:\/\/cerdanya.org\/wp-content\/uploads\/2021\/12\/sant-marti-aravo-verge-495x400.jpg\" title='GUILS- Sant Marti\u0301 d\u2019Aravo\u0301' alt='Sant Mart\u00ed d\u2019Arav\u00f3' srcset=\"https:\/\/cerdanya.org\/wp-content\/uploads\/2021\/12\/sant-marti-aravo-verge-495x400.jpg 495w, https:\/\/cerdanya.org\/wp-content\/uploads\/2021\/12\/sant-marti-aravo-verge-845x684.jpg 845w\" sizes=\"auto, (max-width: 495px) 100vw, 495px\" \/><\/div><\/a><a href=\"https:\/\/cerdanya.org\/wp-content\/uploads\/2021\/12\/sant-marti-aravo-pintura-1030x687.jpg\" data-srcset=\"https:\/\/cerdanya.org\/wp-content\/uploads\/2021\/12\/sant-marti-aravo-pintura-1030x687.jpg 1030w, https:\/\/cerdanya.org\/wp-content\/uploads\/2021\/12\/sant-marti-aravo-pintura-300x200.jpg 300w, https:\/\/cerdanya.org\/wp-content\/uploads\/2021\/12\/sant-marti-aravo-pintura-768x512.jpg 768w, https:\/\/cerdanya.org\/wp-content\/uploads\/2021\/12\/sant-marti-aravo-pintura-705x470.jpg 705w, https:\/\/cerdanya.org\/wp-content\/uploads\/2021\/12\/sant-marti-aravo-pintura.jpg 1500w\" data-sizes=\"(max-width: 1030px) 100vw, 1030px\" data-rel='gallery-1' data-prev-img='https:\/\/cerdanya.org\/wp-content\/uploads\/2021\/12\/sant-marti-aravo-pintura-495x400.jpg' class='lightbox ' data-onclick='3' title='Sant Mart\u00ed d&#8217;Arav\u00f3'  itemprop=\"thumbnailUrl\"  ><img decoding=\"async\" fetchpriority=\"high\" class=\"wp-image-18858 avia-img-lazy-loading-not-18858\"  data-avia-tooltip='Sant Mart\u00ed d&#8217;Arav\u00f3' src=\"https:\/\/cerdanya.org\/wp-content\/uploads\/2021\/12\/sant-marti-aravo-pintura-495x400.jpg\" width=\"495\" height=\"400\"  title='Sant Marti\u0301 d\u2019Aravo\u0301' alt='Sant Mart\u00ed d\u2019Arav\u00f3' srcset=\"https:\/\/cerdanya.org\/wp-content\/uploads\/2021\/12\/sant-marti-aravo-pintura-495x400.jpg 495w, https:\/\/cerdanya.org\/wp-content\/uploads\/2021\/12\/sant-marti-aravo-pintura-845x684.jpg 845w\" sizes=\"(max-width: 495px) 100vw, 495px\" \/><div class='big-prev-fake'><img decoding=\"async\" loading=\"lazy\" class=\"wp-image-18858 avia-img-lazy-loading-18858\"  width=\"495\" height=\"400\" src=\"https:\/\/cerdanya.org\/wp-content\/uploads\/2021\/12\/sant-marti-aravo-pintura-495x400.jpg\" title='Sant Marti\u0301 d\u2019Aravo\u0301' alt='Sant Mart\u00ed d\u2019Arav\u00f3' srcset=\"https:\/\/cerdanya.org\/wp-content\/uploads\/2021\/12\/sant-marti-aravo-pintura-495x400.jpg 495w, https:\/\/cerdanya.org\/wp-content\/uploads\/2021\/12\/sant-marti-aravo-pintura-845x684.jpg 845w\" sizes=\"auto, (max-width: 495px) 100vw, 495px\" \/><\/div><\/a><a href=\"https:\/\/cerdanya.org\/wp-content\/uploads\/2021\/12\/sant-marti-aravo-altar-1030x687.jpg\" data-srcset=\"https:\/\/cerdanya.org\/wp-content\/uploads\/2021\/12\/sant-marti-aravo-altar-1030x687.jpg 1030w, https:\/\/cerdanya.org\/wp-content\/uploads\/2021\/12\/sant-marti-aravo-altar-300x200.jpg 300w, https:\/\/cerdanya.org\/wp-content\/uploads\/2021\/12\/sant-marti-aravo-altar-768x512.jpg 768w, https:\/\/cerdanya.org\/wp-content\/uploads\/2021\/12\/sant-marti-aravo-altar-705x470.jpg 705w, https:\/\/cerdanya.org\/wp-content\/uploads\/2021\/12\/sant-marti-aravo-altar.jpg 1500w\" data-sizes=\"(max-width: 1030px) 100vw, 1030px\" data-rel='gallery-1' data-prev-img='https:\/\/cerdanya.org\/wp-content\/uploads\/2021\/12\/sant-marti-aravo-altar-495x400.jpg' class='lightbox ' data-onclick='4' title='Sant Mart\u00ed d&#8217;Arav\u00f3'  itemprop=\"thumbnailUrl\"  ><img decoding=\"async\" fetchpriority=\"high\" class=\"wp-image-18860 avia-img-lazy-loading-not-18860\"  data-avia-tooltip='Sant Mart\u00ed d&#8217;Arav\u00f3' src=\"https:\/\/cerdanya.org\/wp-content\/uploads\/2021\/12\/sant-marti-aravo-altar-495x400.jpg\" width=\"495\" height=\"400\"  title='GUILS- Sant Marti\u0301 d\u2019Aravo\u0301' alt='Sant Mart\u00ed d\u2019Arav\u00f3' srcset=\"https:\/\/cerdanya.org\/wp-content\/uploads\/2021\/12\/sant-marti-aravo-altar-495x400.jpg 495w, https:\/\/cerdanya.org\/wp-content\/uploads\/2021\/12\/sant-marti-aravo-altar-845x684.jpg 845w\" sizes=\"(max-width: 495px) 100vw, 495px\" \/><div class='big-prev-fake'><img decoding=\"async\" loading=\"lazy\" class=\"wp-image-18860 avia-img-lazy-loading-18860\"  width=\"495\" height=\"400\" src=\"https:\/\/cerdanya.org\/wp-content\/uploads\/2021\/12\/sant-marti-aravo-altar-495x400.jpg\" title='GUILS- Sant Marti\u0301 d\u2019Aravo\u0301' alt='Sant Mart\u00ed d\u2019Arav\u00f3' srcset=\"https:\/\/cerdanya.org\/wp-content\/uploads\/2021\/12\/sant-marti-aravo-altar-495x400.jpg 495w, https:\/\/cerdanya.org\/wp-content\/uploads\/2021\/12\/sant-marti-aravo-altar-845x684.jpg 845w\" sizes=\"auto, (max-width: 495px) 100vw, 495px\" \/><\/div><\/a><a href=\"https:\/\/cerdanya.org\/wp-content\/uploads\/2021\/12\/sant-marti-aravo-lateral-1030x687.jpg\" data-srcset=\"https:\/\/cerdanya.org\/wp-content\/uploads\/2021\/12\/sant-marti-aravo-lateral-1030x687.jpg 1030w, https:\/\/cerdanya.org\/wp-content\/uploads\/2021\/12\/sant-marti-aravo-lateral-300x200.jpg 300w, https:\/\/cerdanya.org\/wp-content\/uploads\/2021\/12\/sant-marti-aravo-lateral-768x512.jpg 768w, https:\/\/cerdanya.org\/wp-content\/uploads\/2021\/12\/sant-marti-aravo-lateral-705x470.jpg 705w, https:\/\/cerdanya.org\/wp-content\/uploads\/2021\/12\/sant-marti-aravo-lateral.jpg 1500w\" data-sizes=\"(max-width: 1030px) 100vw, 1030px\" data-rel='gallery-1' data-prev-img='https:\/\/cerdanya.org\/wp-content\/uploads\/2021\/12\/sant-marti-aravo-lateral-495x400.jpg' class='lightbox ' data-onclick='5' title='Sant Mart\u00ed d&#8217;Arav\u00f3'  itemprop=\"thumbnailUrl\"  ><img decoding=\"async\" fetchpriority=\"high\" class=\"wp-image-18861 avia-img-lazy-loading-not-18861\"  data-avia-tooltip='Sant Mart\u00ed d&#8217;Arav\u00f3' src=\"https:\/\/cerdanya.org\/wp-content\/uploads\/2021\/12\/sant-marti-aravo-lateral-495x400.jpg\" width=\"495\" height=\"400\"  title='GUILS- Sant Marti\u0301 d\u2019Aravo\u0301' alt='Sant Mart\u00ed d\u2019Arav\u00f3' srcset=\"https:\/\/cerdanya.org\/wp-content\/uploads\/2021\/12\/sant-marti-aravo-lateral-495x400.jpg 495w, https:\/\/cerdanya.org\/wp-content\/uploads\/2021\/12\/sant-marti-aravo-lateral-845x684.jpg 845w\" sizes=\"(max-width: 495px) 100vw, 495px\" \/><div class='big-prev-fake'><img decoding=\"async\" loading=\"lazy\" class=\"wp-image-18861 avia-img-lazy-loading-18861\"  width=\"495\" height=\"400\" src=\"https:\/\/cerdanya.org\/wp-content\/uploads\/2021\/12\/sant-marti-aravo-lateral-495x400.jpg\" title='GUILS- Sant Marti\u0301 d\u2019Aravo\u0301' alt='Sant Mart\u00ed d\u2019Arav\u00f3' srcset=\"https:\/\/cerdanya.org\/wp-content\/uploads\/2021\/12\/sant-marti-aravo-lateral-495x400.jpg 495w, https:\/\/cerdanya.org\/wp-content\/uploads\/2021\/12\/sant-marti-aravo-lateral-845x684.jpg 845w\" sizes=\"auto, (max-width: 495px) 100vw, 495px\" \/><\/div><\/a><a href=\"https:\/\/cerdanya.org\/wp-content\/uploads\/2021\/12\/sant-marti-aravo-darrera-1030x687.jpg\" data-srcset=\"https:\/\/cerdanya.org\/wp-content\/uploads\/2021\/12\/sant-marti-aravo-darrera-1030x687.jpg 1030w, https:\/\/cerdanya.org\/wp-content\/uploads\/2021\/12\/sant-marti-aravo-darrera-300x200.jpg 300w, https:\/\/cerdanya.org\/wp-content\/uploads\/2021\/12\/sant-marti-aravo-darrera-768x512.jpg 768w, https:\/\/cerdanya.org\/wp-content\/uploads\/2021\/12\/sant-marti-aravo-darrera-705x470.jpg 705w, https:\/\/cerdanya.org\/wp-content\/uploads\/2021\/12\/sant-marti-aravo-darrera.jpg 1500w\" data-sizes=\"(max-width: 1030px) 100vw, 1030px\" data-rel='gallery-1' data-prev-img='https:\/\/cerdanya.org\/wp-content\/uploads\/2021\/12\/sant-marti-aravo-darrera-495x400.jpg' class='first_thumb lightbox ' data-onclick='6' title='Sant Mart\u00ed d&#8217;Arav\u00f3'  itemprop=\"thumbnailUrl\"  ><img decoding=\"async\" fetchpriority=\"high\" class=\"wp-image-18863 avia-img-lazy-loading-not-18863\"  data-avia-tooltip='Sant Mart\u00ed d&#8217;Arav\u00f3' src=\"https:\/\/cerdanya.org\/wp-content\/uploads\/2021\/12\/sant-marti-aravo-darrera-495x400.jpg\" width=\"495\" height=\"400\"  title='GUILS- Sant Marti\u0301 d\u2019Aravo\u0301' alt='Sant Mart\u00ed d\u2019Arav\u00f3' srcset=\"https:\/\/cerdanya.org\/wp-content\/uploads\/2021\/12\/sant-marti-aravo-darrera-495x400.jpg 495w, https:\/\/cerdanya.org\/wp-content\/uploads\/2021\/12\/sant-marti-aravo-darrera-845x684.jpg 845w\" sizes=\"(max-width: 495px) 100vw, 495px\" \/><div class='big-prev-fake'><img decoding=\"async\" loading=\"lazy\" class=\"wp-image-18863 avia-img-lazy-loading-18863\"  width=\"495\" height=\"400\" src=\"https:\/\/cerdanya.org\/wp-content\/uploads\/2021\/12\/sant-marti-aravo-darrera-495x400.jpg\" title='GUILS- Sant Marti\u0301 d\u2019Aravo\u0301' alt='Sant Mart\u00ed d\u2019Arav\u00f3' srcset=\"https:\/\/cerdanya.org\/wp-content\/uploads\/2021\/12\/sant-marti-aravo-darrera-495x400.jpg 495w, https:\/\/cerdanya.org\/wp-content\/uploads\/2021\/12\/sant-marti-aravo-darrera-845x684.jpg 845w\" sizes=\"auto, (max-width: 495px) 100vw, 495px\" \/><\/div><\/a><a href=\"https:\/\/cerdanya.org\/wp-content\/uploads\/2021\/12\/sant-marti-aravo-talla-1030x687.jpg\" data-srcset=\"https:\/\/cerdanya.org\/wp-content\/uploads\/2021\/12\/sant-marti-aravo-talla-1030x687.jpg 1030w, https:\/\/cerdanya.org\/wp-content\/uploads\/2021\/12\/sant-marti-aravo-talla-300x200.jpg 300w, https:\/\/cerdanya.org\/wp-content\/uploads\/2021\/12\/sant-marti-aravo-talla-768x512.jpg 768w, https:\/\/cerdanya.org\/wp-content\/uploads\/2021\/12\/sant-marti-aravo-talla-705x470.jpg 705w, https:\/\/cerdanya.org\/wp-content\/uploads\/2021\/12\/sant-marti-aravo-talla.jpg 1500w\" data-sizes=\"(max-width: 1030px) 100vw, 1030px\" data-rel='gallery-1' data-prev-img='https:\/\/cerdanya.org\/wp-content\/uploads\/2021\/12\/sant-marti-aravo-talla-495x400.jpg' class='lightbox ' data-onclick='7' title='Sant Mart\u00ed d&#8217;Arav\u00f3'  itemprop=\"thumbnailUrl\"  ><img decoding=\"async\" fetchpriority=\"high\" class=\"wp-image-18866 avia-img-lazy-loading-not-18866\"  data-avia-tooltip='Sant Mart\u00ed d&#8217;Arav\u00f3' src=\"https:\/\/cerdanya.org\/wp-content\/uploads\/2021\/12\/sant-marti-aravo-talla-495x400.jpg\" width=\"495\" height=\"400\"  title='GUILS- Sant Marti\u0301 d\u2019Aravo\u0301' alt='Sant Mart\u00ed d\u2019Arav\u00f3' srcset=\"https:\/\/cerdanya.org\/wp-content\/uploads\/2021\/12\/sant-marti-aravo-talla-495x400.jpg 495w, https:\/\/cerdanya.org\/wp-content\/uploads\/2021\/12\/sant-marti-aravo-talla-845x684.jpg 845w\" sizes=\"(max-width: 495px) 100vw, 495px\" \/><div class='big-prev-fake'><img decoding=\"async\" loading=\"lazy\" class=\"wp-image-18866 avia-img-lazy-loading-18866\"  width=\"495\" height=\"400\" src=\"https:\/\/cerdanya.org\/wp-content\/uploads\/2021\/12\/sant-marti-aravo-talla-495x400.jpg\" title='GUILS- Sant Marti\u0301 d\u2019Aravo\u0301' alt='Sant Mart\u00ed d\u2019Arav\u00f3' srcset=\"https:\/\/cerdanya.org\/wp-content\/uploads\/2021\/12\/sant-marti-aravo-talla-495x400.jpg 495w, https:\/\/cerdanya.org\/wp-content\/uploads\/2021\/12\/sant-marti-aravo-talla-845x684.jpg 845w\" sizes=\"auto, (max-width: 495px) 100vw, 495px\" \/><\/div><\/a><a href=\"https:\/\/cerdanya.org\/wp-content\/uploads\/2021\/12\/sant-marti-aravo-pica-1030x687.jpg\" data-srcset=\"https:\/\/cerdanya.org\/wp-content\/uploads\/2021\/12\/sant-marti-aravo-pica-1030x687.jpg 1030w, https:\/\/cerdanya.org\/wp-content\/uploads\/2021\/12\/sant-marti-aravo-pica-300x200.jpg 300w, https:\/\/cerdanya.org\/wp-content\/uploads\/2021\/12\/sant-marti-aravo-pica-768x512.jpg 768w, https:\/\/cerdanya.org\/wp-content\/uploads\/2021\/12\/sant-marti-aravo-pica-705x470.jpg 705w, https:\/\/cerdanya.org\/wp-content\/uploads\/2021\/12\/sant-marti-aravo-pica.jpg 1500w\" data-sizes=\"(max-width: 1030px) 100vw, 1030px\" data-rel='gallery-1' data-prev-img='https:\/\/cerdanya.org\/wp-content\/uploads\/2021\/12\/sant-marti-aravo-pica-495x400.jpg' class='lightbox ' data-onclick='8' title='Sant Mart\u00ed d&#8217;Arav\u00f3'  itemprop=\"thumbnailUrl\"  ><img decoding=\"async\" fetchpriority=\"high\" class=\"wp-image-18867 avia-img-lazy-loading-not-18867\"  data-avia-tooltip='Sant Mart\u00ed d&#8217;Arav\u00f3' src=\"https:\/\/cerdanya.org\/wp-content\/uploads\/2021\/12\/sant-marti-aravo-pica-495x400.jpg\" width=\"495\" height=\"400\"  title='GUILS- Sant Marti\u0301 d\u2019Aravo\u0301' alt='Sant Mart\u00ed d\u2019Arav\u00f3' srcset=\"https:\/\/cerdanya.org\/wp-content\/uploads\/2021\/12\/sant-marti-aravo-pica-495x400.jpg 495w, https:\/\/cerdanya.org\/wp-content\/uploads\/2021\/12\/sant-marti-aravo-pica-845x684.jpg 845w\" sizes=\"(max-width: 495px) 100vw, 495px\" \/><div class='big-prev-fake'><img decoding=\"async\" loading=\"lazy\" class=\"wp-image-18867 avia-img-lazy-loading-18867\"  width=\"495\" height=\"400\" src=\"https:\/\/cerdanya.org\/wp-content\/uploads\/2021\/12\/sant-marti-aravo-pica-495x400.jpg\" title='GUILS- Sant Marti\u0301 d\u2019Aravo\u0301' alt='Sant Mart\u00ed d\u2019Arav\u00f3' srcset=\"https:\/\/cerdanya.org\/wp-content\/uploads\/2021\/12\/sant-marti-aravo-pica-495x400.jpg 495w, https:\/\/cerdanya.org\/wp-content\/uploads\/2021\/12\/sant-marti-aravo-pica-845x684.jpg 845w\" sizes=\"auto, (max-width: 495px) 100vw, 495px\" \/><\/div><\/a><\/div><\/div><\/div><\/p>\n","protected":false},"excerpt":{"rendered":"","protected":false},"author":3,"featured_media":18316,"parent":29955,"menu_order":20,"comment_status":"closed","ping_status":"closed","template":"","meta":{"footnotes":""},"class_list":["post-30013","page","type-page","status-publish","has-post-thumbnail","hentry"],"_links":{"self":[{"href":"https:\/\/cerdanya.org\/es\/wp-json\/wp\/v2\/pages\/30013","targetHints":{"allow":["GET"]}}],"collection":[{"href":"https:\/\/cerdanya.org\/es\/wp-json\/wp\/v2\/pages"}],"about":[{"href":"https:\/\/cerdanya.org\/es\/wp-json\/wp\/v2\/types\/page"}],"author":[{"embeddable":true,"href":"https:\/\/cerdanya.org\/es\/wp-json\/wp\/v2\/users\/3"}],"replies":[{"embeddable":true,"href":"https:\/\/cerdanya.org\/es\/wp-json\/wp\/v2\/comments?post=30013"}],"version-history":[{"count":0,"href":"https:\/\/cerdanya.org\/es\/wp-json\/wp\/v2\/pages\/30013\/revisions"}],"up":[{"embeddable":true,"href":"https:\/\/cerdanya.org\/es\/wp-json\/wp\/v2\/pages\/29955"}],"wp:featuredmedia":[{"embeddable":true,"href":"https:\/\/cerdanya.org\/es\/wp-json\/wp\/v2\/media\/18316"}],"wp:attachment":[{"href":"https:\/\/cerdanya.org\/es\/wp-json\/wp\/v2\/media?parent=30013"}],"curies":[{"name":"wp","href":"https:\/\/api.w.org\/{rel}","templated":true}]}}