{"id":29995,"date":"2022-04-06T13:01:10","date_gmt":"2022-04-06T11:01:10","guid":{"rendered":"http:\/\/www.cerdanya.org\/que-hacer\/turismo-cultural\/patrimonio-cultural\/das\/sant-iscle-y-santa-victoria-de-sanavastre\/"},"modified":"2022-04-28T22:37:23","modified_gmt":"2022-04-28T20:37:23","slug":"sant-iscle-y-santa-victoria-de-sanavastre","status":"publish","type":"page","link":"https:\/\/cerdanya.org\/es\/que-hacer\/turismo-cultural\/patrimonio-cultural\/das\/sant-iscle-y-santa-victoria-de-sanavastre\/","title":{"rendered":"Sant Iscle y Santa Vict\u00f2ria de Sanavastre"},"content":{"rendered":"\n<style type=\"text\/css\" data-created_by=\"avia_inline_auto\" id=\"style-css-av-36rb4oj-ba4d95154227ed0d8a771e7152bf9e9e\">\n.flex_column.av-36rb4oj-ba4d95154227ed0d8a771e7152bf9e9e{\nborder-radius:0px 0px 0px 0px;\npadding:0px 0px 0px 0px;\n}\n<\/style>\n<div  class='flex_column av-36rb4oj-ba4d95154227ed0d8a771e7152bf9e9e av_one_half  avia-builder-el-0  el_before_av_one_half  avia-builder-el-first  first flex_column_div av-zero-column-padding  '     ><p>\n<style type=\"text\/css\" data-created_by=\"avia_inline_auto\" id=\"style-css-av-wklhy1-51d125a7baf345554d3ac626de147501\">\n#top .av-special-heading.av-wklhy1-51d125a7baf345554d3ac626de147501{\npadding-bottom:10px;\n}\nbody .av-special-heading.av-wklhy1-51d125a7baf345554d3ac626de147501 .av-special-heading-tag .heading-char{\nfont-size:25px;\n}\n.av-special-heading.av-wklhy1-51d125a7baf345554d3ac626de147501 .av-subheading{\nfont-size:15px;\n}\n<\/style>\n<div  class='av-special-heading av-wklhy1-51d125a7baf345554d3ac626de147501 av-special-heading-h5  avia-builder-el-1  el_before_av_textblock  avia-builder-el-first '><h5 class='av-special-heading-tag '  itemprop=\"headline\"  >Descripci\u00f3n<\/h5><div class=\"special-heading-border\"><div class=\"special-heading-inner-border\"><\/div><\/div><\/div><br \/>\n<section  class='av_textblock_section av-ksyomoyl-25f1f3c8b1a0a9b03a6473be4799410f '   itemscope=\"itemscope\" itemtype=\"https:\/\/schema.org\/CreativeWork\" ><div class='avia_textblock'  itemprop=\"text\" ><p>La iglesia de Sant Iscle y Santa Vict\u00f2ria es un edificio de una sola nave, que ha sufrido muchas modificaciones a lo largo del tiempo. La parte m\u00e1s destacable del edificio es la fachada de poniente, que podr\u00eda datarse de finales del siglo XII o poco m\u00e1s, con un ojo de buey en lugar de ventana de doble derrame; las dovelas del ojo de buey tienen la arista exterior achaflanada, y en cada una de ellas hay esculpida una media bola, motivo propio del rom\u00e1nico tard\u00edo, de hecho se trata de un ejemplar de ojo de buey \u00fanico en la Cerdanya. El muro est\u00e1 coronado por una espada\u00f1a de dos ojos alt\u00edsimos. Es un frontispicio muy entero y bien conservado.<\/p>\n<p>El \u00e1bside semicircular originario fue sustituido por una cabecera cuadrangular, ampliando la nave con una sacrist\u00eda y dos capillas a ambos lados. La puerta, en la fachada sur, tambi\u00e9n ha sido rehecha y no queda se\u00f1al de ninguna ventana original.<\/p>\n<\/div><\/section><\/p><\/div>\n<style type=\"text\/css\" data-created_by=\"avia_inline_auto\" id=\"style-css-av-2coqnf7-fe66bdd07c1c8428c9bfcd41c861e712\">\n.flex_column.av-2coqnf7-fe66bdd07c1c8428c9bfcd41c861e712{\nborder-radius:0px 0px 0px 0px;\npadding:0px 0px 0px 0px;\n}\n<\/style>\n<div  class='flex_column av-2coqnf7-fe66bdd07c1c8428c9bfcd41c861e712 av_one_half  avia-builder-el-3  el_after_av_one_half  el_before_av_one_full  flex_column_div av-zero-column-padding  '     ><style type=\"text\/css\" data-created_by=\"avia_inline_auto\" id=\"style-css-av-29ooh4j-7529284982812d044ccdfe6dc774c4de\">\n#top .avia-gallery.av-29ooh4j-7529284982812d044ccdfe6dc774c4de .avia-gallery-thumb a{\nwidth:20%;\n}\n<\/style>\n<div  class='avia-gallery av-29ooh4j-7529284982812d044ccdfe6dc774c4de avia_animate_when_visible  avia-builder-el-4  avia-builder-el-no-sibling  avia_lazyload av-slideshow-ui av-loop-manual-endless av-control-hidden av-navigate-arrows av-navigate-dots hover-effect av-control-hidden avia-gallery-animate avia-gallery-1'  itemprop=\"image\" itemscope=\"itemscope\" itemtype=\"https:\/\/schema.org\/ImageObject\" ><meta itemprop=\"contentURL\" content=\"https:\/\/cerdanya.org\/es\/que-hacer\/turismo-cultural\/patrimonio-cultural\/das\/sant-iscle-y-santa-victoria-de-sanavastre\/\"><div class='avia-gallery-big-wrapper'><a class='avia-gallery-big fakeLightbox lightbox avia-gallery-big-crop-thumb ' href=\"https:\/\/cerdanya.org\/wp-content\/uploads\/2021\/12\/sant-iscle-santa-victoria-sanavastre--1030x687.jpg\" data-srcset=\"https:\/\/cerdanya.org\/wp-content\/uploads\/2021\/12\/sant-iscle-santa-victoria-sanavastre--1030x687.jpg 1030w, https:\/\/cerdanya.org\/wp-content\/uploads\/2021\/12\/sant-iscle-santa-victoria-sanavastre--300x200.jpg 300w, https:\/\/cerdanya.org\/wp-content\/uploads\/2021\/12\/sant-iscle-santa-victoria-sanavastre--768x512.jpg 768w, https:\/\/cerdanya.org\/wp-content\/uploads\/2021\/12\/sant-iscle-santa-victoria-sanavastre--705x470.jpg 705w, https:\/\/cerdanya.org\/wp-content\/uploads\/2021\/12\/sant-iscle-santa-victoria-sanavastre-.jpg 1500w\" data-sizes=\"(max-width: 1030px) 100vw, 1030px\"  data-onclick='1' title='Sant Iscle i Santa Vict\u00f2ria de Sanavastre' ><span class='avia-gallery-big-inner'  itemprop=\"thumbnailUrl\" ><img decoding=\"async\" fetchpriority=\"high\" class=\"wp-image-18695 avia-img-lazy-loading-not-18695\"  width=\"495\" height=\"400\" src=\"https:\/\/cerdanya.org\/wp-content\/uploads\/2021\/12\/sant-iscle-santa-victoria-sanavastre--495x400.jpg\" title='9. DAS- Sant Iscle i Santa Victo\u0300ria de Sanavastre' alt='Sant Iscle i Santa Vict\u00f2ria de Sanavastre' srcset=\"https:\/\/cerdanya.org\/wp-content\/uploads\/2021\/12\/sant-iscle-santa-victoria-sanavastre--495x400.jpg 495w, https:\/\/cerdanya.org\/wp-content\/uploads\/2021\/12\/sant-iscle-santa-victoria-sanavastre--845x684.jpg 845w\" sizes=\"(max-width: 495px) 100vw, 495px\" \/><span class='avia-gallery-caption'>Sant Iscle i Santa Vict\u00f2ria de Sanavastre<\/span><\/span><\/a><\/div><div class='avia-gallery-thumb'><a href=\"https:\/\/cerdanya.org\/wp-content\/uploads\/2021\/12\/sant-iscle-santa-victoria-sanavastre--1030x687.jpg\" data-srcset=\"https:\/\/cerdanya.org\/wp-content\/uploads\/2021\/12\/sant-iscle-santa-victoria-sanavastre--1030x687.jpg 1030w, https:\/\/cerdanya.org\/wp-content\/uploads\/2021\/12\/sant-iscle-santa-victoria-sanavastre--300x200.jpg 300w, https:\/\/cerdanya.org\/wp-content\/uploads\/2021\/12\/sant-iscle-santa-victoria-sanavastre--768x512.jpg 768w, https:\/\/cerdanya.org\/wp-content\/uploads\/2021\/12\/sant-iscle-santa-victoria-sanavastre--705x470.jpg 705w, https:\/\/cerdanya.org\/wp-content\/uploads\/2021\/12\/sant-iscle-santa-victoria-sanavastre-.jpg 1500w\" data-sizes=\"(max-width: 1030px) 100vw, 1030px\" data-rel='gallery-1' data-prev-img='https:\/\/cerdanya.org\/wp-content\/uploads\/2021\/12\/sant-iscle-santa-victoria-sanavastre--495x400.jpg' class='first_thumb lightbox ' data-onclick='1' title='Sant Iscle i Santa Vict\u00f2ria de Sanavastre'  itemprop=\"thumbnailUrl\"  ><img decoding=\"async\" fetchpriority=\"high\" class=\"wp-image-18695 avia-img-lazy-loading-not-18695\"  data-avia-tooltip='Sant Iscle i Santa Vict\u00f2ria de Sanavastre' src=\"https:\/\/cerdanya.org\/wp-content\/uploads\/2021\/12\/sant-iscle-santa-victoria-sanavastre--495x400.jpg\" width=\"495\" height=\"400\"  title='9. DAS- Sant Iscle i Santa Victo\u0300ria de Sanavastre' alt='Sant Iscle i Santa Vict\u00f2ria de Sanavastre' srcset=\"https:\/\/cerdanya.org\/wp-content\/uploads\/2021\/12\/sant-iscle-santa-victoria-sanavastre--495x400.jpg 495w, https:\/\/cerdanya.org\/wp-content\/uploads\/2021\/12\/sant-iscle-santa-victoria-sanavastre--845x684.jpg 845w\" sizes=\"(max-width: 495px) 100vw, 495px\" \/><div class='big-prev-fake'><img decoding=\"async\" loading=\"lazy\" class=\"wp-image-18695 avia-img-lazy-loading-18695\"  width=\"495\" height=\"400\" src=\"https:\/\/cerdanya.org\/wp-content\/uploads\/2021\/12\/sant-iscle-santa-victoria-sanavastre--495x400.jpg\" title='9. DAS- Sant Iscle i Santa Victo\u0300ria de Sanavastre' alt='Sant Iscle i Santa Vict\u00f2ria de Sanavastre' srcset=\"https:\/\/cerdanya.org\/wp-content\/uploads\/2021\/12\/sant-iscle-santa-victoria-sanavastre--495x400.jpg 495w, https:\/\/cerdanya.org\/wp-content\/uploads\/2021\/12\/sant-iscle-santa-victoria-sanavastre--845x684.jpg 845w\" sizes=\"auto, (max-width: 495px) 100vw, 495px\" \/><\/div><\/a><a href=\"https:\/\/cerdanya.org\/wp-content\/uploads\/2021\/12\/sant-iscle-santa-victoria-sanavastre-cor-1030x687.jpg\" data-srcset=\"https:\/\/cerdanya.org\/wp-content\/uploads\/2021\/12\/sant-iscle-santa-victoria-sanavastre-cor-1030x687.jpg 1030w, https:\/\/cerdanya.org\/wp-content\/uploads\/2021\/12\/sant-iscle-santa-victoria-sanavastre-cor-300x200.jpg 300w, https:\/\/cerdanya.org\/wp-content\/uploads\/2021\/12\/sant-iscle-santa-victoria-sanavastre-cor-768x512.jpg 768w, https:\/\/cerdanya.org\/wp-content\/uploads\/2021\/12\/sant-iscle-santa-victoria-sanavastre-cor-705x470.jpg 705w, https:\/\/cerdanya.org\/wp-content\/uploads\/2021\/12\/sant-iscle-santa-victoria-sanavastre-cor.jpg 1500w\" data-sizes=\"(max-width: 1030px) 100vw, 1030px\" data-rel='gallery-1' data-prev-img='https:\/\/cerdanya.org\/wp-content\/uploads\/2021\/12\/sant-iscle-santa-victoria-sanavastre-cor-495x400.jpg' class='lightbox ' data-onclick='2' title='Sant Iscle i Santa Vict\u00f2ria de Sanavastre'  itemprop=\"thumbnailUrl\"  ><img decoding=\"async\" fetchpriority=\"high\" class=\"wp-image-18697 avia-img-lazy-loading-not-18697\"  data-avia-tooltip='Sant Iscle i Santa Vict\u00f2ria de Sanavastre' src=\"https:\/\/cerdanya.org\/wp-content\/uploads\/2021\/12\/sant-iscle-santa-victoria-sanavastre-cor-495x400.jpg\" width=\"495\" height=\"400\"  title='9. DAS- Sant Iscle i Santa Victo\u0300ria de Sanavastre' alt='Sant Iscle i Santa Vict\u00f2ria de Sanavastre' srcset=\"https:\/\/cerdanya.org\/wp-content\/uploads\/2021\/12\/sant-iscle-santa-victoria-sanavastre-cor-495x400.jpg 495w, https:\/\/cerdanya.org\/wp-content\/uploads\/2021\/12\/sant-iscle-santa-victoria-sanavastre-cor-845x684.jpg 845w\" sizes=\"(max-width: 495px) 100vw, 495px\" \/><div class='big-prev-fake'><img decoding=\"async\" loading=\"lazy\" class=\"wp-image-18697 avia-img-lazy-loading-18697\"  width=\"495\" height=\"400\" src=\"https:\/\/cerdanya.org\/wp-content\/uploads\/2021\/12\/sant-iscle-santa-victoria-sanavastre-cor-495x400.jpg\" title='9. DAS- Sant Iscle i Santa Victo\u0300ria de Sanavastre' alt='Sant Iscle i Santa Vict\u00f2ria de Sanavastre' srcset=\"https:\/\/cerdanya.org\/wp-content\/uploads\/2021\/12\/sant-iscle-santa-victoria-sanavastre-cor-495x400.jpg 495w, https:\/\/cerdanya.org\/wp-content\/uploads\/2021\/12\/sant-iscle-santa-victoria-sanavastre-cor-845x684.jpg 845w\" sizes=\"auto, (max-width: 495px) 100vw, 495px\" \/><\/div><\/a><a href=\"https:\/\/cerdanya.org\/wp-content\/uploads\/2021\/12\/sant-iscle-santa-victoria-sanavastre-confessionari-1030x687.jpg\" data-srcset=\"https:\/\/cerdanya.org\/wp-content\/uploads\/2021\/12\/sant-iscle-santa-victoria-sanavastre-confessionari-1030x687.jpg 1030w, https:\/\/cerdanya.org\/wp-content\/uploads\/2021\/12\/sant-iscle-santa-victoria-sanavastre-confessionari-300x200.jpg 300w, https:\/\/cerdanya.org\/wp-content\/uploads\/2021\/12\/sant-iscle-santa-victoria-sanavastre-confessionari-768x512.jpg 768w, https:\/\/cerdanya.org\/wp-content\/uploads\/2021\/12\/sant-iscle-santa-victoria-sanavastre-confessionari-705x470.jpg 705w, https:\/\/cerdanya.org\/wp-content\/uploads\/2021\/12\/sant-iscle-santa-victoria-sanavastre-confessionari.jpg 1500w\" data-sizes=\"(max-width: 1030px) 100vw, 1030px\" data-rel='gallery-1' data-prev-img='https:\/\/cerdanya.org\/wp-content\/uploads\/2021\/12\/sant-iscle-santa-victoria-sanavastre-confessionari-495x400.jpg' class='lightbox ' data-onclick='3' title='Sant Iscle i Santa Vict\u00f2ria de Sanavastre'  itemprop=\"thumbnailUrl\"  ><img decoding=\"async\" fetchpriority=\"high\" class=\"wp-image-18699 avia-img-lazy-loading-not-18699\"  data-avia-tooltip='Sant Iscle i Santa Vict\u00f2ria de Sanavastre' src=\"https:\/\/cerdanya.org\/wp-content\/uploads\/2021\/12\/sant-iscle-santa-victoria-sanavastre-confessionari-495x400.jpg\" width=\"495\" height=\"400\"  title='9. DAS- Sant Iscle i Santa Victo\u0300ria de Sanavastre' alt='Sant Iscle i Santa Vict\u00f2ria de Sanavastre' srcset=\"https:\/\/cerdanya.org\/wp-content\/uploads\/2021\/12\/sant-iscle-santa-victoria-sanavastre-confessionari-495x400.jpg 495w, https:\/\/cerdanya.org\/wp-content\/uploads\/2021\/12\/sant-iscle-santa-victoria-sanavastre-confessionari-845x684.jpg 845w\" sizes=\"(max-width: 495px) 100vw, 495px\" \/><div class='big-prev-fake'><img decoding=\"async\" loading=\"lazy\" class=\"wp-image-18699 avia-img-lazy-loading-18699\"  width=\"495\" height=\"400\" src=\"https:\/\/cerdanya.org\/wp-content\/uploads\/2021\/12\/sant-iscle-santa-victoria-sanavastre-confessionari-495x400.jpg\" title='9. DAS- Sant Iscle i Santa Victo\u0300ria de Sanavastre' alt='Sant Iscle i Santa Vict\u00f2ria de Sanavastre' srcset=\"https:\/\/cerdanya.org\/wp-content\/uploads\/2021\/12\/sant-iscle-santa-victoria-sanavastre-confessionari-495x400.jpg 495w, https:\/\/cerdanya.org\/wp-content\/uploads\/2021\/12\/sant-iscle-santa-victoria-sanavastre-confessionari-845x684.jpg 845w\" sizes=\"auto, (max-width: 495px) 100vw, 495px\" \/><\/div><\/a><a href=\"https:\/\/cerdanya.org\/wp-content\/uploads\/2021\/12\/sant-iscle-santa-victoria-sanavastre-pica-1030x687.jpg\" data-srcset=\"https:\/\/cerdanya.org\/wp-content\/uploads\/2021\/12\/sant-iscle-santa-victoria-sanavastre-pica-1030x687.jpg 1030w, https:\/\/cerdanya.org\/wp-content\/uploads\/2021\/12\/sant-iscle-santa-victoria-sanavastre-pica-300x200.jpg 300w, https:\/\/cerdanya.org\/wp-content\/uploads\/2021\/12\/sant-iscle-santa-victoria-sanavastre-pica-768x512.jpg 768w, https:\/\/cerdanya.org\/wp-content\/uploads\/2021\/12\/sant-iscle-santa-victoria-sanavastre-pica-705x470.jpg 705w, https:\/\/cerdanya.org\/wp-content\/uploads\/2021\/12\/sant-iscle-santa-victoria-sanavastre-pica.jpg 1500w\" data-sizes=\"(max-width: 1030px) 100vw, 1030px\" data-rel='gallery-1' data-prev-img='https:\/\/cerdanya.org\/wp-content\/uploads\/2021\/12\/sant-iscle-santa-victoria-sanavastre-pica-495x400.jpg' class='lightbox ' data-onclick='4' title='Sant Iscle i Santa Vict\u00f2ria de Sanavastre'  itemprop=\"thumbnailUrl\"  ><img decoding=\"async\" fetchpriority=\"high\" class=\"wp-image-18702 avia-img-lazy-loading-not-18702\"  data-avia-tooltip='Sant Iscle i Santa Vict\u00f2ria de Sanavastre' src=\"https:\/\/cerdanya.org\/wp-content\/uploads\/2021\/12\/sant-iscle-santa-victoria-sanavastre-pica-495x400.jpg\" width=\"495\" height=\"400\"  title='9. DAS- Sant Iscle i Santa Victo\u0300ria de Sanavastre' alt='Sant Iscle i Santa Vict\u00f2ria de Sanavastre' srcset=\"https:\/\/cerdanya.org\/wp-content\/uploads\/2021\/12\/sant-iscle-santa-victoria-sanavastre-pica-495x400.jpg 495w, https:\/\/cerdanya.org\/wp-content\/uploads\/2021\/12\/sant-iscle-santa-victoria-sanavastre-pica-845x684.jpg 845w\" sizes=\"(max-width: 495px) 100vw, 495px\" \/><div class='big-prev-fake'><img decoding=\"async\" loading=\"lazy\" class=\"wp-image-18702 avia-img-lazy-loading-18702\"  width=\"495\" height=\"400\" src=\"https:\/\/cerdanya.org\/wp-content\/uploads\/2021\/12\/sant-iscle-santa-victoria-sanavastre-pica-495x400.jpg\" title='9. DAS- Sant Iscle i Santa Victo\u0300ria de Sanavastre' alt='Sant Iscle i Santa Vict\u00f2ria de Sanavastre' srcset=\"https:\/\/cerdanya.org\/wp-content\/uploads\/2021\/12\/sant-iscle-santa-victoria-sanavastre-pica-495x400.jpg 495w, https:\/\/cerdanya.org\/wp-content\/uploads\/2021\/12\/sant-iscle-santa-victoria-sanavastre-pica-845x684.jpg 845w\" sizes=\"auto, (max-width: 495px) 100vw, 495px\" \/><\/div><\/a><a href=\"https:\/\/cerdanya.org\/wp-content\/uploads\/2021\/12\/sant-iscle-santa-victoria-sanavastre-verge-1030x687.jpg\" data-srcset=\"https:\/\/cerdanya.org\/wp-content\/uploads\/2021\/12\/sant-iscle-santa-victoria-sanavastre-verge-1030x687.jpg 1030w, https:\/\/cerdanya.org\/wp-content\/uploads\/2021\/12\/sant-iscle-santa-victoria-sanavastre-verge-300x200.jpg 300w, https:\/\/cerdanya.org\/wp-content\/uploads\/2021\/12\/sant-iscle-santa-victoria-sanavastre-verge-768x512.jpg 768w, https:\/\/cerdanya.org\/wp-content\/uploads\/2021\/12\/sant-iscle-santa-victoria-sanavastre-verge-705x470.jpg 705w, https:\/\/cerdanya.org\/wp-content\/uploads\/2021\/12\/sant-iscle-santa-victoria-sanavastre-verge.jpg 1500w\" data-sizes=\"(max-width: 1030px) 100vw, 1030px\" data-rel='gallery-1' data-prev-img='https:\/\/cerdanya.org\/wp-content\/uploads\/2021\/12\/sant-iscle-santa-victoria-sanavastre-verge-495x400.jpg' class='lightbox ' data-onclick='5' title='Sant Iscle i Santa Vict\u00f2ria de Sanavastre'  itemprop=\"thumbnailUrl\"  ><img decoding=\"async\" fetchpriority=\"high\" class=\"wp-image-18700 avia-img-lazy-loading-not-18700\"  data-avia-tooltip='Sant Iscle i Santa Vict\u00f2ria de Sanavastre' src=\"https:\/\/cerdanya.org\/wp-content\/uploads\/2021\/12\/sant-iscle-santa-victoria-sanavastre-verge-495x400.jpg\" width=\"495\" height=\"400\"  title='9. DAS- Sant Iscle i Santa Victo\u0300ria de Sanavastre' alt='Sant Iscle i Santa Vict\u00f2ria de Sanavastre' srcset=\"https:\/\/cerdanya.org\/wp-content\/uploads\/2021\/12\/sant-iscle-santa-victoria-sanavastre-verge-495x400.jpg 495w, https:\/\/cerdanya.org\/wp-content\/uploads\/2021\/12\/sant-iscle-santa-victoria-sanavastre-verge-845x684.jpg 845w\" sizes=\"(max-width: 495px) 100vw, 495px\" \/><div class='big-prev-fake'><img decoding=\"async\" loading=\"lazy\" class=\"wp-image-18700 avia-img-lazy-loading-18700\"  width=\"495\" height=\"400\" src=\"https:\/\/cerdanya.org\/wp-content\/uploads\/2021\/12\/sant-iscle-santa-victoria-sanavastre-verge-495x400.jpg\" title='9. DAS- Sant Iscle i Santa Victo\u0300ria de Sanavastre' alt='Sant Iscle i Santa Vict\u00f2ria de Sanavastre' srcset=\"https:\/\/cerdanya.org\/wp-content\/uploads\/2021\/12\/sant-iscle-santa-victoria-sanavastre-verge-495x400.jpg 495w, https:\/\/cerdanya.org\/wp-content\/uploads\/2021\/12\/sant-iscle-santa-victoria-sanavastre-verge-845x684.jpg 845w\" sizes=\"auto, (max-width: 495px) 100vw, 495px\" \/><\/div><\/a><a href=\"https:\/\/cerdanya.org\/wp-content\/uploads\/2021\/12\/sant-iscle-santa-victoria-sanavastre-porta-1030x687.jpg\" data-srcset=\"https:\/\/cerdanya.org\/wp-content\/uploads\/2021\/12\/sant-iscle-santa-victoria-sanavastre-porta-1030x687.jpg 1030w, https:\/\/cerdanya.org\/wp-content\/uploads\/2021\/12\/sant-iscle-santa-victoria-sanavastre-porta-300x200.jpg 300w, https:\/\/cerdanya.org\/wp-content\/uploads\/2021\/12\/sant-iscle-santa-victoria-sanavastre-porta-768x512.jpg 768w, https:\/\/cerdanya.org\/wp-content\/uploads\/2021\/12\/sant-iscle-santa-victoria-sanavastre-porta-705x470.jpg 705w, https:\/\/cerdanya.org\/wp-content\/uploads\/2021\/12\/sant-iscle-santa-victoria-sanavastre-porta.jpg 1500w\" data-sizes=\"(max-width: 1030px) 100vw, 1030px\" data-rel='gallery-1' data-prev-img='https:\/\/cerdanya.org\/wp-content\/uploads\/2021\/12\/sant-iscle-santa-victoria-sanavastre-porta-495x400.jpg' class='first_thumb lightbox ' data-onclick='6' title='Coordenades UTM: 31T 405308 4693184'  itemprop=\"thumbnailUrl\"  ><img decoding=\"async\" fetchpriority=\"high\" class=\"wp-image-18703 avia-img-lazy-loading-not-18703\"  data-avia-tooltip='Coordenades UTM: 31T 405308 4693184' src=\"https:\/\/cerdanya.org\/wp-content\/uploads\/2021\/12\/sant-iscle-santa-victoria-sanavastre-porta-495x400.jpg\" width=\"495\" height=\"400\"  title='9. DAS- Sant Iscle i Santa Victo\u0300ria de Sanavastre' alt='Sant Iscle i Santa Vict\u00f2ria de Sanavastre' srcset=\"https:\/\/cerdanya.org\/wp-content\/uploads\/2021\/12\/sant-iscle-santa-victoria-sanavastre-porta-495x400.jpg 495w, https:\/\/cerdanya.org\/wp-content\/uploads\/2021\/12\/sant-iscle-santa-victoria-sanavastre-porta-845x684.jpg 845w\" sizes=\"(max-width: 495px) 100vw, 495px\" \/><div class='big-prev-fake'><img decoding=\"async\" loading=\"lazy\" class=\"wp-image-18703 avia-img-lazy-loading-18703\"  width=\"495\" height=\"400\" src=\"https:\/\/cerdanya.org\/wp-content\/uploads\/2021\/12\/sant-iscle-santa-victoria-sanavastre-porta-495x400.jpg\" title='9. DAS- Sant Iscle i Santa Victo\u0300ria de Sanavastre' alt='Sant Iscle i Santa Vict\u00f2ria de Sanavastre' srcset=\"https:\/\/cerdanya.org\/wp-content\/uploads\/2021\/12\/sant-iscle-santa-victoria-sanavastre-porta-495x400.jpg 495w, https:\/\/cerdanya.org\/wp-content\/uploads\/2021\/12\/sant-iscle-santa-victoria-sanavastre-porta-845x684.jpg 845w\" sizes=\"auto, (max-width: 495px) 100vw, 495px\" \/><\/div><\/a><\/div><\/div><\/div><\/p>\n\n<style type=\"text\/css\" data-created_by=\"avia_inline_auto\" id=\"style-css-av-13qih77-00e4eae9d0b6c138f9ba0e0aa3d8fb95\">\n.flex_column.av-13qih77-00e4eae9d0b6c138f9ba0e0aa3d8fb95{\nborder-radius:0px 0px 0px 0px;\npadding:0px 0px 0px 0px;\n}\n<\/style>\n<div  class='flex_column av-13qih77-00e4eae9d0b6c138f9ba0e0aa3d8fb95 av_one_full  avia-builder-el-5  el_after_av_one_half  el_before_av_one_half  first flex_column_div av-zero-column-padding  column-top-margin'     ><style type=\"text\/css\" data-created_by=\"avia_inline_auto\" id=\"style-css-av-kwp2dp8f-f55138033d46035ff7ae47226ad7fa00\">\n#top .hr.hr-invisible.av-kwp2dp8f-f55138033d46035ff7ae47226ad7fa00{\nheight:20px;\n}\n<\/style>\n<div  class='hr av-kwp2dp8f-f55138033d46035ff7ae47226ad7fa00 hr-invisible  avia-builder-el-6  avia-builder-el-no-sibling '><span class='hr-inner '><span class=\"hr-inner-style\"><\/span><\/span><\/div><\/div>\n\n<style type=\"text\/css\" data-created_by=\"avia_inline_auto\" id=\"style-css-av-16oscop-76be8f6abae7aeabe97f7f9c8c2cd7a6\">\n.flex_column.av-16oscop-76be8f6abae7aeabe97f7f9c8c2cd7a6{\nborder-radius:0px 0px 0px 0px;\npadding:0px 0px 0px 0px;\n}\n<\/style>\n<div  class='flex_column av-16oscop-76be8f6abae7aeabe97f7f9c8c2cd7a6 av_one_half  avia-builder-el-7  el_after_av_one_full  avia-builder-el-last  first flex_column_div av-zero-column-padding  column-top-margin'     ><p>\n<style type=\"text\/css\" data-created_by=\"avia_inline_auto\" id=\"style-css-av-mfr2ft-4d4f00c6c44f4a4463301182ceca46b2\">\n#top .av-special-heading.av-mfr2ft-4d4f00c6c44f4a4463301182ceca46b2{\npadding-bottom:10px;\n}\nbody .av-special-heading.av-mfr2ft-4d4f00c6c44f4a4463301182ceca46b2 .av-special-heading-tag .heading-char{\nfont-size:25px;\n}\n.av-special-heading.av-mfr2ft-4d4f00c6c44f4a4463301182ceca46b2 .av-subheading{\nfont-size:15px;\n}\n<\/style>\n<div  class='av-special-heading av-mfr2ft-4d4f00c6c44f4a4463301182ceca46b2 av-special-heading-h5  avia-builder-el-8  el_before_av_image  avia-builder-el-first '><h5 class='av-special-heading-tag '  itemprop=\"headline\"  >Planta y secci\u00f3n<\/h5><div class=\"special-heading-border\"><div class=\"special-heading-inner-border\"><\/div><\/div><\/div><br \/>\n\n<style type=\"text\/css\" data-created_by=\"avia_inline_auto\" id=\"style-css-av-kxq29k4v-de9475640e3f96158e650aeb7e4bf598\">\n.avia-image-container.av-kxq29k4v-de9475640e3f96158e650aeb7e4bf598 img.avia_image{\nbox-shadow:none;\n}\n.avia-image-container.av-kxq29k4v-de9475640e3f96158e650aeb7e4bf598 .av-image-caption-overlay-center{\ncolor:#ffffff;\n}\n<\/style>\n<div  class='avia-image-container av-kxq29k4v-de9475640e3f96158e650aeb7e4bf598 av-styling- avia-align-center  avia-builder-el-9  el_after_av_heading  avia-builder-el-last '   itemprop=\"image\" itemscope=\"itemscope\" itemtype=\"https:\/\/schema.org\/ImageObject\" ><div class=\"avia-image-container-inner\"><div class=\"avia-image-overlay-wrap\"><img decoding=\"async\" fetchpriority=\"high\" class='wp-image-18693 avia-img-lazy-loading-not-18693 avia_image ' src=\"https:\/\/cerdanya.org\/wp-content\/uploads\/2021\/12\/sant-iscle-santa-victoria-Sanavastre-1030x645.jpg\" alt='Sant Iscle i Santa Vict\u00f2ria de Sanavastre' title='sant-iscle-santa-victoria-Sanavastre'  height=\"645\" width=\"1030\"  itemprop=\"thumbnailUrl\" srcset=\"https:\/\/cerdanya.org\/wp-content\/uploads\/2021\/12\/sant-iscle-santa-victoria-Sanavastre-1030x645.jpg 1030w, https:\/\/cerdanya.org\/wp-content\/uploads\/2021\/12\/sant-iscle-santa-victoria-Sanavastre-300x188.jpg 300w, https:\/\/cerdanya.org\/wp-content\/uploads\/2021\/12\/sant-iscle-santa-victoria-Sanavastre-768x481.jpg 768w, https:\/\/cerdanya.org\/wp-content\/uploads\/2021\/12\/sant-iscle-santa-victoria-Sanavastre-705x441.jpg 705w, https:\/\/cerdanya.org\/wp-content\/uploads\/2021\/12\/sant-iscle-santa-victoria-Sanavastre.jpg 1209w\" sizes=\"(max-width: 1030px) 100vw, 1030px\" \/><\/div><\/div><\/div><\/p><\/div>\n","protected":false},"excerpt":{"rendered":"","protected":false},"author":3,"featured_media":18369,"parent":26658,"menu_order":20,"comment_status":"closed","ping_status":"closed","template":"","meta":{"footnotes":""},"class_list":["post-29995","page","type-page","status-publish","has-post-thumbnail","hentry"],"_links":{"self":[{"href":"https:\/\/cerdanya.org\/es\/wp-json\/wp\/v2\/pages\/29995","targetHints":{"allow":["GET"]}}],"collection":[{"href":"https:\/\/cerdanya.org\/es\/wp-json\/wp\/v2\/pages"}],"about":[{"href":"https:\/\/cerdanya.org\/es\/wp-json\/wp\/v2\/types\/page"}],"author":[{"embeddable":true,"href":"https:\/\/cerdanya.org\/es\/wp-json\/wp\/v2\/users\/3"}],"replies":[{"embeddable":true,"href":"https:\/\/cerdanya.org\/es\/wp-json\/wp\/v2\/comments?post=29995"}],"version-history":[{"count":0,"href":"https:\/\/cerdanya.org\/es\/wp-json\/wp\/v2\/pages\/29995\/revisions"}],"up":[{"embeddable":true,"href":"https:\/\/cerdanya.org\/es\/wp-json\/wp\/v2\/pages\/26658"}],"wp:featuredmedia":[{"embeddable":true,"href":"https:\/\/cerdanya.org\/es\/wp-json\/wp\/v2\/media\/18369"}],"wp:attachment":[{"href":"https:\/\/cerdanya.org\/es\/wp-json\/wp\/v2\/media?parent=29995"}],"curies":[{"name":"wp","href":"https:\/\/api.w.org\/{rel}","templated":true}]}}