{"id":29989,"date":"2022-04-06T12:58:22","date_gmt":"2022-04-06T10:58:22","guid":{"rendered":"http:\/\/www.cerdanya.org\/que-hacer\/turismo-cultural\/patrimonio-cultural\/montella-i-martinet\/sant-marti-de-villec\/"},"modified":"2022-04-28T23:00:39","modified_gmt":"2022-04-28T21:00:39","slug":"sant-marti-de-villec","status":"publish","type":"page","link":"https:\/\/cerdanya.org\/es\/que-hacer\/turismo-cultural\/patrimonio-cultural\/montella-i-martinet\/sant-marti-de-villec\/","title":{"rendered":"Sant Mart\u00ed de V\u00edllec"},"content":{"rendered":"\n<style type=\"text\/css\" data-created_by=\"avia_inline_auto\" id=\"style-css-av-36rb4oj-ba4d95154227ed0d8a771e7152bf9e9e\">\n.flex_column.av-36rb4oj-ba4d95154227ed0d8a771e7152bf9e9e{\nborder-radius:0px 0px 0px 0px;\npadding:0px 0px 0px 0px;\n}\n<\/style>\n<div  class='flex_column av-36rb4oj-ba4d95154227ed0d8a771e7152bf9e9e av_one_half  avia-builder-el-0  el_before_av_one_half  avia-builder-el-first  first flex_column_div av-zero-column-padding  '     ><p>\n<style type=\"text\/css\" data-created_by=\"avia_inline_auto\" id=\"style-css-av-1nq0tum-dab94f10a16cbe66797630b8b70c6e4b\">\n#top .av-special-heading.av-1nq0tum-dab94f10a16cbe66797630b8b70c6e4b{\npadding-bottom:10px;\n}\nbody .av-special-heading.av-1nq0tum-dab94f10a16cbe66797630b8b70c6e4b .av-special-heading-tag .heading-char{\nfont-size:25px;\n}\n.av-special-heading.av-1nq0tum-dab94f10a16cbe66797630b8b70c6e4b .av-subheading{\nfont-size:15px;\n}\n<\/style>\n<div  class='av-special-heading av-1nq0tum-dab94f10a16cbe66797630b8b70c6e4b av-special-heading-h5  avia-builder-el-1  el_before_av_textblock  avia-builder-el-first '><h5 class='av-special-heading-tag '  itemprop=\"headline\"  >Descripci\u00f3n<\/h5><div class=\"special-heading-border\"><div class=\"special-heading-inner-border\"><\/div><\/div><\/div><br \/>\n<section  class='av_textblock_section av-ksyomoyl-25f1f3c8b1a0a9b03a6473be4799410f '   itemscope=\"itemscope\" itemtype=\"https:\/\/schema.org\/CreativeWork\" ><div class='avia_textblock'  itemprop=\"text\" ><p>Es un edificio del siglo XII, de una \u00fanica nave muy alargada por sus diferentes modificaciones. El \u00e1bside y el primer tramo de la nave son todav\u00eda de ese momento como lo demuestra que la ventana del \u00e1bside y del muro meridional tengan la misma factura.<\/p>\n<p>El resto de la nave fue reconstruida y reforzada con arcos formeros para aguantar la b\u00f3veda apuntada que salva el desnivel con la b\u00f3veda del \u00e1bside con un doble arco presbiteral.<\/p>\n<p>La puerta de acceso est\u00e1 en la fachada de poniente, est\u00e1 formada por un arco de medio punto hecho con dovelas bien cortadas y seguidas por un sencillo guardapolvo. Encima se levanta un campanario de espada\u00f1a de dos ojos que, posteriormente, fue convertido en torre.<\/p>\n<p>Conserva una pica bautismal hecha de un bloque de granito y un coro de madera.<\/p>\n<\/div><\/section><\/p><\/div>\n<style type=\"text\/css\" data-created_by=\"avia_inline_auto\" id=\"style-css-av-2coqnf7-fe66bdd07c1c8428c9bfcd41c861e712\">\n.flex_column.av-2coqnf7-fe66bdd07c1c8428c9bfcd41c861e712{\nborder-radius:0px 0px 0px 0px;\npadding:0px 0px 0px 0px;\n}\n<\/style>\n<div  class='flex_column av-2coqnf7-fe66bdd07c1c8428c9bfcd41c861e712 av_one_half  avia-builder-el-3  el_after_av_one_half  el_before_av_one_full  flex_column_div av-zero-column-padding  '     ><style type=\"text\/css\" data-created_by=\"avia_inline_auto\" id=\"style-css-av-29ooh4j-40cda1525a932e84cb1ba2f10e533fd3\">\n#top .avia-gallery.av-29ooh4j-40cda1525a932e84cb1ba2f10e533fd3 .avia-gallery-thumb a{\nwidth:20%;\n}\n<\/style>\n<div  class='avia-gallery av-29ooh4j-40cda1525a932e84cb1ba2f10e533fd3 avia_animate_when_visible  avia-builder-el-4  avia-builder-el-no-sibling  avia_lazyload av-slideshow-ui av-loop-manual-endless av-control-hidden av-navigate-arrows av-navigate-dots hover-effect av-control-hidden avia-gallery-animate avia-gallery-1'  itemprop=\"image\" itemscope=\"itemscope\" itemtype=\"https:\/\/schema.org\/ImageObject\" ><meta itemprop=\"contentURL\" content=\"https:\/\/cerdanya.org\/es\/que-hacer\/turismo-cultural\/patrimonio-cultural\/montella-i-martinet\/sant-marti-de-villec\/\"><div class='avia-gallery-big-wrapper'><a class='avia-gallery-big fakeLightbox lightbox avia-gallery-big-crop-thumb ' href=\"https:\/\/cerdanya.org\/wp-content\/uploads\/2021\/12\/sant-marti-villec-1-1030x687.jpg\" data-srcset=\"https:\/\/cerdanya.org\/wp-content\/uploads\/2021\/12\/sant-marti-villec-1-1030x687.jpg 1030w, https:\/\/cerdanya.org\/wp-content\/uploads\/2021\/12\/sant-marti-villec-1-300x200.jpg 300w, https:\/\/cerdanya.org\/wp-content\/uploads\/2021\/12\/sant-marti-villec-1-768x512.jpg 768w, https:\/\/cerdanya.org\/wp-content\/uploads\/2021\/12\/sant-marti-villec-1-705x470.jpg 705w, https:\/\/cerdanya.org\/wp-content\/uploads\/2021\/12\/sant-marti-villec-1.jpg 1500w\" data-sizes=\"(max-width: 1030px) 100vw, 1030px\"  data-onclick='1' title='Sant Mart\u00ed de V\u00edllec' ><span class='avia-gallery-big-inner'  itemprop=\"thumbnailUrl\" ><img decoding=\"async\" fetchpriority=\"high\" class=\"wp-image-19011 avia-img-lazy-loading-not-19011\"  width=\"495\" height=\"400\" src=\"https:\/\/cerdanya.org\/wp-content\/uploads\/2021\/12\/sant-marti-villec-1-495x400.jpg\" title='25. MONTELLA\u0300 I MARTINET- Sant Marti\u0301 de Vi\u0301llec' alt='Sant Mart\u00ed de V\u00edllec' srcset=\"https:\/\/cerdanya.org\/wp-content\/uploads\/2021\/12\/sant-marti-villec-1-495x400.jpg 495w, https:\/\/cerdanya.org\/wp-content\/uploads\/2021\/12\/sant-marti-villec-1-845x684.jpg 845w\" sizes=\"(max-width: 495px) 100vw, 495px\" \/><span class='avia-gallery-caption'>Sant Mart\u00ed de V\u00edllec<\/span><\/span><\/a><\/div><div class='avia-gallery-thumb'><a href=\"https:\/\/cerdanya.org\/wp-content\/uploads\/2021\/12\/sant-marti-villec-1-1030x687.jpg\" data-srcset=\"https:\/\/cerdanya.org\/wp-content\/uploads\/2021\/12\/sant-marti-villec-1-1030x687.jpg 1030w, https:\/\/cerdanya.org\/wp-content\/uploads\/2021\/12\/sant-marti-villec-1-300x200.jpg 300w, https:\/\/cerdanya.org\/wp-content\/uploads\/2021\/12\/sant-marti-villec-1-768x512.jpg 768w, https:\/\/cerdanya.org\/wp-content\/uploads\/2021\/12\/sant-marti-villec-1-705x470.jpg 705w, https:\/\/cerdanya.org\/wp-content\/uploads\/2021\/12\/sant-marti-villec-1.jpg 1500w\" data-sizes=\"(max-width: 1030px) 100vw, 1030px\" data-rel='gallery-1' data-prev-img='https:\/\/cerdanya.org\/wp-content\/uploads\/2021\/12\/sant-marti-villec-1-495x400.jpg' class='first_thumb lightbox ' data-onclick='1' title='Sant Mart\u00ed de V\u00edllec'  itemprop=\"thumbnailUrl\"  ><img decoding=\"async\" fetchpriority=\"high\" class=\"wp-image-19011 avia-img-lazy-loading-not-19011\"  data-avia-tooltip='Sant Mart\u00ed de V\u00edllec' src=\"https:\/\/cerdanya.org\/wp-content\/uploads\/2021\/12\/sant-marti-villec-1-495x400.jpg\" width=\"495\" height=\"400\"  title='25. MONTELLA\u0300 I MARTINET- Sant Marti\u0301 de Vi\u0301llec' alt='Sant Mart\u00ed de V\u00edllec' srcset=\"https:\/\/cerdanya.org\/wp-content\/uploads\/2021\/12\/sant-marti-villec-1-495x400.jpg 495w, https:\/\/cerdanya.org\/wp-content\/uploads\/2021\/12\/sant-marti-villec-1-845x684.jpg 845w\" sizes=\"(max-width: 495px) 100vw, 495px\" \/><div class='big-prev-fake'><img decoding=\"async\" loading=\"lazy\" class=\"wp-image-19011 avia-img-lazy-loading-19011\"  width=\"495\" height=\"400\" src=\"https:\/\/cerdanya.org\/wp-content\/uploads\/2021\/12\/sant-marti-villec-1-495x400.jpg\" title='25. MONTELLA\u0300 I MARTINET- Sant Marti\u0301 de Vi\u0301llec' alt='Sant Mart\u00ed de V\u00edllec' srcset=\"https:\/\/cerdanya.org\/wp-content\/uploads\/2021\/12\/sant-marti-villec-1-495x400.jpg 495w, https:\/\/cerdanya.org\/wp-content\/uploads\/2021\/12\/sant-marti-villec-1-845x684.jpg 845w\" sizes=\"auto, (max-width: 495px) 100vw, 495px\" \/><\/div><\/a><a href=\"https:\/\/cerdanya.org\/wp-content\/uploads\/2021\/12\/sant-marti-villec-altar-1030x687.jpg\" data-srcset=\"https:\/\/cerdanya.org\/wp-content\/uploads\/2021\/12\/sant-marti-villec-altar-1030x687.jpg 1030w, https:\/\/cerdanya.org\/wp-content\/uploads\/2021\/12\/sant-marti-villec-altar-300x200.jpg 300w, https:\/\/cerdanya.org\/wp-content\/uploads\/2021\/12\/sant-marti-villec-altar-768x512.jpg 768w, https:\/\/cerdanya.org\/wp-content\/uploads\/2021\/12\/sant-marti-villec-altar-705x470.jpg 705w, https:\/\/cerdanya.org\/wp-content\/uploads\/2021\/12\/sant-marti-villec-altar.jpg 1500w\" data-sizes=\"(max-width: 1030px) 100vw, 1030px\" data-rel='gallery-1' data-prev-img='https:\/\/cerdanya.org\/wp-content\/uploads\/2021\/12\/sant-marti-villec-altar-495x400.jpg' class='lightbox ' data-onclick='2' title='Sant Mart\u00ed de V\u00edllec'  itemprop=\"thumbnailUrl\"  ><img decoding=\"async\" fetchpriority=\"high\" class=\"wp-image-19012 avia-img-lazy-loading-not-19012\"  data-avia-tooltip='Sant Mart\u00ed de V\u00edllec' src=\"https:\/\/cerdanya.org\/wp-content\/uploads\/2021\/12\/sant-marti-villec-altar-495x400.jpg\" width=\"495\" height=\"400\"  title='25. MONTELLA\u0300 I MARTINET- Sant Marti\u0301 de Vi\u0301llec' alt='Sant Mart\u00ed de V\u00edllec' srcset=\"https:\/\/cerdanya.org\/wp-content\/uploads\/2021\/12\/sant-marti-villec-altar-495x400.jpg 495w, https:\/\/cerdanya.org\/wp-content\/uploads\/2021\/12\/sant-marti-villec-altar-845x684.jpg 845w\" sizes=\"(max-width: 495px) 100vw, 495px\" \/><div class='big-prev-fake'><img decoding=\"async\" loading=\"lazy\" class=\"wp-image-19012 avia-img-lazy-loading-19012\"  width=\"495\" height=\"400\" src=\"https:\/\/cerdanya.org\/wp-content\/uploads\/2021\/12\/sant-marti-villec-altar-495x400.jpg\" title='25. MONTELLA\u0300 I MARTINET- Sant Marti\u0301 de Vi\u0301llec' alt='Sant Mart\u00ed de V\u00edllec' srcset=\"https:\/\/cerdanya.org\/wp-content\/uploads\/2021\/12\/sant-marti-villec-altar-495x400.jpg 495w, https:\/\/cerdanya.org\/wp-content\/uploads\/2021\/12\/sant-marti-villec-altar-845x684.jpg 845w\" sizes=\"auto, (max-width: 495px) 100vw, 495px\" \/><\/div><\/a><a href=\"https:\/\/cerdanya.org\/wp-content\/uploads\/2021\/12\/sant-marti-villec-cor-1030x687.jpg\" data-srcset=\"https:\/\/cerdanya.org\/wp-content\/uploads\/2021\/12\/sant-marti-villec-cor-1030x687.jpg 1030w, https:\/\/cerdanya.org\/wp-content\/uploads\/2021\/12\/sant-marti-villec-cor-300x200.jpg 300w, https:\/\/cerdanya.org\/wp-content\/uploads\/2021\/12\/sant-marti-villec-cor-768x512.jpg 768w, https:\/\/cerdanya.org\/wp-content\/uploads\/2021\/12\/sant-marti-villec-cor-705x470.jpg 705w, https:\/\/cerdanya.org\/wp-content\/uploads\/2021\/12\/sant-marti-villec-cor.jpg 1500w\" data-sizes=\"(max-width: 1030px) 100vw, 1030px\" data-rel='gallery-1' data-prev-img='https:\/\/cerdanya.org\/wp-content\/uploads\/2021\/12\/sant-marti-villec-cor-495x400.jpg' class='lightbox ' data-onclick='3' title='Sant Mart\u00ed de V\u00edllec'  itemprop=\"thumbnailUrl\"  ><img decoding=\"async\" fetchpriority=\"high\" class=\"wp-image-19013 avia-img-lazy-loading-not-19013\"  data-avia-tooltip='Sant Mart\u00ed de V\u00edllec' src=\"https:\/\/cerdanya.org\/wp-content\/uploads\/2021\/12\/sant-marti-villec-cor-495x400.jpg\" width=\"495\" height=\"400\"  title='25. MONTELLA\u0300 I MARTINET- Sant Marti\u0301 de Vi\u0301llec' alt='Sant Mart\u00ed de V\u00edllec' srcset=\"https:\/\/cerdanya.org\/wp-content\/uploads\/2021\/12\/sant-marti-villec-cor-495x400.jpg 495w, https:\/\/cerdanya.org\/wp-content\/uploads\/2021\/12\/sant-marti-villec-cor-845x684.jpg 845w\" sizes=\"(max-width: 495px) 100vw, 495px\" \/><div class='big-prev-fake'><img decoding=\"async\" loading=\"lazy\" class=\"wp-image-19013 avia-img-lazy-loading-19013\"  width=\"495\" height=\"400\" src=\"https:\/\/cerdanya.org\/wp-content\/uploads\/2021\/12\/sant-marti-villec-cor-495x400.jpg\" title='25. MONTELLA\u0300 I MARTINET- Sant Marti\u0301 de Vi\u0301llec' alt='Sant Mart\u00ed de V\u00edllec' srcset=\"https:\/\/cerdanya.org\/wp-content\/uploads\/2021\/12\/sant-marti-villec-cor-495x400.jpg 495w, https:\/\/cerdanya.org\/wp-content\/uploads\/2021\/12\/sant-marti-villec-cor-845x684.jpg 845w\" sizes=\"auto, (max-width: 495px) 100vw, 495px\" \/><\/div><\/a><a href=\"https:\/\/cerdanya.org\/wp-content\/uploads\/2021\/12\/sant-marti-villec-pica-1030x687.jpg\" data-srcset=\"https:\/\/cerdanya.org\/wp-content\/uploads\/2021\/12\/sant-marti-villec-pica-1030x687.jpg 1030w, https:\/\/cerdanya.org\/wp-content\/uploads\/2021\/12\/sant-marti-villec-pica-300x200.jpg 300w, https:\/\/cerdanya.org\/wp-content\/uploads\/2021\/12\/sant-marti-villec-pica-768x512.jpg 768w, https:\/\/cerdanya.org\/wp-content\/uploads\/2021\/12\/sant-marti-villec-pica-705x470.jpg 705w, https:\/\/cerdanya.org\/wp-content\/uploads\/2021\/12\/sant-marti-villec-pica.jpg 1500w\" data-sizes=\"(max-width: 1030px) 100vw, 1030px\" data-rel='gallery-1' data-prev-img='https:\/\/cerdanya.org\/wp-content\/uploads\/2021\/12\/sant-marti-villec-pica-495x400.jpg' class='lightbox ' data-onclick='4' title='Sant Mart\u00ed de V\u00edllec'  itemprop=\"thumbnailUrl\"  ><img decoding=\"async\" fetchpriority=\"high\" class=\"wp-image-19017 avia-img-lazy-loading-not-19017\"  data-avia-tooltip='Sant Mart\u00ed de V\u00edllec' src=\"https:\/\/cerdanya.org\/wp-content\/uploads\/2021\/12\/sant-marti-villec-pica-495x400.jpg\" width=\"495\" height=\"400\"  title='25. MONTELLA\u0300 I MARTINET- Sant Marti\u0301 de Vi\u0301llec' alt='Sant Mart\u00ed de V\u00edllec' srcset=\"https:\/\/cerdanya.org\/wp-content\/uploads\/2021\/12\/sant-marti-villec-pica-495x400.jpg 495w, https:\/\/cerdanya.org\/wp-content\/uploads\/2021\/12\/sant-marti-villec-pica-845x684.jpg 845w\" sizes=\"(max-width: 495px) 100vw, 495px\" \/><div class='big-prev-fake'><img decoding=\"async\" loading=\"lazy\" class=\"wp-image-19017 avia-img-lazy-loading-19017\"  width=\"495\" height=\"400\" src=\"https:\/\/cerdanya.org\/wp-content\/uploads\/2021\/12\/sant-marti-villec-pica-495x400.jpg\" title='25. MONTELLA\u0300 I MARTINET- Sant Marti\u0301 de Vi\u0301llec' alt='Sant Mart\u00ed de V\u00edllec' srcset=\"https:\/\/cerdanya.org\/wp-content\/uploads\/2021\/12\/sant-marti-villec-pica-495x400.jpg 495w, https:\/\/cerdanya.org\/wp-content\/uploads\/2021\/12\/sant-marti-villec-pica-845x684.jpg 845w\" sizes=\"auto, (max-width: 495px) 100vw, 495px\" \/><\/div><\/a><a href=\"https:\/\/cerdanya.org\/wp-content\/uploads\/2021\/12\/sant-marti-villec-escala-1030x687.jpg\" data-srcset=\"https:\/\/cerdanya.org\/wp-content\/uploads\/2021\/12\/sant-marti-villec-escala-1030x687.jpg 1030w, https:\/\/cerdanya.org\/wp-content\/uploads\/2021\/12\/sant-marti-villec-escala-300x200.jpg 300w, https:\/\/cerdanya.org\/wp-content\/uploads\/2021\/12\/sant-marti-villec-escala-768x512.jpg 768w, https:\/\/cerdanya.org\/wp-content\/uploads\/2021\/12\/sant-marti-villec-escala-705x470.jpg 705w, https:\/\/cerdanya.org\/wp-content\/uploads\/2021\/12\/sant-marti-villec-escala.jpg 1500w\" data-sizes=\"(max-width: 1030px) 100vw, 1030px\" data-rel='gallery-1' data-prev-img='https:\/\/cerdanya.org\/wp-content\/uploads\/2021\/12\/sant-marti-villec-escala-495x400.jpg' class='lightbox ' data-onclick='5' title='Sant Mart\u00ed de V\u00edllec'  itemprop=\"thumbnailUrl\"  ><img decoding=\"async\" fetchpriority=\"high\" class=\"wp-image-19014 avia-img-lazy-loading-not-19014\"  data-avia-tooltip='Sant Mart\u00ed de V\u00edllec' src=\"https:\/\/cerdanya.org\/wp-content\/uploads\/2021\/12\/sant-marti-villec-escala-495x400.jpg\" width=\"495\" height=\"400\"  title='25. MONTELLA\u0300 I MARTINET- Sant Marti\u0301 de Vi\u0301llec' alt='Sant Mart\u00ed de V\u00edllec' srcset=\"https:\/\/cerdanya.org\/wp-content\/uploads\/2021\/12\/sant-marti-villec-escala-495x400.jpg 495w, https:\/\/cerdanya.org\/wp-content\/uploads\/2021\/12\/sant-marti-villec-escala-845x684.jpg 845w\" sizes=\"(max-width: 495px) 100vw, 495px\" \/><div class='big-prev-fake'><img decoding=\"async\" loading=\"lazy\" class=\"wp-image-19014 avia-img-lazy-loading-19014\"  width=\"495\" height=\"400\" src=\"https:\/\/cerdanya.org\/wp-content\/uploads\/2021\/12\/sant-marti-villec-escala-495x400.jpg\" title='25. MONTELLA\u0300 I MARTINET- Sant Marti\u0301 de Vi\u0301llec' alt='Sant Mart\u00ed de V\u00edllec' srcset=\"https:\/\/cerdanya.org\/wp-content\/uploads\/2021\/12\/sant-marti-villec-escala-495x400.jpg 495w, https:\/\/cerdanya.org\/wp-content\/uploads\/2021\/12\/sant-marti-villec-escala-845x684.jpg 845w\" sizes=\"auto, (max-width: 495px) 100vw, 495px\" \/><\/div><\/a><a href=\"https:\/\/cerdanya.org\/wp-content\/uploads\/2021\/12\/sant-marti-villec-vista-cor-1030x687.jpg\" data-srcset=\"https:\/\/cerdanya.org\/wp-content\/uploads\/2021\/12\/sant-marti-villec-vista-cor-1030x687.jpg 1030w, https:\/\/cerdanya.org\/wp-content\/uploads\/2021\/12\/sant-marti-villec-vista-cor-300x200.jpg 300w, https:\/\/cerdanya.org\/wp-content\/uploads\/2021\/12\/sant-marti-villec-vista-cor-768x512.jpg 768w, https:\/\/cerdanya.org\/wp-content\/uploads\/2021\/12\/sant-marti-villec-vista-cor-705x470.jpg 705w, https:\/\/cerdanya.org\/wp-content\/uploads\/2021\/12\/sant-marti-villec-vista-cor.jpg 1500w\" data-sizes=\"(max-width: 1030px) 100vw, 1030px\" data-rel='gallery-1' data-prev-img='https:\/\/cerdanya.org\/wp-content\/uploads\/2021\/12\/sant-marti-villec-vista-cor-495x400.jpg' class='first_thumb lightbox ' data-onclick='6' title='Sant Mart\u00ed de V\u00edllec'  itemprop=\"thumbnailUrl\"  ><img decoding=\"async\" fetchpriority=\"high\" class=\"wp-image-19015 avia-img-lazy-loading-not-19015\"  data-avia-tooltip='Sant Mart\u00ed de V\u00edllec' src=\"https:\/\/cerdanya.org\/wp-content\/uploads\/2021\/12\/sant-marti-villec-vista-cor-495x400.jpg\" width=\"495\" height=\"400\"  title='25. MONTELLA\u0300 I MARTINET- Sant Marti\u0301 de Vi\u0301llec' alt='Sant Mart\u00ed de V\u00edllec' srcset=\"https:\/\/cerdanya.org\/wp-content\/uploads\/2021\/12\/sant-marti-villec-vista-cor-495x400.jpg 495w, https:\/\/cerdanya.org\/wp-content\/uploads\/2021\/12\/sant-marti-villec-vista-cor-845x684.jpg 845w\" sizes=\"(max-width: 495px) 100vw, 495px\" \/><div class='big-prev-fake'><img decoding=\"async\" loading=\"lazy\" class=\"wp-image-19015 avia-img-lazy-loading-19015\"  width=\"495\" height=\"400\" src=\"https:\/\/cerdanya.org\/wp-content\/uploads\/2021\/12\/sant-marti-villec-vista-cor-495x400.jpg\" title='25. MONTELLA\u0300 I MARTINET- Sant Marti\u0301 de Vi\u0301llec' alt='Sant Mart\u00ed de V\u00edllec' srcset=\"https:\/\/cerdanya.org\/wp-content\/uploads\/2021\/12\/sant-marti-villec-vista-cor-495x400.jpg 495w, https:\/\/cerdanya.org\/wp-content\/uploads\/2021\/12\/sant-marti-villec-vista-cor-845x684.jpg 845w\" sizes=\"auto, (max-width: 495px) 100vw, 495px\" \/><\/div><\/a><a href=\"https:\/\/cerdanya.org\/wp-content\/uploads\/2021\/12\/sant-marti-villec-aigua-1030x687.jpg\" data-srcset=\"https:\/\/cerdanya.org\/wp-content\/uploads\/2021\/12\/sant-marti-villec-aigua-1030x687.jpg 1030w, https:\/\/cerdanya.org\/wp-content\/uploads\/2021\/12\/sant-marti-villec-aigua-300x200.jpg 300w, https:\/\/cerdanya.org\/wp-content\/uploads\/2021\/12\/sant-marti-villec-aigua-768x512.jpg 768w, https:\/\/cerdanya.org\/wp-content\/uploads\/2021\/12\/sant-marti-villec-aigua-705x470.jpg 705w, https:\/\/cerdanya.org\/wp-content\/uploads\/2021\/12\/sant-marti-villec-aigua.jpg 1500w\" data-sizes=\"(max-width: 1030px) 100vw, 1030px\" data-rel='gallery-1' data-prev-img='https:\/\/cerdanya.org\/wp-content\/uploads\/2021\/12\/sant-marti-villec-aigua-495x400.jpg' class='lightbox ' data-onclick='7' title='Coordenades UTM: 31T 390939 4687680'  itemprop=\"thumbnailUrl\"  ><img decoding=\"async\" fetchpriority=\"high\" class=\"wp-image-19016 avia-img-lazy-loading-not-19016\"  data-avia-tooltip='Coordenades UTM: 31T 390939 4687680' src=\"https:\/\/cerdanya.org\/wp-content\/uploads\/2021\/12\/sant-marti-villec-aigua-495x400.jpg\" width=\"495\" height=\"400\"  title='25. MONTELLA\u0300 I MARTINET- Sant Marti\u0301 de Vi\u0301llec' alt='Sant Mart\u00ed de V\u00edllec' srcset=\"https:\/\/cerdanya.org\/wp-content\/uploads\/2021\/12\/sant-marti-villec-aigua-495x400.jpg 495w, https:\/\/cerdanya.org\/wp-content\/uploads\/2021\/12\/sant-marti-villec-aigua-845x684.jpg 845w\" sizes=\"(max-width: 495px) 100vw, 495px\" \/><div class='big-prev-fake'><img decoding=\"async\" loading=\"lazy\" class=\"wp-image-19016 avia-img-lazy-loading-19016\"  width=\"495\" height=\"400\" src=\"https:\/\/cerdanya.org\/wp-content\/uploads\/2021\/12\/sant-marti-villec-aigua-495x400.jpg\" title='25. MONTELLA\u0300 I MARTINET- Sant Marti\u0301 de Vi\u0301llec' alt='Sant Mart\u00ed de V\u00edllec' srcset=\"https:\/\/cerdanya.org\/wp-content\/uploads\/2021\/12\/sant-marti-villec-aigua-495x400.jpg 495w, https:\/\/cerdanya.org\/wp-content\/uploads\/2021\/12\/sant-marti-villec-aigua-845x684.jpg 845w\" sizes=\"auto, (max-width: 495px) 100vw, 495px\" \/><\/div><\/a><\/div><\/div><\/div>\n<style type=\"text\/css\" data-created_by=\"avia_inline_auto\" id=\"style-css-av-13qih77-00e4eae9d0b6c138f9ba0e0aa3d8fb95\">\n.flex_column.av-13qih77-00e4eae9d0b6c138f9ba0e0aa3d8fb95{\nborder-radius:0px 0px 0px 0px;\npadding:0px 0px 0px 0px;\n}\n<\/style>\n<div  class='flex_column av-13qih77-00e4eae9d0b6c138f9ba0e0aa3d8fb95 av_one_full  avia-builder-el-5  el_after_av_one_half  el_before_av_one_half  first flex_column_div av-zero-column-padding  column-top-margin'     ><style type=\"text\/css\" data-created_by=\"avia_inline_auto\" id=\"style-css-av-kwp2dp8f-f55138033d46035ff7ae47226ad7fa00\">\n#top .hr.hr-invisible.av-kwp2dp8f-f55138033d46035ff7ae47226ad7fa00{\nheight:20px;\n}\n<\/style>\n<div  class='hr av-kwp2dp8f-f55138033d46035ff7ae47226ad7fa00 hr-invisible  avia-builder-el-6  avia-builder-el-no-sibling '><span class='hr-inner '><span class=\"hr-inner-style\"><\/span><\/span><\/div><\/div><\/p>\n\n<style type=\"text\/css\" data-created_by=\"avia_inline_auto\" id=\"style-css-av-18ic6gu-82cd99fe5dba0e5d4f89d9207c71e419\">\n.flex_column.av-18ic6gu-82cd99fe5dba0e5d4f89d9207c71e419{\nborder-radius:0px 0px 0px 0px;\npadding:0px 0px 0px 0px;\n}\n<\/style>\n<div  class='flex_column av-18ic6gu-82cd99fe5dba0e5d4f89d9207c71e419 av_one_half  avia-builder-el-7  el_after_av_one_full  avia-builder-el-last  first flex_column_div av-zero-column-padding  column-top-margin'     ><p>\n<style type=\"text\/css\" data-created_by=\"avia_inline_auto\" id=\"style-css-av-1zxfz2-7e408918cb93174466f56ee6f66fb371\">\n#top .av-special-heading.av-1zxfz2-7e408918cb93174466f56ee6f66fb371{\npadding-bottom:10px;\n}\nbody .av-special-heading.av-1zxfz2-7e408918cb93174466f56ee6f66fb371 .av-special-heading-tag .heading-char{\nfont-size:25px;\n}\n.av-special-heading.av-1zxfz2-7e408918cb93174466f56ee6f66fb371 .av-subheading{\nfont-size:15px;\n}\n<\/style>\n<div  class='av-special-heading av-1zxfz2-7e408918cb93174466f56ee6f66fb371 av-special-heading-h5  avia-builder-el-8  el_before_av_image  avia-builder-el-first '><h5 class='av-special-heading-tag '  itemprop=\"headline\"  >Planta y secci\u00f3n<\/h5><div class=\"special-heading-border\"><div class=\"special-heading-inner-border\"><\/div><\/div><\/div><br \/>\n\n<style type=\"text\/css\" data-created_by=\"avia_inline_auto\" id=\"style-css-av-kxrctqnp-83915ce31e396aba59b3c04b26a9f2b7\">\n.avia-image-container.av-kxrctqnp-83915ce31e396aba59b3c04b26a9f2b7 img.avia_image{\nbox-shadow:none;\n}\n.avia-image-container.av-kxrctqnp-83915ce31e396aba59b3c04b26a9f2b7 .av-image-caption-overlay-center{\ncolor:#ffffff;\n}\n<\/style>\n<div  class='avia-image-container av-kxrctqnp-83915ce31e396aba59b3c04b26a9f2b7 av-styling- avia-align-center  avia-builder-el-9  el_after_av_heading  avia-builder-el-last '   itemprop=\"image\" itemscope=\"itemscope\" itemtype=\"https:\/\/schema.org\/ImageObject\" ><div class=\"avia-image-container-inner\"><div class=\"avia-image-overlay-wrap\"><img decoding=\"async\" fetchpriority=\"high\" class='wp-image-19010 avia-img-lazy-loading-not-19010 avia_image ' src=\"https:\/\/cerdanya.org\/wp-content\/uploads\/2021\/12\/sant-marti-villec-1030x382.jpg\" alt='Sant Mart\u00ed de V\u00edllec' title='sant-marti-villec'  height=\"382\" width=\"1030\"  itemprop=\"thumbnailUrl\" srcset=\"https:\/\/cerdanya.org\/wp-content\/uploads\/2021\/12\/sant-marti-villec-1030x382.jpg 1030w, https:\/\/cerdanya.org\/wp-content\/uploads\/2021\/12\/sant-marti-villec-300x111.jpg 300w, https:\/\/cerdanya.org\/wp-content\/uploads\/2021\/12\/sant-marti-villec-768x285.jpg 768w, https:\/\/cerdanya.org\/wp-content\/uploads\/2021\/12\/sant-marti-villec-705x261.jpg 705w, https:\/\/cerdanya.org\/wp-content\/uploads\/2021\/12\/sant-marti-villec.jpg 1500w\" sizes=\"(max-width: 1030px) 100vw, 1030px\" \/><\/div><\/div><\/div><\/p><\/div>\n","protected":false},"excerpt":{"rendered":"","protected":false},"author":3,"featured_media":18363,"parent":29518,"menu_order":50,"comment_status":"closed","ping_status":"closed","template":"","meta":{"footnotes":""},"class_list":["post-29989","page","type-page","status-publish","has-post-thumbnail","hentry"],"_links":{"self":[{"href":"https:\/\/cerdanya.org\/es\/wp-json\/wp\/v2\/pages\/29989","targetHints":{"allow":["GET"]}}],"collection":[{"href":"https:\/\/cerdanya.org\/es\/wp-json\/wp\/v2\/pages"}],"about":[{"href":"https:\/\/cerdanya.org\/es\/wp-json\/wp\/v2\/types\/page"}],"author":[{"embeddable":true,"href":"https:\/\/cerdanya.org\/es\/wp-json\/wp\/v2\/users\/3"}],"replies":[{"embeddable":true,"href":"https:\/\/cerdanya.org\/es\/wp-json\/wp\/v2\/comments?post=29989"}],"version-history":[{"count":0,"href":"https:\/\/cerdanya.org\/es\/wp-json\/wp\/v2\/pages\/29989\/revisions"}],"up":[{"embeddable":true,"href":"https:\/\/cerdanya.org\/es\/wp-json\/wp\/v2\/pages\/29518"}],"wp:featuredmedia":[{"embeddable":true,"href":"https:\/\/cerdanya.org\/es\/wp-json\/wp\/v2\/media\/18363"}],"wp:attachment":[{"href":"https:\/\/cerdanya.org\/es\/wp-json\/wp\/v2\/media?parent=29989"}],"curies":[{"name":"wp","href":"https:\/\/api.w.org\/{rel}","templated":true}]}}