{"id":29556,"date":"2022-03-24T17:28:14","date_gmt":"2022-03-24T15:28:14","guid":{"rendered":"http:\/\/www.cerdanya.org\/que-hacer\/turismo-cultural\/patrimonio-cultural\/bolvir\/capilla-de-la-esperanza-de-bolvir\/"},"modified":"2022-04-28T22:32:54","modified_gmt":"2022-04-28T20:32:54","slug":"capilla-de-la-esperanza-de-bolvir","status":"publish","type":"page","link":"https:\/\/cerdanya.org\/es\/que-hacer\/turismo-cultural\/patrimonio-cultural\/bolvir\/capilla-de-la-esperanza-de-bolvir\/","title":{"rendered":"Capilla de la Esperanza de Bolvir"},"content":{"rendered":"\n<style type=\"text\/css\" data-created_by=\"avia_inline_auto\" id=\"style-css-av-36rb4oj-ba4d95154227ed0d8a771e7152bf9e9e\">\n.flex_column.av-36rb4oj-ba4d95154227ed0d8a771e7152bf9e9e{\nborder-radius:0px 0px 0px 0px;\npadding:0px 0px 0px 0px;\n}\n<\/style>\n<div  class='flex_column av-36rb4oj-ba4d95154227ed0d8a771e7152bf9e9e av_one_half  avia-builder-el-0  el_before_av_one_half  avia-builder-el-first  first flex_column_div av-zero-column-padding  '     ><p>\n<style type=\"text\/css\" data-created_by=\"avia_inline_auto\" id=\"style-css-av-tdzjzk-70897afc00ed6085f8ee1f784d210f25\">\n#top .av-special-heading.av-tdzjzk-70897afc00ed6085f8ee1f784d210f25{\npadding-bottom:10px;\n}\nbody .av-special-heading.av-tdzjzk-70897afc00ed6085f8ee1f784d210f25 .av-special-heading-tag .heading-char{\nfont-size:25px;\n}\n.av-special-heading.av-tdzjzk-70897afc00ed6085f8ee1f784d210f25 .av-subheading{\nfont-size:15px;\n}\n<\/style>\n<div  class='av-special-heading av-tdzjzk-70897afc00ed6085f8ee1f784d210f25 av-special-heading-h5  avia-builder-el-1  el_before_av_textblock  avia-builder-el-first '><h5 class='av-special-heading-tag '  itemprop=\"headline\"  >Descripci\u00f3n<\/h5><div class=\"special-heading-border\"><div class=\"special-heading-inner-border\"><\/div><\/div><\/div><br \/>\n<section  class='av_textblock_section av-ksyomoyl-25f1f3c8b1a0a9b03a6473be4799410f '   itemscope=\"itemscope\" itemtype=\"https:\/\/schema.org\/CreativeWork\" ><div class='avia_textblock'  itemprop=\"text\" ><p>Capilla de una sola nave con b\u00f3veda de ca\u00f1\u00f3n y campanario de espada\u00f1a. Fue edificada en 1347 por orden de Guillem Pere, presbitero de Meranges, que previ\u00f3 su tumba en el interior, aunque parece que no lleg\u00f3 a ocuparla nunca.<\/p>\n<p>Durante los a\u00f1os 30 del siglo XX se modificaron las aberturas de las ventanas ya existentes; eran rectangulares y se hicieron adoveladas de medio punto, como la puerta de entrada.<\/p>\n<p>Adosado a la iglesia estaba el cementerio viejo del pueblo, que fue trasladado al nuevo cementerio en el a\u00f1o 2016.<\/p>\n<p>El retablo g\u00f3tico del siglo XV que hoy se conserva parcialmente dentro de la iglesia parroquial de Santa Cec\u00edlia procede de esta capilla.<\/p>\n<\/div><\/section><\/p><\/div>\n<style type=\"text\/css\" data-created_by=\"avia_inline_auto\" id=\"style-css-av-2coqnf7-fe66bdd07c1c8428c9bfcd41c861e712\">\n.flex_column.av-2coqnf7-fe66bdd07c1c8428c9bfcd41c861e712{\nborder-radius:0px 0px 0px 0px;\npadding:0px 0px 0px 0px;\n}\n<\/style>\n<div  class='flex_column av-2coqnf7-fe66bdd07c1c8428c9bfcd41c861e712 av_one_half  avia-builder-el-3  el_after_av_one_half  avia-builder-el-last  flex_column_div av-zero-column-padding  '     ><style type=\"text\/css\" data-created_by=\"avia_inline_auto\" id=\"style-css-av-29ooh4j-65db575a5d0c630cf543f738a49945f4\">\n#top .avia-gallery.av-29ooh4j-65db575a5d0c630cf543f738a49945f4 .avia-gallery-thumb a{\nwidth:20%;\n}\n<\/style>\n<div  class='avia-gallery av-29ooh4j-65db575a5d0c630cf543f738a49945f4 avia_animate_when_visible  avia-builder-el-4  avia-builder-el-no-sibling  avia_lazyload av-slideshow-ui av-loop-manual-endless av-control-hidden av-navigate-arrows av-navigate-dots hover-effect av-control-hidden avia-gallery-animate avia-gallery-1'  itemprop=\"image\" itemscope=\"itemscope\" itemtype=\"https:\/\/schema.org\/ImageObject\" ><meta itemprop=\"contentURL\" content=\"https:\/\/cerdanya.org\/es\/que-hacer\/turismo-cultural\/patrimonio-cultural\/bolvir\/capilla-de-la-esperanza-de-bolvir\/\"><div class='avia-gallery-big-wrapper'><a class='avia-gallery-big fakeLightbox lightbox avia-gallery-big-crop-thumb ' href=\"https:\/\/cerdanya.org\/wp-content\/uploads\/2021\/12\/capella-esperanca-bolvir-placa-1030x687.jpg\" data-srcset=\"https:\/\/cerdanya.org\/wp-content\/uploads\/2021\/12\/capella-esperanca-bolvir-placa-1030x687.jpg 1030w, https:\/\/cerdanya.org\/wp-content\/uploads\/2021\/12\/capella-esperanca-bolvir-placa-300x200.jpg 300w, https:\/\/cerdanya.org\/wp-content\/uploads\/2021\/12\/capella-esperanca-bolvir-placa-768x513.jpg 768w, https:\/\/cerdanya.org\/wp-content\/uploads\/2021\/12\/capella-esperanca-bolvir-placa-705x470.jpg 705w, https:\/\/cerdanya.org\/wp-content\/uploads\/2021\/12\/capella-esperanca-bolvir-placa.jpg 1500w\" data-sizes=\"(max-width: 1030px) 100vw, 1030px\"  data-onclick='1' title='Capella de l&#8217;Esperan\u00e7a de Bolvir' ><span class='avia-gallery-big-inner'  itemprop=\"thumbnailUrl\" ><img decoding=\"async\" fetchpriority=\"high\" class=\"wp-image-18680 avia-img-lazy-loading-not-18680\"  width=\"495\" height=\"400\" src=\"https:\/\/cerdanya.org\/wp-content\/uploads\/2021\/12\/capella-esperanca-bolvir-placa-495x400.jpg\" title='6. BOLVIR- Capella de l\u2019Esperanc\u0327a de Bolvir' alt='Capella de l\u2019Esperan\u00e7a de Bolvir' srcset=\"https:\/\/cerdanya.org\/wp-content\/uploads\/2021\/12\/capella-esperanca-bolvir-placa-495x400.jpg 495w, https:\/\/cerdanya.org\/wp-content\/uploads\/2021\/12\/capella-esperanca-bolvir-placa-845x684.jpg 845w\" sizes=\"(max-width: 495px) 100vw, 495px\" \/><span class='avia-gallery-caption'>Capella de l&#8217;Esperan\u00e7a de Bolvir<\/span><\/span><\/a><\/div><div class='avia-gallery-thumb'><a href=\"https:\/\/cerdanya.org\/wp-content\/uploads\/2021\/12\/capella-esperanca-bolvir-placa-1030x687.jpg\" data-srcset=\"https:\/\/cerdanya.org\/wp-content\/uploads\/2021\/12\/capella-esperanca-bolvir-placa-1030x687.jpg 1030w, https:\/\/cerdanya.org\/wp-content\/uploads\/2021\/12\/capella-esperanca-bolvir-placa-300x200.jpg 300w, https:\/\/cerdanya.org\/wp-content\/uploads\/2021\/12\/capella-esperanca-bolvir-placa-768x513.jpg 768w, https:\/\/cerdanya.org\/wp-content\/uploads\/2021\/12\/capella-esperanca-bolvir-placa-705x470.jpg 705w, https:\/\/cerdanya.org\/wp-content\/uploads\/2021\/12\/capella-esperanca-bolvir-placa.jpg 1500w\" data-sizes=\"(max-width: 1030px) 100vw, 1030px\" data-rel='gallery-1' data-prev-img='https:\/\/cerdanya.org\/wp-content\/uploads\/2021\/12\/capella-esperanca-bolvir-placa-495x400.jpg' class='first_thumb lightbox ' data-onclick='1' title='Capella de l&#8217;Esperan\u00e7a de Bolvir'  itemprop=\"thumbnailUrl\"  ><img decoding=\"async\" fetchpriority=\"high\" class=\"wp-image-18680 avia-img-lazy-loading-not-18680\"  data-avia-tooltip='Capella de l&#8217;Esperan\u00e7a de Bolvir' src=\"https:\/\/cerdanya.org\/wp-content\/uploads\/2021\/12\/capella-esperanca-bolvir-placa-495x400.jpg\" width=\"495\" height=\"400\"  title='6. BOLVIR- Capella de l\u2019Esperanc\u0327a de Bolvir' alt='Capella de l\u2019Esperan\u00e7a de Bolvir' srcset=\"https:\/\/cerdanya.org\/wp-content\/uploads\/2021\/12\/capella-esperanca-bolvir-placa-495x400.jpg 495w, https:\/\/cerdanya.org\/wp-content\/uploads\/2021\/12\/capella-esperanca-bolvir-placa-845x684.jpg 845w\" sizes=\"(max-width: 495px) 100vw, 495px\" \/><div class='big-prev-fake'><img decoding=\"async\" loading=\"lazy\" class=\"wp-image-18680 avia-img-lazy-loading-18680\"  width=\"495\" height=\"400\" src=\"https:\/\/cerdanya.org\/wp-content\/uploads\/2021\/12\/capella-esperanca-bolvir-placa-495x400.jpg\" title='6. BOLVIR- Capella de l\u2019Esperanc\u0327a de Bolvir' alt='Capella de l\u2019Esperan\u00e7a de Bolvir' srcset=\"https:\/\/cerdanya.org\/wp-content\/uploads\/2021\/12\/capella-esperanca-bolvir-placa-495x400.jpg 495w, https:\/\/cerdanya.org\/wp-content\/uploads\/2021\/12\/capella-esperanca-bolvir-placa-845x684.jpg 845w\" sizes=\"auto, (max-width: 495px) 100vw, 495px\" \/><\/div><\/a><a href=\"https:\/\/cerdanya.org\/wp-content\/uploads\/2021\/12\/capella-esperanca-bolvir-finestra-1030x687.jpg\" data-srcset=\"https:\/\/cerdanya.org\/wp-content\/uploads\/2021\/12\/capella-esperanca-bolvir-finestra-1030x687.jpg 1030w, https:\/\/cerdanya.org\/wp-content\/uploads\/2021\/12\/capella-esperanca-bolvir-finestra-300x200.jpg 300w, https:\/\/cerdanya.org\/wp-content\/uploads\/2021\/12\/capella-esperanca-bolvir-finestra-768x513.jpg 768w, https:\/\/cerdanya.org\/wp-content\/uploads\/2021\/12\/capella-esperanca-bolvir-finestra-705x470.jpg 705w, https:\/\/cerdanya.org\/wp-content\/uploads\/2021\/12\/capella-esperanca-bolvir-finestra.jpg 1500w\" data-sizes=\"(max-width: 1030px) 100vw, 1030px\" data-rel='gallery-1' data-prev-img='https:\/\/cerdanya.org\/wp-content\/uploads\/2021\/12\/capella-esperanca-bolvir-finestra-495x400.jpg' class='lightbox ' data-onclick='2' title='Capella de l&#8217;Esperan\u00e7a de Bolvir'  itemprop=\"thumbnailUrl\"  ><img decoding=\"async\" fetchpriority=\"high\" class=\"wp-image-18681 avia-img-lazy-loading-not-18681\"  data-avia-tooltip='Capella de l&#8217;Esperan\u00e7a de Bolvir' src=\"https:\/\/cerdanya.org\/wp-content\/uploads\/2021\/12\/capella-esperanca-bolvir-finestra-495x400.jpg\" width=\"495\" height=\"400\"  title='6. BOLVIR- Capella de l\u2019Esperanc\u0327a de Bolvir' alt='Capella de l\u2019Esperan\u00e7a de Bolvir' srcset=\"https:\/\/cerdanya.org\/wp-content\/uploads\/2021\/12\/capella-esperanca-bolvir-finestra-495x400.jpg 495w, https:\/\/cerdanya.org\/wp-content\/uploads\/2021\/12\/capella-esperanca-bolvir-finestra-845x684.jpg 845w\" sizes=\"(max-width: 495px) 100vw, 495px\" \/><div class='big-prev-fake'><img decoding=\"async\" loading=\"lazy\" class=\"wp-image-18681 avia-img-lazy-loading-18681\"  width=\"495\" height=\"400\" src=\"https:\/\/cerdanya.org\/wp-content\/uploads\/2021\/12\/capella-esperanca-bolvir-finestra-495x400.jpg\" title='6. BOLVIR- Capella de l\u2019Esperanc\u0327a de Bolvir' alt='Capella de l\u2019Esperan\u00e7a de Bolvir' srcset=\"https:\/\/cerdanya.org\/wp-content\/uploads\/2021\/12\/capella-esperanca-bolvir-finestra-495x400.jpg 495w, https:\/\/cerdanya.org\/wp-content\/uploads\/2021\/12\/capella-esperanca-bolvir-finestra-845x684.jpg 845w\" sizes=\"auto, (max-width: 495px) 100vw, 495px\" \/><\/div><\/a><a href=\"https:\/\/cerdanya.org\/wp-content\/uploads\/2021\/12\/capella-esperanca-bolvir-rellotge-1030x687.jpg\" data-srcset=\"https:\/\/cerdanya.org\/wp-content\/uploads\/2021\/12\/capella-esperanca-bolvir-rellotge-1030x687.jpg 1030w, https:\/\/cerdanya.org\/wp-content\/uploads\/2021\/12\/capella-esperanca-bolvir-rellotge-300x200.jpg 300w, https:\/\/cerdanya.org\/wp-content\/uploads\/2021\/12\/capella-esperanca-bolvir-rellotge-768x513.jpg 768w, https:\/\/cerdanya.org\/wp-content\/uploads\/2021\/12\/capella-esperanca-bolvir-rellotge-705x470.jpg 705w, https:\/\/cerdanya.org\/wp-content\/uploads\/2021\/12\/capella-esperanca-bolvir-rellotge.jpg 1500w\" data-sizes=\"(max-width: 1030px) 100vw, 1030px\" data-rel='gallery-1' data-prev-img='https:\/\/cerdanya.org\/wp-content\/uploads\/2021\/12\/capella-esperanca-bolvir-rellotge-495x400.jpg' class='lightbox ' data-onclick='3' title='Capella de l&#8217;Esperan\u00e7a de Bolvir'  itemprop=\"thumbnailUrl\"  ><img decoding=\"async\" fetchpriority=\"high\" class=\"wp-image-18682 avia-img-lazy-loading-not-18682\"  data-avia-tooltip='Capella de l&#8217;Esperan\u00e7a de Bolvir' src=\"https:\/\/cerdanya.org\/wp-content\/uploads\/2021\/12\/capella-esperanca-bolvir-rellotge-495x400.jpg\" width=\"495\" height=\"400\"  title='6. BOLVIR- Capella de l\u2019Esperanc\u0327a de Bolvir' alt='Capella de l\u2019Esperan\u00e7a de Bolvir' srcset=\"https:\/\/cerdanya.org\/wp-content\/uploads\/2021\/12\/capella-esperanca-bolvir-rellotge-495x400.jpg 495w, https:\/\/cerdanya.org\/wp-content\/uploads\/2021\/12\/capella-esperanca-bolvir-rellotge-845x684.jpg 845w\" sizes=\"(max-width: 495px) 100vw, 495px\" \/><div class='big-prev-fake'><img decoding=\"async\" loading=\"lazy\" class=\"wp-image-18682 avia-img-lazy-loading-18682\"  width=\"495\" height=\"400\" src=\"https:\/\/cerdanya.org\/wp-content\/uploads\/2021\/12\/capella-esperanca-bolvir-rellotge-495x400.jpg\" title='6. BOLVIR- Capella de l\u2019Esperanc\u0327a de Bolvir' alt='Capella de l\u2019Esperan\u00e7a de Bolvir' srcset=\"https:\/\/cerdanya.org\/wp-content\/uploads\/2021\/12\/capella-esperanca-bolvir-rellotge-495x400.jpg 495w, https:\/\/cerdanya.org\/wp-content\/uploads\/2021\/12\/capella-esperanca-bolvir-rellotge-845x684.jpg 845w\" sizes=\"auto, (max-width: 495px) 100vw, 495px\" \/><\/div><\/a><a href=\"https:\/\/cerdanya.org\/wp-content\/uploads\/2021\/12\/capella-esperanca-bolvir-tomba-1030x687.jpg\" data-srcset=\"https:\/\/cerdanya.org\/wp-content\/uploads\/2021\/12\/capella-esperanca-bolvir-tomba-1030x687.jpg 1030w, https:\/\/cerdanya.org\/wp-content\/uploads\/2021\/12\/capella-esperanca-bolvir-tomba-300x200.jpg 300w, https:\/\/cerdanya.org\/wp-content\/uploads\/2021\/12\/capella-esperanca-bolvir-tomba-768x513.jpg 768w, https:\/\/cerdanya.org\/wp-content\/uploads\/2021\/12\/capella-esperanca-bolvir-tomba-705x470.jpg 705w, https:\/\/cerdanya.org\/wp-content\/uploads\/2021\/12\/capella-esperanca-bolvir-tomba.jpg 1500w\" data-sizes=\"(max-width: 1030px) 100vw, 1030px\" data-rel='gallery-1' data-prev-img='https:\/\/cerdanya.org\/wp-content\/uploads\/2021\/12\/capella-esperanca-bolvir-tomba-495x400.jpg' class='lightbox ' data-onclick='4' title='Capella de l&#8217;Esperan\u00e7a de Bolvir'  itemprop=\"thumbnailUrl\"  ><img decoding=\"async\" fetchpriority=\"high\" class=\"wp-image-18683 avia-img-lazy-loading-not-18683\"  data-avia-tooltip='Capella de l&#8217;Esperan\u00e7a de Bolvir' src=\"https:\/\/cerdanya.org\/wp-content\/uploads\/2021\/12\/capella-esperanca-bolvir-tomba-495x400.jpg\" width=\"495\" height=\"400\"  title='6. BOLVIR- Capella de l\u2019Esperanc\u0327a de Bolvir' alt='Capella de l\u2019Esperan\u00e7a de Bolvir' srcset=\"https:\/\/cerdanya.org\/wp-content\/uploads\/2021\/12\/capella-esperanca-bolvir-tomba-495x400.jpg 495w, https:\/\/cerdanya.org\/wp-content\/uploads\/2021\/12\/capella-esperanca-bolvir-tomba-845x684.jpg 845w\" sizes=\"(max-width: 495px) 100vw, 495px\" \/><div class='big-prev-fake'><img decoding=\"async\" loading=\"lazy\" class=\"wp-image-18683 avia-img-lazy-loading-18683\"  width=\"495\" height=\"400\" src=\"https:\/\/cerdanya.org\/wp-content\/uploads\/2021\/12\/capella-esperanca-bolvir-tomba-495x400.jpg\" title='6. BOLVIR- Capella de l\u2019Esperanc\u0327a de Bolvir' alt='Capella de l\u2019Esperan\u00e7a de Bolvir' srcset=\"https:\/\/cerdanya.org\/wp-content\/uploads\/2021\/12\/capella-esperanca-bolvir-tomba-495x400.jpg 495w, https:\/\/cerdanya.org\/wp-content\/uploads\/2021\/12\/capella-esperanca-bolvir-tomba-845x684.jpg 845w\" sizes=\"auto, (max-width: 495px) 100vw, 495px\" \/><\/div><\/a><a href=\"https:\/\/cerdanya.org\/wp-content\/uploads\/2021\/12\/capella-esperanca-bolvir-porta-1030x687.jpg\" data-srcset=\"https:\/\/cerdanya.org\/wp-content\/uploads\/2021\/12\/capella-esperanca-bolvir-porta-1030x687.jpg 1030w, https:\/\/cerdanya.org\/wp-content\/uploads\/2021\/12\/capella-esperanca-bolvir-porta-300x200.jpg 300w, https:\/\/cerdanya.org\/wp-content\/uploads\/2021\/12\/capella-esperanca-bolvir-porta-768x513.jpg 768w, https:\/\/cerdanya.org\/wp-content\/uploads\/2021\/12\/capella-esperanca-bolvir-porta-705x470.jpg 705w, https:\/\/cerdanya.org\/wp-content\/uploads\/2021\/12\/capella-esperanca-bolvir-porta.jpg 1500w\" data-sizes=\"(max-width: 1030px) 100vw, 1030px\" data-rel='gallery-1' data-prev-img='https:\/\/cerdanya.org\/wp-content\/uploads\/2021\/12\/capella-esperanca-bolvir-porta-495x400.jpg' class='lightbox ' data-onclick='5' title='Capella de l&#8217;Esperan\u00e7a de Bolvir'  itemprop=\"thumbnailUrl\"  ><img decoding=\"async\" fetchpriority=\"high\" class=\"wp-image-18684 avia-img-lazy-loading-not-18684\"  data-avia-tooltip='Capella de l&#8217;Esperan\u00e7a de Bolvir' src=\"https:\/\/cerdanya.org\/wp-content\/uploads\/2021\/12\/capella-esperanca-bolvir-porta-495x400.jpg\" width=\"495\" height=\"400\"  title='6. BOLVIR- Capella de l\u2019Esperanc\u0327a de Bolvir' alt='Capella de l\u2019Esperan\u00e7a de Bolvir' srcset=\"https:\/\/cerdanya.org\/wp-content\/uploads\/2021\/12\/capella-esperanca-bolvir-porta-495x400.jpg 495w, https:\/\/cerdanya.org\/wp-content\/uploads\/2021\/12\/capella-esperanca-bolvir-porta-845x684.jpg 845w\" sizes=\"(max-width: 495px) 100vw, 495px\" \/><div class='big-prev-fake'><img decoding=\"async\" loading=\"lazy\" class=\"wp-image-18684 avia-img-lazy-loading-18684\"  width=\"495\" height=\"400\" src=\"https:\/\/cerdanya.org\/wp-content\/uploads\/2021\/12\/capella-esperanca-bolvir-porta-495x400.jpg\" title='6. BOLVIR- Capella de l\u2019Esperanc\u0327a de Bolvir' alt='Capella de l\u2019Esperan\u00e7a de Bolvir' srcset=\"https:\/\/cerdanya.org\/wp-content\/uploads\/2021\/12\/capella-esperanca-bolvir-porta-495x400.jpg 495w, https:\/\/cerdanya.org\/wp-content\/uploads\/2021\/12\/capella-esperanca-bolvir-porta-845x684.jpg 845w\" sizes=\"auto, (max-width: 495px) 100vw, 495px\" \/><\/div><\/a><a href=\"https:\/\/cerdanya.org\/wp-content\/uploads\/2021\/12\/capella-esperanca-bolvir-pica-1030x687.jpg\" data-srcset=\"https:\/\/cerdanya.org\/wp-content\/uploads\/2021\/12\/capella-esperanca-bolvir-pica-1030x687.jpg 1030w, https:\/\/cerdanya.org\/wp-content\/uploads\/2021\/12\/capella-esperanca-bolvir-pica-300x200.jpg 300w, https:\/\/cerdanya.org\/wp-content\/uploads\/2021\/12\/capella-esperanca-bolvir-pica-768x513.jpg 768w, https:\/\/cerdanya.org\/wp-content\/uploads\/2021\/12\/capella-esperanca-bolvir-pica-705x470.jpg 705w, https:\/\/cerdanya.org\/wp-content\/uploads\/2021\/12\/capella-esperanca-bolvir-pica.jpg 1500w\" data-sizes=\"(max-width: 1030px) 100vw, 1030px\" data-rel='gallery-1' data-prev-img='https:\/\/cerdanya.org\/wp-content\/uploads\/2021\/12\/capella-esperanca-bolvir-pica-495x400.jpg' class='first_thumb lightbox ' data-onclick='6' title='Capella de l&#8217;Esperan\u00e7a de Bolvir'  itemprop=\"thumbnailUrl\"  ><img decoding=\"async\" fetchpriority=\"high\" class=\"wp-image-18685 avia-img-lazy-loading-not-18685\"  data-avia-tooltip='Capella de l&#8217;Esperan\u00e7a de Bolvir' src=\"https:\/\/cerdanya.org\/wp-content\/uploads\/2021\/12\/capella-esperanca-bolvir-pica-495x400.jpg\" width=\"495\" height=\"400\"  title='6. BOLVIR- Capella de l\u2019Esperanc\u0327a de Bolvir' alt='Capella de l\u2019Esperan\u00e7a de Bolvir' srcset=\"https:\/\/cerdanya.org\/wp-content\/uploads\/2021\/12\/capella-esperanca-bolvir-pica-495x400.jpg 495w, https:\/\/cerdanya.org\/wp-content\/uploads\/2021\/12\/capella-esperanca-bolvir-pica-845x684.jpg 845w\" sizes=\"(max-width: 495px) 100vw, 495px\" \/><div class='big-prev-fake'><img decoding=\"async\" loading=\"lazy\" class=\"wp-image-18685 avia-img-lazy-loading-18685\"  width=\"495\" height=\"400\" src=\"https:\/\/cerdanya.org\/wp-content\/uploads\/2021\/12\/capella-esperanca-bolvir-pica-495x400.jpg\" title='6. BOLVIR- Capella de l\u2019Esperanc\u0327a de Bolvir' alt='Capella de l\u2019Esperan\u00e7a de Bolvir' srcset=\"https:\/\/cerdanya.org\/wp-content\/uploads\/2021\/12\/capella-esperanca-bolvir-pica-495x400.jpg 495w, https:\/\/cerdanya.org\/wp-content\/uploads\/2021\/12\/capella-esperanca-bolvir-pica-845x684.jpg 845w\" sizes=\"auto, (max-width: 495px) 100vw, 495px\" \/><\/div><\/a><\/div><\/div><\/div><\/p>\n","protected":false},"excerpt":{"rendered":"","protected":false},"author":3,"featured_media":18310,"parent":29551,"menu_order":30,"comment_status":"closed","ping_status":"closed","template":"","meta":{"footnotes":""},"class_list":["post-29556","page","type-page","status-publish","has-post-thumbnail","hentry"],"_links":{"self":[{"href":"https:\/\/cerdanya.org\/es\/wp-json\/wp\/v2\/pages\/29556","targetHints":{"allow":["GET"]}}],"collection":[{"href":"https:\/\/cerdanya.org\/es\/wp-json\/wp\/v2\/pages"}],"about":[{"href":"https:\/\/cerdanya.org\/es\/wp-json\/wp\/v2\/types\/page"}],"author":[{"embeddable":true,"href":"https:\/\/cerdanya.org\/es\/wp-json\/wp\/v2\/users\/3"}],"replies":[{"embeddable":true,"href":"https:\/\/cerdanya.org\/es\/wp-json\/wp\/v2\/comments?post=29556"}],"version-history":[{"count":0,"href":"https:\/\/cerdanya.org\/es\/wp-json\/wp\/v2\/pages\/29556\/revisions"}],"up":[{"embeddable":true,"href":"https:\/\/cerdanya.org\/es\/wp-json\/wp\/v2\/pages\/29551"}],"wp:featuredmedia":[{"embeddable":true,"href":"https:\/\/cerdanya.org\/es\/wp-json\/wp\/v2\/media\/18310"}],"wp:attachment":[{"href":"https:\/\/cerdanya.org\/es\/wp-json\/wp\/v2\/media?parent=29556"}],"curies":[{"name":"wp","href":"https:\/\/api.w.org\/{rel}","templated":true}]}}