{"id":29536,"date":"2022-03-24T16:49:24","date_gmt":"2022-03-24T14:49:24","guid":{"rendered":"http:\/\/www.cerdanya.org\/que-hacer\/turismo-cultural\/patrimonio-cultural\/llivia\/sant-guillem\/"},"modified":"2022-04-28T22:57:30","modified_gmt":"2022-04-28T20:57:30","slug":"sant-guillem","status":"publish","type":"page","link":"https:\/\/cerdanya.org\/es\/que-hacer\/turismo-cultural\/patrimonio-cultural\/llivia\/sant-guillem\/","title":{"rendered":"Sant Guillem"},"content":{"rendered":"\n<style type=\"text\/css\" data-created_by=\"avia_inline_auto\" id=\"style-css-av-36rb4oj-ba4d95154227ed0d8a771e7152bf9e9e\">\n.flex_column.av-36rb4oj-ba4d95154227ed0d8a771e7152bf9e9e{\nborder-radius:0px 0px 0px 0px;\npadding:0px 0px 0px 0px;\n}\n<\/style>\n<div  class='flex_column av-36rb4oj-ba4d95154227ed0d8a771e7152bf9e9e av_one_half  avia-builder-el-0  el_before_av_one_half  avia-builder-el-first  first flex_column_div av-zero-column-padding  '     ><p>\n<style type=\"text\/css\" data-created_by=\"avia_inline_auto\" id=\"style-css-av-igi6cs-f4b0081b688428ae03ab78ae8706512c\">\n#top .av-special-heading.av-igi6cs-f4b0081b688428ae03ab78ae8706512c{\npadding-bottom:10px;\n}\nbody .av-special-heading.av-igi6cs-f4b0081b688428ae03ab78ae8706512c .av-special-heading-tag .heading-char{\nfont-size:25px;\n}\n.av-special-heading.av-igi6cs-f4b0081b688428ae03ab78ae8706512c .av-subheading{\nfont-size:15px;\n}\n<\/style>\n<div  class='av-special-heading av-igi6cs-f4b0081b688428ae03ab78ae8706512c av-special-heading-h5  avia-builder-el-1  el_before_av_textblock  avia-builder-el-first '><h5 class='av-special-heading-tag '  itemprop=\"headline\"  >Descripci\u00f3n<\/h5><div class=\"special-heading-border\"><div class=\"special-heading-inner-border\"><\/div><\/div><\/div><br \/>\n<section  class='av_textblock_section av-ksyomoyl-25f1f3c8b1a0a9b03a6473be4799410f '   itemscope=\"itemscope\" itemtype=\"https:\/\/schema.org\/CreativeWork\" ><div class='avia_textblock'  itemprop=\"text\" ><p>El mito del peregrino Guillermo nace en el siglo XI, pero no sabemos a ciencia cierta en qu\u00e9 momento se inicia la devoci\u00f3n de \u00e9ste en Ll\u00edvia. Lo cierto es que la actual ermita es moderna. Es de planta rectangular y presenta una \u00fanica puerta en la fachada de poniente, con arco de medio punto, sobre la que encontramos un ojo de buey y un peque\u00f1o campanario de espada\u00f1a. El interior est\u00e1 cubierto con b\u00f3veda de ca\u00f1\u00f3n de ladrillo. El altar es una roca clavada en la pared de cabecera y un banco corredero permite el descanso.<\/p>\n<\/div><\/section><\/p><\/div>\n<style type=\"text\/css\" data-created_by=\"avia_inline_auto\" id=\"style-css-av-2coqnf7-fe66bdd07c1c8428c9bfcd41c861e712\">\n.flex_column.av-2coqnf7-fe66bdd07c1c8428c9bfcd41c861e712{\nborder-radius:0px 0px 0px 0px;\npadding:0px 0px 0px 0px;\n}\n<\/style>\n<div  class='flex_column av-2coqnf7-fe66bdd07c1c8428c9bfcd41c861e712 av_one_half  avia-builder-el-3  el_after_av_one_half  avia-builder-el-last  flex_column_div av-zero-column-padding  '     ><style type=\"text\/css\" data-created_by=\"avia_inline_auto\" id=\"style-css-av-29ooh4j-609b8f59b5b510db148be3dfb57ff4ab\">\n#top .avia-gallery.av-29ooh4j-609b8f59b5b510db148be3dfb57ff4ab .avia-gallery-thumb a{\nwidth:20%;\n}\n<\/style>\n<div  class='avia-gallery av-29ooh4j-609b8f59b5b510db148be3dfb57ff4ab avia_animate_when_visible  avia-builder-el-4  avia-builder-el-no-sibling  avia_lazyload av-slideshow-ui av-loop-manual-endless av-control-hidden av-navigate-arrows av-navigate-dots hover-effect av-control-hidden avia-gallery-animate avia-gallery-1'  itemprop=\"image\" itemscope=\"itemscope\" itemtype=\"https:\/\/schema.org\/ImageObject\" ><meta itemprop=\"contentURL\" content=\"https:\/\/cerdanya.org\/es\/que-hacer\/turismo-cultural\/patrimonio-cultural\/llivia\/sant-guillem\/\"><div class='avia-gallery-big-wrapper'><a class='avia-gallery-big fakeLightbox lightbox avia-gallery-big-crop-thumb ' href=\"https:\/\/cerdanya.org\/wp-content\/uploads\/2021\/12\/sant-guillem-llivia-1030x687.jpg\" data-srcset=\"https:\/\/cerdanya.org\/wp-content\/uploads\/2021\/12\/sant-guillem-llivia-1030x687.jpg 1030w, https:\/\/cerdanya.org\/wp-content\/uploads\/2021\/12\/sant-guillem-llivia-300x200.jpg 300w, https:\/\/cerdanya.org\/wp-content\/uploads\/2021\/12\/sant-guillem-llivia-768x512.jpg 768w, https:\/\/cerdanya.org\/wp-content\/uploads\/2021\/12\/sant-guillem-llivia-705x470.jpg 705w, https:\/\/cerdanya.org\/wp-content\/uploads\/2021\/12\/sant-guillem-llivia.jpg 1500w\" data-sizes=\"(max-width: 1030px) 100vw, 1030px\"  data-onclick='1' title='Sant Guillem de Ll\u00edvia' ><span class='avia-gallery-big-inner'  itemprop=\"thumbnailUrl\" ><img decoding=\"async\" fetchpriority=\"high\" class=\"wp-image-18980 avia-img-lazy-loading-not-18980\"  width=\"495\" height=\"400\" src=\"https:\/\/cerdanya.org\/wp-content\/uploads\/2021\/12\/sant-guillem-llivia-495x400.jpg\" title='LLI\u0301VIA- Sant Guillem' alt='Sant Guillem' srcset=\"https:\/\/cerdanya.org\/wp-content\/uploads\/2021\/12\/sant-guillem-llivia-495x400.jpg 495w, https:\/\/cerdanya.org\/wp-content\/uploads\/2021\/12\/sant-guillem-llivia-845x684.jpg 845w\" sizes=\"(max-width: 495px) 100vw, 495px\" \/><span class='avia-gallery-caption'>Sant Guillem de Ll\u00edvia<\/span><\/span><\/a><\/div><div class='avia-gallery-thumb'><a href=\"https:\/\/cerdanya.org\/wp-content\/uploads\/2021\/12\/sant-guillem-llivia-1030x687.jpg\" data-srcset=\"https:\/\/cerdanya.org\/wp-content\/uploads\/2021\/12\/sant-guillem-llivia-1030x687.jpg 1030w, https:\/\/cerdanya.org\/wp-content\/uploads\/2021\/12\/sant-guillem-llivia-300x200.jpg 300w, https:\/\/cerdanya.org\/wp-content\/uploads\/2021\/12\/sant-guillem-llivia-768x512.jpg 768w, https:\/\/cerdanya.org\/wp-content\/uploads\/2021\/12\/sant-guillem-llivia-705x470.jpg 705w, https:\/\/cerdanya.org\/wp-content\/uploads\/2021\/12\/sant-guillem-llivia.jpg 1500w\" data-sizes=\"(max-width: 1030px) 100vw, 1030px\" data-rel='gallery-1' data-prev-img='https:\/\/cerdanya.org\/wp-content\/uploads\/2021\/12\/sant-guillem-llivia-495x400.jpg' class='first_thumb lightbox ' data-onclick='1' title='Sant Guillem de Ll\u00edvia'  itemprop=\"thumbnailUrl\"  ><img decoding=\"async\" fetchpriority=\"high\" class=\"wp-image-18980 avia-img-lazy-loading-not-18980\"  data-avia-tooltip='Sant Guillem de Ll\u00edvia' src=\"https:\/\/cerdanya.org\/wp-content\/uploads\/2021\/12\/sant-guillem-llivia-495x400.jpg\" width=\"495\" height=\"400\"  title='LLI\u0301VIA- Sant Guillem' alt='Sant Guillem' srcset=\"https:\/\/cerdanya.org\/wp-content\/uploads\/2021\/12\/sant-guillem-llivia-495x400.jpg 495w, https:\/\/cerdanya.org\/wp-content\/uploads\/2021\/12\/sant-guillem-llivia-845x684.jpg 845w\" sizes=\"(max-width: 495px) 100vw, 495px\" \/><div class='big-prev-fake'><img decoding=\"async\" loading=\"lazy\" class=\"wp-image-18980 avia-img-lazy-loading-18980\"  width=\"495\" height=\"400\" src=\"https:\/\/cerdanya.org\/wp-content\/uploads\/2021\/12\/sant-guillem-llivia-495x400.jpg\" title='LLI\u0301VIA- Sant Guillem' alt='Sant Guillem' srcset=\"https:\/\/cerdanya.org\/wp-content\/uploads\/2021\/12\/sant-guillem-llivia-495x400.jpg 495w, https:\/\/cerdanya.org\/wp-content\/uploads\/2021\/12\/sant-guillem-llivia-845x684.jpg 845w\" sizes=\"auto, (max-width: 495px) 100vw, 495px\" \/><\/div><\/a><a href=\"https:\/\/cerdanya.org\/wp-content\/uploads\/2021\/12\/sant-guillem-llivia-altar-1030x687.jpg\" data-srcset=\"https:\/\/cerdanya.org\/wp-content\/uploads\/2021\/12\/sant-guillem-llivia-altar-1030x687.jpg 1030w, https:\/\/cerdanya.org\/wp-content\/uploads\/2021\/12\/sant-guillem-llivia-altar-300x200.jpg 300w, https:\/\/cerdanya.org\/wp-content\/uploads\/2021\/12\/sant-guillem-llivia-altar-768x512.jpg 768w, https:\/\/cerdanya.org\/wp-content\/uploads\/2021\/12\/sant-guillem-llivia-altar-705x470.jpg 705w, https:\/\/cerdanya.org\/wp-content\/uploads\/2021\/12\/sant-guillem-llivia-altar.jpg 1500w\" data-sizes=\"(max-width: 1030px) 100vw, 1030px\" data-rel='gallery-1' data-prev-img='https:\/\/cerdanya.org\/wp-content\/uploads\/2021\/12\/sant-guillem-llivia-altar-495x400.jpg' class='lightbox ' data-onclick='2' title='Sant Guillem de Ll\u00edvia'  itemprop=\"thumbnailUrl\"  ><img decoding=\"async\" fetchpriority=\"high\" class=\"wp-image-18981 avia-img-lazy-loading-not-18981\"  data-avia-tooltip='Sant Guillem de Ll\u00edvia' src=\"https:\/\/cerdanya.org\/wp-content\/uploads\/2021\/12\/sant-guillem-llivia-altar-495x400.jpg\" width=\"495\" height=\"400\"  title='LLI\u0301VIA- Sant Guillem' alt='Sant Guillem' srcset=\"https:\/\/cerdanya.org\/wp-content\/uploads\/2021\/12\/sant-guillem-llivia-altar-495x400.jpg 495w, https:\/\/cerdanya.org\/wp-content\/uploads\/2021\/12\/sant-guillem-llivia-altar-845x684.jpg 845w\" sizes=\"(max-width: 495px) 100vw, 495px\" \/><div class='big-prev-fake'><img decoding=\"async\" loading=\"lazy\" class=\"wp-image-18981 avia-img-lazy-loading-18981\"  width=\"495\" height=\"400\" src=\"https:\/\/cerdanya.org\/wp-content\/uploads\/2021\/12\/sant-guillem-llivia-altar-495x400.jpg\" title='LLI\u0301VIA- Sant Guillem' alt='Sant Guillem' srcset=\"https:\/\/cerdanya.org\/wp-content\/uploads\/2021\/12\/sant-guillem-llivia-altar-495x400.jpg 495w, https:\/\/cerdanya.org\/wp-content\/uploads\/2021\/12\/sant-guillem-llivia-altar-845x684.jpg 845w\" sizes=\"auto, (max-width: 495px) 100vw, 495px\" \/><\/div><\/a><a href=\"https:\/\/cerdanya.org\/wp-content\/uploads\/2021\/12\/sant-guillem-llivia-porta-1030x687.jpg\" data-srcset=\"https:\/\/cerdanya.org\/wp-content\/uploads\/2021\/12\/sant-guillem-llivia-porta-1030x687.jpg 1030w, https:\/\/cerdanya.org\/wp-content\/uploads\/2021\/12\/sant-guillem-llivia-porta-300x200.jpg 300w, https:\/\/cerdanya.org\/wp-content\/uploads\/2021\/12\/sant-guillem-llivia-porta-768x512.jpg 768w, https:\/\/cerdanya.org\/wp-content\/uploads\/2021\/12\/sant-guillem-llivia-porta-705x470.jpg 705w, https:\/\/cerdanya.org\/wp-content\/uploads\/2021\/12\/sant-guillem-llivia-porta.jpg 1500w\" data-sizes=\"(max-width: 1030px) 100vw, 1030px\" data-rel='gallery-1' data-prev-img='https:\/\/cerdanya.org\/wp-content\/uploads\/2021\/12\/sant-guillem-llivia-porta-495x400.jpg' class='lightbox ' data-onclick='3' title='Coordenades UTM: 31T 416183 4701271'  itemprop=\"thumbnailUrl\"  ><img decoding=\"async\" fetchpriority=\"high\" class=\"wp-image-18982 avia-img-lazy-loading-not-18982\"  data-avia-tooltip='Coordenades UTM: 31T 416183 4701271' src=\"https:\/\/cerdanya.org\/wp-content\/uploads\/2021\/12\/sant-guillem-llivia-porta-495x400.jpg\" width=\"495\" height=\"400\"  title='LLI\u0301VIA- Sant Guillem' alt='Sant Guillem' srcset=\"https:\/\/cerdanya.org\/wp-content\/uploads\/2021\/12\/sant-guillem-llivia-porta-495x400.jpg 495w, https:\/\/cerdanya.org\/wp-content\/uploads\/2021\/12\/sant-guillem-llivia-porta-845x684.jpg 845w\" sizes=\"(max-width: 495px) 100vw, 495px\" \/><div class='big-prev-fake'><img decoding=\"async\" loading=\"lazy\" class=\"wp-image-18982 avia-img-lazy-loading-18982\"  width=\"495\" height=\"400\" src=\"https:\/\/cerdanya.org\/wp-content\/uploads\/2021\/12\/sant-guillem-llivia-porta-495x400.jpg\" title='LLI\u0301VIA- Sant Guillem' alt='Sant Guillem' srcset=\"https:\/\/cerdanya.org\/wp-content\/uploads\/2021\/12\/sant-guillem-llivia-porta-495x400.jpg 495w, https:\/\/cerdanya.org\/wp-content\/uploads\/2021\/12\/sant-guillem-llivia-porta-845x684.jpg 845w\" sizes=\"auto, (max-width: 495px) 100vw, 495px\" \/><\/div><\/a><a href=\"https:\/\/cerdanya.org\/wp-content\/uploads\/2021\/12\/sant-guillem-llivia-pica-1030x687.jpg\" data-srcset=\"https:\/\/cerdanya.org\/wp-content\/uploads\/2021\/12\/sant-guillem-llivia-pica-1030x687.jpg 1030w, https:\/\/cerdanya.org\/wp-content\/uploads\/2021\/12\/sant-guillem-llivia-pica-300x200.jpg 300w, https:\/\/cerdanya.org\/wp-content\/uploads\/2021\/12\/sant-guillem-llivia-pica-768x512.jpg 768w, https:\/\/cerdanya.org\/wp-content\/uploads\/2021\/12\/sant-guillem-llivia-pica-705x470.jpg 705w, https:\/\/cerdanya.org\/wp-content\/uploads\/2021\/12\/sant-guillem-llivia-pica.jpg 1500w\" data-sizes=\"(max-width: 1030px) 100vw, 1030px\" data-rel='gallery-1' data-prev-img='https:\/\/cerdanya.org\/wp-content\/uploads\/2021\/12\/sant-guillem-llivia-pica-495x400.jpg' class='lightbox ' data-onclick='4' title='Sant Guillem de Ll\u00edvia'  itemprop=\"thumbnailUrl\"  ><img decoding=\"async\" fetchpriority=\"high\" class=\"wp-image-18983 avia-img-lazy-loading-not-18983\"  data-avia-tooltip='Sant Guillem de Ll\u00edvia' src=\"https:\/\/cerdanya.org\/wp-content\/uploads\/2021\/12\/sant-guillem-llivia-pica-495x400.jpg\" width=\"495\" height=\"400\"  title='LLI\u0301VIA- Sant Guillem' alt='Sant Guillem' srcset=\"https:\/\/cerdanya.org\/wp-content\/uploads\/2021\/12\/sant-guillem-llivia-pica-495x400.jpg 495w, https:\/\/cerdanya.org\/wp-content\/uploads\/2021\/12\/sant-guillem-llivia-pica-845x684.jpg 845w\" sizes=\"(max-width: 495px) 100vw, 495px\" \/><div class='big-prev-fake'><img decoding=\"async\" loading=\"lazy\" class=\"wp-image-18983 avia-img-lazy-loading-18983\"  width=\"495\" height=\"400\" src=\"https:\/\/cerdanya.org\/wp-content\/uploads\/2021\/12\/sant-guillem-llivia-pica-495x400.jpg\" title='LLI\u0301VIA- Sant Guillem' alt='Sant Guillem' srcset=\"https:\/\/cerdanya.org\/wp-content\/uploads\/2021\/12\/sant-guillem-llivia-pica-495x400.jpg 495w, https:\/\/cerdanya.org\/wp-content\/uploads\/2021\/12\/sant-guillem-llivia-pica-845x684.jpg 845w\" sizes=\"auto, (max-width: 495px) 100vw, 495px\" \/><\/div><\/a><\/div><\/div><\/div><\/p>\n","protected":false},"excerpt":{"rendered":"","protected":false},"author":3,"featured_media":18323,"parent":29280,"menu_order":20,"comment_status":"closed","ping_status":"closed","template":"","meta":{"footnotes":""},"class_list":["post-29536","page","type-page","status-publish","has-post-thumbnail","hentry"],"_links":{"self":[{"href":"https:\/\/cerdanya.org\/es\/wp-json\/wp\/v2\/pages\/29536","targetHints":{"allow":["GET"]}}],"collection":[{"href":"https:\/\/cerdanya.org\/es\/wp-json\/wp\/v2\/pages"}],"about":[{"href":"https:\/\/cerdanya.org\/es\/wp-json\/wp\/v2\/types\/page"}],"author":[{"embeddable":true,"href":"https:\/\/cerdanya.org\/es\/wp-json\/wp\/v2\/users\/3"}],"replies":[{"embeddable":true,"href":"https:\/\/cerdanya.org\/es\/wp-json\/wp\/v2\/comments?post=29536"}],"version-history":[{"count":0,"href":"https:\/\/cerdanya.org\/es\/wp-json\/wp\/v2\/pages\/29536\/revisions"}],"up":[{"embeddable":true,"href":"https:\/\/cerdanya.org\/es\/wp-json\/wp\/v2\/pages\/29280"}],"wp:featuredmedia":[{"embeddable":true,"href":"https:\/\/cerdanya.org\/es\/wp-json\/wp\/v2\/media\/18323"}],"wp:attachment":[{"href":"https:\/\/cerdanya.org\/es\/wp-json\/wp\/v2\/media?parent=29536"}],"curies":[{"name":"wp","href":"https:\/\/api.w.org\/{rel}","templated":true}]}}