{"id":29524,"date":"2022-03-24T16:46:10","date_gmt":"2022-03-24T14:46:10","guid":{"rendered":"http:\/\/www.cerdanya.org\/bellver-de-cerdanya\/sant-iscle-i-santa-victora-de-talltendre\/"},"modified":"2022-04-28T22:25:57","modified_gmt":"2022-04-28T20:25:57","slug":"sant-iscle-i-santa-victora-de-talltendre","status":"publish","type":"page","link":"https:\/\/cerdanya.org\/es\/que-hacer\/turismo-cultural\/patrimonio-cultural\/bellver-de-cerdanya\/sant-iscle-i-santa-victora-de-talltendre\/","title":{"rendered":"Sant Iscle i Santa Vict\u00f2ra de Talltendre"},"content":{"rendered":"\n<style type=\"text\/css\" data-created_by=\"avia_inline_auto\" id=\"style-css-av-36rb4oj-ba4d95154227ed0d8a771e7152bf9e9e\">\n.flex_column.av-36rb4oj-ba4d95154227ed0d8a771e7152bf9e9e{\nborder-radius:0px 0px 0px 0px;\npadding:0px 0px 0px 0px;\n}\n<\/style>\n<div  class='flex_column av-36rb4oj-ba4d95154227ed0d8a771e7152bf9e9e av_one_half  avia-builder-el-0  el_before_av_one_half  avia-builder-el-first  first flex_column_div av-zero-column-padding  '     ><p>\n<style type=\"text\/css\" data-created_by=\"avia_inline_auto\" id=\"style-css-av-1hlfq42-fee7a9a8d8b30491c9999b9bf6910394\">\n#top .av-special-heading.av-1hlfq42-fee7a9a8d8b30491c9999b9bf6910394{\npadding-bottom:10px;\n}\nbody .av-special-heading.av-1hlfq42-fee7a9a8d8b30491c9999b9bf6910394 .av-special-heading-tag .heading-char{\nfont-size:25px;\n}\n.av-special-heading.av-1hlfq42-fee7a9a8d8b30491c9999b9bf6910394 .av-subheading{\nfont-size:15px;\n}\n<\/style>\n<div  class='av-special-heading av-1hlfq42-fee7a9a8d8b30491c9999b9bf6910394 av-special-heading-h5  avia-builder-el-1  el_before_av_textblock  avia-builder-el-first '><h5 class='av-special-heading-tag '  itemprop=\"headline\"  >Descripci\u00f3n<\/h5><div class=\"special-heading-border\"><div class=\"special-heading-inner-border\"><\/div><\/div><\/div><br \/>\n<section  class='av_textblock_section av-ksyomoyl-25f1f3c8b1a0a9b03a6473be4799410f '   itemscope=\"itemscope\" itemtype=\"https:\/\/schema.org\/CreativeWork\" ><div class='avia_textblock'  itemprop=\"text\" ><p>Estamos frente a un edificio muy austero del siglo XII, en el que lo m\u00e1s destacable es el \u00e1bside con las dos ventanas de doble derrame, una central y la meridional de mejor factura. La nave presenta muchas modifcaciones del menaje y varias aberturas m\u00e1s tard\u00edas, algunas de ellas tapiadas. En el interior, tanto la nave como el \u00e1bside tienen las b\u00f3vedas de perfil apuntado sin cornisa en la imposta. A los pies de la nave se levanta el campanario de torre cuadrada, rematado por cuatro ventanas y losado.<\/p>\n<p>La puerta abierta en la pared meridional, hecha de piedra local, est\u00e1 formada por tres arcadas en degradaci\u00f3n con la particularidad de que la del interior en lugar de arco tiene una piedra semicircular que simula un dintel sosteniendo un peque\u00f1o t\u00edmpano.<\/p>\n<\/div><\/section><\/p><\/div>\n<style type=\"text\/css\" data-created_by=\"avia_inline_auto\" id=\"style-css-av-2coqnf7-fe66bdd07c1c8428c9bfcd41c861e712\">\n.flex_column.av-2coqnf7-fe66bdd07c1c8428c9bfcd41c861e712{\nborder-radius:0px 0px 0px 0px;\npadding:0px 0px 0px 0px;\n}\n<\/style>\n<div  class='flex_column av-2coqnf7-fe66bdd07c1c8428c9bfcd41c861e712 av_one_half  avia-builder-el-3  el_after_av_one_half  el_before_av_one_full  flex_column_div av-zero-column-padding  '     ><style type=\"text\/css\" data-created_by=\"avia_inline_auto\" id=\"style-css-av-29ooh4j-8e37dcd1d8d964d964264ce6570ede74\">\n#top .avia-gallery.av-29ooh4j-8e37dcd1d8d964d964264ce6570ede74 .avia-gallery-thumb a{\nwidth:20%;\n}\n<\/style>\n<div  class='avia-gallery av-29ooh4j-8e37dcd1d8d964d964264ce6570ede74 avia_animate_when_visible  avia-builder-el-4  avia-builder-el-no-sibling  avia_lazyload av-slideshow-ui av-loop-manual-endless av-control-hidden av-navigate-arrows av-navigate-dots hover-effect av-control-hidden avia-gallery-animate avia-gallery-1'  itemprop=\"image\" itemscope=\"itemscope\" itemtype=\"https:\/\/schema.org\/ImageObject\" ><meta itemprop=\"contentURL\" content=\"https:\/\/cerdanya.org\/es\/que-hacer\/turismo-cultural\/patrimonio-cultural\/bellver-de-cerdanya\/sant-iscle-i-santa-victora-de-talltendre\/\"><div class='avia-gallery-big-wrapper'><a class='avia-gallery-big fakeLightbox lightbox avia-gallery-big-crop-thumb ' href=\"https:\/\/cerdanya.org\/wp-content\/uploads\/2021\/12\/sant-iscle-santa-victoria-talltendre--1030x687.jpg\" data-srcset=\"https:\/\/cerdanya.org\/wp-content\/uploads\/2021\/12\/sant-iscle-santa-victoria-talltendre--1030x687.jpg 1030w, https:\/\/cerdanya.org\/wp-content\/uploads\/2021\/12\/sant-iscle-santa-victoria-talltendre--300x200.jpg 300w, https:\/\/cerdanya.org\/wp-content\/uploads\/2021\/12\/sant-iscle-santa-victoria-talltendre--768x513.jpg 768w, https:\/\/cerdanya.org\/wp-content\/uploads\/2021\/12\/sant-iscle-santa-victoria-talltendre--705x470.jpg 705w, https:\/\/cerdanya.org\/wp-content\/uploads\/2021\/12\/sant-iscle-santa-victoria-talltendre-.jpg 1500w\" data-sizes=\"(max-width: 1030px) 100vw, 1030px\"  data-onclick='1' title='Sant Iscle i Santa Vict\u00f2ria de Talltendre' ><span class='avia-gallery-big-inner'  itemprop=\"thumbnailUrl\" ><img decoding=\"async\" fetchpriority=\"high\" class=\"wp-image-18626 avia-img-lazy-loading-not-18626\"  width=\"495\" height=\"400\" src=\"https:\/\/cerdanya.org\/wp-content\/uploads\/2021\/12\/sant-iscle-santa-victoria-talltendre--495x400.jpg\" title='7. BELLVER- Sant Iscle i Santa Victo\u0300ria de Talltendre' alt='Sant Iscle i Santa Vict\u00f2ra de Talltendre' srcset=\"https:\/\/cerdanya.org\/wp-content\/uploads\/2021\/12\/sant-iscle-santa-victoria-talltendre--495x400.jpg 495w, https:\/\/cerdanya.org\/wp-content\/uploads\/2021\/12\/sant-iscle-santa-victoria-talltendre--845x684.jpg 845w\" sizes=\"(max-width: 495px) 100vw, 495px\" \/><span class='avia-gallery-caption'>Sant Iscle i Santa Vict\u00f2ria de Talltendre<\/span><\/span><\/a><\/div><div class='avia-gallery-thumb'><a href=\"https:\/\/cerdanya.org\/wp-content\/uploads\/2021\/12\/sant-iscle-santa-victoria-talltendre--1030x687.jpg\" data-srcset=\"https:\/\/cerdanya.org\/wp-content\/uploads\/2021\/12\/sant-iscle-santa-victoria-talltendre--1030x687.jpg 1030w, https:\/\/cerdanya.org\/wp-content\/uploads\/2021\/12\/sant-iscle-santa-victoria-talltendre--300x200.jpg 300w, https:\/\/cerdanya.org\/wp-content\/uploads\/2021\/12\/sant-iscle-santa-victoria-talltendre--768x513.jpg 768w, https:\/\/cerdanya.org\/wp-content\/uploads\/2021\/12\/sant-iscle-santa-victoria-talltendre--705x470.jpg 705w, https:\/\/cerdanya.org\/wp-content\/uploads\/2021\/12\/sant-iscle-santa-victoria-talltendre-.jpg 1500w\" data-sizes=\"(max-width: 1030px) 100vw, 1030px\" data-rel='gallery-1' data-prev-img='https:\/\/cerdanya.org\/wp-content\/uploads\/2021\/12\/sant-iscle-santa-victoria-talltendre--495x400.jpg' class='first_thumb lightbox ' data-onclick='1' title='Sant Iscle i Santa Vict\u00f2ria de Talltendre'  itemprop=\"thumbnailUrl\"  ><img decoding=\"async\" fetchpriority=\"high\" class=\"wp-image-18626 avia-img-lazy-loading-not-18626\"  data-avia-tooltip='Sant Iscle i Santa Vict\u00f2ria de Talltendre' src=\"https:\/\/cerdanya.org\/wp-content\/uploads\/2021\/12\/sant-iscle-santa-victoria-talltendre--495x400.jpg\" width=\"495\" height=\"400\"  title='7. BELLVER- Sant Iscle i Santa Victo\u0300ria de Talltendre' alt='Sant Iscle i Santa Vict\u00f2ra de Talltendre' srcset=\"https:\/\/cerdanya.org\/wp-content\/uploads\/2021\/12\/sant-iscle-santa-victoria-talltendre--495x400.jpg 495w, https:\/\/cerdanya.org\/wp-content\/uploads\/2021\/12\/sant-iscle-santa-victoria-talltendre--845x684.jpg 845w\" sizes=\"(max-width: 495px) 100vw, 495px\" \/><div class='big-prev-fake'><img decoding=\"async\" loading=\"lazy\" class=\"wp-image-18626 avia-img-lazy-loading-18626\"  width=\"495\" height=\"400\" src=\"https:\/\/cerdanya.org\/wp-content\/uploads\/2021\/12\/sant-iscle-santa-victoria-talltendre--495x400.jpg\" title='7. BELLVER- Sant Iscle i Santa Victo\u0300ria de Talltendre' alt='Sant Iscle i Santa Vict\u00f2ra de Talltendre' srcset=\"https:\/\/cerdanya.org\/wp-content\/uploads\/2021\/12\/sant-iscle-santa-victoria-talltendre--495x400.jpg 495w, https:\/\/cerdanya.org\/wp-content\/uploads\/2021\/12\/sant-iscle-santa-victoria-talltendre--845x684.jpg 845w\" sizes=\"auto, (max-width: 495px) 100vw, 495px\" \/><\/div><\/a><a href=\"https:\/\/cerdanya.org\/wp-content\/uploads\/2021\/12\/sant-iscle-santa-victoria-talltendre-altar-1030x687.jpg\" data-srcset=\"https:\/\/cerdanya.org\/wp-content\/uploads\/2021\/12\/sant-iscle-santa-victoria-talltendre-altar-1030x687.jpg 1030w, https:\/\/cerdanya.org\/wp-content\/uploads\/2021\/12\/sant-iscle-santa-victoria-talltendre-altar-300x200.jpg 300w, https:\/\/cerdanya.org\/wp-content\/uploads\/2021\/12\/sant-iscle-santa-victoria-talltendre-altar-768x513.jpg 768w, https:\/\/cerdanya.org\/wp-content\/uploads\/2021\/12\/sant-iscle-santa-victoria-talltendre-altar-705x470.jpg 705w, https:\/\/cerdanya.org\/wp-content\/uploads\/2021\/12\/sant-iscle-santa-victoria-talltendre-altar.jpg 1500w\" data-sizes=\"(max-width: 1030px) 100vw, 1030px\" data-rel='gallery-1' data-prev-img='https:\/\/cerdanya.org\/wp-content\/uploads\/2021\/12\/sant-iscle-santa-victoria-talltendre-altar-495x400.jpg' class='lightbox ' data-onclick='2' title='Sant Iscle i Santa Vict\u00f2ria de Talltendre'  itemprop=\"thumbnailUrl\"  ><img decoding=\"async\" fetchpriority=\"high\" class=\"wp-image-18627 avia-img-lazy-loading-not-18627\"  data-avia-tooltip='Sant Iscle i Santa Vict\u00f2ria de Talltendre' src=\"https:\/\/cerdanya.org\/wp-content\/uploads\/2021\/12\/sant-iscle-santa-victoria-talltendre-altar-495x400.jpg\" width=\"495\" height=\"400\"  title='7. BELLVER- Sant Iscle i Santa Victo\u0300ria de Talltendre' alt='Sant Iscle i Santa Vict\u00f2ra de Talltendre' srcset=\"https:\/\/cerdanya.org\/wp-content\/uploads\/2021\/12\/sant-iscle-santa-victoria-talltendre-altar-495x400.jpg 495w, https:\/\/cerdanya.org\/wp-content\/uploads\/2021\/12\/sant-iscle-santa-victoria-talltendre-altar-845x684.jpg 845w\" sizes=\"(max-width: 495px) 100vw, 495px\" \/><div class='big-prev-fake'><img decoding=\"async\" loading=\"lazy\" class=\"wp-image-18627 avia-img-lazy-loading-18627\"  width=\"495\" height=\"400\" src=\"https:\/\/cerdanya.org\/wp-content\/uploads\/2021\/12\/sant-iscle-santa-victoria-talltendre-altar-495x400.jpg\" title='7. BELLVER- Sant Iscle i Santa Victo\u0300ria de Talltendre' alt='Sant Iscle i Santa Vict\u00f2ra de Talltendre' srcset=\"https:\/\/cerdanya.org\/wp-content\/uploads\/2021\/12\/sant-iscle-santa-victoria-talltendre-altar-495x400.jpg 495w, https:\/\/cerdanya.org\/wp-content\/uploads\/2021\/12\/sant-iscle-santa-victoria-talltendre-altar-845x684.jpg 845w\" sizes=\"auto, (max-width: 495px) 100vw, 495px\" \/><\/div><\/a><a href=\"https:\/\/cerdanya.org\/wp-content\/uploads\/2021\/12\/sant-iscle-santa-victoria-talltendre-bancs-1030x687.jpg\" data-srcset=\"https:\/\/cerdanya.org\/wp-content\/uploads\/2021\/12\/sant-iscle-santa-victoria-talltendre-bancs-1030x687.jpg 1030w, https:\/\/cerdanya.org\/wp-content\/uploads\/2021\/12\/sant-iscle-santa-victoria-talltendre-bancs-300x200.jpg 300w, https:\/\/cerdanya.org\/wp-content\/uploads\/2021\/12\/sant-iscle-santa-victoria-talltendre-bancs-768x513.jpg 768w, https:\/\/cerdanya.org\/wp-content\/uploads\/2021\/12\/sant-iscle-santa-victoria-talltendre-bancs-705x470.jpg 705w, https:\/\/cerdanya.org\/wp-content\/uploads\/2021\/12\/sant-iscle-santa-victoria-talltendre-bancs.jpg 1500w\" data-sizes=\"(max-width: 1030px) 100vw, 1030px\" data-rel='gallery-1' data-prev-img='https:\/\/cerdanya.org\/wp-content\/uploads\/2021\/12\/sant-iscle-santa-victoria-talltendre-bancs-495x400.jpg' class='lightbox ' data-onclick='3' title='Sant Iscle i Santa Vict\u00f2ria de Talltendre'  itemprop=\"thumbnailUrl\"  ><img decoding=\"async\" fetchpriority=\"high\" class=\"wp-image-18628 avia-img-lazy-loading-not-18628\"  data-avia-tooltip='Sant Iscle i Santa Vict\u00f2ria de Talltendre' src=\"https:\/\/cerdanya.org\/wp-content\/uploads\/2021\/12\/sant-iscle-santa-victoria-talltendre-bancs-495x400.jpg\" width=\"495\" height=\"400\"  title='7. BELLVER- Sant Iscle i Santa Victo\u0300ria de Talltendre' alt='Sant Iscle i Santa Vict\u00f2ra de Talltendre' srcset=\"https:\/\/cerdanya.org\/wp-content\/uploads\/2021\/12\/sant-iscle-santa-victoria-talltendre-bancs-495x400.jpg 495w, https:\/\/cerdanya.org\/wp-content\/uploads\/2021\/12\/sant-iscle-santa-victoria-talltendre-bancs-845x684.jpg 845w\" sizes=\"(max-width: 495px) 100vw, 495px\" \/><div class='big-prev-fake'><img decoding=\"async\" loading=\"lazy\" class=\"wp-image-18628 avia-img-lazy-loading-18628\"  width=\"495\" height=\"400\" src=\"https:\/\/cerdanya.org\/wp-content\/uploads\/2021\/12\/sant-iscle-santa-victoria-talltendre-bancs-495x400.jpg\" title='7. BELLVER- Sant Iscle i Santa Victo\u0300ria de Talltendre' alt='Sant Iscle i Santa Vict\u00f2ra de Talltendre' srcset=\"https:\/\/cerdanya.org\/wp-content\/uploads\/2021\/12\/sant-iscle-santa-victoria-talltendre-bancs-495x400.jpg 495w, https:\/\/cerdanya.org\/wp-content\/uploads\/2021\/12\/sant-iscle-santa-victoria-talltendre-bancs-845x684.jpg 845w\" sizes=\"auto, (max-width: 495px) 100vw, 495px\" \/><\/div><\/a><a href=\"https:\/\/cerdanya.org\/wp-content\/uploads\/2021\/12\/sant-iscle-santa-victoria-talltendre-pica-1030x687.jpg\" data-srcset=\"https:\/\/cerdanya.org\/wp-content\/uploads\/2021\/12\/sant-iscle-santa-victoria-talltendre-pica-1030x687.jpg 1030w, https:\/\/cerdanya.org\/wp-content\/uploads\/2021\/12\/sant-iscle-santa-victoria-talltendre-pica-300x200.jpg 300w, https:\/\/cerdanya.org\/wp-content\/uploads\/2021\/12\/sant-iscle-santa-victoria-talltendre-pica-768x513.jpg 768w, https:\/\/cerdanya.org\/wp-content\/uploads\/2021\/12\/sant-iscle-santa-victoria-talltendre-pica-705x470.jpg 705w, https:\/\/cerdanya.org\/wp-content\/uploads\/2021\/12\/sant-iscle-santa-victoria-talltendre-pica.jpg 1500w\" data-sizes=\"(max-width: 1030px) 100vw, 1030px\" data-rel='gallery-1' data-prev-img='https:\/\/cerdanya.org\/wp-content\/uploads\/2021\/12\/sant-iscle-santa-victoria-talltendre-pica-495x400.jpg' class='lightbox ' data-onclick='4' title='Sant Iscle i Santa Vict\u00f2ria de Talltendre'  itemprop=\"thumbnailUrl\"  ><img decoding=\"async\" fetchpriority=\"high\" class=\"wp-image-18629 avia-img-lazy-loading-not-18629\"  data-avia-tooltip='Sant Iscle i Santa Vict\u00f2ria de Talltendre' src=\"https:\/\/cerdanya.org\/wp-content\/uploads\/2021\/12\/sant-iscle-santa-victoria-talltendre-pica-495x400.jpg\" width=\"495\" height=\"400\"  title='7. BELLVER- Sant Iscle i Santa Victo\u0300ria de Talltendre' alt='Sant Iscle i Santa Vict\u00f2ra de Talltendre' srcset=\"https:\/\/cerdanya.org\/wp-content\/uploads\/2021\/12\/sant-iscle-santa-victoria-talltendre-pica-495x400.jpg 495w, https:\/\/cerdanya.org\/wp-content\/uploads\/2021\/12\/sant-iscle-santa-victoria-talltendre-pica-845x684.jpg 845w\" sizes=\"(max-width: 495px) 100vw, 495px\" \/><div class='big-prev-fake'><img decoding=\"async\" loading=\"lazy\" class=\"wp-image-18629 avia-img-lazy-loading-18629\"  width=\"495\" height=\"400\" src=\"https:\/\/cerdanya.org\/wp-content\/uploads\/2021\/12\/sant-iscle-santa-victoria-talltendre-pica-495x400.jpg\" title='7. BELLVER- Sant Iscle i Santa Victo\u0300ria de Talltendre' alt='Sant Iscle i Santa Vict\u00f2ra de Talltendre' srcset=\"https:\/\/cerdanya.org\/wp-content\/uploads\/2021\/12\/sant-iscle-santa-victoria-talltendre-pica-495x400.jpg 495w, https:\/\/cerdanya.org\/wp-content\/uploads\/2021\/12\/sant-iscle-santa-victoria-talltendre-pica-845x684.jpg 845w\" sizes=\"auto, (max-width: 495px) 100vw, 495px\" \/><\/div><\/a><a href=\"https:\/\/cerdanya.org\/wp-content\/uploads\/2021\/12\/sant-iscle-santa-victoria-talltendre-pica-2-1030x1030.jpg\" data-srcset=\"https:\/\/cerdanya.org\/wp-content\/uploads\/2021\/12\/sant-iscle-santa-victoria-talltendre-pica-2-1030x1030.jpg 1030w, https:\/\/cerdanya.org\/wp-content\/uploads\/2021\/12\/sant-iscle-santa-victoria-talltendre-pica-2-300x300.jpg 300w, https:\/\/cerdanya.org\/wp-content\/uploads\/2021\/12\/sant-iscle-santa-victoria-talltendre-pica-2-80x80.jpg 80w, https:\/\/cerdanya.org\/wp-content\/uploads\/2021\/12\/sant-iscle-santa-victoria-talltendre-pica-2-768x768.jpg 768w, https:\/\/cerdanya.org\/wp-content\/uploads\/2021\/12\/sant-iscle-santa-victoria-talltendre-pica-2-36x36.jpg 36w, https:\/\/cerdanya.org\/wp-content\/uploads\/2021\/12\/sant-iscle-santa-victoria-talltendre-pica-2-180x180.jpg 180w, https:\/\/cerdanya.org\/wp-content\/uploads\/2021\/12\/sant-iscle-santa-victoria-talltendre-pica-2.jpg 1500w, https:\/\/cerdanya.org\/wp-content\/uploads\/2021\/12\/sant-iscle-santa-victoria-talltendre-pica-2-705x705.jpg 705w\" data-sizes=\"(max-width: 1030px) 100vw, 1030px\" data-rel='gallery-1' data-prev-img='https:\/\/cerdanya.org\/wp-content\/uploads\/2021\/12\/sant-iscle-santa-victoria-talltendre-pica-2-495x400.jpg' class='lightbox ' data-onclick='5' title='Sant Iscle i Santa Vict\u00f2ria de Talltendre'  itemprop=\"thumbnailUrl\"  ><img decoding=\"async\" fetchpriority=\"high\" class=\"wp-image-18630 avia-img-lazy-loading-not-18630\"  data-avia-tooltip='Sant Iscle i Santa Vict\u00f2ria de Talltendre' src=\"https:\/\/cerdanya.org\/wp-content\/uploads\/2021\/12\/sant-iscle-santa-victoria-talltendre-pica-2-495x400.jpg\" width=\"495\" height=\"400\"  title='7. BELLVER- Sant Iscle i Santa Victo\u0300ria de Talltendre' alt='Sant Iscle i Santa Vict\u00f2ra de Talltendre' srcset=\"https:\/\/cerdanya.org\/wp-content\/uploads\/2021\/12\/sant-iscle-santa-victoria-talltendre-pica-2-495x400.jpg 495w, https:\/\/cerdanya.org\/wp-content\/uploads\/2021\/12\/sant-iscle-santa-victoria-talltendre-pica-2-845x684.jpg 845w\" sizes=\"(max-width: 495px) 100vw, 495px\" \/><div class='big-prev-fake'><img decoding=\"async\" loading=\"lazy\" class=\"wp-image-18630 avia-img-lazy-loading-18630\"  width=\"495\" height=\"400\" src=\"https:\/\/cerdanya.org\/wp-content\/uploads\/2021\/12\/sant-iscle-santa-victoria-talltendre-pica-2-495x400.jpg\" title='7. BELLVER- Sant Iscle i Santa Victo\u0300ria de Talltendre' alt='Sant Iscle i Santa Vict\u00f2ra de Talltendre' srcset=\"https:\/\/cerdanya.org\/wp-content\/uploads\/2021\/12\/sant-iscle-santa-victoria-talltendre-pica-2-495x400.jpg 495w, https:\/\/cerdanya.org\/wp-content\/uploads\/2021\/12\/sant-iscle-santa-victoria-talltendre-pica-2-845x684.jpg 845w\" sizes=\"auto, (max-width: 495px) 100vw, 495px\" \/><\/div><\/a><\/div><\/div><\/div>\n<style type=\"text\/css\" data-created_by=\"avia_inline_auto\" id=\"style-css-av-13qih77-00e4eae9d0b6c138f9ba0e0aa3d8fb95\">\n.flex_column.av-13qih77-00e4eae9d0b6c138f9ba0e0aa3d8fb95{\nborder-radius:0px 0px 0px 0px;\npadding:0px 0px 0px 0px;\n}\n<\/style>\n<div  class='flex_column av-13qih77-00e4eae9d0b6c138f9ba0e0aa3d8fb95 av_one_full  avia-builder-el-5  el_after_av_one_half  el_before_av_one_half  first flex_column_div av-zero-column-padding  column-top-margin'     ><style type=\"text\/css\" data-created_by=\"avia_inline_auto\" id=\"style-css-av-kwp2dp8f-f55138033d46035ff7ae47226ad7fa00\">\n#top .hr.hr-invisible.av-kwp2dp8f-f55138033d46035ff7ae47226ad7fa00{\nheight:20px;\n}\n<\/style>\n<div  class='hr av-kwp2dp8f-f55138033d46035ff7ae47226ad7fa00 hr-invisible  avia-builder-el-6  avia-builder-el-no-sibling '><span class='hr-inner '><span class=\"hr-inner-style\"><\/span><\/span><\/div><\/div><\/p>\n\n<style type=\"text\/css\" data-created_by=\"avia_inline_auto\" id=\"style-css-av-15fu4he-cbde4e1256bc80b81969cc69a451e0f4\">\n.flex_column.av-15fu4he-cbde4e1256bc80b81969cc69a451e0f4{\nborder-radius:0px 0px 0px 0px;\npadding:0px 0px 0px 0px;\n}\n<\/style>\n<div  class='flex_column av-15fu4he-cbde4e1256bc80b81969cc69a451e0f4 av_one_half  avia-builder-el-7  el_after_av_one_full  avia-builder-el-last  first flex_column_div av-zero-column-padding  column-top-margin'     ><p>\n<style type=\"text\/css\" data-created_by=\"avia_inline_auto\" id=\"style-css-av-m1tiuq-c9fd30b9501f229396aa100b3870de21\">\n#top .av-special-heading.av-m1tiuq-c9fd30b9501f229396aa100b3870de21{\npadding-bottom:10px;\n}\nbody .av-special-heading.av-m1tiuq-c9fd30b9501f229396aa100b3870de21 .av-special-heading-tag .heading-char{\nfont-size:25px;\n}\n.av-special-heading.av-m1tiuq-c9fd30b9501f229396aa100b3870de21 .av-subheading{\nfont-size:15px;\n}\n<\/style>\n<div  class='av-special-heading av-m1tiuq-c9fd30b9501f229396aa100b3870de21 av-special-heading-h5  avia-builder-el-8  el_before_av_image  avia-builder-el-first '><h5 class='av-special-heading-tag '  itemprop=\"headline\"  >Planta y secci\u00f3n<\/h5><div class=\"special-heading-border\"><div class=\"special-heading-inner-border\"><\/div><\/div><\/div><br \/>\n\n<style type=\"text\/css\" data-created_by=\"avia_inline_auto\" id=\"style-css-av-kxpysghh-1162f1496270256a94435d1de17d5a1a\">\n.avia-image-container.av-kxpysghh-1162f1496270256a94435d1de17d5a1a img.avia_image{\nbox-shadow:none;\n}\n.avia-image-container.av-kxpysghh-1162f1496270256a94435d1de17d5a1a .av-image-caption-overlay-center{\ncolor:#ffffff;\n}\n<\/style>\n<div  class='avia-image-container av-kxpysghh-1162f1496270256a94435d1de17d5a1a av-styling- avia-align-center  avia-builder-el-9  el_after_av_heading  avia-builder-el-last '   itemprop=\"image\" itemscope=\"itemscope\" itemtype=\"https:\/\/schema.org\/ImageObject\" ><div class=\"avia-image-container-inner\"><div class=\"avia-image-overlay-wrap\"><img decoding=\"async\" fetchpriority=\"high\" class='wp-image-18625 avia-img-lazy-loading-not-18625 avia_image ' src=\"https:\/\/cerdanya.org\/wp-content\/uploads\/2021\/12\/santiscle-santa-victoria-Talltendre-1030x361.jpg\" alt='Sant Iscle i Santa Vict\u00f2ra de Talltendre' title='santiscle-santa-victoria-Talltendre'  height=\"361\" width=\"1030\"  itemprop=\"thumbnailUrl\" srcset=\"https:\/\/cerdanya.org\/wp-content\/uploads\/2021\/12\/santiscle-santa-victoria-Talltendre-1030x361.jpg 1030w, https:\/\/cerdanya.org\/wp-content\/uploads\/2021\/12\/santiscle-santa-victoria-Talltendre-300x105.jpg 300w, https:\/\/cerdanya.org\/wp-content\/uploads\/2021\/12\/santiscle-santa-victoria-Talltendre-768x269.jpg 768w, https:\/\/cerdanya.org\/wp-content\/uploads\/2021\/12\/santiscle-santa-victoria-Talltendre-705x247.jpg 705w, https:\/\/cerdanya.org\/wp-content\/uploads\/2021\/12\/santiscle-santa-victoria-Talltendre-1210x423.jpg 1210w, https:\/\/cerdanya.org\/wp-content\/uploads\/2021\/12\/santiscle-santa-victoria-Talltendre.jpg 1500w\" sizes=\"(max-width: 1030px) 100vw, 1030px\" \/><\/div><\/div><\/div><\/p><\/div>\n","protected":false},"excerpt":{"rendered":"","protected":false},"author":3,"featured_media":18345,"parent":29159,"menu_order":60,"comment_status":"closed","ping_status":"closed","template":"","meta":{"footnotes":""},"class_list":["post-29524","page","type-page","status-publish","has-post-thumbnail","hentry"],"_links":{"self":[{"href":"https:\/\/cerdanya.org\/es\/wp-json\/wp\/v2\/pages\/29524","targetHints":{"allow":["GET"]}}],"collection":[{"href":"https:\/\/cerdanya.org\/es\/wp-json\/wp\/v2\/pages"}],"about":[{"href":"https:\/\/cerdanya.org\/es\/wp-json\/wp\/v2\/types\/page"}],"author":[{"embeddable":true,"href":"https:\/\/cerdanya.org\/es\/wp-json\/wp\/v2\/users\/3"}],"replies":[{"embeddable":true,"href":"https:\/\/cerdanya.org\/es\/wp-json\/wp\/v2\/comments?post=29524"}],"version-history":[{"count":0,"href":"https:\/\/cerdanya.org\/es\/wp-json\/wp\/v2\/pages\/29524\/revisions"}],"up":[{"embeddable":true,"href":"https:\/\/cerdanya.org\/es\/wp-json\/wp\/v2\/pages\/29159"}],"wp:featuredmedia":[{"embeddable":true,"href":"https:\/\/cerdanya.org\/es\/wp-json\/wp\/v2\/media\/18345"}],"wp:attachment":[{"href":"https:\/\/cerdanya.org\/es\/wp-json\/wp\/v2\/media?parent=29524"}],"curies":[{"name":"wp","href":"https:\/\/api.w.org\/{rel}","templated":true}]}}