{"id":29457,"date":"2022-03-23T22:55:30","date_gmt":"2022-03-23T20:55:30","guid":{"rendered":"http:\/\/www.cerdanya.org\/que-hacer\/turismo-cultural\/patrimonio-cultural\/ger\/sant-climent-de-greixer\/"},"modified":"2022-04-28T22:47:34","modified_gmt":"2022-04-28T20:47:34","slug":"sant-climent-de-greixer","status":"publish","type":"page","link":"https:\/\/cerdanya.org\/es\/que-hacer\/turismo-cultural\/patrimonio-cultural\/ger\/sant-climent-de-greixer\/","title":{"rendered":"Sant Climent de Gr\u00e9ixer"},"content":{"rendered":"\n<style type=\"text\/css\" data-created_by=\"avia_inline_auto\" id=\"style-css-av-36rb4oj-ba4d95154227ed0d8a771e7152bf9e9e\">\n.flex_column.av-36rb4oj-ba4d95154227ed0d8a771e7152bf9e9e{\nborder-radius:0px 0px 0px 0px;\npadding:0px 0px 0px 0px;\n}\n<\/style>\n<div  class='flex_column av-36rb4oj-ba4d95154227ed0d8a771e7152bf9e9e av_one_half  avia-builder-el-0  el_before_av_one_half  avia-builder-el-first  first flex_column_div av-zero-column-padding  '     ><p>\n<style type=\"text\/css\" data-created_by=\"avia_inline_auto\" id=\"style-css-av-1l9uj3o-9577126b46a45a414e13cf9d6bd8386b\">\n#top .av-special-heading.av-1l9uj3o-9577126b46a45a414e13cf9d6bd8386b{\npadding-bottom:10px;\n}\nbody .av-special-heading.av-1l9uj3o-9577126b46a45a414e13cf9d6bd8386b .av-special-heading-tag .heading-char{\nfont-size:25px;\n}\n.av-special-heading.av-1l9uj3o-9577126b46a45a414e13cf9d6bd8386b .av-subheading{\nfont-size:15px;\n}\n<\/style>\n<div  class='av-special-heading av-1l9uj3o-9577126b46a45a414e13cf9d6bd8386b av-special-heading-h5  avia-builder-el-1  el_before_av_textblock  avia-builder-el-first '><h5 class='av-special-heading-tag '  itemprop=\"headline\"  >Descripci\u00f3n<\/h5><div class=\"special-heading-border\"><div class=\"special-heading-inner-border\"><\/div><\/div><\/div><br \/>\n<section  class='av_textblock_section av-ksyomoyl-25f1f3c8b1a0a9b03a6473be4799410f '   itemscope=\"itemscope\" itemtype=\"https:\/\/schema.org\/CreativeWork\" ><div class='avia_textblock'  itemprop=\"text\" ><p>Os encontr\u00e1is delante de un edificio de factura r\u00fastica que podemos datar del siglo XII gracias a la decoraci\u00f3n de la puerta situada a mediod\u00eda. Est\u00e1 hecha con m\u00e1rmol de Is\u00f2vol y el arco de medio punto presenta una moldura c\u00f3ncava en la que encontramos la decoraci\u00f3n. \u00c9sta est\u00e1 conformada por cabezas de hombre, algunos de ellos barbudos, y bolas. Cabe destacar que la madera de la puerta conserva parte del herraje antiguo.<\/p>\n<p>La cabecera y el campanario son posteriores. \u00c9ste, situado tambi\u00e9n a mediod\u00eda, es de peque\u00f1as dimensiones ofreciendo un aspecto r\u00fastico al conjunto.<\/p>\n<p>En el Museo Nacional de Arte de Catalunya se conserva el frontal de altar de madera policromada del siglo XIII, donde se representaba el Pantocrator rodeado por los cuatro evangelistas.<\/p>\n<\/div><\/section><\/p><\/div>\n<style type=\"text\/css\" data-created_by=\"avia_inline_auto\" id=\"style-css-av-2coqnf7-fe66bdd07c1c8428c9bfcd41c861e712\">\n.flex_column.av-2coqnf7-fe66bdd07c1c8428c9bfcd41c861e712{\nborder-radius:0px 0px 0px 0px;\npadding:0px 0px 0px 0px;\n}\n<\/style>\n<div  class='flex_column av-2coqnf7-fe66bdd07c1c8428c9bfcd41c861e712 av_one_half  avia-builder-el-3  el_after_av_one_half  el_before_av_one_full  flex_column_div av-zero-column-padding  '     ><style type=\"text\/css\" data-created_by=\"avia_inline_auto\" id=\"style-css-av-29ooh4j-751ed5ab70cb3323ab7a7eb76ad116d1\">\n#top .avia-gallery.av-29ooh4j-751ed5ab70cb3323ab7a7eb76ad116d1 .avia-gallery-thumb a{\nwidth:20%;\n}\n<\/style>\n<div  class='avia-gallery av-29ooh4j-751ed5ab70cb3323ab7a7eb76ad116d1 avia_animate_when_visible  avia-builder-el-4  avia-builder-el-no-sibling  avia_lazyload av-slideshow-ui av-loop-manual-endless av-control-hidden av-navigate-arrows av-navigate-dots hover-effect av-control-hidden avia-gallery-animate avia-gallery-1'  itemprop=\"image\" itemscope=\"itemscope\" itemtype=\"https:\/\/schema.org\/ImageObject\" ><meta itemprop=\"contentURL\" content=\"https:\/\/cerdanya.org\/es\/que-hacer\/turismo-cultural\/patrimonio-cultural\/ger\/sant-climent-de-greixer\/\"><div class='avia-gallery-big-wrapper'><a class='avia-gallery-big fakeLightbox lightbox avia-gallery-big-crop-thumb ' href=\"https:\/\/cerdanya.org\/wp-content\/uploads\/2021\/12\/sant-miquel-greixer-1-1030x687.jpg\" data-srcset=\"https:\/\/cerdanya.org\/wp-content\/uploads\/2021\/12\/sant-miquel-greixer-1-1030x687.jpg 1030w, https:\/\/cerdanya.org\/wp-content\/uploads\/2021\/12\/sant-miquel-greixer-1-300x200.jpg 300w, https:\/\/cerdanya.org\/wp-content\/uploads\/2021\/12\/sant-miquel-greixer-1-768x513.jpg 768w, https:\/\/cerdanya.org\/wp-content\/uploads\/2021\/12\/sant-miquel-greixer-1-705x470.jpg 705w, https:\/\/cerdanya.org\/wp-content\/uploads\/2021\/12\/sant-miquel-greixer-1.jpg 1500w\" data-sizes=\"(max-width: 1030px) 100vw, 1030px\"  data-onclick='1' title='Sant Miquel de Gr\u00e9ixer' ><span class='avia-gallery-big-inner'  itemprop=\"thumbnailUrl\" ><img decoding=\"async\" fetchpriority=\"high\" class=\"wp-image-18807 avia-img-lazy-loading-not-18807\"  width=\"495\" height=\"400\" src=\"https:\/\/cerdanya.org\/wp-content\/uploads\/2021\/12\/sant-miquel-greixer-1-495x400.jpg\" title='11. GER- Sant Climent de Gre\u0301ixer' alt='Sant Climent de Gr\u00e9ixer' srcset=\"https:\/\/cerdanya.org\/wp-content\/uploads\/2021\/12\/sant-miquel-greixer-1-495x400.jpg 495w, https:\/\/cerdanya.org\/wp-content\/uploads\/2021\/12\/sant-miquel-greixer-1-845x684.jpg 845w\" sizes=\"(max-width: 495px) 100vw, 495px\" \/><span class='avia-gallery-caption'>Sant Miquel de Gr\u00e9ixer<\/span><\/span><\/a><\/div><div class='avia-gallery-thumb'><a href=\"https:\/\/cerdanya.org\/wp-content\/uploads\/2021\/12\/sant-miquel-greixer-1-1030x687.jpg\" data-srcset=\"https:\/\/cerdanya.org\/wp-content\/uploads\/2021\/12\/sant-miquel-greixer-1-1030x687.jpg 1030w, https:\/\/cerdanya.org\/wp-content\/uploads\/2021\/12\/sant-miquel-greixer-1-300x200.jpg 300w, https:\/\/cerdanya.org\/wp-content\/uploads\/2021\/12\/sant-miquel-greixer-1-768x513.jpg 768w, https:\/\/cerdanya.org\/wp-content\/uploads\/2021\/12\/sant-miquel-greixer-1-705x470.jpg 705w, https:\/\/cerdanya.org\/wp-content\/uploads\/2021\/12\/sant-miquel-greixer-1.jpg 1500w\" data-sizes=\"(max-width: 1030px) 100vw, 1030px\" data-rel='gallery-1' data-prev-img='https:\/\/cerdanya.org\/wp-content\/uploads\/2021\/12\/sant-miquel-greixer-1-495x400.jpg' class='first_thumb lightbox ' data-onclick='1' title='Sant Miquel de Gr\u00e9ixer'  itemprop=\"thumbnailUrl\"  ><img decoding=\"async\" fetchpriority=\"high\" class=\"wp-image-18807 avia-img-lazy-loading-not-18807\"  data-avia-tooltip='Sant Miquel de Gr\u00e9ixer' src=\"https:\/\/cerdanya.org\/wp-content\/uploads\/2021\/12\/sant-miquel-greixer-1-495x400.jpg\" width=\"495\" height=\"400\"  title='11. GER- Sant Climent de Gre\u0301ixer' alt='Sant Climent de Gr\u00e9ixer' srcset=\"https:\/\/cerdanya.org\/wp-content\/uploads\/2021\/12\/sant-miquel-greixer-1-495x400.jpg 495w, https:\/\/cerdanya.org\/wp-content\/uploads\/2021\/12\/sant-miquel-greixer-1-845x684.jpg 845w\" sizes=\"(max-width: 495px) 100vw, 495px\" \/><div class='big-prev-fake'><img decoding=\"async\" loading=\"lazy\" class=\"wp-image-18807 avia-img-lazy-loading-18807\"  width=\"495\" height=\"400\" src=\"https:\/\/cerdanya.org\/wp-content\/uploads\/2021\/12\/sant-miquel-greixer-1-495x400.jpg\" title='11. GER- Sant Climent de Gre\u0301ixer' alt='Sant Climent de Gr\u00e9ixer' srcset=\"https:\/\/cerdanya.org\/wp-content\/uploads\/2021\/12\/sant-miquel-greixer-1-495x400.jpg 495w, https:\/\/cerdanya.org\/wp-content\/uploads\/2021\/12\/sant-miquel-greixer-1-845x684.jpg 845w\" sizes=\"auto, (max-width: 495px) 100vw, 495px\" \/><\/div><\/a><a href=\"https:\/\/cerdanya.org\/wp-content\/uploads\/2021\/12\/sant-miquel-greixer-pica-1030x687.jpg\" data-srcset=\"https:\/\/cerdanya.org\/wp-content\/uploads\/2021\/12\/sant-miquel-greixer-pica-1030x687.jpg 1030w, https:\/\/cerdanya.org\/wp-content\/uploads\/2021\/12\/sant-miquel-greixer-pica-300x200.jpg 300w, https:\/\/cerdanya.org\/wp-content\/uploads\/2021\/12\/sant-miquel-greixer-pica-768x513.jpg 768w, https:\/\/cerdanya.org\/wp-content\/uploads\/2021\/12\/sant-miquel-greixer-pica-705x470.jpg 705w, https:\/\/cerdanya.org\/wp-content\/uploads\/2021\/12\/sant-miquel-greixer-pica.jpg 1500w\" data-sizes=\"(max-width: 1030px) 100vw, 1030px\" data-rel='gallery-1' data-prev-img='https:\/\/cerdanya.org\/wp-content\/uploads\/2021\/12\/sant-miquel-greixer-pica-495x400.jpg' class='lightbox ' data-onclick='2' title='Sant Miquel de Gr\u00e9ixer'  itemprop=\"thumbnailUrl\"  ><img decoding=\"async\" fetchpriority=\"high\" class=\"wp-image-18809 avia-img-lazy-loading-not-18809\"  data-avia-tooltip='Sant Miquel de Gr\u00e9ixer' src=\"https:\/\/cerdanya.org\/wp-content\/uploads\/2021\/12\/sant-miquel-greixer-pica-495x400.jpg\" width=\"495\" height=\"400\"  title='11. GER- Sant Climent de Gre\u0301ixer' alt='Sant Climent de Gr\u00e9ixer' srcset=\"https:\/\/cerdanya.org\/wp-content\/uploads\/2021\/12\/sant-miquel-greixer-pica-495x400.jpg 495w, https:\/\/cerdanya.org\/wp-content\/uploads\/2021\/12\/sant-miquel-greixer-pica-845x684.jpg 845w\" sizes=\"(max-width: 495px) 100vw, 495px\" \/><div class='big-prev-fake'><img decoding=\"async\" loading=\"lazy\" class=\"wp-image-18809 avia-img-lazy-loading-18809\"  width=\"495\" height=\"400\" src=\"https:\/\/cerdanya.org\/wp-content\/uploads\/2021\/12\/sant-miquel-greixer-pica-495x400.jpg\" title='11. GER- Sant Climent de Gre\u0301ixer' alt='Sant Climent de Gr\u00e9ixer' srcset=\"https:\/\/cerdanya.org\/wp-content\/uploads\/2021\/12\/sant-miquel-greixer-pica-495x400.jpg 495w, https:\/\/cerdanya.org\/wp-content\/uploads\/2021\/12\/sant-miquel-greixer-pica-845x684.jpg 845w\" sizes=\"auto, (max-width: 495px) 100vw, 495px\" \/><\/div><\/a><a href=\"https:\/\/cerdanya.org\/wp-content\/uploads\/2021\/12\/sant-miquel-greixer-altar-1030x687.jpg\" data-srcset=\"https:\/\/cerdanya.org\/wp-content\/uploads\/2021\/12\/sant-miquel-greixer-altar-1030x687.jpg 1030w, https:\/\/cerdanya.org\/wp-content\/uploads\/2021\/12\/sant-miquel-greixer-altar-300x200.jpg 300w, https:\/\/cerdanya.org\/wp-content\/uploads\/2021\/12\/sant-miquel-greixer-altar-768x513.jpg 768w, https:\/\/cerdanya.org\/wp-content\/uploads\/2021\/12\/sant-miquel-greixer-altar-705x470.jpg 705w, https:\/\/cerdanya.org\/wp-content\/uploads\/2021\/12\/sant-miquel-greixer-altar.jpg 1500w\" data-sizes=\"(max-width: 1030px) 100vw, 1030px\" data-rel='gallery-1' data-prev-img='https:\/\/cerdanya.org\/wp-content\/uploads\/2021\/12\/sant-miquel-greixer-altar-495x400.jpg' class='lightbox ' data-onclick='3' title='Sant Miquel de Gr\u00e9ixer'  itemprop=\"thumbnailUrl\"  ><img decoding=\"async\" fetchpriority=\"high\" class=\"wp-image-18811 avia-img-lazy-loading-not-18811\"  data-avia-tooltip='Sant Miquel de Gr\u00e9ixer' src=\"https:\/\/cerdanya.org\/wp-content\/uploads\/2021\/12\/sant-miquel-greixer-altar-495x400.jpg\" width=\"495\" height=\"400\"  title='11. GER- Sant Climent de Gre\u0301ixer' alt='Sant Climent de Gr\u00e9ixer' srcset=\"https:\/\/cerdanya.org\/wp-content\/uploads\/2021\/12\/sant-miquel-greixer-altar-495x400.jpg 495w, https:\/\/cerdanya.org\/wp-content\/uploads\/2021\/12\/sant-miquel-greixer-altar-845x684.jpg 845w\" sizes=\"(max-width: 495px) 100vw, 495px\" \/><div class='big-prev-fake'><img decoding=\"async\" loading=\"lazy\" class=\"wp-image-18811 avia-img-lazy-loading-18811\"  width=\"495\" height=\"400\" src=\"https:\/\/cerdanya.org\/wp-content\/uploads\/2021\/12\/sant-miquel-greixer-altar-495x400.jpg\" title='11. GER- Sant Climent de Gre\u0301ixer' alt='Sant Climent de Gr\u00e9ixer' srcset=\"https:\/\/cerdanya.org\/wp-content\/uploads\/2021\/12\/sant-miquel-greixer-altar-495x400.jpg 495w, https:\/\/cerdanya.org\/wp-content\/uploads\/2021\/12\/sant-miquel-greixer-altar-845x684.jpg 845w\" sizes=\"auto, (max-width: 495px) 100vw, 495px\" \/><\/div><\/a><a href=\"https:\/\/cerdanya.org\/wp-content\/uploads\/2021\/12\/sant-miquel-greixer-bancs-1030x687.jpg\" data-srcset=\"https:\/\/cerdanya.org\/wp-content\/uploads\/2021\/12\/sant-miquel-greixer-bancs-1030x687.jpg 1030w, https:\/\/cerdanya.org\/wp-content\/uploads\/2021\/12\/sant-miquel-greixer-bancs-300x200.jpg 300w, https:\/\/cerdanya.org\/wp-content\/uploads\/2021\/12\/sant-miquel-greixer-bancs-768x513.jpg 768w, https:\/\/cerdanya.org\/wp-content\/uploads\/2021\/12\/sant-miquel-greixer-bancs-705x470.jpg 705w, https:\/\/cerdanya.org\/wp-content\/uploads\/2021\/12\/sant-miquel-greixer-bancs.jpg 1500w\" data-sizes=\"(max-width: 1030px) 100vw, 1030px\" data-rel='gallery-1' data-prev-img='https:\/\/cerdanya.org\/wp-content\/uploads\/2021\/12\/sant-miquel-greixer-bancs-495x400.jpg' class='lightbox ' data-onclick='4' title='Sant Miquel de Gr\u00e9ixer'  itemprop=\"thumbnailUrl\"  ><img decoding=\"async\" fetchpriority=\"high\" class=\"wp-image-18813 avia-img-lazy-loading-not-18813\"  data-avia-tooltip='Sant Miquel de Gr\u00e9ixer' src=\"https:\/\/cerdanya.org\/wp-content\/uploads\/2021\/12\/sant-miquel-greixer-bancs-495x400.jpg\" width=\"495\" height=\"400\"  title='11. GER- Sant Climent de Gre\u0301ixer' alt='Sant Climent de Gr\u00e9ixer' srcset=\"https:\/\/cerdanya.org\/wp-content\/uploads\/2021\/12\/sant-miquel-greixer-bancs-495x400.jpg 495w, https:\/\/cerdanya.org\/wp-content\/uploads\/2021\/12\/sant-miquel-greixer-bancs-845x684.jpg 845w\" sizes=\"(max-width: 495px) 100vw, 495px\" \/><div class='big-prev-fake'><img decoding=\"async\" loading=\"lazy\" class=\"wp-image-18813 avia-img-lazy-loading-18813\"  width=\"495\" height=\"400\" src=\"https:\/\/cerdanya.org\/wp-content\/uploads\/2021\/12\/sant-miquel-greixer-bancs-495x400.jpg\" title='11. GER- Sant Climent de Gre\u0301ixer' alt='Sant Climent de Gr\u00e9ixer' srcset=\"https:\/\/cerdanya.org\/wp-content\/uploads\/2021\/12\/sant-miquel-greixer-bancs-495x400.jpg 495w, https:\/\/cerdanya.org\/wp-content\/uploads\/2021\/12\/sant-miquel-greixer-bancs-845x684.jpg 845w\" sizes=\"auto, (max-width: 495px) 100vw, 495px\" \/><\/div><\/a><\/div><\/div><\/div>\n<style type=\"text\/css\" data-created_by=\"avia_inline_auto\" id=\"style-css-av-13qih77-00e4eae9d0b6c138f9ba0e0aa3d8fb95\">\n.flex_column.av-13qih77-00e4eae9d0b6c138f9ba0e0aa3d8fb95{\nborder-radius:0px 0px 0px 0px;\npadding:0px 0px 0px 0px;\n}\n<\/style>\n<div  class='flex_column av-13qih77-00e4eae9d0b6c138f9ba0e0aa3d8fb95 av_one_full  avia-builder-el-5  el_after_av_one_half  el_before_av_one_half  first flex_column_div av-zero-column-padding  column-top-margin'     ><style type=\"text\/css\" data-created_by=\"avia_inline_auto\" id=\"style-css-av-kwp2dp8f-f55138033d46035ff7ae47226ad7fa00\">\n#top .hr.hr-invisible.av-kwp2dp8f-f55138033d46035ff7ae47226ad7fa00{\nheight:20px;\n}\n<\/style>\n<div  class='hr av-kwp2dp8f-f55138033d46035ff7ae47226ad7fa00 hr-invisible  avia-builder-el-6  avia-builder-el-no-sibling '><span class='hr-inner '><span class=\"hr-inner-style\"><\/span><\/span><\/div><\/div><\/p>\n\n<style type=\"text\/css\" data-created_by=\"avia_inline_auto\" id=\"style-css-av-1ba4fec-31e58ac5e6f8629bb9863e012e69c6c7\">\n.flex_column.av-1ba4fec-31e58ac5e6f8629bb9863e012e69c6c7{\nborder-radius:0px 0px 0px 0px;\npadding:0px 0px 0px 0px;\n}\n<\/style>\n<div  class='flex_column av-1ba4fec-31e58ac5e6f8629bb9863e012e69c6c7 av_one_half  avia-builder-el-7  el_after_av_one_full  avia-builder-el-last  first flex_column_div av-zero-column-padding  column-top-margin'     ><p>\n<style type=\"text\/css\" data-created_by=\"avia_inline_auto\" id=\"style-css-av-tivb6c-9047c7c268fa6b7da54ba805cf674914\">\n#top .av-special-heading.av-tivb6c-9047c7c268fa6b7da54ba805cf674914{\npadding-bottom:10px;\n}\nbody .av-special-heading.av-tivb6c-9047c7c268fa6b7da54ba805cf674914 .av-special-heading-tag .heading-char{\nfont-size:25px;\n}\n.av-special-heading.av-tivb6c-9047c7c268fa6b7da54ba805cf674914 .av-subheading{\nfont-size:15px;\n}\n<\/style>\n<div  class='av-special-heading av-tivb6c-9047c7c268fa6b7da54ba805cf674914 av-special-heading-h5  avia-builder-el-8  el_before_av_image  avia-builder-el-first '><h5 class='av-special-heading-tag '  itemprop=\"headline\"  >Planta y secci\u00f3n<\/h5><div class=\"special-heading-border\"><div class=\"special-heading-inner-border\"><\/div><\/div><\/div><br \/>\n\n<style type=\"text\/css\" data-created_by=\"avia_inline_auto\" id=\"style-css-av-kxq6ngeg-fb40049690d9a0dd609b493bcc203c40\">\n.avia-image-container.av-kxq6ngeg-fb40049690d9a0dd609b493bcc203c40 img.avia_image{\nbox-shadow:none;\n}\n.avia-image-container.av-kxq6ngeg-fb40049690d9a0dd609b493bcc203c40 .av-image-caption-overlay-center{\ncolor:#ffffff;\n}\n<\/style>\n<div  class='avia-image-container av-kxq6ngeg-fb40049690d9a0dd609b493bcc203c40 av-styling- avia-align-center  avia-builder-el-9  el_after_av_heading  avia-builder-el-last '   itemprop=\"image\" itemscope=\"itemscope\" itemtype=\"https:\/\/schema.org\/ImageObject\" ><div class=\"avia-image-container-inner\"><div class=\"avia-image-overlay-wrap\"><img decoding=\"async\" fetchpriority=\"high\" class='wp-image-18805 avia-img-lazy-loading-not-18805 avia_image ' src=\"https:\/\/cerdanya.org\/wp-content\/uploads\/2021\/12\/sant-miquel-Greixer-1030x455.jpg\" alt='Sant Climent de Gr\u00e9ixer' title='sant-miquel-Greixer'  height=\"455\" width=\"1030\"  itemprop=\"thumbnailUrl\" srcset=\"https:\/\/cerdanya.org\/wp-content\/uploads\/2021\/12\/sant-miquel-Greixer-1030x455.jpg 1030w, https:\/\/cerdanya.org\/wp-content\/uploads\/2021\/12\/sant-miquel-Greixer-300x133.jpg 300w, https:\/\/cerdanya.org\/wp-content\/uploads\/2021\/12\/sant-miquel-Greixer-768x339.jpg 768w, https:\/\/cerdanya.org\/wp-content\/uploads\/2021\/12\/sant-miquel-Greixer-705x312.jpg 705w, https:\/\/cerdanya.org\/wp-content\/uploads\/2021\/12\/sant-miquel-Greixer.jpg 1500w\" sizes=\"(max-width: 1030px) 100vw, 1030px\" \/><\/div><\/div><\/div><\/p><\/div>\n","protected":false},"excerpt":{"rendered":"","protected":false},"author":3,"featured_media":18353,"parent":29453,"menu_order":10,"comment_status":"closed","ping_status":"closed","template":"","meta":{"footnotes":""},"class_list":["post-29457","page","type-page","status-publish","has-post-thumbnail","hentry"],"_links":{"self":[{"href":"https:\/\/cerdanya.org\/es\/wp-json\/wp\/v2\/pages\/29457","targetHints":{"allow":["GET"]}}],"collection":[{"href":"https:\/\/cerdanya.org\/es\/wp-json\/wp\/v2\/pages"}],"about":[{"href":"https:\/\/cerdanya.org\/es\/wp-json\/wp\/v2\/types\/page"}],"author":[{"embeddable":true,"href":"https:\/\/cerdanya.org\/es\/wp-json\/wp\/v2\/users\/3"}],"replies":[{"embeddable":true,"href":"https:\/\/cerdanya.org\/es\/wp-json\/wp\/v2\/comments?post=29457"}],"version-history":[{"count":0,"href":"https:\/\/cerdanya.org\/es\/wp-json\/wp\/v2\/pages\/29457\/revisions"}],"up":[{"embeddable":true,"href":"https:\/\/cerdanya.org\/es\/wp-json\/wp\/v2\/pages\/29453"}],"wp:featuredmedia":[{"embeddable":true,"href":"https:\/\/cerdanya.org\/es\/wp-json\/wp\/v2\/media\/18353"}],"wp:attachment":[{"href":"https:\/\/cerdanya.org\/es\/wp-json\/wp\/v2\/media?parent=29457"}],"curies":[{"name":"wp","href":"https:\/\/api.w.org\/{rel}","templated":true}]}}