{"id":29425,"date":"2022-03-23T21:18:33","date_gmt":"2022-03-23T19:18:33","guid":{"rendered":"http:\/\/www.cerdanya.org\/que-hacer\/turismo-de-bienestar\/"},"modified":"2022-04-28T23:17:42","modified_gmt":"2022-04-28T21:17:42","slug":"turismo-de-bienestar","status":"publish","type":"page","link":"https:\/\/cerdanya.org\/es\/que-hacer\/turismo-de-bienestar\/","title":{"rendered":"Turismo de bienestar"},"content":{"rendered":"<section  class='av_textblock_section av-k8t3k0hg-b1bc35d20ef652a54cb806412d769f83 '   itemscope=\"itemscope\" itemtype=\"https:\/\/schema.org\/CreativeWork\" ><div class='avia_textblock'  itemprop=\"text\" ><blockquote>\n<p>Aguas termales, <em>spas<\/em> , masajes, meditaci\u00f3n, gastronom\u00eda saludable, descanso&#8230; Aqu\u00ed comienza tu viaje de sensaciones agradables por la Cerdanya <strong>.<\/strong> La cultura de <strong>\u201chacer salud\u201d<\/strong> est\u00e1 arraigada en nuestra tierra.<\/p>\n<\/blockquote>\n<\/div><\/section>\n\n<style type=\"text\/css\" data-created_by=\"avia_inline_auto\" id=\"style-css-av-2zplnq-41fc0a900af5e530587b135389db3d63\">\n.flex_column.av-2zplnq-41fc0a900af5e530587b135389db3d63{\nborder-radius:0px 0px 0px 0px;\npadding:0px 0px 0px 0px;\n}\n<\/style>\n<div  class='flex_column av-2zplnq-41fc0a900af5e530587b135389db3d63 av_one_full  avia-builder-el-1  el_after_av_textblock  avia-builder-el-last  first flex_column_div av-zero-column-padding  column-top-margin'     ><\/div>\n","protected":false},"excerpt":{"rendered":"","protected":false},"author":3,"featured_media":16711,"parent":26452,"menu_order":50,"comment_status":"closed","ping_status":"closed","template":"","meta":{"footnotes":""},"class_list":["post-29425","page","type-page","status-publish","has-post-thumbnail","hentry"],"_links":{"self":[{"href":"https:\/\/cerdanya.org\/es\/wp-json\/wp\/v2\/pages\/29425","targetHints":{"allow":["GET"]}}],"collection":[{"href":"https:\/\/cerdanya.org\/es\/wp-json\/wp\/v2\/pages"}],"about":[{"href":"https:\/\/cerdanya.org\/es\/wp-json\/wp\/v2\/types\/page"}],"author":[{"embeddable":true,"href":"https:\/\/cerdanya.org\/es\/wp-json\/wp\/v2\/users\/3"}],"replies":[{"embeddable":true,"href":"https:\/\/cerdanya.org\/es\/wp-json\/wp\/v2\/comments?post=29425"}],"version-history":[{"count":0,"href":"https:\/\/cerdanya.org\/es\/wp-json\/wp\/v2\/pages\/29425\/revisions"}],"up":[{"embeddable":true,"href":"https:\/\/cerdanya.org\/es\/wp-json\/wp\/v2\/pages\/26452"}],"wp:featuredmedia":[{"embeddable":true,"href":"https:\/\/cerdanya.org\/es\/wp-json\/wp\/v2\/media\/16711"}],"wp:attachment":[{"href":"https:\/\/cerdanya.org\/es\/wp-json\/wp\/v2\/media?parent=29425"}],"curies":[{"name":"wp","href":"https:\/\/api.w.org\/{rel}","templated":true}]}}