{"id":29343,"date":"2022-03-23T18:04:15","date_gmt":"2022-03-23T16:04:15","guid":{"rendered":"http:\/\/www.cerdanya.org\/descubre\/naturaleza\/"},"modified":"2023-03-30T13:53:24","modified_gmt":"2023-03-30T11:53:24","slug":"naturaleza","status":"publish","type":"page","link":"https:\/\/cerdanya.org\/es\/descubre\/naturaleza\/","title":{"rendered":"Naturaleza"},"content":{"rendered":"\n<style type=\"text\/css\" data-created_by=\"avia_inline_auto\" id=\"style-css-av-48lpx-6644dc052a4928df29175a7e964ab29c\">\n.flex_column.av-48lpx-6644dc052a4928df29175a7e964ab29c{\nborder-radius:0px 0px 0px 0px;\npadding:0px 0px 0px 0px;\n}\n<\/style>\n<div  class='flex_column av-48lpx-6644dc052a4928df29175a7e964ab29c av_one_full  avia-builder-el-0  el_before_av_heading  avia-builder-el-first  first flex_column_div av-zero-column-padding  '     ><section  class='av_textblock_section av-jr0w57hn-d71d3a3bdb634ad807b957f82b3221d3 '   itemscope=\"itemscope\" itemtype=\"https:\/\/schema.org\/CreativeWork\" ><div class='avia_textblock'  itemprop=\"text\" ><blockquote>\n<p>La Cerdanya es una comarca catalana definida por unos rasgos geogr\u00e1ficos, clim\u00e1ticos e hist\u00f3ricos que le otorgan un car\u00e1cter muy particular. Integrada, principalmente, por el alto Valle del Segre, la Cerdanya es uno de los valles m\u00e1s amplios de Europa, donde destacan su altitud y el hecho de que disponga de m\u00e1s de tres mil horas de sol al a\u00f1o.<\/p>\n<p>Su ubicaci\u00f3n, entre la cordillera pirenaica y las sierras del Cad\u00ed y el Moixer\u00f3, determinan su clima, a caballo entre el atl\u00e1ntico y el mediterr\u00e1neo. Esto hace que se hayan definido tres unidades biogeogr\u00e1ficas naturales: la solana, la llanura y la umbr\u00eda.<\/p>\n<\/blockquote>\n<\/div><\/section><\/div>\n\n<style type=\"text\/css\" data-created_by=\"avia_inline_auto\" id=\"style-css-av-2xx35-8166655277f03ee40d0d379deaaf22fe\">\n#top .av-special-heading.av-2xx35-8166655277f03ee40d0d379deaaf22fe{\npadding-bottom:10px;\n}\nbody .av-special-heading.av-2xx35-8166655277f03ee40d0d379deaaf22fe .av-special-heading-tag .heading-char{\nfont-size:25px;\n}\n.av-special-heading.av-2xx35-8166655277f03ee40d0d379deaaf22fe .av-subheading{\nfont-size:15px;\n}\n<\/style>\n<div  class='av-special-heading av-2xx35-8166655277f03ee40d0d379deaaf22fe av-special-heading-h2 blockquote modern-quote  avia-builder-el-2  el_after_av_one_full  el_before_av_one_half  av-linked-heading'><h2 class='av-special-heading-tag '  itemprop=\"headline\"  >La Plana<\/h2><div class=\"special-heading-border\"><div class=\"special-heading-inner-border\"><\/div><\/div><\/div>\n\n<style type=\"text\/css\" data-created_by=\"avia_inline_auto\" id=\"style-css-av-3yh7p-585ee9a3c9f6301da7067daff734a4d8\">\n.flex_column.av-3yh7p-585ee9a3c9f6301da7067daff734a4d8{\nborder-radius:0px 0px 0px 0px;\npadding:0px 0px 0px 0px;\n}\n<\/style>\n<div  class='flex_column av-3yh7p-585ee9a3c9f6301da7067daff734a4d8 av_one_half  avia-builder-el-3  el_after_av_heading  el_before_av_one_half  first flex_column_div av-zero-column-padding  '     ><section  class='av_textblock_section av-jr0w5t1u-cae7909b5a99ffca00f5675af84d501d '   itemscope=\"itemscope\" itemtype=\"https:\/\/schema.org\/CreativeWork\" ><div class='avia_textblock'  itemprop=\"text\" ><div class=\"wpb_text_column wpb_content_element \">\n<div class=\"wpb_wrapper\">\n<p>Como su nombre indica, esta unidad geogr\u00e1fica de la Cerdanya es la m\u00e1s plana de las tres, con una altitud media de 1000 metros, no presenta desniveles apreciables, su importante anchura de entre 6 y 8 km le otorga la calidad de ser uno de los valles m\u00e1s anchos de Europa. Destacan los cultivos de agricultura tradicionales, los prados de siega y los sistemas de riego tradicional. Las riberas del Segre est\u00e1n pobladas por un conjunto de vegetaci\u00f3n llamado \u201cBosque de Ribera\u201d, el mejor conservado de Catalunya y est\u00e1 protegido por un PEIN. Destaca en este lugar la presencia de la nutria.<\/p>\n<p>Es la parte m\u00e1s poblada de la Cerdanya, donde se encuentra su capital, Puigcerd\u00e0. En el centro de La plana se encuentran muchas de sus poblaciones: Puigcerd\u00e0 como capital comarcal, y tambi\u00e9n los pueblos de Ll\u00edvia, Bolvir, Ger, Is\u00f2vol, Bellver, Prullans, Martinet, Prats\u2026<\/p>\n<\/div>\n<\/div>\n<div class=\"wpb_single_image wpb_content_element vc_align_center\"><\/div>\n<\/div><\/section><\/div>\n\n<style type=\"text\/css\" data-created_by=\"avia_inline_auto\" id=\"style-css-av-39nxd-8bd825c609d192ad17e7bb389878092f\">\n.flex_column.av-39nxd-8bd825c609d192ad17e7bb389878092f{\nborder-radius:0px 0px 0px 0px;\npadding:0px 0px 0px 0px;\n}\n<\/style>\n<div  class='flex_column av-39nxd-8bd825c609d192ad17e7bb389878092f av_one_half  avia-builder-el-5  el_after_av_one_half  el_before_av_hr  flex_column_div av-zero-column-padding  '     ><style type=\"text\/css\" data-created_by=\"avia_inline_auto\" id=\"style-css-av-jr0woqfr-f4c5dfac01a269cb826057a866c4fd73\">\n.avia-image-container.av-jr0woqfr-f4c5dfac01a269cb826057a866c4fd73 img.avia_image{\nbox-shadow:none;\n}\n.avia-image-container.av-jr0woqfr-f4c5dfac01a269cb826057a866c4fd73 .av-image-caption-overlay-center{\ncolor:#ffffff;\n}\n<\/style>\n<div  class='avia-image-container av-jr0woqfr-f4c5dfac01a269cb826057a866c4fd73 av-styling- av-hover-grow avia-align-center  avia-builder-el-6  avia-builder-el-no-sibling '   itemprop=\"image\" itemscope=\"itemscope\" itemtype=\"https:\/\/schema.org\/ImageObject\" ><div class=\"avia-image-container-inner\"><div class=\"avia-image-overlay-wrap\"><img decoding=\"async\" fetchpriority=\"high\" class='wp-image-16514 avia-img-lazy-loading-not-16514 avia_image ' src=\"https:\/\/cerdanya.org\/wp-content\/uploads\/2019\/05\/descobreix_natura_laplana-1030x687.jpg\" alt='Natura' title='descobreix_natura_laplana'  height=\"687\" width=\"1030\"  itemprop=\"thumbnailUrl\" srcset=\"https:\/\/cerdanya.org\/wp-content\/uploads\/2019\/05\/descobreix_natura_laplana-1030x687.jpg 1030w, https:\/\/cerdanya.org\/wp-content\/uploads\/2019\/05\/descobreix_natura_laplana-300x200.jpg 300w, https:\/\/cerdanya.org\/wp-content\/uploads\/2019\/05\/descobreix_natura_laplana-768x512.jpg 768w, https:\/\/cerdanya.org\/wp-content\/uploads\/2019\/05\/descobreix_natura_laplana.jpg 1500w, https:\/\/cerdanya.org\/wp-content\/uploads\/2019\/05\/descobreix_natura_laplana-705x470.jpg 705w, https:\/\/cerdanya.org\/wp-content\/uploads\/2019\/05\/descobreix_natura_laplana-450x300.jpg 450w\" sizes=\"(max-width: 1030px) 100vw, 1030px\" \/><\/div><\/div><\/div><\/div>\n\n<style type=\"text\/css\" data-created_by=\"avia_inline_auto\" id=\"style-css-av-k8fr4wlz-d84e9f7fce7a00eddcce0be5ff922637\">\n#top .hr.hr-invisible.av-k8fr4wlz-d84e9f7fce7a00eddcce0be5ff922637{\nheight:20px;\n}\n<\/style>\n<div  class='hr av-k8fr4wlz-d84e9f7fce7a00eddcce0be5ff922637 hr-invisible  avia-builder-el-7  el_after_av_one_half  el_before_av_heading '><span class='hr-inner '><span class=\"hr-inner-style\"><\/span><\/span><\/div>\n\n<style type=\"text\/css\" data-created_by=\"avia_inline_auto\" id=\"style-css-av-29f7x-7ec28f2304c59d843febb04138a73dd8\">\n#top .av-special-heading.av-29f7x-7ec28f2304c59d843febb04138a73dd8{\npadding-bottom:10px;\n}\nbody .av-special-heading.av-29f7x-7ec28f2304c59d843febb04138a73dd8 .av-special-heading-tag .heading-char{\nfont-size:25px;\n}\n.av-special-heading.av-29f7x-7ec28f2304c59d843febb04138a73dd8 .av-subheading{\nfont-size:15px;\n}\n<\/style>\n<div  class='av-special-heading av-29f7x-7ec28f2304c59d843febb04138a73dd8 av-special-heading-h2 blockquote modern-quote  avia-builder-el-8  el_after_av_hr  el_before_av_one_half  av-linked-heading'><h2 class='av-special-heading-tag '  itemprop=\"headline\"  >La Solana<\/h2><div class=\"special-heading-border\"><div class=\"special-heading-inner-border\"><\/div><\/div><\/div>\n\n<style type=\"text\/css\" data-created_by=\"avia_inline_auto\" id=\"style-css-av-2k2mp-da603a27b7c03f990254cfc21870b6af\">\n.flex_column.av-2k2mp-da603a27b7c03f990254cfc21870b6af{\nborder-radius:0px 0px 0px 0px;\npadding:0px 0px 0px 0px;\n}\n<\/style>\n<div  class='flex_column av-2k2mp-da603a27b7c03f990254cfc21870b6af av_one_half  avia-builder-el-9  el_after_av_heading  el_before_av_one_half  first flex_column_div av-zero-column-padding  '     ><section  class='av_textblock_section av-jr0w5t1u-e13443f4f7ab2e8854a3f02859a75b58 '   itemscope=\"itemscope\" itemtype=\"https:\/\/schema.org\/CreativeWork\" ><div class='avia_textblock'  itemprop=\"text\" ><div class=\"wpb_text_column wpb_content_element \">\n<div class=\"wpb_wrapper\">\n<p>La Solana forma parte del Pirineo Axial y delimita la Cerdanya desde el oeste hasta el noreste, de forma diagonal. Es la parte de la comarca m\u00e1s cercana al Pirineo franc\u00e9s, haciendo frontera tambi\u00e9n con Andorra. Es bastante destacable la abundante presencia de picos, es la zona donde se encuentran las alturas m\u00e1s importantes de la comarca, como el pico de Puigpedr\u00f3s (2914 m.), el de m\u00e1s altitud de la Cerdanya, donde se puede llegar a trav\u00e9s de la ruta tur\u00edstica que parte de la poblaci\u00f3n de Meranges; el pico de Envalira (2825 m.); los picos de Fontnegra (2877, 2830, 2788 m.), o la Tossa Plana de Lles (2905 m.), entre otros muchos, es por eso que el alpinismo es uno de los deportes m\u00e1s practicados en la zona.<\/p>\n<p>La Solana presenta zonas elevadas en las que predomina la vegetaci\u00f3n mediterr\u00e1nea as\u00ed como la fauna. La abundante presencia de plantas medicinales y de cuevas en las formaciones calc\u00e1reas, es tambi\u00e9n unas de las caracter\u00edsticas de la Solana. Las Tossals de Is\u00f2vol y Olopte, son tambi\u00e9n un espacio protegido de inter\u00e9s natural (PEIN).<\/p>\n<\/div>\n<\/div>\n<div class=\"wpb_single_image wpb_content_element vc_align_center\"><\/div>\n<\/div><\/section><\/div>\n\n<style type=\"text\/css\" data-created_by=\"avia_inline_auto\" id=\"style-css-av-27dzt-19f83e83d7c7b401911ae7b66ea3cb87\">\n.flex_column.av-27dzt-19f83e83d7c7b401911ae7b66ea3cb87{\nborder-radius:0px 0px 0px 0px;\npadding:0px 0px 0px 0px;\n}\n<\/style>\n<div  class='flex_column av-27dzt-19f83e83d7c7b401911ae7b66ea3cb87 av_one_half  avia-builder-el-11  el_after_av_one_half  el_before_av_hr  flex_column_div av-zero-column-padding  '     ><style type=\"text\/css\" data-created_by=\"avia_inline_auto\" id=\"style-css-av-jr0woqfr-f1d89ee30c80a36ba43bc52baefe3de4\">\n.avia-image-container.av-jr0woqfr-f1d89ee30c80a36ba43bc52baefe3de4 img.avia_image{\nbox-shadow:none;\n}\n.avia-image-container.av-jr0woqfr-f1d89ee30c80a36ba43bc52baefe3de4 .av-image-caption-overlay-center{\ncolor:#ffffff;\n}\n<\/style>\n<div  class='avia-image-container av-jr0woqfr-f1d89ee30c80a36ba43bc52baefe3de4 av-styling- av-hover-grow avia-align-center  avia-builder-el-12  avia-builder-el-no-sibling '   itemprop=\"image\" itemscope=\"itemscope\" itemtype=\"https:\/\/schema.org\/ImageObject\" ><div class=\"avia-image-container-inner\"><div class=\"avia-image-overlay-wrap\"><img decoding=\"async\" fetchpriority=\"high\" class='wp-image-16515 avia-img-lazy-loading-not-16515 avia_image ' src=\"https:\/\/cerdanya.org\/wp-content\/uploads\/2019\/05\/descobreix_natura_lasolana-1030x686.jpg\" alt='Natura' title='descobreix_natura_lasolana'  height=\"686\" width=\"1030\"  itemprop=\"thumbnailUrl\" srcset=\"https:\/\/cerdanya.org\/wp-content\/uploads\/2019\/05\/descobreix_natura_lasolana-1030x686.jpg 1030w, https:\/\/cerdanya.org\/wp-content\/uploads\/2019\/05\/descobreix_natura_lasolana-300x200.jpg 300w, https:\/\/cerdanya.org\/wp-content\/uploads\/2019\/05\/descobreix_natura_lasolana-768x511.jpg 768w, https:\/\/cerdanya.org\/wp-content\/uploads\/2019\/05\/descobreix_natura_lasolana.jpg 1500w, https:\/\/cerdanya.org\/wp-content\/uploads\/2019\/05\/descobreix_natura_lasolana-705x470.jpg 705w, https:\/\/cerdanya.org\/wp-content\/uploads\/2019\/05\/descobreix_natura_lasolana-450x300.jpg 450w\" sizes=\"(max-width: 1030px) 100vw, 1030px\" \/><\/div><\/div><\/div><\/div>\n\n<style type=\"text\/css\" data-created_by=\"avia_inline_auto\" id=\"style-css-av-k8fr4wlz-d84e9f7fce7a00eddcce0be5ff922637\">\n#top .hr.hr-invisible.av-k8fr4wlz-d84e9f7fce7a00eddcce0be5ff922637{\nheight:20px;\n}\n<\/style>\n<div  class='hr av-k8fr4wlz-d84e9f7fce7a00eddcce0be5ff922637 hr-invisible  avia-builder-el-13  el_after_av_one_half  el_before_av_heading '><span class='hr-inner '><span class=\"hr-inner-style\"><\/span><\/span><\/div>\n\n<style type=\"text\/css\" data-created_by=\"avia_inline_auto\" id=\"style-css-av-1bjgt-cf3418472fd67ed7a11e4544a2cdb2c3\">\n#top .av-special-heading.av-1bjgt-cf3418472fd67ed7a11e4544a2cdb2c3{\npadding-bottom:10px;\n}\nbody .av-special-heading.av-1bjgt-cf3418472fd67ed7a11e4544a2cdb2c3 .av-special-heading-tag .heading-char{\nfont-size:25px;\n}\n.av-special-heading.av-1bjgt-cf3418472fd67ed7a11e4544a2cdb2c3 .av-subheading{\nfont-size:15px;\n}\n<\/style>\n<div  class='av-special-heading av-1bjgt-cf3418472fd67ed7a11e4544a2cdb2c3 av-special-heading-h2 blockquote modern-quote  avia-builder-el-14  el_after_av_hr  el_before_av_one_half  av-linked-heading'><h2 class='av-special-heading-tag '  itemprop=\"headline\"  >La Baga<\/h2><div class=\"special-heading-border\"><div class=\"special-heading-inner-border\"><\/div><\/div><\/div>\n\n<style type=\"text\/css\" data-created_by=\"avia_inline_auto\" id=\"style-css-av-19zix-7c33b1ba3fc8421ba98b29983c32faa7\">\n.flex_column.av-19zix-7c33b1ba3fc8421ba98b29983c32faa7{\nborder-radius:0px 0px 0px 0px;\npadding:0px 0px 0px 0px;\n}\n<\/style>\n<div  class='flex_column av-19zix-7c33b1ba3fc8421ba98b29983c32faa7 av_one_half  avia-builder-el-15  el_after_av_heading  el_before_av_one_half  first flex_column_div av-zero-column-padding  '     ><section  class='av_textblock_section av-jr0w5t1u-e13443f4f7ab2e8854a3f02859a75b58 '   itemscope=\"itemscope\" itemtype=\"https:\/\/schema.org\/CreativeWork\" ><div class='avia_textblock'  itemprop=\"text\" ><div class=\"wpb_text_column wpb_content_element \">\n<div class=\"wpb_wrapper\">\n<p>La Baga es una zona de confluencia del Pirineo Axial y del Pre-Pirineo en la parte este destaca la cantidad de picos y sierras y, en la parte suroeste se encuentra la gran cordillera del Cad\u00ed-Moixer\u00f3. Una gran parte es territorio del <a href=\"https:\/\/parcsnaturals.gencat.cat\/ca\/xarxa-de-parcs\/cadi\/inici\/\" target=\"_blank\" rel=\"noopener\">Parque Natural del Cad\u00ed-Moixer\u00f3<\/a> , en esta zona protegida podemos encontrar, adem\u00e1s de las bellezas naturales que dan la escarpada orograf\u00eda, el agua y la vegetaci\u00f3n, una serie de lugares de indudable inter\u00e9s y atractivo cultural e hist\u00f3rico.<\/p>\n<p>La Baga tambi\u00e9n es una zona ideal para practicar rutas tur\u00edsticas y excursionismo por senderos o caminos. Tambi\u00e9n se puede realizar el alpinismo por los principales picos, a destacar el Puigmal de 2910 m. de altitud, la Tosa de Alp (2536 m.), las Penyes Altes del Moixer\u00f3 (2276 m.), o lugares tan bellos como el Prat de Cad\u00ed.<\/p>\n<\/div>\n<\/div>\n<div class=\"wpb_single_image wpb_content_element vc_align_center\"><\/div>\n<\/div><\/section><\/div>\n\n<style type=\"text\/css\" data-created_by=\"avia_inline_auto\" id=\"style-css-av-yde5-386c320c37abb47a45bcd5bec09706e0\">\n.flex_column.av-yde5-386c320c37abb47a45bcd5bec09706e0{\nborder-radius:0px 0px 0px 0px;\npadding:0px 0px 0px 0px;\n}\n<\/style>\n<div  class='flex_column av-yde5-386c320c37abb47a45bcd5bec09706e0 av_one_half  avia-builder-el-17  el_after_av_one_half  el_before_av_one_full  flex_column_div av-zero-column-padding  '     ><style type=\"text\/css\" data-created_by=\"avia_inline_auto\" id=\"style-css-av-jr0woqfr-6a4163c68eb8d01b16adce487b2f60ca\">\n.avia-image-container.av-jr0woqfr-6a4163c68eb8d01b16adce487b2f60ca img.avia_image{\nbox-shadow:none;\n}\n.avia-image-container.av-jr0woqfr-6a4163c68eb8d01b16adce487b2f60ca .av-image-caption-overlay-center{\ncolor:#ffffff;\n}\n<\/style>\n<div  class='avia-image-container av-jr0woqfr-6a4163c68eb8d01b16adce487b2f60ca av-styling- av-hover-grow avia-align-center  avia-builder-el-18  avia-builder-el-no-sibling '   itemprop=\"image\" itemscope=\"itemscope\" itemtype=\"https:\/\/schema.org\/ImageObject\" ><div class=\"avia-image-container-inner\"><div class=\"avia-image-overlay-wrap\"><img decoding=\"async\" fetchpriority=\"high\" class='wp-image-16513 avia-img-lazy-loading-not-16513 avia_image ' src=\"https:\/\/cerdanya.org\/wp-content\/uploads\/2019\/05\/descobreix_natura_labaga-1030x687.jpg\" alt='Natura' title='descobreix_natura_labaga'  height=\"687\" width=\"1030\"  itemprop=\"thumbnailUrl\" srcset=\"https:\/\/cerdanya.org\/wp-content\/uploads\/2019\/05\/descobreix_natura_labaga-1030x687.jpg 1030w, https:\/\/cerdanya.org\/wp-content\/uploads\/2019\/05\/descobreix_natura_labaga-300x200.jpg 300w, https:\/\/cerdanya.org\/wp-content\/uploads\/2019\/05\/descobreix_natura_labaga-768x512.jpg 768w, https:\/\/cerdanya.org\/wp-content\/uploads\/2019\/05\/descobreix_natura_labaga.jpg 1500w, https:\/\/cerdanya.org\/wp-content\/uploads\/2019\/05\/descobreix_natura_labaga-705x470.jpg 705w, https:\/\/cerdanya.org\/wp-content\/uploads\/2019\/05\/descobreix_natura_labaga-450x300.jpg 450w\" sizes=\"(max-width: 1030px) 100vw, 1030px\" \/><\/div><\/div><\/div><\/div>\n\n<style type=\"text\/css\" data-created_by=\"avia_inline_auto\" id=\"style-css-av-ql59-7d971edfd3f4267151c626a4db94da4e\">\n.flex_column.av-ql59-7d971edfd3f4267151c626a4db94da4e{\nborder-radius:0px 0px 0px 0px;\npadding:0px 0px 0px 0px;\n}\n<\/style>\n<div  class='flex_column av-ql59-7d971edfd3f4267151c626a4db94da4e av_one_full  avia-builder-el-19  el_after_av_one_half  avia-builder-el-last  first flex_column_div av-zero-column-padding  column-top-margin'     ><div  class='av_promobox av-kyx3k932-c2dc2c8a3332667ae96157c7b24ce58a avia-button-yes  avia-builder-el-20  avia-builder-el-no-sibling '><div class='avia-promocontent'><p>\n\u00bfQuieres disfrutar al m\u00e1ximo de la espl\u00e9ndida naturaleza de la Cerdanya?<\/p>\n<\/div><div  class='avia-button-wrap av-kyx3k932-b078ec208ecea5beca0884229b09ae59-wrap avia-button-right '><a href='http:\/\/www.cerdanya.org\/es\/que-hacer\/rutas\/'  class='avia-button av-kyx3k932-b078ec208ecea5beca0884229b09ae59 av-link-btn avia-icon_select-no avia-size-large avia-position-right avia-color-theme-color'   aria-label=\"Haz clic aqu\u00ed\"><span class='avia_iconbox_title' >Haz clic aqu\u00ed<\/span><\/a><\/div><\/div><\/div>\n","protected":false},"excerpt":{"rendered":"","protected":false},"author":7,"featured_media":16511,"parent":26466,"menu_order":20,"comment_status":"closed","ping_status":"closed","template":"","meta":{"footnotes":""},"class_list":["post-29343","page","type-page","status-publish","has-post-thumbnail","hentry"],"_links":{"self":[{"href":"https:\/\/cerdanya.org\/es\/wp-json\/wp\/v2\/pages\/29343","targetHints":{"allow":["GET"]}}],"collection":[{"href":"https:\/\/cerdanya.org\/es\/wp-json\/wp\/v2\/pages"}],"about":[{"href":"https:\/\/cerdanya.org\/es\/wp-json\/wp\/v2\/types\/page"}],"author":[{"embeddable":true,"href":"https:\/\/cerdanya.org\/es\/wp-json\/wp\/v2\/users\/7"}],"replies":[{"embeddable":true,"href":"https:\/\/cerdanya.org\/es\/wp-json\/wp\/v2\/comments?post=29343"}],"version-history":[{"count":0,"href":"https:\/\/cerdanya.org\/es\/wp-json\/wp\/v2\/pages\/29343\/revisions"}],"up":[{"embeddable":true,"href":"https:\/\/cerdanya.org\/es\/wp-json\/wp\/v2\/pages\/26466"}],"wp:featuredmedia":[{"embeddable":true,"href":"https:\/\/cerdanya.org\/es\/wp-json\/wp\/v2\/media\/16511"}],"wp:attachment":[{"href":"https:\/\/cerdanya.org\/es\/wp-json\/wp\/v2\/media?parent=29343"}],"curies":[{"name":"wp","href":"https:\/\/api.w.org\/{rel}","templated":true}]}}