{"id":26659,"date":"2022-03-09T12:56:49","date_gmt":"2022-03-09T10:56:49","guid":{"rendered":"http:\/\/www.cerdanya.org\/das\/santa-barbara-de-das\/"},"modified":"2022-04-28T22:34:34","modified_gmt":"2022-04-28T20:34:34","slug":"santa-barbara-de-das","status":"publish","type":"page","link":"https:\/\/cerdanya.org\/es\/que-hacer\/turismo-cultural\/patrimonio-cultural\/das\/santa-barbara-de-das\/","title":{"rendered":"Santa B\u00e1rbara de Das"},"content":{"rendered":"\n<style type=\"text\/css\" data-created_by=\"avia_inline_auto\" id=\"style-css-av-36rb4oj-ba4d95154227ed0d8a771e7152bf9e9e\">\n.flex_column.av-36rb4oj-ba4d95154227ed0d8a771e7152bf9e9e{\nborder-radius:0px 0px 0px 0px;\npadding:0px 0px 0px 0px;\n}\n<\/style>\n<div  class='flex_column av-36rb4oj-ba4d95154227ed0d8a771e7152bf9e9e av_one_half  avia-builder-el-0  el_before_av_one_half  avia-builder-el-first  first flex_column_div av-zero-column-padding  '     ><p>\n<style type=\"text\/css\" data-created_by=\"avia_inline_auto\" id=\"style-css-av-s1rfzq-cbd72fc8c89dd85cdec38e1627064b8c\">\n#top .av-special-heading.av-s1rfzq-cbd72fc8c89dd85cdec38e1627064b8c{\npadding-bottom:10px;\n}\nbody .av-special-heading.av-s1rfzq-cbd72fc8c89dd85cdec38e1627064b8c .av-special-heading-tag .heading-char{\nfont-size:25px;\n}\n.av-special-heading.av-s1rfzq-cbd72fc8c89dd85cdec38e1627064b8c .av-subheading{\nfont-size:15px;\n}\n<\/style>\n<div  class='av-special-heading av-s1rfzq-cbd72fc8c89dd85cdec38e1627064b8c av-special-heading-h5  avia-builder-el-1  el_before_av_textblock  avia-builder-el-first '><h5 class='av-special-heading-tag '  itemprop=\"headline\"  >Descripci\u00f3n<\/h5><div class=\"special-heading-border\"><div class=\"special-heading-inner-border\"><\/div><\/div><\/div><br \/>\n<section  class='av_textblock_section av-ksyomoyl-25f1f3c8b1a0a9b03a6473be4799410f '   itemscope=\"itemscope\" itemtype=\"https:\/\/schema.org\/CreativeWork\" ><div class='avia_textblock'  itemprop=\"text\" ><p>La miner\u00eda fue a finales del siglo XIX y a lo largo del siglo XX una actividad econ\u00f3mica importante en la comarca y, concretamente, en el municipio de Das, con las explotaciones mineras de lignito de Sanavastre, y de manganeso en la zona conocida como Pardinella, en la sierra de la Creueta, en la monta\u00f1a de la Tossa. Testigo de esta actividad es la existencia de la capilla de Santa B\u00e1rbara, construida el a\u00f1o 1902, patrona de los mineros.<\/p>\n<p>Su situaci\u00f3n junto al camino antiguo que une Das con la Valira y Ur\u00fas, nos indicar\u00eda un origen probable en una capilla del camino, de las que hay varios ejemplos en la comarca, dedicadas a santos protectores y que debi\u00f3 de ser adaptada a las creencias y necesidades de una profesi\u00f3n rodeada de numerosos peligros.<\/p>\n<\/div><\/section><\/p><\/div>\n<style type=\"text\/css\" data-created_by=\"avia_inline_auto\" id=\"style-css-av-2coqnf7-fe66bdd07c1c8428c9bfcd41c861e712\">\n.flex_column.av-2coqnf7-fe66bdd07c1c8428c9bfcd41c861e712{\nborder-radius:0px 0px 0px 0px;\npadding:0px 0px 0px 0px;\n}\n<\/style>\n<div  class='flex_column av-2coqnf7-fe66bdd07c1c8428c9bfcd41c861e712 av_one_half  avia-builder-el-3  el_after_av_one_half  avia-builder-el-last  flex_column_div av-zero-column-padding  '     ><style type=\"text\/css\" data-created_by=\"avia_inline_auto\" id=\"style-css-av-29ooh4j-95f2fe7c6512b462c070a5af89e45228\">\n#top .avia-gallery.av-29ooh4j-95f2fe7c6512b462c070a5af89e45228 .avia-gallery-thumb a{\nwidth:20%;\n}\n<\/style>\n<div  class='avia-gallery av-29ooh4j-95f2fe7c6512b462c070a5af89e45228 avia_animate_when_visible  avia-builder-el-4  avia-builder-el-no-sibling  avia_lazyload av-slideshow-ui av-loop-manual-endless av-control-hidden av-navigate-arrows av-navigate-dots hover-effect av-control-hidden avia-gallery-animate avia-gallery-1'  itemprop=\"image\" itemscope=\"itemscope\" itemtype=\"https:\/\/schema.org\/ImageObject\" ><meta itemprop=\"contentURL\" content=\"https:\/\/cerdanya.org\/es\/que-hacer\/turismo-cultural\/patrimonio-cultural\/das\/santa-barbara-de-das\/\"><div class='avia-gallery-big-wrapper'><a class='avia-gallery-big fakeLightbox lightbox avia-gallery-big-crop-thumb ' href=\"https:\/\/cerdanya.org\/wp-content\/uploads\/2021\/12\/santa-barbara-das--1030x687.jpg\" data-srcset=\"https:\/\/cerdanya.org\/wp-content\/uploads\/2021\/12\/santa-barbara-das--1030x687.jpg 1030w, https:\/\/cerdanya.org\/wp-content\/uploads\/2021\/12\/santa-barbara-das--300x200.jpg 300w, https:\/\/cerdanya.org\/wp-content\/uploads\/2021\/12\/santa-barbara-das--768x512.jpg 768w, https:\/\/cerdanya.org\/wp-content\/uploads\/2021\/12\/santa-barbara-das--705x470.jpg 705w, https:\/\/cerdanya.org\/wp-content\/uploads\/2021\/12\/santa-barbara-das-.jpg 1500w\" data-sizes=\"(max-width: 1030px) 100vw, 1030px\"  data-onclick='1' title='Santa B\u00e0rbara de Das' ><span class='avia-gallery-big-inner'  itemprop=\"thumbnailUrl\" ><img decoding=\"async\" fetchpriority=\"high\" class=\"wp-image-18686 avia-img-lazy-loading-not-18686\"  width=\"495\" height=\"400\" src=\"https:\/\/cerdanya.org\/wp-content\/uploads\/2021\/12\/santa-barbara-das--495x400.jpg\" title='37. DAS- Santa Ba\u0300rbara de Das' alt='Santa B\u00e0rbara de Das' srcset=\"https:\/\/cerdanya.org\/wp-content\/uploads\/2021\/12\/santa-barbara-das--495x400.jpg 495w, https:\/\/cerdanya.org\/wp-content\/uploads\/2021\/12\/santa-barbara-das--845x684.jpg 845w\" sizes=\"(max-width: 495px) 100vw, 495px\" \/><span class='avia-gallery-caption'>Santa B\u00e0rbara de Das<\/span><\/span><\/a><\/div><div class='avia-gallery-thumb'><a href=\"https:\/\/cerdanya.org\/wp-content\/uploads\/2021\/12\/santa-barbara-das--1030x687.jpg\" data-srcset=\"https:\/\/cerdanya.org\/wp-content\/uploads\/2021\/12\/santa-barbara-das--1030x687.jpg 1030w, https:\/\/cerdanya.org\/wp-content\/uploads\/2021\/12\/santa-barbara-das--300x200.jpg 300w, https:\/\/cerdanya.org\/wp-content\/uploads\/2021\/12\/santa-barbara-das--768x512.jpg 768w, https:\/\/cerdanya.org\/wp-content\/uploads\/2021\/12\/santa-barbara-das--705x470.jpg 705w, https:\/\/cerdanya.org\/wp-content\/uploads\/2021\/12\/santa-barbara-das-.jpg 1500w\" data-sizes=\"(max-width: 1030px) 100vw, 1030px\" data-rel='gallery-1' data-prev-img='https:\/\/cerdanya.org\/wp-content\/uploads\/2021\/12\/santa-barbara-das--495x400.jpg' class='first_thumb lightbox ' data-onclick='1' title='Santa B\u00e0rbara de Das'  itemprop=\"thumbnailUrl\"  ><img decoding=\"async\" fetchpriority=\"high\" class=\"wp-image-18686 avia-img-lazy-loading-not-18686\"  data-avia-tooltip='Santa B\u00e0rbara de Das' src=\"https:\/\/cerdanya.org\/wp-content\/uploads\/2021\/12\/santa-barbara-das--495x400.jpg\" width=\"495\" height=\"400\"  title='37. DAS- Santa Ba\u0300rbara de Das' alt='Santa B\u00e0rbara de Das' srcset=\"https:\/\/cerdanya.org\/wp-content\/uploads\/2021\/12\/santa-barbara-das--495x400.jpg 495w, https:\/\/cerdanya.org\/wp-content\/uploads\/2021\/12\/santa-barbara-das--845x684.jpg 845w\" sizes=\"(max-width: 495px) 100vw, 495px\" \/><div class='big-prev-fake'><img decoding=\"async\" loading=\"lazy\" class=\"wp-image-18686 avia-img-lazy-loading-18686\"  width=\"495\" height=\"400\" src=\"https:\/\/cerdanya.org\/wp-content\/uploads\/2021\/12\/santa-barbara-das--495x400.jpg\" title='37. DAS- Santa Ba\u0300rbara de Das' alt='Santa B\u00e0rbara de Das' srcset=\"https:\/\/cerdanya.org\/wp-content\/uploads\/2021\/12\/santa-barbara-das--495x400.jpg 495w, https:\/\/cerdanya.org\/wp-content\/uploads\/2021\/12\/santa-barbara-das--845x684.jpg 845w\" sizes=\"auto, (max-width: 495px) 100vw, 495px\" \/><\/div><\/a><a href=\"https:\/\/cerdanya.org\/wp-content\/uploads\/2021\/12\/santa-barbara-das-pica-1030x687.jpg\" data-srcset=\"https:\/\/cerdanya.org\/wp-content\/uploads\/2021\/12\/santa-barbara-das-pica-1030x687.jpg 1030w, https:\/\/cerdanya.org\/wp-content\/uploads\/2021\/12\/santa-barbara-das-pica-300x200.jpg 300w, https:\/\/cerdanya.org\/wp-content\/uploads\/2021\/12\/santa-barbara-das-pica-768x512.jpg 768w, https:\/\/cerdanya.org\/wp-content\/uploads\/2021\/12\/santa-barbara-das-pica-705x470.jpg 705w, https:\/\/cerdanya.org\/wp-content\/uploads\/2021\/12\/santa-barbara-das-pica.jpg 1500w\" data-sizes=\"(max-width: 1030px) 100vw, 1030px\" data-rel='gallery-1' data-prev-img='https:\/\/cerdanya.org\/wp-content\/uploads\/2021\/12\/santa-barbara-das-pica-495x400.jpg' class='lightbox ' data-onclick='2' title='Santa B\u00e0rbara de Das'  itemprop=\"thumbnailUrl\"  ><img decoding=\"async\" fetchpriority=\"high\" class=\"wp-image-18687 avia-img-lazy-loading-not-18687\"  data-avia-tooltip='Santa B\u00e0rbara de Das' src=\"https:\/\/cerdanya.org\/wp-content\/uploads\/2021\/12\/santa-barbara-das-pica-495x400.jpg\" width=\"495\" height=\"400\"  title='37. DAS- Santa Ba\u0300rbara de Das' alt='Santa B\u00e0rbara de Das' srcset=\"https:\/\/cerdanya.org\/wp-content\/uploads\/2021\/12\/santa-barbara-das-pica-495x400.jpg 495w, https:\/\/cerdanya.org\/wp-content\/uploads\/2021\/12\/santa-barbara-das-pica-845x684.jpg 845w\" sizes=\"(max-width: 495px) 100vw, 495px\" \/><div class='big-prev-fake'><img decoding=\"async\" loading=\"lazy\" class=\"wp-image-18687 avia-img-lazy-loading-18687\"  width=\"495\" height=\"400\" src=\"https:\/\/cerdanya.org\/wp-content\/uploads\/2021\/12\/santa-barbara-das-pica-495x400.jpg\" title='37. DAS- Santa Ba\u0300rbara de Das' alt='Santa B\u00e0rbara de Das' srcset=\"https:\/\/cerdanya.org\/wp-content\/uploads\/2021\/12\/santa-barbara-das-pica-495x400.jpg 495w, https:\/\/cerdanya.org\/wp-content\/uploads\/2021\/12\/santa-barbara-das-pica-845x684.jpg 845w\" sizes=\"auto, (max-width: 495px) 100vw, 495px\" \/><\/div><\/a><a href=\"https:\/\/cerdanya.org\/wp-content\/uploads\/2021\/12\/santa-barbara-das-altar-1030x687.jpg\" data-srcset=\"https:\/\/cerdanya.org\/wp-content\/uploads\/2021\/12\/santa-barbara-das-altar-1030x687.jpg 1030w, https:\/\/cerdanya.org\/wp-content\/uploads\/2021\/12\/santa-barbara-das-altar-300x200.jpg 300w, https:\/\/cerdanya.org\/wp-content\/uploads\/2021\/12\/santa-barbara-das-altar-768x512.jpg 768w, https:\/\/cerdanya.org\/wp-content\/uploads\/2021\/12\/santa-barbara-das-altar-705x470.jpg 705w, https:\/\/cerdanya.org\/wp-content\/uploads\/2021\/12\/santa-barbara-das-altar.jpg 1500w\" data-sizes=\"(max-width: 1030px) 100vw, 1030px\" data-rel='gallery-1' data-prev-img='https:\/\/cerdanya.org\/wp-content\/uploads\/2021\/12\/santa-barbara-das-altar-495x400.jpg' class='lightbox ' data-onclick='3' title='Santa B\u00e0rbara de Das'  itemprop=\"thumbnailUrl\"  ><img decoding=\"async\" fetchpriority=\"high\" class=\"wp-image-18688 avia-img-lazy-loading-not-18688\"  data-avia-tooltip='Santa B\u00e0rbara de Das' src=\"https:\/\/cerdanya.org\/wp-content\/uploads\/2021\/12\/santa-barbara-das-altar-495x400.jpg\" width=\"495\" height=\"400\"  title='37. DAS- Santa Ba\u0300rbara de Das' alt='Santa B\u00e0rbara de Das' srcset=\"https:\/\/cerdanya.org\/wp-content\/uploads\/2021\/12\/santa-barbara-das-altar-495x400.jpg 495w, https:\/\/cerdanya.org\/wp-content\/uploads\/2021\/12\/santa-barbara-das-altar-845x684.jpg 845w\" sizes=\"(max-width: 495px) 100vw, 495px\" \/><div class='big-prev-fake'><img decoding=\"async\" loading=\"lazy\" class=\"wp-image-18688 avia-img-lazy-loading-18688\"  width=\"495\" height=\"400\" src=\"https:\/\/cerdanya.org\/wp-content\/uploads\/2021\/12\/santa-barbara-das-altar-495x400.jpg\" title='37. DAS- Santa Ba\u0300rbara de Das' alt='Santa B\u00e0rbara de Das' srcset=\"https:\/\/cerdanya.org\/wp-content\/uploads\/2021\/12\/santa-barbara-das-altar-495x400.jpg 495w, https:\/\/cerdanya.org\/wp-content\/uploads\/2021\/12\/santa-barbara-das-altar-845x684.jpg 845w\" sizes=\"auto, (max-width: 495px) 100vw, 495px\" \/><\/div><\/a><a href=\"https:\/\/cerdanya.org\/wp-content\/uploads\/2021\/12\/santa-barbara-das-cor-1030x687.jpg\" data-srcset=\"https:\/\/cerdanya.org\/wp-content\/uploads\/2021\/12\/santa-barbara-das-cor-1030x687.jpg 1030w, https:\/\/cerdanya.org\/wp-content\/uploads\/2021\/12\/santa-barbara-das-cor-300x200.jpg 300w, https:\/\/cerdanya.org\/wp-content\/uploads\/2021\/12\/santa-barbara-das-cor-768x512.jpg 768w, https:\/\/cerdanya.org\/wp-content\/uploads\/2021\/12\/santa-barbara-das-cor-705x470.jpg 705w, https:\/\/cerdanya.org\/wp-content\/uploads\/2021\/12\/santa-barbara-das-cor.jpg 1500w\" data-sizes=\"(max-width: 1030px) 100vw, 1030px\" data-rel='gallery-1' data-prev-img='https:\/\/cerdanya.org\/wp-content\/uploads\/2021\/12\/santa-barbara-das-cor-495x400.jpg' class='lightbox ' data-onclick='4' title='Santa B\u00e0rbara de Das'  itemprop=\"thumbnailUrl\"  ><img decoding=\"async\" fetchpriority=\"high\" class=\"wp-image-18689 avia-img-lazy-loading-not-18689\"  data-avia-tooltip='Santa B\u00e0rbara de Das' src=\"https:\/\/cerdanya.org\/wp-content\/uploads\/2021\/12\/santa-barbara-das-cor-495x400.jpg\" width=\"495\" height=\"400\"  title='37. DAS- Santa Ba\u0300rbara de Das' alt='Santa B\u00e0rbara de Das' srcset=\"https:\/\/cerdanya.org\/wp-content\/uploads\/2021\/12\/santa-barbara-das-cor-495x400.jpg 495w, https:\/\/cerdanya.org\/wp-content\/uploads\/2021\/12\/santa-barbara-das-cor-845x684.jpg 845w\" sizes=\"(max-width: 495px) 100vw, 495px\" \/><div class='big-prev-fake'><img decoding=\"async\" loading=\"lazy\" class=\"wp-image-18689 avia-img-lazy-loading-18689\"  width=\"495\" height=\"400\" src=\"https:\/\/cerdanya.org\/wp-content\/uploads\/2021\/12\/santa-barbara-das-cor-495x400.jpg\" title='37. DAS- Santa Ba\u0300rbara de Das' alt='Santa B\u00e0rbara de Das' srcset=\"https:\/\/cerdanya.org\/wp-content\/uploads\/2021\/12\/santa-barbara-das-cor-495x400.jpg 495w, https:\/\/cerdanya.org\/wp-content\/uploads\/2021\/12\/santa-barbara-das-cor-845x684.jpg 845w\" sizes=\"auto, (max-width: 495px) 100vw, 495px\" \/><\/div><\/a><a href=\"https:\/\/cerdanya.org\/wp-content\/uploads\/2021\/12\/santa-barbara-das-quadre-1030x687.jpg\" data-srcset=\"https:\/\/cerdanya.org\/wp-content\/uploads\/2021\/12\/santa-barbara-das-quadre-1030x687.jpg 1030w, https:\/\/cerdanya.org\/wp-content\/uploads\/2021\/12\/santa-barbara-das-quadre-300x200.jpg 300w, https:\/\/cerdanya.org\/wp-content\/uploads\/2021\/12\/santa-barbara-das-quadre-768x512.jpg 768w, https:\/\/cerdanya.org\/wp-content\/uploads\/2021\/12\/santa-barbara-das-quadre-705x470.jpg 705w, https:\/\/cerdanya.org\/wp-content\/uploads\/2021\/12\/santa-barbara-das-quadre.jpg 1500w\" data-sizes=\"(max-width: 1030px) 100vw, 1030px\" data-rel='gallery-1' data-prev-img='https:\/\/cerdanya.org\/wp-content\/uploads\/2021\/12\/santa-barbara-das-quadre-495x400.jpg' class='lightbox ' data-onclick='5' title='Santa B\u00e0rbara de Das'  itemprop=\"thumbnailUrl\"  ><img decoding=\"async\" fetchpriority=\"high\" class=\"wp-image-18690 avia-img-lazy-loading-not-18690\"  data-avia-tooltip='Santa B\u00e0rbara de Das' src=\"https:\/\/cerdanya.org\/wp-content\/uploads\/2021\/12\/santa-barbara-das-quadre-495x400.jpg\" width=\"495\" height=\"400\"  title='37. DAS- Santa Ba\u0300rbara de Das' alt='Santa B\u00e0rbara de Das' srcset=\"https:\/\/cerdanya.org\/wp-content\/uploads\/2021\/12\/santa-barbara-das-quadre-495x400.jpg 495w, https:\/\/cerdanya.org\/wp-content\/uploads\/2021\/12\/santa-barbara-das-quadre-845x684.jpg 845w\" sizes=\"(max-width: 495px) 100vw, 495px\" \/><div class='big-prev-fake'><img decoding=\"async\" loading=\"lazy\" class=\"wp-image-18690 avia-img-lazy-loading-18690\"  width=\"495\" height=\"400\" src=\"https:\/\/cerdanya.org\/wp-content\/uploads\/2021\/12\/santa-barbara-das-quadre-495x400.jpg\" title='37. DAS- Santa Ba\u0300rbara de Das' alt='Santa B\u00e0rbara de Das' srcset=\"https:\/\/cerdanya.org\/wp-content\/uploads\/2021\/12\/santa-barbara-das-quadre-495x400.jpg 495w, https:\/\/cerdanya.org\/wp-content\/uploads\/2021\/12\/santa-barbara-das-quadre-845x684.jpg 845w\" sizes=\"auto, (max-width: 495px) 100vw, 495px\" \/><\/div><\/a><a href=\"https:\/\/cerdanya.org\/wp-content\/uploads\/2021\/12\/santa-barbara-das-pendo-1030x687.jpg\" data-srcset=\"https:\/\/cerdanya.org\/wp-content\/uploads\/2021\/12\/santa-barbara-das-pendo-1030x687.jpg 1030w, https:\/\/cerdanya.org\/wp-content\/uploads\/2021\/12\/santa-barbara-das-pendo-300x200.jpg 300w, https:\/\/cerdanya.org\/wp-content\/uploads\/2021\/12\/santa-barbara-das-pendo-768x512.jpg 768w, https:\/\/cerdanya.org\/wp-content\/uploads\/2021\/12\/santa-barbara-das-pendo-705x470.jpg 705w, https:\/\/cerdanya.org\/wp-content\/uploads\/2021\/12\/santa-barbara-das-pendo.jpg 1500w\" data-sizes=\"(max-width: 1030px) 100vw, 1030px\" data-rel='gallery-1' data-prev-img='https:\/\/cerdanya.org\/wp-content\/uploads\/2021\/12\/santa-barbara-das-pendo-495x400.jpg' class='first_thumb lightbox ' data-onclick='6' title='Santa B\u00e0rbara de Das'  itemprop=\"thumbnailUrl\"  ><img decoding=\"async\" fetchpriority=\"high\" class=\"wp-image-18691 avia-img-lazy-loading-not-18691\"  data-avia-tooltip='Santa B\u00e0rbara de Das' src=\"https:\/\/cerdanya.org\/wp-content\/uploads\/2021\/12\/santa-barbara-das-pendo-495x400.jpg\" width=\"495\" height=\"400\"  title='37. DAS- Santa Ba\u0300rbara de Das' alt='Santa B\u00e0rbara de Das' srcset=\"https:\/\/cerdanya.org\/wp-content\/uploads\/2021\/12\/santa-barbara-das-pendo-495x400.jpg 495w, https:\/\/cerdanya.org\/wp-content\/uploads\/2021\/12\/santa-barbara-das-pendo-845x684.jpg 845w\" sizes=\"(max-width: 495px) 100vw, 495px\" \/><div class='big-prev-fake'><img decoding=\"async\" loading=\"lazy\" class=\"wp-image-18691 avia-img-lazy-loading-18691\"  width=\"495\" height=\"400\" src=\"https:\/\/cerdanya.org\/wp-content\/uploads\/2021\/12\/santa-barbara-das-pendo-495x400.jpg\" title='37. DAS- Santa Ba\u0300rbara de Das' alt='Santa B\u00e0rbara de Das' srcset=\"https:\/\/cerdanya.org\/wp-content\/uploads\/2021\/12\/santa-barbara-das-pendo-495x400.jpg 495w, https:\/\/cerdanya.org\/wp-content\/uploads\/2021\/12\/santa-barbara-das-pendo-845x684.jpg 845w\" sizes=\"auto, (max-width: 495px) 100vw, 495px\" \/><\/div><\/a><a href=\"https:\/\/cerdanya.org\/wp-content\/uploads\/2021\/12\/santa-barbara-das-quadre-fusta-1030x687.jpg\" data-srcset=\"https:\/\/cerdanya.org\/wp-content\/uploads\/2021\/12\/santa-barbara-das-quadre-fusta-1030x687.jpg 1030w, https:\/\/cerdanya.org\/wp-content\/uploads\/2021\/12\/santa-barbara-das-quadre-fusta-300x200.jpg 300w, https:\/\/cerdanya.org\/wp-content\/uploads\/2021\/12\/santa-barbara-das-quadre-fusta-768x512.jpg 768w, https:\/\/cerdanya.org\/wp-content\/uploads\/2021\/12\/santa-barbara-das-quadre-fusta-705x470.jpg 705w, https:\/\/cerdanya.org\/wp-content\/uploads\/2021\/12\/santa-barbara-das-quadre-fusta.jpg 1500w\" data-sizes=\"(max-width: 1030px) 100vw, 1030px\" data-rel='gallery-1' data-prev-img='https:\/\/cerdanya.org\/wp-content\/uploads\/2021\/12\/santa-barbara-das-quadre-fusta-495x400.jpg' class='lightbox ' data-onclick='7' title='Santa B\u00e0rbara de Das'  itemprop=\"thumbnailUrl\"  ><img decoding=\"async\" fetchpriority=\"high\" class=\"wp-image-18692 avia-img-lazy-loading-not-18692\"  data-avia-tooltip='Santa B\u00e0rbara de Das' src=\"https:\/\/cerdanya.org\/wp-content\/uploads\/2021\/12\/santa-barbara-das-quadre-fusta-495x400.jpg\" width=\"495\" height=\"400\"  title='37. DAS- Santa Ba\u0300rbara de Das' alt='Santa B\u00e0rbara de Das' srcset=\"https:\/\/cerdanya.org\/wp-content\/uploads\/2021\/12\/santa-barbara-das-quadre-fusta-495x400.jpg 495w, https:\/\/cerdanya.org\/wp-content\/uploads\/2021\/12\/santa-barbara-das-quadre-fusta-845x684.jpg 845w\" sizes=\"(max-width: 495px) 100vw, 495px\" \/><div class='big-prev-fake'><img decoding=\"async\" loading=\"lazy\" class=\"wp-image-18692 avia-img-lazy-loading-18692\"  width=\"495\" height=\"400\" src=\"https:\/\/cerdanya.org\/wp-content\/uploads\/2021\/12\/santa-barbara-das-quadre-fusta-495x400.jpg\" title='37. DAS- Santa Ba\u0300rbara de Das' alt='Santa B\u00e0rbara de Das' srcset=\"https:\/\/cerdanya.org\/wp-content\/uploads\/2021\/12\/santa-barbara-das-quadre-fusta-495x400.jpg 495w, https:\/\/cerdanya.org\/wp-content\/uploads\/2021\/12\/santa-barbara-das-quadre-fusta-845x684.jpg 845w\" sizes=\"auto, (max-width: 495px) 100vw, 495px\" \/><\/div><\/a><\/div><\/div><\/div><\/p>\n","protected":false},"excerpt":{"rendered":"","protected":false},"author":3,"featured_media":18347,"parent":26658,"menu_order":10,"comment_status":"closed","ping_status":"closed","template":"","meta":{"footnotes":""},"class_list":["post-26659","page","type-page","status-publish","has-post-thumbnail","hentry"],"_links":{"self":[{"href":"https:\/\/cerdanya.org\/es\/wp-json\/wp\/v2\/pages\/26659","targetHints":{"allow":["GET"]}}],"collection":[{"href":"https:\/\/cerdanya.org\/es\/wp-json\/wp\/v2\/pages"}],"about":[{"href":"https:\/\/cerdanya.org\/es\/wp-json\/wp\/v2\/types\/page"}],"author":[{"embeddable":true,"href":"https:\/\/cerdanya.org\/es\/wp-json\/wp\/v2\/users\/3"}],"replies":[{"embeddable":true,"href":"https:\/\/cerdanya.org\/es\/wp-json\/wp\/v2\/comments?post=26659"}],"version-history":[{"count":0,"href":"https:\/\/cerdanya.org\/es\/wp-json\/wp\/v2\/pages\/26659\/revisions"}],"up":[{"embeddable":true,"href":"https:\/\/cerdanya.org\/es\/wp-json\/wp\/v2\/pages\/26658"}],"wp:featuredmedia":[{"embeddable":true,"href":"https:\/\/cerdanya.org\/es\/wp-json\/wp\/v2\/media\/18347"}],"wp:attachment":[{"href":"https:\/\/cerdanya.org\/es\/wp-json\/wp\/v2\/media?parent=26659"}],"curies":[{"name":"wp","href":"https:\/\/api.w.org\/{rel}","templated":true}]}}